{"id":13973,"date":"2023-11-08T15:53:54","date_gmt":"2023-11-08T15:53:54","guid":{"rendered":"https:\/\/moverdb.com\/freight-forwarder\/freight-forwarding-uk\/nuneaton-freight-forwarder\/"},"modified":"2026-01-08T13:17:41","modified_gmt":"2026-01-08T13:17:41","slug":"nuneaton-freight-forwarder","status":"publish","type":"page","link":"https:\/\/moverdb.com\/da\/freight-forwarder\/freight-forwarding-uk\/nuneaton-freight-forwarder\/","title":{"rendered":"De 3 bedste speditionsfirmaer i Nuneaton (2024)"},"content":{"rendered":"<p>Nedenfor ser vi p\u00e5 de 3 <em>\"bedste\"<\/em> Speditionsfirmaer i Nuneaton ud af 4.<\/p>\n<p>Hvis du vil vide mere om, hvordan vi v\u00e6lger de bedste, kan du l\u00e6se vores FAQ-sektion til sidst.<\/p>\n<p><em>Bem\u00e6rk venligst, at f\u00f8lgende lister ikke er i nogen bestemt r\u00e6kkef\u00f8lge, og at vi ikke anbefaler nogen bestemt virksomhed.<\/em><\/p>\n<div id=\"ez-toc-container\" class=\"ez-toc-v2_0_82_2 ez-toc-wrap-left counter-hierarchy ez-toc-counter ez-toc-transparent ez-toc-container-direction\">\n<div class=\"ez-toc-title-container\">\n<p class=\"ez-toc-title\" style=\"cursor:inherit\">Sektioner<\/p>\n<span class=\"ez-toc-title-toggle\"><a href=\"#\" class=\"ez-toc-pull-right ez-toc-btn ez-toc-btn-xs ez-toc-btn-default ez-toc-toggle\" aria-label=\"Toggle indholdsfortegnelse\"><span class=\"ez-toc-js-icon-con\"><span class=\"\"><span class=\"eztoc-hide\" style=\"display:none;\">Toggle<\/span><span class=\"ez-toc-icon-toggle-span\"><svg style=\"fill: #999;color:#999\" xmlns=\"http:\/\/www.w3.org\/2000\/svg\" class=\"list-377408\" width=\"20px\" height=\"20px\" viewbox=\"0 0 24 24\" fill=\"none\"><path d=\"M6 6H4v2h2V6zm14 0H8v2h12V6zM4 11h2v2H4v-2zm16 0H8v2h12v-2zM4 16h2v2H4v-2zm16 0H8v2h12v-2z\" fill=\"currentColor\"><\/path><\/svg><svg style=\"fill: #999;color:#999\" class=\"arrow-unsorted-368013\" xmlns=\"http:\/\/www.w3.org\/2000\/svg\" width=\"10px\" height=\"10px\" viewbox=\"0 0 24 24\" version=\"1.2\" baseprofile=\"tiny\"><path d=\"M18.2 9.3l-6.2-6.3-6.2 6.3c-.2.2-.3.4-.3.7s.1.5.3.7c.2.2.4.3.7.3h11c.3 0 .5-.1.7-.3.2-.2.3-.5.3-.7s-.1-.5-.3-.7zM5.8 14.7l6.2 6.3 6.2-6.3c.2-.2.3-.5.3-.7s-.1-.5-.3-.7c-.2-.2-.4-.3-.7-.3h-11c-.3 0-.5.1-.7.3-.2.2-.3.5-.3.7s.1.5.3.7z\"\/><\/svg><\/span><\/span><\/span><\/a><\/span><\/div>\n<nav><ul class='ez-toc-list ez-toc-list-level-1 eztoc-toggle-hide-by-default' ><li class='ez-toc-page-1 ez-toc-heading-level-2'><a class=\"ez-toc-link ez-toc-heading-1\" href=\"https:\/\/moverdb.com\/da\/freight-forwarder\/freight-forwarding-uk\/nuneaton-freight-forwarder\/#DB_Schenker_Ltd\" >DB Schenker Ltd<\/a><\/li><li class='ez-toc-page-1 ez-toc-heading-level-2'><a class=\"ez-toc-link ez-toc-heading-2\" href=\"https:\/\/moverdb.com\/da\/freight-forwarder\/freight-forwarding-uk\/nuneaton-freight-forwarder\/#Independent_Freight\" >Uafh\u00e6ngig fragt<\/a><\/li><li class='ez-toc-page-1 ez-toc-heading-level-2'><a class=\"ez-toc-link ez-toc-heading-3\" href=\"https:\/\/moverdb.com\/da\/freight-forwarder\/freight-forwarding-uk\/nuneaton-freight-forwarder\/#DB_Schenker\" >DB Schenker<\/a><\/li><li class='ez-toc-page-1 ez-toc-heading-level-2'><a class=\"ez-toc-link ez-toc-heading-4\" href=\"https:\/\/moverdb.com\/da\/freight-forwarder\/freight-forwarding-uk\/nuneaton-freight-forwarder\/#How_we_picked_the_best_Nuneaton_Freight_Forwarding_Companies\" >S\u00e5dan har vi valgt de bedste speditionsfirmaer i Nuneaton<\/a><\/li><\/ul><\/nav><\/div>\n<h2><span class=\"ez-toc-section\" id=\"DB_Schenker_Ltd\"><\/span>DB Schenker Ltd<span class=\"ez-toc-section-end\"><\/span><\/h2>\n<p><img decoding=\"async\" src=\"https:\/\/moverdb.com\/wp-content\/uploads\/AF1QipNIqwxI0DjqO1A71FKu0afmGM-j_kuvclQ0wSkWw408-h544-k-no.jpg\" alt='DB Schenker Ltd' class=\"aligncenter\"><\/p>\n<p><strong>Beskrivelse fra virksomheden: <\/strong>Ingen angivet<\/p>\n<p><strong>Yderligere tjenester:<\/strong><\/p>\n<p>Ingen opf\u00f8rt p\u00e5 listen<\/p>\n<p><strong>Adresse:<\/strong> Kelsey Cl, Nuneaton CV11 6XN<\/p>\n<p><a href=\"https:\/\/www.dbschenker.com\/global\" target=\"_new\" rel=\"noopener\">DB Schenker Ltd hjemmeside<\/a><\/p>\n<p><strong>Bed\u00f8mmelse: <\/strong>4<br \/> <strong>Antal anmeldelser:<\/strong> 20<br \/><a href=\"https:\/\/www.google.co.uk\/maps?cid=1896760158951115487&#038;hl=en&#038;gl=GB\" target=\"_new\" rel=\"noopener\">L\u00e6s anmeldelser<\/a><\/p>\n<h2><span class=\"ez-toc-section\" id=\"Independent_Freight\"><\/span>Uafh\u00e6ngig fragt<span class=\"ez-toc-section-end\"><\/span><\/h2>\n<p><img decoding=\"async\" src=\"https:\/\/moverdb.com\/wp-content\/uploads\/AF1QipPWmv3E8RJE8Ze1pohjiN8_YI9tjeZKeMgLH9ilw432-h240-k-no.png\" alt='Uafh\u00e6ngig fragt' class=\"aligncenter\"><\/p>\n<p><strong>Beskrivelse fra virksomheden: <\/strong>Personligt investeret i din fragtrejse.<\/p>\n<p> Som speditionsfirma tilbyder vi en r\u00e6kke fragt- og toldtjenester, som alle vil g\u00f8re din logistikstyring mere omkostningseffektiv og problemfri.<\/p>\n<p>Fragt, luft, s\u00f8 eller vej<br \/>\nToldklarerer<br \/>\nPapirarbejde i forbindelse med import og eksport<br \/>\nKurerservice<br \/>\nEksportpakning<br \/>\nForsikring<\/p>\n<p><strong>Yderligere tjenester:<\/strong><\/p>\n<p>Kurertjeneste<\/p>\n<p>Toldm\u00e6gler<\/p>\n<p>Toldkonsulent<\/p>\n<p>Leveringsfirma<\/p>\n<p>Forsendelsesservice<\/p>\n<p><strong>Adresse:<\/strong> 5-6 Alliance Cl, Attleborough Fields Industrial Estate, Nuneaton CV11 6SD<\/p>\n<p><a href=\"https:\/\/independent-freight.com\/\" target=\"_new\" rel=\"noopener\">Hjemmeside for uafh\u00e6ngig fragt<\/a><\/p>\n<p><strong>Bed\u00f8mmelse: <\/strong>5<br \/> <strong>Antal anmeldelser:<\/strong> 2<br \/><a href=\"https:\/\/www.google.co.uk\/maps?cid=354453516850828276&#038;hl=en&#038;gl=GB\" target=\"_new\" rel=\"noopener\">L\u00e6s anmeldelser<\/a><\/p>\n<h2><span class=\"ez-toc-section\" id=\"DB_Schenker\"><\/span>DB Schenker<span class=\"ez-toc-section-end\"><\/span><\/h2>\n<p><img decoding=\"async\" src=\"https:\/\/moverdb.com\/wp-content\/uploads\/AF1QipPTT4KsiEfA8QnNWwfRYLwJ93JX7yU8KN01ArgNw408-h306-k-no.jpg\" alt='DB Schenker' class=\"aligncenter\"><\/p>\n<p><strong>Beskrivelse fra virksomheden: <\/strong>Ingen angivet<\/p>\n<p><strong>Yderligere tjenester:<\/strong><\/p>\n<p>Leveringsfirma<\/p>\n<p><strong>Adresse:<\/strong> Kelsey Close Attleborough Fields Ind Estate, Nuneaton CV11 6XN<\/p>\n<p><a href=\"http:\/\/www.dbschenker.com\/uk\" target=\"_new\" rel=\"noopener\">DB Schenkers hjemmeside<\/a><\/p>\n<p><strong>Bed\u00f8mmelse: <\/strong>3.6<br \/> <strong>Antal anmeldelser:<\/strong> 107<br \/><a href=\"https:\/\/www.google.co.uk\/maps?cid=1896760158951115487&#038;hl=en&#038;gl=GB\" target=\"_new\" rel=\"noopener\">L\u00e6s anmeldelser<\/a><\/p>\n<h2><span class=\"ez-toc-section\" id=\"How_we_picked_the_best_Nuneaton_Freight_Forwarding_Companies\"><\/span>S\u00e5dan har vi valgt de bedste speditionsfirmaer i Nuneaton<span class=\"ez-toc-section-end\"><\/span><\/h2>\n<p>Vi startede med et datas\u00e6t p\u00e5 4 Nuneaton speditionsfirmaer, som vi kunne finde via Google Maps, og indsn\u00e6vrede det til de 3 bedste.<\/p>\n<p>For at g\u00f8re dette fjernede vi alle virksomheder, der:<\/p>\n<ul>\n<li> Havde ingen hjemmeside<\/li>\n<li> Havde ingen anmeldelser<\/li>\n<li> Havde en gennemsnitlig anmeldelsesscore p\u00e5 under 2,0<\/li>\n<\/ul>\n<p>Hvis vi p\u00e5 dette tidspunkt havde 17 eller f\u00e6rre spedit\u00f8rer, listede vi dem alle.<\/p>\n<p>I de byer, hvor vi stod tilbage med mere end 17 spedit\u00f8rer, foretog vi yderligere \u00e6ndringer ved enten at \u00f8ge den kr\u00e6vede anmeldelsesscore (f.eks. fra minimum 2,0 til 4,0) og\/eller \u00f8ge det kr\u00e6vede minimumsantal anmeldelser (f.eks. fra mindst 1 anmeldelse til mindst 10).<\/p>\n<p>Bem\u00e6rk, at vi kun har brugt anmeldelsesdata fra Google Maps og ikke andre tredjepartswebsteder.<\/p>\n<p>Flere byer:<\/p>\n<p><a href=\"https:\/\/moverdb.com\/da\/speditor\/freight-forwarding-uk\/belvedere-freight-forwarder\/\">Belvedere Spedit\u00f8r<\/a><br \/><a href=\"https:\/\/moverdb.com\/da\/speditor\/freight-forwarding-uk\/portsmouth-freight-forwarder\/\">Portsmouth Spedit\u00f8r<\/a><br \/><a href=\"https:\/\/moverdb.com\/da\/speditor\/freight-forwarding-uk\/dagenham-freight-forwarder\/\">Dagenham Spedit\u00f8r<\/a><br \/><a href=\"https:\/\/moverdb.com\/da\/speditor\/freight-forwarding-uk\/renfrew-freight-forwarder\/\">Renfrew Spedit\u00f8r<\/a><br \/><a href=\"https:\/\/moverdb.com\/da\/speditor\/freight-forwarding-uk\/maldon-freight-forwarder\/\">Maldon Spedit\u00f8r<\/a><\/p>","protected":false},"excerpt":{"rendered":"<p>Below we look at the 3 &#8220;best&#8221; Freight Forwarding companies in Nuneaton out of 4. To learn more about how we chose the best please consult our FAQ section at the end. Please not the following listings are in no particular order and we are not making any recommendations for any particular company. DB Schenker [&hellip;]<\/p>\n","protected":false},"author":1,"featured_media":0,"parent":13427,"menu_order":0,"comment_status":"open","ping_status":"open","template":"","meta":{"_genesis_hide_title":false,"_genesis_hide_breadcrumbs":false,"_genesis_hide_singular_image":false,"_genesis_hide_footer_widgets":false,"_genesis_custom_body_class":"","_genesis_custom_post_class":"","_genesis_layout":"","footnotes":""},"class_list":{"0":"post-13973","1":"page","2":"type-page","3":"status-publish","5":"entry"},"_links":{"self":[{"href":"https:\/\/moverdb.com\/da\/wp-json\/wp\/v2\/pages\/13973","targetHints":{"allow":["GET"]}}],"collection":[{"href":"https:\/\/moverdb.com\/da\/wp-json\/wp\/v2\/pages"}],"about":[{"href":"https:\/\/moverdb.com\/da\/wp-json\/wp\/v2\/types\/page"}],"author":[{"embeddable":true,"href":"https:\/\/moverdb.com\/da\/wp-json\/wp\/v2\/users\/1"}],"replies":[{"embeddable":true,"href":"https:\/\/moverdb.com\/da\/wp-json\/wp\/v2\/comments?post=13973"}],"version-history":[{"count":1,"href":"https:\/\/moverdb.com\/da\/wp-json\/wp\/v2\/pages\/13973\/revisions"}],"predecessor-version":[{"id":15774,"href":"https:\/\/moverdb.com\/da\/wp-json\/wp\/v2\/pages\/13973\/revisions\/15774"}],"up":[{"embeddable":true,"href":"https:\/\/moverdb.com\/da\/wp-json\/wp\/v2\/pages\/13427"}],"wp:attachment":[{"href":"https:\/\/moverdb.com\/da\/wp-json\/wp\/v2\/media?parent=13973"}],"curies":[{"name":"wp","href":"https:\/\/api.w.org\/{rel}","templated":true}]}}