{"id":13866,"date":"2023-11-08T15:52:42","date_gmt":"2023-11-08T15:52:42","guid":{"rendered":"https:\/\/moverdb.com\/freight-forwarder\/freight-forwarding-uk\/wickford-freight-forwarder\/"},"modified":"2026-01-08T13:18:04","modified_gmt":"2026-01-08T13:18:04","slug":"wickford-freight-forwarder","status":"publish","type":"page","link":"https:\/\/moverdb.com\/da\/freight-forwarder\/freight-forwarding-uk\/wickford-freight-forwarder\/","title":{"rendered":"De 5 bedste Wickford-spedit\u00f8rer (2024)"},"content":{"rendered":"<p>Nedenfor ser vi p\u00e5 de 5 <em>\"bedste\"<\/em> Speditionsfirmaer i Wickford ud af 8.<\/p>\n<p>Hvis du vil vide mere om, hvordan vi v\u00e6lger de bedste, kan du l\u00e6se vores FAQ-sektion til sidst.<\/p>\n<p><em>Bem\u00e6rk venligst, at f\u00f8lgende lister ikke er i nogen bestemt r\u00e6kkef\u00f8lge, og at vi ikke anbefaler nogen bestemt virksomhed.<\/em><\/p>\n<div id=\"ez-toc-container\" class=\"ez-toc-v2_0_82_2 ez-toc-wrap-left counter-hierarchy ez-toc-counter ez-toc-transparent ez-toc-container-direction\">\n<div class=\"ez-toc-title-container\">\n<p class=\"ez-toc-title\" style=\"cursor:inherit\">Sektioner<\/p>\n<span class=\"ez-toc-title-toggle\"><a href=\"#\" class=\"ez-toc-pull-right ez-toc-btn ez-toc-btn-xs ez-toc-btn-default ez-toc-toggle\" aria-label=\"Toggle indholdsfortegnelse\"><span class=\"ez-toc-js-icon-con\"><span class=\"\"><span class=\"eztoc-hide\" style=\"display:none;\">Toggle<\/span><span class=\"ez-toc-icon-toggle-span\"><svg style=\"fill: #999;color:#999\" xmlns=\"http:\/\/www.w3.org\/2000\/svg\" class=\"list-377408\" width=\"20px\" height=\"20px\" viewbox=\"0 0 24 24\" fill=\"none\"><path d=\"M6 6H4v2h2V6zm14 0H8v2h12V6zM4 11h2v2H4v-2zm16 0H8v2h12v-2zM4 16h2v2H4v-2zm16 0H8v2h12v-2z\" fill=\"currentColor\"><\/path><\/svg><svg style=\"fill: #999;color:#999\" class=\"arrow-unsorted-368013\" xmlns=\"http:\/\/www.w3.org\/2000\/svg\" width=\"10px\" height=\"10px\" viewbox=\"0 0 24 24\" version=\"1.2\" baseprofile=\"tiny\"><path d=\"M18.2 9.3l-6.2-6.3-6.2 6.3c-.2.2-.3.4-.3.7s.1.5.3.7c.2.2.4.3.7.3h11c.3 0 .5-.1.7-.3.2-.2.3-.5.3-.7s-.1-.5-.3-.7zM5.8 14.7l6.2 6.3 6.2-6.3c.2-.2.3-.5.3-.7s-.1-.5-.3-.7c-.2-.2-.4-.3-.7-.3h-11c-.3 0-.5.1-.7.3-.2.2-.3.5-.3.7s.1.5.3.7z\"\/><\/svg><\/span><\/span><\/span><\/a><\/span><\/div>\n<nav><ul class='ez-toc-list ez-toc-list-level-1 eztoc-toggle-hide-by-default' ><li class='ez-toc-page-1 ez-toc-heading-level-2'><a class=\"ez-toc-link ez-toc-heading-1\" href=\"https:\/\/moverdb.com\/da\/freight-forwarder\/freight-forwarding-uk\/wickford-freight-forwarder\/#E_G_UK_Services_Ltd\" >E &amp; G UK Services Ltd<\/a><\/li><li class='ez-toc-page-1 ez-toc-heading-level-2'><a class=\"ez-toc-link ez-toc-heading-2\" href=\"https:\/\/moverdb.com\/da\/freight-forwarder\/freight-forwarding-uk\/wickford-freight-forwarder\/#Worldwide_Book_Services_Ltd\" >Worldwide Book Services Ltd<\/a><\/li><li class='ez-toc-page-1 ez-toc-heading-level-2'><a class=\"ez-toc-link ez-toc-heading-3\" href=\"https:\/\/moverdb.com\/da\/freight-forwarder\/freight-forwarding-uk\/wickford-freight-forwarder\/#Fortitude_Global_Logistics_Limited\" >Fortitude Global Logistics Limited<\/a><\/li><li class='ez-toc-page-1 ez-toc-heading-level-2'><a class=\"ez-toc-link ez-toc-heading-4\" href=\"https:\/\/moverdb.com\/da\/freight-forwarder\/freight-forwarding-uk\/wickford-freight-forwarder\/#Accura_Shipping\" >Accura Shipping<\/a><\/li><li class='ez-toc-page-1 ez-toc-heading-level-2'><a class=\"ez-toc-link ez-toc-heading-5\" href=\"https:\/\/moverdb.com\/da\/freight-forwarder\/freight-forwarding-uk\/wickford-freight-forwarder\/#Thunderbird_Freight_Ltd\" >Thunderbird Freight Ltd<\/a><\/li><li class='ez-toc-page-1 ez-toc-heading-level-2'><a class=\"ez-toc-link ez-toc-heading-6\" href=\"https:\/\/moverdb.com\/da\/freight-forwarder\/freight-forwarding-uk\/wickford-freight-forwarder\/#How_we_picked_the_best_Wickford_Freight_Forwarding_Companies\" >S\u00e5dan valgte vi de bedste Wickford-spedit\u00f8rer<\/a><\/li><\/ul><\/nav><\/div>\n<h2><span class=\"ez-toc-section\" id=\"E_G_UK_Services_Ltd\"><\/span>E &amp; G UK Services Ltd<span class=\"ez-toc-section-end\"><\/span><\/h2>\n<p><img decoding=\"async\" src=\"https:\/\/moverdb.com\/wp-content\/uploads\/thumbnailpanoidRjk3R9bXSTyUnYLBR4AV1Acb_clientsearch.gws-prod.gpsw408h240yaw67.jpg\" alt='E &amp; G UK Services Ltd' class=\"aligncenter\"><\/p>\n<p><strong>Beskrivelse fra virksomheden: <\/strong>Ingen angivet<\/p>\n<p><strong>Yderligere tjenester:<\/strong><\/p>\n<p>Ingen opf\u00f8rt p\u00e5 listen<\/p>\n<p><strong>Adresse:<\/strong> Enhed 1-3, County House, Heron Industrial Estate, Robert Way, Wickford SS11 8BN<\/p>\n<p><a href=\"http:\/\/www.eagus.com\/\" target=\"_new\" rel=\"noopener\">E &amp; G UK Services Ltd hjemmeside<\/a><\/p>\n<p><strong>Bed\u00f8mmelse: <\/strong>5<br \/> <strong>Antal anmeldelser:<\/strong> 4<br \/><a href=\"https:\/\/www.google.co.uk\/maps?cid=9994101973881782427&#038;hl=en&#038;gl=GB\" target=\"_new\" rel=\"noopener\">L\u00e6s anmeldelser<\/a><\/p>\n<h2><span class=\"ez-toc-section\" id=\"Worldwide_Book_Services_Ltd\"><\/span>Worldwide Book Services Ltd<span class=\"ez-toc-section-end\"><\/span><\/h2>\n<p><img decoding=\"async\" src=\"https:\/\/moverdb.com\/wp-content\/uploads\/AF1QipPHo_iiNyqk5dTdBeePuZ8s4phPp_LSSinvHmkzw408-h306-k-no.jpg\" alt='Worldwide Book Services Ltd' class=\"aligncenter\"><\/p>\n<p><strong>Beskrivelse fra virksomheden: <\/strong>Ingen angivet<\/p>\n<p><strong>Yderligere tjenester:<\/strong><\/p>\n<p>Boghandel<\/p>\n<p><strong>Adresse:<\/strong> Dollymans Farm, Doublegate Ln, Rawreth, Wickford SS11 8UD<\/p>\n<p><a href=\"http:\/\/www.worldwidebookservices.com\/\" target=\"_new\" rel=\"noopener\">Worldwide Book Services Ltd hjemmeside<\/a><\/p>\n<p><strong>Bed\u00f8mmelse: <\/strong>4.1<br \/> <strong>Antal anmeldelser:<\/strong> 154<br \/><a href=\"https:\/\/www.google.co.uk\/maps?cid=14210450637590918343&#038;hl=en&#038;gl=GB\" target=\"_new\" rel=\"noopener\">L\u00e6s anmeldelser<\/a><\/p>\n<h2><span class=\"ez-toc-section\" id=\"Fortitude_Global_Logistics_Limited\"><\/span>Fortitude Global Logistics Limited<span class=\"ez-toc-section-end\"><\/span><\/h2>\n<p><img decoding=\"async\" src=\"https:\/\/moverdb.com\/wp-content\/uploads\/thumbnailpanoidwFBcBPLCHJzB4Bysh4VSrgcb_clientsearch.gws-prod.gpsw408h240yaw13.jpg\" alt='Fortitude Global Logistics Limited' class=\"aligncenter\"><\/p>\n<p><strong>Beskrivelse fra virksomheden: <\/strong>Multimodal international logistikvirksomhed<\/p>\n<p><strong>Yderligere tjenester:<\/strong><\/p>\n<p>Ingen opf\u00f8rt p\u00e5 listen<\/p>\n<p><strong>Adresse:<\/strong> Aviation House, Russell Gardens, Wickford SS11 8BF<\/p>\n<p><a href=\"http:\/\/www.fortitude-gl.com\/\" target=\"_new\" rel=\"noopener\">Fortitude Global Logistics Limited hjemmeside<\/a><\/p>\n<p><strong>Bed\u00f8mmelse: <\/strong>3<br \/> <strong>Antal anmeldelser:<\/strong> 2<br \/><a href=\"https:\/\/www.google.co.uk\/maps?cid=14412120878380479977&#038;hl=en&#038;gl=GB\" target=\"_new\" rel=\"noopener\">L\u00e6s anmeldelser<\/a><\/p>\n<h2><span class=\"ez-toc-section\" id=\"Accura_Shipping\"><\/span>Accura Shipping<span class=\"ez-toc-section-end\"><\/span><\/h2>\n<p><img decoding=\"async\" src=\"https:\/\/moverdb.com\/wp-content\/uploads\/thumbnailpanoidMpHEoGwlMhCveCe7BE-zhQcb_clientsearch.gws-prod.gpsw408h240yaw249.jpg\" alt='Accura Shipping' class=\"aligncenter\"><\/p>\n<p><strong>Beskrivelse fra virksomheden: <\/strong>Ingen angivet<\/p>\n<p><strong>Yderligere tjenester:<\/strong><\/p>\n<p>Ingen opf\u00f8rt p\u00e5 listen<\/p>\n<p><strong>Adresse:<\/strong> Suite 4, Sopwith House Sopwith Crescent, Hurricane Way, Wickford SS11 8YB<\/p>\n<p><a href=\"http:\/\/www.accurashipping.co.uk\/\" target=\"_new\" rel=\"noopener\">Accura Shipping hjemmeside<\/a><\/p>\n<p><strong>Bed\u00f8mmelse: <\/strong>3<br \/> <strong>Antal anmeldelser:<\/strong> 2<br \/><a href=\"https:\/\/www.google.co.uk\/maps?cid=11367198170637484492&#038;hl=en&#038;gl=GB\" target=\"_new\" rel=\"noopener\">L\u00e6s anmeldelser<\/a><\/p>\n<h2><span class=\"ez-toc-section\" id=\"Thunderbird_Freight_Ltd\"><\/span>Thunderbird Freight Ltd<span class=\"ez-toc-section-end\"><\/span><\/h2>\n<p><img decoding=\"async\" src=\"https:\/\/moverdb.com\/wp-content\/uploads\/thumbnailpanoidjxCK82YIWEKvmaA_wm4gpwcb_clientsearch.gws-prod.gpsw408h240yaw359.jpg\" alt='Thunderbird Freight Ltd' class=\"aligncenter\"><\/p>\n<p><strong>Beskrivelse fra virksomheden: <\/strong>Spedition til konkurrencedygtige priser af erfarne og kyndige medarbejdere.<\/p>\n<p><strong>Yderligere tjenester:<\/strong><\/p>\n<p>Ingen opf\u00f8rt p\u00e5 listen<\/p>\n<p><strong>Adresse:<\/strong> Woodland Place, Hurricane Way, Wickford SS11 8YB<\/p>\n<p><a href=\"http:\/\/www.thunderbirdfreight.com\/\" target=\"_new\" rel=\"noopener\">Thunderbird Freight Ltd hjemmeside<\/a><\/p>\n<p><strong>Bed\u00f8mmelse: <\/strong>5<br \/> <strong>Antal anmeldelser:<\/strong> 3<br \/><a href=\"https:\/\/www.google.co.uk\/maps?cid=379793332685808644&#038;hl=en&#038;gl=GB\" target=\"_new\" rel=\"noopener\">L\u00e6s anmeldelser<\/a><\/p>\n<h2><span class=\"ez-toc-section\" id=\"How_we_picked_the_best_Wickford_Freight_Forwarding_Companies\"><\/span>S\u00e5dan valgte vi de bedste Wickford-spedit\u00f8rer<span class=\"ez-toc-section-end\"><\/span><\/h2>\n<p>Vi startede med et datas\u00e6t p\u00e5 8 Wickford speditionsfirmaer, som vi kunne finde via Google Maps, og indsn\u00e6vrede det til de 5 bedste.<\/p>\n<p>For at g\u00f8re dette fjernede vi alle virksomheder, der:<\/p>\n<ul>\n<li> Havde ingen hjemmeside<\/li>\n<li> Havde ingen anmeldelser<\/li>\n<li> Havde en gennemsnitlig anmeldelsesscore p\u00e5 under 2,0<\/li>\n<\/ul>\n<p>Hvis vi p\u00e5 dette tidspunkt havde 17 eller f\u00e6rre spedit\u00f8rer, listede vi dem alle.<\/p>\n<p>I de byer, hvor vi stod tilbage med mere end 17 spedit\u00f8rer, foretog vi yderligere \u00e6ndringer ved enten at \u00f8ge den kr\u00e6vede anmeldelsesscore (f.eks. fra minimum 2,0 til 4,0) og\/eller \u00f8ge det kr\u00e6vede minimumsantal anmeldelser (f.eks. fra mindst 1 anmeldelse til mindst 10).<\/p>\n<p>Bem\u00e6rk, at vi kun har brugt anmeldelsesdata fra Google Maps og ikke andre tredjepartswebsteder.<\/p>\n<p>Flere byer:<\/p>\n<p><a href=\"https:\/\/moverdb.com\/da\/speditor\/freight-forwarding-uk\/wolverhampton-freight-forwarder\/\">Wolverhampton Spedit\u00f8r<\/a><br \/><a href=\"https:\/\/moverdb.com\/da\/speditor\/freight-forwarding-uk\/rainham-freight-forwarder\/\">Rainham Spedit\u00f8r<\/a><br \/><a href=\"https:\/\/moverdb.com\/da\/speditor\/freight-forwarding-uk\/gravesend-freight-forwarder\/\">Gravesend Spedit\u00f8r<\/a><br \/><a href=\"https:\/\/moverdb.com\/da\/speditor\/freight-forwarding-uk\/harrow-freight-forwarder\/\">Harrow Spedit\u00f8r<\/a><br \/><a href=\"https:\/\/moverdb.com\/da\/speditor\/freight-forwarding-uk\/nottingham-freight-forwarder\/\">Spedit\u00f8r i Nottingham<\/a><\/p>","protected":false},"excerpt":{"rendered":"<p>Below we look at the 5 &#8220;best&#8221; Freight Forwarding companies in Wickford out of 8. To learn more about how we chose the best please consult our FAQ section at the end. Please not the following listings are in no particular order and we are not making any recommendations for any particular company. E &#038; [&hellip;]<\/p>\n","protected":false},"author":1,"featured_media":0,"parent":13427,"menu_order":0,"comment_status":"open","ping_status":"open","template":"","meta":{"_genesis_hide_title":false,"_genesis_hide_breadcrumbs":false,"_genesis_hide_singular_image":false,"_genesis_hide_footer_widgets":false,"_genesis_custom_body_class":"","_genesis_custom_post_class":"","_genesis_layout":"","footnotes":""},"class_list":{"0":"post-13866","1":"page","2":"type-page","3":"status-publish","5":"entry"},"_links":{"self":[{"href":"https:\/\/moverdb.com\/da\/wp-json\/wp\/v2\/pages\/13866","targetHints":{"allow":["GET"]}}],"collection":[{"href":"https:\/\/moverdb.com\/da\/wp-json\/wp\/v2\/pages"}],"about":[{"href":"https:\/\/moverdb.com\/da\/wp-json\/wp\/v2\/types\/page"}],"author":[{"embeddable":true,"href":"https:\/\/moverdb.com\/da\/wp-json\/wp\/v2\/users\/1"}],"replies":[{"embeddable":true,"href":"https:\/\/moverdb.com\/da\/wp-json\/wp\/v2\/comments?post=13866"}],"version-history":[{"count":1,"href":"https:\/\/moverdb.com\/da\/wp-json\/wp\/v2\/pages\/13866\/revisions"}],"predecessor-version":[{"id":15795,"href":"https:\/\/moverdb.com\/da\/wp-json\/wp\/v2\/pages\/13866\/revisions\/15795"}],"up":[{"embeddable":true,"href":"https:\/\/moverdb.com\/da\/wp-json\/wp\/v2\/pages\/13427"}],"wp:attachment":[{"href":"https:\/\/moverdb.com\/da\/wp-json\/wp\/v2\/media?parent=13866"}],"curies":[{"name":"wp","href":"https:\/\/api.w.org\/{rel}","templated":true}]}}