{"id":13821,"date":"2023-11-08T15:52:42","date_gmt":"2023-11-08T15:52:42","guid":{"rendered":"https:\/\/moverdb.com\/freight-forwarder\/freight-forwarding-uk\/sunbury-on-thames-freight-forwarder\/"},"modified":"2026-01-08T13:18:10","modified_gmt":"2026-01-08T13:18:10","slug":"sunbury-on-thames-freight-forwarder","status":"publish","type":"page","link":"https:\/\/moverdb.com\/da\/freight-forwarder\/freight-forwarding-uk\/sunbury-on-thames-freight-forwarder\/","title":{"rendered":"De 7 bedste speditionsfirmaer i Sunbury-on-Thames (2024)"},"content":{"rendered":"<p>Nedenfor ser vi p\u00e5 de 7 <em>\"bedste\"<\/em> Speditionsfirmaer i Sunbury-on-Thames ud af 10.<\/p>\n<p>Hvis du vil vide mere om, hvordan vi v\u00e6lger de bedste, kan du l\u00e6se vores FAQ-sektion til sidst.<\/p>\n<p><em>Bem\u00e6rk venligst, at f\u00f8lgende lister ikke er i nogen bestemt r\u00e6kkef\u00f8lge, og at vi ikke anbefaler nogen bestemt virksomhed.<\/em><\/p>\n<div id=\"ez-toc-container\" class=\"ez-toc-v2_0_82_2 ez-toc-wrap-left counter-hierarchy ez-toc-counter ez-toc-transparent ez-toc-container-direction\">\n<div class=\"ez-toc-title-container\">\n<p class=\"ez-toc-title\" style=\"cursor:inherit\">Sektioner<\/p>\n<span class=\"ez-toc-title-toggle\"><a href=\"#\" class=\"ez-toc-pull-right ez-toc-btn ez-toc-btn-xs ez-toc-btn-default ez-toc-toggle\" aria-label=\"Toggle indholdsfortegnelse\"><span class=\"ez-toc-js-icon-con\"><span class=\"\"><span class=\"eztoc-hide\" style=\"display:none;\">Toggle<\/span><span class=\"ez-toc-icon-toggle-span\"><svg style=\"fill: #999;color:#999\" xmlns=\"http:\/\/www.w3.org\/2000\/svg\" class=\"list-377408\" width=\"20px\" height=\"20px\" viewbox=\"0 0 24 24\" fill=\"none\"><path d=\"M6 6H4v2h2V6zm14 0H8v2h12V6zM4 11h2v2H4v-2zm16 0H8v2h12v-2zM4 16h2v2H4v-2zm16 0H8v2h12v-2z\" fill=\"currentColor\"><\/path><\/svg><svg style=\"fill: #999;color:#999\" class=\"arrow-unsorted-368013\" xmlns=\"http:\/\/www.w3.org\/2000\/svg\" width=\"10px\" height=\"10px\" viewbox=\"0 0 24 24\" version=\"1.2\" baseprofile=\"tiny\"><path d=\"M18.2 9.3l-6.2-6.3-6.2 6.3c-.2.2-.3.4-.3.7s.1.5.3.7c.2.2.4.3.7.3h11c.3 0 .5-.1.7-.3.2-.2.3-.5.3-.7s-.1-.5-.3-.7zM5.8 14.7l6.2 6.3 6.2-6.3c.2-.2.3-.5.3-.7s-.1-.5-.3-.7c-.2-.2-.4-.3-.7-.3h-11c-.3 0-.5.1-.7.3-.2.2-.3.5-.3.7s.1.5.3.7z\"\/><\/svg><\/span><\/span><\/span><\/a><\/span><\/div>\n<nav><ul class='ez-toc-list ez-toc-list-level-1 eztoc-toggle-hide-by-default' ><li class='ez-toc-page-1 ez-toc-heading-level-2'><a class=\"ez-toc-link ez-toc-heading-1\" href=\"https:\/\/moverdb.com\/da\/freight-forwarder\/freight-forwarding-uk\/sunbury-on-thames-freight-forwarder\/#deugro_UK_Limited\" >deugro (UK) Limited<\/a><\/li><li class='ez-toc-page-1 ez-toc-heading-level-2'><a class=\"ez-toc-link ez-toc-heading-2\" href=\"https:\/\/moverdb.com\/da\/freight-forwarder\/freight-forwarding-uk\/sunbury-on-thames-freight-forwarder\/#LP_Customs_Clearance_Ltd\" >LP Customs Clearance Ltd<\/a><\/li><li class='ez-toc-page-1 ez-toc-heading-level-2'><a class=\"ez-toc-link ez-toc-heading-3\" href=\"https:\/\/moverdb.com\/da\/freight-forwarder\/freight-forwarding-uk\/sunbury-on-thames-freight-forwarder\/#Angel_Freight_Ltd\" >Angel Freight Ltd<\/a><\/li><li class='ez-toc-page-1 ez-toc-heading-level-2'><a class=\"ez-toc-link ez-toc-heading-4\" href=\"https:\/\/moverdb.com\/da\/freight-forwarder\/freight-forwarding-uk\/sunbury-on-thames-freight-forwarder\/#U-Freight_UK_Limited\" >U-Freight (UK) Limited<\/a><\/li><li class='ez-toc-page-1 ez-toc-heading-level-2'><a class=\"ez-toc-link ez-toc-heading-5\" href=\"https:\/\/moverdb.com\/da\/freight-forwarder\/freight-forwarding-uk\/sunbury-on-thames-freight-forwarder\/#World_Express_Freight_Ltd\" >World Express Freight Ltd<\/a><\/li><li class='ez-toc-page-1 ez-toc-heading-level-2'><a class=\"ez-toc-link ez-toc-heading-6\" href=\"https:\/\/moverdb.com\/da\/freight-forwarder\/freight-forwarding-uk\/sunbury-on-thames-freight-forwarder\/#RIF_Group\" >RIF Group<\/a><\/li><li class='ez-toc-page-1 ez-toc-heading-level-2'><a class=\"ez-toc-link ez-toc-heading-7\" href=\"https:\/\/moverdb.com\/da\/freight-forwarder\/freight-forwarding-uk\/sunbury-on-thames-freight-forwarder\/#JD_Freight\" >JD Freight<\/a><\/li><li class='ez-toc-page-1 ez-toc-heading-level-2'><a class=\"ez-toc-link ez-toc-heading-8\" href=\"https:\/\/moverdb.com\/da\/freight-forwarder\/freight-forwarding-uk\/sunbury-on-thames-freight-forwarder\/#How_we_picked_the_best_Sunbury-on-Thames_Freight_Forwarding_Companies\" >S\u00e5dan valgte vi de bedste speditionsfirmaer i Sunbury-on-Thames<\/a><\/li><\/ul><\/nav><\/div>\n<h2><span class=\"ez-toc-section\" id=\"deugro_UK_Limited\"><\/span>deugro (UK) Limited<span class=\"ez-toc-section-end\"><\/span><\/h2>\n<p><img decoding=\"async\" src=\"https:\/\/moverdb.com\/wp-content\/uploads\/thumbnailpanoideO8VqVn8oAVZe1TLpD0D5Qcb_clientsearch.gws-prod.gpsw408h240yaw193.jpg\" alt='deugro (UK) Limited' class=\"aligncenter\"><\/p>\n<p><strong>Beskrivelse fra virksomheden: <\/strong>Ingen angivet<\/p>\n<p><strong>Yderligere tjenester:<\/strong><\/p>\n<p>Ingen opf\u00f8rt p\u00e5 listen<\/p>\n<p><strong>Adresse:<\/strong> Enhed 8, Windmill Business Village, Brooklands Cl, Sunbury-on-Thames TW16 7DY<\/p>\n<p><a href=\"https:\/\/deugro.com\/contact\/uk\/\" target=\"_new\" rel=\"noopener\">deugro (UK) Limited hjemmeside<\/a><\/p>\n<p><strong>Bed\u00f8mmelse: <\/strong>4.7<br \/> <strong>Antal anmeldelser:<\/strong> 3<br \/><a href=\"https:\/\/www.google.co.uk\/maps?cid=5530544321020453157&#038;hl=en&#038;gl=GB\" target=\"_new\" rel=\"noopener\">L\u00e6s anmeldelser<\/a><\/p>\n<h2><span class=\"ez-toc-section\" id=\"LP_Customs_Clearance_Ltd\"><\/span>LP Customs Clearance Ltd<span class=\"ez-toc-section-end\"><\/span><\/h2>\n<p><img decoding=\"async\" src=\"https:\/\/moverdb.com\/wp-content\/uploads\/AF1QipNXhpvxiGx9qqQQqMFVhqESzTOyCgFWPfOoUO4Tw408-h544-k-no.jpg\" alt='LP Customs Clearance Ltd' class=\"aligncenter\"><\/p>\n<p><strong>Beskrivelse fra virksomheden: <\/strong>LP Customs Clearance Ltd er her for at hj\u00e6lpe med alle former for import- eller eksportprocesser uden problemer med vores hurtige, effektive og erfarne team, vi giver dig alle muligheder for den bedste m\u00e5de at behandle dine forsendelser p\u00e5, uanset om det er med fly, vej eller s\u00f8, vi er her for dig.<\/p>\n<p><strong>Yderligere tjenester:<\/strong><\/p>\n<p>Toldm\u00e6gler<\/p>\n<p>Toldoplag<\/p>\n<p>Import- og eksportvirksomhed<\/p>\n<p><strong>Adresse:<\/strong> BAG VED, 33 Hanworth Rd, Sunbury-on-Thames TW16 5DA<\/p>\n<p><a href=\"https:\/\/www.lpclearance.co.uk\/\" target=\"_new\" rel=\"noopener\">LP Customs Clearance Ltd hjemmeside<\/a><\/p>\n<p><strong>Bed\u00f8mmelse: <\/strong>4<br \/> <strong>Antal anmeldelser:<\/strong> 8<br \/><a href=\"https:\/\/www.google.co.uk\/maps?cid=5729067304931526576&#038;hl=en&#038;gl=GB\" target=\"_new\" rel=\"noopener\">L\u00e6s anmeldelser<\/a><\/p>\n<h2><span class=\"ez-toc-section\" id=\"Angel_Freight_Ltd\"><\/span>Angel Freight Ltd<span class=\"ez-toc-section-end\"><\/span><\/h2>\n<p><img decoding=\"async\" src=\"https:\/\/moverdb.com\/wp-content\/uploads\/thumbnailpanoidzytGCIn19VXWUyErQXTjxgcb_clientsearch.gws-prod.gpsw408h240yaw109.jpg\" alt='Angel Freight Ltd' class=\"aligncenter\"><\/p>\n<p><strong>Beskrivelse fra virksomheden: <\/strong>Vi er et multimodalt speditionsfirma med over 25 \u00e5rs erfaring inden for spedition og repr\u00e6sentation i alle st\u00f8rre byer. <a href=\"https:\/\/moverdb.com\/da\/top-49-container-ports\/\" data-internallinksmanager029f6b8e52c=\"80\" title=\"Top 49 st\u00f8rste og travleste containerhavne i 2025\">port<\/a> rundt omkring i verden.<\/p>\n<p>Vores m\u00e5l er at tilbyde dig den bedste kundeservice og samtidig flytte dine forsendelser til de mest konkurrencedygtige priser i branchen.<\/p>\n<p><strong>Yderligere tjenester:<\/strong><\/p>\n<p>Ingen opf\u00f8rt p\u00e5 listen<\/p>\n<p><strong>Adresse:<\/strong> 69-71 Windmill Rd, Sunbury-on-Thames TW16 7DT<\/p>\n<p><a href=\"https:\/\/angelfreight.co.uk\/\" target=\"_new\" rel=\"noopener\">Angel Freight Ltd hjemmeside<\/a><\/p>\n<p><strong>Bed\u00f8mmelse: <\/strong>2.1<br \/> <strong>Antal anmeldelser:<\/strong> 7<br \/><a href=\"https:\/\/www.google.co.uk\/maps?cid=5208495247117539929&#038;hl=en&#038;gl=GB\" target=\"_new\" rel=\"noopener\">L\u00e6s anmeldelser<\/a><\/p>\n<h2><span class=\"ez-toc-section\" id=\"U-Freight_UK_Limited\"><\/span>U-Freight (UK) Limited<span class=\"ez-toc-section-end\"><\/span><\/h2>\n<p><img decoding=\"async\" src=\"https:\/\/moverdb.com\/wp-content\/uploads\/thumbnailpanoidTDBQ3DbFrWPvwkZLAhr0jAcb_clientsearch.gws-prod.gpsw408h240yaw1.jpg\" alt='U-Freight (UK) Limited' class=\"aligncenter\"><\/p>\n<p><strong>Beskrivelse fra virksomheden: <\/strong>Ingen angivet<\/p>\n<p><strong>Yderligere tjenester:<\/strong><\/p>\n<p>Ingen opf\u00f8rt p\u00e5 listen<\/p>\n<p><strong>Adresse:<\/strong> Enhed 8, 9 Brooklands Cl, Sunbury-on-Thames TW16 7DX<\/p>\n<p><a href=\"http:\/\/www.ufreight.com\/\" target=\"_new\" rel=\"noopener\">U-Freight (UK) Limited hjemmeside<\/a><\/p>\n<p><strong>Bed\u00f8mmelse: <\/strong>5<br \/> <strong>Antal anmeldelser:<\/strong> 4<br \/><a href=\"https:\/\/www.google.co.uk\/maps?cid=8872454568932163827&#038;hl=en&#038;gl=GB\" target=\"_new\" rel=\"noopener\">L\u00e6s anmeldelser<\/a><\/p>\n<h2><span class=\"ez-toc-section\" id=\"World_Express_Freight_Ltd\"><\/span>World Express Freight Ltd<span class=\"ez-toc-section-end\"><\/span><\/h2>\n<p><img decoding=\"async\" src=\"https:\/\/moverdb.com\/wp-content\/uploads\/thumbnailpanoidG8fONxJ41BzMowIUb37DOAcb_clientsearch.gws-prod.gpsw408h240yaw103.jpg\" alt='World Express Freight Ltd' class=\"aligncenter\"><\/p>\n<p><strong>Beskrivelse fra virksomheden: <\/strong>Ingen angivet<\/p>\n<p><strong>Yderligere tjenester:<\/strong><\/p>\n<p>Ingen opf\u00f8rt p\u00e5 listen<\/p>\n<p><strong>Adresse:<\/strong> Dolphin Estate, Windmill Rd W, Sunbury-on-Thames TW16 7HE<\/p>\n<p><a href=\"https:\/\/wefl.co.uk\/\" target=\"_new\" rel=\"noopener\">World Express Freight Ltd hjemmeside<\/a><\/p>\n<p><strong>Bed\u00f8mmelse: <\/strong>5<br \/> <strong>Antal anmeldelser:<\/strong> 2<br \/><a href=\"https:\/\/www.google.co.uk\/maps?cid=12996291089348836165&#038;hl=en&#038;gl=GB\" target=\"_new\" rel=\"noopener\">L\u00e6s anmeldelser<\/a><\/p>\n<h2><span class=\"ez-toc-section\" id=\"RIF_Group\"><\/span>RIF Group<span class=\"ez-toc-section-end\"><\/span><\/h2>\n<p><img decoding=\"async\" src=\"https:\/\/moverdb.com\/wp-content\/uploads\/AF1QipOwyn1ufhBwjXId9BPx5kBCR3Nj_LepuvbG-75Aw408-h270-k-no.jpg\" alt='RIF Group' class=\"aligncenter\"><\/p>\n<p><strong>Beskrivelse fra virksomheden: <\/strong>RIF Worldwide Plc er en af de hurtigst voksende virksomheder i verden. <a href=\"https:\/\/moverdb.com\/da\/moving-to-the-uk\/\" data-internallinksmanager029f6b8e52c=\"93\" title=\"Flytter du til Det Forenede Kongerige? 2022 Leveomkostninger og flyttetips\">UK<\/a>med en prisvindende service og et v\u00e6ld af produkter og funktioner, der er designet til at forenkle og udvikle international handel for vores kunder.<\/p>\n<p>Vi har specialiseret os i at levere internationale transporttjenester til og fra alle steder i verden via luft, s\u00f8 og vej.<\/p>\n<p><strong>Yderligere tjenester:<\/strong><\/p>\n<p>Ingen opf\u00f8rt p\u00e5 listen<\/p>\n<p><strong>Adresse:<\/strong> Etage 1, Brooklands Cl, Sunbury-on-Thames TW16 7DX<\/p>\n<p><a href=\"https:\/\/www.rifgroup.co.uk\/\" target=\"_new\" rel=\"noopener\">RIF-gruppens hjemmeside<\/a><\/p>\n<p><strong>Bed\u00f8mmelse: <\/strong>4.2<br \/> <strong>Antal anmeldelser:<\/strong> 19<br \/><a href=\"https:\/\/www.google.co.uk\/maps?cid=5297496747632796655&#038;hl=en&#038;gl=GB\" target=\"_new\" rel=\"noopener\">L\u00e6s anmeldelser<\/a><\/p>\n<h2><span class=\"ez-toc-section\" id=\"JD_Freight\"><\/span>JD Freight<span class=\"ez-toc-section-end\"><\/span><\/h2>\n<p><img decoding=\"async\" src=\"https:\/\/moverdb.com\/wp-content\/uploads\/thumbnailpanoidq21kdBjsFEz8LAGbOE9H3gcb_clientsearch.gws-prod.gpsw408h240yaw314.jpg\" alt='JD Freight' class=\"aligncenter\"><\/p>\n<p><strong>Beskrivelse fra virksomheden: <\/strong>Ingen angivet<\/p>\n<p><strong>Yderligere tjenester:<\/strong><\/p>\n<p>Ingen opf\u00f8rt p\u00e5 listen<\/p>\n<p><strong>Adresse:<\/strong> Enhed 2, Trade City industriomr\u00e5de, Sunbury-on-Thames TW16 7FD<\/p>\n<p><a href=\"http:\/\/www.jdfreight.co.uk\/\" target=\"_new\" rel=\"noopener\">JD Freights hjemmeside<\/a><\/p>\n<p><strong>Bed\u00f8mmelse: <\/strong>4.6<br \/> <strong>Antal anmeldelser:<\/strong> 7<br \/><a href=\"https:\/\/www.google.co.uk\/maps?cid=17493338994248367708&#038;hl=en&#038;gl=GB\" target=\"_new\" rel=\"noopener\">L\u00e6s anmeldelser<\/a><\/p>\n<h2><span class=\"ez-toc-section\" id=\"How_we_picked_the_best_Sunbury-on-Thames_Freight_Forwarding_Companies\"><\/span>S\u00e5dan valgte vi de bedste speditionsfirmaer i Sunbury-on-Thames<span class=\"ez-toc-section-end\"><\/span><\/h2>\n<p>Vi startede med et datas\u00e6t p\u00e5 10 Sunbury-on-Thames speditionsfirmaer, som vi kunne finde via Google Maps, og indsn\u00e6vrede det til de 7 bedste.<\/p>\n<p>For at g\u00f8re dette fjernede vi alle virksomheder, der:<\/p>\n<ul>\n<li> Havde ingen hjemmeside<\/li>\n<li> Havde ingen anmeldelser<\/li>\n<li> Havde en gennemsnitlig anmeldelsesscore p\u00e5 under 2,0<\/li>\n<\/ul>\n<p>Hvis vi p\u00e5 dette tidspunkt havde 17 eller f\u00e6rre spedit\u00f8rer, listede vi dem alle.<\/p>\n<p>I de byer, hvor vi stod tilbage med mere end 17 spedit\u00f8rer, foretog vi yderligere \u00e6ndringer ved enten at \u00f8ge den kr\u00e6vede anmeldelsesscore (f.eks. fra minimum 2,0 til 4,0) og\/eller \u00f8ge det kr\u00e6vede minimumsantal anmeldelser (f.eks. fra mindst 1 anmeldelse til mindst 10).<\/p>\n<p>Bem\u00e6rk, at vi kun har brugt anmeldelsesdata fra Google Maps og ikke andre tredjepartswebsteder.<\/p>\n<p>Flere byer:<\/p>\n<p><a href=\"https:\/\/moverdb.com\/da\/speditor\/freight-forwarding-uk\/hull-freight-forwarder\/\">Hull Spedit\u00f8r<\/a><br \/><a href=\"https:\/\/moverdb.com\/da\/speditor\/freight-forwarding-uk\/witham-freight-forwarder\/\">Witham Spedit\u00f8r<\/a><br \/><a href=\"https:\/\/moverdb.com\/da\/speditor\/freight-forwarding-uk\/paisley-freight-forwarder\/\">Paisley Spedit\u00f8r<\/a><br \/><a href=\"https:\/\/moverdb.com\/da\/speditor\/freight-forwarding-uk\/tamworth-freight-forwarder\/\">Tamworth Spedit\u00f8r<\/a><br \/><a href=\"https:\/\/moverdb.com\/da\/speditor\/freight-forwarding-uk\/exeter-freight-forwarder\/\">Exeter Spedit\u00f8r<\/a><\/p>","protected":false},"excerpt":{"rendered":"<p>Below we look at the 7 &#8220;best&#8221; Freight Forwarding companies in Sunbury-on-Thames out of 10. To learn more about how we chose the best please consult our FAQ section at the end. Please not the following listings are in no particular order and we are not making any recommendations for any particular company. deugro (UK) [&hellip;]<\/p>\n","protected":false},"author":1,"featured_media":0,"parent":13427,"menu_order":0,"comment_status":"open","ping_status":"open","template":"","meta":{"_genesis_hide_title":false,"_genesis_hide_breadcrumbs":false,"_genesis_hide_singular_image":false,"_genesis_hide_footer_widgets":false,"_genesis_custom_body_class":"","_genesis_custom_post_class":"","_genesis_layout":"","footnotes":""},"class_list":{"0":"post-13821","1":"page","2":"type-page","3":"status-publish","5":"entry"},"_links":{"self":[{"href":"https:\/\/moverdb.com\/da\/wp-json\/wp\/v2\/pages\/13821","targetHints":{"allow":["GET"]}}],"collection":[{"href":"https:\/\/moverdb.com\/da\/wp-json\/wp\/v2\/pages"}],"about":[{"href":"https:\/\/moverdb.com\/da\/wp-json\/wp\/v2\/types\/page"}],"author":[{"embeddable":true,"href":"https:\/\/moverdb.com\/da\/wp-json\/wp\/v2\/users\/1"}],"replies":[{"embeddable":true,"href":"https:\/\/moverdb.com\/da\/wp-json\/wp\/v2\/comments?post=13821"}],"version-history":[{"count":1,"href":"https:\/\/moverdb.com\/da\/wp-json\/wp\/v2\/pages\/13821\/revisions"}],"predecessor-version":[{"id":15800,"href":"https:\/\/moverdb.com\/da\/wp-json\/wp\/v2\/pages\/13821\/revisions\/15800"}],"up":[{"embeddable":true,"href":"https:\/\/moverdb.com\/da\/wp-json\/wp\/v2\/pages\/13427"}],"wp:attachment":[{"href":"https:\/\/moverdb.com\/da\/wp-json\/wp\/v2\/media?parent=13821"}],"curies":[{"name":"wp","href":"https:\/\/api.w.org\/{rel}","templated":true}]}}