{"id":13779,"date":"2023-11-08T15:52:42","date_gmt":"2023-11-08T15:52:42","guid":{"rendered":"https:\/\/moverdb.com\/freight-forwarder\/freight-forwarding-uk\/barking-freight-forwarder\/"},"modified":"2026-01-08T13:18:10","modified_gmt":"2026-01-08T13:18:10","slug":"barking-freight-forwarder","status":"publish","type":"page","link":"https:\/\/moverdb.com\/da\/freight-forwarder\/freight-forwarding-uk\/barking-freight-forwarder\/","title":{"rendered":"De 8 bedste speditionsfirmaer i Barking (2024)"},"content":{"rendered":"<p>Nedenfor ser vi p\u00e5 de 8 <em>\"bedste\"<\/em> Speditionsfirmaer i Barking ud af 14.<\/p>\n<p>Hvis du vil vide mere om, hvordan vi v\u00e6lger de bedste, kan du l\u00e6se vores FAQ-sektion til sidst.<\/p>\n<p><em>Bem\u00e6rk venligst, at f\u00f8lgende lister ikke er i nogen bestemt r\u00e6kkef\u00f8lge, og at vi ikke anbefaler nogen bestemt virksomhed.<\/em><\/p>\n<div id=\"ez-toc-container\" class=\"ez-toc-v2_0_82_2 ez-toc-wrap-left counter-hierarchy ez-toc-counter ez-toc-transparent ez-toc-container-direction\">\n<div class=\"ez-toc-title-container\">\n<p class=\"ez-toc-title\" style=\"cursor:inherit\">Sektioner<\/p>\n<span class=\"ez-toc-title-toggle\"><a href=\"#\" class=\"ez-toc-pull-right ez-toc-btn ez-toc-btn-xs ez-toc-btn-default ez-toc-toggle\" aria-label=\"Toggle indholdsfortegnelse\"><span class=\"ez-toc-js-icon-con\"><span class=\"\"><span class=\"eztoc-hide\" style=\"display:none;\">Toggle<\/span><span class=\"ez-toc-icon-toggle-span\"><svg style=\"fill: #999;color:#999\" xmlns=\"http:\/\/www.w3.org\/2000\/svg\" class=\"list-377408\" width=\"20px\" height=\"20px\" viewbox=\"0 0 24 24\" fill=\"none\"><path d=\"M6 6H4v2h2V6zm14 0H8v2h12V6zM4 11h2v2H4v-2zm16 0H8v2h12v-2zM4 16h2v2H4v-2zm16 0H8v2h12v-2z\" fill=\"currentColor\"><\/path><\/svg><svg style=\"fill: #999;color:#999\" class=\"arrow-unsorted-368013\" xmlns=\"http:\/\/www.w3.org\/2000\/svg\" width=\"10px\" height=\"10px\" viewbox=\"0 0 24 24\" version=\"1.2\" baseprofile=\"tiny\"><path d=\"M18.2 9.3l-6.2-6.3-6.2 6.3c-.2.2-.3.4-.3.7s.1.5.3.7c.2.2.4.3.7.3h11c.3 0 .5-.1.7-.3.2-.2.3-.5.3-.7s-.1-.5-.3-.7zM5.8 14.7l6.2 6.3 6.2-6.3c.2-.2.3-.5.3-.7s-.1-.5-.3-.7c-.2-.2-.4-.3-.7-.3h-11c-.3 0-.5.1-.7.3-.2.2-.3.5-.3.7s.1.5.3.7z\"\/><\/svg><\/span><\/span><\/span><\/a><\/span><\/div>\n<nav><ul class='ez-toc-list ez-toc-list-level-1 eztoc-toggle-hide-by-default' ><li class='ez-toc-page-1 ez-toc-heading-level-2'><a class=\"ez-toc-link ez-toc-heading-1\" href=\"https:\/\/moverdb.com\/da\/freight-forwarder\/freight-forwarding-uk\/barking-freight-forwarder\/#Miracle_Shipping_Cargo_Services\" >Miracle Shipping &amp; Cargo Services<\/a><\/li><li class='ez-toc-page-1 ez-toc-heading-level-2'><a class=\"ez-toc-link ez-toc-heading-2\" href=\"https:\/\/moverdb.com\/da\/freight-forwarder\/freight-forwarding-uk\/barking-freight-forwarder\/#Uneek_Group\" >Uneek Group<\/a><\/li><li class='ez-toc-page-1 ez-toc-heading-level-2'><a class=\"ez-toc-link ez-toc-heading-3\" href=\"https:\/\/moverdb.com\/da\/freight-forwarder\/freight-forwarding-uk\/barking-freight-forwarder\/#Uneek_Forwarding_Ltd\" >Uneek Forwarding Ltd<\/a><\/li><li class='ez-toc-page-1 ez-toc-heading-level-2'><a class=\"ez-toc-link ez-toc-heading-4\" href=\"https:\/\/moverdb.com\/da\/freight-forwarder\/freight-forwarding-uk\/barking-freight-forwarder\/#Lontex_Exports_Ltd\" >Lontex Exports Ltd<\/a><\/li><li class='ez-toc-page-1 ez-toc-heading-level-2'><a class=\"ez-toc-link ez-toc-heading-5\" href=\"https:\/\/moverdb.com\/da\/freight-forwarder\/freight-forwarding-uk\/barking-freight-forwarder\/#Trans_Marine_London_Ltd\" >Trans Marine (London) Ltd<\/a><\/li><li class='ez-toc-page-1 ez-toc-heading-level-2'><a class=\"ez-toc-link ez-toc-heading-6\" href=\"https:\/\/moverdb.com\/da\/freight-forwarder\/freight-forwarding-uk\/barking-freight-forwarder\/#HGRent_Company_Highbury_Limited\" >H.G.Rent &amp; Company (Highbury) Limited<\/a><\/li><li class='ez-toc-page-1 ez-toc-heading-level-2'><a class=\"ez-toc-link ez-toc-heading-7\" href=\"https:\/\/moverdb.com\/da\/freight-forwarder\/freight-forwarding-uk\/barking-freight-forwarder\/#Amba_Forwarding_London_Ltd\" >Amba Forwarding (London) Ltd<\/a><\/li><li class='ez-toc-page-1 ez-toc-heading-level-2'><a class=\"ez-toc-link ez-toc-heading-8\" href=\"https:\/\/moverdb.com\/da\/freight-forwarder\/freight-forwarding-uk\/barking-freight-forwarder\/#West_Indies_FreightWI_Freight\" >Vestindien-fragt\/WI-fragt<\/a><\/li><li class='ez-toc-page-1 ez-toc-heading-level-2'><a class=\"ez-toc-link ez-toc-heading-9\" href=\"https:\/\/moverdb.com\/da\/freight-forwarder\/freight-forwarding-uk\/barking-freight-forwarder\/#How_we_picked_the_best_Barking_Freight_Forwarding_Companies\" >S\u00e5dan valgte vi de bedste Barking-spedit\u00f8rer<\/a><\/li><\/ul><\/nav><\/div>\n<h2><span class=\"ez-toc-section\" id=\"Miracle_Shipping_Cargo_Services\"><\/span>Miracle Shipping &amp; Cargo Services<span class=\"ez-toc-section-end\"><\/span><\/h2>\n<p><img decoding=\"async\" src=\"https:\/\/moverdb.com\/wp-content\/uploads\/thumbnailpanoidkPhAIxuIw8m_97SdU9ieewcb_clientsearch.gws-prod.gpsw408h240yaw19.jpg\" alt='Miracle Shipping &amp; Cargo Services' class=\"aligncenter\"><\/p>\n<p><strong>Beskrivelse fra virksomheden: <\/strong>Miracle Cargo er et velrenommeret speditionsfirma, der kan levere alle dine speditions-, logistik- og fragtbehov overalt i verden. <a href=\"https:\/\/moverdb.com\/da\/moving-to-the-uk\/\" data-internallinksmanager029f6b8e52c=\"93\" title=\"Flytter du til Det Forenede Kongerige? 2022 Leveomkostninger og flyttetips\">UK<\/a> til <a href=\"https:\/\/moverdb.com\/da\/moving-companies\/moving-companies-nigeria\/\" data-internallinksmanager029f6b8e52c=\"280\" title=\"10 bedste internationale flyttefirmaer i Nigeria\">Nigeria<\/a>.<\/p>\n<p> Miracle Cargo har opbygget sit omd\u00f8mme som en af de mest p\u00e5lidelige internationale s\u00f8fragtspedit\u00f8rer ved at tilbyde en bred vifte af fleksible tjenester.<\/p>\n<p> Vores dedikerede og professionelle tilgang sikrer, at dit gods bliver transporteret sikkert til en konkurrencedygtig pris.<\/p>\n<p><strong>Yderligere tjenester:<\/strong><\/p>\n<p>Ingen opf\u00f8rt p\u00e5 listen<\/p>\n<p><strong>Adresse:<\/strong> Nr. 5, Clockhouse Ave, Barking IG11 7RX<\/p>\n<p><a href=\"http:\/\/miraclecargo.co.uk\/\" target=\"_new\" rel=\"noopener\">Miracle Shipping &amp; Cargo Services hjemmeside<\/a><\/p>\n<p><strong>Bed\u00f8mmelse: <\/strong>3<br \/> <strong>Antal anmeldelser:<\/strong> 6<br \/><a href=\"https:\/\/www.google.co.uk\/maps?cid=7694554560746990111&#038;hl=en&#038;gl=GB\" target=\"_new\" rel=\"noopener\">L\u00e6s anmeldelser<\/a><\/p>\n<h2><span class=\"ez-toc-section\" id=\"Uneek_Group\"><\/span>Uneek Group<span class=\"ez-toc-section-end\"><\/span><\/h2>\n<p><img decoding=\"async\" src=\"https:\/\/moverdb.com\/wp-content\/uploads\/AF1QipMIi16VQYaCkXdC8ogRKY1gmudBI2ajweHhqhvOw408-h408-k-no.jpg\" alt='Uneek Group' class=\"aligncenter\"><\/p>\n<p><strong>Beskrivelse fra virksomheden: <\/strong>Ingen angivet<\/p>\n<p><strong>Yderligere tjenester:<\/strong><\/p>\n<p>Ingen opf\u00f8rt p\u00e5 listen<\/p>\n<p><strong>Adresse:<\/strong> Renwick Industrial Estate, Renwick Rd, Barking IG11 0SD<\/p>\n<p><a href=\"http:\/\/www.uneek-group.com\/\" target=\"_new\" rel=\"noopener\">Uneek Groups hjemmeside<\/a><\/p>\n<p><strong>Bed\u00f8mmelse: <\/strong>5<br \/> <strong>Antal anmeldelser:<\/strong> 1<br \/><a href=\"https:\/\/www.google.co.uk\/maps?cid=1474583292350769297&#038;hl=en&#038;gl=GB\" target=\"_new\" rel=\"noopener\">L\u00e6s anmeldelser<\/a><\/p>\n<h2><span class=\"ez-toc-section\" id=\"Uneek_Forwarding_Ltd\"><\/span>Uneek Forwarding Ltd<span class=\"ez-toc-section-end\"><\/span><\/h2>\n<p><img decoding=\"async\" src=\"https:\/\/moverdb.com\/wp-content\/uploads\/AF1QipNaAYmBfg2yKln1VZX8UkK0BwB9FSJWVaa4jN9vw452-h240-k-no.jpg\" alt='Uneek Forwarding Ltd' class=\"aligncenter\"><\/p>\n<p><strong>Beskrivelse fra virksomheden: <\/strong>Uneek Group tilbyder p\u00e5lidelige og professionelle globale fragttjenester.<\/p>\n<p> N\u00e5r du transporterer dine v\u00e6rdifulde varer og ejendele rundt i verden, vil du gerne vide, at det bliver h\u00e5ndteret af nogen med den rette viden, ekspertise og erfaring.<\/p>\n<p> Du vil gerne v\u00e6re sikker p\u00e5, at det bliver gjort effektivt, p\u00e5lideligt og professionelt p\u00e5 kortest mulig tid.<\/p>\n<p><strong>Yderligere tjenester:<\/strong><\/p>\n<p>Toldm\u00e6gler<\/p>\n<p>Toldoplag<\/p>\n<p>Opbevaringsfacilitet<\/p>\n<p>Lager<\/p>\n<p><strong>Adresse:<\/strong> 1-2, Renwick Industrial Estate, Renwick Rd, Barking IG11 0SD<\/p>\n<p><a href=\"http:\/\/www.uneek-group.com\/\" target=\"_new\" rel=\"noopener\">Uneek Forwarding Ltd hjemmeside<\/a><\/p>\n<p><strong>Bed\u00f8mmelse: <\/strong>4.7<br \/> <strong>Antal anmeldelser:<\/strong> 41<br \/><a href=\"https:\/\/www.google.co.uk\/maps?cid=1474583292350769297&#038;hl=en&#038;gl=GB\" target=\"_new\" rel=\"noopener\">L\u00e6s anmeldelser<\/a><\/p>\n<h2><span class=\"ez-toc-section\" id=\"Lontex_Exports_Ltd\"><\/span>Lontex Exports Ltd<span class=\"ez-toc-section-end\"><\/span><\/h2>\n<p><img decoding=\"async\" src=\"https:\/\/moverdb.com\/wp-content\/uploads\/AF1QipNeyNOtlS_OpZ22Iay1-CQMn3nJI2pYvAWCPo4Tw408-h306-k-no.jpg\" alt='Lontex Exports Ltd' class=\"aligncenter\"><\/p>\n<p><strong>Beskrivelse fra virksomheden: <\/strong>Ingen angivet<\/p>\n<p><strong>Yderligere tjenester:<\/strong><\/p>\n<p>Leveringsfirma<\/p>\n<p>Forsendelsesservice<\/p>\n<p><a href=\"https:\/\/moverdb.com\/da\/car-transport-shipping\/\" data-internallinksmanager029f6b8e52c=\"2\" title=\"2026 tilbud p\u00e5 international biltransport og forsendelse af k\u00f8ret\u00f8jer\">Forsendelse af k\u00f8ret\u00f8jer<\/a> agent<\/p>\n<p><strong>Adresse:<\/strong> 2a Thames Rd, Barking IG11 0HZ<\/p>\n<p><a href=\"http:\/\/lontexcargo.com\/\" target=\"_new\" rel=\"noopener\">Lontex Exports Ltd hjemmeside<\/a><\/p>\n<p><strong>Bed\u00f8mmelse: <\/strong>4.7<br \/> <strong>Antal anmeldelser:<\/strong> 32<br \/><a href=\"https:\/\/www.google.co.uk\/maps?cid=4734165018320499719&#038;hl=en&#038;gl=GB\" target=\"_new\" rel=\"noopener\">L\u00e6s anmeldelser<\/a><\/p>\n<h2><span class=\"ez-toc-section\" id=\"Trans_Marine_London_Ltd\"><\/span>Trans Marine (London) Ltd<span class=\"ez-toc-section-end\"><\/span><\/h2>\n<p><img decoding=\"async\" src=\"\" alt=\"Trans Marine (London) Ltd\" class=\"aligncenter\"><\/p>\n<p><strong>Beskrivelse fra virksomheden: <\/strong>Ingen angivet<\/p>\n<p><strong>Yderligere tjenester:<\/strong><\/p>\n<p>Ingen opf\u00f8rt p\u00e5 listen<\/p>\n<p><strong>Adresse:<\/strong> Industripark, 59-60 Alfreds Way, Barking IG11 0TJ<\/p>\n<p><a href=\"https:\/\/www.trans-marine.com\/\" target=\"_new\" rel=\"noopener\">Trans Marine (London) Ltd hjemmeside<\/a><\/p>\n<p><strong>Bed\u00f8mmelse: <\/strong>5<br \/> <strong>Antal anmeldelser:<\/strong> 2<br \/><a href=\"https:\/\/www.google.co.uk\/maps?cid=14491191066260530261&#038;hl=en&#038;gl=GB\" target=\"_new\" rel=\"noopener\">L\u00e6s anmeldelser<\/a><\/p>\n<h2><span class=\"ez-toc-section\" id=\"HGRent_Company_Highbury_Limited\"><\/span>H.G.Rent &amp; Company (Highbury) Limited<span class=\"ez-toc-section-end\"><\/span><\/h2>\n<p><img decoding=\"async\" src=\"https:\/\/moverdb.com\/wp-content\/uploads\/thumbnailpanoidDV6YrzOYiGAmR_wrKQLjzQcb_clientsearch.gws-prod.gpsw408h240yaw156.jpg\" alt='H.G.Rent &amp; Company (Highbury) Limited' class=\"aligncenter\"><\/p>\n<p><strong>Beskrivelse fra virksomheden: <\/strong>Ingen angivet<\/p>\n<p><strong>Yderligere tjenester:<\/strong><\/p>\n<p>Faciliteter til selvopbevaring<\/p>\n<p>Leveringsfirma<\/p>\n<p>Forsendelsesservice<\/p>\n<p>Lager<\/p>\n<p><strong>Adresse:<\/strong> Maybells erhvervsomr\u00e5de, Ripple Rd, Barking IG11 0TP<\/p>\n<p><a href=\"https:\/\/www.hgrent.com\/\" target=\"_new\" rel=\"noopener\">H.G.Rent &amp; Company (Highbury) Limited hjemmeside<\/a><\/p>\n<p><strong>Bed\u00f8mmelse: <\/strong>4<br \/> <strong>Antal anmeldelser:<\/strong> 10<br \/><a href=\"https:\/\/www.google.co.uk\/maps?cid=12251068360846409758&#038;hl=en&#038;gl=GB\" target=\"_new\" rel=\"noopener\">L\u00e6s anmeldelser<\/a><\/p>\n<h2><span class=\"ez-toc-section\" id=\"Amba_Forwarding_London_Ltd\"><\/span>Amba Forwarding (London) Ltd<span class=\"ez-toc-section-end\"><\/span><\/h2>\n<p><img decoding=\"async\" src=\"https:\/\/moverdb.com\/wp-content\/uploads\/thumbnailpanoidaoqLjYt4SiM-TC0y9gqp-gcb_clientsearch.gws-prod.gpsw408h240yaw106.jpg\" alt='Amba Forwarding (London) Ltd' class=\"aligncenter\"><\/p>\n<p><strong>Beskrivelse fra virksomheden: <\/strong>Ingen angivet<\/p>\n<p><strong>Yderligere tjenester:<\/strong><\/p>\n<p>Ingen opf\u00f8rt p\u00e5 listen<\/p>\n<p><strong>Adresse:<\/strong> 77-87 River Rd., Barking IG11 0JU<\/p>\n<p><a href=\"http:\/\/www.ambaforwarding.com\/\" target=\"_new\" rel=\"noopener\">Amba Forwarding (London) Ltd hjemmeside<\/a><\/p>\n<p><strong>Bed\u00f8mmelse: <\/strong>4.3<br \/> <strong>Antal anmeldelser:<\/strong> 9<br \/><a href=\"https:\/\/www.google.co.uk\/maps?cid=13212541154013940074&#038;hl=en&#038;gl=GB\" target=\"_new\" rel=\"noopener\">L\u00e6s anmeldelser<\/a><\/p>\n<h2><span class=\"ez-toc-section\" id=\"West_Indies_FreightWI_Freight\"><\/span>Vestindien-fragt\/WI-fragt<span class=\"ez-toc-section-end\"><\/span><\/h2>\n<p><img decoding=\"async\" src=\"https:\/\/moverdb.com\/wp-content\/uploads\/AF1QipOC8DD4aml3itGkO7gNaRrA-lFm1UmlJvsyzA46w408-h306-k-no.jpg\" alt='Vestindien-fragt\/WI-fragt' class=\"aligncenter\"><\/p>\n<p><strong>Beskrivelse fra virksomheden: <\/strong>Ingen angivet<\/p>\n<p><strong>Yderligere tjenester:<\/strong><\/p>\n<p>Forsendelsesservice<\/p>\n<p><strong>Adresse:<\/strong> Enhed 2, Algor Wharf, 42 River Rd., Barking IG11 0DW<\/p>\n<p><a href=\"http:\/\/wifreight.com\/\" target=\"_new\" rel=\"noopener\">West Indies Freight\/WI Freight hjemmeside<\/a><\/p>\n<p><strong>Bed\u00f8mmelse: <\/strong>4.7<br \/> <strong>Antal anmeldelser:<\/strong> 42<br \/><a href=\"https:\/\/www.google.co.uk\/maps?cid=11354177762167069588&#038;hl=en&#038;gl=GB\" target=\"_new\" rel=\"noopener\">L\u00e6s anmeldelser<\/a><\/p>\n<h2><span class=\"ez-toc-section\" id=\"How_we_picked_the_best_Barking_Freight_Forwarding_Companies\"><\/span>S\u00e5dan valgte vi de bedste Barking-spedit\u00f8rer<span class=\"ez-toc-section-end\"><\/span><\/h2>\n<p>Vi startede med et datas\u00e6t p\u00e5 14 Barking speditionsfirmaer, som vi kunne finde via Google Maps, og indsn\u00e6vrede det til de bedste 8.<\/p>\n<p>For at g\u00f8re dette fjernede vi alle virksomheder, der:<\/p>\n<ul>\n<li> Havde ingen hjemmeside<\/li>\n<li> Havde ingen anmeldelser<\/li>\n<li> Havde en gennemsnitlig anmeldelsesscore p\u00e5 under 2,0<\/li>\n<\/ul>\n<p>Hvis vi p\u00e5 dette tidspunkt havde 17 eller f\u00e6rre spedit\u00f8rer, listede vi dem alle.<\/p>\n<p>I de byer, hvor vi stod tilbage med mere end 17 spedit\u00f8rer, foretog vi yderligere \u00e6ndringer ved enten at \u00f8ge den kr\u00e6vede anmeldelsesscore (f.eks. fra minimum 2,0 til 4,0) og\/eller \u00f8ge det kr\u00e6vede minimumsantal anmeldelser (f.eks. fra mindst 1 anmeldelse til mindst 10).<\/p>\n<p>Bem\u00e6rk, at vi kun har brugt anmeldelsesdata fra Google Maps og ikke andre tredjepartswebsteder.<\/p>\n<p>Flere byer:<\/p>\n<p><a href=\"https:\/\/moverdb.com\/da\/speditor\/freight-forwarding-uk\/staines-freight-forwarder\/\">Staines Spedit\u00f8r<\/a><br \/><a href=\"https:\/\/moverdb.com\/da\/speditor\/freight-forwarding-uk\/leicester-freight-forwarder\/\">Spedit\u00f8r i Leicester<\/a><br \/><a href=\"https:\/\/moverdb.com\/da\/speditor\/freight-forwarding-uk\/dartford-freight-forwarder\/\">Dartford Spedit\u00f8r<\/a><br \/><a href=\"https:\/\/moverdb.com\/da\/speditor\/freight-forwarding-uk\/grays-freight-forwarder\/\">Grays Spedit\u00f8r<\/a><br \/><a href=\"https:\/\/moverdb.com\/da\/speditor\/freight-forwarding-uk\/sunbury-on-thames-freight-forwarder\/\">Sunbury-on-Thames Spedit\u00f8r<\/a><\/p>","protected":false},"excerpt":{"rendered":"<p>Below we look at the 8 &#8220;best&#8221; Freight Forwarding companies in Barking out of 14. To learn more about how we chose the best please consult our FAQ section at the end. Please not the following listings are in no particular order and we are not making any recommendations for any particular company. Miracle Shipping [&hellip;]<\/p>\n","protected":false},"author":1,"featured_media":0,"parent":13427,"menu_order":0,"comment_status":"open","ping_status":"open","template":"","meta":{"_genesis_hide_title":false,"_genesis_hide_breadcrumbs":false,"_genesis_hide_singular_image":false,"_genesis_hide_footer_widgets":false,"_genesis_custom_body_class":"","_genesis_custom_post_class":"","_genesis_layout":"","footnotes":""},"class_list":{"0":"post-13779","1":"page","2":"type-page","3":"status-publish","5":"entry"},"_links":{"self":[{"href":"https:\/\/moverdb.com\/da\/wp-json\/wp\/v2\/pages\/13779","targetHints":{"allow":["GET"]}}],"collection":[{"href":"https:\/\/moverdb.com\/da\/wp-json\/wp\/v2\/pages"}],"about":[{"href":"https:\/\/moverdb.com\/da\/wp-json\/wp\/v2\/types\/page"}],"author":[{"embeddable":true,"href":"https:\/\/moverdb.com\/da\/wp-json\/wp\/v2\/users\/1"}],"replies":[{"embeddable":true,"href":"https:\/\/moverdb.com\/da\/wp-json\/wp\/v2\/comments?post=13779"}],"version-history":[{"count":1,"href":"https:\/\/moverdb.com\/da\/wp-json\/wp\/v2\/pages\/13779\/revisions"}],"predecessor-version":[{"id":15801,"href":"https:\/\/moverdb.com\/da\/wp-json\/wp\/v2\/pages\/13779\/revisions\/15801"}],"up":[{"embeddable":true,"href":"https:\/\/moverdb.com\/da\/wp-json\/wp\/v2\/pages\/13427"}],"wp:attachment":[{"href":"https:\/\/moverdb.com\/da\/wp-json\/wp\/v2\/media?parent=13779"}],"curies":[{"name":"wp","href":"https:\/\/api.w.org\/{rel}","templated":true}]}}