{"id":13744,"date":"2023-11-08T15:52:42","date_gmt":"2023-11-08T15:52:42","guid":{"rendered":"https:\/\/moverdb.com\/freight-forwarder\/freight-forwarding-uk\/southall-freight-forwarder\/"},"modified":"2026-01-08T13:18:19","modified_gmt":"2026-01-08T13:18:19","slug":"southall-freight-forwarder","status":"publish","type":"page","link":"https:\/\/moverdb.com\/da\/freight-forwarder\/freight-forwarding-uk\/southall-freight-forwarder\/","title":{"rendered":"De 9 bedste speditionsfirmaer i Southall (2024)"},"content":{"rendered":"<p>Nedenfor ser vi p\u00e5 de 9 <em>\"bedste\"<\/em> Speditionsfirmaer i Southall ud af 16.<\/p>\n<p>Hvis du vil vide mere om, hvordan vi v\u00e6lger de bedste, kan du l\u00e6se vores FAQ-sektion til sidst.<\/p>\n<p><em>Bem\u00e6rk venligst, at f\u00f8lgende lister ikke er i nogen bestemt r\u00e6kkef\u00f8lge, og at vi ikke anbefaler nogen bestemt virksomhed.<\/em><\/p>\n<div id=\"ez-toc-container\" class=\"ez-toc-v2_0_82_2 ez-toc-wrap-left counter-hierarchy ez-toc-counter ez-toc-transparent ez-toc-container-direction\">\n<div class=\"ez-toc-title-container\">\n<p class=\"ez-toc-title\" style=\"cursor:inherit\">Sektioner<\/p>\n<span class=\"ez-toc-title-toggle\"><a href=\"#\" class=\"ez-toc-pull-right ez-toc-btn ez-toc-btn-xs ez-toc-btn-default ez-toc-toggle\" aria-label=\"Toggle indholdsfortegnelse\"><span class=\"ez-toc-js-icon-con\"><span class=\"\"><span class=\"eztoc-hide\" style=\"display:none;\">Toggle<\/span><span class=\"ez-toc-icon-toggle-span\"><svg style=\"fill: #999;color:#999\" xmlns=\"http:\/\/www.w3.org\/2000\/svg\" class=\"list-377408\" width=\"20px\" height=\"20px\" viewbox=\"0 0 24 24\" fill=\"none\"><path d=\"M6 6H4v2h2V6zm14 0H8v2h12V6zM4 11h2v2H4v-2zm16 0H8v2h12v-2zM4 16h2v2H4v-2zm16 0H8v2h12v-2z\" fill=\"currentColor\"><\/path><\/svg><svg style=\"fill: #999;color:#999\" class=\"arrow-unsorted-368013\" xmlns=\"http:\/\/www.w3.org\/2000\/svg\" width=\"10px\" height=\"10px\" viewbox=\"0 0 24 24\" version=\"1.2\" baseprofile=\"tiny\"><path d=\"M18.2 9.3l-6.2-6.3-6.2 6.3c-.2.2-.3.4-.3.7s.1.5.3.7c.2.2.4.3.7.3h11c.3 0 .5-.1.7-.3.2-.2.3-.5.3-.7s-.1-.5-.3-.7zM5.8 14.7l6.2 6.3 6.2-6.3c.2-.2.3-.5.3-.7s-.1-.5-.3-.7c-.2-.2-.4-.3-.7-.3h-11c-.3 0-.5.1-.7.3-.2.2-.3.5-.3.7s.1.5.3.7z\"\/><\/svg><\/span><\/span><\/span><\/a><\/span><\/div>\n<nav><ul class='ez-toc-list ez-toc-list-level-1 eztoc-toggle-hide-by-default' ><li class='ez-toc-page-1 ez-toc-heading-level-2'><a class=\"ez-toc-link ez-toc-heading-1\" href=\"https:\/\/moverdb.com\/da\/freight-forwarder\/freight-forwarding-uk\/southall-freight-forwarder\/#SMS_Dhaliwal_Transport_Ltd\" >SMS Dhaliwal Transport Ltd<\/a><\/li><li class='ez-toc-page-1 ez-toc-heading-level-2'><a class=\"ez-toc-link ez-toc-heading-2\" href=\"https:\/\/moverdb.com\/da\/freight-forwarder\/freight-forwarding-uk\/southall-freight-forwarder\/#TRIPLE_A_GLOBAL_CARGO_LOGISTICS_LTD\" >TRIPLE A GLOBAL CARGO LOGISTICS LTD<\/a><\/li><li class='ez-toc-page-1 ez-toc-heading-level-2'><a class=\"ez-toc-link ez-toc-heading-3\" href=\"https:\/\/moverdb.com\/da\/freight-forwarder\/freight-forwarding-uk\/southall-freight-forwarder\/#Fast_Cargo_Ltd\" >Fast Cargo Ltd<\/a><\/li><li class='ez-toc-page-1 ez-toc-heading-level-2'><a class=\"ez-toc-link ez-toc-heading-4\" href=\"https:\/\/moverdb.com\/da\/freight-forwarder\/freight-forwarding-uk\/southall-freight-forwarder\/#Hodan_Cargo_Ltd\" >Hodan Cargo Ltd<\/a><\/li><li class='ez-toc-page-1 ez-toc-heading-level-2'><a class=\"ez-toc-link ez-toc-heading-5\" href=\"https:\/\/moverdb.com\/da\/freight-forwarder\/freight-forwarding-uk\/southall-freight-forwarder\/#Freight_Line_Services_LTD\" >Freight Line Services LTD<\/a><\/li><li class='ez-toc-page-1 ez-toc-heading-level-2'><a class=\"ez-toc-link ez-toc-heading-6\" href=\"https:\/\/moverdb.com\/da\/freight-forwarder\/freight-forwarding-uk\/southall-freight-forwarder\/#Parcel_world_Limited\" >Parcel world Limited<\/a><\/li><li class='ez-toc-page-1 ez-toc-heading-level-2'><a class=\"ez-toc-link ez-toc-heading-7\" href=\"https:\/\/moverdb.com\/da\/freight-forwarder\/freight-forwarding-uk\/southall-freight-forwarder\/#Fast_Cargo_Services_Ltd\" >Fast Cargo Services Ltd<\/a><\/li><li class='ez-toc-page-1 ez-toc-heading-level-2'><a class=\"ez-toc-link ez-toc-heading-8\" href=\"https:\/\/moverdb.com\/da\/freight-forwarder\/freight-forwarding-uk\/southall-freight-forwarder\/#BLMG_LTD\" >BLMG LTD<\/a><\/li><li class='ez-toc-page-1 ez-toc-heading-level-2'><a class=\"ez-toc-link ez-toc-heading-9\" href=\"https:\/\/moverdb.com\/da\/freight-forwarder\/freight-forwarding-uk\/southall-freight-forwarder\/#MDFreight\" >M.D.Freight<\/a><\/li><li class='ez-toc-page-1 ez-toc-heading-level-2'><a class=\"ez-toc-link ez-toc-heading-10\" href=\"https:\/\/moverdb.com\/da\/freight-forwarder\/freight-forwarding-uk\/southall-freight-forwarder\/#How_we_picked_the_best_Southall_Freight_Forwarding_Companies\" >S\u00e5dan valgte vi de bedste speditionsfirmaer i Southall<\/a><\/li><\/ul><\/nav><\/div>\n<h2><span class=\"ez-toc-section\" id=\"SMS_Dhaliwal_Transport_Ltd\"><\/span>SMS Dhaliwal Transport Ltd<span class=\"ez-toc-section-end\"><\/span><\/h2>\n<p><img decoding=\"async\" src=\"https:\/\/moverdb.com\/wp-content\/uploads\/thumbnailpanoidU40fBLvrEQnowa1fPAaGmgcb_clientsearch.gws-prod.gpsw408h240yaw232.jpg\" alt='SMS Dhaliwal Transport Ltd' class=\"aligncenter\"><\/p>\n<p><strong>Beskrivelse fra virksomheden: <\/strong>SMS Dhaliwal Transport Ltd er en af de st\u00f8rste transportvirksomheder i <a href=\"https:\/\/moverdb.com\/da\/moving-to-the-uk\/\" data-internallinksmanager029f6b8e52c=\"93\" title=\"Flytter du til Det Forenede Kongerige? 2022 Leveomkostninger og flyttetips\">Det Forenede Kongerige<\/a> og har hovedkontor i Southall.<\/p>\n<p> At v\u00e6re godstransport\u00f8r og <a href=\"https:\/\/moverdb.com\/da\/freight-forwarder\/\" data-internallinksmanager029f6b8e52c=\"17\" title=\"Guide til internationale omkostninger og virksomheder for spedit\u00f8rer og NVOCC&#039;er\">Spedit\u00f8r<\/a>Vi har erhvervsk\u00f8ret\u00f8jer, lastbilchauff\u00f8rer, tung transport, transportlogistik og HGV-distributionsservice.<\/p>\n<p> Vi har et uovertruffent ry for sikkerhed, p\u00e5lidelighed og kundeservice i hele branchen, hvilket har f\u00f8rt til <a href=\"https:\/\/moverdb.com\/da\/moving-to-the-united-states\/\" data-internallinksmanager029f6b8e52c=\"94\" title=\"Flytter du til USA? 2022 Leveomkostninger og flyttetips\">os<\/a> og er f\u00f8rstevalget for nogle af de st\u00f8rste bygge-, udlejnings- og forsyningsvirksomheder i landet.<\/p>\n<p> Vi har styr p\u00e5 alt fra simple enkeltst\u00e5ende flytninger til komplekse l\u00f8ft, overdimensionerede laster og modul\u00e6re bygningsinstallationer.<\/p>\n<p><strong>Yderligere tjenester:<\/strong><\/p>\n<p>Logistik-service<\/p>\n<p>Vognmandsfirma<\/p>\n<p><strong>Adresse:<\/strong> 67 Brent Rd, Southall UB2 5LA<\/p>\n<p><a href=\"http:\/\/smsdhaliwal.co.uk\/\" target=\"_new\" rel=\"noopener\">SMS Dhaliwal Transport Ltd hjemmeside<\/a><\/p>\n<p><strong>Bed\u00f8mmelse: <\/strong>5<br \/> <strong>Antal anmeldelser:<\/strong> 2<br \/><a href=\"https:\/\/www.google.co.uk\/maps?cid=8101554762267100004&#038;hl=en&#038;gl=GB\" target=\"_new\" rel=\"noopener\">L\u00e6s anmeldelser<\/a><\/p>\n<h2><span class=\"ez-toc-section\" id=\"TRIPLE_A_GLOBAL_CARGO_LOGISTICS_LTD\"><\/span>TRIPLE A GLOBAL CARGO LOGISTICS LTD<span class=\"ez-toc-section-end\"><\/span><\/h2>\n<p><img decoding=\"async\" src=\"https:\/\/moverdb.com\/wp-content\/uploads\/AF1QipPqs6Ojtm6XYwWGIDaI2L92G9zsRsAhwzVpf1sEw426-h240-k-no.jpg\" alt='TRIPLE A GLOBAL CARGO LOGISTICS LTD' class=\"aligncenter\"><\/p>\n<p><strong>Beskrivelse fra virksomheden: <\/strong>Triple A Global Cargo Logistics er din foretrukne logistikpartner til str\u00f8mlinet forsendelse fra Storbritannien til <a href=\"https:\/\/moverdb.com\/da\/moving-companies\/moving-companies-kenya\/\" data-internallinksmanager029f6b8e52c=\"305\" title=\"4 bedste internationale flyttefirmaer i Kenya\">Kenya<\/a>.<\/p>\n<p> Vores tjenester omfatter d\u00f8r-til-d\u00f8r-forsendelse, ekspresluft- og s\u00f8fragt <a href=\"https:\/\/moverdb.com\/da\/container-shipping\/\" data-internallinksmanager029f6b8e52c=\"3\" title=\"Diagram over internationale containerpriser: April 2026\">containertransport<\/a>, toldklarering, indk\u00f8b af udstyr og varer, hj\u00e6lp til hjemvendte beboere og lagerfaciliteter.<\/p>\n<p> Med konkurrencedygtige priser og enest\u00e5ende kundeservice sikrer vi hurtig og effektiv levering.<\/p>\n<p> Vi er stolte af vores engagement i kundetilfredshed og prioriterer klar kommunikation, lydh\u00f8r service og p\u00e5lidelig levering.<\/p>\n<p> Ved at forst\u00e5 vores kunders behov og levere skr\u00e6ddersyede forsendelsesl\u00f8sninger sigter vi mod langsigtede relationer og bliver en betroet partner inden for fragtlogistik.<\/p>\n<p> Kontakt os i dag for mere information<\/p>\n<p><strong>Yderligere tjenester:<\/strong><\/p>\n<p>Logistik-service<\/p>\n<p>Forsendelsesservice<\/p>\n<p><strong>Adresse:<\/strong> UNIT Z01, 8A Canal Yard, Hayes Rd, Hounslow, Southall UB2 5NA<\/p>\n<p><a href=\"http:\/\/www.tripleafreight.co.uk\/\" target=\"_new\" rel=\"noopener\">TRIPLE A GLOBAL CARGO LOGISTICS LTD hjemmeside<\/a><\/p>\n<p><strong>Bed\u00f8mmelse: <\/strong>5<br \/> <strong>Antal anmeldelser:<\/strong> 24<br \/><a href=\"https:\/\/www.google.co.uk\/maps?cid=6900515453734720060&#038;hl=en&#038;gl=GB\" target=\"_new\" rel=\"noopener\">L\u00e6s anmeldelser<\/a><\/p>\n<h2><span class=\"ez-toc-section\" id=\"Fast_Cargo_Ltd\"><\/span>Fast Cargo Ltd<span class=\"ez-toc-section-end\"><\/span><\/h2>\n<p><img decoding=\"async\" src=\"https:\/\/moverdb.com\/wp-content\/uploads\/thumbnailpanoidZszgS4EG6t8soRqkqEr-AAcb_clientsearch.gws-prod.gpsw408h240yaw188.jpg\" alt='Fast Cargo Ltd' class=\"aligncenter\"><\/p>\n<p><strong>Beskrivelse fra virksomheden: <\/strong>Ingen angivet<\/p>\n<p><strong>Yderligere tjenester:<\/strong><\/p>\n<p>Kurertjeneste<\/p>\n<p>Logistik-service<\/p>\n<p>Leveringsfirma<\/p>\n<p><strong>Adresse:<\/strong> Canalside Gardens, Southall UB2 5TJ<\/p>\n<p><a href=\"http:\/\/www.fastcargoservicesltd.com\/\" target=\"_new\" rel=\"noopener\">Fast Cargo Ltd hjemmeside<\/a><\/p>\n<p><strong>Bed\u00f8mmelse: <\/strong>4<br \/> <strong>Antal anmeldelser:<\/strong> 6<br \/><a href=\"https:\/\/www.google.co.uk\/maps?cid=17136849923592829230&#038;hl=en&#038;gl=GB\" target=\"_new\" rel=\"noopener\">L\u00e6s anmeldelser<\/a><\/p>\n<h2><span class=\"ez-toc-section\" id=\"Hodan_Cargo_Ltd\"><\/span>Hodan Cargo Ltd<span class=\"ez-toc-section-end\"><\/span><\/h2>\n<p><img decoding=\"async\" src=\"https:\/\/moverdb.com\/wp-content\/uploads\/thumbnailpanoidTeNPkID55nbJbTvzKjkcdAcb_clientsearch.gws-prod.gpsw408h240yaw18.jpg\" alt='Hodan Cargo Ltd' class=\"aligncenter\"><\/p>\n<p><strong>Beskrivelse fra virksomheden: <\/strong>Hodan Cargo Ltd er ekspres <a href=\"https:\/\/moverdb.com\/da\/shipping-companies\/\" data-internallinksmanager029f6b8e52c=\"4\" title=\"De 10 st\u00f8rste internationale containerrederier\">rederi<\/a> baseret i Storbritannien med kontorer i Kenya, Somalia, Somaliland, Uganda og Tanzania.<\/p>\n<p> Vi sender pakker fra Europa til \u00d8stafrika.<\/p>\n<p> kunder, der \u00f8nsker at handle fra Amazon, Ebay og alle st\u00f8rre europ\u00e6iske websteder\/brands, kan sende deres pakke til vores lager i london, og vi vil levere inden for seks dage.<\/p>\n<p> vi udf\u00f8rer luft- og s\u00f8fragt.<\/p>\n<p> Vi kan ogs\u00e5 handle p\u00e5 dine vegne eller s\u00e6tte dig i forbindelse med alle europ\u00e6iske leverand\u00f8rer, hvad enten det er til privat brug eller til din virksomhed.<\/p>\n<p><strong>Yderligere tjenester:<\/strong><\/p>\n<p>Ingen opf\u00f8rt p\u00e5 listen<\/p>\n<p><strong>Adresse:<\/strong> Enhed Z01 C\/O Hodan Cargo 8a Canal Yard, Hayes Rd, Southall UB2 5NA<\/p>\n<p><a href=\"http:\/\/www.hodancargo.com\/\" target=\"_new\" rel=\"noopener\">Hodan Cargo Ltd hjemmeside<\/a><\/p>\n<p><strong>Bed\u00f8mmelse: <\/strong>5<br \/> <strong>Antal anmeldelser:<\/strong> 2<br \/><a href=\"https:\/\/www.google.co.uk\/maps?cid=3990577677848957395&#038;hl=en&#038;gl=GB\" target=\"_new\" rel=\"noopener\">L\u00e6s anmeldelser<\/a><\/p>\n<h2><span class=\"ez-toc-section\" id=\"Freight_Line_Services_LTD\"><\/span>Freight Line Services LTD<span class=\"ez-toc-section-end\"><\/span><\/h2>\n<p><img decoding=\"async\" src=\"https:\/\/moverdb.com\/wp-content\/uploads\/AF1QipPtN8oi0L7myggj51rZPfY_RliE50SrJZxHGxttw408-h272-k-no.jpg\" alt='Freight Line Services LTD' class=\"aligncenter\"><\/p>\n<p><strong>Beskrivelse fra virksomheden: <\/strong>Ingen angivet<\/p>\n<p><strong>Yderligere tjenester:<\/strong><\/p>\n<p>Ingen opf\u00f8rt p\u00e5 listen<\/p>\n<p><strong>Adresse:<\/strong> Enhed 5H, Charles House, Bridge Rd, Southall UB2 4BD<\/p>\n<p><a href=\"http:\/\/www.freightlines.co.uk\/\" target=\"_new\" rel=\"noopener\">Freight Line Services LTD hjemmeside<\/a><\/p>\n<p><strong>Bed\u00f8mmelse: <\/strong>5<br \/> <strong>Antal anmeldelser:<\/strong> 1<br \/><a href=\"https:\/\/www.google.co.uk\/maps?cid=14431999574836574694&#038;hl=en&#038;gl=GB\" target=\"_new\" rel=\"noopener\">L\u00e6s anmeldelser<\/a><\/p>\n<h2><span class=\"ez-toc-section\" id=\"Parcel_world_Limited\"><\/span>Parcel world Limited<span class=\"ez-toc-section-end\"><\/span><\/h2>\n<p><img decoding=\"async\" src=\"https:\/\/moverdb.com\/wp-content\/uploads\/AF1QipNBfzF9GBP3u80QI97y7M4S-JpNWNKjc8I8UfQ_w426-h240-k-no.jpg\" alt='Parcel world Limited' class=\"aligncenter\"><\/p>\n<p><strong>Beskrivelse fra virksomheden: <\/strong>Ingen angivet<\/p>\n<p><strong>Yderligere tjenester:<\/strong><\/p>\n<p>Ingen opf\u00f8rt p\u00e5 listen<\/p>\n<p><strong>Adresse:<\/strong> Enhed 18, Enterprise Centre, Bridge Rd, Southall UB2 4AE<\/p>\n<p><a href=\"http:\/\/www.parcelworldltd.co.uk\/\" target=\"_new\" rel=\"noopener\">Parcel world Limited hjemmeside<\/a><\/p>\n<p><strong>Bed\u00f8mmelse: <\/strong>2.6<br \/> <strong>Antal anmeldelser:<\/strong> 10<br \/><a href=\"https:\/\/www.google.co.uk\/maps?cid=8578209696165819131&#038;hl=en&#038;gl=GB\" target=\"_new\" rel=\"noopener\">L\u00e6s anmeldelser<\/a><\/p>\n<h2><span class=\"ez-toc-section\" id=\"Fast_Cargo_Services_Ltd\"><\/span>Fast Cargo Services Ltd<span class=\"ez-toc-section-end\"><\/span><\/h2>\n<p><img decoding=\"async\" src=\"https:\/\/moverdb.com\/wp-content\/uploads\/AF1QipPUuyrO2yFluTZac0IY5ETVH6ENmwvoPgJlAKF0w428-h240-k-no.png\" alt='Fast Cargo Services Ltd' class=\"aligncenter\"><\/p>\n<p><strong>Beskrivelse fra virksomheden: <\/strong>Fast Cargo Services Ltd er stolte af at kunne tilbyde p\u00e5lidelige, fleksible og omkostningseffektive fragttjenester til kunder i hele Storbritannien, som kan skr\u00e6ddersys til deres individuelle transportbehov og -krav.<\/p>\n<p>Vores fragttjenester er uovertrufne og giver en p\u00e5lidelig og fleksibel m\u00e5de for en virksomhed at sende deres produkter til Pakistan eller fra Pakistan til Storbritannien.<\/p>\n<p><strong>Yderligere tjenester:<\/strong><\/p>\n<p>Kurertjeneste<\/p>\n<p>Leveringsfirma<\/p>\n<p><strong>Adresse:<\/strong> 65A South Rd, Southall UB1 1SQ<\/p>\n<p><a href=\"http:\/\/www.fastcargoservicesltd.com\/\" target=\"_new\" rel=\"noopener\">Fast Cargo Services Ltd hjemmeside<\/a><\/p>\n<p><strong>Bed\u00f8mmelse: <\/strong>4<br \/> <strong>Antal anmeldelser:<\/strong> 152<br \/><a href=\"https:\/\/www.google.co.uk\/maps?cid=2045029359146269528&#038;hl=en&#038;gl=GB\" target=\"_new\" rel=\"noopener\">L\u00e6s anmeldelser<\/a><\/p>\n<h2><span class=\"ez-toc-section\" id=\"BLMG_LTD\"><\/span>BLMG LTD<span class=\"ez-toc-section-end\"><\/span><\/h2>\n<p><img decoding=\"async\" src=\"https:\/\/moverdb.com\/wp-content\/uploads\/AF1QipNWDhKFilLxFpXHGtOsB-aoc07oN3AXtmQoJsH4w408-h544-k-no.jpg\" alt='BLMG LTD' class=\"aligncenter\"><\/p>\n<p><strong>Beskrivelse fra virksomheden: <\/strong>Ingen angivet<\/p>\n<p><strong>Yderligere tjenester:<\/strong><\/p>\n<p>Ingen opf\u00f8rt p\u00e5 listen<\/p>\n<p><strong>Adresse:<\/strong> Old Manor Rd, Southall UB2 5JN<\/p>\n<p><a href=\"http:\/\/www.blmgltd.co.uk\/\" target=\"_new\" rel=\"noopener\">BLMG LTD hjemmeside<\/a><\/p>\n<p><strong>Bed\u00f8mmelse: <\/strong>5<br \/> <strong>Antal anmeldelser:<\/strong> 7<br \/><a href=\"https:\/\/www.google.co.uk\/maps?cid=14646947985281151984&#038;hl=en&#038;gl=GB\" target=\"_new\" rel=\"noopener\">L\u00e6s anmeldelser<\/a><\/p>\n<h2><span class=\"ez-toc-section\" id=\"MDFreight\"><\/span>M.D.Freight<span class=\"ez-toc-section-end\"><\/span><\/h2>\n<p><img decoding=\"async\" src=\"https:\/\/moverdb.com\/wp-content\/uploads\/thumbnailpanoidSm815cK3YwKcxQzm7DccBAcb_clientsearch.gws-prod.gpsw408h240yaw39.jpg\" alt='M.D.Freight' class=\"aligncenter\"><\/p>\n<p><strong>Beskrivelse fra virksomheden: <\/strong>Ingen angivet<\/p>\n<p><strong>Yderligere tjenester:<\/strong><\/p>\n<p>Ingen opf\u00f8rt p\u00e5 listen<\/p>\n<p><strong>Adresse:<\/strong> 4 Christopher Rd, Hounslow, Southall UB2 5YG<\/p>\n<p><a href=\"http:\/\/www.mdfreight.co.uk\/\" target=\"_new\" rel=\"noopener\">M.D.Freight hjemmeside<\/a><\/p>\n<p><strong>Bed\u00f8mmelse: <\/strong>5<br \/> <strong>Antal anmeldelser:<\/strong> 1<br \/><a href=\"https:\/\/www.google.co.uk\/maps?cid=18131493015880467154&#038;hl=en&#038;gl=GB\" target=\"_new\" rel=\"noopener\">L\u00e6s anmeldelser<\/a><\/p>\n<h2><span class=\"ez-toc-section\" id=\"How_we_picked_the_best_Southall_Freight_Forwarding_Companies\"><\/span>S\u00e5dan valgte vi de bedste speditionsfirmaer i Southall<span class=\"ez-toc-section-end\"><\/span><\/h2>\n<p>Vi startede med et datas\u00e6t p\u00e5 16 Southall speditionsfirmaer, som vi kunne finde via Google Maps, og indsn\u00e6vrede det til de 9 bedste.<\/p>\n<p>For at g\u00f8re dette fjernede vi alle virksomheder, der:<\/p>\n<ul>\n<li> Havde ingen hjemmeside<\/li>\n<li> Havde ingen anmeldelser<\/li>\n<li> Havde en gennemsnitlig anmeldelsesscore p\u00e5 under 2,0<\/li>\n<\/ul>\n<p>Hvis vi p\u00e5 dette tidspunkt havde 17 eller f\u00e6rre spedit\u00f8rer, listede vi dem alle.<\/p>\n<p>I de byer, hvor vi stod tilbage med mere end 17 spedit\u00f8rer, foretog vi yderligere \u00e6ndringer ved enten at \u00f8ge den kr\u00e6vede anmeldelsesscore (f.eks. fra minimum 2,0 til 4,0) og\/eller \u00f8ge det kr\u00e6vede minimumsantal anmeldelser (f.eks. fra mindst 1 anmeldelse til mindst 10).<\/p>\n<p>Bem\u00e6rk, at vi kun har brugt anmeldelsesdata fra Google Maps og ikke andre tredjepartswebsteder.<\/p>\n<p>Flere byer:<\/p>\n<p><a href=\"https:\/\/moverdb.com\/da\/speditor\/freight-forwarding-uk\/coventry-freight-forwarder\/\">Coventry Spedit\u00f8r<\/a><br \/><a href=\"https:\/\/moverdb.com\/da\/speditor\/freight-forwarding-uk\/west-drayton-freight-forwarder\/\">West Drayton Spedit\u00f8r<\/a><br \/><a href=\"https:\/\/moverdb.com\/da\/speditor\/freight-forwarding-uk\/glasgow-freight-forwarder\/\">Glasgow Spedit\u00f8r<\/a><br \/><a href=\"https:\/\/moverdb.com\/da\/speditor\/freight-forwarding-uk\/barking-freight-forwarder\/\">Barking Spedit\u00f8r<\/a><br \/><a href=\"https:\/\/moverdb.com\/da\/speditor\/freight-forwarding-uk\/staines-freight-forwarder\/\">Staines Spedit\u00f8r<\/a><\/p>","protected":false},"excerpt":{"rendered":"<p>Below we look at the 9 &#8220;best&#8221; Freight Forwarding companies in Southall out of 16. To learn more about how we chose the best please consult our FAQ section at the end. Please not the following listings are in no particular order and we are not making any recommendations for any particular company. SMS Dhaliwal [&hellip;]<\/p>\n","protected":false},"author":1,"featured_media":0,"parent":13427,"menu_order":0,"comment_status":"open","ping_status":"open","template":"","meta":{"_genesis_hide_title":false,"_genesis_hide_breadcrumbs":false,"_genesis_hide_singular_image":false,"_genesis_hide_footer_widgets":false,"_genesis_custom_body_class":"","_genesis_custom_post_class":"","_genesis_layout":"","footnotes":""},"class_list":{"0":"post-13744","1":"page","2":"type-page","3":"status-publish","5":"entry"},"_links":{"self":[{"href":"https:\/\/moverdb.com\/da\/wp-json\/wp\/v2\/pages\/13744","targetHints":{"allow":["GET"]}}],"collection":[{"href":"https:\/\/moverdb.com\/da\/wp-json\/wp\/v2\/pages"}],"about":[{"href":"https:\/\/moverdb.com\/da\/wp-json\/wp\/v2\/types\/page"}],"author":[{"embeddable":true,"href":"https:\/\/moverdb.com\/da\/wp-json\/wp\/v2\/users\/1"}],"replies":[{"embeddable":true,"href":"https:\/\/moverdb.com\/da\/wp-json\/wp\/v2\/comments?post=13744"}],"version-history":[{"count":1,"href":"https:\/\/moverdb.com\/da\/wp-json\/wp\/v2\/pages\/13744\/revisions"}],"predecessor-version":[{"id":15809,"href":"https:\/\/moverdb.com\/da\/wp-json\/wp\/v2\/pages\/13744\/revisions\/15809"}],"up":[{"embeddable":true,"href":"https:\/\/moverdb.com\/da\/wp-json\/wp\/v2\/pages\/13427"}],"wp:attachment":[{"href":"https:\/\/moverdb.com\/da\/wp-json\/wp\/v2\/media?parent=13744"}],"curies":[{"name":"wp","href":"https:\/\/api.w.org\/{rel}","templated":true}]}}