{"id":13734,"date":"2023-11-08T15:52:42","date_gmt":"2023-11-08T15:52:42","guid":{"rendered":"https:\/\/moverdb.com\/freight-forwarder\/freight-forwarding-uk\/derby-freight-forwarder\/"},"modified":"2026-01-08T14:55:25","modified_gmt":"2026-01-08T14:55:25","slug":"derby-freight-forwarder","status":"publish","type":"page","link":"https:\/\/moverdb.com\/da\/freight-forwarder\/freight-forwarding-uk\/derby-freight-forwarder\/","title":{"rendered":"De 10 bedste speditionsfirmaer i Derby (2024)"},"content":{"rendered":"<p>Nedenfor ser vi p\u00e5 de 10 <em>\"bedste\"<\/em> Speditionsfirmaer i Derby ud af 18.<\/p>\n<p>Hvis du vil vide mere om, hvordan vi v\u00e6lger de bedste, kan du l\u00e6se vores FAQ-sektion til sidst.<\/p>\n<p><em>Bem\u00e6rk venligst, at f\u00f8lgende lister ikke er i nogen bestemt r\u00e6kkef\u00f8lge, og at vi ikke anbefaler nogen bestemt virksomhed.<\/em><\/p>\n<div id=\"ez-toc-container\" class=\"ez-toc-v2_0_82_2 ez-toc-wrap-left counter-hierarchy ez-toc-counter ez-toc-transparent ez-toc-container-direction\">\n<div class=\"ez-toc-title-container\">\n<p class=\"ez-toc-title\" style=\"cursor:inherit\">Sektioner<\/p>\n<span class=\"ez-toc-title-toggle\"><a href=\"#\" class=\"ez-toc-pull-right ez-toc-btn ez-toc-btn-xs ez-toc-btn-default ez-toc-toggle\" aria-label=\"Toggle indholdsfortegnelse\"><span class=\"ez-toc-js-icon-con\"><span class=\"\"><span class=\"eztoc-hide\" style=\"display:none;\">Toggle<\/span><span class=\"ez-toc-icon-toggle-span\"><svg style=\"fill: #999;color:#999\" xmlns=\"http:\/\/www.w3.org\/2000\/svg\" class=\"list-377408\" width=\"20px\" height=\"20px\" viewbox=\"0 0 24 24\" fill=\"none\"><path d=\"M6 6H4v2h2V6zm14 0H8v2h12V6zM4 11h2v2H4v-2zm16 0H8v2h12v-2zM4 16h2v2H4v-2zm16 0H8v2h12v-2z\" fill=\"currentColor\"><\/path><\/svg><svg style=\"fill: #999;color:#999\" class=\"arrow-unsorted-368013\" xmlns=\"http:\/\/www.w3.org\/2000\/svg\" width=\"10px\" height=\"10px\" viewbox=\"0 0 24 24\" version=\"1.2\" baseprofile=\"tiny\"><path d=\"M18.2 9.3l-6.2-6.3-6.2 6.3c-.2.2-.3.4-.3.7s.1.5.3.7c.2.2.4.3.7.3h11c.3 0 .5-.1.7-.3.2-.2.3-.5.3-.7s-.1-.5-.3-.7zM5.8 14.7l6.2 6.3 6.2-6.3c.2-.2.3-.5.3-.7s-.1-.5-.3-.7c-.2-.2-.4-.3-.7-.3h-11c-.3 0-.5.1-.7.3-.2.2-.3.5-.3.7s.1.5.3.7z\"\/><\/svg><\/span><\/span><\/span><\/a><\/span><\/div>\n<nav><ul class='ez-toc-list ez-toc-list-level-1 eztoc-toggle-hide-by-default' ><li class='ez-toc-page-1 ez-toc-heading-level-2'><a class=\"ez-toc-link ez-toc-heading-1\" href=\"https:\/\/moverdb.com\/da\/freight-forwarder\/freight-forwarding-uk\/derby-freight-forwarder\/#CH_Robinson\" >C.H. Robinson<\/a><\/li><li class='ez-toc-page-1 ez-toc-heading-level-2'><a class=\"ez-toc-link ez-toc-heading-2\" href=\"https:\/\/moverdb.com\/da\/freight-forwarder\/freight-forwarding-uk\/derby-freight-forwarder\/#CCL_Logistics_Technology\" >CCL Logistik &amp; Teknologi<\/a><\/li><li class='ez-toc-page-1 ez-toc-heading-level-2'><a class=\"ez-toc-link ez-toc-heading-3\" href=\"https:\/\/moverdb.com\/da\/freight-forwarder\/freight-forwarding-uk\/derby-freight-forwarder\/#Expeditors\" >Ekspedit\u00f8rer<\/a><\/li><li class='ez-toc-page-1 ez-toc-heading-level-2'><a class=\"ez-toc-link ez-toc-heading-4\" href=\"https:\/\/moverdb.com\/da\/freight-forwarder\/freight-forwarding-uk\/derby-freight-forwarder\/#KWE_Kintetsu_World_Express_UK_Ltd_East_Midlands\" >KWE, Kintetsu World Express (U.K.) Ltd. East Midlands<\/a><\/li><li class='ez-toc-page-1 ez-toc-heading-level-2'><a class=\"ez-toc-link ez-toc-heading-5\" href=\"https:\/\/moverdb.com\/da\/freight-forwarder\/freight-forwarding-uk\/derby-freight-forwarder\/#M_I_E_S_International_Ltd\" >M I E S International Ltd<\/a><\/li><li class='ez-toc-page-1 ez-toc-heading-level-2'><a class=\"ez-toc-link ez-toc-heading-6\" href=\"https:\/\/moverdb.com\/da\/freight-forwarder\/freight-forwarding-uk\/derby-freight-forwarder\/#Evolution_Time_Critical\" >Evolution Tidskritisk<\/a><\/li><li class='ez-toc-page-1 ez-toc-heading-level-2'><a class=\"ez-toc-link ez-toc-heading-7\" href=\"https:\/\/moverdb.com\/da\/freight-forwarder\/freight-forwarding-uk\/derby-freight-forwarder\/#Seabourne_Logistics_UK_Forwarding\" >Seabourne Logistics UK Spedition<\/a><\/li><li class='ez-toc-page-1 ez-toc-heading-level-2'><a class=\"ez-toc-link ez-toc-heading-8\" href=\"https:\/\/moverdb.com\/da\/freight-forwarder\/freight-forwarding-uk\/derby-freight-forwarder\/#UPS_Supply_Chain_Solutions_Derby\" >UPS Supply Chain Solutions Derby<\/a><\/li><li class='ez-toc-page-1 ez-toc-heading-level-2'><a class=\"ez-toc-link ez-toc-heading-9\" href=\"https:\/\/moverdb.com\/da\/freight-forwarder\/freight-forwarding-uk\/derby-freight-forwarder\/#DHL_Freight_East_Midlands_Airport\" >DHL Freight East Midlands Lufthavn<\/a><\/li><li class='ez-toc-page-1 ez-toc-heading-level-2'><a class=\"ez-toc-link ez-toc-heading-10\" href=\"https:\/\/moverdb.com\/da\/freight-forwarder\/freight-forwarding-uk\/derby-freight-forwarder\/#HAE_EMSA\" >HAE \/ EMSA<\/a><\/li><li class='ez-toc-page-1 ez-toc-heading-level-2'><a class=\"ez-toc-link ez-toc-heading-11\" href=\"https:\/\/moverdb.com\/da\/freight-forwarder\/freight-forwarding-uk\/derby-freight-forwarder\/#How_we_picked_the_best_Derby_Freight_Forwarding_Companies\" >S\u00e5dan valgte vi de bedste Derby-spedit\u00f8rer<\/a><\/li><\/ul><\/nav><\/div>\n<h2><span class=\"ez-toc-section\" id=\"CH_Robinson\"><\/span>C.H. Robinson<span class=\"ez-toc-section-end\"><\/span><\/h2>\n<p><img decoding=\"async\" src=\"https:\/\/moverdb.com\/wp-content\/uploads\/AF1QipPhMz8-qlcS_nx0vOhLUx_nNtbR34mvf1h4zh4w408-h305-k-no.jpg\" alt='C.H. Robinson' class=\"aligncenter\"><\/p>\n<p><strong>Beskrivelse fra virksomheden: <\/strong>Ingen angivet<\/p>\n<p><strong>Yderligere tjenester:<\/strong><\/p>\n<p>Ingen opf\u00f8rt p\u00e5 listen<\/p>\n<p><strong>Adresse:<\/strong> Enhed 1B Glencar Close, Derby Commercial Park, Derby DE21 7HZ<\/p>\n<p><a href=\"https:\/\/www.chrobinson.com\/en-uk\/\" target=\"_new\" rel=\"noopener\">C.H. Robinsons hjemmeside<\/a><\/p>\n<p><strong>Bed\u00f8mmelse: <\/strong>4.6<br \/> <strong>Antal anmeldelser:<\/strong> 17<br \/><a href=\"https:\/\/www.google.co.uk\/maps?cid=14794037340248810420&#038;hl=en&#038;gl=GB\" target=\"_new\" rel=\"noopener\">L\u00e6s anmeldelser<\/a><\/p>\n<h2><span class=\"ez-toc-section\" id=\"CCL_Logistics_Technology\"><\/span>CCL Logistik &amp; Teknologi<span class=\"ez-toc-section-end\"><\/span><\/h2>\n<p><img decoding=\"async\" src=\"https:\/\/moverdb.com\/wp-content\/uploads\/thumbnailpanoidKI8k-3CGLIos_UegyCrtrQcb_clientsearch.gws-prod.gpsw408h240yaw268.jpg\" alt='CCL Logistik &amp; Teknologi' class=\"aligncenter\"><\/p>\n<p><strong>Beskrivelse fra virksomheden: <\/strong>Vi tilbyder et uovertruffent udvalg af logistiktjenester og v\u00e6rdiskabende teknologi, der hj\u00e6lper producenter, distribut\u00f8rer, grossister og detailhandlere med at forenkle deres forsyningsk\u00e6de, forbedre produktiviteten og reducere deres samlede omkostninger ved at drive forretning.<\/p>\n<p><strong>Yderligere tjenester:<\/strong><\/p>\n<p>Ingen opf\u00f8rt p\u00e5 listen<\/p>\n<p><strong>Adresse:<\/strong> Willow Farm Business Park, enhed 6E, Boundary Court, Castle Donington DE74 2NN<\/p>\n<p><a href=\"https:\/\/www.ccl-logistics.com\/?utm_source=googlemaps&#038;utm_medium=derby\" target=\"_new\" rel=\"noopener\">CCL Logistics &amp; Technology hjemmeside<\/a><\/p>\n<p><strong>Bed\u00f8mmelse: <\/strong>3.6<br \/> <strong>Antal anmeldelser:<\/strong> 9<br \/><a href=\"https:\/\/www.google.co.uk\/maps?cid=5270224964504635166&#038;hl=en&#038;gl=GB\" target=\"_new\" rel=\"noopener\">L\u00e6s anmeldelser<\/a><\/p>\n<h2><span class=\"ez-toc-section\" id=\"Expeditors\"><\/span>Ekspedit\u00f8rer<span class=\"ez-toc-section-end\"><\/span><\/h2>\n<p><img decoding=\"async\" src=\"https:\/\/moverdb.com\/wp-content\/uploads\/AF1QipNWk4GOxW3zdlhHpgE7uIoJ_qTwoHHLqLfHLAshw426-h240-k-no.jpg\" alt='Ekspedit\u00f8rer' class=\"aligncenter\"><\/p>\n<p><strong>Beskrivelse fra virksomheden: <\/strong>Ingen angivet<\/p>\n<p><strong>Yderligere tjenester:<\/strong><\/p>\n<p>Ingen opf\u00f8rt p\u00e5 listen<\/p>\n<p><strong>Adresse:<\/strong> Willow Farm Business Park, Sills Rd, Castle Donington, Derby DE74 2US<\/p>\n<p><a href=\"http:\/\/www.expeditors.com\/\" target=\"_new\" rel=\"noopener\">Expeditors hjemmeside<\/a><\/p>\n<p><strong>Bed\u00f8mmelse: <\/strong>4.1<br \/> <strong>Antal anmeldelser:<\/strong> 15<br \/><a href=\"https:\/\/www.google.co.uk\/maps?cid=12115655813888450581&#038;hl=en&#038;gl=GB\" target=\"_new\" rel=\"noopener\">L\u00e6s anmeldelser<\/a><\/p>\n<h2><span class=\"ez-toc-section\" id=\"KWE_Kintetsu_World_Express_UK_Ltd_East_Midlands\"><\/span>KWE, Kintetsu World Express (U.K.) Ltd. East Midlands<span class=\"ez-toc-section-end\"><\/span><\/h2>\n<p><img decoding=\"async\" src=\"\" alt=\"KWE, Kintetsu World Express (U.K.) Ltd. East Midlands\" class=\"aligncenter\"><\/p>\n<p><strong>Beskrivelse fra virksomheden: <\/strong>Hovedkvarter i Tokyo , <a href=\"https:\/\/moverdb.com\/da\/moving-to-japan\/\" data-internallinksmanager029f6b8e52c=\"342\" title=\"Flytter du til Japan? 2026 Leveomkostninger og tips til flytning\">Japan<\/a>KWE, Kintetsu World Express, opstod i 1948 og blev en af de 15 st\u00f8rste globale spillere i logistikbranchen.<\/p>\n<p>En integreret global logistikpartner, der tilbyder prisvindende supply chain management-tjenester inden for indk\u00f8b, leverand\u00f8rstyring, s\u00f8- og luftfragt, 3pl-lager, transport og fortoldning.<\/p>\n<p>KWE har over 18.<\/p>\n<p>000 medarbejdere og opererer i 46 lande med over 850 afdelinger.<\/p>\n<p>KWE er specialist i logistik inden for bilindustrien, medicinal- og sundhedssektoren, luft- og rumfart, elektronik og detailhandel.<\/p>\n<p>I maj 2015 k\u00f8bte KWE APL Logistics, hvilket yderligere styrkede portef\u00f8ljen af logistikservices.<\/p>\n<p><strong>Yderligere tjenester:<\/strong><\/p>\n<p>Logistik-service<\/p>\n<p>Leveringsfirma<\/p>\n<p><strong>Adresse:<\/strong> B1 Maple Rd, Castle Donington, Derby DE74 2UT<\/p>\n<p><a href=\"http:\/\/www.kwe.com\/\" target=\"_new\" rel=\"noopener\">KWE, Kintetsu World Express (U.K.) Ltd. East Midlands hjemmeside<\/a><\/p>\n<p><strong>Bed\u00f8mmelse: <\/strong>4.8<br \/> <strong>Antal anmeldelser:<\/strong> 5<br \/><a href=\"https:\/\/www.google.co.uk\/maps?cid=1486898843947594172&#038;hl=en&#038;gl=GB\" target=\"_new\" rel=\"noopener\">L\u00e6s anmeldelser<\/a><\/p>\n<h2><span class=\"ez-toc-section\" id=\"M_I_E_S_International_Ltd\"><\/span>M I E S International Ltd<span class=\"ez-toc-section-end\"><\/span><\/h2>\n<p><img decoding=\"async\" src=\"https:\/\/moverdb.com\/wp-content\/uploads\/thumbnailpanoid29xOmIIUK2IMXMPBD0ZePgcb_clientsearch.gws-prod.gpsw408h240yaw169.jpg\" alt='M I E S International Ltd' class=\"aligncenter\"><\/p>\n<p><strong>Beskrivelse fra virksomheden: <\/strong>Ingen angivet<\/p>\n<p><strong>Yderligere tjenester:<\/strong><\/p>\n<p>Ingen opf\u00f8rt p\u00e5 listen<\/p>\n<p><strong>Adresse:<\/strong> 1 Trent Ln, Castle Donington, Derby DE74 2PY<\/p>\n<p><a href=\"https:\/\/www.mies.co.uk\/\" target=\"_new\" rel=\"noopener\">M I E S International Ltd hjemmeside<\/a><\/p>\n<p><strong>Bed\u00f8mmelse: <\/strong>4.1<br \/> <strong>Antal anmeldelser:<\/strong> 8<br \/><a href=\"https:\/\/www.google.co.uk\/maps?cid=13175560030870517614&#038;hl=en&#038;gl=GB\" target=\"_new\" rel=\"noopener\">L\u00e6s anmeldelser<\/a><\/p>\n<h2><span class=\"ez-toc-section\" id=\"Evolution_Time_Critical\"><\/span>Evolution Tidskritisk<span class=\"ez-toc-section-end\"><\/span><\/h2>\n<p><img decoding=\"async\" src=\"https:\/\/moverdb.com\/wp-content\/uploads\/thumbnailpanoiduB9YyRaWNRCF_7iK80WTvQcb_clientsearch.gws-prod.gpsw408h240yaw152.jpg\" alt='Evolution Tidskritisk' class=\"aligncenter\"><\/p>\n<p><strong>Beskrivelse fra virksomheden: <\/strong>Ingen angivet<\/p>\n<p><strong>Yderligere tjenester:<\/strong><\/p>\n<p>Konsulent<\/p>\n<p>Logistik-service<\/p>\n<p><strong>Adresse:<\/strong> Bezant House, Bradgate Pk Vw, Chellaston, Derby DE73 5UH<\/p>\n<p><a href=\"http:\/\/www.evolution-timecritical.com\/\" target=\"_new\" rel=\"noopener\">Evolution Tidskritisk hjemmeside<\/a><\/p>\n<p><strong>Bed\u00f8mmelse: <\/strong>3.5<br \/> <strong>Antal anmeldelser:<\/strong> 4<br \/><a href=\"https:\/\/www.google.co.uk\/maps?cid=562191449095100638&#038;hl=en&#038;gl=GB\" target=\"_new\" rel=\"noopener\">L\u00e6s anmeldelser<\/a><\/p>\n<h2><span class=\"ez-toc-section\" id=\"Seabourne_Logistics_UK_Forwarding\"><\/span>Seabourne Logistics UK Spedition<span class=\"ez-toc-section-end\"><\/span><\/h2>\n<p><img decoding=\"async\" src=\"https:\/\/lh5.googleusercontent.com\/p\/AF1QipPRz-XHZWUpwXBCEvlC1ustTASQMuSpHocwWZSq=w408-h291-k-no\" alt=\"Seabourne Logistics UK Spedition\" class=\"aligncenter\"><\/p>\n<p><strong>Beskrivelse fra virksomheden: <\/strong>Seabourne Logistics, en f\u00f8rende, uafh\u00e6ngig logistikoperat\u00f8r med kontorer i <a href=\"https:\/\/moverdb.com\/da\/moving-to-the-uk\/\" data-internallinksmanager029f6b8e52c=\"93\" title=\"Flytter du til Det Forenede Kongerige? 2022 Leveomkostninger og flyttetips\">UK<\/a>, Den <a href=\"https:\/\/moverdb.com\/da\/moving-to-the-netherlands\/\" data-internallinksmanager029f6b8e52c=\"328\" title=\"Flytter du til Holland? 2026 Leveomkostninger og flyttetips\">Nederlandene<\/a>, <a href=\"https:\/\/moverdb.com\/da\/moving-to-france\/\" data-internallinksmanager029f6b8e52c=\"315\" title=\"Flytter du til Frankrig? 2026 Leveomkostninger og flyttetips\">Frankrig<\/a>, og <a href=\"https:\/\/moverdb.com\/da\/moving-to-south-africa\/\" data-internallinksmanager029f6b8e52c=\"347\" title=\"Flytter du til Sydafrika? 2026 Leveomkostninger og tips til flytning\">Sydafrika<\/a> tilbyder holistiske globale l\u00f8sninger gennem deres 6 divisioner: Warehousing, E-Fulfilment, Courier Services, Freight Services, Mail Solutions og Customs Services.<\/p>\n<p> De er kendt for deres personlige og praktiske tilgang og har opbygget et enest\u00e5ende omd\u00f8mme, hvor god kommunikation, fleksibilitet og engagement er kernen i det, de g\u00f8r.<\/p>\n<p> De tilbyder nicheekspertise og omfattende, skr\u00e6ddersyede tredjepartslogistikl\u00f8sninger (3PL).<\/p>\n<p><strong>Yderligere tjenester:<\/strong><\/p>\n<p>Logistik-service<\/p>\n<p><strong>Adresse:<\/strong> Regus House Herald Way, Castle Donington, Derby DE74 2TZ<\/p>\n<p><a href=\"http:\/\/www.seabournelogistics.com\/\" target=\"_new\" rel=\"noopener\">Seabourne Logistics UK Forwarding hjemmeside<\/a><\/p>\n<p><strong>Bed\u00f8mmelse: <\/strong>5<br \/> <strong>Antal anmeldelser:<\/strong> 1<br \/><a href=\"https:\/\/www.google.co.uk\/maps?cid=11040171400694942647&#038;hl=en&#038;gl=GB\" target=\"_new\" rel=\"noopener\">L\u00e6s anmeldelser<\/a><\/p>\n<h2><span class=\"ez-toc-section\" id=\"UPS_Supply_Chain_Solutions_Derby\"><\/span>UPS Supply Chain Solutions Derby<span class=\"ez-toc-section-end\"><\/span><\/h2>\n<p><img decoding=\"async\" src=\"https:\/\/moverdb.com\/wp-content\/uploads\/AF1QipM2UF-9SW9bJsltV_sqSQ3iBj28hlxaLA866wilw426-h240-k-no.jpg\" alt='UPS Supply Chain Solutions Derby' class=\"aligncenter\"><\/p>\n<p><strong>Beskrivelse fra virksomheden: <\/strong>Ingen angivet<\/p>\n<p><strong>Yderligere tjenester:<\/strong><\/p>\n<p>Logistik-service<\/p>\n<p><strong>Adresse:<\/strong> Wincanton Close, ved Ascot Drive, Derby DE24 8NB<\/p>\n<p><a href=\"https:\/\/www.ups.com\/gb\/en\/services\/shipping\/freight.page\" target=\"_new\" rel=\"noopener\">UPS Supply Chain Solutions Derby hjemmeside<\/a><\/p>\n<p><strong>Bed\u00f8mmelse: <\/strong>3.8<br \/> <strong>Antal anmeldelser:<\/strong> 98<br \/><a href=\"https:\/\/www.google.co.uk\/maps?cid=3053902978470391964&#038;hl=en&#038;gl=GB\" target=\"_new\" rel=\"noopener\">L\u00e6s anmeldelser<\/a><\/p>\n<h2><span class=\"ez-toc-section\" id=\"DHL_Freight_East_Midlands_Airport\"><\/span>DHL Freight East Midlands Lufthavn<span class=\"ez-toc-section-end\"><\/span><\/h2>\n<p><img decoding=\"async\" src=\"https:\/\/moverdb.com\/wp-content\/uploads\/AF1QipOabvr0K6hA3_eLfcM7ASRDqa99A65XTv3vWGI6w408-h240-k-no-pi0-ya340-ro-0-fo100.jpg\" alt='DHL Freight East Midlands Lufthavn' class=\"aligncenter\"><\/p>\n<p><strong>Beskrivelse fra virksomheden: <\/strong>Ingen angivet<\/p>\n<p><strong>Yderligere tjenester:<\/strong><\/p>\n<p>Ingen opf\u00f8rt p\u00e5 listen<\/p>\n<p><strong>Adresse:<\/strong> Castle Donington, Derby DE74 2SA<\/p>\n<p><a href=\"https:\/\/dhlguide.co.uk\/shipping-with-dhl\/dhl-express-service-centres\/\" target=\"_new\" rel=\"noopener\">DHL Freight East Midlands Lufthavns hjemmeside<\/a><\/p>\n<p><strong>Bed\u00f8mmelse: <\/strong>4.5<br \/> <strong>Antal anmeldelser:<\/strong> 127<br \/><a href=\"https:\/\/www.google.co.uk\/maps?cid=3973794515770161131&#038;hl=en&#038;gl=GB\" target=\"_new\" rel=\"noopener\">L\u00e6s anmeldelser<\/a><\/p>\n<h2><span class=\"ez-toc-section\" id=\"HAE_EMSA\"><\/span>HAE \/ EMSA<span class=\"ez-toc-section-end\"><\/span><\/h2>\n<p><img decoding=\"async\" src=\"https:\/\/moverdb.com\/wp-content\/uploads\/AF1QipMMx8p4WL2HiDiZ98g-3NbS60OR0vSAQyplqiDtw408-h544-k-no.jpg\" alt='HAE \/ EMSA' class=\"aligncenter\"><\/p>\n<p><strong>Beskrivelse fra virksomheden: <\/strong>Ingen angivet<\/p>\n<p><strong>Yderligere tjenester:<\/strong><\/p>\n<p>Ingen opf\u00f8rt p\u00e5 listen<\/p>\n<p><strong>Adresse:<\/strong> East Midlands Lufthavn, Beverley Rd, Derby DE74 2SA<\/p>\n<p><a href=\"http:\/\/www.haegroup.com\/\" target=\"_new\" rel=\"noopener\">HAE \/ EMSA's hjemmeside<\/a><\/p>\n<p><strong>Bed\u00f8mmelse: <\/strong>3.7<br \/> <strong>Antal anmeldelser:<\/strong> 38<br \/><a href=\"https:\/\/www.google.co.uk\/maps?cid=1084884569409257823&#038;hl=en&#038;gl=GB\" target=\"_new\" rel=\"noopener\">L\u00e6s anmeldelser<\/a><\/p>\n<h2><span class=\"ez-toc-section\" id=\"How_we_picked_the_best_Derby_Freight_Forwarding_Companies\"><\/span>S\u00e5dan valgte vi de bedste Derby-spedit\u00f8rer<span class=\"ez-toc-section-end\"><\/span><\/h2>\n<p>Vi startede med et datas\u00e6t p\u00e5 18 Derby speditionsfirmaer, som vi kunne finde via Google Maps, og indsn\u00e6vrede det til de 10 bedste.<\/p>\n<p>For at g\u00f8re dette fjernede vi alle virksomheder, der:<\/p>\n<ul>\n<li> Havde ingen hjemmeside<\/li>\n<li> Havde ingen anmeldelser<\/li>\n<li> Havde en gennemsnitlig anmeldelsesscore p\u00e5 under 2,0<\/li>\n<\/ul>\n<p>Hvis vi p\u00e5 dette tidspunkt havde 17 eller f\u00e6rre spedit\u00f8rer, listede vi dem alle.<\/p>\n<p>I de byer, hvor vi stod tilbage med mere end 17 spedit\u00f8rer, foretog vi yderligere \u00e6ndringer ved enten at \u00f8ge den kr\u00e6vede anmeldelsesscore (f.eks. fra minimum 2,0 til 4,0) og\/eller \u00f8ge det kr\u00e6vede minimumsantal anmeldelser (f.eks. fra mindst 1 anmeldelse til mindst 10).<\/p>\n<p>Bem\u00e6rk, at vi kun har brugt anmeldelsesdata fra Google Maps og ikke andre tredjepartswebsteder.<\/p>\n<p>Flere byer:<\/p>\n<p><a href=\"https:\/\/moverdb.com\/da\/speditor\/freight-forwarding-uk\/southall-freight-forwarder\/\">Southall Spedit\u00f8r<\/a><br \/><a href=\"https:\/\/moverdb.com\/da\/speditor\/freight-forwarding-uk\/coventry-freight-forwarder\/\">Coventry Spedit\u00f8r<\/a><br \/><a href=\"https:\/\/moverdb.com\/da\/speditor\/freight-forwarding-uk\/west-drayton-freight-forwarder\/\">West Drayton Spedit\u00f8r<\/a><br \/><a href=\"https:\/\/moverdb.com\/da\/speditor\/freight-forwarding-uk\/glasgow-freight-forwarder\/\">Glasgow Spedit\u00f8r<\/a><br \/><a href=\"https:\/\/moverdb.com\/da\/speditor\/freight-forwarding-uk\/barking-freight-forwarder\/\">Barking Spedit\u00f8r<\/a><\/p>","protected":false},"excerpt":{"rendered":"<p>Below we look at the 10 &#8220;best&#8221; Freight Forwarding companies in Derby out of 18. To learn more about how we chose the best please consult our FAQ section at the end. Please not the following listings are in no particular order and we are not making any recommendations for any particular company. C.H. Robinson [&hellip;]<\/p>\n","protected":false},"author":1,"featured_media":0,"parent":13427,"menu_order":0,"comment_status":"open","ping_status":"open","template":"","meta":{"_genesis_hide_title":false,"_genesis_hide_breadcrumbs":false,"_genesis_hide_singular_image":false,"_genesis_hide_footer_widgets":false,"_genesis_custom_body_class":"","_genesis_custom_post_class":"","_genesis_layout":"","footnotes":""},"class_list":{"0":"post-13734","1":"page","2":"type-page","3":"status-publish","5":"entry"},"_links":{"self":[{"href":"https:\/\/moverdb.com\/da\/wp-json\/wp\/v2\/pages\/13734","targetHints":{"allow":["GET"]}}],"collection":[{"href":"https:\/\/moverdb.com\/da\/wp-json\/wp\/v2\/pages"}],"about":[{"href":"https:\/\/moverdb.com\/da\/wp-json\/wp\/v2\/types\/page"}],"author":[{"embeddable":true,"href":"https:\/\/moverdb.com\/da\/wp-json\/wp\/v2\/users\/1"}],"replies":[{"embeddable":true,"href":"https:\/\/moverdb.com\/da\/wp-json\/wp\/v2\/comments?post=13734"}],"version-history":[{"count":1,"href":"https:\/\/moverdb.com\/da\/wp-json\/wp\/v2\/pages\/13734\/revisions"}],"predecessor-version":[{"id":15679,"href":"https:\/\/moverdb.com\/da\/wp-json\/wp\/v2\/pages\/13734\/revisions\/15679"}],"up":[{"embeddable":true,"href":"https:\/\/moverdb.com\/da\/wp-json\/wp\/v2\/pages\/13427"}],"wp:attachment":[{"href":"https:\/\/moverdb.com\/da\/wp-json\/wp\/v2\/media?parent=13734"}],"curies":[{"name":"wp","href":"https:\/\/api.w.org\/{rel}","templated":true}]}}