{"id":13667,"date":"2023-11-08T15:51:25","date_gmt":"2023-11-08T15:51:25","guid":{"rendered":"https:\/\/moverdb.com\/freight-forwarder\/freight-forwarding-uk\/ashford-freight-forwarder\/"},"modified":"2026-01-08T14:55:32","modified_gmt":"2026-01-08T14:55:32","slug":"ashford-freight-forwarder","status":"publish","type":"page","link":"https:\/\/moverdb.com\/da\/freight-forwarder\/freight-forwarding-uk\/ashford-freight-forwarder\/","title":{"rendered":"De 12 bedste speditionsfirmaer i Ashford (2024)"},"content":{"rendered":"<p>Nedenfor ser vi p\u00e5 de 12 <em>\"bedste\"<\/em> Speditionsfirmaer i Ashford ud af 18.<\/p>\n<p>Hvis du vil vide mere om, hvordan vi v\u00e6lger de bedste, kan du l\u00e6se vores FAQ-sektion til sidst.<\/p>\n<p><em>Bem\u00e6rk venligst, at f\u00f8lgende lister ikke er i nogen bestemt r\u00e6kkef\u00f8lge, og at vi ikke anbefaler nogen bestemt virksomhed.<\/em><\/p>\n<div id=\"ez-toc-container\" class=\"ez-toc-v2_0_82_2 ez-toc-wrap-left counter-hierarchy ez-toc-counter ez-toc-transparent ez-toc-container-direction\">\n<div class=\"ez-toc-title-container\">\n<p class=\"ez-toc-title\" style=\"cursor:inherit\">Sektioner<\/p>\n<span class=\"ez-toc-title-toggle\"><a href=\"#\" class=\"ez-toc-pull-right ez-toc-btn ez-toc-btn-xs ez-toc-btn-default ez-toc-toggle\" aria-label=\"Toggle indholdsfortegnelse\"><span class=\"ez-toc-js-icon-con\"><span class=\"\"><span class=\"eztoc-hide\" style=\"display:none;\">Toggle<\/span><span class=\"ez-toc-icon-toggle-span\"><svg style=\"fill: #999;color:#999\" xmlns=\"http:\/\/www.w3.org\/2000\/svg\" class=\"list-377408\" width=\"20px\" height=\"20px\" viewbox=\"0 0 24 24\" fill=\"none\"><path d=\"M6 6H4v2h2V6zm14 0H8v2h12V6zM4 11h2v2H4v-2zm16 0H8v2h12v-2zM4 16h2v2H4v-2zm16 0H8v2h12v-2z\" fill=\"currentColor\"><\/path><\/svg><svg style=\"fill: #999;color:#999\" class=\"arrow-unsorted-368013\" xmlns=\"http:\/\/www.w3.org\/2000\/svg\" width=\"10px\" height=\"10px\" viewbox=\"0 0 24 24\" version=\"1.2\" baseprofile=\"tiny\"><path d=\"M18.2 9.3l-6.2-6.3-6.2 6.3c-.2.2-.3.4-.3.7s.1.5.3.7c.2.2.4.3.7.3h11c.3 0 .5-.1.7-.3.2-.2.3-.5.3-.7s-.1-.5-.3-.7zM5.8 14.7l6.2 6.3 6.2-6.3c.2-.2.3-.5.3-.7s-.1-.5-.3-.7c-.2-.2-.4-.3-.7-.3h-11c-.3 0-.5.1-.7.3-.2.2-.3.5-.3.7s.1.5.3.7z\"\/><\/svg><\/span><\/span><\/span><\/a><\/span><\/div>\n<nav><ul class='ez-toc-list ez-toc-list-level-1 eztoc-toggle-hide-by-default' ><li class='ez-toc-page-1 ez-toc-heading-level-2'><a class=\"ez-toc-link ez-toc-heading-1\" href=\"https:\/\/moverdb.com\/da\/freight-forwarder\/freight-forwarding-uk\/ashford-freight-forwarder\/#Rock-it_Global\" >Rock-it Global<\/a><\/li><li class='ez-toc-page-1 ez-toc-heading-level-2'><a class=\"ez-toc-link ez-toc-heading-2\" href=\"https:\/\/moverdb.com\/da\/freight-forwarder\/freight-forwarding-uk\/ashford-freight-forwarder\/#TLC_World_Logistics\" >TLC World Logistics<\/a><\/li><li class='ez-toc-page-1 ez-toc-heading-level-2'><a class=\"ez-toc-link ez-toc-heading-3\" href=\"https:\/\/moverdb.com\/da\/freight-forwarder\/freight-forwarding-uk\/ashford-freight-forwarder\/#E_M_S_Cargo_Ltd\" >E M S Cargo Ltd<\/a><\/li><li class='ez-toc-page-1 ez-toc-heading-level-2'><a class=\"ez-toc-link ez-toc-heading-4\" href=\"https:\/\/moverdb.com\/da\/freight-forwarder\/freight-forwarding-uk\/ashford-freight-forwarder\/#Moonbridge_Air_Project_Services_Ltd\" >Moonbridge Air &amp; Project Services Ltd<\/a><\/li><li class='ez-toc-page-1 ez-toc-heading-level-2'><a class=\"ez-toc-link ez-toc-heading-5\" href=\"https:\/\/moverdb.com\/da\/freight-forwarder\/freight-forwarding-uk\/ashford-freight-forwarder\/#S-Logibis_UK_Ltd\" >S-Logibis UK Ltd<\/a><\/li><li class='ez-toc-page-1 ez-toc-heading-level-2'><a class=\"ez-toc-link ez-toc-heading-6\" href=\"https:\/\/moverdb.com\/da\/freight-forwarder\/freight-forwarding-uk\/ashford-freight-forwarder\/#Freedom_Logistics_International_Ltd\" >Freedom Logistics International Ltd<\/a><\/li><li class='ez-toc-page-1 ez-toc-heading-level-2'><a class=\"ez-toc-link ez-toc-heading-7\" href=\"https:\/\/moverdb.com\/da\/freight-forwarder\/freight-forwarding-uk\/ashford-freight-forwarder\/#Allfreight_Packing_Services\" >Allfreight Pakkeservice<\/a><\/li><li class='ez-toc-page-1 ez-toc-heading-level-2'><a class=\"ez-toc-link ez-toc-heading-8\" href=\"https:\/\/moverdb.com\/da\/freight-forwarder\/freight-forwarding-uk\/ashford-freight-forwarder\/#Velta_International_Air_Freight_Office\" >Velta International Air Freight Office<\/a><\/li><li class='ez-toc-page-1 ez-toc-heading-level-2'><a class=\"ez-toc-link ez-toc-heading-9\" href=\"https:\/\/moverdb.com\/da\/freight-forwarder\/freight-forwarding-uk\/ashford-freight-forwarder\/#EasyLift_Freight_Solutions\" >EasyLift Fragtl\u00f8sninger<\/a><\/li><li class='ez-toc-page-1 ez-toc-heading-level-2'><a class=\"ez-toc-link ez-toc-heading-10\" href=\"https:\/\/moverdb.com\/da\/freight-forwarder\/freight-forwarding-uk\/ashford-freight-forwarder\/#NTS_International_Express_Ltd\" >NTS International Express Ltd<\/a><\/li><li class='ez-toc-page-1 ez-toc-heading-level-2'><a class=\"ez-toc-link ez-toc-heading-11\" href=\"https:\/\/moverdb.com\/da\/freight-forwarder\/freight-forwarding-uk\/ashford-freight-forwarder\/#Chas_Mortimer\" >Chas Mortimer<\/a><\/li><li class='ez-toc-page-1 ez-toc-heading-level-2'><a class=\"ez-toc-link ez-toc-heading-12\" href=\"https:\/\/moverdb.com\/da\/freight-forwarder\/freight-forwarding-uk\/ashford-freight-forwarder\/#The_Custom_House_Transit\" >The Custom House (Transit)<\/a><\/li><li class='ez-toc-page-1 ez-toc-heading-level-2'><a class=\"ez-toc-link ez-toc-heading-13\" href=\"https:\/\/moverdb.com\/da\/freight-forwarder\/freight-forwarding-uk\/ashford-freight-forwarder\/#How_we_picked_the_best_Ashford_Freight_Forwarding_Companies\" >S\u00e5dan valgte vi de bedste Ashford-spedit\u00f8rer<\/a><\/li><\/ul><\/nav><\/div>\n<h2><span class=\"ez-toc-section\" id=\"Rock-it_Global\"><\/span>Rock-it Global<span class=\"ez-toc-section-end\"><\/span><\/h2>\n<p><img decoding=\"async\" src=\"https:\/\/moverdb.com\/wp-content\/uploads\/AF1QipMXzbTN-eDFicPm4qmEDTgVrqaoDwPda3RJXPP-w408-h544-k-no.jpg\" alt='Rock-it Global' class=\"aligncenter\"><\/p>\n<p><strong>Beskrivelse fra virksomheden: <\/strong>Som den f\u00f8rende udbyder af spedition og logistiktjenester til live-events kombinerer Rock-it Global erfarne agenter med det mest p\u00e5lidelige globale netv\u00e6rk i branchen for at levere ekstraordin\u00e6re events.<\/p>\n<p> Vi har brugt \u00e5rtier p\u00e5 at opbygge relationer med de mest p\u00e5lidelige og akkrediterede fragtfirmaer i hele verden for at sikre, at dine forsendelser ankommer sikkert og til tiden, uanset hvor de er.<\/p>\n<p><strong>Yderligere tjenester:<\/strong><\/p>\n<p>Leveringsfirma<\/p>\n<p><strong>Adresse:<\/strong> Abbeygate House, Challenge Rd, Ashford TW15 1AX<\/p>\n<p><a href=\"http:\/\/rockit.global\/\" target=\"_new\" rel=\"noopener\">Rock-it Globals hjemmeside<\/a><\/p>\n<p><strong>Bed\u00f8mmelse: <\/strong>4.5<br \/> <strong>Antal anmeldelser:<\/strong> 40<br \/><a href=\"https:\/\/www.google.co.uk\/maps?cid=2195633308109349762&#038;hl=en&#038;gl=GB\" target=\"_new\" rel=\"noopener\">L\u00e6s anmeldelser<\/a><\/p>\n<h2><span class=\"ez-toc-section\" id=\"TLC_World_Logistics\"><\/span>TLC World Logistics<span class=\"ez-toc-section-end\"><\/span><\/h2>\n<p><img decoding=\"async\" src=\"https:\/\/moverdb.com\/wp-content\/uploads\/AF1QipPd_AwaquiUSQanF1fNMy4jib7LrJ6Kla3MoZt_w408-h544-k-no.jpg\" alt='TLC World Logistics' class=\"aligncenter\"><\/p>\n<p><strong>Beskrivelse fra virksomheden: <\/strong>At f\u00e5 dit produkt fra A til B er det minimum, du b\u00f8r forvente.<\/p>\n<p> Her hos TLC World Logistics siger vores navn det hele! Vi tager os af vores kunder og g\u00f8r alt for at v\u00e6re din \"go to\"-logistikudbyder.<\/p>\n<p>Vores dedikerede team bruger tid p\u00e5 at l\u00e6re dine krav at kende og forst\u00e5 dine unikke behov, s\u00e5 vi kan skabe en problemfri oplevelse, gang p\u00e5 gang.<\/p>\n<p>Spedition ligger i vores DNA, og ved at udnytte vores mange\u00e5rige relationer inden for luftfragt, s\u00f8fragt og vejtransport hj\u00e6lper vi med at undg\u00e5 potentielle hovedbrud og sikrer, at dit gods n\u00e5r sin endelige destination p\u00e5 det rigtige tidspunkt og i den rigtige tilstand.<\/p>\n<p><strong>Yderligere tjenester:<\/strong><\/p>\n<p>Ingen opf\u00f8rt p\u00e5 listen<\/p>\n<p><strong>Adresse:<\/strong> Enhed 23, Littleton House, Littleton Rd, Ashford TW15 1UU<\/p>\n<p><a href=\"http:\/\/tlc-wlogistics.uk\/\" target=\"_new\" rel=\"noopener\">TLC World Logistics' hjemmeside<\/a><\/p>\n<p><strong>Bed\u00f8mmelse: <\/strong>5<br \/> <strong>Antal anmeldelser:<\/strong> 3<br \/><a href=\"https:\/\/www.google.co.uk\/maps?cid=16083155512195829948&#038;hl=en&#038;gl=GB\" target=\"_new\" rel=\"noopener\">L\u00e6s anmeldelser<\/a><\/p>\n<h2><span class=\"ez-toc-section\" id=\"E_M_S_Cargo_Ltd\"><\/span>E M S Cargo Ltd<span class=\"ez-toc-section-end\"><\/span><\/h2>\n<p><img decoding=\"async\" src=\"https:\/\/moverdb.com\/wp-content\/uploads\/thumbnailpanoid7NtfghzoYVSs7rogPVJUTAcb_clientsearch.gws-prod.gpsw408h240yaw196.jpg\" alt='E M S Cargo Ltd' class=\"aligncenter\"><\/p>\n<p><strong>Beskrivelse fra virksomheden: <\/strong>Ingen angivet<\/p>\n<p><strong>Yderligere tjenester:<\/strong><\/p>\n<p>Ingen opf\u00f8rt p\u00e5 listen<\/p>\n<p><strong>Adresse:<\/strong> Ashford House, 41-45 Church Rd, Ashford TW15 2TQ<\/p>\n<p><a href=\"https:\/\/www.ems-cargo.co.uk\/\" target=\"_new\" rel=\"noopener\">E M S Cargo Ltd hjemmeside<\/a><\/p>\n<p><strong>Bed\u00f8mmelse: <\/strong>4<br \/> <strong>Antal anmeldelser:<\/strong> 1<br \/><a href=\"https:\/\/www.google.co.uk\/maps?cid=7899510178891633001&#038;hl=en&#038;gl=GB\" target=\"_new\" rel=\"noopener\">L\u00e6s anmeldelser<\/a><\/p>\n<h2><span class=\"ez-toc-section\" id=\"Moonbridge_Air_Project_Services_Ltd\"><\/span>Moonbridge Air &amp; Project Services Ltd<span class=\"ez-toc-section-end\"><\/span><\/h2>\n<p><img decoding=\"async\" src=\"https:\/\/moverdb.com\/wp-content\/uploads\/thumbnailpanoidd-5tlTL16SC9zsRxLbJZAwcb_clientsearch.gws-prod.gpsw408h240yaw269.jpg\" alt='Moonbridge Air &amp; Project Services Ltd' class=\"aligncenter\"><\/p>\n<p><strong>Beskrivelse fra virksomheden: <\/strong>Ingen angivet<\/p>\n<p><strong>Yderligere tjenester:<\/strong><\/p>\n<p>Kurertjeneste<\/p>\n<p>Leveringsfirma<\/p>\n<p>Opbevaringsfacilitet<\/p>\n<p><strong>Adresse:<\/strong> 304 Challenge Rd, Feltham, Ashford TW15 1AX<\/p>\n<p><a href=\"http:\/\/www.moonbridge.co.uk\/\" target=\"_new\" rel=\"noopener\">Moonbridge Air &amp; Project Services Ltd hjemmeside<\/a><\/p>\n<p><strong>Bed\u00f8mmelse: <\/strong>4<br \/> <strong>Antal anmeldelser:<\/strong> 1<br \/><a href=\"https:\/\/www.google.co.uk\/maps?cid=14440356351156623702&#038;hl=en&#038;gl=GB\" target=\"_new\" rel=\"noopener\">L\u00e6s anmeldelser<\/a><\/p>\n<h2><span class=\"ez-toc-section\" id=\"S-Logibis_UK_Ltd\"><\/span>S-Logibis UK Ltd<span class=\"ez-toc-section-end\"><\/span><\/h2>\n<p><img decoding=\"async\" src=\"https:\/\/moverdb.com\/wp-content\/uploads\/AF1QipOTDxMw1-hGpG44HoKGWL8P5r8UM0WuRNCHeQhMw426-h240-k-no.jpg\" alt='S-Logibis UK Ltd' class=\"aligncenter\"><\/p>\n<p><strong>Beskrivelse fra virksomheden: <\/strong>Ingen angivet<\/p>\n<p><strong>Yderligere tjenester:<\/strong><\/p>\n<p>Ingen opf\u00f8rt p\u00e5 listen<\/p>\n<p><strong>Adresse:<\/strong> Enhed 201 Challenge Rd, Feltham, Ashford TW15 1AX<\/p>\n<p><a href=\"https:\/\/s-logibis.co.uk\/contents.php?category=10&#038;code=1004\" target=\"_new\" rel=\"noopener\">S-Logibis UK Ltd hjemmeside<\/a><\/p>\n<p><strong>Bed\u00f8mmelse: <\/strong>4.4<br \/> <strong>Antal anmeldelser:<\/strong> 5<br \/><a href=\"https:\/\/www.google.co.uk\/maps?cid=6835984102190395091&#038;hl=en&#038;gl=GB\" target=\"_new\" rel=\"noopener\">L\u00e6s anmeldelser<\/a><\/p>\n<h2><span class=\"ez-toc-section\" id=\"Freedom_Logistics_International_Ltd\"><\/span>Freedom Logistics International Ltd<span class=\"ez-toc-section-end\"><\/span><\/h2>\n<p><img decoding=\"async\" src=\"https:\/\/moverdb.com\/wp-content\/uploads\/thumbnailpanoidH3zz5a7r1p-R4G5aFS56pwcb_clientsearch.gws-prod.gpsw408h240yaw98.jpg\" alt='Freedom Logistics International Ltd' class=\"aligncenter\"><\/p>\n<p><strong>Beskrivelse fra virksomheden: <\/strong>Ingen angivet<\/p>\n<p><strong>Yderligere tjenester:<\/strong><\/p>\n<p>Service til planl\u00e6gning af arrangementer<\/p>\n<p>Logistik-service<\/p>\n<p>K\u00f8letransportservice<\/p>\n<p>Lager<\/p>\n<p><strong>Adresse:<\/strong> Enhed 204, Bedfont Industrial Park, Challenge Rd, Ashford TW15 1AX<\/p>\n<p><a href=\"http:\/\/www.freedomlogisticsuk.co.uk\/\" target=\"_new\" rel=\"noopener\">Freedom Logistics International Ltd hjemmeside<\/a><\/p>\n<p><strong>Bed\u00f8mmelse: <\/strong>4.6<br \/> <strong>Antal anmeldelser:<\/strong> 10<br \/><a href=\"https:\/\/www.google.co.uk\/maps?cid=17066085133262224157&#038;hl=en&#038;gl=GB\" target=\"_new\" rel=\"noopener\">L\u00e6s anmeldelser<\/a><\/p>\n<h2><span class=\"ez-toc-section\" id=\"Allfreight_Packing_Services\"><\/span>Allfreight Pakkeservice<span class=\"ez-toc-section-end\"><\/span><\/h2>\n<p><img decoding=\"async\" src=\"https:\/\/moverdb.com\/wp-content\/uploads\/AF1QipOyI1N28LrVGYHJP56hFnzcvncZq5mCd6_ny2fxw408-h301-k-no.png\" alt='Allfreight Pakkeservice' class=\"aligncenter\"><\/p>\n<p><strong>Beskrivelse fra virksomheden: <\/strong>Ingen angivet<\/p>\n<p><strong>Yderligere tjenester:<\/strong><\/p>\n<p>Ingen opf\u00f8rt p\u00e5 listen<\/p>\n<p><strong>Adresse:<\/strong> Enhed 11, Ashford Business Complex, 166 Feltham Rd, Shepperton, Ashford TW15 1YQ<\/p>\n<p><a href=\"http:\/\/www.all-freightpacking.co.uk\/\" target=\"_new\" rel=\"noopener\">Allfreight Packing Services hjemmeside<\/a><\/p>\n<p><strong>Bed\u00f8mmelse: <\/strong>4.5<br \/> <strong>Antal anmeldelser:<\/strong> 19<br \/><a href=\"https:\/\/www.google.co.uk\/maps?cid=11733537550063034568&#038;hl=en&#038;gl=GB\" target=\"_new\" rel=\"noopener\">L\u00e6s anmeldelser<\/a><\/p>\n<h2><span class=\"ez-toc-section\" id=\"Velta_International_Air_Freight_Office\"><\/span>Velta International Air Freight Office<span class=\"ez-toc-section-end\"><\/span><\/h2>\n<p><img decoding=\"async\" src=\"https:\/\/moverdb.com\/wp-content\/uploads\/thumbnailpanoidH3zz5a7r1p-R4G5aFS56pwcb_clientsearch.gws-prod.gpsw408h240yaw102.jpg\" alt='Velta International Air Freight Office' class=\"aligncenter\"><\/p>\n<p><strong>Beskrivelse fra virksomheden: <\/strong>Ingen angivet<\/p>\n<p><strong>Yderligere tjenester:<\/strong><\/p>\n<p>Ingen opf\u00f8rt p\u00e5 listen<\/p>\n<p><strong>Adresse:<\/strong> Bygning 202, Bedfont Industrial Park North, Challenge Rd, Ashford TW15 1AX<\/p>\n<p><a href=\"http:\/\/www.velta.co.uk\/\" target=\"_new\" rel=\"noopener\">Velta International Air Freight Office hjemmeside<\/a><\/p>\n<p><strong>Bed\u00f8mmelse: <\/strong>5<br \/> <strong>Antal anmeldelser:<\/strong> 2<br \/><a href=\"https:\/\/www.google.co.uk\/maps?cid=13870450745036940580&#038;hl=en&#038;gl=GB\" target=\"_new\" rel=\"noopener\">L\u00e6s anmeldelser<\/a><\/p>\n<h2><span class=\"ez-toc-section\" id=\"EasyLift_Freight_Solutions\"><\/span>EasyLift Fragtl\u00f8sninger<span class=\"ez-toc-section-end\"><\/span><\/h2>\n<p><img decoding=\"async\" src=\"https:\/\/moverdb.com\/wp-content\/uploads\/AF1QipNoTFk2reRz4itzxpVwuzSmMHMIDP0X-M9yAK_Uw408-h544-k-no.jpg\" alt='EasyLift Fragtl\u00f8sninger' class=\"aligncenter\"><\/p>\n<p><strong>Beskrivelse fra virksomheden: <\/strong>Ingen angivet<\/p>\n<p><strong>Yderligere tjenester:<\/strong><\/p>\n<p>Distributionsservice<\/p>\n<p>Faciliteter til selvopbevaring<\/p>\n<p><strong>Adresse:<\/strong> Ashford TN24 8DH<\/p>\n<p><a href=\"https:\/\/easylift.info\/\" target=\"_new\" rel=\"noopener\">EasyLift Freight Solutions hjemmeside<\/a><\/p>\n<p><strong>Bed\u00f8mmelse: <\/strong>4.8<br \/> <strong>Antal anmeldelser:<\/strong> 12<br \/><a href=\"https:\/\/www.google.co.uk\/maps?cid=950958352833815491&#038;hl=en&#038;gl=GB\" target=\"_new\" rel=\"noopener\">L\u00e6s anmeldelser<\/a><\/p>\n<h2><span class=\"ez-toc-section\" id=\"NTS_International_Express_Ltd\"><\/span>NTS International Express Ltd<span class=\"ez-toc-section-end\"><\/span><\/h2>\n<p><img decoding=\"async\" src=\"https:\/\/moverdb.com\/wp-content\/uploads\/AF1QipMMDXPy6pvHsu76FfdjUDwqP6jdAn79G66Tg41Zw408-h273-k-no.jpg\" alt='NTS International Express Ltd' class=\"aligncenter\"><\/p>\n<p><strong>Beskrivelse fra virksomheden: <\/strong>Specialister i <a href=\"https:\/\/moverdb.com\/da\/moving-to-the-uk\/\" data-internallinksmanager029f6b8e52c=\"93\" title=\"Flytter du til Det Forenede Kongerige? 2022 Leveomkostninger og flyttetips\">UK<\/a> &amp; Europ\u00e6isk eksprestransport<\/p>\n<p><strong>Yderligere tjenester:<\/strong><\/p>\n<p>Kurertjeneste<\/p>\n<p>Transportservice<\/p>\n<p>Vognmandsfirma<\/p>\n<p><strong>Adresse:<\/strong> 3 Capel Cl, Leacon Rd, Ashford TN23 4GY<\/p>\n<p><a href=\"http:\/\/www.nts-express.co.uk\/\" target=\"_new\" rel=\"noopener\">NTS International Express Ltd hjemmeside<\/a><\/p>\n<p><strong>Bed\u00f8mmelse: <\/strong>4.7<br \/> <strong>Antal anmeldelser:<\/strong> 30<br \/><a href=\"https:\/\/www.google.co.uk\/maps?cid=18209474387153204652&#038;hl=en&#038;gl=GB\" target=\"_new\" rel=\"noopener\">L\u00e6s anmeldelser<\/a><\/p>\n<h2><span class=\"ez-toc-section\" id=\"Chas_Mortimer\"><\/span>Chas Mortimer<span class=\"ez-toc-section-end\"><\/span><\/h2>\n<p><img decoding=\"async\" src=\"https:\/\/moverdb.com\/wp-content\/uploads\/thumbnailpanoid4AZ2ZR0VKsME0G27IC11lQcb_clientsearch.gws-prod.gpsw408h240yaw18.jpg\" alt='Chas Mortimer' class=\"aligncenter\"><\/p>\n<p><strong>Beskrivelse fra virksomheden: <\/strong>Ingen angivet<\/p>\n<p><strong>Yderligere tjenester:<\/strong><\/p>\n<p>Ingen opf\u00f8rt p\u00e5 listen<\/p>\n<p><strong>Adresse:<\/strong> Charing Hill, Charing, Ashford TN27 0NL<\/p>\n<p><a href=\"http:\/\/www.chasmortimer.co.uk\/\" target=\"_new\" rel=\"noopener\">Chas Mortimers hjemmeside<\/a><\/p>\n<p><strong>Bed\u00f8mmelse: <\/strong>4.5<br \/> <strong>Antal anmeldelser:<\/strong> 13<br \/><a href=\"https:\/\/www.google.co.uk\/maps?cid=6374741749147290751&#038;hl=en&#038;gl=GB\" target=\"_new\" rel=\"noopener\">L\u00e6s anmeldelser<\/a><\/p>\n<h2><span class=\"ez-toc-section\" id=\"The_Custom_House_Transit\"><\/span>The Custom House (Transit)<span class=\"ez-toc-section-end\"><\/span><\/h2>\n<p><img decoding=\"async\" src=\"https:\/\/moverdb.com\/wp-content\/uploads\/AF1QipPoSxMCWeMcNFCXVcSmFvJEvFjuUTNYjg_e4OC_w426-h240-k-no.jpg\" alt='The Custom House (Transit)' class=\"aligncenter\"><\/p>\n<p><strong>Beskrivelse fra virksomheden: <\/strong>The Custom House er en uafh\u00e6ngig toldagent (toldm\u00e6gler) med base i Sevington n\u00e6r Ashford i Kent.<\/p>\n<p> Vi er p\u00e5 Border Force's vigtigste gr\u00e6nsekontrolsted inde i landet, det vigtigste knudepunkt i forhold til handel mellem Storbritannien og det kontinentale Europa.<\/p>\n<p>Vi faciliterer import, eksport og transit gennem hele Storbritannien. <a href=\"https:\/\/moverdb.com\/da\/top-49-container-ports\/\" data-internallinksmanager029f6b8e52c=\"80\" title=\"Top 49 st\u00f8rste og travleste containerhavne i 2025\">havne<\/a>, men specialiserer sig i handel, der passerer gennem Dover Havn og Kanaltunnelen.<\/p>\n<p><strong>Yderligere tjenester:<\/strong><\/p>\n<p>Virksomhedens kontor<\/p>\n<p><strong>Adresse:<\/strong> Enhed 21, Arrowhead Road Waterbrook, Park, Ashford TN24 0FL<\/p>\n<p><a href=\"http:\/\/www.thecustomhouse.co.uk\/\" target=\"_new\" rel=\"noopener\">Toldkammerets (Transit) hjemmeside<\/a><\/p>\n<p><strong>Bed\u00f8mmelse: <\/strong>4.4<br \/> <strong>Antal anmeldelser:<\/strong> 30<br \/><a href=\"https:\/\/www.google.co.uk\/maps?cid=13081807234282010606&#038;hl=en&#038;gl=GB\" target=\"_new\" rel=\"noopener\">L\u00e6s anmeldelser<\/a><\/p>\n<h2><span class=\"ez-toc-section\" id=\"How_we_picked_the_best_Ashford_Freight_Forwarding_Companies\"><\/span>S\u00e5dan valgte vi de bedste Ashford-spedit\u00f8rer<span class=\"ez-toc-section-end\"><\/span><\/h2>\n<p>Vi startede med et datas\u00e6t p\u00e5 18 Ashford speditionsfirmaer, som vi kunne finde via Google Maps, og indsn\u00e6vrede det til de 12 bedste.<\/p>\n<p>For at g\u00f8re dette fjernede vi alle virksomheder, der:<\/p>\n<ul>\n<li> Havde ingen hjemmeside<\/li>\n<li> Havde ingen anmeldelser<\/li>\n<li> Havde en gennemsnitlig anmeldelsesscore p\u00e5 under 2,0<\/li>\n<\/ul>\n<p>Hvis vi p\u00e5 dette tidspunkt havde 17 eller f\u00e6rre spedit\u00f8rer, listede vi dem alle.<\/p>\n<p>I de byer, hvor vi stod tilbage med mere end 17 spedit\u00f8rer, foretog vi yderligere \u00e6ndringer ved enten at \u00f8ge den kr\u00e6vede anmeldelsesscore (f.eks. fra minimum 2,0 til 4,0) og\/eller \u00f8ge det kr\u00e6vede minimumsantal anmeldelser (f.eks. fra mindst 1 anmeldelse til mindst 10).<\/p>\n<p>Bem\u00e6rk, at vi kun har brugt anmeldelsesdata fra Google Maps og ikke andre tredjepartswebsteder.<\/p>\n<p>Flere byer:<\/p>\n<p><a href=\"https:\/\/moverdb.com\/da\/speditor\/freight-forwarding-uk\/egham-freight-forwarder\/\">Egham Spedit\u00f8r<\/a><br \/><a href=\"https:\/\/moverdb.com\/da\/speditor\/freight-forwarding-uk\/leeds-freight-forwarder\/\">Spedit\u00f8r i Leeds<\/a><br \/><a href=\"https:\/\/moverdb.com\/da\/speditor\/freight-forwarding-uk\/belfast-freight-forwarder\/\">Belfast Spedit\u00f8r<\/a><br \/><a href=\"https:\/\/moverdb.com\/da\/speditor\/freight-forwarding-uk\/hayes-freight-forwarder\/\">Hayes Spedit\u00f8r<\/a><br \/><a href=\"https:\/\/moverdb.com\/da\/speditor\/freight-forwarding-uk\/bradford-freight-forwarder\/\">Bradford Spedit\u00f8r<\/a><\/p>","protected":false},"excerpt":{"rendered":"<p>Below we look at the 12 &#8220;best&#8221; Freight Forwarding companies in Ashford out of 18. To learn more about how we chose the best please consult our FAQ section at the end. Please not the following listings are in no particular order and we are not making any recommendations for any particular company. Rock-it Global [&hellip;]<\/p>\n","protected":false},"author":1,"featured_media":0,"parent":13427,"menu_order":0,"comment_status":"open","ping_status":"open","template":"","meta":{"_genesis_hide_title":false,"_genesis_hide_breadcrumbs":false,"_genesis_hide_singular_image":false,"_genesis_hide_footer_widgets":false,"_genesis_custom_body_class":"","_genesis_custom_post_class":"","_genesis_layout":"","footnotes":""},"class_list":{"0":"post-13667","1":"page","2":"type-page","3":"status-publish","5":"entry"},"_links":{"self":[{"href":"https:\/\/moverdb.com\/da\/wp-json\/wp\/v2\/pages\/13667","targetHints":{"allow":["GET"]}}],"collection":[{"href":"https:\/\/moverdb.com\/da\/wp-json\/wp\/v2\/pages"}],"about":[{"href":"https:\/\/moverdb.com\/da\/wp-json\/wp\/v2\/types\/page"}],"author":[{"embeddable":true,"href":"https:\/\/moverdb.com\/da\/wp-json\/wp\/v2\/users\/1"}],"replies":[{"embeddable":true,"href":"https:\/\/moverdb.com\/da\/wp-json\/wp\/v2\/comments?post=13667"}],"version-history":[{"count":1,"href":"https:\/\/moverdb.com\/da\/wp-json\/wp\/v2\/pages\/13667\/revisions"}],"predecessor-version":[{"id":15685,"href":"https:\/\/moverdb.com\/da\/wp-json\/wp\/v2\/pages\/13667\/revisions\/15685"}],"up":[{"embeddable":true,"href":"https:\/\/moverdb.com\/da\/wp-json\/wp\/v2\/pages\/13427"}],"wp:attachment":[{"href":"https:\/\/moverdb.com\/da\/wp-json\/wp\/v2\/media?parent=13667"}],"curies":[{"name":"wp","href":"https:\/\/api.w.org\/{rel}","templated":true}]}}