{"id":11807,"date":"2023-09-11T13:19:11","date_gmt":"2023-09-11T13:19:11","guid":{"rendered":"https:\/\/moverdb.com\/?page_id=11807"},"modified":"2026-01-08T14:46:00","modified_gmt":"2026-01-08T14:46:00","slug":"money-transfer-template","status":"publish","type":"page","link":"https:\/\/moverdb.com\/da\/international-money-transfer-services\/money-transfer-template\/","title":{"rendered":"{{mpg_company_1}} vs {{mpg_company_2}}: Sammenligning af gebyrer og anmeldelser"},"content":{"rendered":"<p>B\u00e5de {{mpg_company_1}} og {{mpg_company_2}} er popul\u00e6re. <a href=\"https:\/\/moverdb.com\/da\/international-money-transfer-services\/\" data-internallinksmanager029f6b8e52c=\"239\" title=\"De 11 bedste internationale pengeoverf\u00f8rselstjenester i 2026\">internationale pengeoverf\u00f8rselstjenester<\/a>. Men hvilken er bedst?<\/p>\n\n\n\n<p>Nedenfor sammenligner vi dem ud fra deres gebyrer og anmeldelser.<\/p>\n\n\n\n<div id=\"ez-toc-container\" class=\"ez-toc-v2_0_82_2 ez-toc-wrap-left counter-hierarchy ez-toc-counter ez-toc-transparent ez-toc-container-direction\">\n<div class=\"ez-toc-title-container\">\n<p class=\"ez-toc-title\" style=\"cursor:inherit\">Sektioner<\/p>\n<span class=\"ez-toc-title-toggle\"><a href=\"#\" class=\"ez-toc-pull-right ez-toc-btn ez-toc-btn-xs ez-toc-btn-default ez-toc-toggle\" aria-label=\"Toggle indholdsfortegnelse\"><span class=\"ez-toc-js-icon-con\"><span class=\"\"><span class=\"eztoc-hide\" style=\"display:none;\">Toggle<\/span><span class=\"ez-toc-icon-toggle-span\"><svg style=\"fill: #999;color:#999\" xmlns=\"http:\/\/www.w3.org\/2000\/svg\" class=\"list-377408\" width=\"20px\" height=\"20px\" viewbox=\"0 0 24 24\" fill=\"none\"><path d=\"M6 6H4v2h2V6zm14 0H8v2h12V6zM4 11h2v2H4v-2zm16 0H8v2h12v-2zM4 16h2v2H4v-2zm16 0H8v2h12v-2z\" fill=\"currentColor\"><\/path><\/svg><svg style=\"fill: #999;color:#999\" class=\"arrow-unsorted-368013\" xmlns=\"http:\/\/www.w3.org\/2000\/svg\" width=\"10px\" height=\"10px\" viewbox=\"0 0 24 24\" version=\"1.2\" baseprofile=\"tiny\"><path d=\"M18.2 9.3l-6.2-6.3-6.2 6.3c-.2.2-.3.4-.3.7s.1.5.3.7c.2.2.4.3.7.3h11c.3 0 .5-.1.7-.3.2-.2.3-.5.3-.7s-.1-.5-.3-.7zM5.8 14.7l6.2 6.3 6.2-6.3c.2-.2.3-.5.3-.7s-.1-.5-.3-.7c-.2-.2-.4-.3-.7-.3h-11c-.3 0-.5.1-.7.3-.2.2-.3.5-.3.7s.1.5.3.7z\"\/><\/svg><\/span><\/span><\/span><\/a><\/span><\/div>\n<nav><ul class='ez-toc-list ez-toc-list-level-1 eztoc-toggle-hide-by-default' ><li class='ez-toc-page-1 ez-toc-heading-level-2'><a class=\"ez-toc-link ez-toc-heading-1\" href=\"https:\/\/moverdb.com\/da\/international-money-transfer-services\/money-transfer-template\/#Fees\" >Gebyrer<\/a><\/li><li class='ez-toc-page-1 ez-toc-heading-level-2'><a class=\"ez-toc-link ez-toc-heading-2\" href=\"https:\/\/moverdb.com\/da\/international-money-transfer-services\/money-transfer-template\/#Reviews\" >Anmeldelser<\/a><\/li><li class='ez-toc-page-1 ez-toc-heading-level-2'><a class=\"ez-toc-link ez-toc-heading-3\" href=\"https:\/\/moverdb.com\/da\/international-money-transfer-services\/money-transfer-template\/#Features\" >Funktioner<\/a><\/li><li class='ez-toc-page-1 ez-toc-heading-level-2'><a class=\"ez-toc-link ez-toc-heading-4\" href=\"https:\/\/moverdb.com\/da\/international-money-transfer-services\/money-transfer-template\/#Company_Comparison\" >Sammenligning af virksomheder<\/a><\/li><li class='ez-toc-page-1 ez-toc-heading-level-2'><a class=\"ez-toc-link ez-toc-heading-5\" href=\"https:\/\/moverdb.com\/da\/international-money-transfer-services\/money-transfer-template\/#mpg_company_1_Pros_Cons\" >{{mpg_company_1}} Fordele og ulemper<\/a><ul class='ez-toc-list-level-3' ><li class='ez-toc-heading-level-3'><a class=\"ez-toc-link ez-toc-heading-6\" href=\"https:\/\/moverdb.com\/da\/international-money-transfer-services\/money-transfer-template\/#mpg_company_1_Pros\" >{{mpg_company_1}} Fordele<\/a><\/li><li class='ez-toc-page-1 ez-toc-heading-level-3'><a class=\"ez-toc-link ez-toc-heading-7\" href=\"https:\/\/moverdb.com\/da\/international-money-transfer-services\/money-transfer-template\/#mpg_company_1_Cons\" >{{mpg_company_1}} Ulemper<\/a><\/li><\/ul><\/li><li class='ez-toc-page-1 ez-toc-heading-level-2'><a class=\"ez-toc-link ez-toc-heading-8\" href=\"https:\/\/moverdb.com\/da\/international-money-transfer-services\/money-transfer-template\/#mpg_company_2_Pros_Cons\" >{{mpg_company_2}} Fordele og ulemper<\/a><ul class='ez-toc-list-level-3' ><li class='ez-toc-heading-level-3'><a class=\"ez-toc-link ez-toc-heading-9\" href=\"https:\/\/moverdb.com\/da\/international-money-transfer-services\/money-transfer-template\/#mpg_company_2_Pros\" >{{mpg_company_2}} Fordele<\/a><\/li><li class='ez-toc-page-1 ez-toc-heading-level-3'><a class=\"ez-toc-link ez-toc-heading-10\" href=\"https:\/\/moverdb.com\/da\/international-money-transfer-services\/money-transfer-template\/#mpg_company_2_Cons\" >{{mpg_company_2}} Ulemper<\/a><\/li><\/ul><\/li><\/ul><\/nav><\/div>\n<h2 class=\"wp-block-heading\"><span class=\"ez-toc-section\" id=\"Fees\"><\/span>Gebyrer<span class=\"ez-toc-section-end\"><\/span><\/h2>\n\n\n\n<figure class=\"wp-block-table\"><table><tbody><tr><td><\/td><td><strong><a href=\"\/da\/{{mpg_url_1}}\/\" rel=\"nofollow\">{{mpg_company_1}}<\/a><\/strong><\/td><td><strong><a href=\"\/da\/{{mpg_url_2}}\/\" rel=\"nofollow\">{{mpg_company_2}}<\/a><\/strong><\/td><\/tr><tr><td><strong>Hjemmeside<\/strong><\/td><td><a href=\"\/da\/{{mpg_url_1}}\/\" rel=\"nofollow\"><img decoding=\"async\" src=\"{{mpg_image_url_1}}\"><\/a><\/td><td><a href=\"\/da\/{{mpg_url_2}}\/\" rel=\"nofollow\"><img decoding=\"async\" src=\"{{mpg_image_url_2}}\"><\/a><\/td><\/tr><tr><td><strong>Overf\u00f8rselsgebyr<\/strong><\/td><td>{{mpg_transfer_fee_1}}<\/td><td>{{mpg_transfer_fee_2}}<\/td><\/tr><tr><td><strong>Gennemsnitlig opskrivning af valutakursen<\/strong><\/td><td>{{mpg_average_exchange_rate_markup_1}}<\/td><td>{{mpg_average_exchange_rate_markup_2}}<\/td><\/tr><tr><td><strong>Mindste overf\u00f8rselsbel\u00f8b<\/strong><\/td><td>{{mpg_minimum_transfer_amount_1}}<\/td><td>{{mpg_minimum_transfer_amount_2}}<\/td><\/tr><tr><td><strong>Maksimalt overf\u00f8rselsbel\u00f8b<\/strong><\/td><td>{{mpg_maximum_transfer_amount_1}}<\/td><td>{{mpg_maximum_transfer_amount_2}}<\/td><\/tr><\/tbody><\/table><figcaption class=\"wp-element-caption\"><em>Alle oplysninger er taget fra de enkelte virksomheders hjemmesider, men er siden blevet \u00e6ndret.<\/em> <\/figcaption><\/figure>\n\n\n<div class=\"cg-box-layout-seven    cg-orange\"  data-bottom-arrow=\"true\"><div class=\"cg-our-top-pick\">Den bedst vurderede pengeoverf\u00f8rselstjeneste<\/div><div class=\"cg-layout-row\"><div class=\"cg-layout-img\"><a href=\"https:\/\/www.currenciesdirect.com\/aff\/v1\/moverdb.php\" target=\"_blank\" rel=\"nofollow noopener\" class=\"cg-aff-link\" data-post-title=\"Currencies Direct\" data-aff-link=\"https:\/\/www.currenciesdirect.com\/aff\/v1\/moverdb.php\" data-post-type=\"box\" data-post-id=\"153684\"><img decoding=\"async\" src=\"https:\/\/moverdb.com\/wp-content\/uploads\/currencies-direct-1.png\" class=\"cg-img-1\" alt=\"Valutaer Direct\"><\/a><\/div><div class=\"cg-layout-content\"><div class=\"cg-text\"><p><span style=\"font-size: 14pt;\"><strong><a href=\"https:\/\/moverdb.com\/da\/international-money-transfer-services\/currencies-direct-review\/\" data-internallinksmanager029f6b8e52c=\"237\" title=\"Anmeldelse af Currencies Direct International Money Transfer 2023\">Valutaer Direct<\/a> <\/strong>er den bedst vurderede internationale pengeoverf\u00f8rselstjeneste p\u00e5 vores liste.<\/span><\/p><ul><li><span style=\"font-size: 14pt;\"><strong>4.9 ud af 5 <\/strong>p\u00e5 Trustpilot baseret p\u00e5 over 8.000 anmeldelser &nbsp;<\/span><\/li><li><span style=\"font-size: 14pt;\"><strong>Ingen overf\u00f8rselsgebyrer<\/strong><\/span><\/li><li><span style=\"font-size: 14pt;\">Bankslagende satser<\/span><\/li><li><span style=\"font-size: 14pt;\">Prisvindende service<\/span><\/li><li><span style=\"font-size: 14pt;\"><strong>Eksklusivt tilbud om Amazon-gavekort<\/strong> for brugere af MoverDB.com&nbsp;<\/span><\/li><\/ul><\/div><div class=\"cg-lc-button\"><span class='cta-copy'><a href=\"https:\/\/www.currenciesdirect.com\/aff\/v1\/moverdb.php\" class=\"cg-one-button cg-btn cg-red  cg-aff-link cg-btn-lg\" data-post-id=\"153684\" data-post-type=\"box\" data-aff-link=\"https:\/\/www.currenciesdirect.com\/aff\/v1\/moverdb.php\" data-style=\"default\" data-post-title=\"Currencies Direct\" data-extra=\"arrow\" style=\"\" target=\"\" rel=\"nofollow noopener\">F\u00e5 et gratis tilbud nu!<\/a><\/span><\/span>.<\/div><\/div><div class=\"cg-bottom-arrow\"><\/div><\/div><\/div>\n\n\n\n\n\n<p><\/p>\n\n\n\n<h2 class=\"wp-block-heading\"><span class=\"ez-toc-section\" id=\"Reviews\"><\/span>Anmeldelser<span class=\"ez-toc-section-end\"><\/span><\/h2>\n\n\n\n<figure class=\"wp-block-table\"><table><tbody><tr><td><\/td><td><strong><a href=\"\/da\/{{mpg_url_1}}\/\" rel=\"nofollow\">{{mpg_company_1}}<\/a><\/strong><\/td><td><strong><a href=\"\/da\/{{mpg_url_2}}\/\" rel=\"nofollow\">{{mpg_company_2}}<\/a><\/strong><\/td><\/tr><tr><td><strong>Trustpilot bed\u00f8mmelse<\/strong><\/td><td><a href=\"\/da\/{{mpg_truspilot_url_1}}\/\" target=\"_new\" rel=\"noopener\">{{mpg_trustpilot_rating_1}}<\/a><\/td><td><a href=\"\/da\/{{mpg_truspilot_url_2}}\/\" target=\"_new\" rel=\"noopener\">{{mpg_trustpilot_rating_2}}<\/a><\/td><\/tr><tr><td><strong>Antal anmeldelser p\u00e5 Trustpilot<\/strong><\/td><td>{{mpg_trustpilot_number_of_reviews_1}}<\/td><td>{{mpg_trustpilot_number_of_reviews_2}}<\/td><\/tr><tr><td><strong>Vurdering af iOS-app<\/strong><\/td><td><a href=\"\/da\/{{mpg_ios_app_url_1}}\/\" target=\"_new\" rel=\"noopener\">{{mpg_ios_app_rating_1}}<\/a><\/td><td><a href=\"\/da\/{{mpg_ios_app_url_2}}\/\" target=\"_new\" rel=\"noopener\">{{mpg_ios_app_rating_2}}<\/a><\/td><\/tr><tr><td><strong>Antal anmeldelser af iOS-apps<\/strong><\/td><td>{{mpg_ios_app_number_of_reviews_1}}<\/td><td>{{mpg_ios_app_number_of_reviews_2}}<\/td><\/tr><tr><td><strong>Vurdering af Android-app<\/strong><\/td><td><a href=\"\/da\/{{mpg_android_app_url_1}}\/\" target=\"_new\" rel=\"noopener\">{{mpg_android_app_rating_1}}<\/a><\/td><td><a href=\"\/da\/{{mpg_android_app_url_2}}\/\" target=\"_new\" rel=\"noopener\">{{mpg_android_app_rating_2}}<\/a><\/td><\/tr><tr><td>Antal anmeldelser af Android-apps<\/td><td>{{mpg_android_app_number_of_reviews_1}}<\/td><td>{{mpg_android_app_number_of_reviews_2}}<\/td><\/tr><\/tbody><\/table><figcaption class=\"wp-element-caption\"><em>Data taget fra relevante hjemmesider p\u00e5 udgivelsestidspunktet. <\/em><\/figcaption><\/figure>\n\n\n\n<p><\/p>\n\n\n\n<h2 class=\"wp-block-heading\"><span class=\"ez-toc-section\" id=\"Features\"><\/span>Funktioner<span class=\"ez-toc-section-end\"><\/span><\/h2>\n\n\n\n<figure class=\"wp-block-table\"><table><tbody><tr><td><\/td><td><strong><a href=\"\/da\/{{mpg_url_1}}\/\" rel=\"nofollow\">{{mpg_company_1}}<\/a><\/strong><\/td><td><strong><a href=\"\/da\/{{mpg_url_2}}\/\" rel=\"nofollow\">{{mpg_company_2}}<\/a><\/strong><\/td><\/tr><tr><td><strong>App-overf\u00f8rsler<\/strong><\/td><td>{{mpg_app_transfers_1}}<\/td><td>{{mpg_app_transfers_2}}<\/td><\/tr><tr><td><strong>Online-overf\u00f8rsler<\/strong><\/td><td>{{mpg_online_transfers_1}}<\/td><td>{{mpg_online_transfers_2}}<\/td><\/tr><tr><td><strong>Telefonoverf\u00f8rsler<\/strong><\/td><td>{{mpg_phone_transfers_1}}<\/td><td>{{mpg_phone_transfers_2}}<\/td><\/tr><tr><td><strong>Personlige overf\u00f8rsler<\/strong><\/td><td>{{mpg_in-person_transfers_1}}<\/td><td>{{mpg_in-person_transfers_2}}<\/td><\/tr><tr><td><strong>Tilg\u00e6ngelige lande<\/strong><\/td><td>{{mpg_available_countries_1}}<\/td><td>{{mpg_available_countries_2}}<\/td><\/tr><tr><td><strong>Antal valutaer<\/strong><\/td><td>{{mpg_number_of_currencies_1}}<\/td><td>{{mpg_number_of_currencies_2}}<\/td><\/tr><tr><td><strong>Betalingsmetoder<\/strong><\/td><td>{{mpg_payment_methods_1}}<\/td><td>{{mpg_payment_methods_2}}<\/td><\/tr><tr><td><strong>Modtagelsesmetoder<\/strong><\/td><td>{{mpg_receiving_methods_1}}<\/td><td>{{mpg_receiving_methods_2}}<\/td><\/tr><tr><td><strong>Mulighed for kontant afhentning<\/strong><\/td><td>{{mpg_cash_pickup_option_1}}<\/td><td>{{mpg_cash_pickup_option_2}}<\/td><\/tr><tr><td><strong>Fleksibilitet i betalinger<\/strong><\/td><td>{{mpg_payments_flexibility_1}}<\/td><td>{{mpg_payments_flexibility_2}}<\/td><\/tr><tr><td><strong>Underst\u00f8ttede sprog<\/strong><\/td><td>{{mpg_supported_languages_1}}<\/td><td>{{mpg_supported_languages_2}}<\/td><\/tr><tr><td><strong>Overf\u00f8rselshastighed<\/strong><\/td><td>{{mpg_transfer_speed_1}}<\/td><td>{{mpg_transfer_speed_2}}<\/td><\/tr><tr><td><strong>Dedikeret forhandler<\/strong><\/td><td>{{mpg_dedicated_dealer_1}}<\/td><td>{{mpg_dedicated_dealer_2}}<\/td><\/tr><tr><td><strong>\u00d8jeblikkeligt tilpasset tilbud<\/strong><\/td><td>{{mpg_instant_custom_quote_1}}<\/td><td>{{mpg_instant_custom_quote_2}}<\/td><\/tr><tr><td><strong>Business funktioner<\/strong><\/td><td>{{mpg_business_features_1}}<\/td><td>{{mpg_business_features_2}}<\/td><\/tr><tr><td><strong>Debetkort<\/strong><\/td><td>{{mpg_debit_card_1}}<\/td><td>{{mpg_debit_card_2}}<\/td><\/tr><tr><td><strong>Afbestillingsregler<\/strong><\/td><td>{{mpg_cancellation_policy_1}}<\/td><td>{{mpg_cancellation_policy_2}}<\/td><\/tr><tr><td><strong>Egnethed<\/strong><\/td><td>{{mpg_suitability_1}}<\/td><td>{{mpg_suitability_2}}<\/td><\/tr><\/tbody><\/table><\/figure>\n\n\n<div class=\"cg-box-layout-seven    cg-orange\"  data-bottom-arrow=\"true\"><div class=\"cg-our-top-pick\">Den bedst vurderede pengeoverf\u00f8rselstjeneste<\/div><div class=\"cg-layout-row\"><div class=\"cg-layout-img\"><a href=\"https:\/\/www.currenciesdirect.com\/aff\/v1\/moverdb.php\" target=\"_blank\" rel=\"nofollow noopener\" class=\"cg-aff-link\" data-post-title=\"Currencies Direct\" data-aff-link=\"https:\/\/www.currenciesdirect.com\/aff\/v1\/moverdb.php\" data-post-type=\"box\" data-post-id=\"153684\"><img decoding=\"async\" src=\"https:\/\/moverdb.com\/wp-content\/uploads\/currencies-direct-1.png\" class=\"cg-img-1\" alt=\"Valutaer Direct\"><\/a><\/div><div class=\"cg-layout-content\"><div class=\"cg-text\"><p><span style=\"font-size: 14pt;\"><strong>Valutaer Direct <\/strong>er den bedst vurderede internationale pengeoverf\u00f8rselstjeneste p\u00e5 vores liste.<\/span><\/p><ul><li><span style=\"font-size: 14pt;\"><strong>4.9 ud af 5 <\/strong>p\u00e5 Trustpilot baseret p\u00e5 over 8.000 anmeldelser &nbsp;<\/span><\/li><li><span style=\"font-size: 14pt;\"><strong>Ingen overf\u00f8rselsgebyrer<\/strong><\/span><\/li><li><span style=\"font-size: 14pt;\">Bankslagende satser<\/span><\/li><li><span style=\"font-size: 14pt;\">Prisvindende service<\/span><\/li><li><span style=\"font-size: 14pt;\"><strong>Eksklusivt tilbud om Amazon-gavekort<\/strong> for brugere af MoverDB.com&nbsp;<\/span><\/li><\/ul><\/div><div class=\"cg-lc-button\"><span class='cta-copy'><a href=\"https:\/\/www.currenciesdirect.com\/aff\/v1\/moverdb.php\" class=\"cg-one-button cg-btn cg-red  cg-aff-link cg-btn-lg\" data-post-id=\"153684\" data-post-type=\"box\" data-aff-link=\"https:\/\/www.currenciesdirect.com\/aff\/v1\/moverdb.php\" data-style=\"default\" data-post-title=\"Currencies Direct\" data-extra=\"arrow\" style=\"\" target=\"\" rel=\"nofollow noopener\">F\u00e5 et gratis tilbud nu!<\/a><\/span><\/span>.<\/div><\/div><div class=\"cg-bottom-arrow\"><\/div><\/div><\/div>\n\n\n\n\n\n<h2 class=\"wp-block-heading\"><span class=\"ez-toc-section\" id=\"Company_Comparison\"><\/span>Sammenligning af virksomheder<span class=\"ez-toc-section-end\"><\/span><\/h2>\n\n\n\n<figure class=\"wp-block-table\"><table><tbody><tr><td><\/td><td><strong><a href=\"\/da\/{{mpg_url_1}}\/\" rel=\"nofollow\">{{mpg_company_1}}<\/a><\/strong><\/td><td><strong><a href=\"https:\/\/moverdb.com\/wp-admin\/%7B%7Bmpg_url_2%7D%7D\">{{mpg_company_2}}<\/a><\/strong><\/td><\/tr><tr><td><strong>Grundl\u00e6ggelses\u00e5r<\/strong><\/td><td>{{mpg_yead_founded_1}}<\/td><td>{{mpg_yead_founded_2}}<\/td><\/tr><tr><td><strong>Hovedkvarter<\/strong><\/td><td>{{mpg_headquarters_1}}<\/td><td>{{mpg_headquarters_2}}<\/td><\/tr><tr><td><strong>Andre kontorsteder<\/strong><\/td><td>{{mpg_other_office_locations_1}}<\/td><td>{{mpg_other_office_locations_2}}<\/td><\/tr><tr><td><strong>\u00c5rlig handelsvolumen<\/strong><\/td><td>{{mpg_annual_trading_volume_1}}<\/td><td>{{mpg_annual_trading_volume_2}}<\/td><\/tr><tr><td><strong>Antal medarbejdere<\/strong><\/td><td>{{mpg_number_of_employees_1}}<\/td><td>{{mpg_number_of_employees_2}}<\/td><\/tr><tr><td><strong>Antal kunder<\/strong><\/td><td>{{mpg_number_of_clients_1}}<\/td><td>{{mpg_number_of_clients_2}}<\/td><\/tr><tr><td><strong>Regulerende institutioner<\/strong><\/td><td>{{mpg_regulatory_institution_1}}<\/td><td>{{mpg_regulatory_institution_2}}<\/td><\/tr><tr><td><strong>Priser<\/strong><\/td><td>{{mpg_awards_1}}<\/td><td>{{mpg_awards_2}}<\/td><\/tr><\/tbody><\/table><figcaption class=\"wp-element-caption\"><em>Data taget fra virksomhedens hjemmeside og andre tredjepartssider. De blev anset for at v\u00e6re korrekte p\u00e5 tidspunktet for offentligg\u00f8relsen, men kan have \u00e6ndret sig siden.<\/em><\/figcaption><\/figure>\n\n\n\n<h2 class=\"wp-block-heading\"><span class=\"ez-toc-section\" id=\"mpg_company_1_Pros_Cons\"><\/span>{{mpg_company_1}} Fordele og ulemper<span class=\"ez-toc-section-end\"><\/span><\/h2>\n\n\n\n<p><a href=\"\/da\/{{mpg_url_1}}\/\" rel=\"nofollow\"><img decoding=\"async\" src=\"{{mpg_image_url_1}}\"><\/a><\/p>\n\n\n\n<h3 class=\"wp-block-heading\" style=\"color: green\"><span class=\"ez-toc-section\" id=\"mpg_company_1_Pros\"><\/span>{{mpg_company_1}} Fordele<span class=\"ez-toc-section-end\"><\/span><\/h3>\n\n\n\n<p>{{mpg_pros_1}}<\/p>\n\n\n\n<h3 class=\"wp-block-heading\" style=\"color: red\"><span class=\"ez-toc-section\" id=\"mpg_company_1_Cons\"><\/span>{{mpg_company_1}} Ulemper<span class=\"ez-toc-section-end\"><\/span><\/h3>\n\n\n\n<p>{{mpg_cons_1}}<\/p>\n\n\n\n<h2 class=\"wp-block-heading\"><span class=\"ez-toc-section\" id=\"mpg_company_2_Pros_Cons\"><\/span>{{mpg_company_2}} Fordele og ulemper<span class=\"ez-toc-section-end\"><\/span><\/h2>\n\n\n\n<p><a href=\"\/da\/{{mpg_url_2}}\/\" rel=\"nofollow\"><img decoding=\"async\" src=\"{{mpg_image_url_2}}\"><\/a><\/p>\n\n\n\n<h3 class=\"wp-block-heading\" style=\"color: green\"><span class=\"ez-toc-section\" id=\"mpg_company_2_Pros\"><\/span>{{mpg_company_2}} Fordele<span class=\"ez-toc-section-end\"><\/span><\/h3>\n\n\n\n<p>{{mpg_pros_2}}<\/p>\n\n\n\n<h3 class=\"wp-block-heading\" style=\"color: red\"><span class=\"ez-toc-section\" id=\"mpg_company_2_Cons\"><\/span>{{mpg_company_2}} Ulemper<span class=\"ez-toc-section-end\"><\/span><\/h3>\n\n\n\n<p>{{mpg_cons_2}}<\/p>\n\n\n<div class=\"cg-box-layout-seven    cg-orange\"  data-bottom-arrow=\"true\"><div class=\"cg-our-top-pick\">Den bedst vurderede pengeoverf\u00f8rselstjeneste<\/div><div class=\"cg-layout-row\"><div class=\"cg-layout-img\"><a href=\"https:\/\/www.currenciesdirect.com\/aff\/v1\/moverdb.php\" target=\"_blank\" rel=\"nofollow noopener\" class=\"cg-aff-link\" data-post-title=\"Currencies Direct\" data-aff-link=\"https:\/\/www.currenciesdirect.com\/aff\/v1\/moverdb.php\" data-post-type=\"box\" data-post-id=\"153684\"><img decoding=\"async\" src=\"https:\/\/moverdb.com\/wp-content\/uploads\/currencies-direct-1.png\" class=\"cg-img-1\" alt=\"Valutaer Direct\"><\/a><\/div><div class=\"cg-layout-content\"><div class=\"cg-text\"><p><span style=\"font-size: 14pt;\"><strong>Valutaer Direct <\/strong>er den bedst vurderede internationale pengeoverf\u00f8rselstjeneste p\u00e5 vores liste.<\/span><\/p><ul><li><span style=\"font-size: 14pt;\"><strong>4.9 ud af 5 <\/strong>p\u00e5 Trustpilot baseret p\u00e5 over 8.000 anmeldelser &nbsp;<\/span><\/li><li><span style=\"font-size: 14pt;\"><strong>Ingen overf\u00f8rselsgebyrer<\/strong><\/span><\/li><li><span style=\"font-size: 14pt;\">Bankslagende satser<\/span><\/li><li><span style=\"font-size: 14pt;\">Prisvindende service<\/span><\/li><li><span style=\"font-size: 14pt;\"><strong>Eksklusivt tilbud om Amazon-gavekort<\/strong> for brugere af MoverDB.com&nbsp;<\/span><\/li><\/ul><\/div><div class=\"cg-lc-button\"><span class='cta-copy'><a href=\"https:\/\/www.currenciesdirect.com\/aff\/v1\/moverdb.php\" class=\"cg-one-button cg-btn cg-red  cg-aff-link cg-btn-lg\" data-post-id=\"153684\" data-post-type=\"box\" data-aff-link=\"https:\/\/www.currenciesdirect.com\/aff\/v1\/moverdb.php\" data-style=\"default\" data-post-title=\"Currencies Direct\" data-extra=\"arrow\" style=\"\" target=\"\" rel=\"nofollow noopener\">F\u00e5 et gratis tilbud nu!<\/a><\/span><\/span>.<\/div><\/div><div class=\"cg-bottom-arrow\"><\/div><\/div><\/div>\n\n\n\n\n<\/p>\n<p>Se flere sammenligninger:<\/p>\n<p>{{mpg_link}}<\/p>\n\n\n<p><\/p>","protected":false},"excerpt":{"rendered":"<p>Both {{mpg_company_1}} and {{mpg_company_2}} are popular international money transfer services. But which one is better? Below we compare them on their fees and reviews. Fees {{mpg_company_1}} {{mpg_company_2}} Homepage Transfer Fee {{mpg_transfer_fee_1}} {{mpg_transfer_fee_2}} Average Exchange Rate Markup {{mpg_average_exchange_rate_markup_1}} {{mpg_average_exchange_rate_markup_2}} Minimum Transfer Amount {{mpg_minimum_transfer_amount_1}} {{mpg_minimum_transfer_amount_2}} Maximum Transfer Amount {{mpg_maximum_transfer_amount_1}} {{mpg_maximum_transfer_amount_2}} All information taken from each company&#8217;s website, [&hellip;]<\/p>\n","protected":false},"author":1,"featured_media":0,"parent":7319,"menu_order":0,"comment_status":"closed","ping_status":"closed","template":"","meta":{"_genesis_hide_title":false,"_genesis_hide_breadcrumbs":false,"_genesis_hide_singular_image":false,"_genesis_hide_footer_widgets":false,"_genesis_custom_body_class":"","_genesis_custom_post_class":"","_genesis_layout":"","footnotes":""},"class_list":{"0":"post-11807","1":"page","2":"type-page","3":"status-publish","5":"entry"},"_links":{"self":[{"href":"https:\/\/moverdb.com\/da\/wp-json\/wp\/v2\/pages\/11807","targetHints":{"allow":["GET"]}}],"collection":[{"href":"https:\/\/moverdb.com\/da\/wp-json\/wp\/v2\/pages"}],"about":[{"href":"https:\/\/moverdb.com\/da\/wp-json\/wp\/v2\/types\/page"}],"author":[{"embeddable":true,"href":"https:\/\/moverdb.com\/da\/wp-json\/wp\/v2\/users\/1"}],"replies":[{"embeddable":true,"href":"https:\/\/moverdb.com\/da\/wp-json\/wp\/v2\/comments?post=11807"}],"version-history":[{"count":27,"href":"https:\/\/moverdb.com\/da\/wp-json\/wp\/v2\/pages\/11807\/revisions"}],"predecessor-version":[{"id":15503,"href":"https:\/\/moverdb.com\/da\/wp-json\/wp\/v2\/pages\/11807\/revisions\/15503"}],"up":[{"embeddable":true,"href":"https:\/\/moverdb.com\/da\/wp-json\/wp\/v2\/pages\/7319"}],"wp:attachment":[{"href":"https:\/\/moverdb.com\/da\/wp-json\/wp\/v2\/media?parent=11807"}],"curies":[{"name":"wp","href":"https:\/\/api.w.org\/{rel}","templated":true}]}}