{"id":11666,"date":"2023-11-29T10:31:41","date_gmt":"2023-11-29T10:31:41","guid":{"rendered":"https:\/\/moverdb.com\/?page_id=11666"},"modified":"2026-01-08T15:24:27","modified_gmt":"2026-01-08T15:24:27","slug":"moving-companies-us-tennessee","status":"publish","type":"page","link":"https:\/\/moverdb.com\/da\/moving-companies\/moving-companies-us-tennessee\/","title":{"rendered":"De 3 bedste internationale flyttefirmaer i Tennessee"},"content":{"rendered":"<p>Planl\u00e6gger du en flytning? S\u00e5 er det en god id\u00e9 at engagere en <a href=\"https:\/\/moverdb.com\/da\/moving-companies\/\" data-internallinksmanager029f6b8e52c=\"79\" title=\"Top 25 internationale flyttefirmaer online\">flyttefirma<\/a> kan virkelig hj\u00e6lpe med at lette arbejdsbyrden. De kan hj\u00e6lpe med at planl\u00e6gge din flytning, arrangere transport, pakke dine ejendele og h\u00e5ndtere tolden ved internationale flytninger. Nedenfor har vi samlet en liste over <a href=\"https:\/\/moverdb.com\/da\/moving-to-the-united-states\/moving-to-tennessee\/\" data-internallinksmanager029f6b8e52c=\"406\" title=\"Flytning til Tennessee? 2026 Leveomkostninger og tips til flytning\">Tennessee<\/a> baseret <a href=\"https:\/\/moverdb.com\/da\/international-removals\/\" data-internallinksmanager029f6b8e52c=\"27\" title=\"De 36 bedste internationale flyttefirmaer i Storbritannien\">flyttefirmaer<\/a> der er medlemmer af den <a href=\"https:\/\/moverdb.com\/da\/iam\/\" data-internallinksmanager029f6b8e52c=\"23\" title=\"International Association of Movers (IAM) Forklaret\">Den internationale sammenslutning af flyttefirmaer<\/a> (IAM) og\/eller <a href=\"https:\/\/moverdb.com\/da\/fidi-faim\/\" data-internallinksmanager029f6b8e52c=\"16\" title=\"FIDI &amp; FAIM (FIDI Accredited International Mover) forklaret\">FIDI<\/a> akkrediteret international flyttevirksomhed (FAIM), som kan hj\u00e6lpe dig med din flytning.<\/p>\n<h2><strong>1. Apex Flytning &amp; Opbevaring<\/strong><\/h2>\n<p><img loading=\"lazy\" decoding=\"async\" class=\"alignnone size-full wp-image-11256\" src=\"https:\/\/moverdb.com\/wp-content\/uploads\/Apex-Moving-Storage-international-moving-company.png\" alt=\"Apex Moving &amp; Storage internationalt flyttefirma\" width=\"1440\" height=\"680\" data-wp-pid=\"11256\" srcset=\"https:\/\/moverdb.com\/wp-content\/uploads\/Apex-Moving-Storage-international-moving-company.png 1440w, https:\/\/moverdb.com\/wp-content\/uploads\/Apex-Moving-Storage-international-moving-company-300x142.png 300w, https:\/\/moverdb.com\/wp-content\/uploads\/Apex-Moving-Storage-international-moving-company-1024x484.png 1024w, https:\/\/moverdb.com\/wp-content\/uploads\/Apex-Moving-Storage-international-moving-company-18x9.png 18w, https:\/\/moverdb.com\/wp-content\/uploads\/Apex-Moving-Storage-international-moving-company-600x283.png 600w\" sizes=\"auto, (max-width: 1440px) 100vw, 1440px\" \/><\/p>\n<ul>\n<li>Lokale og langdistanceflytninger<\/li>\n<li>Internationale flytninger<\/li>\n<li>Flytning af boliger<\/li>\n<li>Kommercielle flytninger<\/li>\n<li>Flytning af virksomheder<\/li>\n<li>Fuld pakningsservice<\/li>\n<li>Transportordninger<\/li>\n<li>Toldklarering<\/li>\n<li>Teknologi til sporing af lastbiler<\/li>\n<li>Opbevaringstjenester<\/li>\n<\/ul>\n<p>Apex Moving &amp; Storage er et flyttefirma, der blev grundlagt i 1972 og har base i Antioch. De er en Atlas Interstate Agent, som forbinder dem med et internationalt netv\u00e6rk af professionelle flyttem\u00e6nd til at st\u00f8tte dem. De er medlem af IAM med 45 \u00e5rs erfaring.<\/p>\n<p>Apex Moving &amp; Storage tager sig af b\u00e5de sm\u00e5 og store flytninger og kan skabe budgetvenlige l\u00f8sninger, der passer til alle behov. De tilbyder d\u00f8r-til-d\u00f8r-flytteservice med en konsultation f\u00f8r flytningen, og en personlig flyttekoordinator vil blive udpeget til at st\u00f8tte dig. De tilbyder en komplet pakkeservice, og de vil arrangere transport med toldklarering, hvis du flytter til udlandet.<\/p>\n<p>Hjemmeside: <a href=\"http:\/\/www.apexmoving.com\/\" target=\"_blank\" rel=\"noopener\">http:\/\/www.apexmoving.com\/<\/a><\/p>\n<h2><strong>2. Elizabeths Flytteservice<\/strong><\/h2>\n<p><img loading=\"lazy\" decoding=\"async\" class=\"alignnone size-full wp-image-11315\" src=\"https:\/\/moverdb.com\/wp-content\/uploads\/Elizabeths-Moving-Service-international-moving-company.png\" alt=\"Elizabeths Flytteservice internationalt flyttefirma\" width=\"1440\" height=\"675\" data-wp-pid=\"11315\" srcset=\"https:\/\/moverdb.com\/wp-content\/uploads\/Elizabeths-Moving-Service-international-moving-company.png 1440w, https:\/\/moverdb.com\/wp-content\/uploads\/Elizabeths-Moving-Service-international-moving-company-300x141.png 300w, https:\/\/moverdb.com\/wp-content\/uploads\/Elizabeths-Moving-Service-international-moving-company-1024x480.png 1024w, https:\/\/moverdb.com\/wp-content\/uploads\/Elizabeths-Moving-Service-international-moving-company-18x8.png 18w, https:\/\/moverdb.com\/wp-content\/uploads\/Elizabeths-Moving-Service-international-moving-company-600x281.png 600w\" sizes=\"auto, (max-width: 1440px) 100vw, 1440px\" \/><\/p>\n<ul>\n<li>Lokale flytninger<\/li>\n<li>Langdistanceflytninger<\/li>\n<li>Flytning af husholdninger<\/li>\n<li>Kontor- og erhvervsflytninger<\/li>\n<li>Skr\u00e6ddersyet flytteplan<\/li>\n<li>Emballage service<\/li>\n<li>Transportordninger<\/li>\n<li>Installation af apparater<\/li>\n<li>H\u00e5ndtering af kunst<\/li>\n<li>Sikre opbevaringsfaciliteter<\/li>\n<\/ul>\n<p>Elizabeth's Moving Service er et flytte- og opbevaringsfirma med base i Chattanooga. De er medlem af IAM og har seks \u00e5rs erfaring, hvilket giver dem et netv\u00e6rk af flytteagenter, som de kan samarbejde med om at levere tjenester uden for deres eget omr\u00e5de.<\/p>\n<p>Elizabeth's Moving Service tilbyder en unders\u00f8gelse i hjemmet for at give et pr\u00e6cist tilbud. De tilbyder full-service flytninger, hvor de pakker og sender dine ejendele til lokale, langdistance og internationale flytninger. De tilbyder pakkeservice af h\u00f8j kvalitet med uddannede pakkere, der beskytter dine ejendele under transporten, hvilket inkluderer tr\u00e6kasser til skr\u00f8belige genstande og beskyttelse af dit hjem under flytningen.<\/p>\n<p>Hjemmeside: <a href=\"http:\/\/www.elizabethsmoving.com\" target=\"_blank\" rel=\"noopener\">http:\/\/www.elizabethsmoving.com<\/a><\/p>\n<h2><strong>3. Still Transfer Company<\/strong><\/h2>\n<p><img loading=\"lazy\" decoding=\"async\" class=\"alignnone size-full wp-image-11449\" src=\"https:\/\/moverdb.com\/wp-content\/uploads\/Still-Transfer-Company-international-moving-company.png\" alt=\"Still Transfer Company internationalt flyttefirma\" width=\"1440\" height=\"677\" data-wp-pid=\"11449\" srcset=\"https:\/\/moverdb.com\/wp-content\/uploads\/Still-Transfer-Company-international-moving-company.png 1440w, https:\/\/moverdb.com\/wp-content\/uploads\/Still-Transfer-Company-international-moving-company-300x141.png 300w, https:\/\/moverdb.com\/wp-content\/uploads\/Still-Transfer-Company-international-moving-company-1024x481.png 1024w, https:\/\/moverdb.com\/wp-content\/uploads\/Still-Transfer-Company-international-moving-company-18x8.png 18w, https:\/\/moverdb.com\/wp-content\/uploads\/Still-Transfer-Company-international-moving-company-600x282.png 600w\" sizes=\"auto, (max-width: 1440px) 100vw, 1440px\" \/><\/p>\n<ul>\n<li>Lokale og langdistanceflytninger<\/li>\n<li>Internationale flytninger<\/li>\n<li>Flytning af boliger<\/li>\n<li>Flytning af virksomheder og kontorer<\/li>\n<li>Emballage service<\/li>\n<li>Transportordninger<\/li>\n<li>Toldm\u00e6glervirksomhed<\/li>\n<li>Bev\u00e6gelser til musikinstrumenter<\/li>\n<li>Sikker kort- og langtidsopbevaring<\/li>\n<\/ul>\n<p>Still Transfer Company er et flytte- og speditionsfirma, der blev grundlagt i 1928 og har base i Kingsport. De er medlem af IAM med 95 \u00e5rs erfaring, hvilket giver dem et verdensomsp\u00e6ndende netv\u00e6rk af flyttefirmaer, som de kan samarbejde med om at levere tjenester.<\/p>\n<p>Still Transfer Company tilbyder sm\u00e5 og store flytteservices til lokale, langdistance og internationale flytninger til bolig, handel, kontor og industri. De tilbyder flytte- og pakkeservice for at flytte dine ejendele sikkert til din destination, og de tilbyder ogs\u00e5 toldklarering. De tilbyder ogs\u00e5 sikre opbevaringsfaciliteter p\u00e5 kort eller lang sigt.<\/p>\n<p>Hjemmeside: <a href=\"http:\/\/www.stilltransfer.net\" target=\"_blank\" rel=\"noopener\">http:\/\/www.stilltransfer.net<\/a><\/p>","protected":false},"excerpt":{"rendered":"<p>Are you planning a move? Then engaging the services of a moving company could really help ease the workload. They can assist with planning your move, transportation arrangements, packing your belongings and handling customs on international moves. Below we have compiled a list of Tennessee based removal companies that are members of the International Association [&hellip;]<\/p>\n","protected":false},"author":4,"featured_media":11256,"parent":190,"menu_order":0,"comment_status":"closed","ping_status":"closed","template":"","meta":{"_genesis_hide_title":false,"_genesis_hide_breadcrumbs":false,"_genesis_hide_singular_image":false,"_genesis_hide_footer_widgets":false,"_genesis_custom_body_class":"","_genesis_custom_post_class":"","_genesis_layout":"","footnotes":""},"class_list":{"0":"post-11666","1":"page","2":"type-page","3":"status-publish","4":"has-post-thumbnail","6":"entry"},"_links":{"self":[{"href":"https:\/\/moverdb.com\/da\/wp-json\/wp\/v2\/pages\/11666","targetHints":{"allow":["GET"]}}],"collection":[{"href":"https:\/\/moverdb.com\/da\/wp-json\/wp\/v2\/pages"}],"about":[{"href":"https:\/\/moverdb.com\/da\/wp-json\/wp\/v2\/types\/page"}],"author":[{"embeddable":true,"href":"https:\/\/moverdb.com\/da\/wp-json\/wp\/v2\/users\/4"}],"replies":[{"embeddable":true,"href":"https:\/\/moverdb.com\/da\/wp-json\/wp\/v2\/comments?post=11666"}],"version-history":[{"count":1,"href":"https:\/\/moverdb.com\/da\/wp-json\/wp\/v2\/pages\/11666\/revisions"}],"predecessor-version":[{"id":11667,"href":"https:\/\/moverdb.com\/da\/wp-json\/wp\/v2\/pages\/11666\/revisions\/11667"}],"up":[{"embeddable":true,"href":"https:\/\/moverdb.com\/da\/wp-json\/wp\/v2\/pages\/190"}],"wp:featuredmedia":[{"embeddable":true,"href":"https:\/\/moverdb.com\/da\/wp-json\/wp\/v2\/media\/11256"}],"wp:attachment":[{"href":"https:\/\/moverdb.com\/da\/wp-json\/wp\/v2\/media?parent=11666"}],"curies":[{"name":"wp","href":"https:\/\/api.w.org\/{rel}","templated":true}]}}