{"id":11659,"date":"2023-11-29T10:20:43","date_gmt":"2023-11-29T10:20:43","guid":{"rendered":"https:\/\/moverdb.com\/?page_id=11659"},"modified":"2026-05-15T15:00:35","modified_gmt":"2026-05-15T15:00:35","slug":"moving-companies-us-south-carolina","status":"publish","type":"page","link":"https:\/\/moverdb.com\/da\/moving-companies\/moving-companies-us-south-carolina\/","title":{"rendered":"De 2 bedste internationale flyttefirmaer i South Carolina"},"content":{"rendered":"<p>Det kan v\u00e6re overv\u00e6ldende at flytte, fordi der er s\u00e5 meget, der skal g\u00f8res, s\u00e5som planl\u00e6gning, pakning, transport og toldbehandling, hvis man flytter til udlandet. A <a href=\"https:\/\/moverdb.com\/da\/moving-companies\/\" data-internallinksmanager029f6b8e52c=\"79\" title=\"Top 25 internationale flyttefirmaer online\">flyttefirma<\/a> kan hj\u00e6lpe dig med noget af eller det hele. Nedenfor har vi samlet en liste over <a href=\"https:\/\/moverdb.com\/da\/moving-to-the-united-states\/moving-to-south-carolina\/\" data-internallinksmanager029f6b8e52c=\"408\" title=\"Flytning til South Carolina? 2026 Leveomkostninger og tips til flytning\">South Carolina<\/a> baseret <a href=\"https:\/\/moverdb.com\/da\/international-removals\/\" data-internallinksmanager029f6b8e52c=\"27\" title=\"De 36 bedste internationale flyttefirmaer i Storbritannien\">flyttefirmaer<\/a> der er medlemmer af den <a href=\"https:\/\/moverdb.com\/da\/iam\/\" data-internallinksmanager029f6b8e52c=\"23\" title=\"International Association of Movers (IAM) Forklaret\">Den internationale sammenslutning af flyttefirmaer<\/a> (IAM) og\/eller <a href=\"https:\/\/moverdb.com\/da\/fidi-faim\/\" data-internallinksmanager029f6b8e52c=\"16\" title=\"FIDI &amp; FAIM (FIDI Accredited International Mover) forklaret\">FIDI<\/a> Accredited International Mover (FAIM), som kan hj\u00e6lpe dig med din flytning.<\/p>\n<h2><strong>1. Carrie internationale fragtservices<\/strong><\/h2>\n<p><img loading=\"lazy\" decoding=\"async\" class=\"alignnone size-full wp-image-11282\" src=\"https:\/\/moverdb.com\/wp-content\/uploads\/Carrie-International-Freight-Services-moving-company.png\" alt=\"Carrie International Freight Services flyttefirma\" width=\"1440\" height=\"675\" data-wp-pid=\"11282\" srcset=\"https:\/\/moverdb.com\/wp-content\/uploads\/Carrie-International-Freight-Services-moving-company.png 1440w, https:\/\/moverdb.com\/wp-content\/uploads\/Carrie-International-Freight-Services-moving-company-300x141.png 300w, https:\/\/moverdb.com\/wp-content\/uploads\/Carrie-International-Freight-Services-moving-company-1024x480.png 1024w, https:\/\/moverdb.com\/wp-content\/uploads\/Carrie-International-Freight-Services-moving-company-18x8.png 18w, https:\/\/moverdb.com\/wp-content\/uploads\/Carrie-International-Freight-Services-moving-company-600x281.png 600w\" sizes=\"auto, (max-width: 1440px) 100vw, 1440px\" \/><\/p>\n<ul>\n<li>Import- og eksporttjenester<\/li>\n<li>International fragt<\/li>\n<li>Flytning af husholdninger<\/li>\n<li>Kommerciel fragt<\/li>\n<li>Personaliserede tjenester<\/li>\n<li>H\u00e5ndtering af transport<\/li>\n<li>S\u00f8fragt<\/li>\n<li>Toldm\u00e6glervirksomhed<\/li>\n<li>Antik h\u00e5ndtering<\/li>\n<li><a href=\"https:\/\/moverdb.com\/da\/car-transport-shipping\/\" data-internallinksmanager029f6b8e52c=\"2\" title=\"2026 tilbud p\u00e5 international biltransport og forsendelse af k\u00f8ret\u00f8jer\">Forsendelse af k\u00f8ret\u00f8jer<\/a><\/li>\n<\/ul>\n<p>Carrie International Freight Services er en s\u00f8transport <a href=\"https:\/\/moverdb.com\/da\/freight-forwarder\/\" data-internallinksmanager029f6b8e52c=\"17\" title=\"Guide til internationale omkostninger og virksomheder for spedit\u00f8rer og NVOCC&#039;er\">spedit\u00f8r<\/a> og toldm\u00e6gler med hovedkvarter i Charleston. De tilbyder deres tjenester i hele <a href=\"https:\/\/moverdb.com\/da\/moving-to-the-united-states\/\" data-internallinksmanager029f6b8e52c=\"94\" title=\"Flytter du til USA? 2022 Leveomkostninger og flyttetips\">USA<\/a> og til og fra mange lande rundt om i verden. De er medlem af IAM, hvilket giver dem adgang til et internationalt netv\u00e6rk af flytteagenter, som de kan arbejde sammen med.<\/p>\n<p>Carrie International Freight Services tilbyder personlige og professionelle tjenester, der er skr\u00e6ddersyet til deres kunders behov. De tilbyder udelukkende s\u00f8fragt, og de h\u00e5ndterer al import og eksport af en bred vifte af varer, herunder husholdningsartikler, antikviteter og motork\u00f8ret\u00f8jer.<\/p>\n<p>Hjemmeside: <a href=\"http:\/\/www.cifservices.com\" target=\"_blank\" rel=\"noopener\">http:\/\/www.cifservices.com<\/a><\/p>\n<h2><strong>2. Nilson Van &amp; Storage<\/strong><\/h2>\n<p><img loading=\"lazy\" decoding=\"async\" class=\"alignnone size-full wp-image-11395\" src=\"https:\/\/moverdb.com\/wp-content\/uploads\/Nilson-Van-Storage-international-moving-company.png\" alt=\"Nilson Van &amp; Storage internationalt flyttefirma\" width=\"1440\" height=\"675\" data-wp-pid=\"11395\" srcset=\"https:\/\/moverdb.com\/wp-content\/uploads\/Nilson-Van-Storage-international-moving-company.png 1440w, https:\/\/moverdb.com\/wp-content\/uploads\/Nilson-Van-Storage-international-moving-company-300x141.png 300w, https:\/\/moverdb.com\/wp-content\/uploads\/Nilson-Van-Storage-international-moving-company-1024x480.png 1024w, https:\/\/moverdb.com\/wp-content\/uploads\/Nilson-Van-Storage-international-moving-company-18x8.png 18w, https:\/\/moverdb.com\/wp-content\/uploads\/Nilson-Van-Storage-international-moving-company-600x281.png 600w\" sizes=\"auto, (max-width: 1440px) 100vw, 1440px\" \/><\/p>\n<ul>\n<li>Lokale og langdistanceflytninger<\/li>\n<li>Internationale flytninger<\/li>\n<li>Flytning af boliger<\/li>\n<li>Kommercielle flytninger<\/li>\n<li>Flytning af virksomheder<\/li>\n<li>Emballage service<\/li>\n<li>Transport til lands, i luften og til s\u00f8s<\/li>\n<li>Transport af k\u00f8ret\u00f8jer<\/li>\n<li>Forsikring<\/li>\n<li>Opbevaringsmuligheder<\/li>\n<\/ul>\n<p>Nilson Van &amp; Storage er et pakke-, flytte- og opbevaringsfirma, der blev etableret i 1938 og har base i Columbia, South Carolina. De er en del af Mayflower Movers, som udvider deres netv\u00e6rk af flytteagenter, der kan st\u00f8tte dem med levering af deres tjenester til over 160 lande. De er medlem af IAM med 85 \u00e5rs erfaring.<\/p>\n<p>Nilson Van &amp; Storage tilbyder en pakkeservice med dygtige flyttefolk, der pakker dine ejendele sikkert og udarbejder en detaljeret opg\u00f8relse. De vil arrangere transport af dine ting med sporingsoplysninger, s\u00e5 du ved, hvor dine ting er.<\/p>\n<p>Hjemmeside: <a href=\"http:\/\/www.nilsonvan.com\/\" target=\"_blank\" rel=\"noopener\">http:\/\/www.nilsonvan.com\/<\/a><\/p>","protected":false},"excerpt":{"rendered":"<p>Moving can be overwhelming as there is so much to do such as planning, packing, arranging transport and if moving abroad customs handling. A moving company can assist you with some or all of this. Below we have compiled a list of South Carolina based removal companies that are members of the International Association of [&hellip;]<\/p>\n","protected":false},"author":4,"featured_media":11282,"parent":190,"menu_order":0,"comment_status":"closed","ping_status":"closed","template":"","meta":{"_genesis_hide_title":false,"_genesis_hide_breadcrumbs":false,"_genesis_hide_singular_image":false,"_genesis_hide_footer_widgets":false,"_genesis_custom_body_class":"","_genesis_custom_post_class":"","_genesis_layout":"","footnotes":""},"class_list":{"0":"post-11659","1":"page","2":"type-page","3":"status-publish","4":"has-post-thumbnail","6":"entry"},"_links":{"self":[{"href":"https:\/\/moverdb.com\/da\/wp-json\/wp\/v2\/pages\/11659","targetHints":{"allow":["GET"]}}],"collection":[{"href":"https:\/\/moverdb.com\/da\/wp-json\/wp\/v2\/pages"}],"about":[{"href":"https:\/\/moverdb.com\/da\/wp-json\/wp\/v2\/types\/page"}],"author":[{"embeddable":true,"href":"https:\/\/moverdb.com\/da\/wp-json\/wp\/v2\/users\/4"}],"replies":[{"embeddable":true,"href":"https:\/\/moverdb.com\/da\/wp-json\/wp\/v2\/comments?post=11659"}],"version-history":[{"count":1,"href":"https:\/\/moverdb.com\/da\/wp-json\/wp\/v2\/pages\/11659\/revisions"}],"predecessor-version":[{"id":11660,"href":"https:\/\/moverdb.com\/da\/wp-json\/wp\/v2\/pages\/11659\/revisions\/11660"}],"up":[{"embeddable":true,"href":"https:\/\/moverdb.com\/da\/wp-json\/wp\/v2\/pages\/190"}],"wp:featuredmedia":[{"embeddable":true,"href":"https:\/\/moverdb.com\/da\/wp-json\/wp\/v2\/media\/11282"}],"wp:attachment":[{"href":"https:\/\/moverdb.com\/da\/wp-json\/wp\/v2\/media?parent=11659"}],"curies":[{"name":"wp","href":"https:\/\/api.w.org\/{rel}","templated":true}]}}