{"id":11624,"date":"2023-11-22T15:50:03","date_gmt":"2023-11-22T15:50:03","guid":{"rendered":"https:\/\/moverdb.com\/?page_id=11624"},"modified":"2026-01-08T15:30:12","modified_gmt":"2026-01-08T15:30:12","slug":"moving-companies-nevada","status":"publish","type":"page","link":"https:\/\/moverdb.com\/da\/moving-companies\/moving-companies-nevada\/","title":{"rendered":"De bedste internationale flyttefirmaer i Nevada"},"content":{"rendered":"<p>At flytte kan v\u00e6re en af de mest stressende perioder i ens liv, s\u00e5 hvorfor fors\u00f8ge at g\u00f8re det hele selv? A <a href=\"https:\/\/moverdb.com\/da\/moving-companies\/\" data-internallinksmanager029f6b8e52c=\"79\" title=\"Top 25 internationale flyttefirmaer online\">flyttefirma<\/a> kan p\u00e5tage sig mange af opgaverne s\u00e5som at organisere flytningen, arrangere transport, pakke og udfylde papirer. Nedenfor har vi samlet en liste over <a href=\"https:\/\/moverdb.com\/da\/moving-to-the-united-states\/moving-to-nevada\/\" data-internallinksmanager029f6b8e52c=\"457\" title=\"Flytning til Nevada? 2024 Leveomkostninger og tips til flytning\">Nevada<\/a> baseret <a href=\"https:\/\/moverdb.com\/da\/international-removals\/\" data-internallinksmanager029f6b8e52c=\"27\" title=\"De 36 bedste internationale flyttefirmaer i Storbritannien\">flyttefirmaer<\/a> der er medlemmer af den <a href=\"https:\/\/moverdb.com\/da\/iam\/\" data-internallinksmanager029f6b8e52c=\"23\" title=\"International Association of Movers (IAM) Forklaret\">Den internationale sammenslutning af flyttefirmaer<\/a> (IAM) og\/eller <a href=\"https:\/\/moverdb.com\/da\/fidi-faim\/\" data-internallinksmanager029f6b8e52c=\"16\" title=\"FIDI &amp; FAIM (FIDI Accredited International Mover) forklaret\">FIDI<\/a> Accredited International Mover (FAIM), som kan hj\u00e6lpe dig med din flytning.<\/p>\n<h2><strong>RenoRelo<\/strong><\/h2>\n<p><img loading=\"lazy\" decoding=\"async\" class=\"alignnone size-full wp-image-11423\" src=\"https:\/\/moverdb.com\/wp-content\/uploads\/RenoRelo-international-moving-company.png\" alt=\"RenoRelo internationalt flyttefirma\" width=\"1440\" height=\"679\" data-wp-pid=\"11423\" srcset=\"https:\/\/moverdb.com\/wp-content\/uploads\/RenoRelo-international-moving-company.png 1440w, https:\/\/moverdb.com\/wp-content\/uploads\/RenoRelo-international-moving-company-300x141.png 300w, https:\/\/moverdb.com\/wp-content\/uploads\/RenoRelo-international-moving-company-1024x483.png 1024w, https:\/\/moverdb.com\/wp-content\/uploads\/RenoRelo-international-moving-company-18x8.png 18w, https:\/\/moverdb.com\/wp-content\/uploads\/RenoRelo-international-moving-company-600x283.png 600w\" sizes=\"auto, (max-width: 1440px) 100vw, 1440px\" \/><\/p>\n<ul>\n<li>Lokale og nationale flytninger<\/li>\n<li>Verdensomsp\u00e6ndende bev\u00e6gelser<\/li>\n<li>Flytning af boliger<\/li>\n<li>Flytning af virksomheder og kontorer<\/li>\n<li>Flytning af virksomheder<\/li>\n<li>L\u00f8sninger med fuld service<\/li>\n<li>Emballage service<\/li>\n<li>Kasser<\/li>\n<li>Transportordninger<\/li>\n<li>Opbevaringsfaciliteter<\/li>\n<\/ul>\n<p>RenoRelo er et full-service flyttefirma med afdelinger i Reno, Spokane og Boise. De er agent for United Van Lines, hvilket giver dem et netv\u00e6rk af flyttefirmaer, som de kan samarbejde med om at levere deres tjenester uden for deres egne omr\u00e5der. De er medlem af IAM med fem \u00e5rs erfaring.<\/p>\n<p>RenoRelo tilbyder komplette flyttel\u00f8sninger til bolig-, erhvervs- og kontorflytninger samt virksomhedsflytninger inden for <a href=\"https:\/\/moverdb.com\/da\/moving-to-the-united-states\/\" data-internallinksmanager029f6b8e52c=\"94\" title=\"Flytter du til USA? 2022 Leveomkostninger og flyttetips\">USA<\/a> og internationalt. De tilbyder pakning og emballering for at beskytte dine ejendele under transporten. De arrangerer transport af dine ejendele og koordinerer med eventuelle tredjeparter for levering p\u00e5 din destination.<\/p>\n<p>Hjemmeside: <a href=\"http:\/\/renoreloww.com\" target=\"_blank\" rel=\"noopener\">http:\/\/renoreloww.com<\/a><\/p>\n<h2>Andre nyttige guider til USA<\/h2>\n<ul>\n<li> <a href=\"https:\/\/moverdb.com\/da\/flytte-til-de-forenede-stater-2022-boligomkostninger-tips-til-flytning\/moving-to-las-vegas\/\">Skal du flytte til Las Vegas? 2024 Leveomkostninger og tips til flytning<\/a><\/li>\n<li> <a href=\"https:\/\/moverdb.com\/da\/flytte-til-de-forenede-stater-2022-boligomkostninger-tips-til-flytning\/moving-to-nevada\/\">Flytning til Nevada? 2024 Leveomkostninger og tips til flytning<\/a><\/li>\n<li> <a href=\"https:\/\/moverdb.com\/da\/flytte-til-de-forenede-stater-2022-boligomkostninger-tips-til-flytning\/movers-cost\/\">Hvor meget koster det at hyre flyttem\u00e6nd? 2024 US Savings Guide<\/a><\/li>\n<li> <a href=\"https:\/\/moverdb.com\/da\/flytte-til-de-forenede-stater-2022-boligomkostninger-tips-til-flytning\/\">Flytter du til USA? 2022 Leveomkostninger og flyttetips<\/a><\/li>\n<li> <a href=\"https:\/\/moverdb.com\/da\/flytte-til-de-forenede-stater-2022-boligomkostninger-tips-til-flytning\/places-to-live-in-the-us\/\">13 bedste steder at bo i USA<\/a><\/li>\n<li> <a href=\"https:\/\/moverdb.com\/da\/flytte-til-de-forenede-stater-2022-boligomkostninger-tips-til-flytning\/levende\/\">21 hemmeligheder om at bo i USA, som du skal vide, f\u00f8r du flytter<\/a><\/li>\n<\/ul>","protected":false},"excerpt":{"rendered":"<p>Moving can be one of the most stressful times in your life so why try to do it all by yourself? A moving company can take on many of the tasks such as organising the move, arranging transport, packing and completing paperwork. Below we have compiled a list of Nevada based removal companies that are [&hellip;]<\/p>\n","protected":false},"author":4,"featured_media":11423,"parent":190,"menu_order":0,"comment_status":"closed","ping_status":"closed","template":"","meta":{"_genesis_hide_title":false,"_genesis_hide_breadcrumbs":false,"_genesis_hide_singular_image":false,"_genesis_hide_footer_widgets":false,"_genesis_custom_body_class":"","_genesis_custom_post_class":"","_genesis_layout":"","footnotes":""},"class_list":{"0":"post-11624","1":"page","2":"type-page","3":"status-publish","4":"has-post-thumbnail","6":"entry"},"_links":{"self":[{"href":"https:\/\/moverdb.com\/da\/wp-json\/wp\/v2\/pages\/11624","targetHints":{"allow":["GET"]}}],"collection":[{"href":"https:\/\/moverdb.com\/da\/wp-json\/wp\/v2\/pages"}],"about":[{"href":"https:\/\/moverdb.com\/da\/wp-json\/wp\/v2\/types\/page"}],"author":[{"embeddable":true,"href":"https:\/\/moverdb.com\/da\/wp-json\/wp\/v2\/users\/4"}],"replies":[{"embeddable":true,"href":"https:\/\/moverdb.com\/da\/wp-json\/wp\/v2\/comments?post=11624"}],"version-history":[{"count":4,"href":"https:\/\/moverdb.com\/da\/wp-json\/wp\/v2\/pages\/11624\/revisions"}],"predecessor-version":[{"id":17660,"href":"https:\/\/moverdb.com\/da\/wp-json\/wp\/v2\/pages\/11624\/revisions\/17660"}],"up":[{"embeddable":true,"href":"https:\/\/moverdb.com\/da\/wp-json\/wp\/v2\/pages\/190"}],"wp:featuredmedia":[{"embeddable":true,"href":"https:\/\/moverdb.com\/da\/wp-json\/wp\/v2\/media\/11423"}],"wp:attachment":[{"href":"https:\/\/moverdb.com\/da\/wp-json\/wp\/v2\/media?parent=11624"}],"curies":[{"name":"wp","href":"https:\/\/api.w.org\/{rel}","templated":true}]}}