{"id":11622,"date":"2023-11-22T15:49:11","date_gmt":"2023-11-22T15:49:11","guid":{"rendered":"https:\/\/moverdb.com\/?page_id=11622"},"modified":"2026-01-08T15:30:09","modified_gmt":"2026-01-08T15:30:09","slug":"moving-companies-montana","status":"publish","type":"page","link":"https:\/\/moverdb.com\/da\/moving-companies\/moving-companies-montana\/","title":{"rendered":"De bedste internationale flyttefirmaer i Montana"},"content":{"rendered":"<p>Overvejer du at flytte? S\u00e5 skal du engagere en <a href=\"https:\/\/moverdb.com\/da\/moving-companies\/\" data-internallinksmanager029f6b8e52c=\"79\" title=\"Top 25 internationale flyttefirmaer online\">flyttefirma<\/a> kan hj\u00e6lpe med at reducere presset ved flytningen, da de kan g\u00f8re meget af arbejdet for dig. Det kan omfatte planl\u00e6gning af flytningen, sikker pakning af dine ejendele og flytning af dem til din destination inklusive alt papirarbejde. Nedenfor har vi samlet en liste over <a href=\"https:\/\/moverdb.com\/da\/moving-to-the-united-states\/moving-to-montana\/\" data-internallinksmanager029f6b8e52c=\"461\" title=\"Flytter du til Montana? 2024 Leveomkostninger og tips til flytning\">Montana<\/a> baseret <a href=\"https:\/\/moverdb.com\/da\/international-removals\/\" data-internallinksmanager029f6b8e52c=\"27\" title=\"De 36 bedste internationale flyttefirmaer i Storbritannien\">flyttefirmaer<\/a> der er medlemmer af den <a href=\"https:\/\/moverdb.com\/da\/iam\/\" data-internallinksmanager029f6b8e52c=\"23\" title=\"International Association of Movers (IAM) Forklaret\">Den internationale sammenslutning af flyttefirmaer<\/a> (IAM) og\/eller <a href=\"https:\/\/moverdb.com\/da\/fidi-faim\/\" data-internallinksmanager029f6b8e52c=\"16\" title=\"FIDI &amp; FAIM (FIDI Accredited International Mover) forklaret\">FIDI<\/a> akkrediteret international flyttevirksomhed (FAIM), som kan hj\u00e6lpe dig med din flytning.<\/p>\n<h2><strong>Hi-Line Flytteservice<\/strong><\/h2>\n<p><img loading=\"lazy\" decoding=\"async\" class=\"alignnone size-full wp-image-11338\" src=\"https:\/\/moverdb.com\/wp-content\/uploads\/Hi-Line-Moving-Services-international-moving-company.png\" alt=\"Hi Line Moving Services internationalt flyttefirma\" width=\"1440\" height=\"671\" data-wp-pid=\"11338\" srcset=\"https:\/\/moverdb.com\/wp-content\/uploads\/Hi-Line-Moving-Services-international-moving-company.png 1440w, https:\/\/moverdb.com\/wp-content\/uploads\/Hi-Line-Moving-Services-international-moving-company-300x140.png 300w, https:\/\/moverdb.com\/wp-content\/uploads\/Hi-Line-Moving-Services-international-moving-company-1024x477.png 1024w, https:\/\/moverdb.com\/wp-content\/uploads\/Hi-Line-Moving-Services-international-moving-company-18x8.png 18w, https:\/\/moverdb.com\/wp-content\/uploads\/Hi-Line-Moving-Services-international-moving-company-600x280.png 600w\" sizes=\"auto, (max-width: 1440px) 100vw, 1440px\" \/><\/p>\n<ul>\n<li>Lokale og langdistanceflytninger<\/li>\n<li>Internationale flytninger<\/li>\n<li>Flytning af husholdninger<\/li>\n<li>Kommerciel fragt<\/li>\n<li>Flytning af virksomheder<\/li>\n<li>D\u00f8r-til-d\u00f8r-service<\/li>\n<li>Transportordninger<\/li>\n<li>Valg af forsendelsesst\u00f8rrelse<\/li>\n<li>Sporing af forsendelser<\/li>\n<\/ul>\n<p>Hi-Line Moving Services er et flyttefirma med base i Great Falls. De samarbejder med forskellige Van Line-firmaer og n\u00f8je udvalgte tredjeparts-flyttefirmaer om at levere deres tjenester nationalt og internationalt. De er medlem af IAM og har 34 \u00e5rs erfaring.<\/p>\n<p>Hi-Line Moving Services tilbyder skr\u00e6ddersyede flytteservices, og de vil planl\u00e6gge din flytning for dig med muligheder, der passer til dit flyttebudget. De specialiserer sig i flytninger til <a href=\"https:\/\/moverdb.com\/da\/moving-to-the-united-states\/moving-to-alaska\/\" data-internallinksmanager029f6b8e52c=\"384\" title=\"Flytter du til Alaska? 2026 Leveomkostninger og tips til flytning\">Alaska<\/a> selvom de tager sig af flytninger inden for Montana, mellem stater og internationalt. De tilbyder d\u00f8r-til-d\u00f8r-flytteservice, hvor de flytter dine ejendele og sporer forsendelsen.<\/p>\n<p>Hjemmeside: <a href=\"http:\/\/www.hilinemoving.com\" target=\"_blank\" rel=\"noopener\">http:\/\/www.hilinemoving.com<\/a><\/p>","protected":false},"excerpt":{"rendered":"<p>Are you thinking of moving? Then engaging a moving company might help reduce the pressure of the move as they can do a lot of the work for you. This can include planning the move, packing your belongings safely and moving them to your destination including any paperwork. Below we have compiled a list of [&hellip;]<\/p>\n","protected":false},"author":4,"featured_media":11338,"parent":190,"menu_order":0,"comment_status":"closed","ping_status":"closed","template":"","meta":{"_genesis_hide_title":false,"_genesis_hide_breadcrumbs":false,"_genesis_hide_singular_image":false,"_genesis_hide_footer_widgets":false,"_genesis_custom_body_class":"","_genesis_custom_post_class":"","_genesis_layout":"","footnotes":""},"class_list":{"0":"post-11622","1":"page","2":"type-page","3":"status-publish","4":"has-post-thumbnail","6":"entry"},"_links":{"self":[{"href":"https:\/\/moverdb.com\/da\/wp-json\/wp\/v2\/pages\/11622","targetHints":{"allow":["GET"]}}],"collection":[{"href":"https:\/\/moverdb.com\/da\/wp-json\/wp\/v2\/pages"}],"about":[{"href":"https:\/\/moverdb.com\/da\/wp-json\/wp\/v2\/types\/page"}],"author":[{"embeddable":true,"href":"https:\/\/moverdb.com\/da\/wp-json\/wp\/v2\/users\/4"}],"replies":[{"embeddable":true,"href":"https:\/\/moverdb.com\/da\/wp-json\/wp\/v2\/comments?post=11622"}],"version-history":[{"count":2,"href":"https:\/\/moverdb.com\/da\/wp-json\/wp\/v2\/pages\/11622\/revisions"}],"predecessor-version":[{"id":11627,"href":"https:\/\/moverdb.com\/da\/wp-json\/wp\/v2\/pages\/11622\/revisions\/11627"}],"up":[{"embeddable":true,"href":"https:\/\/moverdb.com\/da\/wp-json\/wp\/v2\/pages\/190"}],"wp:featuredmedia":[{"embeddable":true,"href":"https:\/\/moverdb.com\/da\/wp-json\/wp\/v2\/media\/11338"}],"wp:attachment":[{"href":"https:\/\/moverdb.com\/da\/wp-json\/wp\/v2\/media?parent=11622"}],"curies":[{"name":"wp","href":"https:\/\/api.w.org\/{rel}","templated":true}]}}