{"id":11617,"date":"2023-11-29T10:32:37","date_gmt":"2023-11-29T10:32:37","guid":{"rendered":"https:\/\/moverdb.com\/?page_id=11617"},"modified":"2026-01-08T15:24:23","modified_gmt":"2026-01-08T15:24:23","slug":"moving-companies-us-minnesota","status":"publish","type":"page","link":"https:\/\/moverdb.com\/da\/moving-companies\/moving-companies-us-minnesota\/","title":{"rendered":"De 3 bedste internationale flyttefirmaer i Minnesota"},"content":{"rendered":"<p>At flytte kan v\u00e6re en stor omv\u00e6ltning, og der er meget, der skal ordnes, s\u00e5 hvorfor ikke tage noget af presset af ved at lade en <a href=\"https:\/\/moverdb.com\/da\/moving-companies\/\" data-internallinksmanager029f6b8e52c=\"79\" title=\"Top 25 internationale flyttefirmaer online\">flyttefirma<\/a> h\u00e5ndtere dine ejendele? De kan organisere logistikken i forbindelse med din flytning samt pakke og h\u00e5ndtere told, hvis det er n\u00f8dvendigt. Nedenfor har vi samlet en liste over <a href=\"https:\/\/moverdb.com\/da\/moving-to-the-united-states\/moving-to-minnesota\/\" data-internallinksmanager029f6b8e52c=\"443\" title=\"Flytning til Minnesota? 2026 Leveomkostninger og tips til flytning\">Minnesota<\/a> baseret <a href=\"https:\/\/moverdb.com\/da\/international-removals\/\" data-internallinksmanager029f6b8e52c=\"27\" title=\"De 36 bedste internationale flyttefirmaer i Storbritannien\">flyttefirmaer<\/a> der er medlemmer af den <a href=\"https:\/\/moverdb.com\/da\/iam\/\" data-internallinksmanager029f6b8e52c=\"23\" title=\"International Association of Movers (IAM) Forklaret\">Den internationale sammenslutning af flyttefirmaer<\/a> (IAM) og\/eller <a href=\"https:\/\/moverdb.com\/da\/fidi-faim\/\" data-internallinksmanager029f6b8e52c=\"16\" title=\"FIDI &amp; FAIM (FIDI Accredited International Mover) forklaret\">FIDI<\/a> akkrediteret international flyttevirksomhed (FAIM), som kan hj\u00e6lpe dig med din flytning.<\/p>\n<h2><strong>1. Action Flytteservice<\/strong><\/h2>\n<p><img loading=\"lazy\" decoding=\"async\" class=\"alignnone size-full wp-image-11242\" src=\"https:\/\/moverdb.com\/wp-content\/uploads\/Action-Moving-Services-international-moving-company.png\" alt=\"Action Moving Services internationalt flyttefirma\" width=\"1440\" height=\"678\" data-wp-pid=\"11242\" srcset=\"https:\/\/moverdb.com\/wp-content\/uploads\/Action-Moving-Services-international-moving-company.png 1440w, https:\/\/moverdb.com\/wp-content\/uploads\/Action-Moving-Services-international-moving-company-300x141.png 300w, https:\/\/moverdb.com\/wp-content\/uploads\/Action-Moving-Services-international-moving-company-1024x482.png 1024w, https:\/\/moverdb.com\/wp-content\/uploads\/Action-Moving-Services-international-moving-company-18x8.png 18w, https:\/\/moverdb.com\/wp-content\/uploads\/Action-Moving-Services-international-moving-company-600x283.png 600w\" sizes=\"auto, (max-width: 1440px) 100vw, 1440px\" \/><\/p>\n<ul>\n<li>Lokale og langdistanceflytninger<\/li>\n<li>Internationale flytninger<\/li>\n<li>Flytning af husholdninger<\/li>\n<li>Kontor- og industriflytninger<\/li>\n<li>Flytning af virksomheder<\/li>\n<li>End-to-end-l\u00f8sninger<\/li>\n<li>Emballage service<\/li>\n<li>Toldst\u00f8tte<\/li>\n<li>H\u00e5ndtering af kunstv\u00e6rker<\/li>\n<li>Opbevaringstjenester<\/li>\n<\/ul>\n<p>Action Moving Services er et lokalt og internationalt flyttefirma med base i South Burnsville. De er en mellemstatslig agent for Atlas Van Lines, som giver dem et nationalt og internationalt netv\u00e6rk af flytteagenter at arbejde sammen med. De er medlem af IAM med 42 \u00e5rs erfaring.<\/p>\n<p>Action Moving Services tilbyder komplette flytte- og udstationeringstjenester, som tager sig af alle aspekter af din flytning. Deres service omfatter sikker pakning af dine ejendele til transit og udpakning ved ankomsten til din destination. De arrangerer transport af dine ejendele og hj\u00e6lper dig med toldbehandlingen.<\/p>\n<p>Hjemmeside: <a href=\"http:\/\/actionmoving.com\/\" target=\"_blank\" rel=\"noopener\">http:\/\/actionmoving.com\/<\/a><\/p>\n<h2><strong>2. Beltmann Flytning &amp; Opbevaring<\/strong><\/h2>\n<p><img loading=\"lazy\" decoding=\"async\" class=\"alignnone size-full wp-image-11269\" src=\"https:\/\/moverdb.com\/wp-content\/uploads\/Beltmann-Relocation-Group-international-moving-company.png\" alt=\"Beltmann Relocation Group internationalt flyttefirma\" width=\"1440\" height=\"682\" data-wp-pid=\"11269\" srcset=\"https:\/\/moverdb.com\/wp-content\/uploads\/Beltmann-Relocation-Group-international-moving-company.png 1440w, https:\/\/moverdb.com\/wp-content\/uploads\/Beltmann-Relocation-Group-international-moving-company-300x142.png 300w, https:\/\/moverdb.com\/wp-content\/uploads\/Beltmann-Relocation-Group-international-moving-company-1024x485.png 1024w, https:\/\/moverdb.com\/wp-content\/uploads\/Beltmann-Relocation-Group-international-moving-company-18x9.png 18w, https:\/\/moverdb.com\/wp-content\/uploads\/Beltmann-Relocation-Group-international-moving-company-600x284.png 600w\" sizes=\"auto, (max-width: 1440px) 100vw, 1440px\" \/><\/p>\n<ul>\n<li>Lokale og nationale flytninger<\/li>\n<li>Internationale flytninger<\/li>\n<li>Flytning af boliger<\/li>\n<li>Flytning af kontorer<\/li>\n<li>Flytning af virksomheder<\/li>\n<li>Koordinator for flytning<\/li>\n<li>Emballage service<\/li>\n<li>Tilrettel\u00e6ggelse af transport<\/li>\n<li>H\u00e5ndtering af told<\/li>\n<li>Sikker kort- og langtidsopbevaring<\/li>\n<\/ul>\n<p>Beltmann Moving &amp; Storage er et flyttefirma, der har eksisteret siden 1923 med 11 afdelinger i hele landet. <a href=\"https:\/\/moverdb.com\/da\/moving-to-the-united-states\/\" data-internallinksmanager029f6b8e52c=\"94\" title=\"Flytter du til USA? 2022 Leveomkostninger og flyttetips\">USA<\/a> herunder Roseville. De er agent for North American Van Lines, hvilket giver dem adgang til et globalt netv\u00e6rk af flytte- og opbevaringsfirmaer. De er medlem af IAM med 25 \u00e5rs erfaring.<\/p>\n<p>Beltmann Moving &amp; Storage hj\u00e6lper dig med at str\u00f8mline din flytning og starter med at planl\u00e6gge et gratis flytteestimat. De har en flyttekoordinator til at hj\u00e6lpe dig, og de tilpasser deres tjenester, s\u00e5 de opfylder dine behov. De tilbyder en pakkeservice, der omfatter adskillelse og samling af m\u00f8bler og udpakning ved ankomsten.<\/p>\n<p>Hjemmeside: <a href=\"http:\/\/www.beltmann.com\" target=\"_blank\" rel=\"noopener\">http:\/\/www.beltmann.com<\/a><\/p>\n<h2><strong>3. Berger Flytning &amp; Opbevaring<\/strong><\/h2>\n<p><img loading=\"lazy\" decoding=\"async\" class=\"alignnone size-full wp-image-11270\" src=\"https:\/\/moverdb.com\/wp-content\/uploads\/Berger-Moving-Storage-international-moving-company.png\" alt=\"Berger Moving &amp; Storage internationalt flyttefirma\" width=\"1440\" height=\"677\" data-wp-pid=\"11270\" srcset=\"https:\/\/moverdb.com\/wp-content\/uploads\/Berger-Moving-Storage-international-moving-company.png 1440w, https:\/\/moverdb.com\/wp-content\/uploads\/Berger-Moving-Storage-international-moving-company-300x141.png 300w, https:\/\/moverdb.com\/wp-content\/uploads\/Berger-Moving-Storage-international-moving-company-1024x481.png 1024w, https:\/\/moverdb.com\/wp-content\/uploads\/Berger-Moving-Storage-international-moving-company-18x8.png 18w, https:\/\/moverdb.com\/wp-content\/uploads\/Berger-Moving-Storage-international-moving-company-600x282.png 600w\" sizes=\"auto, (max-width: 1440px) 100vw, 1440px\" \/><\/p>\n<ul>\n<li>Lokale og langdistanceflytninger<\/li>\n<li>Internationale flytninger<\/li>\n<li>Flytning af husholdninger<\/li>\n<li>Kommercielle flytninger<\/li>\n<li>Koordinator for flytning<\/li>\n<li>Emballage service<\/li>\n<li>Opg\u00f8relse over varer<\/li>\n<li>Tilrettel\u00e6ggelse af transport<\/li>\n<li>Toldklarering<\/li>\n<li>Kortvarig opbevaring<\/li>\n<\/ul>\n<p>Berger Moving &amp; Storage er et transportservicefirma, der blev dannet i 1910 og har base i Saint Paul med et netv\u00e6rk af 16 landsd\u00e6kkende lokationer. De er agent for Allied Van Lines, som er et internationalt netv\u00e6rk af flytteagenter. De er medlem af IAM med 113 \u00e5rs erfaring.<\/p>\n<p>Berger Moving &amp; Storage tilbyder et gratis flytteestimat i hjemmet eller virtuelt med en international flyttekonsulent. En flyttekoordinator vil hj\u00e6lpe dig gennem processen og identificere, hvilket papirarbejde der kr\u00e6ves. Deres pakkeservice bruger internationale pakkemetoder og -materialer til at beskytte dine ting og laver en opg\u00f8relse.<\/p>\n<p>Hjemmeside: <a href=\"https:\/\/www.bergerallied.com\" target=\"_blank\" rel=\"noopener\">https:\/\/www.bergerallied.com<\/a><\/p>","protected":false},"excerpt":{"rendered":"<p>Moving can be a big upheaval and there is a lot to arrange, so why not take some of the pressure off by letting a moving company handle your belongings? They can organise the logistics of your move as well as packing and deal with customs if needed. Below we have compiled a list of [&hellip;]<\/p>\n","protected":false},"author":4,"featured_media":11242,"parent":190,"menu_order":0,"comment_status":"closed","ping_status":"closed","template":"","meta":{"_genesis_hide_title":false,"_genesis_hide_breadcrumbs":false,"_genesis_hide_singular_image":false,"_genesis_hide_footer_widgets":false,"_genesis_custom_body_class":"","_genesis_custom_post_class":"","_genesis_layout":"","footnotes":""},"class_list":{"0":"post-11617","1":"page","2":"type-page","3":"status-publish","4":"has-post-thumbnail","6":"entry"},"_links":{"self":[{"href":"https:\/\/moverdb.com\/da\/wp-json\/wp\/v2\/pages\/11617","targetHints":{"allow":["GET"]}}],"collection":[{"href":"https:\/\/moverdb.com\/da\/wp-json\/wp\/v2\/pages"}],"about":[{"href":"https:\/\/moverdb.com\/da\/wp-json\/wp\/v2\/types\/page"}],"author":[{"embeddable":true,"href":"https:\/\/moverdb.com\/da\/wp-json\/wp\/v2\/users\/4"}],"replies":[{"embeddable":true,"href":"https:\/\/moverdb.com\/da\/wp-json\/wp\/v2\/comments?post=11617"}],"version-history":[{"count":1,"href":"https:\/\/moverdb.com\/da\/wp-json\/wp\/v2\/pages\/11617\/revisions"}],"predecessor-version":[{"id":11618,"href":"https:\/\/moverdb.com\/da\/wp-json\/wp\/v2\/pages\/11617\/revisions\/11618"}],"up":[{"embeddable":true,"href":"https:\/\/moverdb.com\/da\/wp-json\/wp\/v2\/pages\/190"}],"wp:featuredmedia":[{"embeddable":true,"href":"https:\/\/moverdb.com\/da\/wp-json\/wp\/v2\/media\/11242"}],"wp:attachment":[{"href":"https:\/\/moverdb.com\/da\/wp-json\/wp\/v2\/media?parent=11617"}],"curies":[{"name":"wp","href":"https:\/\/api.w.org\/{rel}","templated":true}]}}