{"id":11602,"date":"2023-11-29T10:33:42","date_gmt":"2023-11-29T10:33:42","guid":{"rendered":"https:\/\/moverdb.com\/?page_id=11602"},"modified":"2026-01-08T15:24:17","modified_gmt":"2026-01-08T15:24:17","slug":"moving-companies-us-jacksonville","status":"publish","type":"page","link":"https:\/\/moverdb.com\/da\/moving-companies\/moving-companies-us-jacksonville\/","title":{"rendered":"De 3 bedste internationale flyttefirmaer i Jacksonville"},"content":{"rendered":"<p>Hvis du planl\u00e6gger at flytte lokalt, nationalt eller internationalt til eller fra Jacksonville, har du m\u00e5ske brug for hj\u00e6lp. <a href=\"https:\/\/moverdb.com\/da\/moving-companies\/\" data-internallinksmanager029f6b8e52c=\"79\" title=\"Top 25 internationale flyttefirmaer online\">Flyttefirmaer<\/a> tilbyder en bred vifte af hj\u00e6lp, herunder planl\u00e6gning, pakning, transport, toldh\u00e5ndtering og udpakning. Nedenfor har vi samlet en liste over Jacksonville-baserede <a href=\"https:\/\/moverdb.com\/da\/international-removals\/\" data-internallinksmanager029f6b8e52c=\"27\" title=\"De 36 bedste internationale flyttefirmaer i Storbritannien\">flyttefirmaer<\/a> der er medlemmer af den <a href=\"https:\/\/moverdb.com\/da\/iam\/\" data-internallinksmanager029f6b8e52c=\"23\" title=\"International Association of Movers (IAM) Forklaret\">Den internationale sammenslutning af flyttefirmaer<\/a> (IAM) og\/eller <a href=\"https:\/\/moverdb.com\/da\/fidi-faim\/\" data-internallinksmanager029f6b8e52c=\"16\" title=\"FIDI &amp; FAIM (FIDI Accredited International Mover) forklaret\">FIDI<\/a> akkrediteret international flyttevirksomhed (FAIM), som kan hj\u00e6lpe dig med din flytning.<\/p>\n<h2><strong>1. Conser Flytning &amp; Opbevaring<\/strong><\/h2>\n<p><img loading=\"lazy\" decoding=\"async\" class=\"alignnone size-full wp-image-11292\" src=\"https:\/\/moverdb.com\/wp-content\/uploads\/Conser-Moving-Storage-international-moving-company.png\" alt=\"Conser Moving &amp; Storage internationalt flyttefirma\" width=\"1440\" height=\"681\" data-wp-pid=\"11292\" srcset=\"https:\/\/moverdb.com\/wp-content\/uploads\/Conser-Moving-Storage-international-moving-company.png 1440w, https:\/\/moverdb.com\/wp-content\/uploads\/Conser-Moving-Storage-international-moving-company-300x142.png 300w, https:\/\/moverdb.com\/wp-content\/uploads\/Conser-Moving-Storage-international-moving-company-1024x484.png 1024w, https:\/\/moverdb.com\/wp-content\/uploads\/Conser-Moving-Storage-international-moving-company-18x9.png 18w, https:\/\/moverdb.com\/wp-content\/uploads\/Conser-Moving-Storage-international-moving-company-600x284.png 600w\" sizes=\"auto, (max-width: 1440px) 100vw, 1440px\" \/><\/p>\n<ul>\n<li>Lokale flytninger<\/li>\n<li>Langdistanceflytninger<\/li>\n<li>Flytning af boliger<\/li>\n<li>Flytning af kontorer<\/li>\n<li>Skr\u00e6ddersyet service<\/li>\n<li>Valg af flytningsmuligheder<\/li>\n<li>Forvaltning af flytning<\/li>\n<li>Transportordning<\/li>\n<li>Flyt beskyttelse<\/li>\n<li>Opbevaringsfaciliteter<\/li>\n<\/ul>\n<p>Conser Moving &amp; Storage er et flyttefirma med speciale i indenlandske og milit\u00e6re flytninger, og de er baseret i Jacksonville. De er agent for Mayflower Transit, som har leveret flyttetjenester i over 90 \u00e5r. De er medlem af IAM med 11 \u00e5rs erfaring.<\/p>\n<p>Conser Moving &amp; Storage vil give dig al den st\u00f8tte, du har brug for til din flytning, s\u00e5 du kan opbygge en flytteplan med skr\u00e6ddersyede muligheder for de tjenester, du har brug for. De vil hj\u00e6lpe dig med at finde den rigtige flytteplan, der opfylder dine behov, dit budget og din tidsplan.<\/p>\n<p>Hjemmeside: <a href=\"https:\/\/consermoving.com\" target=\"_blank\" rel=\"noopener\">https:\/\/consermoving.com<\/a><\/p>\n<h2><strong>2. DN Van Lines<\/strong><\/h2>\n<p><img loading=\"lazy\" decoding=\"async\" class=\"alignnone size-full wp-image-11307\" src=\"https:\/\/moverdb.com\/wp-content\/uploads\/DN-Van-Lines-international-moving-company.png\" alt=\"DN Van Lines internationalt flyttefirma\" width=\"1440\" height=\"670\" data-wp-pid=\"11307\" srcset=\"https:\/\/moverdb.com\/wp-content\/uploads\/DN-Van-Lines-international-moving-company.png 1440w, https:\/\/moverdb.com\/wp-content\/uploads\/DN-Van-Lines-international-moving-company-300x140.png 300w, https:\/\/moverdb.com\/wp-content\/uploads\/DN-Van-Lines-international-moving-company-1024x476.png 1024w, https:\/\/moverdb.com\/wp-content\/uploads\/DN-Van-Lines-international-moving-company-18x8.png 18w, https:\/\/moverdb.com\/wp-content\/uploads\/DN-Van-Lines-international-moving-company-600x279.png 600w\" sizes=\"auto, (max-width: 1440px) 100vw, 1440px\" \/><\/p>\n<ul>\n<li>Lokale og mellemstatslige flytninger<\/li>\n<li>Internationale flytninger<\/li>\n<li>Flytning af husholdninger<\/li>\n<li>Kontor- og erhvervsflytninger<\/li>\n<li>Personlig udstationeringsleder<\/li>\n<li>Emballeringstjenester<\/li>\n<li>Forvaltning af lagerbeholdning<\/li>\n<li>Transportordning<\/li>\n<li>Forsikring<\/li>\n<li>Opbevaringstjenester<\/li>\n<\/ul>\n<p>DN Van Lines er et flytte- og opbevaringsfirma grundlagt i 2001 med afdelinger i Jacksonville, <a href=\"https:\/\/moverdb.com\/da\/moving-to-the-united-states\/moving-to-massachusetts\/\" data-internallinksmanager029f6b8e52c=\"412\" title=\"Flytter du til Massachusetts? 2026 Leveomkostninger og tips til flytning\">Massachusetts<\/a> og <a href=\"https:\/\/moverdb.com\/da\/moving-to-the-united-states\/moving-to-virginia\/\" data-internallinksmanager029f6b8e52c=\"442\" title=\"Flytte til Virginia? 2026 Leveomkostninger og tips til flytning\">Virginia<\/a>. De samarbejder med et p\u00e5lideligt netv\u00e6rk af leverand\u00f8rer af flyttetjenester over hele verden for at hj\u00e6lpe dem. De er medlem af IAM med 14 \u00e5rs erfaring.<\/p>\n<p>DN Van Lines tilbyder et gratis overslag og en unders\u00f8gelse i hjemmet eller virtuelt for at vurdere dine flyttebehov. De stiller en personlig relocation manager til r\u00e5dighed, som udarbejder en detaljeret flytteplan, der er skr\u00e6ddersyet til dine behov, og som hj\u00e6lper dig under hele flytningen. De tilbyder en pakkeservice, der omfatter en detaljeret opg\u00f8relse over dine ting.<\/p>\n<p>Hjemmeside: <a href=\"http:\/\/www.dnvanlines.com\" target=\"_blank\" rel=\"noopener\">http:\/\/www.dnvanlines.com<\/a><\/p>\n<h2><strong>3. Suddath<\/strong><\/h2>\n<p><img loading=\"lazy\" decoding=\"async\" class=\"alignnone size-full wp-image-11450\" src=\"https:\/\/moverdb.com\/wp-content\/uploads\/Suddath-international-moving-company.png\" alt=\"Suddath internationalt flyttefirma\" width=\"1440\" height=\"677\" data-wp-pid=\"11450\" srcset=\"https:\/\/moverdb.com\/wp-content\/uploads\/Suddath-international-moving-company.png 1440w, https:\/\/moverdb.com\/wp-content\/uploads\/Suddath-international-moving-company-300x141.png 300w, https:\/\/moverdb.com\/wp-content\/uploads\/Suddath-international-moving-company-1024x481.png 1024w, https:\/\/moverdb.com\/wp-content\/uploads\/Suddath-international-moving-company-18x8.png 18w, https:\/\/moverdb.com\/wp-content\/uploads\/Suddath-international-moving-company-600x282.png 600w\" sizes=\"auto, (max-width: 1440px) 100vw, 1440px\" \/><\/p>\n<ul>\n<li>Lokale og langdistanceflytninger<\/li>\n<li>Internationale flytninger<\/li>\n<li>Flytning af husholdninger<\/li>\n<li>Kommercielle flytninger<\/li>\n<li>End-to-end service<\/li>\n<li>Emballage service<\/li>\n<li>Toldst\u00f8tte<\/li>\n<li>Transport af k\u00f8ret\u00f8jer og k\u00e6ledyr<\/li>\n<li>Forsikring<\/li>\n<li>Kort- og langtidsopbevaring<\/li>\n<\/ul>\n<p>Suddath er et flytte- og logistikfirma, der blev grundlagt i 1919 i Jacksonville, og de har 19 andre steder i USA. <a href=\"https:\/\/moverdb.com\/da\/moving-to-the-united-states\/\" data-internallinksmanager029f6b8e52c=\"94\" title=\"Flytter du til USA? 2022 Leveomkostninger og flyttetips\">USA<\/a>. De har et globalt partnernetv\u00e6rk af kontrollerede og etablerede virksomheder, der hj\u00e6lper dem med at levere end-to-end-tjenester til 180 lande over hele verden. De er medlem af IAM med 104 \u00e5rs erfaring.<\/p>\n<p>Suddath tilbyder en one-stop-shop til alle dine flyttebehov med en dedikeret flytter\u00e5dgiver, der vil st\u00f8tte dig gennem hvert trin og inden for budgettet. De tilbyder en personlig tilgang, og de vil guide dig gennem told, dokumentation og forsikring. De tilbyder ogs\u00e5 yderligere tjenester, herunder bos\u00e6tning og reng\u00f8ring.<\/p>\n<p>Hjemmeside: <a href=\"https:\/\/suddath.com\" target=\"_blank\" rel=\"noopener\">https:\/\/suddath.com<\/a><\/p>","protected":false},"excerpt":{"rendered":"<p>If you are planning a move locally, nationally or internationally to or from Jacksonville you may want some assistance. Moving companies offer a variety of help including planning, packing, transportation, customs handling and unpacking services. Below we have compiled a list of Jacksonville based removal companies that are members of the International Association of Movers [&hellip;]<\/p>\n","protected":false},"author":4,"featured_media":11292,"parent":190,"menu_order":0,"comment_status":"closed","ping_status":"closed","template":"","meta":{"_genesis_hide_title":false,"_genesis_hide_breadcrumbs":false,"_genesis_hide_singular_image":false,"_genesis_hide_footer_widgets":false,"_genesis_custom_body_class":"","_genesis_custom_post_class":"","_genesis_layout":"","footnotes":""},"class_list":{"0":"post-11602","1":"page","2":"type-page","3":"status-publish","4":"has-post-thumbnail","6":"entry"},"_links":{"self":[{"href":"https:\/\/moverdb.com\/da\/wp-json\/wp\/v2\/pages\/11602","targetHints":{"allow":["GET"]}}],"collection":[{"href":"https:\/\/moverdb.com\/da\/wp-json\/wp\/v2\/pages"}],"about":[{"href":"https:\/\/moverdb.com\/da\/wp-json\/wp\/v2\/types\/page"}],"author":[{"embeddable":true,"href":"https:\/\/moverdb.com\/da\/wp-json\/wp\/v2\/users\/4"}],"replies":[{"embeddable":true,"href":"https:\/\/moverdb.com\/da\/wp-json\/wp\/v2\/comments?post=11602"}],"version-history":[{"count":1,"href":"https:\/\/moverdb.com\/da\/wp-json\/wp\/v2\/pages\/11602\/revisions"}],"predecessor-version":[{"id":11603,"href":"https:\/\/moverdb.com\/da\/wp-json\/wp\/v2\/pages\/11602\/revisions\/11603"}],"up":[{"embeddable":true,"href":"https:\/\/moverdb.com\/da\/wp-json\/wp\/v2\/pages\/190"}],"wp:featuredmedia":[{"embeddable":true,"href":"https:\/\/moverdb.com\/da\/wp-json\/wp\/v2\/media\/11292"}],"wp:attachment":[{"href":"https:\/\/moverdb.com\/da\/wp-json\/wp\/v2\/media?parent=11602"}],"curies":[{"name":"wp","href":"https:\/\/api.w.org\/{rel}","templated":true}]}}