{"id":11574,"date":"2023-11-29T10:39:50","date_gmt":"2023-11-29T10:39:50","guid":{"rendered":"https:\/\/moverdb.com\/?page_id=11574"},"modified":"2026-01-08T15:24:45","modified_gmt":"2026-01-08T15:24:45","slug":"moving-companies-in-honolulu-usa","status":"publish","type":"page","link":"https:\/\/moverdb.com\/da\/moving-companies\/moving-companies-in-honolulu-usa\/","title":{"rendered":"De 4 bedste internationale flyttefirmaer i Honolulu"},"content":{"rendered":"<p>At planl\u00e6gge en flytning lokalt eller langt v\u00e6k kan v\u00e6re kompliceret og stressende, s\u00e5 at involvere en <a href=\"https:\/\/moverdb.com\/da\/moving-companies\/\" data-internallinksmanager029f6b8e52c=\"79\" title=\"Top 25 internationale flyttefirmaer online\">flyttefirma<\/a> at p\u00e5tage sig nogle af rollerne kan virkelig hj\u00e6lpe. Nedenfor har vi samlet en liste over Honolulu-baserede <a href=\"https:\/\/moverdb.com\/da\/international-removals\/\" data-internallinksmanager029f6b8e52c=\"27\" title=\"De 36 bedste internationale flyttefirmaer i Storbritannien\">flyttefirmaer<\/a> der er medlemmer af den <a href=\"https:\/\/moverdb.com\/da\/iam\/\" data-internallinksmanager029f6b8e52c=\"23\" title=\"International Association of Movers (IAM) Forklaret\">Den internationale sammenslutning af flyttefirmaer<\/a> (IAM) og\/eller <a href=\"https:\/\/moverdb.com\/da\/fidi-faim\/\" data-internallinksmanager029f6b8e52c=\"16\" title=\"FIDI &amp; FAIM (FIDI Accredited International Mover) forklaret\">FIDI<\/a> akkrediteret international flyttevirksomhed (FAIM), som kan hj\u00e6lpe dig med din flytning.<\/p>\n<div id=\"ez-toc-container\" class=\"ez-toc-v2_0_82_2 ez-toc-wrap-left counter-hierarchy ez-toc-counter ez-toc-transparent ez-toc-container-direction\">\n<div class=\"ez-toc-title-container\">\n<p class=\"ez-toc-title\" style=\"cursor:inherit\">Sektioner<\/p>\n<span class=\"ez-toc-title-toggle\"><a href=\"#\" class=\"ez-toc-pull-right ez-toc-btn ez-toc-btn-xs ez-toc-btn-default ez-toc-toggle\" aria-label=\"Toggle indholdsfortegnelse\"><span class=\"ez-toc-js-icon-con\"><span class=\"\"><span class=\"eztoc-hide\" style=\"display:none;\">Toggle<\/span><span class=\"ez-toc-icon-toggle-span\"><svg style=\"fill: #999;color:#999\" xmlns=\"http:\/\/www.w3.org\/2000\/svg\" class=\"list-377408\" width=\"20px\" height=\"20px\" viewbox=\"0 0 24 24\" fill=\"none\"><path d=\"M6 6H4v2h2V6zm14 0H8v2h12V6zM4 11h2v2H4v-2zm16 0H8v2h12v-2zM4 16h2v2H4v-2zm16 0H8v2h12v-2z\" fill=\"currentColor\"><\/path><\/svg><svg style=\"fill: #999;color:#999\" class=\"arrow-unsorted-368013\" xmlns=\"http:\/\/www.w3.org\/2000\/svg\" width=\"10px\" height=\"10px\" viewbox=\"0 0 24 24\" version=\"1.2\" baseprofile=\"tiny\"><path d=\"M18.2 9.3l-6.2-6.3-6.2 6.3c-.2.2-.3.4-.3.7s.1.5.3.7c.2.2.4.3.7.3h11c.3 0 .5-.1.7-.3.2-.2.3-.5.3-.7s-.1-.5-.3-.7zM5.8 14.7l6.2 6.3 6.2-6.3c.2-.2.3-.5.3-.7s-.1-.5-.3-.7c-.2-.2-.4-.3-.7-.3h-11c-.3 0-.5.1-.7.3-.2.2-.3.5-.3.7s.1.5.3.7z\"\/><\/svg><\/span><\/span><\/span><\/a><\/span><\/div>\n<nav><ul class='ez-toc-list ez-toc-list-level-1 eztoc-toggle-hide-by-default' ><li class='ez-toc-page-1 ez-toc-heading-level-2'><a class=\"ez-toc-link ez-toc-heading-1\" href=\"https:\/\/moverdb.com\/da\/moving-companies\/moving-companies-in-honolulu-usa\/#1_Island_Movers\" >1. Island Movers<\/a><\/li><li class='ez-toc-page-1 ez-toc-heading-level-2'><a class=\"ez-toc-link ez-toc-heading-2\" href=\"https:\/\/moverdb.com\/da\/moving-companies\/moving-companies-in-honolulu-usa\/#2_Royal_Hawaiian_Movers\" >2. Royal Hawaiian Movers<\/a><\/li><li class='ez-toc-page-1 ez-toc-heading-level-2'><a class=\"ez-toc-link ez-toc-heading-3\" href=\"https:\/\/moverdb.com\/da\/moving-companies\/moving-companies-in-honolulu-usa\/#3_WestPac_International\" >3. WestPac International<\/a><\/li><li class='ez-toc-page-1 ez-toc-heading-level-2'><a class=\"ez-toc-link ez-toc-heading-4\" href=\"https:\/\/moverdb.com\/da\/moving-companies\/moving-companies-in-honolulu-usa\/#4_World_Wide_Movers_Inc\" >4. World Wide Movers Inc<\/a><\/li><\/ul><\/nav><\/div>\n<h2><span class=\"ez-toc-section\" id=\"1_Island_Movers\"><\/span><strong>1. Island Movers<\/strong><span class=\"ez-toc-section-end\"><\/span><\/h2>\n<p><img loading=\"lazy\" decoding=\"async\" class=\"alignnone size-full wp-image-11354\" src=\"https:\/\/moverdb.com\/wp-content\/uploads\/Island-Movers-international-moving-company.png\" alt=\"Island Movers internationalt flyttefirma\" width=\"1440\" height=\"676\" data-wp-pid=\"11354\" srcset=\"https:\/\/moverdb.com\/wp-content\/uploads\/Island-Movers-international-moving-company.png 1440w, https:\/\/moverdb.com\/wp-content\/uploads\/Island-Movers-international-moving-company-300x141.png 300w, https:\/\/moverdb.com\/wp-content\/uploads\/Island-Movers-international-moving-company-1024x481.png 1024w, https:\/\/moverdb.com\/wp-content\/uploads\/Island-Movers-international-moving-company-18x8.png 18w, https:\/\/moverdb.com\/wp-content\/uploads\/Island-Movers-international-moving-company-600x282.png 600w\" sizes=\"auto, (max-width: 1440px) 100vw, 1440px\" \/><\/p>\n<ul>\n<li>Lokale og nationale flytninger<\/li>\n<li>Internationale flytninger<\/li>\n<li>Flytning af boliger<\/li>\n<li>Forretningsflytninger<\/li>\n<li>Forvaltning af flytning<\/li>\n<li>D\u00f8r-til-d\u00f8r eller d\u00f8r-til-d\u00f8r<a href=\"https:\/\/moverdb.com\/da\/top-49-container-ports\/\" data-internallinksmanager029f6b8e52c=\"80\" title=\"Top 49 st\u00f8rste og travleste containerhavne i 2025\">port<\/a> service<\/li>\n<li>Gratis overslag<\/li>\n<li>Muligheder for pakkeservice<\/li>\n<li>Transportordninger<\/li>\n<li>Kort- og langtidsopbevaring<\/li>\n<\/ul>\n<p>Island Movers er et flytte- og speditionsfirma, der blev etableret i 1958 og har base i Honolulu. De arbejder med partneragenter over hele verden for at levere flytteservices globalt til eller fra <a href=\"https:\/\/moverdb.com\/da\/moving-to-the-united-states\/moving-to-hawaii\/\" data-internallinksmanager029f6b8e52c=\"403\" title=\"Flytter du til Hawaii? 2026 Leveomkostninger og tips til flytning\">Hawaii<\/a>. De er medlem af IAM og har 65 \u00e5rs erfaring.<\/p>\n<p>Island Movers tilbyder flytteservice til Hawaii-delen af din flytning og samarbejder med partnere eller dit valgte flyttefirma p\u00e5 din nuv\u00e6rende adresse for at koordinere din flytning. Til Hawaii-flytninger tilbyder de pakkeservice, eller du kan selv pakke. De tilbyder opbevaringsl\u00f8sninger p\u00e5 Hawaii med mulighed for lang- eller korttidsopbevaring i sikre lagerhaller eller 20' eller 40' containere.<\/p>\n<p>Hjemmeside: <a href=\"https:\/\/www.islandmovers.com\/\" target=\"_blank\" rel=\"noopener\">https:\/\/www.islandmovers.com\/<\/a><\/p>\n<h2><span class=\"ez-toc-section\" id=\"2_Royal_Hawaiian_Movers\"><\/span><strong>2. Royal Hawaiian Movers<\/strong><span class=\"ez-toc-section-end\"><\/span><\/h2>\n<p><img loading=\"lazy\" decoding=\"async\" class=\"alignnone size-full wp-image-11429\" src=\"https:\/\/moverdb.com\/wp-content\/uploads\/Royal-Hawaiian-Movers-international-moving-company.png\" alt=\"Royal Hawaiian Movers internationalt flyttefirma\" width=\"1440\" height=\"683\" data-wp-pid=\"11429\" srcset=\"https:\/\/moverdb.com\/wp-content\/uploads\/Royal-Hawaiian-Movers-international-moving-company.png 1440w, https:\/\/moverdb.com\/wp-content\/uploads\/Royal-Hawaiian-Movers-international-moving-company-300x142.png 300w, https:\/\/moverdb.com\/wp-content\/uploads\/Royal-Hawaiian-Movers-international-moving-company-1024x486.png 1024w, https:\/\/moverdb.com\/wp-content\/uploads\/Royal-Hawaiian-Movers-international-moving-company-18x9.png 18w, https:\/\/moverdb.com\/wp-content\/uploads\/Royal-Hawaiian-Movers-international-moving-company-600x285.png 600w\" sizes=\"auto, (max-width: 1440px) 100vw, 1440px\" \/><\/p>\n<ul>\n<li>Lokale og nationale flytninger<\/li>\n<li>Internationale flytninger<\/li>\n<li>Flytning af husholdninger<\/li>\n<li>Flytning af virksomheder<\/li>\n<li>Personaliserede tjenester<\/li>\n<li>Emballage service<\/li>\n<li>Transportordninger<\/li>\n<li>Toldst\u00f8tte<\/li>\n<li>Transport af k\u00f8ret\u00f8jer<\/li>\n<li>Opbevaringsfaciliteter<\/li>\n<\/ul>\n<p>Royal Hawaiian Movers er et flytte- og transportfirma grundlagt i 1982 med kontorer i Honolulu, Kahului, Keaau, Kailua og Lihue. De er en del af The DeWitt Companies-familien, der har et integreret netv\u00e6rk af flytte- og opbevaringstjenester. De er medlem af IAM med 41 \u00e5rs erfaring.<\/p>\n<p>Royal Hawaiian Movers tilbyder en personlig eller virtuel unders\u00f8gelse og planl\u00e6gning f\u00f8r flytningen for at organisere din flytning enten fra d\u00f8r til d\u00f8r eller fra havn til havn. De leverer en personlig service, der er skr\u00e6ddersyet til dine behov, og de vil hj\u00e6lpe dig med alle aspekter af din flytning, herunder pakning af dine ejendele, afl\u00e6sning og samling af dit hjem, transport, told og kulturel r\u00e5dgivning.<\/p>\n<p>Hjemmeside: <a href=\"https:\/\/www.royalhawaiianmovers.com\/\" target=\"_blank\" rel=\"noopener\">https:\/\/www.royalhawaiianmovers.com\/<\/a><\/p>\n<h2><span class=\"ez-toc-section\" id=\"3_WestPac_International\"><\/span><strong>3. WestPac International<\/strong><span class=\"ez-toc-section-end\"><\/span><\/h2>\n<p><img loading=\"lazy\" decoding=\"async\" class=\"alignnone size-full wp-image-11477\" src=\"https:\/\/moverdb.com\/wp-content\/uploads\/WestPac-International-moving-company.png\" alt=\"WestPac International flyttefirma\" width=\"1440\" height=\"682\" data-wp-pid=\"11477\" srcset=\"https:\/\/moverdb.com\/wp-content\/uploads\/WestPac-International-moving-company.png 1440w, https:\/\/moverdb.com\/wp-content\/uploads\/WestPac-International-moving-company-300x142.png 300w, https:\/\/moverdb.com\/wp-content\/uploads\/WestPac-International-moving-company-1024x485.png 1024w, https:\/\/moverdb.com\/wp-content\/uploads\/WestPac-International-moving-company-18x9.png 18w, https:\/\/moverdb.com\/wp-content\/uploads\/WestPac-International-moving-company-600x284.png 600w\" sizes=\"auto, (max-width: 1440px) 100vw, 1440px\" \/><\/p>\n<ul>\n<li>Lokale og nationale flytninger<\/li>\n<li>Internationale flytninger<\/li>\n<li>Flytning af boliger<\/li>\n<li>Flytning af kontorer<\/li>\n<li>D\u00f8r-til-d\u00f8r-service<\/li>\n<li>Pakning og kasser<\/li>\n<li>Emballeringsmaterialer af h\u00f8j kvalitet<\/li>\n<li>Arrangement af transport<\/li>\n<li>Forsikring<\/li>\n<li>Sikker kort- og langtidsopbevaring<\/li>\n<\/ul>\n<p>WestPac International er et internationalt flyttefirma med over 25 \u00e5rs erfaring og base i Honolulu. De er medlem af IAM med 23 \u00e5rs erfaring, hvilket giver dem adgang til et internationalt netv\u00e6rk af flyttefirmaer, der kan hj\u00e6lpe dem med verdensomsp\u00e6ndende flytteservices.<\/p>\n<p>WestPac International tilbyder et gratis overslag og vil finde den bedste l\u00f8sning og pris til din flytning. De tilbyder en pakke- og kasseservice, der bruger flyttematerialer af h\u00f8j kvalitet, eller du kan selv pakke med de medf\u00f8lgende pakkematerialer. De vil arrangere transport af dine ejendele til din destination og vil s\u00f8rge for forsikringsd\u00e6kning.<\/p>\n<p>Hjemmeside: <a href=\"https:\/\/www.westpacinternational.com\/\" target=\"_blank\" rel=\"noopener\">https:\/\/www.westpacinternational.com\/<\/a><\/p>\n<h2><span class=\"ez-toc-section\" id=\"4_World_Wide_Movers_Inc\"><\/span><strong>4. World Wide Movers Inc<\/strong><span class=\"ez-toc-section-end\"><\/span><\/h2>\n<p><img loading=\"lazy\" decoding=\"async\" class=\"alignnone size-full wp-image-11480\" src=\"https:\/\/moverdb.com\/wp-content\/uploads\/World-Wide-Movers-Inc-international-moving-company.png\" alt=\"World Wide Movers Inc internationalt flyttefirma\" width=\"1440\" height=\"678\" data-wp-pid=\"11480\" srcset=\"https:\/\/moverdb.com\/wp-content\/uploads\/World-Wide-Movers-Inc-international-moving-company.png 1440w, https:\/\/moverdb.com\/wp-content\/uploads\/World-Wide-Movers-Inc-international-moving-company-300x141.png 300w, https:\/\/moverdb.com\/wp-content\/uploads\/World-Wide-Movers-Inc-international-moving-company-1024x482.png 1024w, https:\/\/moverdb.com\/wp-content\/uploads\/World-Wide-Movers-Inc-international-moving-company-18x8.png 18w, https:\/\/moverdb.com\/wp-content\/uploads\/World-Wide-Movers-Inc-international-moving-company-600x283.png 600w\" sizes=\"auto, (max-width: 1440px) 100vw, 1440px\" \/><\/p>\n<ul>\n<li>Lokale og nationale flytninger<\/li>\n<li>Internationale flytninger<\/li>\n<li>Flytning af boliger<\/li>\n<li>Flytning af virksomheder<\/li>\n<li>Skr\u00e6ddersyet flytteplan<\/li>\n<li>Emballage service<\/li>\n<li>Transportordninger<\/li>\n<li><a href=\"https:\/\/moverdb.com\/da\/car-transport-shipping\/\" data-internallinksmanager029f6b8e52c=\"2\" title=\"2026 tilbud p\u00e5 international biltransport og forsendelse af k\u00f8ret\u00f8jer\">Transport af k\u00f8ret\u00f8jer<\/a><\/li>\n<li>Forsikring<\/li>\n<li>Opbevaringsfaciliteter<\/li>\n<\/ul>\n<p>World Wide Movers Inc er et flytte- og opbevaringsfirma, der blev etableret i 1963 og har base i Honolulu. De er agent for United Van Lines, Mayflower Transit og UniGroup. De er medlem af IAM og har 60 \u00e5rs erfaring.<\/p>\n<p>World Wide Movers Inc tilbyder et gratis tilbud og laver en skr\u00e6ddersyet flytteplan, der passer til dine behov, din tidsplan og dit budget. De tilbyder pakkemuligheder, der giver dig fleksibilitet med hensyn til, hvor meget du vil deltage i flytningen - fuld pakkeservice, skr\u00f8belig pakning og g\u00f8r-det-selv-pakning. Deres professionelle team af flyttefolk bruger materialer og metoder, der er standard i branchen, til at beskytte genstande, og de kan levere skr\u00e6ddersyede kasser.<\/p>\n<p>Hjemmeside: <a href=\"https:\/\/world-widemovers.com\/honolulu-hawaii-moving-company\/\" target=\"_blank\" rel=\"noopener\">https:\/\/world-widemovers.com\/honolulu-hawaii-moving-company\/<\/a><\/p>","protected":false},"excerpt":{"rendered":"<p>Planning a move locally or long distance can be complicated and stressful so involving a moving company to take on some of the roles can really help. Below we have compiled a list of Honolulu based removal companies that are members of the International Association of Movers (IAM) and\/or FIDI Accredited International Mover (FAIM) who [&hellip;]<\/p>\n","protected":false},"author":4,"featured_media":11354,"parent":190,"menu_order":0,"comment_status":"closed","ping_status":"closed","template":"","meta":{"_genesis_hide_title":false,"_genesis_hide_breadcrumbs":false,"_genesis_hide_singular_image":false,"_genesis_hide_footer_widgets":false,"_genesis_custom_body_class":"","_genesis_custom_post_class":"","_genesis_layout":"","footnotes":""},"class_list":{"0":"post-11574","1":"page","2":"type-page","3":"status-publish","4":"has-post-thumbnail","6":"entry"},"_links":{"self":[{"href":"https:\/\/moverdb.com\/da\/wp-json\/wp\/v2\/pages\/11574","targetHints":{"allow":["GET"]}}],"collection":[{"href":"https:\/\/moverdb.com\/da\/wp-json\/wp\/v2\/pages"}],"about":[{"href":"https:\/\/moverdb.com\/da\/wp-json\/wp\/v2\/types\/page"}],"author":[{"embeddable":true,"href":"https:\/\/moverdb.com\/da\/wp-json\/wp\/v2\/users\/4"}],"replies":[{"embeddable":true,"href":"https:\/\/moverdb.com\/da\/wp-json\/wp\/v2\/comments?post=11574"}],"version-history":[{"count":1,"href":"https:\/\/moverdb.com\/da\/wp-json\/wp\/v2\/pages\/11574\/revisions"}],"predecessor-version":[{"id":11575,"href":"https:\/\/moverdb.com\/da\/wp-json\/wp\/v2\/pages\/11574\/revisions\/11575"}],"up":[{"embeddable":true,"href":"https:\/\/moverdb.com\/da\/wp-json\/wp\/v2\/pages\/190"}],"wp:featuredmedia":[{"embeddable":true,"href":"https:\/\/moverdb.com\/da\/wp-json\/wp\/v2\/media\/11354"}],"wp:attachment":[{"href":"https:\/\/moverdb.com\/da\/wp-json\/wp\/v2\/media?parent=11574"}],"curies":[{"name":"wp","href":"https:\/\/api.w.org\/{rel}","templated":true}]}}