{"id":11564,"date":"2023-11-29T10:35:03","date_gmt":"2023-11-29T10:35:03","guid":{"rendered":"https:\/\/moverdb.com\/?page_id=11564"},"modified":"2026-01-08T15:24:15","modified_gmt":"2026-01-08T15:24:15","slug":"moving-companies-us-gaithersburg","status":"publish","type":"page","link":"https:\/\/moverdb.com\/da\/moving-companies\/moving-companies-us-gaithersburg\/","title":{"rendered":"De 3 bedste internationale flyttefirmaer i Gaithersburg"},"content":{"rendered":"<p>N\u00e5r du flytter hjem eller din virksomhed, er der meget at g\u00f8re, s\u00e5 det er en god id\u00e9 at engagere en <a href=\"https:\/\/moverdb.com\/da\/moving-companies\/\" data-internallinksmanager029f6b8e52c=\"79\" title=\"Top 25 internationale flyttefirmaer online\">flyttefirma<\/a> kan hj\u00e6lpe dig med at reducere arbejdsbyrden, s\u00e5 du kan fokusere p\u00e5 andre aspekter af din flytning. Det kan v\u00e6re at pakke, arrangere transport og h\u00e5ndtere told ved internationale flytninger. Nedenfor har vi samlet en liste over Gaithersburg-baserede <a href=\"https:\/\/moverdb.com\/da\/international-removals\/\" data-internallinksmanager029f6b8e52c=\"27\" title=\"De 36 bedste internationale flyttefirmaer i Storbritannien\">flyttefirmaer<\/a> der er medlemmer af den <a href=\"https:\/\/moverdb.com\/da\/iam\/\" data-internallinksmanager029f6b8e52c=\"23\" title=\"International Association of Movers (IAM) Forklaret\">Den internationale sammenslutning af flyttefirmaer<\/a> (IAM) og\/eller <a href=\"https:\/\/moverdb.com\/da\/fidi-faim\/\" data-internallinksmanager029f6b8e52c=\"16\" title=\"FIDI &amp; FAIM (FIDI Accredited International Mover) forklaret\">FIDI<\/a> Accredited International Mover (FAIM), som kan hj\u00e6lpe dig med din flytning.<\/p>\n<h2><strong>1. Forsendelsesl\u00f8sninger p\u00e5 verdensplan<\/strong><\/h2>\n<p><img loading=\"lazy\" decoding=\"async\" class=\"alignnone size-full wp-image-11442\" src=\"https:\/\/moverdb.com\/wp-content\/uploads\/Shipping-Solutions-Worldwide-international-moving-company.png\" alt=\"Shipping Solutions Worldwide internationalt flyttefirma\" width=\"1440\" height=\"680\" data-wp-pid=\"11442\" srcset=\"https:\/\/moverdb.com\/wp-content\/uploads\/Shipping-Solutions-Worldwide-international-moving-company.png 1440w, https:\/\/moverdb.com\/wp-content\/uploads\/Shipping-Solutions-Worldwide-international-moving-company-300x142.png 300w, https:\/\/moverdb.com\/wp-content\/uploads\/Shipping-Solutions-Worldwide-international-moving-company-1024x484.png 1024w, https:\/\/moverdb.com\/wp-content\/uploads\/Shipping-Solutions-Worldwide-international-moving-company-18x9.png 18w, https:\/\/moverdb.com\/wp-content\/uploads\/Shipping-Solutions-Worldwide-international-moving-company-600x283.png 600w\" sizes=\"auto, (max-width: 1440px) 100vw, 1440px\" \/><\/p>\n<ul>\n<li>Lokale og nationale flytninger<\/li>\n<li>Internationale flytninger<\/li>\n<li>Flytning af boliger<\/li>\n<li>Flytning af virksomheder og kontorer<\/li>\n<li>Personlig service<\/li>\n<li>Emballage service<\/li>\n<li>Land-, luft- og s\u00f8transport<\/li>\n<li>St\u00f8tte til dokumentation<\/li>\n<li><a href=\"https:\/\/moverdb.com\/da\/car-transport-shipping\/\" data-internallinksmanager029f6b8e52c=\"2\" title=\"2026 tilbud p\u00e5 international biltransport og forsendelse af k\u00f8ret\u00f8jer\">Forsendelse af k\u00f8ret\u00f8jer<\/a><\/li>\n<li>Sporing af forsendelser<\/li>\n<\/ul>\n<p>Shipping Solutions Worldwide er et verdensomsp\u00e6ndende flyttefirma, der har over 30 \u00e5rs erfaring og er baseret i Gaithersburg. De samarbejder med et netv\u00e6rk af globale flyttefirmaer om at levere tjenester over hele verden. De er medlem af IAM.<\/p>\n<p>Shipping Solutions Worldwide tilbyder en skr\u00e6ddersyet flytteservice, der er tilpasset dine behov. De tilbyder en pakkeservice, der sikrer, at dine genstande rejser sikkert under forsendelsesforholdene med en komplet opg\u00f8relse. De arrangerer transport til lands, til vands eller i luften, og de behandler ogs\u00e5 al den n\u00f8dvendige dokumentation for transport og sporer din forsendelse.<\/p>\n<p>Hjemmeside: <a href=\"https:\/\/shippingsolutionsworldwide.com\/\" target=\"_blank\" rel=\"noopener\">https:\/\/shippingsolutionsworldwide.com\/<\/a><\/p>\n<h2><strong>2. Town &amp; Country Movers<\/strong><\/h2>\n<p><img loading=\"lazy\" decoding=\"async\" class=\"alignnone size-full wp-image-11458\" src=\"https:\/\/moverdb.com\/wp-content\/uploads\/Town-Country-Movers-international-moving-company.png\" alt=\"Town &amp; Country Movers internationalt flyttefirma\" width=\"1440\" height=\"681\" data-wp-pid=\"11458\" srcset=\"https:\/\/moverdb.com\/wp-content\/uploads\/Town-Country-Movers-international-moving-company.png 1440w, https:\/\/moverdb.com\/wp-content\/uploads\/Town-Country-Movers-international-moving-company-300x142.png 300w, https:\/\/moverdb.com\/wp-content\/uploads\/Town-Country-Movers-international-moving-company-1024x484.png 1024w, https:\/\/moverdb.com\/wp-content\/uploads\/Town-Country-Movers-international-moving-company-18x9.png 18w, https:\/\/moverdb.com\/wp-content\/uploads\/Town-Country-Movers-international-moving-company-600x284.png 600w\" sizes=\"auto, (max-width: 1440px) 100vw, 1440px\" \/><\/p>\n<ul>\n<li>Lokale og nationale flytninger<\/li>\n<li>Internationale flytninger<\/li>\n<li>Flytning af husholdninger<\/li>\n<li>Forretningsflytninger<\/li>\n<li>D\u00f8r-til-d\u00f8r og d\u00f8r-til-d\u00f8r<a href=\"https:\/\/moverdb.com\/da\/top-49-container-ports\/\" data-internallinksmanager029f6b8e52c=\"80\" title=\"Top 49 st\u00f8rste og travleste containerhavne i 2025\">port<\/a> muligheder<\/li>\n<li>Emballage service<\/li>\n<li>Tilrettel\u00e6ggelse af transport<\/li>\n<li>Toldklarering<\/li>\n<li>Transport af k\u00f8ret\u00f8jer<\/li>\n<li>Sikker kort- og langtidsopbevaring<\/li>\n<\/ul>\n<p>Town &amp; Country Movers er et flytte- og opbevaringsfirma, der blev grundlagt i 1977, og som har base i Gaithersburg og betjener <a href=\"https:\/\/moverdb.com\/da\/moving-to-the-united-states\/moving-to-maryland\/\" data-internallinksmanager029f6b8e52c=\"467\" title=\"Flytter du til Maryland? 2024 Leveomkostninger og tips til flytning\">Maryland<\/a> og <a href=\"https:\/\/moverdb.com\/da\/moving-to-the-united-states\/moving-to-virginia\/\" data-internallinksmanager029f6b8e52c=\"442\" title=\"Flytte til Virginia? 2026 Leveomkostninger og tips til flytning\">Virginia<\/a> med lokale, nationale og internationale flytninger. De samarbejder med p\u00e5lidelige internationale spedit\u00f8rer for at levere deres tjenester over hele verden. De er medlem af IAM med 46 \u00e5rs erfaring.<\/p>\n<p>Town &amp; Country Movers tilbyder en gratis vurdering af din flytning i hjemmet, og de tilpasser deres service til dine behov. De hj\u00e6lper dig med at finde de bedste transportmuligheder til dine behov og dit budget. De tilbyder en professionel pakkeservice for at beskytte dine ting, som kan omfatte skr\u00e6ddersyede kasser.<\/p>\n<p>Hjemmeside: <a href=\"https:\/\/townandcountrymovers.com\/\" target=\"_blank\" rel=\"noopener\">https:\/\/townandcountrymovers.com\/<\/a><\/p>\n<h2><strong>3. Universelle flytninger<\/strong><\/h2>\n<p><img loading=\"lazy\" decoding=\"async\" class=\"alignnone size-full wp-image-11469\" src=\"https:\/\/moverdb.com\/wp-content\/uploads\/Universal-Relocations-international-moving-company-1.png\" alt=\"Universal Relocations international flyttevirksomhed\" width=\"1440\" height=\"680\" data-wp-pid=\"11469\" srcset=\"https:\/\/moverdb.com\/wp-content\/uploads\/Universal-Relocations-international-moving-company-1.png 1440w, https:\/\/moverdb.com\/wp-content\/uploads\/Universal-Relocations-international-moving-company-1-300x142.png 300w, https:\/\/moverdb.com\/wp-content\/uploads\/Universal-Relocations-international-moving-company-1-1024x484.png 1024w, https:\/\/moverdb.com\/wp-content\/uploads\/Universal-Relocations-international-moving-company-1-18x9.png 18w, https:\/\/moverdb.com\/wp-content\/uploads\/Universal-Relocations-international-moving-company-1-600x283.png 600w\" sizes=\"auto, (max-width: 1440px) 100vw, 1440px\" \/><\/p>\n<ul>\n<li>Nationale flytninger<\/li>\n<li>Internationale flytninger<\/li>\n<li>Flytning af husstande<\/li>\n<li>Flytning af virksomheder<\/li>\n<li>D\u00f8r-til-d\u00f8r-service<\/li>\n<li>Emballage service<\/li>\n<li>Toldm\u00e6glervirksomhed<\/li>\n<li>Transport af k\u00e6ledyr og biler<\/li>\n<li>Hj\u00e6lp til s\u00f8gning af boliger<\/li>\n<li>Opbevaringsfaciliteter<\/li>\n<\/ul>\n<p>Universal Relocations er et internationalt flytte- og udstationeringsfirma, der blev grundlagt i <a href=\"https:\/\/moverdb.com\/da\/moving-to-india\/\" data-internallinksmanager029f6b8e52c=\"356\" title=\"Flytter du til Indien? 2026 Leveomkostninger og tips til flytning\">Indien<\/a> i 1998, der ogs\u00e5 har kontorer i <a href=\"https:\/\/moverdb.com\/da\/moving-to-the-united-states\/\" data-internallinksmanager029f6b8e52c=\"94\" title=\"Flytter du til USA? 2022 Leveomkostninger og flyttetips\">USA<\/a> i Gaithersburg, <a href=\"https:\/\/moverdb.com\/da\/moving-to-the-united-states\/moving-to-new-jersey\/\" data-internallinksmanager029f6b8e52c=\"417\" title=\"Flytter du til New Jersey? 2026 Leveomkostninger og tips til flytning\">New Jersey<\/a>, <a href=\"https:\/\/moverdb.com\/da\/moving-to-the-united-states\/moving-to-california\/\" data-internallinksmanager029f6b8e52c=\"330\" title=\"Flytning til Californien? 2026 Leveomkostninger og tips til flytning\">Californien<\/a>, <a href=\"https:\/\/moverdb.com\/da\/moving-to-the-united-states\/moving-to-texas\/\" data-internallinksmanager029f6b8e52c=\"397\" title=\"Flytte til Texas? 2026 Leveomkostninger og tips til flytning\">Texas<\/a> og <a href=\"https:\/\/moverdb.com\/da\/moving-to-the-united-states\/moving-to-georgia\/\" data-internallinksmanager029f6b8e52c=\"402\" title=\"Flytte til Georgia? 2026 Leveomkostninger og tips til flytning\">Georgien<\/a>. De har et globalt netv\u00e6rk af 160 partneragenter, der st\u00f8tter dem med internationale tjenester. De er medlem af IAM med syv \u00e5rs erfaring.<\/p>\n<p>Universal Relocations tilbyder en d\u00f8r-til-d\u00f8r-flytteservice til husholdninger og virksomheder. De tilbyder en sikker pakkeservice for at beskytte dine ejendele under transporten, og de kan ogs\u00e5 transportere dine k\u00e6ledyr og k\u00f8ret\u00f8jer. De tilbyder ogs\u00e5 yderligere tjenester, som omfatter hj\u00e6lp til boligs\u00f8gning, opbevaringsfaciliteter og forsikring.<\/p>\n<p>Hjemmeside: <a href=\"https:\/\/universalrelocations.com\/\" target=\"_blank\" rel=\"noopener\">https:\/\/universalrelocations.com\/<\/a><\/p>","protected":false},"excerpt":{"rendered":"<p>When you are moving home or your business there is a lot to do so engaging the services of a moving company can assist you in reducing the workload so you can focus on other aspects of your move. This can include packing, arranging transport and handling customs for international moves. Below we have compiled [&hellip;]<\/p>\n","protected":false},"author":4,"featured_media":11442,"parent":190,"menu_order":0,"comment_status":"closed","ping_status":"closed","template":"","meta":{"_genesis_hide_title":false,"_genesis_hide_breadcrumbs":false,"_genesis_hide_singular_image":false,"_genesis_hide_footer_widgets":false,"_genesis_custom_body_class":"","_genesis_custom_post_class":"","_genesis_layout":"","footnotes":""},"class_list":{"0":"post-11564","1":"page","2":"type-page","3":"status-publish","4":"has-post-thumbnail","6":"entry"},"_links":{"self":[{"href":"https:\/\/moverdb.com\/da\/wp-json\/wp\/v2\/pages\/11564","targetHints":{"allow":["GET"]}}],"collection":[{"href":"https:\/\/moverdb.com\/da\/wp-json\/wp\/v2\/pages"}],"about":[{"href":"https:\/\/moverdb.com\/da\/wp-json\/wp\/v2\/types\/page"}],"author":[{"embeddable":true,"href":"https:\/\/moverdb.com\/da\/wp-json\/wp\/v2\/users\/4"}],"replies":[{"embeddable":true,"href":"https:\/\/moverdb.com\/da\/wp-json\/wp\/v2\/comments?post=11564"}],"version-history":[{"count":1,"href":"https:\/\/moverdb.com\/da\/wp-json\/wp\/v2\/pages\/11564\/revisions"}],"predecessor-version":[{"id":11565,"href":"https:\/\/moverdb.com\/da\/wp-json\/wp\/v2\/pages\/11564\/revisions\/11565"}],"up":[{"embeddable":true,"href":"https:\/\/moverdb.com\/da\/wp-json\/wp\/v2\/pages\/190"}],"wp:featuredmedia":[{"embeddable":true,"href":"https:\/\/moverdb.com\/da\/wp-json\/wp\/v2\/media\/11442"}],"wp:attachment":[{"href":"https:\/\/moverdb.com\/da\/wp-json\/wp\/v2\/media?parent=11564"}],"curies":[{"name":"wp","href":"https:\/\/api.w.org\/{rel}","templated":true}]}}