{"id":11560,"date":"2023-11-29T10:28:15","date_gmt":"2023-11-29T10:28:15","guid":{"rendered":"https:\/\/moverdb.com\/?page_id=11560"},"modified":"2026-01-08T15:24:13","modified_gmt":"2026-01-08T15:24:13","slug":"moving-companies-in-el-paso-usa","status":"publish","type":"page","link":"https:\/\/moverdb.com\/da\/moving-companies\/moving-companies-in-el-paso-usa\/","title":{"rendered":"De 3 bedste internationale flyttefirmaer i El Paso"},"content":{"rendered":"<p>Har du planer om at flytte i, til eller fra El Paso? S\u00e5 kan du f\u00e5 hj\u00e6lp af en <a href=\"https:\/\/moverdb.com\/da\/moving-companies\/\" data-internallinksmanager029f6b8e52c=\"79\" title=\"Top 25 internationale flyttefirmaer online\">flyttefirma<\/a> til at pakke, arrangere transport og h\u00e5ndtere told ved internationale flytninger kan reducere stress. Nedenfor har vi samlet en liste over El Paso-baserede <a href=\"https:\/\/moverdb.com\/da\/international-removals\/\" data-internallinksmanager029f6b8e52c=\"27\" title=\"De 36 bedste internationale flyttefirmaer i Storbritannien\">flyttefirmaer<\/a> der er medlemmer af den <a href=\"https:\/\/moverdb.com\/da\/iam\/\" data-internallinksmanager029f6b8e52c=\"23\" title=\"International Association of Movers (IAM) Forklaret\">Den internationale sammenslutning af flyttefirmaer<\/a> (IAM) og\/eller <a href=\"https:\/\/moverdb.com\/da\/fidi-faim\/\" data-internallinksmanager029f6b8e52c=\"16\" title=\"FIDI &amp; FAIM (FIDI Accredited International Mover) forklaret\">FIDI<\/a> akkrediteret international flyttevirksomhed (FAIM), som kan hj\u00e6lpe dig med din flytning.<\/p>\n<h2><strong>1. Deseret International Forwarding<\/strong><\/h2>\n<p><img loading=\"lazy\" decoding=\"async\" class=\"alignnone size-full wp-image-11305\" src=\"https:\/\/moverdb.com\/wp-content\/uploads\/Deseret-International-Forwarding-moving-company.png\" alt=\"Deseret International Forwarding flyttefirma\" width=\"1440\" height=\"676\" data-wp-pid=\"11305\" srcset=\"https:\/\/moverdb.com\/wp-content\/uploads\/Deseret-International-Forwarding-moving-company.png 1440w, https:\/\/moverdb.com\/wp-content\/uploads\/Deseret-International-Forwarding-moving-company-300x141.png 300w, https:\/\/moverdb.com\/wp-content\/uploads\/Deseret-International-Forwarding-moving-company-1024x481.png 1024w, https:\/\/moverdb.com\/wp-content\/uploads\/Deseret-International-Forwarding-moving-company-18x8.png 18w, https:\/\/moverdb.com\/wp-content\/uploads\/Deseret-International-Forwarding-moving-company-600x282.png 600w\" sizes=\"auto, (max-width: 1440px) 100vw, 1440px\" \/><\/p>\n<ul>\n<li>Internationale flytninger<\/li>\n<li>Flytning af husholdninger<\/li>\n<li>Flytning af virksomheder<\/li>\n<li>D\u00f8r-til-d\u00f8r eller <a href=\"https:\/\/moverdb.com\/da\/top-49-container-ports\/\" data-internallinksmanager029f6b8e52c=\"80\" title=\"Top 49 st\u00f8rste og travleste containerhavne i 2025\">port<\/a>-til-d\u00f8r service<\/li>\n<li>Personlig flyttekoordinator<\/li>\n<li>Emballage service<\/li>\n<li>Luft-, s\u00f8- og landtransport<\/li>\n<li>Online sporing af forsendelser<\/li>\n<li>All-risk-forsikring<\/li>\n<li>Sikker opbevaring<\/li>\n<\/ul>\n<p>Deseret International Forwarding er fokuseret p\u00e5 international spedition af husholdningsartikler og er baseret i El Paso. De har et p\u00e5lideligt netv\u00e6rk af globale relationer med andre flyttefirmaer for at kunne tilbyde internationale flytteservices. De er medlem af IAM med 31 \u00e5rs erfaring.<\/p>\n<p>Deseret International Forwardings personlige flyttekoordinatorer vil st\u00f8tte dig under hele flytningen og hj\u00e6lpe dig med at v\u00e6lge den bedste m\u00e5de at flytte til dit nye hjem p\u00e5. De tilbyder en d\u00f8r-til-d\u00f8r-service eller havn-til-d\u00f8r-service, som kan omfatte pakning af dine ejendele. De arrangerer sikker transport af dine ejendele med fly, skib eller p\u00e5 land.<\/p>\n<p>Hjemmeside: <a href=\"http:\/\/www.deseret-intl.com\/\" target=\"_blank\" rel=\"noopener\">http:\/\/www.deseret-intl.com\/<\/a><\/p>\n<h2><strong>2. ITO<\/strong><\/h2>\n<p><img loading=\"lazy\" decoding=\"async\" class=\"alignnone size-full wp-image-11355\" src=\"https:\/\/moverdb.com\/wp-content\/uploads\/ITO-El-Paso-international-moving-company.png\" alt=\"ITO El Paso internationalt flyttefirma\" width=\"1440\" height=\"683\" data-wp-pid=\"11355\" srcset=\"https:\/\/moverdb.com\/wp-content\/uploads\/ITO-El-Paso-international-moving-company.png 1440w, https:\/\/moverdb.com\/wp-content\/uploads\/ITO-El-Paso-international-moving-company-300x142.png 300w, https:\/\/moverdb.com\/wp-content\/uploads\/ITO-El-Paso-international-moving-company-1024x486.png 1024w, https:\/\/moverdb.com\/wp-content\/uploads\/ITO-El-Paso-international-moving-company-18x9.png 18w, https:\/\/moverdb.com\/wp-content\/uploads\/ITO-El-Paso-international-moving-company-600x285.png 600w\" sizes=\"auto, (max-width: 1440px) 100vw, 1440px\" \/><\/p>\n<ul>\n<li>Nationale flytninger<\/li>\n<li>Internationale flytninger<\/li>\n<li>Flytning af husstande<\/li>\n<li>Flytning af kontorer<\/li>\n<li>F\u00f8rste konsultation<\/li>\n<li>Emballage service<\/li>\n<li>Transportordninger<\/li>\n<li>Toldklarering<\/li>\n<li>H\u00e5ndv\u00e6rkerservice<\/li>\n<li>Sikker opbevaring<\/li>\n<\/ul>\n<p>ITO er et internationalt flyttefirma med afdelinger i <a href=\"https:\/\/moverdb.com\/da\/moving-to-the-united-states\/\" data-internallinksmanager029f6b8e52c=\"94\" title=\"Flytter du til USA? 2022 Leveomkostninger og flyttetips\">USA<\/a>, <a href=\"https:\/\/moverdb.com\/da\/moving-to-germany\/\" data-internallinksmanager029f6b8e52c=\"321\" title=\"Flytter du til Tyskland? 2026 Leveomkostninger og flyttetips\">Tyskland<\/a> og Afrika. Deres kontorer i USA ligger i El Paso, Wichita Falls og Norfolk. De arbejder internationalt ved hj\u00e6lp af deres egne afdelinger og netv\u00e6rk af internationale partnere. De er medlem af IAM med 47 \u00e5rs erfaring.<\/p>\n<p>ITO tilbyder en indledende konsultation og r\u00e5dgivning, s\u00e5 du kan blive forberedt. De tilbyder standard- og specialemballage for at beskytte dine ejendele samt adskillelse og samling af m\u00f8bler. De kan ogs\u00e5 tilbyde h\u00e5ndv\u00e6rkerservice, hvis det er n\u00f8dvendigt. De tilbyder en r\u00e6kke transportmuligheder, herunder kollektive containere til nogle regioner.<\/p>\n<p>Hjemmeside: <a href=\"https:\/\/www.ito-movers.de\/?lang=en\" target=\"_blank\" rel=\"noopener\">https:\/\/www.ito-movers.de\/?lang=en<\/a><\/p>\n<h2><strong>3. TIS Worldwide<\/strong><\/h2>\n<p><img loading=\"lazy\" decoding=\"async\" class=\"alignnone size-full wp-image-11456\" src=\"https:\/\/moverdb.com\/wp-content\/uploads\/TIS-Worldwide-international-moving-company.png\" alt=\"TIS Worldwide internationalt flyttefirma\" width=\"1440\" height=\"682\" data-wp-pid=\"11456\" srcset=\"https:\/\/moverdb.com\/wp-content\/uploads\/TIS-Worldwide-international-moving-company.png 1440w, https:\/\/moverdb.com\/wp-content\/uploads\/TIS-Worldwide-international-moving-company-300x142.png 300w, https:\/\/moverdb.com\/wp-content\/uploads\/TIS-Worldwide-international-moving-company-1024x485.png 1024w, https:\/\/moverdb.com\/wp-content\/uploads\/TIS-Worldwide-international-moving-company-18x9.png 18w, https:\/\/moverdb.com\/wp-content\/uploads\/TIS-Worldwide-international-moving-company-600x284.png 600w\" sizes=\"auto, (max-width: 1440px) 100vw, 1440px\" \/><\/p>\n<ul>\n<li>Spedition af gods<\/li>\n<li>International transport<\/li>\n<li>Administreret logistik<\/li>\n<li>Skr\u00e6ddersyet service<\/li>\n<li>D\u00f8r-til-d\u00f8r-service<\/li>\n<li>Port-til-port-service<\/li>\n<li>Lastbil-, jernbane-, vej- og s\u00f8transport<\/li>\n<li>Fuld og mindre end fuld belastning<\/li>\n<li>Sporing af last<\/li>\n<li>Opbevaringsfaciliteter<\/li>\n<\/ul>\n<p>TIS Worldwide er en f\u00f8rsteklasses udbyder af logistiktjenester, der blev grundlagt i 1976 og har base i El Paso. De har et verdensomsp\u00e6ndende netv\u00e6rk af agenter i de fleste lande i verden, som hj\u00e6lper dem med at levere internationale tjenester. De er medlem af IAM og har 47 \u00e5rs erfaring.<\/p>\n<p>TIS Worldwide tilbyder en personlig service og vil finde de bedste transportmuligheder for din forsendelse for at f\u00e5 de mest konkurrencedygtige omkostninger og kvalitetsservice. De tilbyder en r\u00e6kke transportmuligheder, herunder d\u00f8r-til-d\u00f8r- og havn-til-havn-services til fulde og mindre end fulde containerladninger samt projektgods.<\/p>\n<p>Hjemmeside: <a href=\"https:\/\/www.tis-shipping.com\/\" target=\"_blank\" rel=\"noopener\">https:\/\/www.tis-shipping.com\/<\/a><\/p>","protected":false},"excerpt":{"rendered":"<p>Are you planning on moving within, to or from El Paso? Then enlisting the help of a moving company to pack, arrange transport and handle customs for international moves can reduce the stress. Below we have compiled a list of El Paso based removal companies that are members of the International Association of Movers (IAM) [&hellip;]<\/p>\n","protected":false},"author":4,"featured_media":11305,"parent":190,"menu_order":0,"comment_status":"closed","ping_status":"closed","template":"","meta":{"_genesis_hide_title":false,"_genesis_hide_breadcrumbs":false,"_genesis_hide_singular_image":false,"_genesis_hide_footer_widgets":false,"_genesis_custom_body_class":"","_genesis_custom_post_class":"","_genesis_layout":"","footnotes":""},"class_list":{"0":"post-11560","1":"page","2":"type-page","3":"status-publish","4":"has-post-thumbnail","6":"entry"},"_links":{"self":[{"href":"https:\/\/moverdb.com\/da\/wp-json\/wp\/v2\/pages\/11560","targetHints":{"allow":["GET"]}}],"collection":[{"href":"https:\/\/moverdb.com\/da\/wp-json\/wp\/v2\/pages"}],"about":[{"href":"https:\/\/moverdb.com\/da\/wp-json\/wp\/v2\/types\/page"}],"author":[{"embeddable":true,"href":"https:\/\/moverdb.com\/da\/wp-json\/wp\/v2\/users\/4"}],"replies":[{"embeddable":true,"href":"https:\/\/moverdb.com\/da\/wp-json\/wp\/v2\/comments?post=11560"}],"version-history":[{"count":1,"href":"https:\/\/moverdb.com\/da\/wp-json\/wp\/v2\/pages\/11560\/revisions"}],"predecessor-version":[{"id":11561,"href":"https:\/\/moverdb.com\/da\/wp-json\/wp\/v2\/pages\/11560\/revisions\/11561"}],"up":[{"embeddable":true,"href":"https:\/\/moverdb.com\/da\/wp-json\/wp\/v2\/pages\/190"}],"wp:featuredmedia":[{"embeddable":true,"href":"https:\/\/moverdb.com\/da\/wp-json\/wp\/v2\/media\/11305"}],"wp:attachment":[{"href":"https:\/\/moverdb.com\/da\/wp-json\/wp\/v2\/media?parent=11560"}],"curies":[{"name":"wp","href":"https:\/\/api.w.org\/{rel}","templated":true}]}}