{"id":11558,"date":"2023-11-29T10:29:34","date_gmt":"2023-11-29T10:29:34","guid":{"rendered":"https:\/\/moverdb.com\/?page_id=11558"},"modified":"2026-01-08T15:24:12","modified_gmt":"2026-01-08T15:24:12","slug":"moving-companies-us-danbury","status":"publish","type":"page","link":"https:\/\/moverdb.com\/da\/moving-companies\/moving-companies-us-danbury\/","title":{"rendered":"De 3 bedste internationale flyttefirmaer i Danbury"},"content":{"rendered":"<p>Planl\u00e6gning og h\u00e5ndtering af din flytning kan v\u00e6re stressende, s\u00e5 f\u00e5 en <a href=\"https:\/\/moverdb.com\/da\/moving-companies\/\" data-internallinksmanager029f6b8e52c=\"79\" title=\"Top 25 internationale flyttefirmaer online\">flyttefirma<\/a> til at pakke og transportere dine ejendele kan lette presset. Nedenfor har vi samlet en liste over Danbury-baserede <a href=\"https:\/\/moverdb.com\/da\/international-removals\/\" data-internallinksmanager029f6b8e52c=\"27\" title=\"De 36 bedste internationale flyttefirmaer i Storbritannien\">flyttefirmaer<\/a> der er medlemmer af den <a href=\"https:\/\/moverdb.com\/da\/iam\/\" data-internallinksmanager029f6b8e52c=\"23\" title=\"International Association of Movers (IAM) Forklaret\">Den internationale sammenslutning af flyttefirmaer<\/a> (IAM) og\/eller <a href=\"https:\/\/moverdb.com\/da\/fidi-faim\/\" data-internallinksmanager029f6b8e52c=\"16\" title=\"FIDI &amp; FAIM (FIDI Accredited International Mover) forklaret\">FIDI<\/a> akkrediteret international flyttevirksomhed (FAIM), som kan hj\u00e6lpe dig med din flytning.<\/p>\n<h2><strong>1. Kontinuum International<\/strong><\/h2>\n<p><img loading=\"lazy\" decoding=\"async\" class=\"alignnone size-full wp-image-11296\" src=\"https:\/\/moverdb.com\/wp-content\/uploads\/Continuum-International-moving-company.png\" alt=\"Continuum International flyttefirma\" width=\"1440\" height=\"677\" data-wp-pid=\"11296\" srcset=\"https:\/\/moverdb.com\/wp-content\/uploads\/Continuum-International-moving-company.png 1440w, https:\/\/moverdb.com\/wp-content\/uploads\/Continuum-International-moving-company-300x141.png 300w, https:\/\/moverdb.com\/wp-content\/uploads\/Continuum-International-moving-company-1024x481.png 1024w, https:\/\/moverdb.com\/wp-content\/uploads\/Continuum-International-moving-company-18x8.png 18w, https:\/\/moverdb.com\/wp-content\/uploads\/Continuum-International-moving-company-600x282.png 600w\" sizes=\"auto, (max-width: 1440px) 100vw, 1440px\" \/><\/p>\n<ul>\n<li>Nationale flytninger<\/li>\n<li>Internationale flytninger<\/li>\n<li>Flytning af virksomheder<\/li>\n<li>D\u00f8r-til-d\u00f8r-service<\/li>\n<li>Skr\u00e6ddersyede tjenester<\/li>\n<li>Emballage service<\/li>\n<li>Transport med fly, skib eller lastbil<\/li>\n<li>Forberedelse af dokumenter<\/li>\n<li>Forsikring af forsendelser<\/li>\n<li>Opbevaringsfaciliteter<\/li>\n<\/ul>\n<p>Continuum International er en global virksomhed, der arbejder med udstationering og opgavestyring, og som har eksisteret i over 20 \u00e5r med afdelinger i Danbury og Brookfield. De har globale partnerskaber, der g\u00f8r det muligt for dem at levere deres tjenester internationalt. De er medlem af IAM med 24 \u00e5rs erfaring.<\/p>\n<p>Continuum International tilbyder skr\u00e6ddersyede d\u00f8r-til-d\u00f8r-flytninger og relocation services med en tilknyttet Relocation Advisor. De tilbyder en unders\u00f8gelse f\u00f8r flytningen for at vurdere dine flyttebehov og lave en flytteplan. De pakker dine ejendele og sikrer, at emballagematerialerne er egnede til transportformen og destinationen.<\/p>\n<p>Hjemmeside: <a href=\"https:\/\/www.continuumrelo.com\/\" target=\"_blank\" rel=\"noopener\">https:\/\/www.continuumrelo.com\/<\/a><\/p>\n<h2><strong>2. Interconex<\/strong><\/h2>\n<p><img loading=\"lazy\" decoding=\"async\" class=\"alignnone size-full wp-image-11345\" src=\"https:\/\/moverdb.com\/wp-content\/uploads\/Interconex-international-moving-company.png\" alt=\"Interconex internationalt flyttefirma\" width=\"1440\" height=\"678\" data-wp-pid=\"11345\" srcset=\"https:\/\/moverdb.com\/wp-content\/uploads\/Interconex-international-moving-company.png 1440w, https:\/\/moverdb.com\/wp-content\/uploads\/Interconex-international-moving-company-300x141.png 300w, https:\/\/moverdb.com\/wp-content\/uploads\/Interconex-international-moving-company-1024x482.png 1024w, https:\/\/moverdb.com\/wp-content\/uploads\/Interconex-international-moving-company-18x8.png 18w, https:\/\/moverdb.com\/wp-content\/uploads\/Interconex-international-moving-company-600x283.png 600w\" sizes=\"auto, (max-width: 1440px) 100vw, 1440px\" \/><\/p>\n<ul>\n<li>Nationale flytninger<\/li>\n<li>Internationale flytninger<\/li>\n<li>Flytning af husholdninger<\/li>\n<li>Flytning af virksomheder<\/li>\n<li>D\u00f8r-til-d\u00f8r-service<\/li>\n<li>Emballage service<\/li>\n<li>Transportordninger<\/li>\n<li>Toldklarering<\/li>\n<li>Flytning af k\u00e6ledyr<\/li>\n<li>Tjenester til sikker opbevaring<\/li>\n<\/ul>\n<p>Interconex er et full-service flyttefirma, der blev etableret i 1969 og har base i Danbury. De samarbejder med h\u00e5ndplukkede internationale partnere om at levere deres tjenester over hele verden. De er akkrediteret af FIDI.<\/p>\n<p>Interconex tilbyder en indledende unders\u00f8gelse for at fastsl\u00e5 dine flyttebehov. De tilbyder en pakkeservice, der bruger pakkematerialer af den fineste kvalitet og uddannede pakkere til at beskytte dine ejendele. Dette kan omfatte specialiserede pakkematerialer og skr\u00e6ddersyede kasser. De tilbyder yderligere tjenester, som omfatter lufthavnstransport, concierge-tjenester, handyman-assistance, reng\u00f8ringsservice, midlertidig indkvartering, destinationstjenester, flytning af k\u00e6ledyr, all-risk forsikring og opbevaring.<\/p>\n<p>Hjemmeside: <a href=\"https:\/\/www.interconex.com\/\" target=\"_blank\" rel=\"noopener\">https:\/\/www.interconex.com\/<\/a><\/p>\n<h2><strong>3. Intermove Ltd<\/strong><\/h2>\n<p><img loading=\"lazy\" decoding=\"async\" class=\"alignnone size-full wp-image-11346\" src=\"https:\/\/moverdb.com\/wp-content\/uploads\/Intermove-Danbury-international-moving-company.png\" alt=\"Intermove Danbury internationalt flyttefirma\" width=\"1440\" height=\"680\" data-wp-pid=\"11346\" srcset=\"https:\/\/moverdb.com\/wp-content\/uploads\/Intermove-Danbury-international-moving-company.png 1440w, https:\/\/moverdb.com\/wp-content\/uploads\/Intermove-Danbury-international-moving-company-300x142.png 300w, https:\/\/moverdb.com\/wp-content\/uploads\/Intermove-Danbury-international-moving-company-1024x484.png 1024w, https:\/\/moverdb.com\/wp-content\/uploads\/Intermove-Danbury-international-moving-company-18x9.png 18w, https:\/\/moverdb.com\/wp-content\/uploads\/Intermove-Danbury-international-moving-company-600x283.png 600w\" sizes=\"auto, (max-width: 1440px) 100vw, 1440px\" \/><\/p>\n<ul>\n<li>Internationale flytninger<\/li>\n<li>Flytning af husstande<\/li>\n<li>Flytning af virksomheder<\/li>\n<li>D\u00f8r-til-d\u00f8r-service<\/li>\n<li>Gratis overslag<\/li>\n<li>Virtuel og on-site assistance<\/li>\n<li>Luft-, s\u00f8- og landtransport<\/li>\n<li>St\u00f8tte til dokumentation<\/li>\n<li>Forsikring<\/li>\n<\/ul>\n<p>Intermove Ltd er et internationalt flytte- og relocationfirma, der blev grundlagt i 1977 og har base i Danbury. De har et netv\u00e6rk af p\u00e5lidelige internationale flyttefirmaer, som hj\u00e6lper dem med at levere d\u00f8r-til-d\u00f8r-tjenester over hele verden. De er medlem af IAM og har 46 \u00e5rs erfaring.<\/p>\n<p>Intermove Ltd tilbyder et gratis overslag med r\u00e5dgivning og st\u00f8tte fra deres internationale flyttespecialister enten virtuelt eller p\u00e5 stedet ved internationale flytninger. De arrangerer sikker transport af dine ejendele med fly, skib eller land med hj\u00e6lp til dokumentation. De tilbyder forsikringsd\u00e6kning til professionelt pakkede laster.<\/p>\n<p>Hjemmeside: <a href=\"https:\/\/www.intermove.com\/\" target=\"_blank\" rel=\"noopener\">https:\/\/www.intermove.com\/<\/a><\/p>","protected":false},"excerpt":{"rendered":"<p>Planning and managing your move can be stressful so getting a moving company in to pack and transport your belongings can ease the pressure. Below we have compiled a list of Danbury based removal companies that are members of the International Association of Movers (IAM) and\/or FIDI Accredited International Mover (FAIM) who could assist you [&hellip;]<\/p>\n","protected":false},"author":4,"featured_media":11296,"parent":190,"menu_order":0,"comment_status":"closed","ping_status":"closed","template":"","meta":{"_genesis_hide_title":false,"_genesis_hide_breadcrumbs":false,"_genesis_hide_singular_image":false,"_genesis_hide_footer_widgets":false,"_genesis_custom_body_class":"","_genesis_custom_post_class":"","_genesis_layout":"","footnotes":""},"class_list":{"0":"post-11558","1":"page","2":"type-page","3":"status-publish","4":"has-post-thumbnail","6":"entry"},"_links":{"self":[{"href":"https:\/\/moverdb.com\/da\/wp-json\/wp\/v2\/pages\/11558","targetHints":{"allow":["GET"]}}],"collection":[{"href":"https:\/\/moverdb.com\/da\/wp-json\/wp\/v2\/pages"}],"about":[{"href":"https:\/\/moverdb.com\/da\/wp-json\/wp\/v2\/types\/page"}],"author":[{"embeddable":true,"href":"https:\/\/moverdb.com\/da\/wp-json\/wp\/v2\/users\/4"}],"replies":[{"embeddable":true,"href":"https:\/\/moverdb.com\/da\/wp-json\/wp\/v2\/comments?post=11558"}],"version-history":[{"count":1,"href":"https:\/\/moverdb.com\/da\/wp-json\/wp\/v2\/pages\/11558\/revisions"}],"predecessor-version":[{"id":11559,"href":"https:\/\/moverdb.com\/da\/wp-json\/wp\/v2\/pages\/11558\/revisions\/11559"}],"up":[{"embeddable":true,"href":"https:\/\/moverdb.com\/da\/wp-json\/wp\/v2\/pages\/190"}],"wp:featuredmedia":[{"embeddable":true,"href":"https:\/\/moverdb.com\/da\/wp-json\/wp\/v2\/media\/11296"}],"wp:attachment":[{"href":"https:\/\/moverdb.com\/da\/wp-json\/wp\/v2\/media?parent=11558"}],"curies":[{"name":"wp","href":"https:\/\/api.w.org\/{rel}","templated":true}]}}