{"id":11556,"date":"2023-11-29T10:30:30","date_gmt":"2023-11-29T10:30:30","guid":{"rendered":"https:\/\/moverdb.com\/?page_id=11556"},"modified":"2026-01-08T15:24:11","modified_gmt":"2026-01-08T15:24:11","slug":"moving-companies-us-connecticut","status":"publish","type":"page","link":"https:\/\/moverdb.com\/da\/moving-companies\/moving-companies-us-connecticut\/","title":{"rendered":"De 3 bedste internationale flyttefirmaer i Connecticut"},"content":{"rendered":"<p>Hvis du skal flytte, kan det v\u00e6re en god id\u00e9 at f\u00e5 hj\u00e6lp af en <a href=\"https:\/\/moverdb.com\/da\/moving-companies\/\" data-internallinksmanager029f6b8e52c=\"79\" title=\"Top 25 internationale flyttefirmaer online\">flyttefirma<\/a> til at st\u00f8tte og lette byrden. De kan hj\u00e6lpe med at planl\u00e6gge flytningen, pakke dine ejendele, arrangere transport og h\u00e5ndtere told ved internationale flytninger. Nedenfor har vi samlet en liste over <a href=\"https:\/\/moverdb.com\/da\/moving-to-the-united-states\/moving-to-connecticut\/\" data-internallinksmanager029f6b8e52c=\"444\" title=\"Flytter du til Connecticut? 2026 Leveomkostninger og tips til flytning\">Connecticut<\/a> baseret <a href=\"https:\/\/moverdb.com\/da\/international-removals\/\" data-internallinksmanager029f6b8e52c=\"27\" title=\"De 36 bedste internationale flyttefirmaer i Storbritannien\">flyttefirmaer<\/a> der er medlemmer af den <a href=\"https:\/\/moverdb.com\/da\/iam\/\" data-internallinksmanager029f6b8e52c=\"23\" title=\"International Association of Movers (IAM) Forklaret\">Den internationale sammenslutning af flyttefirmaer<\/a> (IAM) og\/eller <a href=\"https:\/\/moverdb.com\/da\/fidi-faim\/\" data-internallinksmanager029f6b8e52c=\"16\" title=\"FIDI &amp; FAIM (FIDI Accredited International Mover) forklaret\">FIDI<\/a> akkrediteret international flyttevirksomhed (FAIM), som kan hj\u00e6lpe dig med din flytning.<\/p>\n<h2><strong>1. Brimar Flytning<\/strong><\/h2>\n<p><img loading=\"lazy\" decoding=\"async\" class=\"alignnone size-full wp-image-11277\" src=\"https:\/\/moverdb.com\/wp-content\/uploads\/Brimar-Relocations-international-moving-company.png\" alt=\"Brimar Relocations internationalt flyttefirma\" width=\"1440\" height=\"679\" data-wp-pid=\"11277\" srcset=\"https:\/\/moverdb.com\/wp-content\/uploads\/Brimar-Relocations-international-moving-company.png 1440w, https:\/\/moverdb.com\/wp-content\/uploads\/Brimar-Relocations-international-moving-company-300x141.png 300w, https:\/\/moverdb.com\/wp-content\/uploads\/Brimar-Relocations-international-moving-company-1024x483.png 1024w, https:\/\/moverdb.com\/wp-content\/uploads\/Brimar-Relocations-international-moving-company-18x8.png 18w, https:\/\/moverdb.com\/wp-content\/uploads\/Brimar-Relocations-international-moving-company-600x283.png 600w\" sizes=\"auto, (max-width: 1440px) 100vw, 1440px\" \/><\/p>\n<ul>\n<li>Nationale flytninger<\/li>\n<li>Internationale flytninger<\/li>\n<li>Flytning af husholdninger<\/li>\n<li>Flytning af virksomheder<\/li>\n<li>D\u00f8r-til-d\u00f8r-service<\/li>\n<li>Transportordninger<\/li>\n<li>Toldst\u00f8tte<\/li>\n<li>H\u00e5ndtering af kunst<\/li>\n<li>Forsikring<\/li>\n<li>Opbevaringsfaciliteter<\/li>\n<\/ul>\n<p>Brimar Relocations er et internationalt flyttefirma, der blev grundlagt i 2007 og har base i Stamford og kontor i <a href=\"https:\/\/moverdb.com\/da\/moving-to-france\/moving-to-paris\/\" data-internallinksmanager029f6b8e52c=\"407\" title=\"Flytter du til Paris? 2026 Leveomkostninger og tips til flytning\">Paris<\/a>. De har et udviklet netv\u00e6rk af agenter over hele verden, som hj\u00e6lper dem med at udf\u00f8re internationale flytninger. De er medlem af IAM med 14 \u00e5rs erfaring.<\/p>\n<p>Brimar Relocation tilbyder nationale og internationale flytte- og udstationeringstjenester og har specialiseret sig i virksomhedsflytninger og kan h\u00e5ndtere kunst. De tilbyder d\u00f8r-til-d\u00f8r-flytteservice, hvor de s\u00f8rger for at transportere dine ejendele til din destination, og det kan omfatte opbevaring i kasser samt grundl\u00e6ggende forsikringsd\u00e6kning.<\/p>\n<p>Hjemmeside: <a href=\"http:\/\/www.brimarrelo.com\" target=\"_blank\" rel=\"noopener\">http:\/\/www.brimarrelo.com<\/a><\/p>\n<h2><strong>2. Meyer<\/strong><\/h2>\n<p><img loading=\"lazy\" decoding=\"async\" class=\"alignnone size-full wp-image-11376\" src=\"https:\/\/moverdb.com\/wp-content\/uploads\/Meyer-international-moving-company.png\" alt=\"Meyer internationalt flyttefirma\" width=\"1440\" height=\"680\" data-wp-pid=\"11376\" srcset=\"https:\/\/moverdb.com\/wp-content\/uploads\/Meyer-international-moving-company.png 1440w, https:\/\/moverdb.com\/wp-content\/uploads\/Meyer-international-moving-company-300x142.png 300w, https:\/\/moverdb.com\/wp-content\/uploads\/Meyer-international-moving-company-1024x484.png 1024w, https:\/\/moverdb.com\/wp-content\/uploads\/Meyer-international-moving-company-18x9.png 18w, https:\/\/moverdb.com\/wp-content\/uploads\/Meyer-international-moving-company-600x283.png 600w\" sizes=\"auto, (max-width: 1440px) 100vw, 1440px\" \/><\/p>\n<ul>\n<li>Lokale og langdistanceflytninger<\/li>\n<li>Internationale flytninger<\/li>\n<li>Flytning af boliger<\/li>\n<li>Flytning af kontorer<\/li>\n<li>Flytning af virksomheder<\/li>\n<li>D\u00f8r-til-d\u00f8r-service<\/li>\n<li>Dedikeret flyttekoordinator<\/li>\n<li>Emballeringsmuligheder<\/li>\n<li><a href=\"https:\/\/moverdb.com\/da\/car-transport-shipping\/\" data-internallinksmanager029f6b8e52c=\"2\" title=\"2026 tilbud p\u00e5 international biltransport og forsendelse af k\u00f8ret\u00f8jer\">Forsendelse af k\u00f8ret\u00f8jer<\/a><\/li>\n<li>Opbevaringsl\u00f8sninger<\/li>\n<\/ul>\n<p>Meyer er en virksomhed inden for logistik, flytning og opbevaring, der blev grundlagt i 1915 og har base i Stratford. De er en del af United Van Lines-netv\u00e6rket, som giver dem adgang til flyttefirmaer, der kan hj\u00e6lpe dem med at levere deres tjenester. De er medlem af IAM med 108 \u00e5rs erfaring.<\/p>\n<p>Meyer tilbyder en flyttekonsultation for at vurdere dine flyttebehov og -volumen. De tilbyder en dedikeret flyttekoordinator som et enkelt kontaktpunkt, der vil styre alle aspekter af din flytning. De vil finde den bedste flyttel\u00f8sning til dine behov og levere en d\u00f8r-til-d\u00f8r-service med mulighed for fuld pakkeservice eller selvpakning.<\/p>\n<p>Hjemmeside: <a href=\"http:\/\/www.williambmeyer.com\" target=\"_blank\" rel=\"noopener\">http:\/\/www.williambmeyer.com<\/a><\/p>\n<h2><strong>3. WorldCare Transport af k\u00e6ledyr<\/strong><\/h2>\n<p><img loading=\"lazy\" decoding=\"async\" class=\"alignnone size-full wp-image-11481\" src=\"https:\/\/moverdb.com\/wp-content\/uploads\/WorldCare-Pet-Transport-international-moving-company.png\" alt=\"WorldCare Pet Transport internationalt flyttefirma\" width=\"1440\" height=\"683\" data-wp-pid=\"11481\" srcset=\"https:\/\/moverdb.com\/wp-content\/uploads\/WorldCare-Pet-Transport-international-moving-company.png 1440w, https:\/\/moverdb.com\/wp-content\/uploads\/WorldCare-Pet-Transport-international-moving-company-300x142.png 300w, https:\/\/moverdb.com\/wp-content\/uploads\/WorldCare-Pet-Transport-international-moving-company-1024x486.png 1024w, https:\/\/moverdb.com\/wp-content\/uploads\/WorldCare-Pet-Transport-international-moving-company-18x9.png 18w, https:\/\/moverdb.com\/wp-content\/uploads\/WorldCare-Pet-Transport-international-moving-company-600x285.png 600w\" sizes=\"auto, (max-width: 1440px) 100vw, 1440px\" \/><\/p>\n<ul>\n<li>Landsd\u00e6kkende service<\/li>\n<li>International service<\/li>\n<li>Private flytninger af k\u00e6ledyr<\/li>\n<li>Flytning af k\u00e6ledyr i virksomheder<\/li>\n<li>Omfattende service<\/li>\n<li>D\u00f8r-til-d\u00f8r-service<\/li>\n<li>Passer til alle slags k\u00e6ledyr<\/li>\n<li>Effektiv transport af arrangementer<\/li>\n<li>Flyselskaber<\/li>\n<li>Veterin\u00e6re tjenester<\/li>\n<\/ul>\n<p>WorldCare Pet Transport er en international k\u00e6ledyrstransportvirksomhed, der har eksisteret i over 10 \u00e5r. De samarbejder med flyttefirmaer, relocation management-firmaer og human resource-ansvarlige. De er registreret hos USDA som en umiddelbar handler. De er medlem af IAM med 22 \u00e5rs erfaring.<\/p>\n<p>WorldCare Pet Transport tilbyder en omfattende service til flytning af k\u00e6ledyr, hvor de afhenter og afleverer dit k\u00e6ledyr overalt i verden. De gennemf\u00f8rer alle rejsearrangementer og sikrer de mest direkte og omkostningseffektive flyvninger samt leverer godkendte flytransport\u00f8rer i alle st\u00f8rrelser. De arrangerer dyrl\u00e6getjenester, herunder helbredsunders\u00f8gelser, blodpr\u00f8ver, certifikater og mikrochips.<\/p>\n<p>Hjemmeside: <a href=\"http:\/\/www.WorldCarePet.com\" target=\"_blank\" rel=\"noopener\">http:\/\/www.WorldCarePet.com<\/a><\/p>","protected":false},"excerpt":{"rendered":"<p>If you are moving, you may want to employ the services of a moving company to support and lessen the load. They can help with planning the move, packing your belongings, arranging transport and handling customs for international moves. Below we have compiled a list of Connecticut based removal companies that are members of the [&hellip;]<\/p>\n","protected":false},"author":4,"featured_media":11277,"parent":190,"menu_order":0,"comment_status":"closed","ping_status":"closed","template":"","meta":{"_genesis_hide_title":false,"_genesis_hide_breadcrumbs":false,"_genesis_hide_singular_image":false,"_genesis_hide_footer_widgets":false,"_genesis_custom_body_class":"","_genesis_custom_post_class":"","_genesis_layout":"","footnotes":""},"class_list":{"0":"post-11556","1":"page","2":"type-page","3":"status-publish","4":"has-post-thumbnail","6":"entry"},"_links":{"self":[{"href":"https:\/\/moverdb.com\/da\/wp-json\/wp\/v2\/pages\/11556","targetHints":{"allow":["GET"]}}],"collection":[{"href":"https:\/\/moverdb.com\/da\/wp-json\/wp\/v2\/pages"}],"about":[{"href":"https:\/\/moverdb.com\/da\/wp-json\/wp\/v2\/types\/page"}],"author":[{"embeddable":true,"href":"https:\/\/moverdb.com\/da\/wp-json\/wp\/v2\/users\/4"}],"replies":[{"embeddable":true,"href":"https:\/\/moverdb.com\/da\/wp-json\/wp\/v2\/comments?post=11556"}],"version-history":[{"count":1,"href":"https:\/\/moverdb.com\/da\/wp-json\/wp\/v2\/pages\/11556\/revisions"}],"predecessor-version":[{"id":11557,"href":"https:\/\/moverdb.com\/da\/wp-json\/wp\/v2\/pages\/11556\/revisions\/11557"}],"up":[{"embeddable":true,"href":"https:\/\/moverdb.com\/da\/wp-json\/wp\/v2\/pages\/190"}],"wp:featuredmedia":[{"embeddable":true,"href":"https:\/\/moverdb.com\/da\/wp-json\/wp\/v2\/media\/11277"}],"wp:attachment":[{"href":"https:\/\/moverdb.com\/da\/wp-json\/wp\/v2\/media?parent=11556"}],"curies":[{"name":"wp","href":"https:\/\/api.w.org\/{rel}","templated":true}]}}