{"id":11554,"date":"2023-11-29T10:46:40","date_gmt":"2023-11-29T10:46:40","guid":{"rendered":"https:\/\/moverdb.com\/?page_id=11554"},"modified":"2026-01-08T15:25:05","modified_gmt":"2026-01-08T15:25:05","slug":"moving-companies-us-colorado","status":"publish","type":"page","link":"https:\/\/moverdb.com\/da\/moving-companies\/moving-companies-us-colorado\/","title":{"rendered":"De 5 bedste internationale flyttefirmaer i Colorado"},"content":{"rendered":"<p>At flytte kan v\u00e6re en stressende tid med s\u00e5 mange ting, der skal organiseres og g\u00f8res, s\u00e5 at engagere sig i en <a href=\"https:\/\/moverdb.com\/da\/moving-companies\/\" data-internallinksmanager029f6b8e52c=\"79\" title=\"Top 25 internationale flyttefirmaer online\">flyttefirma<\/a> kan hj\u00e6lpe med at reducere belastningen. De kan hj\u00e6lpe med planl\u00e6gning, pakning, toldbehandling og transport. Nedenfor har vi samlet en liste over <a href=\"https:\/\/moverdb.com\/da\/moving-to-the-united-states\/moving-to-colorado\/\" data-internallinksmanager029f6b8e52c=\"399\" title=\"Flytter du til Colorado? 2026 Leveomkostninger og tips til flytning\">Colorado<\/a> baseret <a href=\"https:\/\/moverdb.com\/da\/international-removals\/\" data-internallinksmanager029f6b8e52c=\"27\" title=\"De 36 bedste internationale flyttefirmaer i Storbritannien\">flyttefirmaer<\/a> der er medlemmer af den <a href=\"https:\/\/moverdb.com\/da\/iam\/\" data-internallinksmanager029f6b8e52c=\"23\" title=\"International Association of Movers (IAM) Forklaret\">Den internationale sammenslutning af flyttefirmaer<\/a> (IAM) og\/eller <a href=\"https:\/\/moverdb.com\/da\/fidi-faim\/\" data-internallinksmanager029f6b8e52c=\"16\" title=\"FIDI &amp; FAIM (FIDI Accredited International Mover) forklaret\">FIDI<\/a> akkrediteret international flyttevirksomhed (FAIM), som kan hj\u00e6lpe dig med din flytning.<\/p>\n<div id=\"ez-toc-container\" class=\"ez-toc-v2_0_82_2 ez-toc-wrap-left counter-hierarchy ez-toc-counter ez-toc-transparent ez-toc-container-direction\">\n<div class=\"ez-toc-title-container\">\n<p class=\"ez-toc-title\" style=\"cursor:inherit\">Sektioner<\/p>\n<span class=\"ez-toc-title-toggle\"><a href=\"#\" class=\"ez-toc-pull-right ez-toc-btn ez-toc-btn-xs ez-toc-btn-default ez-toc-toggle\" aria-label=\"Toggle indholdsfortegnelse\"><span class=\"ez-toc-js-icon-con\"><span class=\"\"><span class=\"eztoc-hide\" style=\"display:none;\">Toggle<\/span><span class=\"ez-toc-icon-toggle-span\"><svg style=\"fill: #999;color:#999\" xmlns=\"http:\/\/www.w3.org\/2000\/svg\" class=\"list-377408\" width=\"20px\" height=\"20px\" viewbox=\"0 0 24 24\" fill=\"none\"><path d=\"M6 6H4v2h2V6zm14 0H8v2h12V6zM4 11h2v2H4v-2zm16 0H8v2h12v-2zM4 16h2v2H4v-2zm16 0H8v2h12v-2z\" fill=\"currentColor\"><\/path><\/svg><svg style=\"fill: #999;color:#999\" class=\"arrow-unsorted-368013\" xmlns=\"http:\/\/www.w3.org\/2000\/svg\" width=\"10px\" height=\"10px\" viewbox=\"0 0 24 24\" version=\"1.2\" baseprofile=\"tiny\"><path d=\"M18.2 9.3l-6.2-6.3-6.2 6.3c-.2.2-.3.4-.3.7s.1.5.3.7c.2.2.4.3.7.3h11c.3 0 .5-.1.7-.3.2-.2.3-.5.3-.7s-.1-.5-.3-.7zM5.8 14.7l6.2 6.3 6.2-6.3c.2-.2.3-.5.3-.7s-.1-.5-.3-.7c-.2-.2-.4-.3-.7-.3h-11c-.3 0-.5.1-.7.3-.2.2-.3.5-.3.7s.1.5.3.7z\"\/><\/svg><\/span><\/span><\/span><\/a><\/span><\/div>\n<nav><ul class='ez-toc-list ez-toc-list-level-1 eztoc-toggle-hide-by-default' ><li class='ez-toc-page-1 ez-toc-heading-level-2'><a class=\"ez-toc-link ez-toc-heading-1\" href=\"https:\/\/moverdb.com\/da\/moving-companies\/moving-companies-us-colorado\/#1_Atlantic_Relocation_Systems\" >1. Atlantic Relocation Systems<\/a><\/li><li class='ez-toc-page-1 ez-toc-heading-level-2'><a class=\"ez-toc-link ez-toc-heading-2\" href=\"https:\/\/moverdb.com\/da\/moving-companies\/moving-companies-us-colorado\/#2_Baileys_Moving_Storage\" >2. Bailey's Flytning &amp; Opbevaring<\/a><\/li><li class='ez-toc-page-1 ez-toc-heading-level-2'><a class=\"ez-toc-link ez-toc-heading-3\" href=\"https:\/\/moverdb.com\/da\/moving-companies\/moving-companies-us-colorado\/#3_Gallagher_Transport\" >3. Gallagher Transport<\/a><\/li><li class='ez-toc-page-1 ez-toc-heading-level-2'><a class=\"ez-toc-link ez-toc-heading-4\" href=\"https:\/\/moverdb.com\/da\/moving-companies\/moving-companies-us-colorado\/#4_Graebel\" >4. Graebel<\/a><\/li><li class='ez-toc-page-1 ez-toc-heading-level-2'><a class=\"ez-toc-link ez-toc-heading-5\" href=\"https:\/\/moverdb.com\/da\/moving-companies\/moving-companies-us-colorado\/#5_Johnson_Storage_Moving\" >5. Johnson Opbevaring &amp; Flytning<\/a><\/li><\/ul><\/nav><\/div>\n<h2><span class=\"ez-toc-section\" id=\"1_Atlantic_Relocation_Systems\"><\/span><strong>1. Atlantic Relocation Systems<\/strong><span class=\"ez-toc-section-end\"><\/span><\/h2>\n<p><img loading=\"lazy\" decoding=\"async\" class=\"alignnone size-full wp-image-11262\" src=\"https:\/\/moverdb.com\/wp-content\/uploads\/Atlantic-Relocation-Systems-international-moving-company.png\" alt=\"Atlantic Relocation Systems internationalt flyttefirma\" width=\"1440\" height=\"677\" data-wp-pid=\"11262\" srcset=\"https:\/\/moverdb.com\/wp-content\/uploads\/Atlantic-Relocation-Systems-international-moving-company.png 1440w, https:\/\/moverdb.com\/wp-content\/uploads\/Atlantic-Relocation-Systems-international-moving-company-300x141.png 300w, https:\/\/moverdb.com\/wp-content\/uploads\/Atlantic-Relocation-Systems-international-moving-company-1024x481.png 1024w, https:\/\/moverdb.com\/wp-content\/uploads\/Atlantic-Relocation-Systems-international-moving-company-18x8.png 18w, https:\/\/moverdb.com\/wp-content\/uploads\/Atlantic-Relocation-Systems-international-moving-company-600x282.png 600w\" sizes=\"auto, (max-width: 1440px) 100vw, 1440px\" \/><\/p>\n<ul>\n<li>Lokale og langdistanceflytninger<\/li>\n<li>Internationale flytninger<\/li>\n<li>Flytning af boliger<\/li>\n<li>Flytning af virksomheder og kontorer<\/li>\n<li>Koordinator for international flytning<\/li>\n<li>Emballage service<\/li>\n<li>Transport til lands, i luften og til s\u00f8s<\/li>\n<li>St\u00f8tte til dokumentation<\/li>\n<li>H\u00e5ndtering af kunstv\u00e6rker<\/li>\n<li>Opbevaringsfaciliteter<\/li>\n<\/ul>\n<p>Atlantic Relocation Systems er et flyttefirma for private og virksomheder, der blev grundlagt i 1984 i <a href=\"https:\/\/moverdb.com\/da\/moving-to-denver\/\" data-internallinksmanager029f6b8e52c=\"42\" title=\"Skal du flytte til Denver? 2022 Leveomkostninger og tips til flytning\">Denver<\/a> med lokationer i <a href=\"https:\/\/moverdb.com\/da\/moving-to-the-united-states\/moving-to-california\/\" data-internallinksmanager029f6b8e52c=\"330\" title=\"Flytning til Californien? 2026 Leveomkostninger og tips til flytning\">Californien<\/a>, <a href=\"https:\/\/moverdb.com\/da\/moving-to-the-united-states\/moving-to-illinois\/\" data-internallinksmanager029f6b8e52c=\"401\" title=\"Flytning til Illinois? 2026 Leveomkostninger og tips til flytning\">Illinois<\/a>, <a href=\"https:\/\/moverdb.com\/da\/moving-to-the-united-states\/moving-to-arizona\/\" data-internallinksmanager029f6b8e52c=\"385\" title=\"Flytter du til Arizona? 2026 Leveomkostninger og tips til flytning\">Arizona<\/a>, <a href=\"https:\/\/moverdb.com\/da\/moving-to-the-united-states\/moving-to-florida\/\" data-internallinksmanager029f6b8e52c=\"331\" title=\"Flytning til Florida? 2026 Leveomkostninger og tips til flytning\">Florida<\/a>, <a href=\"https:\/\/moverdb.com\/da\/moving-to-the-united-states\/moving-to-texas\/\" data-internallinksmanager029f6b8e52c=\"397\" title=\"Flytte til Texas? 2026 Leveomkostninger og tips til flytning\">Texas<\/a> og <a href=\"https:\/\/moverdb.com\/da\/moving-to-the-united-states\/moving-to-georgia\/\" data-internallinksmanager029f6b8e52c=\"402\" title=\"Flytte til Georgia? 2026 Leveomkostninger og tips til flytning\">Georgien<\/a>. De er agent for Atlas Van Lines og har et netv\u00e6rk af internationale flytteagenter, der hj\u00e6lper dem med flytninger nationalt og internationalt. De er medlem af IAM med 26 \u00e5rs erfaring.<\/p>\n<p>Atlantic Relocation Systems tilbyder et gratis estimat i hjemmet til lokale flytninger og tildeler en international flyttekoordinator til internationale flytninger. Deres flyttekoordinatorer vil organisere al logistikken i forbindelse med din flytning, herunder transportordninger og den underst\u00f8ttende dokumentation.<\/p>\n<p>Hjemmeside: <a href=\"http:\/\/www.atlanticrelocation.com\/denver\/\" target=\"_blank\" rel=\"noopener\">http:\/\/www.atlanticrelocation.com\/denver\/<\/a><\/p>\n<h2><span class=\"ez-toc-section\" id=\"2_Baileys_Moving_Storage\"><\/span><strong>2. Bailey's Flytning &amp; Opbevaring<\/strong><span class=\"ez-toc-section-end\"><\/span><\/h2>\n<p><img loading=\"lazy\" decoding=\"async\" class=\"alignnone size-full wp-image-11266\" src=\"https:\/\/moverdb.com\/wp-content\/uploads\/Baileys-Moving-Storage-international-moving-company.png\" alt=\"Baileys Moving &amp; Storage internationalt flyttefirma\" width=\"1440\" height=\"680\" data-wp-pid=\"11266\" srcset=\"https:\/\/moverdb.com\/wp-content\/uploads\/Baileys-Moving-Storage-international-moving-company.png 1440w, https:\/\/moverdb.com\/wp-content\/uploads\/Baileys-Moving-Storage-international-moving-company-300x142.png 300w, https:\/\/moverdb.com\/wp-content\/uploads\/Baileys-Moving-Storage-international-moving-company-1024x484.png 1024w, https:\/\/moverdb.com\/wp-content\/uploads\/Baileys-Moving-Storage-international-moving-company-18x9.png 18w, https:\/\/moverdb.com\/wp-content\/uploads\/Baileys-Moving-Storage-international-moving-company-600x283.png 600w\" sizes=\"auto, (max-width: 1440px) 100vw, 1440px\" \/><\/p>\n<ul>\n<li>Lokale og langdistanceflytninger<\/li>\n<li>Internationale flytninger<\/li>\n<li>Flytning af husholdninger<\/li>\n<li>Forretningsflytninger<\/li>\n<li>Forvaltning af flytning<\/li>\n<li>Emballage service<\/li>\n<li>Transportordninger<\/li>\n<li>Toldst\u00f8tte<\/li>\n<li>Forsikring<\/li>\n<li>Sikker opbevaring p\u00e5 kort og lang sigt<\/li>\n<\/ul>\n<p>Bailey's Moving &amp; Storage er et flyttefirma, der er baseret i <a href=\"https:\/\/moverdb.com\/da\/moving-to-the-united-states\/moving-to-utah\/\" data-internallinksmanager029f6b8e52c=\"439\" title=\"Flytter du til Utah? 2026 Leveomkostninger og tips til flytning\">Utah<\/a> og Colorado blev dannet i 1952. De har et nationalt og internationalt netv\u00e6rk af flytteagenter, der hj\u00e6lper dem med at levere deres tjenester, og de er agent for Allied Van Lines. De er medlem af IAM med 71 \u00e5rs erfaring.<\/p>\n<p>Bailey's Moving &amp; Storage tilbyder et gratis flytteoverslag, og de vil give dig den bedst mulige pris p\u00e5 flytningen. De tilbyder en pakkeservice med professionelt uddannede pakkere, der bruger passende pakkematerialer til at beskytte dine ting. De vil arrangere transport af dine ejendele til din destination, uanset om det er lokalt, mellem stater eller internationalt.<\/p>\n<p>Hjemmeside: <a href=\"https:\/\/baileysallied.com\" target=\"_blank\" rel=\"noopener\">https:\/\/baileysallied.com<\/a><\/p>\n<h2><span class=\"ez-toc-section\" id=\"3_Gallagher_Transport\"><\/span><strong>3. Gallagher Transport<\/strong><span class=\"ez-toc-section-end\"><\/span><\/h2>\n<p><img loading=\"lazy\" decoding=\"async\" class=\"alignnone size-full wp-image-11324\" src=\"https:\/\/moverdb.com\/wp-content\/uploads\/Gallagher-Transport-international-moving-company.png\" alt=\"Gallagher Transport internationalt flyttefirma\" width=\"1440\" height=\"669\" data-wp-pid=\"11324\" srcset=\"https:\/\/moverdb.com\/wp-content\/uploads\/Gallagher-Transport-international-moving-company.png 1440w, https:\/\/moverdb.com\/wp-content\/uploads\/Gallagher-Transport-international-moving-company-300x139.png 300w, https:\/\/moverdb.com\/wp-content\/uploads\/Gallagher-Transport-international-moving-company-1024x476.png 1024w, https:\/\/moverdb.com\/wp-content\/uploads\/Gallagher-Transport-international-moving-company-18x8.png 18w, https:\/\/moverdb.com\/wp-content\/uploads\/Gallagher-Transport-international-moving-company-600x279.png 600w\" sizes=\"auto, (max-width: 1440px) 100vw, 1440px\" \/><\/p>\n<ul>\n<li>National fragt<\/li>\n<li>International fragt<\/li>\n<li>Logistikstyring<\/li>\n<li>Personaliserede l\u00f8sninger<\/li>\n<li>Levering fra d\u00f8r til d\u00f8r<\/li>\n<li>Transport med fly, til lands og til vands<\/li>\n<li>Sporing af forsendelser<\/li>\n<li>Toldklarering<\/li>\n<li>Forsikring<\/li>\n<li>Opbevaringsfaciliteter<\/li>\n<\/ul>\n<p>Gallagher Transport er en specialiseret m\u00e6gler og <a href=\"https:\/\/moverdb.com\/da\/freight-forwarder\/\" data-internallinksmanager029f6b8e52c=\"17\" title=\"Guide til internationale omkostninger og virksomheder for spedit\u00f8rer og NVOCC&#039;er\">spedit\u00f8r<\/a> grundlagt i 1990 i <a href=\"https:\/\/moverdb.com\/da\/moving-to-the-united-states\/moving-to-oregon\/\" data-internallinksmanager029f6b8e52c=\"395\" title=\"Flytte til Oregon? 2026 Leveomkostninger og tips til flytning\">Oregon<\/a> med kontor i Denver, <a href=\"https:\/\/moverdb.com\/da\/moving-to-houston\/\" data-internallinksmanager029f6b8e52c=\"47\" title=\"Skal du flytte til Houston? 2022 Leveomkostninger og tips til flytning\">Houston<\/a>, <a href=\"https:\/\/moverdb.com\/da\/moving-to-los-angeles\/\" data-internallinksmanager029f6b8e52c=\"51\" title=\"Skal du flytte til Los Angeles? 2026 LA Leveomkostninger og tips til flytning\">Los Angeles<\/a>, Portland og <a href=\"https:\/\/moverdb.com\/da\/moving-to-san-francisco\/\" data-internallinksmanager029f6b8e52c=\"63\" title=\"Flytter du til San Francisco? 2022 Leveomkostninger og flyttetips\">San Francisco<\/a>. De er medlem af IAM med 29 \u00e5rs erfaring, hvilket giver dem adgang til et internationalt netv\u00e6rk af flyttefirmaer, der kan hj\u00e6lpe dem.<\/p>\n<p>Gallagher Transport tilbyder speditionstjenester, der omfatter toldklarering, men ikke pakning. De h\u00e5ndterer logistikken med at flytte dine ejendele fra en destination til en anden p\u00e5 d\u00f8r-til-d\u00f8r-basis til lands, i luften eller til vands. De sporer forsendelsen og s\u00f8rger for, at den g\u00e5r gennem tolden og er forsikret.<\/p>\n<p>Hjemmeside: <a href=\"http:\/\/www.gallaghertransport.com\" target=\"_blank\" rel=\"noopener\">http:\/\/www.gallaghertransport.com<\/a><\/p>\n<h2><span class=\"ez-toc-section\" id=\"4_Graebel\"><\/span><strong>4. Graebel<\/strong><span class=\"ez-toc-section-end\"><\/span><\/h2>\n<p><img loading=\"lazy\" decoding=\"async\" class=\"alignnone size-full wp-image-11333\" src=\"https:\/\/moverdb.com\/wp-content\/uploads\/Graebel-international-moving-company.png\" alt=\"Graebel internationalt flyttefirma\" width=\"1440\" height=\"678\" data-wp-pid=\"11333\" srcset=\"https:\/\/moverdb.com\/wp-content\/uploads\/Graebel-international-moving-company.png 1440w, https:\/\/moverdb.com\/wp-content\/uploads\/Graebel-international-moving-company-300x141.png 300w, https:\/\/moverdb.com\/wp-content\/uploads\/Graebel-international-moving-company-1024x482.png 1024w, https:\/\/moverdb.com\/wp-content\/uploads\/Graebel-international-moving-company-18x8.png 18w, https:\/\/moverdb.com\/wp-content\/uploads\/Graebel-international-moving-company-600x283.png 600w\" sizes=\"auto, (max-width: 1440px) 100vw, 1440px\" \/><\/p>\n<ul>\n<li>Internationale flytninger<\/li>\n<li>Flytning af husstande<\/li>\n<li>Flytning af virksomheder<\/li>\n<li>Personlig service<\/li>\n<li>Emballeringstjenester<\/li>\n<li>Afgangstjenester<\/li>\n<li>Destinationstjenester<\/li>\n<li>Indflytningstjenester<\/li>\n<li>S\u00f8gning i hjem og skole<\/li>\n<li>Repatrieringstjenester<\/li>\n<\/ul>\n<p>Graebel er et full-service relocation management-firma, der blev grundlagt i 1950 med 16 lokationer over hele verden, herunder hovedkvarteret i Denver. De samarbejder med en r\u00e6kke servicepartnere om at flytte husholdningsartikler over hele verden til over 165 lande p\u00e5 seks kontinenter. De er medlem af IAM med 69 \u00e5rs erfaring.<\/p>\n<p>Graebel har specialiseret sig i at flytte medarbejdere og st\u00f8tte virksomheder med globale mobilitetsprogrammer. De tilbyder afrejseservice til medarbejdere, herunder h\u00e5ndtering af salg af deres hjem eller opsigelse af deres lejekontrakt, pakning, visum- og immigrationsservice. Deres destinationsservice omfatter orientering, bolig- og skoles\u00f8gning, lejerservice, bos\u00e6tningsservice og udpakning.<\/p>\n<p>Hjemmeside: <a href=\"http:\/\/www.graebel.com\" target=\"_blank\" rel=\"noopener\">http:\/\/www.graebel.com<\/a><\/p>\n<h2><span class=\"ez-toc-section\" id=\"5_Johnson_Storage_Moving\"><\/span><strong>5. Johnson Opbevaring &amp; Flytning<\/strong><span class=\"ez-toc-section-end\"><\/span><\/h2>\n<p><img loading=\"lazy\" decoding=\"async\" class=\"alignnone size-full wp-image-11356\" src=\"https:\/\/moverdb.com\/wp-content\/uploads\/Johnson-Storage-Moving-international-moving-company.png\" alt=\"Johnson Storage &amp; Moving internationalt flyttefirma\" width=\"1440\" height=\"677\" data-wp-pid=\"11356\" srcset=\"https:\/\/moverdb.com\/wp-content\/uploads\/Johnson-Storage-Moving-international-moving-company.png 1440w, https:\/\/moverdb.com\/wp-content\/uploads\/Johnson-Storage-Moving-international-moving-company-300x141.png 300w, https:\/\/moverdb.com\/wp-content\/uploads\/Johnson-Storage-Moving-international-moving-company-1024x481.png 1024w, https:\/\/moverdb.com\/wp-content\/uploads\/Johnson-Storage-Moving-international-moving-company-18x8.png 18w, https:\/\/moverdb.com\/wp-content\/uploads\/Johnson-Storage-Moving-international-moving-company-600x282.png 600w\" sizes=\"auto, (max-width: 1440px) 100vw, 1440px\" \/><\/p>\n<ul>\n<li>Lokale og langdistanceflytninger<\/li>\n<li>Internationale flytninger<\/li>\n<li>Flytning af boliger<\/li>\n<li>Flytning af virksomheder og kontorer<\/li>\n<li>Flytning af virksomheder<\/li>\n<li>Personlig flyttekonsulent<\/li>\n<li>Emballage service<\/li>\n<li>Transportordninger<\/li>\n<li>Toldklarering<\/li>\n<li>Opbevaringsfaciliteter<\/li>\n<\/ul>\n<p>Johnson Storage &amp; Moving er en global logistikvirksomhed, der blev grundlagt i 1900 i Denver med afdelinger i Colorado og Californien, <a href=\"https:\/\/moverdb.com\/da\/moving-to-the-united-states\/moving-to-kansas\/\" data-internallinksmanager029f6b8e52c=\"464\" title=\"Flytte til Kansas? 2024 Leveomkostninger og tips til flytning\">Kansas<\/a>, <a href=\"https:\/\/moverdb.com\/da\/moving-to-the-united-states\/moving-to-new-mexico\/\" data-internallinksmanager029f6b8e52c=\"455\" title=\"Flytter du til New Mexico? 2024 Leveomkostninger og tips til flytning\">New Mexico<\/a>Texas, <a href=\"https:\/\/moverdb.com\/da\/moving-to-the-united-states\/moving-to-wyoming\/\" data-internallinksmanager029f6b8e52c=\"449\" title=\"Skal du flytte til Wyoming? 2024 Leveomkostninger og tips til flytning\">Wyoming<\/a> og <a href=\"https:\/\/moverdb.com\/da\/moving-to-the-united-states\/moving-to-missouri\/\" data-internallinksmanager029f6b8e52c=\"460\" title=\"Flytning til Missouri? 2024 Leveomkostninger og tips til flytning\">Missouri<\/a>. De er medlem af United Van Lines og Mayflower Transit, hvilket giver st\u00f8rre d\u00e6kning i hele Europa. <a href=\"https:\/\/moverdb.com\/da\/moving-to-the-united-states\/\" data-internallinksmanager029f6b8e52c=\"94\" title=\"Flytter du til USA? 2022 Leveomkostninger og flyttetips\">USA<\/a>. De er medlem af IAM med 123 \u00e5rs erfaring og er akkrediteret af FIDI.<\/p>\n<p>Johnson Storage &amp; Moving tilbyder et gratis tilbud i hjemmet eller virtuelt, og de vil give dig en personlig flyttekonsulent til at st\u00f8tte dig hvert skridt p\u00e5 vejen. De laver en personlig flytteplan, der opfylder dine behov. De tilbyder en komplet pakkeservice og tager sig af fortoldningen.<\/p>\n<p>Hjemmeside: <a href=\"https:\/\/www.johnsonstorage.com\" target=\"_blank\" rel=\"noopener\">https:\/\/www.johnsonstorage.com<\/a><\/p>","protected":false},"excerpt":{"rendered":"<p>Moving can be a stressful time with so many things to organise and do, so engaging the services of a moving company could help reduce the load. They can assist with planning, packing, customs arrangements and transportation. Below we have compiled a list of Colorado based removal companies that are members of the International Association [&hellip;]<\/p>\n","protected":false},"author":4,"featured_media":11262,"parent":190,"menu_order":0,"comment_status":"closed","ping_status":"closed","template":"","meta":{"_genesis_hide_title":false,"_genesis_hide_breadcrumbs":false,"_genesis_hide_singular_image":false,"_genesis_hide_footer_widgets":false,"_genesis_custom_body_class":"","_genesis_custom_post_class":"","_genesis_layout":"","footnotes":""},"class_list":{"0":"post-11554","1":"page","2":"type-page","3":"status-publish","4":"has-post-thumbnail","6":"entry"},"_links":{"self":[{"href":"https:\/\/moverdb.com\/da\/wp-json\/wp\/v2\/pages\/11554","targetHints":{"allow":["GET"]}}],"collection":[{"href":"https:\/\/moverdb.com\/da\/wp-json\/wp\/v2\/pages"}],"about":[{"href":"https:\/\/moverdb.com\/da\/wp-json\/wp\/v2\/types\/page"}],"author":[{"embeddable":true,"href":"https:\/\/moverdb.com\/da\/wp-json\/wp\/v2\/users\/4"}],"replies":[{"embeddable":true,"href":"https:\/\/moverdb.com\/da\/wp-json\/wp\/v2\/comments?post=11554"}],"version-history":[{"count":1,"href":"https:\/\/moverdb.com\/da\/wp-json\/wp\/v2\/pages\/11554\/revisions"}],"predecessor-version":[{"id":11555,"href":"https:\/\/moverdb.com\/da\/wp-json\/wp\/v2\/pages\/11554\/revisions\/11555"}],"up":[{"embeddable":true,"href":"https:\/\/moverdb.com\/da\/wp-json\/wp\/v2\/pages\/190"}],"wp:featuredmedia":[{"embeddable":true,"href":"https:\/\/moverdb.com\/da\/wp-json\/wp\/v2\/media\/11262"}],"wp:attachment":[{"href":"https:\/\/moverdb.com\/da\/wp-json\/wp\/v2\/media?parent=11554"}],"curies":[{"name":"wp","href":"https:\/\/api.w.org\/{rel}","templated":true}]}}