{"id":11550,"date":"2023-11-29T10:24:26","date_gmt":"2023-11-29T10:24:26","guid":{"rendered":"https:\/\/moverdb.com\/?page_id=11550"},"modified":"2026-01-08T15:23:37","modified_gmt":"2026-01-08T15:23:37","slug":"moving-companies-us-arizona","status":"publish","type":"page","link":"https:\/\/moverdb.com\/da\/moving-companies\/moving-companies-us-arizona\/","title":{"rendered":"De 2 bedste internationale flyttefirmaer i Arizona"},"content":{"rendered":"<p>At flytte kan v\u00e6re en af de mest stressende perioder i vores liv, s\u00e5 hvorfor fors\u00f8ge at g\u00f8re det hele p\u00e5 egen h\u00e5nd? <a href=\"https:\/\/moverdb.com\/da\/moving-companies\/\" data-internallinksmanager029f6b8e52c=\"79\" title=\"Top 25 internationale flyttefirmaer online\">Flyttefirmaer<\/a> kan hj\u00e6lpe med organisering, pakning, transport og told, hvis det er n\u00f8dvendigt. Nedenfor har vi samlet en liste over <a href=\"https:\/\/moverdb.com\/da\/moving-to-the-united-states\/moving-to-arizona\/\" data-internallinksmanager029f6b8e52c=\"385\" title=\"Flytter du til Arizona? 2026 Leveomkostninger og tips til flytning\">Arizona<\/a> baseret <a href=\"https:\/\/moverdb.com\/da\/international-removals\/\" data-internallinksmanager029f6b8e52c=\"27\" title=\"De 36 bedste internationale flyttefirmaer i Storbritannien\">flyttefirmaer<\/a> der er medlemmer af den <a href=\"https:\/\/moverdb.com\/da\/iam\/\" data-internallinksmanager029f6b8e52c=\"23\" title=\"International Association of Movers (IAM) Forklaret\">Den internationale sammenslutning af flyttefirmaer<\/a> (IAM) og\/eller <a href=\"https:\/\/moverdb.com\/da\/fidi-faim\/\" data-internallinksmanager029f6b8e52c=\"16\" title=\"FIDI &amp; FAIM (FIDI Accredited International Mover) forklaret\">FIDI<\/a> akkrediteret international flyttevirksomhed (FAIM), som kan hj\u00e6lpe dig med din flytning.<\/p>\n<h2><strong>1. Atlantic Relocation Systems<\/strong><\/h2>\n<p><img loading=\"lazy\" decoding=\"async\" class=\"alignnone size-full wp-image-11262\" src=\"https:\/\/moverdb.com\/wp-content\/uploads\/Atlantic-Relocation-Systems-international-moving-company.png\" alt=\"Atlantic Relocation Systems internationalt flyttefirma\" width=\"1440\" height=\"677\" data-wp-pid=\"11262\" srcset=\"https:\/\/moverdb.com\/wp-content\/uploads\/Atlantic-Relocation-Systems-international-moving-company.png 1440w, https:\/\/moverdb.com\/wp-content\/uploads\/Atlantic-Relocation-Systems-international-moving-company-300x141.png 300w, https:\/\/moverdb.com\/wp-content\/uploads\/Atlantic-Relocation-Systems-international-moving-company-1024x481.png 1024w, https:\/\/moverdb.com\/wp-content\/uploads\/Atlantic-Relocation-Systems-international-moving-company-18x8.png 18w, https:\/\/moverdb.com\/wp-content\/uploads\/Atlantic-Relocation-Systems-international-moving-company-600x282.png 600w\" sizes=\"auto, (max-width: 1440px) 100vw, 1440px\" \/><\/p>\n<ul>\n<li>Lokale og langdistanceflytninger<\/li>\n<li>Internationale flytninger<\/li>\n<li>Flytning af boliger<\/li>\n<li>Flytning af virksomheder og kontorer<\/li>\n<li>Koordinator for international flytning<\/li>\n<li>Emballeringstjenester<\/li>\n<li>Vej-, luft- og s\u00f8transport<\/li>\n<li>St\u00f8tte med dokumentation<\/li>\n<li>H\u00e5ndtering af kunst<\/li>\n<li>Sikker opbevaring<\/li>\n<\/ul>\n<p>Atlantic Relocation Systems er et flyttefirma, der blev grundlagt i 1984 med 13 afdelinger i <a href=\"https:\/\/moverdb.com\/da\/moving-to-phoenix\/\" data-internallinksmanager029f6b8e52c=\"62\" title=\"Skal du flytte til Phoenix? 2022 Leveomkostninger og tips til flytning\">Phoenix<\/a> s\u00e5vel som <a href=\"https:\/\/moverdb.com\/da\/moving-to-the-united-states\/moving-to-georgia\/\" data-internallinksmanager029f6b8e52c=\"402\" title=\"Flytte til Georgia? 2026 Leveomkostninger og tips til flytning\">Georgien<\/a>, <a href=\"https:\/\/moverdb.com\/da\/moving-to-the-united-states\/moving-to-florida\/\" data-internallinksmanager029f6b8e52c=\"331\" title=\"Flytning til Florida? 2026 Leveomkostninger og tips til flytning\">Florida<\/a>, <a href=\"https:\/\/moverdb.com\/da\/moving-to-the-united-states\/moving-to-illinois\/\" data-internallinksmanager029f6b8e52c=\"401\" title=\"Flytning til Illinois? 2026 Leveomkostninger og tips til flytning\">Illinois<\/a>, <a href=\"https:\/\/moverdb.com\/da\/moving-to-the-united-states\/moving-to-colorado\/\" data-internallinksmanager029f6b8e52c=\"399\" title=\"Flytter du til Colorado? 2026 Leveomkostninger og tips til flytning\">Colorado<\/a>, <a href=\"https:\/\/moverdb.com\/da\/moving-to-the-united-states\/moving-to-texas\/\" data-internallinksmanager029f6b8e52c=\"397\" title=\"Flytte til Texas? 2026 Leveomkostninger og tips til flytning\">Texas<\/a>, <a href=\"https:\/\/moverdb.com\/da\/moving-to-the-united-states\/moving-to-indiana\/\" data-internallinksmanager029f6b8e52c=\"445\" title=\"Flytning til Indiana? 2026 Leveomkostninger og tips til flytning\">Indiana<\/a> og Washington. De er en del af Atlas Van Lines, som d\u00e6kker over hele verden. <a href=\"https:\/\/moverdb.com\/da\/moving-to-the-united-states\/\" data-internallinksmanager029f6b8e52c=\"94\" title=\"Flytter du til USA? 2022 Leveomkostninger og flyttetips\">USA<\/a> og de har et internationalt netv\u00e6rk af flytteagenter. De er medlem af IAM og har 33 \u00e5rs erfaring.<\/p>\n<p>Atlantic Relocation Systems tilbyder et gratis estimat i hjemmet til lokale flytninger. De tilbyder en international flyttekoordinator til overs\u00f8iske flytninger, som vil v\u00e6re dit eneste kontaktpunkt og vil styre alle aspekter af din flytning. De organiserer pakning og l\u00e6sning af ejendele og sikrer, at de ankommer sikkert til din destination.<\/p>\n<p>Hjemmeside: <a href=\"http:\/\/www.atlanticrelocation.com\/phoenix\/\" target=\"_blank\" rel=\"noopener\">http:\/\/www.atlanticrelocation.com\/phoenix\/<\/a><\/p>\n<h2><strong>2. Globale mobilitetsl\u00f8sninger<\/strong><\/h2>\n<p><img loading=\"lazy\" decoding=\"async\" class=\"alignnone size-full wp-image-11326\" src=\"https:\/\/moverdb.com\/wp-content\/uploads\/Global-Mobility-Solutions-international-moving-company.png\" alt=\"Global Mobility Solutions internationalt flyttefirma\" width=\"1440\" height=\"676\" data-wp-pid=\"11326\" srcset=\"https:\/\/moverdb.com\/wp-content\/uploads\/Global-Mobility-Solutions-international-moving-company.png 1440w, https:\/\/moverdb.com\/wp-content\/uploads\/Global-Mobility-Solutions-international-moving-company-300x141.png 300w, https:\/\/moverdb.com\/wp-content\/uploads\/Global-Mobility-Solutions-international-moving-company-1024x481.png 1024w, https:\/\/moverdb.com\/wp-content\/uploads\/Global-Mobility-Solutions-international-moving-company-18x8.png 18w, https:\/\/moverdb.com\/wp-content\/uploads\/Global-Mobility-Solutions-international-moving-company-600x282.png 600w\" sizes=\"auto, (max-width: 1440px) 100vw, 1440px\" \/><\/p>\n<ul>\n<li>Lokale og mellemstatslige flytninger<\/li>\n<li>Internationale flytninger<\/li>\n<li>Flytning af virksomheder<\/li>\n<li>Globale mobilitetsprogrammer<\/li>\n<li>Skr\u00e6ddersyede tjenester<\/li>\n<li>St\u00f8tte f\u00f8r opgaven<\/li>\n<li>Flytteservice<\/li>\n<li>Indflytningstjenester<\/li>\n<li>Transport af k\u00e6ledyr<\/li>\n<li>Sporingsteknologi<\/li>\n<\/ul>\n<p>Global Mobility Solutions er et relocation management-firma, der blev grundlagt i 1987 og har base i Scottsdale. De kan levere relocation services til over 140 lande globalt, og de er medlem af IAM med 36 \u00e5rs erfaring.<\/p>\n<p>Global Mobility Solutions tilbyder skr\u00e6ddersyede, omfattende udstationeringstjenester. Tjenester f\u00f8r udstationering omfatter visum og immigration, orientering og boligs\u00f8gning. Tjenester f\u00f8r beslutning om rejse omfatter kultur- og sprogtr\u00e6ning, transport af k\u00e6ledyr og forsendelse af varer. Flytteservice omfatter bos\u00e6tningsservice, partnersupport og skoleplacering. De tilbyder MyRelocation-teknologi, som giver arbejdsgivere mulighed for at administrere og spore flytninger og hj\u00e6lper med at str\u00f8mline virksomhedsflytninger.<\/p>\n<p>Hjemmeside: <a href=\"https:\/\/gmsmobility.com\/\" target=\"_blank\" rel=\"noopener\">https:\/\/gmsmobility.com\/<\/a><\/p>","protected":false},"excerpt":{"rendered":"<p>Moving can be one of the most stressful times in our lives, so why try to do it all on your own? Moving companies can help with organisation, packing, transportation and customs if required. Below we have compiled a list of Arizona based removal companies that are members of the International Association of Movers (IAM) [&hellip;]<\/p>\n","protected":false},"author":4,"featured_media":11262,"parent":190,"menu_order":0,"comment_status":"closed","ping_status":"closed","template":"","meta":{"_genesis_hide_title":false,"_genesis_hide_breadcrumbs":false,"_genesis_hide_singular_image":false,"_genesis_hide_footer_widgets":false,"_genesis_custom_body_class":"","_genesis_custom_post_class":"","_genesis_layout":"","footnotes":""},"class_list":{"0":"post-11550","1":"page","2":"type-page","3":"status-publish","4":"has-post-thumbnail","6":"entry"},"_links":{"self":[{"href":"https:\/\/moverdb.com\/da\/wp-json\/wp\/v2\/pages\/11550","targetHints":{"allow":["GET"]}}],"collection":[{"href":"https:\/\/moverdb.com\/da\/wp-json\/wp\/v2\/pages"}],"about":[{"href":"https:\/\/moverdb.com\/da\/wp-json\/wp\/v2\/types\/page"}],"author":[{"embeddable":true,"href":"https:\/\/moverdb.com\/da\/wp-json\/wp\/v2\/users\/4"}],"replies":[{"embeddable":true,"href":"https:\/\/moverdb.com\/da\/wp-json\/wp\/v2\/comments?post=11550"}],"version-history":[{"count":1,"href":"https:\/\/moverdb.com\/da\/wp-json\/wp\/v2\/pages\/11550\/revisions"}],"predecessor-version":[{"id":11551,"href":"https:\/\/moverdb.com\/da\/wp-json\/wp\/v2\/pages\/11550\/revisions\/11551"}],"up":[{"embeddable":true,"href":"https:\/\/moverdb.com\/da\/wp-json\/wp\/v2\/pages\/190"}],"wp:featuredmedia":[{"embeddable":true,"href":"https:\/\/moverdb.com\/da\/wp-json\/wp\/v2\/media\/11262"}],"wp:attachment":[{"href":"https:\/\/moverdb.com\/da\/wp-json\/wp\/v2\/media?parent=11550"}],"curies":[{"name":"wp","href":"https:\/\/api.w.org\/{rel}","templated":true}]}}