{"id":1076,"date":"2016-08-05T14:53:04","date_gmt":"2016-08-05T14:53:04","guid":{"rendered":"http:\/\/moverdb.com\/?page_id=1076"},"modified":"2026-01-08T15:30:39","modified_gmt":"2026-01-08T15:30:39","slug":"wheaton","status":"publish","type":"page","link":"https:\/\/moverdb.com\/da\/wheaton\/","title":{"rendered":"Wheaton World Wide Moving: Internationale tjenester og anmeldelser"},"content":{"rendered":"<p>Wheaton World Wide Moving (tidligere Wheaton Van Lines) tilbyder sine kunder en r\u00e6kke tjenester fra internationale flytninger til lokale flytninger. Disse er anf\u00f8rt nedenfor sammen med en virksomhedsprofil og anmeldelser.<\/p>\n<p><strong>Internationale flytninger og hj\u00e6lp til flytning<\/strong><\/p>\n<ul>\n<li> Flytning fra d\u00f8r til d\u00f8r<\/li>\n<li> Pakning - g\u00f8r det selv, skr\u00f8belige genstande eller pakning med fuld service<\/li>\n<li> Demontering og genmontering af m\u00f8bler<\/li>\n<li> Flytning af k\u00e6ledyr<\/li>\n<li> <a href=\"https:\/\/moverdb.com\/da\/biltransport-forsendelse\/\">Transport og flytning af k\u00f8ret\u00f8jer<\/a><\/li>\n<li> Indvandringstjenester<\/li>\n<li> Interkulturel uddannelse<\/li>\n<li> Sprogundervisning<\/li>\n<li> Salg af boliger<\/li>\n<li> Ejendomsadministration<\/li>\n<li> Forh\u00e5ndsvisning af rejsetjenester<\/li>\n<li> Hj\u00e6lp til at finde et hjem<\/li>\n<li> S\u00f8gning efter en skole<\/li>\n<li> Orientering efter ankomsten<\/li>\n<li> St\u00f8tte til partnerkarriere<\/li>\n<li> Handyman og hj\u00e6lp i hjemmet<\/li>\n<li> Udlejning af m\u00f8bler<\/li>\n<li> St\u00f8tte under udstationering<\/li>\n<\/ul>\n<p><strong>Flytning af virksomheder<\/strong><\/p>\n<ul>\n<li> Wheatons partnere, Crown Relocation, hj\u00e6lper med flytninger<\/li>\n<\/ul>\n<p><strong>Regerings- og milit\u00e6rbev\u00e6gelser<\/strong><\/p>\n<p><strong>Flytning af husholdninger<\/strong><\/p>\n<ul>\n<li> Netv\u00e6rk af 350 agenter i <a href=\"https:\/\/moverdb.com\/da\/moving-to-the-united-states\/\" data-internallinksmanager029f6b8e52c=\"94\" title=\"Flytter du til USA? 2022 Leveomkostninger og flyttetips\">USA<\/a><\/li>\n<li> Pakning og udpakning<\/li>\n<li> Specialemballage til f\u00f8lsom elektronik<\/li>\n<li> Transport<\/li>\n<li> Opbevaring, hvis det er n\u00f8dvendigt<\/li>\n<\/ul>\n<p><strong>Specialiserede og kommercielle flytninger<\/strong><\/p>\n<ul>\n<li> Kontor og industri<\/li>\n<li> G\u00e6stfrihed<\/li>\n<li> S\u00e6rlig vare<\/li>\n<li> Kommerciel flytning<\/li>\n<\/ul>\n<p><strong>Opbevaring<\/strong><\/p>\n<ul>\n<li> P\u00e5 lang sigt<\/li>\n<li> P\u00e5 kort sigt<\/li>\n<li> 207 topmoderne lagerhuse i 58 lande<\/li>\n<\/ul>\n<h2>Wheaton Worldwide Moving Company Profil<\/h2>\n<p>Wheaton Van Lines blev startet i 1945 af Earnest S. Wheaton og hed oprindeligt Clipper Van Lines. Virksomheden begyndte med at servicere 22 stater i det \u00f8stlige USA, men i l\u00f8bet af 1950'erne bet\u00f8d ekspansionen, at ikke blot hele landet blev d\u00e6kket, men at der ogs\u00e5 blev taget initiativ til internationale flytninger.<\/p>\n<p>I l\u00f8bet af 1980'erne \u00e6ndrede Wheaton Van Lines sit navn til Wheaton Worldwide Moving. Virksomheden er baseret i Indianapolis, IN. Wheaton bestr\u00e6ber sig p\u00e5 at holde sine standarder us\u00e6dvanligt h\u00f8je og registrerer og analyserer data med henblik herp\u00e5. De tager ogs\u00e5 deres kundeanmeldelser meget alvorligt og har indsamlet kundefeedback i de sidste 25 \u00e5r for at holde sig p\u00e5 toppen af deres niveau.<\/p>\n<p>Wheaton Worldwide Moving giver noget tilbage til samfundet gennem forskellige velg\u00f8renhedsorganisationer. Det er ogs\u00e5 en virksomhed, der konstant str\u00e6ber efter at reducere sit CO2-fodaftryk.<\/p>\n<p>Wheaton Worldwide Moving har f\u00f8lgende akkrediteringer og tilknytninger:<\/p>\n<ul>\n<li> <a href=\"https:\/\/moverdb.com\/da\/amsa\/\">Amerikansk sammenslutning for flytning og opbevaring<\/a> (<a href=\"https:\/\/moverdb.com\/da\/amsa\/\" data-internallinksmanager029f6b8e52c=\"5\" title=\"American Moving &amp; Storage Association (AMSA) Forklaret\">AMSA<\/a>) - <a href=\"https:\/\/moverdb.com\/da\/faelge-promover\/\">ProMover<\/a><\/li>\n<li> National Association of Senior Move Managers (NASMM)<\/li>\n<li> Better Business Bureau (BBB) Akkrediteret virksomhed A+<\/li>\n<\/ul>\n<h2>Wheaton Worldwide Moving Anmeldelser<\/h2>\n<p><strong>Positiv:<\/strong><\/p>\n<ul>\n<li> \"<em>Godt selskab. God v\u00e6rdi. Ville bruge det igen.\"<\/em> - David X via <a href=\"http:\/\/www.yelp.com\/biz\/wheaton-world-wide-moving-indianapolis-5?hrid=i8pH5fVrzdWhgdFkPaCnlQ&#038;utm_campaign=www_review_share_popup&#038;utm_medium=copy_link&#038;utm_source=(direct)\" target=\"_blank\" rel=\"noopener\">Yelp<\/a><\/li>\n<li> \"<em>Wheatons personale i <a href=\"https:\/\/moverdb.com\/da\/flytning-tilhouston\/\">Houston<\/a> blev mine engle i en meget sv\u00e6r tid i mit liv.\"<\/em> - Bonnie M via <a href=\"http:\/\/www.bbb.org\/indy\/business-reviews\/movers\/wheaton-world-wide-moving-in-indianapolis-in-22485\/customer-reviews\" target=\"_blank\" rel=\"noopener\">BBB<\/a> <\/li>\n<li> \"<em>De var kun de bedste fra start til slut.\"<\/em> - Judith via <a href=\"http:\/\/www.mymovingreviews.com\/movers\/wheaton-van-lines-255#54528\" target=\"_blank\" rel=\"noopener\">MyMovingReviews.com<\/a><\/li>\n<li> \"<em>Vi har brugt Wheaton Moving f\u00f8r og havde en rigtig god flytning, s\u00e5 da det var tid til at flytte igen, vidste vi, hvem vi skulle ringe til.\"<\/em> - Freddy Lancaster via <a href=\"http:\/\/reviewamover.com\/review\/Moving-Companies-Reviews\/WHEATON-WORLD-WIDE-53.php?PHPSESSID=a21a9bd572e803d73fcb5f1f02487590\" target=\"_blank\" rel=\"noopener\">Review-A-Mover<\/a> <\/li>\n<\/ul>\n<p><strong>Negativ:<\/strong><\/p>\n<ul>\n<li> <em>\"Wheaton n\u00e6gter igen at p\u00e5tage sig ansvaret for \u00f8delagte genstande. De smider den ene undskyldning efter den anden, og den ene giver mindre mening end den anden.\"<\/em> - Amy T via <a href=\"http:\/\/www.yelp.com\/biz\/wheaton-world-wide-moving-indianapolis-5?hrid=vRowN7GuFHy3k0yM5ijpgA&#038;utm_campaign=www_review_share_popup&#038;utm_medium=copy_link&#038;utm_source=(direct)\" target=\"_blank\" rel=\"noopener\">Yelp<\/a> <\/li>\n<li> \"<em>Fra start til slut var dette firma det v\u00e6rste <a href=\"https:\/\/moverdb.com\/da\/moving-companies\/\" data-internallinksmanager029f6b8e52c=\"79\" title=\"Top 25 internationale flyttefirmaer online\">flyttefirma<\/a> vi nogensinde har haft at g\u00f8re med, og vi har haft over 6 professionelle flytninger i vores \u00e6gteskab.\"<\/em> - Nikki F via <a href=\"http:\/\/www.bbb.org\/indy\/business-reviews\/movers\/wheaton-world-wide-moving-in-indianapolis-in-22485\/customer-reviews\" target=\"_blank\" rel=\"noopener\">BBB<\/a><\/li>\n<li> \"<em>Vi fik at vide, at vores husstand kr\u00e6vede hele traileren, og at det var det, de blev betalt for. I stedet pressede de en anden last ind sammen med vores last, hvilket resulterede i, at ting blev efterladt, og at containere og apparater blev mast, beskadiget, tabt og \u00f8delagt...\"<\/em> - Anthony via <a href=\"http:\/\/www.mymovingreviews.com\/movers\/wheaton-van-lines-255#51475\" target=\"_blank\" rel=\"noopener\">MyMovingReviews.com<\/a> <\/li>\n<li> <em>\"V\u00e6r forsigtig, l\u00f8b v\u00e6k, f\u00f8r du hyrer dette firma.\"<\/em> - David Gutierrez via <a href=\"http:\/\/reviewamover.com\/review\/reviewer\/davidrafael770.php?PHPSESSID=e2ea8ab20529fed2960f446a83923af0\" target=\"_blank\" rel=\"noopener\">Review-A-Mover<\/a> <\/li>\n<\/ul>\n<div itemprop=\"review\" itemscope itemtype=\"http:\/\/schema.org\/Review\">\n<span itemprop=\"author\" itemscope=\"\" itemtype=\"http:\/\/schema.org\/Organization\"><span itemprop=\"name\">MoverDB.com<\/span><\/span> Online website anmeldelse for <span itemprop=\"itemreviewed\" itemscope=\"\" itemtype=\"http:\/\/schema.org\/Brand\"><span itemprop=\"name\">Wheaton Worldwide Moving<\/span><\/span>:<\/p>\n<ol>\n<li> Tydelige kontaktoplysninger p\u00e5 webstedet (herunder telefonnummer): <strong>Ja<\/strong><\/li>\n<li> Let at f\u00e5 <a href=\"https:\/\/moverdb.com\/da\/citater\/\">citater for international flytning<\/a>? (Formular til anmodning om online overslag): <strong>Ja<\/strong><\/li>\n<li> Klare oplysninger p\u00e5 webstedet: <strong>Ja,<\/strong> der er mange vejledninger og ressourcer p\u00e5 webstedet.<\/li>\n<li> Medlemskab af internationalt anerkendte flytteorganisationer: <strong>Ja<\/strong>, se ovenfor<\/li>\n<li> Liste over kunder og\/eller tidligere kundeudtalelser. <strong>Ja,<\/strong> Kundeanmeldelser og udtalelser er meget vigtige for virksomheden.<\/li>\n<\/ol>\n<div itemprop=\"reviewRating\" itemscope itemtype=\"http:\/\/schema.org\/Rating\"><meta itemprop=\"worstRating\" content = \"0\" \/><meta itemprop=\"bestRating\" content=\"5\" \/><meta itemprop=\"ratingValue\" content=\"5\"><\/div>\n<p><strong>Samlet score: 5\/5<\/strong><br \/>\n<strong>Dato for gennemgang:<\/strong> <span itemprop=\"datePublished\" content=\"2016-08-05\">05\/08\/2016<\/span>\n<\/div>\n<p>L\u00e6s mere om <a href=\"https:\/\/moverdb.com\/da\/flyttefirmaer\/\">internationale flyttefirmaer<\/a>, <a href=\"https:\/\/moverdb.com\/da\/us-canada-movers\/\">Amerikanske og canadiske flyttefirmaer<\/a> og vores <a href=\"https:\/\/moverdb.com\/da\/anmeldelser\/\">gennemgangsproces<\/a>.<\/p>\n<p><strong>Hjemmeside:<\/strong> <a href=\"https:\/\/www.wheatonworldwide.com\/\" target=\"_blank\" rel=\"noopener\">https:\/\/www.wheatonworldwide.com<\/a><\/p>","protected":false},"excerpt":{"rendered":"<p>Wheaton World Wide Moving (formerly Wheaton Van Lines) offers its clients a range of services from international moves to local moves. These are listed below, together with a company profile and reviews. International Moves and Relocation Assistance Door to door moving Packing &#8211; do it yourself, fragile items or full service packing Disassembling and reassembling [&hellip;]<\/p>\n","protected":false},"author":1,"featured_media":0,"parent":0,"menu_order":0,"comment_status":"closed","ping_status":"closed","template":"","meta":{"_genesis_hide_title":false,"_genesis_hide_breadcrumbs":false,"_genesis_hide_singular_image":false,"_genesis_hide_footer_widgets":false,"_genesis_custom_body_class":"","_genesis_custom_post_class":"","_genesis_layout":"","footnotes":""},"class_list":{"0":"post-1076","1":"page","2":"type-page","3":"status-publish","5":"entry"},"_links":{"self":[{"href":"https:\/\/moverdb.com\/da\/wp-json\/wp\/v2\/pages\/1076","targetHints":{"allow":["GET"]}}],"collection":[{"href":"https:\/\/moverdb.com\/da\/wp-json\/wp\/v2\/pages"}],"about":[{"href":"https:\/\/moverdb.com\/da\/wp-json\/wp\/v2\/types\/page"}],"author":[{"embeddable":true,"href":"https:\/\/moverdb.com\/da\/wp-json\/wp\/v2\/users\/1"}],"replies":[{"embeddable":true,"href":"https:\/\/moverdb.com\/da\/wp-json\/wp\/v2\/comments?post=1076"}],"version-history":[{"count":7,"href":"https:\/\/moverdb.com\/da\/wp-json\/wp\/v2\/pages\/1076\/revisions"}],"predecessor-version":[{"id":6251,"href":"https:\/\/moverdb.com\/da\/wp-json\/wp\/v2\/pages\/1076\/revisions\/6251"}],"wp:attachment":[{"href":"https:\/\/moverdb.com\/da\/wp-json\/wp\/v2\/media?parent=1076"}],"curies":[{"name":"wp","href":"https:\/\/api.w.org\/{rel}","templated":true}]}}