{"id":1075,"date":"2016-08-04T14:25:42","date_gmt":"2016-08-04T14:25:42","guid":{"rendered":"http:\/\/moverdb.com\/?page_id=1075"},"modified":"2026-01-08T15:20:29","modified_gmt":"2026-01-08T15:20:29","slug":"north-american-van-lines","status":"publish","type":"page","link":"https:\/\/moverdb.com\/da\/north-american-van-lines\/","title":{"rendered":"North American Van Lines: International Moving Anmeldelser"},"content":{"rendered":"<p>North American Van Lines tilbyder sine kunder tjenester til internationale flytninger, virksomhedsflytninger og indenlandske flytninger. Nedenfor f\u00f8lger en liste over disse tjenester samt en virksomhedsprofil og anmeldelser.<\/p>\n<p><strong>International flytning for privatpersoner og virksomheder<\/strong><\/p>\n<ul>\n<li> D\u00f8r til d\u00f8r-service<\/li>\n<li> Pakning, polstring og beskyttelse af ejendele<\/li>\n<li> Demontering af m\u00f8bler<\/li>\n<li> <a href=\"https:\/\/moverdb.com\/da\/containerforsendelse\/\">Skibscontainere<\/a> til enhver anvendelse<\/li>\n<li> R\u00e5dgivning om, hvad du skal pakke, og hvad du skal s\u00e6lge for at opn\u00e5 omkostningseffektivitet<\/li>\n<li> Hj\u00e6lp til toldklarering<\/li>\n<li> Levering og samling af m\u00f8bler<\/li>\n<li> 24\/7 online tracking af forsendelse<\/li>\n<li> V\u00e6rdians\u00e6ttelsesbeskyttelsesprogram<\/li>\n<li> Kort- og langtidsopbevaring arrangeret<\/li>\n<\/ul>\n<p><strong>S\u00e6rlige tjenester i forbindelse med flytning<\/strong><\/p>\n<ul>\n<li> Boligk\u00f8b og midlertidig boligst\u00f8tte<\/li>\n<li> Finansiel bistand og bistand fra forsikringsselskaber<\/li>\n<li> Interkulturel uddannelse<\/li>\n<li> Sprogundervisning<\/li>\n<li> Henvisninger til b\u00f8rnepasning og skoler<\/li>\n<li> L\u00e6gehj\u00e6lp og erstatning af recepter<\/li>\n<li> K\u00f8b og service af biler<\/li>\n<li> K\u00f8retimer<\/li>\n<\/ul>\n<p><strong>Flytning af virksomheder<\/strong><\/p>\n<ul>\n<li> Pakning og kasser<\/li>\n<li> Opbevaring<\/li>\n<li> Forsendelse<\/li>\n<li> Personlig flytningskoordinator<\/li>\n<li> Hj\u00e6lp til salg og k\u00f8b af boliger<\/li>\n<li> Omr\u00e5deorientering<\/li>\n<li> Bistand til \u00e6gtef\u00e6ller<\/li>\n<li> Realkreditl\u00e5n<\/li>\n<li> Indk\u00f8ring af tjenester<\/li>\n<\/ul>\n<p><strong>Flyttetjenester<\/strong><\/p>\n<ul>\n<li> Indpakning og udpakning - g\u00f8r det selv, kun skr\u00f8belige genstande eller fuld pakning<\/li>\n<li> Stort udvalg af emballagematerialer<\/li>\n<li> Demontering og genmontering af m\u00f8bler<\/li>\n<li> Aflastning<\/li>\n<li> Udpakning, hvis det er n\u00f8dvendigt<\/li>\n<li> Bortskaffelse af affald<\/li>\n<li> Langtids- og korttidsopbevaring<\/li>\n<li> Flytning af husholdninger<\/li>\n<li> Lokal flytning<\/li>\n<li> Langdistance flytning<\/li>\n<li> Milit\u00e6r flytning<\/li>\n<li> Flytning p\u00e5 tv\u00e6rs af landet<\/li>\n<li> Flytning mellem lande<\/li>\n<li> Express lille forsendelse<\/li>\n<li> Nationale flyttefirmaer<\/li>\n<\/ul>\n<p><strong>Specialiserede flytninger<\/strong><\/p>\n<ul>\n<li> Klaverer<\/li>\n<li> Kunst og antikviteter<\/li>\n<li> B\u00e5de<\/li>\n<li> <a href=\"https:\/\/moverdb.com\/da\/biltransport-forsendelse\/\">K\u00f8ret\u00f8jer<\/a><\/li>\n<li> Beholdere<\/li>\n<\/ul>\n<h2>North American Van Lines virksomhedsprofil<\/h2>\n<p>North American Van Lines startede sine f\u00f8rste lastbiltransportaktiviteter i 1933 med 12 agenter. Fem \u00e5r senere havde virksomheden over 120 agenter. Virksomheden besk\u00e6ftiger sig med flytning af boliger og kontorer, b\u00e5de lokalt, nationalt og internationalt. North American Van Lines blev et datterselskab af SIRVA Inc. i 1998. <\/p>\n<p>Virksomheden har n\u00e6sten 8.000 ansatte og driver <strong>1.694 lastbiler<\/strong>. Det ansl\u00e5s, at deres k\u00f8ret\u00f8jer har k\u00f8rt <strong>37.256.707 miles<\/strong>.<\/p>\n<p>North American Van Lines har over 500 agenter i Nordamerika. De har satellitsporing, s\u00e5 alle forsendelser til enhver tid kan lokaliseres pr\u00e6cist. De bruger ogs\u00e5 kranbiler, som g\u00f8r det muligt for dem at l\u00e6sse og losse store genstande uden en ladebro. <\/p>\n<p>Virksomheden har implementeret et kvalitetsprogram for uddannelse af alle medarbejdere og agenter til den h\u00f8jest mulige standard.<\/p>\n<p>North American Van Lines akkrediteringer og tilknytninger:<\/p>\n<ul>\n<li> Overensstemmelse med told- og handelspartnerskabet mod terrorisme (C-TPAT)<\/li>\n<li> <a href=\"https:\/\/moverdb.com\/da\/amsa\/\">Amerikansk sammenslutning for flytning og opbevaring<\/a> (<a href=\"https:\/\/moverdb.com\/da\/amsa\/\" data-internallinksmanager029f6b8e52c=\"5\" title=\"American Moving &amp; Storage Association (AMSA) Forklaret\">AMSA<\/a>) - <a href=\"https:\/\/moverdb.com\/da\/faelge-promover\/\">ProMover<\/a><\/li>\n<li> BBB-akkrediteret virksomhed<\/li>\n<li> <a href=\"https:\/\/moverdb.com\/da\/canadian-association-of-movers\/\">Den canadiske sammenslutning af flyttefirmaer<\/a> (<a href=\"https:\/\/moverdb.com\/da\/canadian-association-of-movers\/\" data-internallinksmanager029f6b8e52c=\"11\" title=\"Den canadiske sammenslutning af flyttefirmaer (CAM) forklaret\">CAM<\/a>)<\/li>\n<\/ul>\n<h2>North American Van Lines anmeldelser<\/h2>\n<p><strong>Positiv:<\/strong><\/p>\n<ul>\n<li>  <em>\"Vi flytter hele tiden, og dette var den bedste flytning, vi nogensinde har haft. Vi har aldrig haft en flytning, hvor det er g\u00e5et s\u00e5 godt. Alt var bare vidunderligt.\"<\/em> - Justin P kunde <a href=\"https:\/\/www.northamerican.com\/\" target=\"_blank\" rel=\"noopener\">vidnesbyrd fra deres hjemmeside<\/a>.<\/li>\n<li> <em>\"Altid til tiden, effektiv, venlig og virkelig hj\u00e6lpsom. Vi blev positivt overrasket over, at efter at vores goofs var blevet l\u00e6sset og vejet, blev vi faktisk opkr\u00e6vet mindre end det oplyste bel\u00f8b! Jeg vil helt sikkert anbefale dem!<\/em>\" - Candace via <a href=\"http:\/\/www.bbb.org\/northernindiana\/business-reviews\/movers\/north-american-van-lines-in-fort-wayne-in-90077877\/customer-reviews\" target=\"_blank\" rel=\"noopener\">BBB<\/a><\/li>\n<li> <em>\"At flytte fra et hus med en lang, bl\u00e6sende og smal indk\u00f8rsel til et andet hus flere hundrede kilometer v\u00e6k var ikke nogen nem opgave for nogen flyttefirma. Men North American Van Lines leverede en vidunderlig oplevelse, der gjorde flytningen mindre stressende ... og t\u00f8r jeg sige, sjov??\"<\/em> - Phyllis via <a href=\"https:\/\/www.facebook.com\/northAmericanVL\/reviews#\" target=\"_blank\" rel=\"noopener\">Facebook<\/a><\/li>\n<\/ul>\n<p><strong>Negativ:<\/strong><\/p>\n<ul>\n<li> <em>\"Forf\u00e6rdelig oplevelse med dette firma. Jeg brugte dem til at flytte fra Baltimore til <a href=\"https:\/\/moverdb.com\/da\/flytning-til-san-francisco\/\">San Francisco<\/a>.  De anvender lokale <a href=\"https:\/\/moverdb.com\/da\/moving-companies\/\" data-internallinksmanager029f6b8e52c=\"79\" title=\"Top 25 internationale flyttefirmaer online\">flyttefirmaer<\/a> indg\u00e5et en aftale med North American om at hente og aflevere dine ting.\"<\/em> - Nick via <a href=\"http:\/\/www.mymovingreviews.com\/movers\/north-american-van-lines-287#33438\" target=\"_blank\" rel=\"noopener\">MyMovingReviews<\/a><\/li>\n<li> <em>\"At bev\u00e6ge sig fra <a href=\"https:\/\/moverdb.com\/da\/moving-companies\/moving-companies-peru\/\" data-internallinksmanager029f6b8e52c=\"273\" title=\"9 bedste internationale flyttefirmaer i Peru\">Peru<\/a> til <a href=\"https:\/\/moverdb.com\/da\/moving-to-the-united-states\/moving-to-iowa\/\" data-internallinksmanager029f6b8e52c=\"463\" title=\"Flytter du til Iowa? 2024 Leveomkostninger og tips til flytning\">Iowa<\/a> var et mareridt. Det v\u00e6rste var, at lastbilen blev l\u00e6sset af af \"professionelle\" fra North American Van Lines.\"<\/em> - Arthur via <a href=\"https:\/\/www.consumeraffairs.com\/movers\/north_american.htm\" target=\"_blank\" rel=\"noopener\">Forbrugeranliggender<\/a><\/li>\n<li> <em>\"Det er 10 dage siden, at mine ting blev hentet fra <a href=\"https:\/\/moverdb.com\/da\/moving-to-the-united-states\/moving-to-oklahoma\/\" data-internallinksmanager029f6b8e52c=\"453\" title=\"Flytter du til Oklahoma? 2024 Leveomkostninger og tips til flytning\">Oklahoma<\/a>Der er kun to arbejdsdage tilbage af leveringsvinduet, og de har lige fundet ud af, at chauff\u00f8ren ALDRIG hentede mine ting.\"<\/em> - via <a href=\"http:\/\/north-american-van-lines.pissedconsumer.com\/left-my-stuff-behind-20160401821464.html\" target=\"_blank\" rel=\"noopener\">Vred forbruger<\/a><\/li>\n<\/ul>\n<div itemprop=\"review\" itemscope itemtype=\"http:\/\/schema.org\/Review\">\n<span itemprop=\"author\" itemscope=\"\" itemtype=\"http:\/\/schema.org\/Organization\"><span itemprop=\"name\">MoverDB.com<\/span><\/span> Online website anmeldelse for <span itemprop=\"itemreviewed\" itemscope=\"\" itemtype=\"http:\/\/schema.org\/Brand\"><span itemprop=\"name\">North American Van Lines<\/span><\/span>:<\/p>\n<ol>\n<li> Tydelige kontaktoplysninger p\u00e5 webstedet (herunder telefonnummer): <strong>Ja<\/strong><\/li>\n<li> Let at f\u00e5 <a href=\"https:\/\/moverdb.com\/da\/citater\/\">citater for international flytning<\/a>? (Formular til anmodning om online overslag): <strong>Ja<\/strong><\/li>\n<li> Klare oplysninger p\u00e5 webstedet: <strong>Ja<\/strong>, masser af oplysninger om indenlandske og internationale flytninger.<\/li>\n<li> Medlemskab af internationalt anerkendte flytteorganisationer: <strong>Ja<\/strong>, se ovenfor<\/li>\n<li> Liste over kunder og\/eller tidligere kundeudtalelser. <strong>Ja,<\/strong> der er mange anmeldelser p\u00e5 siden, men de fleste er ret korte.<\/li>\n<\/ol>\n<div itemprop=\"reviewRating\" itemscope itemtype=\"http:\/\/schema.org\/Rating\"><meta itemprop=\"worstRating\" content = \"0\" \/><meta itemprop=\"bestRating\" content=\"4.5\" \/><meta itemprop=\"ratingValue\" content=\"5\"><\/div>\n<p><strong>Samlet score: 4.5\/5<\/strong><br \/>\n<strong>Dato for gennemgang:<\/strong> <span itemprop=\"datePublished\" content=\"2016-08-24\">04\/08\/2016<\/span>\n<\/div>\n<p>L\u00e6s mere om <a href=\"https:\/\/moverdb.com\/da\/flyttefirmaer\/\">internationale flyttefirmaer<\/a>, <a href=\"https:\/\/moverdb.com\/da\/us-canada-movers\/\">Canadiske og amerikanske flyttefolk<\/a> og vores <a href=\"https:\/\/moverdb.com\/da\/anmeldelser\/\">flytning af gennemgangsprocessen<\/a>.<\/p>\n<p><strong>Websteder:<\/strong><br \/>\n<a href=\"https:\/\/moverdb.com\/da\/moving-to-the-united-states\/\" data-internallinksmanager029f6b8e52c=\"94\" title=\"Flytter du til USA? 2022 Leveomkostninger og flyttetips\">USA<\/a>: <a href=\"https:\/\/www.northamerican.com\/\" target=\"_blank\" rel=\"noopener\">https:\/\/www.northamerican.com\/<\/a><br \/>\n<a href=\"https:\/\/moverdb.com\/da\/moving-to-canada\/\" data-internallinksmanager029f6b8e52c=\"265\" title=\"Flytte til Canada? 2026 Leveomkostninger og flyttetips\">Canada<\/a>: <a href=\"http:\/\/www.northamericanvanlines.ca\/\" target=\"_blank\" rel=\"noopener\">http:\/\/www.northamericanvanlines.ca\/<\/a><\/p>","protected":false},"excerpt":{"rendered":"<p>North American Van Lines offer their customers services for international, corporate and domestic moves. A list of these services follows, together with a company profile and reviews. International Moving for Individuals and Companies Door to door service Packing, padding and protecting belongings Disassembling furniture Ship containers for every application Advice on what to pack and [&hellip;]<\/p>\n","protected":false},"author":1,"featured_media":0,"parent":0,"menu_order":0,"comment_status":"closed","ping_status":"closed","template":"","meta":{"_genesis_hide_title":false,"_genesis_hide_breadcrumbs":false,"_genesis_hide_singular_image":false,"_genesis_hide_footer_widgets":false,"_genesis_custom_body_class":"","_genesis_custom_post_class":"","_genesis_layout":"","footnotes":""},"class_list":{"0":"post-1075","1":"page","2":"type-page","3":"status-publish","5":"entry"},"_links":{"self":[{"href":"https:\/\/moverdb.com\/da\/wp-json\/wp\/v2\/pages\/1075","targetHints":{"allow":["GET"]}}],"collection":[{"href":"https:\/\/moverdb.com\/da\/wp-json\/wp\/v2\/pages"}],"about":[{"href":"https:\/\/moverdb.com\/da\/wp-json\/wp\/v2\/types\/page"}],"author":[{"embeddable":true,"href":"https:\/\/moverdb.com\/da\/wp-json\/wp\/v2\/users\/1"}],"replies":[{"embeddable":true,"href":"https:\/\/moverdb.com\/da\/wp-json\/wp\/v2\/comments?post=1075"}],"version-history":[{"count":11,"href":"https:\/\/moverdb.com\/da\/wp-json\/wp\/v2\/pages\/1075\/revisions"}],"predecessor-version":[{"id":6227,"href":"https:\/\/moverdb.com\/da\/wp-json\/wp\/v2\/pages\/1075\/revisions\/6227"}],"wp:attachment":[{"href":"https:\/\/moverdb.com\/da\/wp-json\/wp\/v2\/media?parent=1075"}],"curies":[{"name":"wp","href":"https:\/\/api.w.org\/{rel}","templated":true}]}}