{"id":1065,"date":"2016-08-09T14:39:24","date_gmt":"2016-08-09T14:39:24","guid":{"rendered":"http:\/\/moverdb.com\/?page_id=1065"},"modified":"2026-01-08T14:47:45","modified_gmt":"2026-01-08T14:47:45","slug":"bekins-van-lines","status":"publish","type":"page","link":"https:\/\/moverdb.com\/da\/bekins-van-lines\/","title":{"rendered":"Bekins Van Lines: Internationale flytningstjenester og anmeldelser"},"content":{"rendered":"<p>Bekins Van Lines er baseret i Indianapolis IN. De tilbyder deres kunder en r\u00e6kke forskellige tjenester, som er anf\u00f8rt nedenfor, sammen med en virksomhedsprofil og anmeldelser.<\/p>\n<p><strong>International flytning<\/strong><\/p>\n<ul>\n<li> Personlig service sammen med Crown Relocations<\/li>\n<li> D\u00f8r til d\u00f8r-service<\/li>\n<li> Pakning - g\u00f8r det selv, udvalgte varer eller fuld service<\/li>\n<li> Opbevaring - p\u00e5 kort og lang sigt<\/li>\n<li> Flytning af k\u00e6ledyr<\/li>\n<li> Indvandringstjenester<\/li>\n<li> Interkulturel uddannelse<\/li>\n<li> Sprogundervisning<\/li>\n<li> Tjenester til salg af boliger<\/li>\n<li> Ejendomsadministration<\/li>\n<li> Forh\u00e5ndsvisning af rejsetjenester<\/li>\n<li> Hj\u00e6lp til at finde et hjem<\/li>\n<li> S\u00f8gning efter en skole<\/li>\n<li> Orientering efter ankomsten<\/li>\n<li> St\u00f8tte til partnerkarriere<\/li>\n<li> Handyman og hj\u00e6lp i hjemmet<\/li>\n<li> Udlejning af m\u00f8bler<\/li>\n<li> St\u00f8tte under udstationering<\/li>\n<\/ul>\n<p><strong>Pakning og opbevaring<\/strong><\/p>\n<ul>\n<li> Lang- og kortsigtet opbevaring<\/li>\n<li> Sikre faciliteter<\/li>\n<li> 24 timers varsel for adgang<\/li>\n<li> G\u00f8r det selv, udvalgte varer eller pakning med fuld service<\/li>\n<li> Kartoner og kasser leveres<\/li>\n<li> Beskyttelsesindpakning medf\u00f8lger<\/li>\n<li> Tape, etiketter og tuscher<\/li>\n<\/ul>\n<p><strong>Regerings- og milit\u00e6rflytningstjenester<\/strong><\/p>\n<ul>\n<li> GSA-leverand\u00f8r af transporttjenester<\/li>\n<li> Kvalificeret under og st\u00f8tter CHAMP<\/li>\n<li> Fra d\u00f8r til d\u00f8r<\/li>\n<\/ul>\n<p><strong>Flytning af medarbejdere<\/strong><\/p>\n<ul>\n<li> Dedikeret flytteansvarlig<\/li>\n<li> Fra d\u00f8r til d\u00f8r<\/li>\n<\/ul>\n<p><strong>Flytning af boliger<\/strong><\/p>\n<ul>\n<li> Fra d\u00f8r til d\u00f8r<\/li>\n<li> I hjemmet <a href=\"https:\/\/moverdb.com\/da\/quotes\/\" data-internallinksmanager029f6b8e52c=\"26\" title=\"Citater for international flytning: 12 sp\u00f8rgsm\u00e5l at stille din flyttemand\">flyttetilbud<\/a><\/li>\n<li> Fuld service med pakning, lastning og losning<\/li>\n<li> Pakning - g\u00f8r det selv, skr\u00f8belige genstande eller fuld service<\/li>\n<li> Medf\u00f8lgende emballagematerialer<\/li>\n<li> Opbevaring tilg\u00e6ngelig<\/li>\n<li> Demontering og genmontering af m\u00f8bler<\/li>\n<li> Flytning af m\u00f8bler, inventar og udstyr<\/li>\n<li> Flytte klaverer, <a href=\"https:\/\/moverdb.com\/da\/biltransport-forsendelse\/\">k\u00f8ret\u00f8jer<\/a>, b\u00e5de og meget mere<\/li>\n<li> Flyttebeskyttelse<\/li>\n<\/ul>\n<p><strong>Specialiserede flyttetjenester<\/strong><\/p>\n<ul>\n<li> Transport af medicinsk udstyr<\/li>\n<li> Transport af tunge maskiner<\/li>\n<li> FFE-transport<\/li>\n<li> Kontorudstyr<\/li>\n<li> Computere og it-udstyr<\/li>\n<li> Unikke m\u00f8bler<\/li>\n<li> Flytning af hvidevarer<\/li>\n<li> Butiksinventar<\/li>\n<li> Flyttetjenester til g\u00e6stfrihed<\/li>\n<\/ul>\n<h2>Bekins Van Lines virksomhedsprofil<\/h2>\n<p>Bekins Van Lines blev startet for 125 \u00e5r siden af John og Martin Bekins i Sioux City, <a href=\"https:\/\/moverdb.com\/da\/moving-to-the-united-states\/moving-to-iowa\/\" data-internallinksmanager029f6b8e52c=\"463\" title=\"Flytter du til Iowa? 2024 Leveomkostninger og tips til flytning\">Iowa<\/a>. Det havde 3 hestetrukne k\u00f8ret\u00f8jer og 12 ansatte. I dag er det det fjerdest\u00f8rste transportfirma i verden. <a href=\"https:\/\/moverdb.com\/da\/moving-to-the-united-states\/\" data-internallinksmanager029f6b8e52c=\"94\" title=\"Flytter du til USA? 2022 Leveomkostninger og flyttetips\">USA<\/a> og betjener mere end 95% af landet. Bekins Van Lines har specialiseret sig i <a href=\"https:\/\/moverdb.com\/da\/containerforsendelse\/\" target=\"_blank\" rel=\"noopener\">international forsendelse<\/a>, flytninger og flytning af genstande af stor v\u00e6rdi.<\/p>\n<p>Bekins Van Lines er nu ejet af <a href=\"https:\/\/moverdb.com\/da\/wheaton\/\" target=\"_blank\" rel=\"noopener\">Wheaton Van Lines<\/a>. Det tilbyder fortsat flytning af husholdninger, virksomhedsflytninger, internationale flytninger og milit\u00e6rflytninger. <\/p>\n<p>Bekins har sammen med Wheaton Van Lines indg\u00e5et et samarbejde med Crown Relocations om at hj\u00e6lpe kunder med internationale flytninger. Bekins har 350 agenter, og det er disse agenter, der g\u00f8r det muligt for virksomheden at fungere som en fuld servicevirksomhed. <a href=\"https:\/\/moverdb.com\/da\/moving-companies\/\" data-internallinksmanager029f6b8e52c=\"79\" title=\"Top 25 internationale flyttefirmaer online\">flyttefirma<\/a>.<\/p>\n<p>Bekins Van Lines tilknytninger og akkrediteringer:<\/p>\n<ul>\n<li> <a href=\"https:\/\/moverdb.com\/da\/amsa\/\" target=\"_blank\" rel=\"noopener\">Amerikansk sammenslutning for flytning og opbevaring<\/a> (<a href=\"https:\/\/moverdb.com\/da\/amsa\/\" data-internallinksmanager029f6b8e52c=\"5\" title=\"American Moving &amp; Storage Association (AMSA) Forklaret\">AMSA<\/a>) - <a href=\"https:\/\/moverdb.com\/da\/faelge-promover\/\" target=\"_blank\" rel=\"noopener\">ProMover<\/a><\/li>\n<li> National Association of Senior Move Managers (NASMM)<\/li>\n<li> Better Business Bureau (BBB) Akkrediteret virksomhed A+<\/li>\n<\/ul>\n<h2>Anmeldelser af Bekins Van Lines<\/h2>\n<p><strong>Positiv:<\/strong><\/p>\n<ul>\n<li> <em>\"Jeg var skr\u00e6kslagen for at bruge et flyttefirma til min flytning fra <a href=\"https:\/\/moverdb.com\/da\/flytning-til-san-jose\/\">San Jose<\/a> til <a href=\"https:\/\/moverdb.com\/da\/moving-to-the-united-states\/moving-to-oregon\/\" data-internallinksmanager029f6b8e52c=\"395\" title=\"Flytte til Oregon? 2026 Leveomkostninger og tips til flytning\">Oregon<\/a>. Jeg lavede en masse research p\u00e5 nettet og endte med at v\u00e6lge Bekins p\u00e5 grund af to personlige anbefalinger og deres faste pris. Det var en nem proces, flyttefolkene var meget forsigtige med mine ting, og de leverede, da de sagde, de ville.\"<\/em> - S. N. via <a href=\"http:\/\/www.yelp.com\/biz\/bekins-van-lines-indianapolis-4?hrid=sAKPuUdvUtx9Pe5VoZlhZQ&#038;utm_campaign=www_review_share_popup&#038;utm_medium=copy_link&#038;utm_source=(direct)\" target=\"_blank\" rel=\"noopener\">Yelp<\/a><\/li>\n<li> <em>\"Vi indhentede de s\u00e6dvanlige overslag for vores kontorflytning, og Bekins kom med det bedste og mest detaljerede overslag.\"<\/em> - Wanda fra Tampa via <a href=\"https:\/\/www.consumeraffairs.com\/movers\/bekins_van_lines.htm\" target=\"_blank\" rel=\"noopener\">Forbrugeranliggender<\/a><\/li>\n<li> <em>\"Denne kunde ville anbefale virksomheden til en ven, et familiemedlem, en nabo eller en kollega.\"<\/em> - Cindy R via <a href=\"http:\/\/www.bbb.org\/indy\/business-reviews\/movers\/bekins-van-lines-inc-in-indianapolis-in-90013818\/Customer-Reviews\" target=\"_blank\" rel=\"noopener\">BBB<\/a><\/li>\n<li> <em>\"Hele flytteholdet var fantastisk. De var meget bet\u00e6nksomme.\"<\/em> - Paul D via <a href=\"http:\/\/www.mymovingreviews.com\/movers\/bekins-van-lines-303#54527\" target=\"_blank\" rel=\"noopener\">MyMoivingReviews.com<\/a><\/li>\n<\/ul>\n<p><strong>Negativ:<\/strong><\/p>\n<ul>\n<li> \"<em>Virkelig forf\u00e6rdelig oplevelse - masser af beskadigede varer og uprofessionel service.\" <\/em>Kelly H via <a href=\"http:\/\/www.yelp.com\/biz\/bekins-van-lines-indianapolis-4?hrid=mPlbHKmtD2adpffBELLyBA&#038;utm_campaign=www_review_share_popup&#038;utm_medium=copy_link&#038;utm_source=(direct)\" target=\"_blank\" rel=\"noopener\">Yelp<\/a> <\/li>\n<li> <em>\"Den perfekte flytning, som agenten havde beskrevet, blev et mareridt.\"<\/em> - Marcel fra Lake Park via <a href=\"https:\/\/www.consumeraffairs.com\/movers\/bekins_van_lines.htm\" target=\"_blank\" rel=\"noopener\">Forbrugeranliggender<\/a> <\/li>\n<li> <em>\"Der var flere ting, der var negative ved denne oplevelse.\"<\/em> - David S via <a href=\"http:\/\/www.bbb.org\/indy\/business-reviews\/movers\/bekins-van-lines-inc-in-indianapolis-in-90013818\/Customer-Reviews\" target=\"_blank\" rel=\"noopener\">BBB<\/a> <\/li>\n<li> \"<em>Jeg har fundet Bekins flytning og opbevaring up\u00e5lidelig.\" <\/em> D Langdon via <a href=\"http:\/\/www.mymovingreviews.com\/movers\/bekins-van-lines-303#37287\" target=\"_blank\" rel=\"noopener\">MyMoivingReviews.com<\/a><\/li>\n<\/ul>\n<div itemprop=\"review\" itemscope itemtype=\"http:\/\/schema.org\/Review\">\n<span itemprop=\"author\" itemscope=\"\" itemtype=\"http:\/\/schema.org\/Organization\"><span itemprop=\"name\">MoverDB.com<\/span><\/span> Online website anmeldelse for <span itemprop=\"itemreviewed\" itemscope=\"\" itemtype=\"http:\/\/schema.org\/Brand\"><span itemprop=\"name\">Bekins Van Lines<\/span><\/span>:<\/p>\n<ol>\n<li> Tydelige kontaktoplysninger p\u00e5 webstedet (herunder telefonnummer): <strong>Ja<\/strong><\/li>\n<li> Let at f\u00e5 <a href=\"https:\/\/moverdb.com\/da\/citater\/\">citater for international flytning<\/a>? (Formular til anmodning om online overslag): <strong>Ja<\/strong><\/li>\n<li> Klare oplysninger p\u00e5 webstedet: <strong>Ja,<\/strong> der er mange vejledninger, videoer og andre ressourcer p\u00e5 webstedet.<\/li>\n<li> Medlemskab af internationalt anerkendte flytteorganisationer: <strong>Ja<\/strong>, se ovenfor<\/li>\n<li> Liste over kunder og\/eller tidligere kundeudtalelser. <strong>Ja,<\/strong> de har deres egne <a href=\"https:\/\/www.bekins.com\/why-bekins\/reviews-testimonials\/\" target=\"_blank\" rel=\"noopener\">side med anmeldelser og vidnesbyrd.<\/a><\/li>\n<\/ol>\n<div itemprop=\"reviewRating\" itemscope itemtype=\"http:\/\/schema.org\/Rating\"><meta itemprop=\"worstRating\" content = \"0\" \/><meta itemprop=\"bestRating\" content=\"5\" \/><meta itemprop=\"ratingValue\" content=\"5\"><\/div>\n<p><strong>Samlet score: 5\/5<\/strong><br \/>\n<strong>Dato for gennemgang:<\/strong> <span itemprop=\"datePublished\" content=\"2016-08-08\">08\/08\/2016<\/span>\n<\/div>\n<p>L\u00e6s mere om <a href=\"https:\/\/moverdb.com\/da\/flyttefirmaer\/\">internationale flyttefirmaer<\/a>, <a href=\"https:\/\/moverdb.com\/da\/us-canada-movers\/\">Amerikanske flyttefolk<\/a> og vores <a href=\"https:\/\/moverdb.com\/da\/anmeldelser\/\">gennemgangsproces<\/a>.<\/p>\n<p><strong>Hjemmeside:<\/strong> <a href=\"https:\/\/www.bekins.com\/\" target=\"_blank\" rel=\"noopener\">https:\/\/www.bekins.com<\/a><\/p>","protected":false},"excerpt":{"rendered":"<p>Bekins Van Lines are based in Indianapolis IN. They offer their customers a variety of services which are listed below, together with a company profile and reviews. International Moving Personalised service together with Crown Relocations Door to door service Packing &#8211; do it yourself, selected items or full service Storage &#8211; short and long term [&hellip;]<\/p>\n","protected":false},"author":1,"featured_media":0,"parent":0,"menu_order":0,"comment_status":"closed","ping_status":"closed","template":"","meta":{"_genesis_hide_title":false,"_genesis_hide_breadcrumbs":false,"_genesis_hide_singular_image":false,"_genesis_hide_footer_widgets":false,"_genesis_custom_body_class":"","_genesis_custom_post_class":"","_genesis_layout":"","footnotes":""},"class_list":{"0":"post-1065","1":"page","2":"type-page","3":"status-publish","5":"entry"},"_links":{"self":[{"href":"https:\/\/moverdb.com\/da\/wp-json\/wp\/v2\/pages\/1065","targetHints":{"allow":["GET"]}}],"collection":[{"href":"https:\/\/moverdb.com\/da\/wp-json\/wp\/v2\/pages"}],"about":[{"href":"https:\/\/moverdb.com\/da\/wp-json\/wp\/v2\/types\/page"}],"author":[{"embeddable":true,"href":"https:\/\/moverdb.com\/da\/wp-json\/wp\/v2\/users\/1"}],"replies":[{"embeddable":true,"href":"https:\/\/moverdb.com\/da\/wp-json\/wp\/v2\/comments?post=1065"}],"version-history":[{"count":9,"href":"https:\/\/moverdb.com\/da\/wp-json\/wp\/v2\/pages\/1065\/revisions"}],"predecessor-version":[{"id":6181,"href":"https:\/\/moverdb.com\/da\/wp-json\/wp\/v2\/pages\/1065\/revisions\/6181"}],"wp:attachment":[{"href":"https:\/\/moverdb.com\/da\/wp-json\/wp\/v2\/media?parent=1065"}],"curies":[{"name":"wp","href":"https:\/\/api.w.org\/{rel}","templated":true}]}}