{"id":1064,"date":"2016-08-12T14:50:41","date_gmt":"2016-08-12T14:50:41","guid":{"rendered":"http:\/\/moverdb.com\/?page_id=1064"},"modified":"2026-01-08T13:18:24","modified_gmt":"2026-01-08T13:18:24","slug":"graebel-van-lines","status":"publish","type":"page","link":"https:\/\/moverdb.com\/da\/graebel-van-lines\/","title":{"rendered":"Graebel Van Lines: International Moving Services &amp; Anmeldelser"},"content":{"rendered":"<p>Graebel Van Lines har hovedkvarter i Aurora, CO. Virksomheden tilbyder sine kunder en bred vifte af tjenester, som er anf\u00f8rt nedenfor. Der f\u00f8lger ogs\u00e5 en virksomhedsprofil og anmeldelser.<\/p>\n<p><strong>International flytning<\/strong><\/p>\n<ul>\n<li> Der er tilknyttet en dedikeret kundeservicekoordinator<\/li>\n<li> Detaljeret unders\u00f8gelse i hjemmet<\/li>\n<li> Skr\u00e6ddersyet flytteplan<\/li>\n<li> Fra d\u00f8r til d\u00f8r<\/li>\n<li> Internationalt uddannede pakkere og l\u00e6ssere<\/li>\n<li> Emballeringsmaterialer af h\u00f8jeste kvalitet<\/li>\n<li> Tilpasset kasse<\/li>\n<li> Koordinering med f\u00f8rende globale luftfartsselskaber med licens<\/li>\n<li> Opbevaringsfaciliteter - nogle af dem er klimakontrollerede<\/li>\n<li> Toldklarering<\/li>\n<li> Levering og udpakning<\/li>\n<\/ul>\n<p><strong>Flytning af boliger<\/strong><\/p>\n<ul>\n<li> D\u00f8r til d\u00f8r-service<\/li>\n<li> Et enkelt kontaktpunkt under hele flytningen<\/li>\n<li> Pakning og udpakning om n\u00f8dvendigt<\/li>\n<li> Lokale, langdistance og internationale flytninger<\/li>\n<li> Lang- og korttidsopbevaringsfaciliteter<\/li>\n<\/ul>\n<p><strong>Flytning af arbejdsplads<\/strong><\/p>\n<ul>\n<li> F\u00f8r og efter grundplan<\/li>\n<li> Detaljeret fortegnelse<\/li>\n<li> Lang- og korttidsopbevaring<\/li>\n<li> Afbrydelse og genindkobling af computersystemer<\/li>\n<li> Demontering og genmontering af m\u00f8bler<\/li>\n<li> Ansvarlig disponering af aktiver<\/li>\n<li> Flytning af hovedkvarterer, kontorer og engangsflytninger af kontorer.<\/li>\n<li> Koordinering af underleverand\u00f8rer, data, telefoni og elektricitet.<\/li>\n<li> N\u00f8jagtige overslag over udstyr, personer, materialer og samlede omkostninger ved flytning af kontorer.<\/li>\n<li> Styring af flytning, tilf\u00f8jelse og \u00e6ndring (MAC).<\/li>\n<li> Bepr\u00f8vede tjeklister, planl\u00e6gning og processer til kontorflytning.<\/li>\n<li> Opbevaring og bortskaffelse af optegnelser.<\/li>\n<li> Arkiveringssystemer og opbevaringsl\u00f8sninger med h\u00f8j t\u00e6thed.<\/li>\n<li> <a href=\"https:\/\/moverdb.com\/da\/british-association-of-removers\/\" data-internallinksmanager029f6b8e52c=\"9\" title=\"British Association of Removers (BAR) Forklaret\">Bar<\/a>-kodet lagerstyring.<\/li>\n<li> Verdensomsp\u00e6ndende transport, herunder mindre end lastvognslast, lastvognslast og polstrede varevognstjenester.<\/li>\n<li> Lager- og distributionstjenester.<\/li>\n<li> Just-in-Time-leveringstjenester.<\/li>\n<li> Logistiktjenester og -styring fra en enkelt leverand\u00f8r.<\/li>\n<li> Transport, levering, installation og omkonfigurering af m\u00f8bler.<\/li>\n<li> Serviceydelser inden for hotel- og restaurationsbranchen med m\u00f8bler, inventar og udstyr (FF&amp;E).<\/li>\n<li> Flyttetjenester til sundhedssektoren.<\/li>\n<\/ul>\n<p><strong>Flytninger af virksomheder, regeringer og milit\u00e6r<\/strong><\/p>\n<ul>\n<li> Direktoratet for f\u00e6ngsler<\/li>\n<li> Marshals Service<\/li>\n<li> Drug Enforcement Administration (DEA)<\/li>\n<li> Veteranafdelingen (VA)<\/li>\n<li> Federal Bureau of Investigation (FBI)<\/li>\n<li> Folket\u00e6llingskontoret<\/li>\n<li> Centre for Disease Control and Prevention (CDC)<\/li>\n<li> Internal Revenue Service (IRS)<\/li>\n<\/ul>\n<h2>Graebel Van Lines virksomhedsprofil<\/h2>\n<p>Graebel Van Lines er den st\u00f8rste privatejede transportvirksomhed <a href=\"https:\/\/moverdb.com\/da\/moving-companies\/\" data-internallinksmanager029f6b8e52c=\"79\" title=\"Top 25 internationale flyttefirmaer online\">flyttefirma<\/a> i den <a href=\"https:\/\/moverdb.com\/da\/moving-to-the-united-states\/\" data-internallinksmanager029f6b8e52c=\"94\" title=\"Flytter du til USA? 2022 Leveomkostninger og flyttetips\">USA<\/a> og har sit hovedkvarter i Aurora, CO. Virksomheden har i 66 \u00e5r flyttet familier, virksomheder, statsligt og milit\u00e6rt personale rundt om i verden og i USA. <\/p>\n<p>Virksomheden tilbyder komplette servicel\u00f8sninger til alle kunders behov, uanset om det drejer sig om en lille opgave som f.eks. renovering af et kontor eller en stor opgave som f.eks. flytning af et hospital til nye lokaler.<\/p>\n<p>Graebel Van Lines har 4 millioner kvadratfod lagerplads rundt om i landet og r\u00e5der over 828 flyttebiler. Alle virksomhedens medarbejdere er uddannet efter de h\u00f8jeste standarder.<\/p>\n<p>Graebel Van Lines tilknytninger og akkrediteringer:<\/p>\n<ul>\n<li> <a href=\"https:\/\/moverdb.com\/da\/faelge-promover\/\">ProMover<\/a><\/li>\n<li> <a href=\"https:\/\/moverdb.com\/da\/amsa\/\" target=\"_blank\" rel=\"noopener\">Amerikansk sammenslutning for flytning og opbevaring<\/a> (<a href=\"https:\/\/moverdb.com\/da\/amsa\/\" data-internallinksmanager029f6b8e52c=\"5\" title=\"American Moving &amp; Storage Association (AMSA) Forklaret\">AMSA<\/a>)<\/li>\n<li> Det internationale institut for flytning af kontorer (IOMI)<\/li>\n<\/ul>\n<h2>Graebel Van Lines anmeldelser<\/h2>\n<p><strong>Positiv:<\/strong><\/p>\n<ul>\n<li> <em>\"Graebel Van Lines gjorde et fremragende stykke arbejde med min flytning. De flyttede mig med kort varsel, til tiden, og alt landede, hvor jeg havde brug for det.\" <\/em> - Michelle T via <a href=\"https:\/\/www.yelp.com\/biz\/graebel-van-lines-kent\" target=\"_blank\" rel=\"noopener\">Yelp<\/a><\/li>\n<li>  <em>\"Jeg skriver dette, fordi jeg har set mange d\u00e5rlige anmeldelser af Graebel's, og min oplevelse var positiv.\"<\/em> - Sue Sok via <a href=\"http:\/\/www.mymovingreviews.com\/movers\/graebel-406#28293\" target=\"_blank\" rel=\"noopener\">MyMovingReviews.com<\/a><\/li>\n<\/ul>\n<p><strong>Negativ:<\/strong><\/p>\n<ul>\n<li> \"<em>Jeg har brugt Graebel's til tre flytninger, og hver gang bliver det v\u00e6rre og v\u00e6rre.\"<\/em> - Michael C via <a href=\"http:\/\/www.yelp.com\/biz\/graebel-van-lines-san-jose?hrid=KdToWSepoqbs7wLCd4UE0A&#038;utm_campaign=www_review_share_popup&#038;utm_medium=copy_link&#038;utm_source=(direct)\" target=\"_blank\" rel=\"noopener\">Yelp<\/a> <\/li>\n<li> \"<em>Jeg anbefaler ikke dette firma!!!!\"<\/em> Don Mcnasby via <a href=\"http:\/\/www.mymovingreviews.com\/movers\/graebel-406#47223\" target=\"_blank\" rel=\"noopener\">MyMovingReviews.com<\/a><\/li>\n<\/ul>\n<div itemprop=\"review\" itemscope itemtype=\"http:\/\/schema.org\/Review\">\n<span itemprop=\"author\" itemscope=\"\" itemtype=\"http:\/\/schema.org\/Organization\"><span itemprop=\"name\">MoverDB.com<\/span><\/span> Online website anmeldelse for <span itemprop=\"itemreviewed\" itemscope=\"\" itemtype=\"http:\/\/schema.org\/Brand\"><span itemprop=\"name\">Graebel Van Lines<\/span><\/span>:<\/p>\n<ol>\n<li> Tydelige kontaktoplysninger p\u00e5 webstedet (herunder telefonnummer): <strong>Ja<\/strong><\/li>\n<li> Let at f\u00e5 <a href=\"https:\/\/moverdb.com\/da\/citater\/\">citater for international flytning<\/a>? (Formular til anmodning om online overslag): <strong>Ja<\/strong><\/li>\n<li> Klare oplysninger p\u00e5 webstedet: <strong>Nogle<\/strong>, Hjemmesiden indeholder ikke mange detaljerede oplysninger. Det antages, at dette vil blive leveret sammen med den tilpassede plan.<\/li>\n<li> Medlemskab af internationalt anerkendte flytteorganisationer: <strong>Ja<\/strong>, (se ovenfor)<\/li>\n<li> Liste over kunder og\/eller tidligere kundeudtalelser: <strong>Nej<\/strong> P\u00e5 hjemmesiden n\u00e6vnes det dog, at de er en af regeringens og Fortune 500-virksomheders foretrukne flyttefirmaer.<\/li>\n<\/ol>\n<div itemprop=\"reviewRating\" itemscope itemtype=\"http:\/\/schema.org\/Rating\"><meta itemprop=\"worstRating\" content = \"0\" \/><meta itemprop=\"bestRating\" content=\"5\" \/><meta itemprop=\"ratingValue\" content=\"3.5\"><\/div>\n<p><strong>Samlet score: 3.5\/5<\/strong><br \/>\n<strong>Dato for gennemgang:<\/strong> <span itemprop=\"datePublished\" content=\"2016-08-11\">11\/08\/2016<\/span>\n<\/div>\n<p>L\u00e6s mere om <a href=\"https:\/\/moverdb.com\/da\/flyttefirmaer\/\">internationale flyttefirmaer<\/a>, <a href=\"https:\/\/moverdb.com\/da\/us-canada-movers\/\">Amerikanske flyttefirmaer<\/a> og vores <a href=\"https:\/\/moverdb.com\/da\/anmeldelser\/\">gennemgangsproces<\/a>.<\/p>\n<p><strong>Hjemmeside:<\/strong> <a href=\"https:\/\/www.graebelmoving.com\" target=\"_blank\" rel=\"noopener\">https:\/\/www.graebelmoving.com<\/a><\/p>","protected":false},"excerpt":{"rendered":"<p>Graebel Van Lines is headquartered in Aurora, CO. The company offers its customers a wide range of services which are listed below. There also follows a company profile and reviews. International Moving A dedicated customer service coordinator is assigned Detailed in-home survey Customised move plan Door to door Internationally trained packers and loaders Finest quality [&hellip;]<\/p>\n","protected":false},"author":1,"featured_media":0,"parent":0,"menu_order":0,"comment_status":"closed","ping_status":"closed","template":"","meta":{"_genesis_hide_title":false,"_genesis_hide_breadcrumbs":false,"_genesis_hide_singular_image":false,"_genesis_hide_footer_widgets":false,"_genesis_custom_body_class":"","_genesis_custom_post_class":"","_genesis_layout":"","footnotes":""},"class_list":{"0":"post-1064","1":"page","2":"type-page","3":"status-publish","5":"entry"},"_links":{"self":[{"href":"https:\/\/moverdb.com\/da\/wp-json\/wp\/v2\/pages\/1064","targetHints":{"allow":["GET"]}}],"collection":[{"href":"https:\/\/moverdb.com\/da\/wp-json\/wp\/v2\/pages"}],"about":[{"href":"https:\/\/moverdb.com\/da\/wp-json\/wp\/v2\/types\/page"}],"author":[{"embeddable":true,"href":"https:\/\/moverdb.com\/da\/wp-json\/wp\/v2\/users\/1"}],"replies":[{"embeddable":true,"href":"https:\/\/moverdb.com\/da\/wp-json\/wp\/v2\/comments?post=1064"}],"version-history":[{"count":6,"href":"https:\/\/moverdb.com\/da\/wp-json\/wp\/v2\/pages\/1064\/revisions"}],"predecessor-version":[{"id":6216,"href":"https:\/\/moverdb.com\/da\/wp-json\/wp\/v2\/pages\/1064\/revisions\/6216"}],"wp:attachment":[{"href":"https:\/\/moverdb.com\/da\/wp-json\/wp\/v2\/media?parent=1064"}],"curies":[{"name":"wp","href":"https:\/\/api.w.org\/{rel}","templated":true}]}}