{"id":1060,"date":"2016-08-21T20:38:32","date_gmt":"2016-08-21T20:38:32","guid":{"rendered":"http:\/\/moverdb.com\/?page_id=1060"},"modified":"2026-01-08T15:20:47","modified_gmt":"2026-01-08T15:20:47","slug":"suddath","status":"publish","type":"page","link":"https:\/\/moverdb.com\/da\/suddath\/","title":{"rendered":"Suddath: International flytning og flytninger Anmeldelser"},"content":{"rendered":"<p>Suddath tilbyder sine kunder fuld service inden for flytning og opbevaring b\u00e5de internationalt og lokalt. Disse er anf\u00f8rt nedenfor sammen med en virksomhedsprofil og anmeldelser.<\/p>\n<p><strong>International flytning og opbevaring<\/strong><\/p>\n<ul>\n<li> Forsendelse af husholdningsgods<\/li>\n<li> Tildelt flyttevejleder<\/li>\n<li> Kit til f\u00f8r flytning<\/li>\n<li> Toldinformation og -r\u00e5dgivning<\/li>\n<li> Oplysninger om destination<\/li>\n<li> Opbevaringsfaciliteter<\/li>\n<li> V\u00e6rdians\u00e6ttelse eller forsikringsr\u00e5dgivning<\/li>\n<\/ul>\n<p><strong>Forvaltning af politikker og programmer for virksomhedsflytning<\/strong><\/p>\n<ul>\n<li> Revision og\/eller udvikling af en politik for flytning<\/li>\n<li> Administration af politikker<\/li>\n<li> Dedikeret, erfarent account management-team<\/li>\n<li> Kvalitetssikringsprogram med m\u00e5lbare m\u00e5lepunkter<\/li>\n<li> Online adgang eller rapportering og sporing af forsendelser<\/li>\n<\/ul>\n<p><strong>Andre globale mobilitetstjenester<\/strong><\/p>\n<ul>\n<li> Global politisk benchmark, revision og udvikling<\/li>\n<li> Afrejse og salg af boliger<\/li>\n<li> Fremskrivning af omkostninger<\/li>\n<li> Vurdering af kandidater<\/li>\n<li> R\u00e5dgivning om skat og social sikring<\/li>\n<li> L\u00f8bende opgaver<\/li>\n<li> Rejse forud for en opgave<\/li>\n<li> Interkulturel, forretningsm\u00e6ssig bevidsthed og sprogundervisning<\/li>\n<li> Leasing eller finansiering af biler<\/li>\n<li> S\u00f8gning efter en skole<\/li>\n<li> Program for hjemsendelse<\/li>\n<\/ul>\n<p><strong>Flytning og opbevaring af offentlige bygninger p\u00e5 verdensplan<\/strong><\/p>\n<ul>\n<li> Fuld service til flytning for myndigheder og milit\u00e6r<\/li>\n<\/ul>\n<p><strong><a href=\"https:\/\/moverdb.com\/da\/moving-to-the-united-states\/\" data-internallinksmanager029f6b8e52c=\"94\" title=\"Flytter du til USA? 2022 Leveomkostninger og flyttetips\">USA<\/a> Flytning og oplagring af boliger<\/strong><\/p>\n<p><strong>Flytning af virksomheder<\/strong><\/p>\n<ul>\n<li> vurdering og h\u00f8ring af politikker for flytning<\/li>\n<li> Forvaltning af flytning<\/li>\n<li> Gruppens flytninger<\/li>\n<li> Et enkelt kontaktpunkt<\/li>\n<li> Transport af husholdningsartikler<\/li>\n<li> Andre flytningstjenester (herunder tjenester i forbindelse med fast ejendom, realkreditl\u00e5n, boligs\u00f8gning, destinationstjenester)<\/li>\n<\/ul>\n<p><strong>Privat, privat flytning<\/strong><\/p>\n<ul>\n<li> Overslag f\u00f8r flytning<\/li>\n<li> Dedikeret flyttekoordinator<\/li>\n<li> Emballage (p\u00e5 oprindelses- og bestemmelsesstedet)<\/li>\n<li> Pakningsmaterialer<\/li>\n<li> Sporing af forsendelser<\/li>\n<li> Opbevaringstjenester<\/li>\n<li> Flytte- og ejendomsrelaterede tjenester<\/li>\n<\/ul>\n<h2>Suddaths virksomhedsprofil<\/h2>\n<p>Suddath, Suddath Van Lines og Suddath Relocations Systems er en familie af virksomheder, der startede i 1919 i Jacksonville, <a href=\"https:\/\/moverdb.com\/da\/moving-to-the-united-states\/moving-to-florida\/\" data-internallinksmanager029f6b8e52c=\"331\" title=\"Flytning til Florida? 2026 Leveomkostninger og tips til flytning\">Florida<\/a> af Carl Suddath, som startede virksomheden med en varevogn, to muldyr og to rejsebiler for at servicere den nye filmindustri. De har nu kontorer i USA og <a href=\"https:\/\/moverdb.com\/da\/moving-to-canada\/\" data-internallinksmanager029f6b8e52c=\"265\" title=\"Flytte til Canada? 2026 Leveomkostninger og flyttetips\">Canada<\/a> og et stort netv\u00e6rk af agenter i hele verden.<\/p>\n<p>Suddath h\u00e5ndterer over 75.000 flytninger om \u00e5ret, b\u00e5de internationalt og lokalt, for privatpersoner, virksomheder, myndigheder og milit\u00e6ret. <\/p>\n<p>De kan stolt prale af at have nogle af Fortune 500-virksomhederne blandt deres bedste kunder samt den amerikanske regering. Suddath tilbyder en komplet service fra det f\u00f8rste tilbud til udpakning og flytning.<\/p>\n<p>Suddath har f\u00f8lgende akkrediteringer og tilknytninger:<\/p>\n<ul>\n<li> <a href=\"https:\/\/moverdb.com\/da\/fidi-faim\/\">FIDI<\/a><\/li>\n<li> Internationalt netv\u00e6rk for overs\u00f8iske flytninger (OMNI)<\/li>\n<li> <a href=\"https:\/\/moverdb.com\/da\/iam\/\">Den internationale sammenslutning af flyttefirmaer<\/a> (<a href=\"https:\/\/moverdb.com\/da\/iam\/\" data-internallinksmanager029f6b8e52c=\"23\" title=\"International Association of Movers (IAM) Forklaret\">IAM<\/a>)<\/li>\n<li> <a href=\"https:\/\/moverdb.com\/da\/lacma\/\" target=\"_blank\" rel=\"noopener\">Sammenslutningen af internationale flyttefirmaer i Latinamerika og Caribien<\/a> (<a href=\"https:\/\/moverdb.com\/da\/lacma\/\" data-internallinksmanager029f6b8e52c=\"28\" title=\"Sammenslutningen af latinamerikanske og caribiske internationale flyttefirmaer (LACMA)\">LACMA<\/a>)<\/li>\n<li> Pan American International Movers Association (PAIMA)<\/li>\n<li> <a href=\"https:\/\/moverdb.com\/da\/british-association-of-removers\/\" target=\"_blank\" rel=\"noopener\">British Association of Removers<\/a> (<a href=\"https:\/\/moverdb.com\/da\/british-association-of-removers\/\" data-internallinksmanager029f6b8e52c=\"9\" title=\"British Association of Removers (BAR) Forklaret\">BAR<\/a>)<\/li>\n<li> <a href=\"https:\/\/moverdb.com\/da\/medarbejderflytningsrad\/\" target=\"_blank\" rel=\"noopener\">Verdensd\u00e6kkende ERC<\/a><\/li>\n<li> Selskab for Human Resource Management (SHRM)<\/li>\n<li> Partnerskab mellem kunder og handelspartnere mod terrorisme (C-TPAT)<\/li>\n<li> <a href=\"https:\/\/moverdb.com\/da\/iata\/\" target=\"_blank\" rel=\"noopener\">IATA<\/a><\/li>\n<li> Better Business Bureau (BBB)<\/li>\n<li> ISO 9001-2008<\/li>\n<li> Brookfield Global Relocation Services<\/li>\n<li> <a href=\"https:\/\/moverdb.com\/da\/fidi-faim\/\" data-internallinksmanager029f6b8e52c=\"16\" title=\"FIDI &amp; FAIM (FIDI Accredited International Mover) forklaret\">FAIM<\/a> Plus<\/li>\n<li> Certificeret kontorflytning - International Office Moving Institute<\/li>\n<li> <a href=\"https:\/\/moverdb.com\/da\/faelge-promover\/\" target=\"_blank\" rel=\"noopener\">ProMover<\/a><\/li>\n<li> General Services Administration (GSA)<\/li>\n<\/ul>\n<p><strong>Suddath Moving Anmeldelser<\/strong><\/p>\n<p><strong>Positiv:<\/strong><\/p>\n<ul>\n<li> <em>\"De hjalp mig p\u00e5 hvert eneste trin i min flytteproces.\"<\/em> - Alan H via <a href=\"http:\/\/www.yelp.com\/biz\/suddath-relocation-systems-jacksonville-3?hrid=aZPhVuYjTxAl3ImKZTmp1A&#038;utm_campaign=www_review_share_popup&#038;utm_medium=copy_link&#038;utm_source=(direct)\" target=\"_blank\" rel=\"noopener\">Yelp<\/a><\/li>\n<li> <em>\"Suddath gjorde et fremragende stykke arbejde fra start til slut - fra kontakt til unders\u00f8gelse til lastning til losning, og de overholdt tidsplanen. En s\u00e6rlig tak g\u00e5r til de 4 fyre og chauff\u00f8ren, som gjorde det tunge arbejde.\"<\/em> - Wayne Ernest via <a href=\"http:\/\/reviews.birdeye.com\/suddath-relocation-systems-388913888\" target=\"_blank\" rel=\"noopener\">BirdEye<\/a> <\/li>\n<\/ul>\n<p><strong>Negativ:<\/strong><\/p>\n<ul>\n<li> <em>\"Efter flere e-mails tilb\u00f8d de fine folk hos Suddath mig $2.350 for mine manglende genstande til en v\u00e6rdi af $7.500.\" <\/em>Aaron C via <a href=\"http:\/\/www.yelp.com\/biz\/suddath-relocation-systems-jacksonville-3?hrid=NyswOKGKwwPmsuorvGtzew&#038;utm_campaign=www_review_share_popup&#038;utm_medium=copy_link&#038;utm_source=(direct)\" target=\"_blank\" rel=\"noopener\">Yelp<\/a> <\/li>\n<li> \"Jeg har flyttet flere gange i de sidste 15 \u00e5r, og dette var det absolut v\u00e6rste <a href=\"https:\/\/moverdb.com\/da\/moving-companies\/\" data-internallinksmanager029f6b8e52c=\"79\" title=\"Top 25 internationale flyttefirmaer online\">flyttefirma<\/a> jeg nogensinde har haft med at g\u00f8re.\" - Peter Burgess via <a href=\"http:\/\/www.mymovingreviews.com\/movers\/suddath-120#26803\" target=\"_blank\" rel=\"noopener\">MyMovingReviews.com<\/a><\/li>\n<\/ul>\n<div itemprop=\"review\" itemscope itemtype=\"http:\/\/schema.org\/Review\">\n<span itemprop=\"author\" itemscope=\"\" itemtype=\"http:\/\/schema.org\/Organization\"><span itemprop=\"name\">MoverDB.com<\/span><\/span> Online website anmeldelse for <span itemprop=\"itemreviewed\" itemscope=\"\" itemtype=\"http:\/\/schema.org\/Brand\"><span itemprop=\"name\">Suddath<\/span><\/span>:<\/p>\n<ol>\n<li> Tydelige kontaktoplysninger p\u00e5 webstedet (herunder telefonnummer): <strong>Ja<\/strong><\/li>\n<li> Let at f\u00e5 <a href=\"https:\/\/moverdb.com\/da\/citater\/\">citater for international flytning<\/a>? (Formular til anmodning om online overslag): <strong>Ja<\/strong><\/li>\n<li> Klare oplysninger p\u00e5 webstedet: <strong>Delvis<\/strong>, Hjemmesiden indeholder mange sider, men de fleste oplysninger er ret generelle.<\/li>\n<li> Medlemskab af internationalt anerkendte flytteorganisationer: <strong>Ja<\/strong>, mange, se ovenfor<\/li>\n<li> Liste over kunder og\/eller tidligere kundeudtalelser: <strong>Nogle,<\/strong> har casestudier, men ikke detaljerede anmeldelser eller vidnesbyrd.<\/li>\n<\/ol>\n<div itemprop=\"reviewRating\" itemscope itemtype=\"http:\/\/schema.org\/Rating\"><meta itemprop=\"worstRating\" content = \"0\" \/><meta itemprop=\"bestRating\" content=\"5\" \/><meta itemprop=\"ratingValue\" content=\"4\"><\/div>\n<p><strong>Samlet score: 4\/5<\/strong><br \/>\n<strong>Dato for gennemgang:<\/strong> <span itemprop=\"datePublished\" content=\"2016-08-21\">21\/08\/2016<\/span>\n<\/div>\n<p>L\u00e6s mere om <a href=\"https:\/\/moverdb.com\/da\/flyttefirmaer\/\">internationale flyttefirmaer<\/a>, <a href=\"https:\/\/moverdb.com\/da\/us-canada-movers\/\">Nordamerikanske flyttefolk<\/a> og vores <a href=\"https:\/\/moverdb.com\/da\/anmeldelser\/\">gennemgangsproces<\/a>.<\/p>\n<p><strong>Hjemmeside:<\/strong> <a href=\"http:\/\/suddath.com\" target=\"_blank\" rel=\"noopener\">http:\/\/suddath.com<\/a><\/p>","protected":false},"excerpt":{"rendered":"<p>Suddath offers its clients full service moving and storage both internationally and locally. These are listed below, together with a company profile and reviews. International Moving and Storage Shipment of household goods Assigned move counsellor Pre-move kit Customs information and counselling Destination information Storage facilities Valuation or insurance counselling Corporate relocation policy and program management [&hellip;]<\/p>\n","protected":false},"author":1,"featured_media":0,"parent":0,"menu_order":0,"comment_status":"closed","ping_status":"closed","template":"","meta":{"_genesis_hide_title":false,"_genesis_hide_breadcrumbs":false,"_genesis_hide_singular_image":false,"_genesis_hide_footer_widgets":false,"_genesis_custom_body_class":"","_genesis_custom_post_class":"","_genesis_layout":"","footnotes":""},"class_list":{"0":"post-1060","1":"page","2":"type-page","3":"status-publish","5":"entry"},"_links":{"self":[{"href":"https:\/\/moverdb.com\/da\/wp-json\/wp\/v2\/pages\/1060","targetHints":{"allow":["GET"]}}],"collection":[{"href":"https:\/\/moverdb.com\/da\/wp-json\/wp\/v2\/pages"}],"about":[{"href":"https:\/\/moverdb.com\/da\/wp-json\/wp\/v2\/types\/page"}],"author":[{"embeddable":true,"href":"https:\/\/moverdb.com\/da\/wp-json\/wp\/v2\/users\/1"}],"replies":[{"embeddable":true,"href":"https:\/\/moverdb.com\/da\/wp-json\/wp\/v2\/comments?post=1060"}],"version-history":[{"count":6,"href":"https:\/\/moverdb.com\/da\/wp-json\/wp\/v2\/pages\/1060\/revisions"}],"predecessor-version":[{"id":6242,"href":"https:\/\/moverdb.com\/da\/wp-json\/wp\/v2\/pages\/1060\/revisions\/6242"}],"wp:attachment":[{"href":"https:\/\/moverdb.com\/da\/wp-json\/wp\/v2\/media?parent=1060"}],"curies":[{"name":"wp","href":"https:\/\/api.w.org\/{rel}","templated":true}]}}