{"id":1059,"date":"2016-08-21T14:56:28","date_gmt":"2016-08-21T14:56:28","guid":{"rendered":"http:\/\/moverdb.com\/?page_id=1059"},"modified":"2026-01-08T14:47:35","modified_gmt":"2026-01-08T14:47:35","slug":"arpin-van-lines","status":"publish","type":"page","link":"https:\/\/moverdb.com\/da\/arpin-van-lines\/","title":{"rendered":"Arpin Van Lines: Flyttetjenester og anmeldelser"},"content":{"rendered":"<p>Arpin Van Lines er baseret i West Warwick, RI og tilbyder sine kunder en bred vifte af tjenester b\u00e5de internationalt og lokalt. Disse tjenester er anf\u00f8rt nedenfor sammen med en virksomhedsprofil og anmeldelser. Internationale flytninger h\u00e5ndteres ogs\u00e5 af <a href=\"https:\/\/moverdb.com\/da\/arpin-international\/\">Arpin International<\/a>.<\/p>\n<p><strong>Internationale flytninger<\/strong><\/p>\n<ul>\n<li> Multikulturelt og flersproget personale<\/li>\n<li> Dedikeret international flyttekoordinator<\/li>\n<li> Fra d\u00f8r til d\u00f8r<\/li>\n<li> Pakning og udpakning<\/li>\n<li> Demontering og genmontering af m\u00f8bler og\/eller varer<\/li>\n<li> Bistand med told<\/li>\n<li> Gr\u00e6nseoverskridende flytninger - <a href=\"https:\/\/moverdb.com\/da\/moving-to-canada\/\" data-internallinksmanager029f6b8e52c=\"265\" title=\"Flytte til Canada? 2026 Leveomkostninger og flyttetips\">Canada<\/a><\/li>\n<\/ul>\n<p><strong>GSA og milit\u00e6re flytninger<\/strong><\/p>\n<ul>\n<li> Milit\u00e6r<\/li>\n<li> Regering\/GSA<\/li>\n<li> Veteranernes tr\u00e6k<\/li>\n<li> Milit\u00e6r makeover<\/li>\n<\/ul>\n<p><strong>Flytning af husholdninger<\/strong><\/p>\n<ul>\n<li> Lokale flytninger<\/li>\n<li> Langdistanceflytninger<\/li>\n<li> Seniortr\u00e6k<\/li>\n<li> Lille flytning l\u00f8sning<\/li>\n<\/ul>\n<p><strong>Opbevaring<\/strong><\/p>\n<ul>\n<li> P\u00e5 lang sigt<\/li>\n<li> P\u00e5 kort sigt<\/li>\n<li> Nogle klimakontrollerede opbevaringsrum<\/li>\n<li> Opbevaring i containere<\/li>\n<\/ul>\n<h2>Arpin Van Lines virksomhedsprofil<\/h2>\n<p>Arpin Van Lines blev grundlagt i 1900 og har derfor flyttet mennesker og virksomheder i over 100 \u00e5r og er stadig en familieejet virksomhed. <\/p>\n<p>Virksomheden er stolt af at udf\u00f8re n\u00e6sten perfekte eller perfekte lokale, langdistance- og internationale flytninger. Virksomheden har 385 agenturer i <a href=\"https:\/\/moverdb.com\/da\/moving-to-the-united-states\/\" data-internallinksmanager029f6b8e52c=\"94\" title=\"Flytter du til USA? 2022 Leveomkostninger og flyttetips\">USA<\/a> og har indg\u00e5et partnerskaber med de bedste, p\u00e5lidelige bureauer globalt for at levere den kvalitet, som de lover.<\/p>\n<p>Virksomhedens hovedfokus er flytning. De samarbejder med flyttefirmaer i USA og globalt. Arpin Van Lines udf\u00f8rer omkring 14.000 GSA- og milit\u00e6rflytninger om \u00e5ret.<\/p>\n<p>Arpin Van Lines st\u00f8tter Save the Children, Habitat for Humanity og Audubon Society of <a href=\"https:\/\/moverdb.com\/da\/moving-to-the-united-states\/moving-to-rhode-island\/\" data-internallinksmanager029f6b8e52c=\"450\" title=\"Flytter du til Rhode Island? 2024 Leveomkostninger og tips til flytning\">Rhode Island<\/a>. Virksomheden har en streng gr\u00f8n politik, som har f\u00f8rt til, at de har modtaget mange priser, fordi de reducerer deres CO2-fodaftryk.<\/p>\n<p>Arpin Van Lines har f\u00f8lgende akkrediteringer og tilknytninger:<\/p>\n<ul>\n<li> The <a href=\"https:\/\/moverdb.com\/da\/amsa\/\">Amerikansk sammenslutning for flytning og opbevaring<\/a> (<a href=\"https:\/\/moverdb.com\/da\/amsa\/\" data-internallinksmanager029f6b8e52c=\"5\" title=\"American Moving &amp; Storage Association (AMSA) Forklaret\">AMSA<\/a>)<\/li>\n<li> <a href=\"https:\/\/moverdb.com\/da\/medarbejderflytningsrad\/\">Verdensd\u00e6kkende ERC<\/a><\/li>\n<li> National Association of Senior Move Managers (NASMM)<\/li>\n<li> Certificeret <a href=\"https:\/\/moverdb.com\/da\/faelge-promover\/\">ProMover<\/a><\/li>\n<li> Better Business Bureau (BBB) A+<\/li>\n<li> SmartWay Transport Partner<\/li>\n<li> ISSP<\/li>\n<\/ul>\n<h2>Anmeldelser af Arpin Van Lines<\/h2>\n<p><strong>Positiv:<\/strong><\/p>\n<ul>\n<li> <em>\"Jeg er ikke helt sikker p\u00e5, hvorfor der er s\u00e5 mange d\u00e5rlige anmeldelser, men jeg havde p\u00e5 den anden side en fremragende oplevelse! Det kan have v\u00e6ret den lokale samarbejdspartner, der stod for flytningen, eller firmaets omd\u00f8mme. Uanset hvad, s\u00e5 var min oplevelse fantastisk fra start til slut!\"<\/em> - Jay Cee via <a href=\"http:\/\/www.yelp.com\/biz\/arpin-van-lines-west-warwick-2?hrid=OS55XvTTjsx1-lntFW5mvw&#038;utm_campaign=www_review_share_popup&#038;utm_medium=copy_link&#038;utm_source=(direct)\" target=\"_blank\" rel=\"noopener\">Yelp<\/a><\/li>\n<li> \"Jeg m\u00e5 sige, at gutterne fra Arpin Van Lines gjorde et virkelig utroligt stykke arbejde for os. De kom lige til tiden, da de sagde, at de ville komme, og de gjorde hele flytningen s\u00e5 let.\"<\/em>. - Emmanuel P. via <a href=\"https:\/\/www.customerlobby.com\/reviews\/28943\/arpin-van-lines-inc\/review\/877013\" target=\"_blank\" rel=\"noopener\">Kunde Lobby<\/a> <\/li>\n<li> <em>\"Jeg ville bare sige, hvor glad og tilfreds jeg var med flytningen.  Kontoret tjekkede mig og bekymrede sig faktisk om, hvordan det hele gik for mig og min familie.\"<\/em> - Yuriko Sprott via <a href=\"http:\/\/www.mymovingreviews.com\/movers\/arpin-van-lines-664#39723\" target=\"_blank\" rel=\"noopener\">MyMovingReviews.com<\/a> <\/li>\n<\/ul>\n<p><strong>Negativ:<\/strong><\/p>\n<ul>\n<li> \"<em>Vi flyttede fra <a href=\"https:\/\/moverdb.com\/da\/moving-to-the-united-states\/moving-to-illinois\/\" data-internallinksmanager029f6b8e52c=\"401\" title=\"Flytning til Illinois? 2026 Leveomkostninger og tips til flytning\">Illinois<\/a> til Sacramento, og oplevelsen var forf\u00e6rdelig.\" <\/em>John W via <a href=\"http:\/\/www.yelp.com\/biz\/arpin-van-lines-west-warwick-2?hrid=_dchwV9PFPdLsH2-htD5dA&#038;utm_campaign=www_review_share_popup&#038;utm_medium=copy_link&#038;utm_source=(direct)\" target=\"_blank\" rel=\"noopener\">Yelp<\/a><\/li>\n<li> <em>\"Ord kan ikke udtrykke, hvordan jeg h\u00e5ber, at du ikke bruger dette firma. Vi har foretaget 7 flytninger ud af staten p\u00e5 grund af min mands job, og jeg har aldrig v\u00e6ret vidne til en s\u00e5dan inkompetence.\"<\/em> - Marci R. via <a href=\"https:\/\/www.customerlobby.com\/reviews\/28943\/arpin-van-lines-inc\/review\/854697\" target=\"_blank\" rel=\"noopener\">Kunde Lobby<\/a><\/li>\n<li> <em>\"Hvor skal jeg begynde... Det tog 2 uger at f\u00e5 et tilbud, de er i \u00f8jeblikket 3 dage forsinket, og min gravide kone og jeg skal sove p\u00e5 en oppustelig madras med en kuffert, indtil de ankommer.\"<\/em> - Mmonahan via <a href=\"http:\/\/www.mymovingreviews.com\/movers\/arpin-van-lines-664#55388\" target=\"_blank\" rel=\"noopener\">MyMovingReviews.com<\/a> <\/li>\n<\/ul>\n<div itemprop=\"review\" itemscope itemtype=\"http:\/\/schema.org\/Review\">\n<span itemprop=\"author\" itemscope=\"\" itemtype=\"http:\/\/schema.org\/Organization\"><span itemprop=\"name\">MoverDB.com<\/span><\/span> Online website anmeldelse for <span itemprop=\"itemreviewed\" itemscope=\"\" itemtype=\"http:\/\/schema.org\/Brand\"><span itemprop=\"name\">Arpin Van Lines<\/span><\/span>:<\/p>\n<ol>\n<li> Tydelige kontaktoplysninger p\u00e5 webstedet (herunder telefonnummer): <strong>Ja<\/strong><\/li>\n<li> Let at f\u00e5 <a href=\"https:\/\/moverdb.com\/da\/citater\/\">citater for international flytning<\/a>? (Formular til anmodning om online overslag): <strong>Ja<\/strong><\/li>\n<li> Klare oplysninger p\u00e5 webstedet: <strong>Ja,<\/strong> hjemmesiden indeholder vejledninger og videoer.<\/li>\n<li> Medlemskab af internationalt anerkendte flytteorganisationer: <strong>Ja<\/strong>, (se ovenfor)<\/li>\n<li> Liste over kunder og\/eller tidligere kundeudtalelser. <strong>Delvis<\/strong> De oplister kundeudtalelser via Customer Lobby, se ovenfor<\/li>\n<\/ol>\n<div itemprop=\"reviewRating\" itemscope itemtype=\"http:\/\/schema.org\/Rating\"><meta itemprop=\"worstRating\" content = \"0\" \/><meta itemprop=\"bestRating\" content=\"5\" \/><meta itemprop=\"ratingValue\" content=\"4\"><\/div>\n<p><strong>Samlet score: 4\/5<\/strong><br \/>\n<strong>Dato for gennemgang:<\/strong> <span itemprop=\"datePublished\" content=\"2016-08-21\">21\/08\/2016<\/span>\n<\/div>\n<p>L\u00e6s mere om <a href=\"https:\/\/moverdb.com\/da\/flyttefirmaer\/\">internationale flyttefirmaer<\/a>, <a href=\"https:\/\/moverdb.com\/da\/us-canada-movers\/\">Amerikanske flyttefolk<\/a> og vores <a href=\"https:\/\/moverdb.com\/da\/anmeldelser\/\">gennemgangsproces<\/a>.<\/p>\n<p><strong>Hjemmeside:<\/strong> <a href=\"http:\/\/www.arpin.com\" target=\"_blank\" rel=\"noopener\">http:\/\/www.arpin.com<\/a><\/p>","protected":false},"excerpt":{"rendered":"<p>Arpin Van Lines is based in West Warwick, RI and offers its customers a wide range of services both internationally and locally. These services are listed below, together with a company profile and reviews. International moves are also handled by Arpin International. International Moves Multicultural and multilingual staff Dedicated international move coordinator Door to door [&hellip;]<\/p>\n","protected":false},"author":1,"featured_media":0,"parent":0,"menu_order":0,"comment_status":"closed","ping_status":"closed","template":"","meta":{"_genesis_hide_title":false,"_genesis_hide_breadcrumbs":false,"_genesis_hide_singular_image":false,"_genesis_hide_footer_widgets":false,"_genesis_custom_body_class":"","_genesis_custom_post_class":"","_genesis_layout":"","footnotes":""},"class_list":{"0":"post-1059","1":"page","2":"type-page","3":"status-publish","5":"entry"},"_links":{"self":[{"href":"https:\/\/moverdb.com\/da\/wp-json\/wp\/v2\/pages\/1059","targetHints":{"allow":["GET"]}}],"collection":[{"href":"https:\/\/moverdb.com\/da\/wp-json\/wp\/v2\/pages"}],"about":[{"href":"https:\/\/moverdb.com\/da\/wp-json\/wp\/v2\/types\/page"}],"author":[{"embeddable":true,"href":"https:\/\/moverdb.com\/da\/wp-json\/wp\/v2\/users\/1"}],"replies":[{"embeddable":true,"href":"https:\/\/moverdb.com\/da\/wp-json\/wp\/v2\/comments?post=1059"}],"version-history":[{"count":7,"href":"https:\/\/moverdb.com\/da\/wp-json\/wp\/v2\/pages\/1059\/revisions"}],"predecessor-version":[{"id":6176,"href":"https:\/\/moverdb.com\/da\/wp-json\/wp\/v2\/pages\/1059\/revisions\/6176"}],"wp:attachment":[{"href":"https:\/\/moverdb.com\/da\/wp-json\/wp\/v2\/media?parent=1059"}],"curies":[{"name":"wp","href":"https:\/\/api.w.org\/{rel}","templated":true}]}}