{"id":1058,"date":"2016-07-25T21:05:23","date_gmt":"2016-07-25T21:05:23","guid":{"rendered":"http:\/\/moverdb.com\/?page_id=1058"},"modified":"2026-01-08T14:40:09","modified_gmt":"2026-01-08T14:40:09","slug":"mayflower-transit","status":"publish","type":"page","link":"https:\/\/moverdb.com\/da\/mayflower-transit\/","title":{"rendered":"Mayflower Transit: Internationale flytningstjenester og anmeldelser"},"content":{"rendered":"<p>Mayflower Transit tilbyder sine kunder en r\u00e6kke indenlandske og internationale flyttetjenester, som er anf\u00f8rt nedenfor. Der f\u00f8lger ogs\u00e5 en virksomhedsprofil og anmeldelser.<\/p>\n<p><strong>Internationale flyttefirmaer<\/strong><\/p>\n<p>Tjenester forud for tildeling<\/p>\n<ul>\n<li> Visum og indvandringstjenester<\/li>\n<li> Forh\u00e5ndsvisning af turen og orientering om omr\u00e5det<\/li>\n<li> Oplysninger om land og kultur<\/li>\n<\/ul>\n<p>Flyttetjenester<\/p>\n<ul>\n<li> Planl\u00e6gning f\u00f8r flytning<\/li>\n<li> Transport af ejendele<\/li>\n<li> Styring af flytningen<\/li>\n<li> Sporing af forsendelser<\/li>\n<\/ul>\n<p>Internationale destinationstjenester<\/p>\n<ul>\n<li> Kulturel og sproglig uddannelse<\/li>\n<li> Skolebistand<\/li>\n<li> St\u00f8tte fra partner\/\u00e6gtef\u00e6lle<\/li>\n<li> Indk\u00f8ring i tjenesten<\/li>\n<li> Bistand ved afrejse<\/li>\n<\/ul>\n<p>Beskyttelsestjenester<\/p>\n<ul>\n<li> V\u00e6gtmultiplikator<\/li>\n<li> Inventar af h\u00f8j v\u00e6rdi<\/li>\n<li> Opdelt v\u00e6rdifuldt inventar<\/li>\n<\/ul>\n<p>Boligst\u00f8tte<\/p>\n<ul>\n<li> Tjenester til at finde hjem<\/li>\n<li> Midlertidig indkvartering<\/li>\n<li> Forvaltning af ejendomme og lejem\u00e5l<\/li>\n<\/ul>\n<p><strong><a href=\"https:\/\/moverdb.com\/da\/moving-to-canada\/\" data-internallinksmanager029f6b8e52c=\"265\" title=\"Flytte til Canada? 2026 Leveomkostninger og flyttetips\">Flytning til Canada<\/a><\/strong><\/p>\n<ul>\n<li> N\u00f8dvendig dokumentation og regler<\/li>\n<li> Oplysninger om forsendelse af ejendele<\/li>\n<li> Oplysninger om <a href=\"https:\/\/moverdb.com\/da\/biltransport-forsendelse\/\">transport af k\u00f8ret\u00f8jer<\/a><\/li>\n<\/ul>\n<p><strong>Typer af flytninger<\/strong><\/p>\n<ul>\n<li> Husholdningsflyttere - korte og lange afstande<\/li>\n<li> Lokale flyttefirmaer<\/li>\n<li> Virksomhedsflyttere<\/li>\n<li> Milit\u00e6re og statslige flyttefolk<\/li>\n<li> <a href=\"https:\/\/moverdb.com\/da\/flyttefirmaer\/\" target=\"_blank\" rel=\"noopener\">Internationale flyttefirmaer<\/a><\/li>\n<\/ul>\n<p><strong>Flyttetjenester<\/strong><\/p>\n<ul>\n<li> Pakning og udpakning<\/li>\n<li> Flyttebeskyttelse<\/li>\n<li> Biltransport<\/li>\n<li> Opbevaring<\/li>\n<li> Reng\u00f8ringsservice<\/li>\n<li> Indsamling af affald<\/li>\n<li> Installation af hjemmebiografsystem og\/eller computere<\/li>\n<li> Havearbejde<\/li>\n<li> Ejendomstjenester<\/li>\n<\/ul>\n<h2>Mayflower Transit virksomhedsprofil<\/h2>\n<p>Mayflower Transit blev grundlagt i 1927 af Conrad M. Gentry og Don F. Kenworthy i Indianapolis. De stiftende medlemmer \u00f8nskede at give folk et alternativ til at flytte deres ejendele med jernbane. <\/p>\n<p>Ved slutningen af Anden Verdenskrig var virksomheden blevet udvidet og omfattede nu ogs\u00e5 tjenester som flytning af virksomhedens ansatte, flytning og ops\u00e6tning af messer. <\/p>\n<p>I 1995 blev Mayflower Transit medlem af UniGroup, som er en <strong>$1,7 mia.<\/strong> virksomhed, der tilbyder flytning, transport og opbevaring i hele verden. Mayflower Transit tilbyder en bred vifte af tjenester fra g\u00f8r det selv flytning og opbevaring til skr\u00e6ddersyet fuld service. <\/p>\n<p><strong>Mayflower Transit-tilknytninger og akkrediteringer:<\/strong><\/p>\n<ul>\n<li> National kvalitetssikring <a href=\"https:\/\/moverdb.com\/da\/moving-to-the-united-states\/\" data-internallinksmanager029f6b8e52c=\"94\" title=\"Flytter du til USA? 2022 Leveomkostninger og flyttetips\">USA<\/a> (NQA) ISO 9001:2008<\/li>\n<li> <a href=\"https:\/\/moverdb.com\/da\/amsa\/\">Amerikansk sammenslutning for flytning og opbevaring<\/a> (<a href=\"https:\/\/moverdb.com\/da\/amsa\/\" data-internallinksmanager029f6b8e52c=\"5\" title=\"American Moving &amp; Storage Association (AMSA) Forklaret\">AMSA<\/a>) - <a href=\"https:\/\/moverdb.com\/da\/faelge-promover\/\">ProMover<\/a><\/li>\n<\/ul>\n<h2>Mayflower Transit Anmeldelser<\/h2>\n<p><strong>Positiv:<\/strong><\/p>\n<ul>\n<li> \"<em>De m\u00f8dte op til tiden, ankom til vores nye adresse til tiden, og den endelige pris, vi betalte, var n\u00f8jagtigt det, de havde tilbudt os fra starten!! \"<\/em> - Paul I via <a href=\"http:\/\/www.mymovingreviews.com\/movers\/mayflower-movers-181#38117\" target=\"_blank\" rel=\"noopener\">MyMovingReviews.com<\/a> <\/li>\n<li> \"<em>De gjorde et fremragende stykke arbejde for os ved at s\u00e6tte senge op og samle de m\u00f8bler, der skulle skilles ad for at pakke. Min kone og jeg var begge meget tilfredse med den m\u00e5de, vi blev flyttet p\u00e5.\"<\/em> - Jon via <a href=\"https:\/\/www.consumeraffairs.com\/movers\/mayflower.html?page=3\" target=\"_blank\" rel=\"noopener\">Forbrugeranliggender<\/a> <\/li>\n<\/ul>\n<p><strong>Negativ:<\/strong><\/p>\n<ul>\n<li> \"<em>Hvis jeg kunne give 0 stjerner, ville jeg absolut g\u00f8re det.\"<\/em> - Bill M. via <a href=\"http:\/\/www.mymovingreviews.com\/movers\/mayflower-movers-181#41675\" target=\"_blank\" rel=\"noopener\">MyMovingReviews.com<\/a><\/li>\n<li> \"<em>Jeg ville \u00f8nske, at vi havde l\u00e6st anmeldelserne f\u00f8r vores flytning. Oplevelsen var forf\u00e6rdelig fra start til slut\" <\/em> - Alison via <a href=\"https:\/\/www.consumeraffairs.com\/movers\/mayflower.html?page=3\" target=\"_blank\" rel=\"noopener\">Forbrugeranliggender<\/a><\/li>\n<\/ul>\n<div itemprop=\"review\" itemscope itemtype=\"http:\/\/schema.org\/Review\">\n<span itemprop=\"author\" itemscope=\"\" itemtype=\"http:\/\/schema.org\/Organization\"><span itemprop=\"name\">MoverDB.com<\/span><\/span> Online website anmeldelse for <span itemprop=\"itemreviewed\" itemscope=\"\" itemtype=\"http:\/\/schema.org\/Brand\"><span itemprop=\"name\">Mayflower Transit<\/span><\/span>:<\/p>\n<ol>\n<li> Tydelige kontaktoplysninger p\u00e5 webstedet (herunder telefonnummer): <strong>Ja<\/strong><\/li>\n<li> Let at f\u00e5 <a href=\"https:\/\/moverdb.com\/da\/citater\/\">citater for international flytning<\/a>? (Formular til anmodning om online overslag): <strong>Ja<\/strong><\/li>\n<li> Klare oplysninger p\u00e5 webstedet: <strong>Ja.<\/strong> Hjemmesiden indeholder mange oplysninger, og du kan f\u00e5 flere oplysninger, n\u00e5r du beder om et tilbud.<\/li>\n<li> Medlemskab af internationalt anerkendte flytteorganisationer: <strong>Ja<\/strong>, se ovenfor.<\/li>\n<li> Liste over kunder og\/eller tidligere kundeudtalelser: <strong>Ja<\/strong>, der er mange positive kundeanmeldelser p\u00e5 siden.<\/li>\n<\/ol>\n<div itemprop=\"reviewRating\" itemscope itemtype=\"http:\/\/schema.org\/Rating\"><meta itemprop=\"worstRating\" content = \"0\" \/><meta itemprop=\"bestRating\" content=\"5\" \/><meta itemprop=\"ratingValue\" content=\"4.5\"><\/div>\n<p><strong>Samlet score: 4.5\/5<\/strong><br \/>\n<strong>Dato for gennemgang:<\/strong> <span itemprop=\"datePublished\" content=\"2016-07-25\">25\/07\/2016<\/span>\n<\/div>\n<p>L\u00e6s mere om <a href=\"https:\/\/moverdb.com\/da\/flyttefirmaer\/\">internationale flyttefirmaer<\/a>, <a href=\"https:\/\/moverdb.com\/da\/us-canada-movers\/\">Indenlandske flyttefirmaer i USA<\/a> og f\u00e5 mere at vide om vores <a href=\"https:\/\/moverdb.com\/da\/anmeldelser\/\">gennemgangsproces<\/a>.<\/p>\n<p><strong>Hjemmeside:<\/strong> <a href=\"http:\/\/www.mayflower.com\/\" target=\"_blank\" rel=\"noopener\">http:\/\/www.mayflower.com<\/a><\/p>","protected":false},"excerpt":{"rendered":"<p>Mayflower Transit offers its customers a range of domestic and international moving services, which are listed below. There also follows a company profile and reviews. International Movers Pre-assignment Services Visa and immigration services Preview trip and area orientation Country and culture information Moving Services Pre-move planning Transportation of belongings Managing the move Shipment tracking International [&hellip;]<\/p>\n","protected":false},"author":1,"featured_media":0,"parent":0,"menu_order":0,"comment_status":"closed","ping_status":"closed","template":"","meta":{"_genesis_hide_title":false,"_genesis_hide_breadcrumbs":false,"_genesis_hide_singular_image":false,"_genesis_hide_footer_widgets":false,"_genesis_custom_body_class":"","_genesis_custom_post_class":"","_genesis_layout":"","footnotes":""},"class_list":{"0":"post-1058","1":"page","2":"type-page","3":"status-publish","5":"entry"},"_links":{"self":[{"href":"https:\/\/moverdb.com\/da\/wp-json\/wp\/v2\/pages\/1058","targetHints":{"allow":["GET"]}}],"collection":[{"href":"https:\/\/moverdb.com\/da\/wp-json\/wp\/v2\/pages"}],"about":[{"href":"https:\/\/moverdb.com\/da\/wp-json\/wp\/v2\/types\/page"}],"author":[{"embeddable":true,"href":"https:\/\/moverdb.com\/da\/wp-json\/wp\/v2\/users\/1"}],"replies":[{"embeddable":true,"href":"https:\/\/moverdb.com\/da\/wp-json\/wp\/v2\/comments?post=1058"}],"version-history":[{"count":7,"href":"https:\/\/moverdb.com\/da\/wp-json\/wp\/v2\/pages\/1058\/revisions"}],"predecessor-version":[{"id":13174,"href":"https:\/\/moverdb.com\/da\/wp-json\/wp\/v2\/pages\/1058\/revisions\/13174"}],"wp:attachment":[{"href":"https:\/\/moverdb.com\/da\/wp-json\/wp\/v2\/media?parent=1058"}],"curies":[{"name":"wp","href":"https:\/\/api.w.org\/{rel}","templated":true}]}}