{"id":1057,"date":"2016-08-21T14:07:37","date_gmt":"2016-08-21T14:07:37","guid":{"rendered":"http:\/\/moverdb.com\/?page_id=1057"},"modified":"2026-01-08T15:20:46","modified_gmt":"2026-01-08T15:20:46","slug":"stevens-worldwide-van-lines","status":"publish","type":"page","link":"https:\/\/moverdb.com\/da\/stevens-worldwide-van-lines\/","title":{"rendered":"Stevens Worldwide Van Lines: International Moving Reviews"},"content":{"rendered":"<p>Stevens Worldwide Van Lines er baseret i Saginaw MI. Virksomheden tilbyder sine kunder en bred vifte af tjenester, som er anf\u00f8rt nedenfor. Der f\u00f8lger ogs\u00e5 en virksomhedsprofil og anmeldelser.<\/p>\n<p><strong>International flytning<\/strong><\/p>\n<ul>\n<li> Personlig flytning af husholdningen<\/li>\n<li> DOD international flytning<\/li>\n<li> GSA international flytning<\/li>\n<li> Flytning af virksomheder<\/li>\n<li> <a href=\"https:\/\/moverdb.com\/da\/speditor\/\">Spedition af gods<\/a><\/li>\n<li> Fuld d\u00f8r til d\u00f8r-service<\/li>\n<li> Stevens specialister i international flytning i alle lande.<\/li>\n<li> Hj\u00e6lp med at bestemme kundens behov<\/li>\n<li> Forklar alle tilg\u00e6ngelige internationale flytte- og forflytningstjenester, f.eks. pakning, flytning og spedition, <a href=\"https:\/\/moverdb.com\/da\/containerforsendelse\/\">forsendelse<\/a>, opbevaring og forsikring<\/li>\n<li> Beskrive Stevens Internationals opgaver og kundens ansvar f\u00f8r, under og efter en flytning<\/li>\n<li> Giv en <a href=\"https:\/\/moverdb.com\/da\/citater\/\">n\u00f8jagtigt sk\u00f8n<\/a><\/li>\n<li> Planl\u00e6g al logistik i forbindelse med flytningen<\/li>\n<li> Forhandle om den <a href=\"https:\/\/moverdb.com\/da\/flytteudgifter\/\">bedste priser<\/a><\/li>\n<li> f\u00f8re tilsyn med de anvendte transportvirksomheder og agenter og overv\u00e5ge hver fase af flytningen<\/li>\n<li> S\u00f8rg for, at al dokumentation er udfyldt og indsendt korrekt og til tiden<\/li>\n<li> forblive ansvarlig for servicering af forsendelsen i henhold til instruktionerne fra skibskonsulenten eller den overs\u00f8iske agent<\/li>\n<li> Afsendelse af det relevante materiale, arbejdskraft og udstyr<\/li>\n<\/ul>\n<p><strong>Stevens internationale flytningskoordinatorer<\/strong><\/p>\n<ul>\n<li> Har erfaring med international spedition og flytningsbranchen<\/li>\n<li> have flersprogede funktioner<\/li>\n<li> er bekendt med toldregler og andre vigtige oplysninger og kan hj\u00e6lpe med h\u00e5ndtering og behandling af dokumenter<\/li>\n<li> give kontrol med en enkelt tjeneste<\/li>\n<li> yde r\u00e5dgivning f\u00f8r flytning og l\u00f8bende r\u00e5dgivning<\/li>\n<li> Kan hj\u00e6lpe med oplysninger om destinationsland og told<\/li>\n<li> Sikre l\u00f8bende kommunikation og serviceoverv\u00e5gning<\/li>\n<li> f\u00f8lge klart definerede procedurer for tilberedning og h\u00e5ndtering<\/li>\n<li> Udnyttelse af omfattende, hurtig og retf\u00e6rdig praksis for afvikling af erstatningskrav<\/li>\n<\/ul>\n<p><strong>Flytning af husholdninger<\/strong><\/p>\n<ul>\n<li> Lokal flytning<\/li>\n<li> Flytning fra en anden stat<\/li>\n<li> Langdistance flytning<\/li>\n<li> Flytning mellem lande<\/li>\n<li> Flytning p\u00e5 tv\u00e6rs af landet<\/li>\n<li> Programmet for sm\u00e5 flytninger<\/li>\n<li> Pakning og udpakning<\/li>\n<li> Kasser og emballagematerialer leveres<\/li>\n<li> Kort- og langtidsopbevaring tilg\u00e6ngelig<\/li>\n<\/ul>\n<p><strong>Flytning af virksomheder<\/strong><\/p>\n<ul>\n<li> Fuld service til r\u00e5dighed<\/li>\n<li> Dedikeret flytningskonsulent<\/li>\n<li> Flytning af computersystemer<\/li>\n<li> Projektstyring<\/li>\n<li> Kontor- og industriflytninger<\/li>\n<li> Forvaltning\/opbevaring af aktiver<\/li>\n<li> Styring af nationale flytninger<\/li>\n<li> MAC-tjenester<\/li>\n<li> Forvaltning af optegnelser<\/li>\n<li> Flytning af udstyr<\/li>\n<li> Flytning af filer<\/li>\n<li> Flytning af laboratorier<\/li>\n<\/ul>\n<p><strong>Statslige og milit\u00e6re flytninger<\/strong><\/p>\n<p><strong>Flytning af pr\u00e6ster<\/strong><\/p>\n<h2>Stevens Worldwide Van Lines virksomhedsprofil<\/h2>\n<p>Frederick H. Stevens Jr. startede Stevens Worldwide Van Lines i 1905. Han brugte en hest og en tr\u00e6kvogn til at flytte bagage fra <a href=\"https:\/\/moverdb.com\/da\/moving-to-the-united-states\/moving-to-michigan\/\" data-internallinksmanager029f6b8e52c=\"414\" title=\"Flytte til Michigan? 2026 Leveomkostninger og tips til flytning\">Michigan<\/a> Central Passenger Depot i Saginaw. I dag har Stevens 125 agenter fordelt over hele <a href=\"https:\/\/moverdb.com\/da\/moving-to-the-united-states\/\" data-internallinksmanager029f6b8e52c=\"94\" title=\"Flytter du til USA? 2022 Leveomkostninger og flyttetips\">USA<\/a> og en omfattende international afdeling. Virksomheden har fjerde og femte generation af Stevens i ledende stillinger i virksomheden.<\/p>\n<p>Stevens Worldwide Van Lines flytter husstande, virksomheder, statsligt og milit\u00e6rt personale og pr\u00e6ster i USA og i hele verden. Virksomheden har gennemf\u00f8rt mange gr\u00f8nne initiativer for at mindske sit CO2-fodaftryk. Virksomheden st\u00f8tter ogs\u00e5 forskellige velg\u00f8rende organisationer b\u00e5de internationalt og lokalt.<\/p>\n<p>Stevens Worldwide Van Lines har f\u00f8lgende akkrediteringer og tilknytninger:<\/p>\n<ul>\n<li> ISO 9001<\/li>\n<li> <a href=\"https:\/\/moverdb.com\/da\/fidi-faim\/\">FIDI<\/a><\/li>\n<li> <a href=\"https:\/\/moverdb.com\/da\/fidi-faim\/\" data-internallinksmanager029f6b8e52c=\"16\" title=\"FIDI &amp; FAIM (FIDI Accredited International Mover) forklaret\">FAIM<\/a><\/li>\n<li> <a href=\"https:\/\/moverdb.com\/da\/iam\/\">Den internationale sammenslutning af flyttefirmaer<\/a> (<a href=\"https:\/\/moverdb.com\/da\/iam\/\" data-internallinksmanager029f6b8e52c=\"23\" title=\"International Association of Movers (IAM) Forklaret\">IAM<\/a>)<\/li>\n<li> <a href=\"https:\/\/moverdb.com\/da\/lacma\/\">Sammenslutningen af internationale flyttefirmaer i Latinamerika og Caribien<\/a> (<a href=\"https:\/\/moverdb.com\/da\/lacma\/\" data-internallinksmanager029f6b8e52c=\"28\" title=\"Sammenslutningen af latinamerikanske og caribiske internationale flyttefirmaer (LACMA)\">LACMA<\/a>)<\/li>\n<li> <a href=\"https:\/\/moverdb.com\/da\/amsa\/\">Amerikansk sammenslutning for flytning og opbevaring<\/a> (<a href=\"https:\/\/moverdb.com\/da\/amsa\/\" data-internallinksmanager029f6b8e52c=\"5\" title=\"American Moving &amp; Storage Association (AMSA) Forklaret\">AMSA<\/a>) - <a href=\"https:\/\/moverdb.com\/da\/faelge-promover\/\">ProMover<\/a><\/li>\n<li> BBB A+<\/li>\n<\/ul>\n<h2>Stevens Worldwide Van Lines anmeldelser<\/h2>\n<p><strong>Positiv:<\/strong><\/p>\n<ul>\n<li> <em>\"Fra start til slut var vores flytteoplevelse med Stevens enest\u00e5ende!\"<\/em> - Martin via <a href=\"http:\/\/stevensworldwide.com\/testimonials\" target=\"_blank\" rel=\"noopener\">Stevens kundeudtalelser<\/a><\/li>\n<li> \"<em>Vores oplevelse med Stevens Worldwide var i topklasse fra start til slut.\" <\/em> - Michael via <a href=\"http:\/\/www.yelp.com\/biz\/stevens-worldwide-van-lines-saginaw-4?hrid=IQoARxOFSez8PQ9c5gUSmQ&#038;utm_campaign=www_review_share_popup&#038;utm_medium=copy_link&#038;utm_source=(direct)\" target=\"_blank\" rel=\"noopener\">Yelp<\/a><\/li>\n<li> \"<em>Oplevelsen overgik forventningerne. Det var meget vigtigt, at salgstilbuddet var helt i overensstemmelse med den faktiske pris. For det andet var vi overv\u00e6ldet af pakning. Flyttefirmaet bad os fort\u00e6lle dem om vores behov dagen f\u00f8r, og de s\u00f8rgede for arbejdskraft til at f\u00e5 alting gjort. \"<\/em> - Bill Counts via <a href=\"http:\/\/www.mymovingreviews.com\/movers\/stevens-van-lines-825#49902\" target=\"_blank\" rel=\"noopener\">MyMovingReviews.com<\/a><\/li>\n<li> \"<em>Meget venligt personale.\"<\/em> - En Google-bruger via <a href=\"http:\/\/reviews.birdeye.com\/stevens-worldwide-van-lines-951509696\" target=\"_blank\" rel=\"noopener\">BirdEye<\/a> <\/li>\n<\/ul>\n<p><strong>Negativ:<\/strong><\/p>\n<ul>\n<li> <em>\"En stjerne er endda for meget for dem.\"<\/em> - Michael M via <a href=\"http:\/\/www.yelp.com\/biz\/stevens-worldwide-van-lines-saginaw-4?hrid=7erY_4bReACOHR_0idQdUQ&#038;utm_campaign=www_review_share_popup&#038;utm_medium=copy_link&#038;utm_source=(direct)\" target=\"_blank\" rel=\"noopener\">Yelp<\/a><\/li>\n<li> <em>\"Amat\u00f8rchauff\u00f8r med 3 ubrugelige hj\u00e6lpere tog 14 timer om at l\u00e6sse et hus med 2 sovev\u00e6relser og k\u00e6lder.\"<\/em> - Steve via <a href=\"http:\/\/www.mymovingreviews.com\/movers\/stevens-van-lines-825#55538\" target=\"_blank\" rel=\"noopener\">MyMovingReviews.com<\/a> <\/li>\n<li> \"<em>Vi kunne ikke have haft en mere ubehagelig oplevelse.\"<\/em> - Brian Gibson via <a href=\"http:\/\/reviews.birdeye.com\/stevens-worldwide-van-lines-951509696\" target=\"_blank\" rel=\"noopener\">BirdEye<\/a> <\/li>\n<\/ul>\n<div itemprop=\"review\" itemscope itemtype=\"http:\/\/schema.org\/Review\">\n<span itemprop=\"author\" itemscope=\"\" itemtype=\"http:\/\/schema.org\/Organization\"><span itemprop=\"name\">MoverDB.com<\/span><\/span> Online website anmeldelse for <span itemprop=\"itemreviewed\" itemscope=\"\" itemtype=\"http:\/\/schema.org\/Brand\"><span itemprop=\"name\">Stevens Worldwide Van Lines<\/span><\/span>:<\/p>\n<ol>\n<li> Tydelige kontaktoplysninger p\u00e5 webstedet (herunder telefonnummer): <strong>Ja<\/strong><\/li>\n<li> Let at f\u00e5 <a href=\"https:\/\/moverdb.com\/da\/citater\/\">citater for international flytning<\/a>? (Formular til anmodning om online overslag): <strong>Ja<\/strong><\/li>\n<li> Klare oplysninger p\u00e5 webstedet: <strong>Ja,<\/strong> en god m\u00e6ngde oplysninger om, hvad du skal g\u00f8re f\u00f8r din flytning.<\/li>\n<li> Medlemskab af internationalt anerkendte flytteorganisationer: <strong>Ja<\/strong>, mange se ovenfor<\/li>\n<li> Liste over kunder og\/eller tidligere kundeudtalelser. <strong>Ja,<\/strong> Der er mange positive kundeanmeldelser og vidnesbyrd p\u00e5 webstedet.<\/li>\n<\/ol>\n<div itemprop=\"reviewRating\" itemscope itemtype=\"http:\/\/schema.org\/Rating\"><meta itemprop=\"worstRating\" content = \"0\" \/><meta itemprop=\"bestRating\" content=\"5\" \/><meta itemprop=\"ratingValue\" content=\"4.5\"><\/div>\n<p><strong>Samlet score: 4.5\/5<\/strong><br \/>\n<strong>Dato for gennemgang:<\/strong> <span itemprop=\"datePublished\" content=\"2016-08-21\">21\/08\/2016<\/span>\n<\/div>\n<p>L\u00e6s mere om <a href=\"https:\/\/moverdb.com\/da\/flyttefirmaer\/\">internationale flyttefirmaer<\/a>, <a href=\"https:\/\/moverdb.com\/da\/us-canada-movers\/\">Amerikanske flyttefirmaer<\/a> og vores <a href=\"https:\/\/moverdb.com\/da\/anmeldelser\/\">gennemgangsprocessen forklaret<\/a>.<\/p>\n<p><strong>Hjemmeside:<\/strong> <a href=\"http:\/\/stevensworldwide.com\/\" target=\"_blank\" rel=\"noopener\">http:\/\/stevensworldwide.com<\/a><\/p>","protected":false},"excerpt":{"rendered":"<p>Stevens Worldwide Van Lines is based in Saginaw MI. The company offers its customers a wide range of services which are listed below. There also follows a company profile and reviews. International Moving Personal household moving DOD international moving GSA international moving Corporate moving Freight forwarding Full door to door service Stevens International relocation specialists [&hellip;]<\/p>\n","protected":false},"author":1,"featured_media":0,"parent":0,"menu_order":0,"comment_status":"closed","ping_status":"closed","template":"","meta":{"_genesis_hide_title":false,"_genesis_hide_breadcrumbs":false,"_genesis_hide_singular_image":false,"_genesis_hide_footer_widgets":false,"_genesis_custom_body_class":"","_genesis_custom_post_class":"","_genesis_layout":"","footnotes":""},"class_list":{"0":"post-1057","1":"page","2":"type-page","3":"status-publish","5":"entry"},"_links":{"self":[{"href":"https:\/\/moverdb.com\/da\/wp-json\/wp\/v2\/pages\/1057","targetHints":{"allow":["GET"]}}],"collection":[{"href":"https:\/\/moverdb.com\/da\/wp-json\/wp\/v2\/pages"}],"about":[{"href":"https:\/\/moverdb.com\/da\/wp-json\/wp\/v2\/types\/page"}],"author":[{"embeddable":true,"href":"https:\/\/moverdb.com\/da\/wp-json\/wp\/v2\/users\/1"}],"replies":[{"embeddable":true,"href":"https:\/\/moverdb.com\/da\/wp-json\/wp\/v2\/comments?post=1057"}],"version-history":[{"count":7,"href":"https:\/\/moverdb.com\/da\/wp-json\/wp\/v2\/pages\/1057\/revisions"}],"predecessor-version":[{"id":6241,"href":"https:\/\/moverdb.com\/da\/wp-json\/wp\/v2\/pages\/1057\/revisions\/6241"}],"wp:attachment":[{"href":"https:\/\/moverdb.com\/da\/wp-json\/wp\/v2\/media?parent=1057"}],"curies":[{"name":"wp","href":"https:\/\/api.w.org\/{rel}","templated":true}]}}