{"id":1041,"date":"2016-10-25T05:39:31","date_gmt":"2016-10-25T05:39:31","guid":{"rendered":"http:\/\/moverdb.com\/?page_id=1041"},"modified":"2026-01-08T14:47:33","modified_gmt":"2026-01-08T14:47:33","slug":"armstrong-relokalisering","status":"publish","type":"page","link":"https:\/\/moverdb.com\/da\/armstrong-relocation\/","title":{"rendered":"Armstrong flytning: International flytning Anmeldelser"},"content":{"rendered":"<p>Armstrong Relocation tilbyder sine kunder et v\u00e6ld af flyttetjenester. Disse er anf\u00f8rt nedenfor sammen med en virksomhedsprofil og anmeldelser.<\/p>\n<p><strong>Internationale flytningstjenester<\/strong><\/p>\n<ul>\n<li> Planl\u00e6gning f\u00f8r flytning<\/li>\n<li> Personlig flytteadministration og skr\u00e6ddersyet flytteplanl\u00e6gning<\/li>\n<li> Gratis pakke til forberedelse af flytning<\/li>\n<li> Fuldst\u00e6ndig eller delvis indpakning\/udpakning<\/li>\n<li> Kasser og specialemballage<\/li>\n<li> Beskyttelse af ejendom<\/li>\n<li> Luft-, s\u00f8- og\/eller landtransport<\/li>\n<li> Eksport- eller importdokumentation<\/li>\n<li> <a href=\"https:\/\/moverdb.com\/da\/speditor\/\">Spedition af gods<\/a><\/li>\n<li> Toldklarering<\/li>\n<li> Destinationstjenester<\/li>\n<li> Online sporing af flytning<\/li>\n<li> V\u00e6rdians\u00e6ttelsesd\u00e6kning<\/li>\n<li> Skadesforvaltning<\/li>\n<li> Kort- og langtidsopbevaring<\/li>\n<li> Fjernelse af affald<\/li>\n<\/ul>\n<p><strong>Internationale destinationstjenester<\/strong><\/p>\n<ul>\n<li> Orientering<\/li>\n<li> H\u00f8ring f\u00f8r beslutningstagning<\/li>\n<li> Hj\u00e6lp til social sikring og k\u00f8rekort<\/li>\n<li> Hj\u00e6lp til underskrivelse af lejekontrakt<\/li>\n<li> Hj\u00e6lp til indflytningsinspektion<\/li>\n<li> Forh\u00e5ndsvisningsprogram\/tilv\u00e6nningstur<\/li>\n<li> Hj\u00e6lp til k\u00f8b af bolig<\/li>\n<li> Fuld service til at finde et hjem<\/li>\n<li> Eskorteret udlejningstur<\/li>\n<li> Analyse af leveomkostningerne (COLA)<\/li>\n<li> Skolebistand<\/li>\n<li> Hj\u00e6lp til indflytning<\/li>\n<li> Afgangstjenester<\/li>\n<\/ul>\n<p><strong>Flytning af virksomheder<\/strong><\/p>\n<ul>\n<li> R\u00e5dgivning og udvikling af politikker<\/li>\n<li> Styring af flytning af husholdningsartikler<\/li>\n<li> Grupper, der flytter<\/li>\n<li> Engangsbel\u00f8b<\/li>\n<li> Flytning af husholdningsgods<\/li>\n<li> <a href=\"https:\/\/moverdb.com\/da\/containerforsendelse\/\">Full-service containerforsendelse<\/a><\/li>\n<li> Tilpasset rapportering<\/li>\n<li> Online sporing af flytning<\/li>\n<li> V\u00e6rdians\u00e6ttelsesd\u00e6kning<\/li>\n<li> Skadesforvaltning<\/li>\n<li> Kort- og langtidsopbevaring<\/li>\n<li> Kasser og specialemballage<\/li>\n<li> Concierge-tjenester p\u00e5 executive-niveau<\/li>\n<li> Oprydning, oprydning og organisering<\/li>\n<li> Tilslutning af forsyningsvirksomheder<\/li>\n<li> Valg af ejendomsm\u00e6gler og plan for markedsf\u00f8ring af boliger<\/li>\n<li> Tilbagebetaling ved salg og k\u00f8b af bolig<\/li>\n<li> Gratis informationspakke om destination<\/li>\n<li> Midlertidig beboelse<\/li>\n<li> Bistand til realkreditl\u00e5n<\/li>\n<\/ul>\n<p><strong>Flytning af boliger<\/strong><\/p>\n<ul>\n<li> Gratis overslag<\/li>\n<li> Styring og planl\u00e6gning af flytninger<\/li>\n<li> Dedikeret flyttekoordinator<\/li>\n<li> Fuldst\u00e6ndig eller delvis indpakning\/udpakning<\/li>\n<li> Beskyttelse af ejendom<\/li>\n<li> Emballeringsmaterialer<\/li>\n<li> Flytning af husholdningsgods<\/li>\n<li> Forsikringsd\u00e6kning<\/li>\n<li> Kort\/langtidsopbevaring<\/li>\n<li> Kasseringsarbejde<\/li>\n<li> Mulighed for flytning med fuld service<\/li>\n<li> Tilslutningsservice til forsyningsvirksomheder<\/li>\n<li> Planer for salg\/k\u00f8b af fast ejendom med cashback<\/li>\n<li> Iscenes\u00e6ttelse og organisering<\/li>\n<\/ul>\n<p><strong>Flytning af anl\u00e6g<\/strong><\/p>\n<ul>\n<li> Kontor<\/li>\n<li> Industriel<\/li>\n<li> Sundhedsv\u00e6sen<\/li>\n<li> Regeringen<\/li>\n<\/ul>\n<h2>Armstrong Relocation virksomhedsprofil<\/h2>\n<p>Armstrong Transfer and Storage blev grundlagt i 1922, og i 1957 blev det k\u00f8bt af svogrene Clyde Springer og Jim Watson, som begyndte at operere i Memphis, <a href=\"https:\/\/moverdb.com\/da\/moving-to-the-united-states\/moving-to-tennessee\/\" data-internallinksmanager029f6b8e52c=\"406\" title=\"Flytning til Tennessee? 2026 Leveomkostninger og tips til flytning\">Tennessee<\/a> og kaldte virksomheden Armstrong Relocation. I dag er det stadig familiedrevet af tredje generation af disse to herrer. <\/p>\n<p>Armstrong Relocation er i dag den st\u00f8rste godsagent for <a href=\"https:\/\/moverdb.com\/da\/united-van-lines\/\">United Van Lines<\/a> og har 22 kontorer i <a href=\"https:\/\/moverdb.com\/da\/moving-to-the-united-states\/\" data-internallinksmanager029f6b8e52c=\"94\" title=\"Flytter du til USA? 2022 Leveomkostninger og flyttetips\">USA<\/a>, samt en k\u00e6de af agenter over hele verden til at h\u00e5ndtere sine internationale kunder. Armstrong Relocation's mission statement omfatter levering af fremragende kvalitet og kundetilfredshed.<\/p>\n<p>Armstrong Relocation har f\u00f8lgende tilknytninger og akkrediteringer:<\/p>\n<ul>\n<li> <a href=\"https:\/\/moverdb.com\/da\/british-association-of-removers\/\">British Association of Removers<\/a> (<a href=\"https:\/\/moverdb.com\/da\/british-association-of-removers\/\" data-internallinksmanager029f6b8e52c=\"9\" title=\"British Association of Removers (BAR) Forklaret\">BAR<\/a>)<\/li>\n<li> <a href=\"https:\/\/moverdb.com\/da\/fidi-faim\/\">Sammenslutningen af internationale flyttefirmaer<\/a> (<a href=\"https:\/\/moverdb.com\/da\/fidi-faim\/\" data-internallinksmanager029f6b8e52c=\"16\" title=\"FIDI &amp; FAIM (FIDI Accredited International Mover) forklaret\">FIDI<\/a>)<\/li>\n<li> Forum for ledelse af udstationerede<\/li>\n<li> Indirekte lufttransport\u00f8r<\/li>\n<li> <a href=\"https:\/\/moverdb.com\/da\/iata\/\">Den internationale lufttransportforening<\/a> (<a href=\"https:\/\/moverdb.com\/da\/iata\/\" data-internallinksmanager029f6b8e52c=\"22\" title=\"International Air Transport Association (IATA) forklaret\">IATA<\/a>)<\/li>\n<li> <a href=\"https:\/\/moverdb.com\/da\/iam\/\">Den internationale sammenslutning af flyttefirmaer<\/a> (<a href=\"https:\/\/moverdb.com\/da\/iam\/\" data-internallinksmanager029f6b8e52c=\"23\" title=\"International Association of Movers (IAM) Forklaret\">IAM<\/a>)<\/li>\n<li> International Facility Management Association<\/li>\n<li> Den internationale organisation for standardisering<\/li>\n<li> <a href=\"https:\/\/moverdb.com\/da\/lacma\/\">Latinamerika og Caribien International Movers Association<\/a> (<a href=\"https:\/\/moverdb.com\/da\/lacma\/\" data-internallinksmanager029f6b8e52c=\"28\" title=\"Sammenslutningen af latinamerikanske og caribiske internationale flyttefirmaer (LACMA)\">LACMA<\/a>)<\/li>\n<li> Internationalt netv\u00e6rk for overs\u00f8iske flytninger (OMNI)<\/li>\n<li> Overseas Shippers Association (OSA) - stiftende medlem<\/li>\n<li> Selskab for Human Resource Management<\/li>\n<li> USA's told- og gr\u00e6nsekontrolmyndigheder<\/li>\n<li> <a href=\"https:\/\/moverdb.com\/da\/medarbejderflytningsrad\/\">Det verdensomsp\u00e6ndende r\u00e5d for flytning af medarbejdere<\/a><\/li>\n<li> Smartway<\/li>\n<li> <a href=\"https:\/\/moverdb.com\/da\/united-van-lines\/\">United Van Lines<\/a><\/li>\n<\/ul>\n<h2>Anmeldelser af Armstrong-relocation<\/h2>\n<p><strong>Positiv:<\/strong><\/p>\n<ul>\n<li> <em>\"Armstrong-holdet gjorde virkelig flytningen til en behagelig oplevelse!\"<\/em> Kay T via <a href=\"https:\/\/www.yelp.com\/biz\/armstrong-relocation-carrollton-4?hrid=LJyHKGw95UdYmBHHZwyr5Q&#038;utm_campaign=www_review_share_popup&#038;utm_medium=copy_link&#038;utm_source=(direct)\" target=\"_blank\" rel=\"noopener\">Yelp<\/a><\/li>\n<li> <em>\"Jeg kan ikke tro, hvor let min flytning gik. Det var nemt, og jeg havde ingen stress. Erin s\u00f8rgede for, at jeg hele tiden havde alle de oplysninger, jeg havde brug for, og ringede ofte for at tjekke ind. Hvis jeg nogensinde kommer i en situation, hvor jeg skal flytte igen, vil jeg helt sikkert bruge Armstrong Relation til at f\u00e5 mig dertil!\"<\/em> - Bfunte via <a href=\"http:\/\/www.mymovingreviews.com\/movers\/armstrong-relocation-2671#50688\" target=\"_blank\" rel=\"noopener\">MyMovingReviews.com<\/a> <\/li>\n<li> <em>\"Vores Armstrong-team var fremragende! De leverede en fremragende kundeservice og var venlige, hj\u00e6lpsomme, velorganiserede, effektive og professionelle. De var det bedste flyttehold, vi nogensinde har haft!\"<\/em> - M.M. kundeudtalelse fra Armstrong Website<\/li>\n<\/ul>\n<p><strong>Negativ:<\/strong><\/p>\n<ul>\n<li> \"<em>Jeg ville \u00f8nske, at jeg kunne give dem nul stjerner. Det var den v\u00e6rste oplevelse i mit liv.\"<\/em> Natalie M via <a href=\"https:\/\/www.yelp.com\/biz\/armstrong-relocation-carrollton-4?hrid=caooXxcr-ZmkltnMtL6R_g&#038;utm_campaign=www_review_share_popup&#038;utm_medium=copy_link&#038;utm_source=(direct)\" target=\"_blank\" rel=\"noopener\">Yelp<\/a><\/li>\n<li> <em>\"Jeg tror, at Armstrong kan v\u00e6re et fornuftigt valg, hvis det drejer sig om en lokal flytning. Men ved l\u00e6ngere flytninger skal de v\u00e6re bedre til at vurdere leveringsvinduet og kommunikere med agenten i leveringssiden.\"<\/em> - via <a href=\"http:\/\/www.bbb.org\/chicago\/business-reviews\/movers\/armstrong-relocation-co-in-glendale-hts-il-12008868\/customer-reviews\" target=\"_blank\" rel=\"noopener\">BBB<\/a><\/li>\n<li> <em>\"Jeg er s\u00e5 vred p\u00e5 dem. De pakkede alle mine ting ud, som jeg havde p\u00e5 loftet. Hvilket er fint, for jeg vil ikke have det \u00f8delagt. Men alt var blandet sammen.\"<\/em> - Mistie via <a href=\"https:\/\/www.facebook.com\/ArmstrongRelocationDallas\/reviews\/\" target=\"_blank\" rel=\"noopener\">Facebook<\/a><\/li>\n<\/ul>\n<div itemprop=\"review\" itemscope itemtype=\"http:\/\/schema.org\/Review\">\n<span itemprop=\"author\" itemscope=\"\" itemtype=\"http:\/\/schema.org\/Organization\"><span itemprop=\"name\">MoverDB.com<\/span><\/span> Online website anmeldelse for <span itemprop=\"itemreviewed\" itemscope=\"\" itemtype=\"http:\/\/schema.org\/Brand\"><span itemprop=\"name\">Armstrong flytning<\/span><\/span>:<\/p>\n<ol>\n<li> Tydelige kontaktoplysninger p\u00e5 webstedet (herunder telefonnummer): <strong>Ja<\/strong><\/li>\n<li> Let at f\u00e5 <a href=\"https:\/\/moverdb.com\/da\/citater\/\">citater for international flytning<\/a>? (Formular til anmodning om online overslag): <strong>Ja<\/strong><\/li>\n<li> Klare oplysninger p\u00e5 webstedet: <strong>Ja<\/strong>, Hjemmesiden giver kunderne en god id\u00e9 om, hvad de kan forvente af virksomheden.<\/li>\n<li> Medlemskab af internationalt anerkendte flytteorganisationer: <strong>Ja<\/strong>, mange, se ovenfor<\/li>\n<li> Liste over kunder og\/eller tidligere kundeudtalelser: <strong>Ja<\/strong>, men de findes spredt rundt omkring p\u00e5 webstedet og ikke p\u00e5 en s\u00e6rlig landingsside. Desuden er deres anmeldelser fra hele nettet lidt blandede.<\/li>\n<\/ol>\n<div itemprop=\"reviewRating\" itemscope itemtype=\"http:\/\/schema.org\/Rating\"><meta itemprop=\"worstRating\" content = \"0\" \/><meta itemprop=\"bestRating\" content=\"5\" \/><meta itemprop=\"ratingValue\" content=\"4\"><\/div>\n<p><strong>Samlet score: 4\/5<\/strong><br \/>\n<strong>Dato for gennemgang:<\/strong> <span itemprop=\"datePublished\" content=\"2016-10-25\">25\/10\/2016<\/span>\n<\/div>\n<p>L\u00e6s mere om <a href=\"https:\/\/moverdb.com\/da\/flyttefirmaer\/\">internationale flyttefirmaer<\/a>, <a href=\"https:\/\/moverdb.com\/da\/us-canada-movers\/\">Langdistance- og mellemstatslige flyttefirmaer<\/a> og vores <a href=\"https:\/\/moverdb.com\/da\/anmeldelser\/\">gennemgangsproces<\/a>.<\/p>\n<p><strong>Hjemmeside:<\/strong> <a href=\"http:\/\/www.armstrongrelocation.com\" target=\"_blank\" rel=\"noopener\">http:\/\/www.armstrongrelocation.com<\/a><\/p>","protected":false},"excerpt":{"rendered":"<p>Armstrong Relocation has an abundance of moving services which it offers its customers. These are listed below together with a company profile and reviews. International Moving Services Pre-move planning Personal move management and custom-designed move planning Free move preparation packet Full or partial packing\/unpacking Crating and specialty packing Property protection Air, ocean and\/or land transportation [&hellip;]<\/p>\n","protected":false},"author":1,"featured_media":0,"parent":0,"menu_order":0,"comment_status":"closed","ping_status":"closed","template":"","meta":{"_genesis_hide_title":false,"_genesis_hide_breadcrumbs":false,"_genesis_hide_singular_image":false,"_genesis_hide_footer_widgets":false,"_genesis_custom_body_class":"","_genesis_custom_post_class":"","_genesis_layout":"","footnotes":""},"class_list":{"0":"post-1041","1":"page","2":"type-page","3":"status-publish","5":"entry"},"_links":{"self":[{"href":"https:\/\/moverdb.com\/da\/wp-json\/wp\/v2\/pages\/1041","targetHints":{"allow":["GET"]}}],"collection":[{"href":"https:\/\/moverdb.com\/da\/wp-json\/wp\/v2\/pages"}],"about":[{"href":"https:\/\/moverdb.com\/da\/wp-json\/wp\/v2\/types\/page"}],"author":[{"embeddable":true,"href":"https:\/\/moverdb.com\/da\/wp-json\/wp\/v2\/users\/1"}],"replies":[{"embeddable":true,"href":"https:\/\/moverdb.com\/da\/wp-json\/wp\/v2\/comments?post=1041"}],"version-history":[{"count":3,"href":"https:\/\/moverdb.com\/da\/wp-json\/wp\/v2\/pages\/1041\/revisions"}],"predecessor-version":[{"id":6174,"href":"https:\/\/moverdb.com\/da\/wp-json\/wp\/v2\/pages\/1041\/revisions\/6174"}],"wp:attachment":[{"href":"https:\/\/moverdb.com\/da\/wp-json\/wp\/v2\/media?parent=1041"}],"curies":[{"name":"wp","href":"https:\/\/api.w.org\/{rel}","templated":true}]}}