{"id":1040,"date":"2016-11-21T22:14:01","date_gmt":"2016-11-21T22:14:01","guid":{"rendered":"http:\/\/moverdb.com\/?page_id=1040"},"modified":"2026-01-08T14:40:11","modified_gmt":"2026-01-08T14:40:11","slug":"mccollisters-moving","status":"publish","type":"page","link":"https:\/\/moverdb.com\/da\/mccollisters-moving\/","title":{"rendered":"McCollister's Transportation Group: International Moving Reviews"},"content":{"rendered":"<p>McCollister's Transportation Group er en agent for UniGroup. Virksomheden tilbyder sine kunder mange flyttetjenester, som er anf\u00f8rt nedenfor sammen med en virksomhedsprofil og anmeldelser.<\/p>\n<p><strong>Internationale flytninger<\/strong><\/p>\n<ul>\n<li> Dedikeret logistikkoordinator<\/li>\n<li> D\u00f8r-til-d\u00f8r-service<\/li>\n<li> Fuld service<\/li>\n<li> Air ride van service<\/li>\n<li> Luft- og s\u00f8transport<\/li>\n<li> Opbevaring p\u00e5 kort og lang sigt<\/li>\n<\/ul>\n<p><strong>Kommercielle flytninger<\/strong><\/p>\n<ul>\n<li> Flytning af kontor\/faciliteter<\/li>\n<li> Flytning af datacentre og IT-tjenester<\/li>\n<li> Operationer i det indre rum<\/li>\n<li> Systemm\u00f8bler<\/li>\n<li> Kommerciel oplagring<\/li>\n<li> Opbevaring p\u00e5 kort og lang sigt<\/li>\n<\/ul>\n<p><strong>Flytning af husholdninger<\/strong><\/p>\n<ul>\n<li> Flytning af boliger<\/li>\n<li> Milit\u00e6re tr\u00e6k<\/li>\n<li> DIY-tiltag<\/li>\n<li> UPASS til studerende<\/li>\n<li> Flytning af virksomheder<\/li>\n<li> Fuld service<\/li>\n<li> D\u00f8r-til-d\u00f8r<\/li>\n<li> Opbevaring p\u00e5 kort og lang sigt<\/li>\n<\/ul>\n<p><strong>Transport af specialiteter<\/strong><\/p>\n<ul>\n<li> Flytning af medicinsk udstyr<\/li>\n<li> Transport i frosne\/krysogene omgivelser<\/li>\n<li> Kunst og antikviteter<\/li>\n<li> Messer<\/li>\n<li> Solenergiindustrien<\/li>\n<li> Hvid handske\/polstret varevogn<\/li>\n<li> Klima kontrolleret<\/li>\n<li> Milit\u00e6r transport<\/li>\n<li> Biltransport<\/li>\n<li> Underholdning<\/li>\n<\/ul>\n<h2>McCollister's Transportation Group Virksomhedsprofil<\/h2>\n<p>McCollister's Transportation Group blev grundlagt i 1945 af H. Daniel McCollister. McCollister's er en privat virksomhed og er agent for UniGroup Inc. som omfatter <a href=\"https:\/\/moverdb.com\/da\/united-van-lines\/\">United Van Lines<\/a> og <a href=\"https:\/\/moverdb.com\/da\/mayflower-transit\/\">Mayflower Transit<\/a>. <\/p>\n<p>Med hovedkvarter i Burlington, <a href=\"https:\/\/moverdb.com\/da\/moving-to-the-united-states\/moving-to-new-jersey\/\" data-internallinksmanager029f6b8e52c=\"417\" title=\"Flytter du til New Jersey? 2026 Leveomkostninger og tips til flytning\">New Jersey<\/a>Virksomheden har over 1.000 fuldtidsansatte og opererer med over 1.000 k\u00f8ret\u00f8jer og flytteudstyr.<\/p>\n<p>McCollister's har tre hovedafdelinger - flytning af medarbejdere, kommercielle tjenester og logistik af produkter af h\u00f8j v\u00e6rdi. Virksomheden anf\u00f8rer, at dens succes skyldes <em>\"fleksible l\u00f8sninger, kvalitetsservice, sikkerhed, effektivitet og hurtighed.\"<\/em> <\/p>\n<p>McCollister's Transportation Group har f\u00f8lgende akkrediteringer og tilknytninger:<\/p>\n<ul>\n<li> <a href=\"https:\/\/moverdb.com\/da\/iam\/\">Den internationale sammenslutning af flyttefirmaer<\/a> (<a href=\"https:\/\/moverdb.com\/da\/iam\/\" data-internallinksmanager029f6b8e52c=\"23\" title=\"International Association of Movers (IAM) Forklaret\">IAM<\/a>)<\/li>\n<li> <a href=\"https:\/\/moverdb.com\/da\/amsa\/\">AMSA<\/a><\/li>\n<li> C-TPAT-certificeret transport\u00f8r<\/li>\n<li> <a href=\"https:\/\/moverdb.com\/da\/faelge-promover\/\">Certificeret ProMover<\/a><\/li>\n<li> <a href=\"https:\/\/moverdb.com\/da\/medarbejderflytningsrad\/\">R\u00e5det for flytning af medarbejdere<\/a><\/li>\n<li> <a href=\"https:\/\/moverdb.com\/da\/moving-to-the-united-states\/\" data-internallinksmanager029f6b8e52c=\"94\" title=\"Flytter du til USA? 2022 Leveomkostninger og flyttetips\">USA<\/a> Milj\u00f8beskyttelsesagenturet - SmartWay<\/li>\n<li> New Jersey Warehouseman and Movers Association<\/li>\n<li> Better Business Bureau (BBB)<\/li>\n<\/ul>\n<h2>McCollister's Transportation Group Anmeldelser<\/h2>\n<p><strong>Positiv:<\/strong><\/p>\n<ul>\n<li> <em>\"Alt i alt var jeg meget tilfreds med oplevelsen, selv med de mindre hikke, og den m\u00e5de, problemerne blev l\u00f8st p\u00e5, viser, at de er et virkelig professionelt firma.\"<\/em> - Sherif via <a href=\"https:\/\/www.yelp.com\/biz\/mccollisters-transportation-group-burlington?hrid=DrSyWKiICkF8QIFDonWtLQ&#038;utm_campaign=www_review_share_popup&#038;utm_medium=copy_link&#038;utm_source=(direct)\" target=\"_blank\" rel=\"noopener\">Yelp<\/a>.<\/li>\n<li> <em>\"Fantastisk oplevelse fra det f\u00f8rste telefonopkald til den sidste kasse blev afleveret. Vil varmt anbefale!\"<\/em> - Sharon via <a href=\"https:\/\/www.facebook.com\/pg\/McCollisters\/reviews\/\" target=\"_blank\" rel=\"noopener\">Facebook<\/a><\/li>\n<\/ul>\n<p><strong>Negativ:<\/strong><\/p>\n<ul>\n<li> <em>\"Denne anmeldelse ville have f\u00e5et 5 stjerner, hvis ikke en af deres medarbejdere havde stj\u00e5let fra mig og min familie.\"<\/em> - Mike via <a href=\"https:\/\/www.bbb.org\/new-jersey\/business-reviews\/movers\/mccollister-s-transportation-in-burlington-nj-80001208\/reviews-and-complaints\" target=\"_blank\" rel=\"noopener\">BBB<\/a><\/li>\n<li> <em>\"Jeg plejer ikke at skrive p\u00e5 dette websted, men jeg havde en HORRIEL oplevelse med dette firma.\"<\/em> - BK via <a href=\"http:\/\/www.mymovingreviews.com\/movers\/mccollister-s-5188#48089\" target=\"_blank\" rel=\"noopener\">MyMovingReviews<\/a><\/li>\n<\/ul>\n<div itemprop=\"review\" itemscope itemtype=\"http:\/\/schema.org\/Review\">\n<span itemprop=\"author\" itemscope=\"\" itemtype=\"http:\/\/schema.org\/Organization\"><span itemprop=\"name\">MoverDB.com<\/span><\/span> Online website anmeldelse for <span itemprop=\"itemreviewed\" itemscope=\"\" itemtype=\"http:\/\/schema.org\/Brand\"><span itemprop=\"name\">McCollister's Transportation Group<\/span><\/span>:<\/p>\n<ol>\n<li> Tydelige kontaktoplysninger p\u00e5 webstedet (herunder telefonnummer): <strong>Ja<\/strong><\/li>\n<li> Let at f\u00e5 <a href=\"https:\/\/moverdb.com\/da\/citater\/\">citater for international flytning<\/a>? (Formular til anmodning om online overslag): <strong>Ja<\/strong><\/li>\n<li> Klare oplysninger p\u00e5 webstedet: <strong>Nogle<\/strong> Hjemmesiden indeholder ikke mange detaljerede oplysninger.<\/li>\n<li> Medlemskab af internationalt anerkendte flytteorganisationer: <strong>Ja<\/strong>, se ovenfor.<\/li>\n<li> Liste over kunder og\/eller tidligere kundeudtalelser: <strong>Nej<\/strong>, selv om de har en Facebook-side med nogle anmeldelser. Anmeldelser fra resten af internettet er noget blandede, men mere positive end negative.<\/li>\n<\/ol>\n<div itemprop=\"reviewRating\" itemscope itemtype=\"http:\/\/schema.org\/Rating\"><meta itemprop=\"worstRating\" content = \"0\" \/><meta itemprop=\"bestRating\" content=\"5\" \/><meta itemprop=\"ratingValue\" content=\"3.5\"><\/div>\n<p><strong>Samlet score: 3.5\/5<\/strong><br \/>\n<strong>Dato for gennemgang:<\/strong> <span itemprop=\"datePublished\" content=\"2016-11-21\">21\/11\/2016<\/span>\n<\/div>\n<p>L\u00e6s mere om <a href=\"https:\/\/moverdb.com\/da\/flyttefirmaer\/\">de bedste internationale flyttefirmaer<\/a>, <a href=\"https:\/\/moverdb.com\/da\/us-canada-movers\/\">Amerikanske flyttefolk<\/a> og vores <a href=\"https:\/\/moverdb.com\/da\/anmeldelser\/\">gennemgangsproces<\/a>.<\/p>\n<p><strong>Hjemmeside:<\/strong> <a href=\"https:\/\/www.mccollisters.com\/\" target=\"_blank\" rel=\"noopener\">https:\/\/www.mccollisters.com\/<\/a><\/p>","protected":false},"excerpt":{"rendered":"<p>McCollister&#8217;s Transportation Group is an agent of the UniGroup. The company offers its clients many moving services which are listed below, together with a company profile and reviews. International Moves Dedicated logistics coordinator Door-to-door service Full service Air ride van service Air and sea freight Short and long term storage Commercial Moves Office\/facility relocation Data [&hellip;]<\/p>\n","protected":false},"author":1,"featured_media":0,"parent":0,"menu_order":0,"comment_status":"closed","ping_status":"closed","template":"","meta":{"_genesis_hide_title":false,"_genesis_hide_breadcrumbs":false,"_genesis_hide_singular_image":false,"_genesis_hide_footer_widgets":false,"_genesis_custom_body_class":"","_genesis_custom_post_class":"","_genesis_layout":"","footnotes":""},"class_list":{"0":"post-1040","1":"page","2":"type-page","3":"status-publish","5":"entry"},"_links":{"self":[{"href":"https:\/\/moverdb.com\/da\/wp-json\/wp\/v2\/pages\/1040","targetHints":{"allow":["GET"]}}],"collection":[{"href":"https:\/\/moverdb.com\/da\/wp-json\/wp\/v2\/pages"}],"about":[{"href":"https:\/\/moverdb.com\/da\/wp-json\/wp\/v2\/types\/page"}],"author":[{"embeddable":true,"href":"https:\/\/moverdb.com\/da\/wp-json\/wp\/v2\/users\/1"}],"replies":[{"embeddable":true,"href":"https:\/\/moverdb.com\/da\/wp-json\/wp\/v2\/comments?post=1040"}],"version-history":[{"count":7,"href":"https:\/\/moverdb.com\/da\/wp-json\/wp\/v2\/pages\/1040\/revisions"}],"predecessor-version":[{"id":13175,"href":"https:\/\/moverdb.com\/da\/wp-json\/wp\/v2\/pages\/1040\/revisions\/13175"}],"wp:attachment":[{"href":"https:\/\/moverdb.com\/da\/wp-json\/wp\/v2\/media?parent=1040"}],"curies":[{"name":"wp","href":"https:\/\/api.w.org\/{rel}","templated":true}]}}