{"id":1037,"date":"2016-11-21T06:45:07","date_gmt":"2016-11-21T06:45:07","guid":{"rendered":"http:\/\/moverdb.com\/?page_id=1037"},"modified":"2026-01-08T14:47:47","modified_gmt":"2026-01-08T14:47:47","slug":"berger-allierede","status":"publish","type":"page","link":"https:\/\/moverdb.com\/da\/berger-allied\/","title":{"rendered":"Berger Allied (overf\u00f8rsel og oplagring): International Flytning Anmeldelser"},"content":{"rendered":"<p>Berger Allied (officielt Berger Transfer &amp; Storage) er baseret i St. Paul, MN. Det tilbyder sine kunder en r\u00e6kke flyttetjenester, som er anf\u00f8rt nedenfor sammen med en virksomhedsprofil og anmeldelser.<\/p>\n<p><strong>International flytning<\/strong><\/p>\n<ul>\n<li> Forberedelse af flytning<\/li>\n<li> H\u00f8ring og unders\u00f8gelse<\/li>\n<li> Dokumentation<\/li>\n<li> Overvejelser om sikkerhed<\/li>\n<li> Pakning og lastning<\/li>\n<li> Live indl\u00e6ser dine varer direkte i en skibscontainer<\/li>\n<li> Toldklarering<\/li>\n<li> Levering og udpakning<\/li>\n<\/ul>\n<p><strong>Flytning af boliger<\/strong><\/p>\n<ul>\n<li> Planl\u00e6gning af flytning<\/li>\n<li> Langdistance flytning<\/li>\n<li> Full-service pakning<\/li>\n<li> Selvpakkende<\/li>\n<li> <a href=\"https:\/\/moverdb.com\/da\/biltransport-forsendelse\/\">K\u00f8ret\u00f8j<\/a>, b\u00e5d- og motorcykeltransport<\/li>\n<li> Montering\/demontering<\/li>\n<li> Genindkobling\/afkobling af apparater<\/li>\n<li> Udpakning og fjernelse af affald<\/li>\n<li> Online sporing af forsendelser<\/li>\n<li> Flyttetjenester for seniorer<\/li>\n<\/ul>\n<p><strong>Flytning af virksomheder<\/strong><\/p>\n<ul>\n<li> Konsulenter i forbindelse med flytning<\/li>\n<li> Relocation-program, der passer til din virksomheds unikke kultur, politikker og budgetm\u00e5l.<\/li>\n<li> Dedikerede flyttekoordinatorer <\/li>\n<\/ul>\n<p><strong>Kommercielle flytningstjenester<\/strong><\/p>\n<ul>\n<li> Flytning af kontorer<\/li>\n<li> Opbevaring af optegnelser<\/li>\n<li> Oplagring<\/li>\n<li> Specialiseret transport<\/li>\n<li> Forvaltning af aktiver<\/li>\n<li> CAD-rumplanl\u00e6gning<\/li>\n<li> Projektledelse p\u00e5 stedet<\/li>\n<\/ul>\n<h2>Berger Allied virksomhedsprofil<\/h2>\n<p>Berger Transfer and Storage har eksisteret siden 1910. De arbejder med privatpersoner, virksomheder og offentlige myndigheder. De mener, at deres st\u00f8rste styrke er deres fokus p\u00e5 kvalitetskundeservice.<\/p>\n<p>De har en fl\u00e5de p\u00e5 mere end 600 varevogne og lastbiler og koordinerer omkring 24.000 familieflytninger om \u00e5ret. De hj\u00e6lper ogs\u00e5 med at rejse midler til United Way, Junior Achievements, Boy Scouts and Girl Scouts of America, March of Dimes, Special Olympics og Move For Hunger.<\/p>\n<p>Berger Transfer and Storage har f\u00f8lgende akkrediteringer og tilknytninger:<\/p>\n<ul>\n<li> <a href=\"https:\/\/moverdb.com\/da\/amsa\/\">AMSA<\/a><\/li>\n<li> AHFA<\/li>\n<li> <a href=\"https:\/\/moverdb.com\/da\/iam\/\">IAM<\/a><\/li>\n<li> ATA<\/li>\n<li> <a href=\"https:\/\/moverdb.com\/da\/faelge-promover\/\">Promover<\/a><\/li>\n<li> <a href=\"https:\/\/moverdb.com\/da\/medarbejderflytningsrad\/\">Verdensd\u00e6kkende ERC<\/a><\/li>\n<li> PSA<\/li>\n<li> Bev\u00e6g dig for sult<\/li>\n<li> BBB-akkrediteret virksomhed<\/li>\n<\/ul>\n<h2>Berger Allied (overf\u00f8rsel og opbevaring) Anmeldelser<\/h2>\n<p><strong>Positiv:<\/strong><\/p>\n<ul>\n<li> <em>\"Vores oplevelse med Berger Allied var s\u00e5 god som den kan blive!\"<\/em> - Paul M via <a href=\"https:\/\/www.yelp.com\/biz\/berger-allied-van-lines-austin?hrid=r3MbhX4j_6c1VOPPSbKe_g&#038;utm_campaign=www_review_share_popup&#038;utm_medium=copy_link&#038;utm_source=(direct)\" target=\"_blank\" rel=\"noopener\">Yelp<\/a> <\/li>\n<li> <em>\"Berger-teamet i Las Vegas er simpelthen fantastisk. De er ikke kun kompetente og im\u00f8dekommende, men deres kundeservice er muligvis den bedste, jeg nogensinde har m\u00f8dt.\"<\/em> - Viki via <a href=\"https:\/\/www.facebook.com\/pg\/bergermoving\/reviews\/\" target=\"_blank\" rel=\"noopener\">Facebook<\/a><\/li>\n<li> <em>\"De m\u00f8dte op til tiden. De pakkede alle m\u00f8blerne ind i puder og tog sig ekstra tid til at sikre, at alt blev gjort rigtigt. De tog sig tid til at s\u00f8rge for, at ingen v\u00e6gge blev beskadiget.\"<\/em> - Daniel via <a href=\"http:\/\/www.movingcompanyreviews.com\/MN\/St-Paul\/berger-transfer-storage-60973\" target=\"_blank\" rel=\"noopener\">FlyttefirmaReviews.com<\/a><\/li>\n<\/ul>\n<p><strong>Negativ:<\/strong><\/p>\n<ul>\n<li> <em>\"Efter anbefaling hyrede jeg Berger til en flytning fra <a href=\"https:\/\/moverdb.com\/da\/moving-to-the-united-states\/moving-to-minnesota\/\" data-internallinksmanager029f6b8e52c=\"443\" title=\"Flytning til Minnesota? 2026 Leveomkostninger og tips til flytning\">Minnesota<\/a> til <a href=\"https:\/\/moverdb.com\/da\/moving-to-the-united-states\/moving-to-california\/\" data-internallinksmanager029f6b8e52c=\"330\" title=\"Flytning til Californien? 2026 Leveomkostninger og tips til flytning\">Californien<\/a>. Jeg havde ops\u00f8gt andre virksomheder og tilbud, men valgte desv\u00e6rre Berger p\u00e5 grund af den person, der udf\u00e6rdigede tilbuddet.\"<\/em> - Via <a href=\"https:\/\/www.bbb.org\/minnesota\/business-reviews\/movers\/berger-transfer-storage-inc-in-saint-paul-mn-103\/reviews-and-complaints\" target=\"_blank\" rel=\"noopener\">BBB wesbite<\/a><\/li>\n<li> <em>\"V\u00e6rste kundeservice nogensinde. Efter seks m\u00e5neder med ukorrekt fakturering og utallige e-mails og telefonopkald for at fors\u00f8ge at l\u00f8se problemet fik jeg at vide, at mine varer bliver sat p\u00e5 auktion.\"<\/em> - Kyle vi <a href=\"https:\/\/www.facebook.com\/pg\/bergermoving\/reviews\/\" target=\"_blank\" rel=\"noopener\">Facebook<\/a><\/li>\n<\/li>.\n<li> <em>\"Berger Allied Van Lines gjorde det v\u00e6rste arbejde med pakning, flytning og opbevaring for <a href=\"https:\/\/moverdb.com\/da\/moving-to-the-united-states\/\" data-internallinksmanager029f6b8e52c=\"94\" title=\"Flytter du til USA? 2022 Leveomkostninger og flyttetips\">os<\/a>.\"<\/em> - Letty via <a href=\"https:\/\/www.yelp.com\/biz\/berger-allied-van-lines-austin?hrid=AMtotqlDmWIUelyZT7YKAw&#038;utm_campaign=www_review_share_popup&#038;utm_medium=copy_link&#038;utm_source=(direct)\" target=\"_blank\" rel=\"noopener\">Yelp<\/a><\/li>\n<\/ul>\n<div itemprop=\"review\" itemscope itemtype=\"http:\/\/schema.org\/Review\">\n<span itemprop=\"author\" itemscope=\"\" itemtype=\"http:\/\/schema.org\/Organization\"><span itemprop=\"name\">MoverDB.com<\/span><\/span> Online website anmeldelse for <span itemprop=\"itemreviewed\" itemscope=\"\" itemtype=\"http:\/\/schema.org\/Brand\"><span itemprop=\"name\">Berger Allied<\/span><\/span>:<\/p>\n<ol>\n<li> Tydelige kontaktoplysninger p\u00e5 webstedet (herunder telefonnummer): <strong>Ja<\/strong><\/li>\n<li> Let at f\u00e5 <a href=\"https:\/\/moverdb.com\/da\/citater\/\">citater for international flytning<\/a>? (Formular til anmodning om online overslag): <strong>Ja<\/strong><\/li>\n<li> Klare oplysninger p\u00e5 webstedet: <strong>Delvis<\/strong>, der er en god m\u00e6ngde generelle oplysninger om flytning, men ikke noget alt for specifikt.<\/li>\n<li> Medlemskab af internationalt anerkendte flytteorganisationer: <strong>Ja<\/strong>, mange, se ovenfor<\/li>\n<li> Liste over kunder og\/eller tidligere kundeudtalelser: <strong>Nej<\/strong>, der er ingen anmeldelser p\u00e5 hjemmesiden, som vi kunne finde, og anmeldelserne fra hele nettet er lidt blandede. <\/li>\n<\/ol>\n<div itemprop=\"reviewRating\" itemscope itemtype=\"http:\/\/schema.org\/Rating\"><meta itemprop=\"worstRating\" content = \"0\" \/><meta itemprop=\"bestRating\" content=\"5\" \/><meta itemprop=\"ratingValue\" content=\"3.5\"><\/div>\n<p><strong>Samlet score: 3.5\/5<\/strong><br \/>\n<strong>Dato for gennemgang:<\/strong> <span itemprop=\"datePublished\" content=\"2016-11-21\">21\/11\/2016<\/span>\n<\/div>\n<p>L\u00e6s mere om <a href=\"https:\/\/moverdb.com\/da\/flyttefirmaer\/\">internationale flyttefirmaer<\/a>, <a href=\"https:\/\/moverdb.com\/da\/us-canada-movers\/\">Amerikanske flyttefolk<\/a> og vores <a href=\"https:\/\/moverdb.com\/da\/anmeldelser\/\">gennemgangsproces<\/a>.<\/p>\n<p><strong>Hjemmeside:<\/strong> <a href=\"https:\/\/www.bergerallied.com\" target=\"_blank\" rel=\"noopener\">https:\/\/www.bergerallied.com<\/a><\/p>","protected":false},"excerpt":{"rendered":"<p>Berger Allied (officially Berger Transfer &#038; Storage) is based in St. Paul, MN. It offers its customers a range of moving services which are listed below, together with a company profile and reviews. International Moving Move Preparation Consultation and Survey Documentation Safety Considerations Packing and Loading Live loads your items directly into a shipping container [&hellip;]<\/p>\n","protected":false},"author":1,"featured_media":0,"parent":0,"menu_order":0,"comment_status":"closed","ping_status":"closed","template":"","meta":{"_genesis_hide_title":false,"_genesis_hide_breadcrumbs":false,"_genesis_hide_singular_image":false,"_genesis_hide_footer_widgets":false,"_genesis_custom_body_class":"","_genesis_custom_post_class":"","_genesis_layout":"","footnotes":""},"class_list":{"0":"post-1037","1":"page","2":"type-page","3":"status-publish","5":"entry"},"_links":{"self":[{"href":"https:\/\/moverdb.com\/da\/wp-json\/wp\/v2\/pages\/1037","targetHints":{"allow":["GET"]}}],"collection":[{"href":"https:\/\/moverdb.com\/da\/wp-json\/wp\/v2\/pages"}],"about":[{"href":"https:\/\/moverdb.com\/da\/wp-json\/wp\/v2\/types\/page"}],"author":[{"embeddable":true,"href":"https:\/\/moverdb.com\/da\/wp-json\/wp\/v2\/users\/1"}],"replies":[{"embeddable":true,"href":"https:\/\/moverdb.com\/da\/wp-json\/wp\/v2\/comments?post=1037"}],"version-history":[{"count":6,"href":"https:\/\/moverdb.com\/da\/wp-json\/wp\/v2\/pages\/1037\/revisions"}],"predecessor-version":[{"id":6183,"href":"https:\/\/moverdb.com\/da\/wp-json\/wp\/v2\/pages\/1037\/revisions\/6183"}],"wp:attachment":[{"href":"https:\/\/moverdb.com\/da\/wp-json\/wp\/v2\/media?parent=1037"}],"curies":[{"name":"wp","href":"https:\/\/api.w.org\/{rel}","templated":true}]}}