{"id":1036,"date":"2016-11-05T16:39:46","date_gmt":"2016-11-05T16:39:46","guid":{"rendered":"http:\/\/moverdb.com\/?page_id=1036"},"modified":"2026-01-08T14:47:46","modified_gmt":"2026-01-08T14:47:46","slug":"beltmann-relocation","status":"publish","type":"page","link":"https:\/\/moverdb.com\/da\/beltmann-relocation\/","title":{"rendered":"Beltmann Relocation Group: International Moving Anmeldelser"},"content":{"rendered":"<p>Beltmann Relocation Group tilbyder sine kunder en r\u00e6kke forskellige flytningsservices internationalt og lokalt. Disse tjenester er anf\u00f8rt nedenfor sammen med en virksomhedsprofil og anmeldelser.<\/p>\n<p><strong>Internationale flytninger<\/strong><\/p>\n<ul>\n<li> Internationale virksomhedsflytninger<\/li>\n<li> Individuelle flytninger<\/li>\n<li> De Forenede Nationer<\/li>\n<li> Hj\u00e6lp og vejledning i forbindelse med told og immigration<\/li>\n<li> Hj\u00e6lp til flytning af k\u00e6ledyr<\/li>\n<li> D\u00f8r-til-d\u00f8r<\/li>\n<li> Bev\u00e6gelsesleder tildelt<\/li>\n<li> Fuld service til r\u00e5dighed<\/li>\n<li> Forsikring arrangeret<\/li>\n<\/ul>\n<p><strong>Kontor- og industriflytninger<\/strong><\/p>\n<ul>\n<li> Lokal og langdistance flytning af kontorer<\/li>\n<li> Flytning mellem afdelinger<\/li>\n<li> Flytning af computere og elektronik<\/li>\n<li> Planl\u00e6gning og design af rum<\/li>\n<li> Planl\u00e6gningsm\u00f8der f\u00f8r flytning<\/li>\n<li> Tilsyn p\u00e5 stedet<\/li>\n<li> Tjenester efter flytning<\/li>\n<li> Industriel flyttehj\u00e6lp<\/li>\n<li> Flytning med h\u00f8j sikkerhed<\/li>\n<li> Flytning af f\u00f8lsomme oplysninger<\/li>\n<li> Forsikring arrangeret<\/li>\n<\/ul>\n<p><strong>Flytning af virksomheder<\/strong><\/p>\n<ul>\n<li> Flytning af ledende medarbejdere til ledende medarbejdere p\u00e5 h\u00f8jeste niveau<\/li>\n<li> Flyt leder <\/li>\n<li> D\u00f8r-til-d\u00f8r<\/li>\n<li> Pakning og udpakning<\/li>\n<li> Sporing af forsendelser<\/li>\n<li> Forsikring arrangeret<\/li>\n<\/ul>\n<p><strong>Flytning af husholdninger<\/strong><\/p>\n<ul>\n<li> Lokale flytninger<\/li>\n<li> Langdistanceflytninger<\/li>\n<li> D\u00f8r-til-d\u00f8r<\/li>\n<li> Pakning og udpakning<\/li>\n<li> Forsikring arrangeret<\/li>\n<\/ul>\n<p><strong>Opbevaring<\/strong><\/p>\n<ul>\n<li> P\u00e5 lang eller kort sigt<\/li>\n<li> Opvarmet lager <\/li>\n<li> Opbevares i forseglet opbevaringsboks<\/li>\n<li> CCTV<\/li>\n<li> Beskyttelse mod brand og skadedyr<\/li>\n<\/ul>\n<h2>Beltmann Relocation virksomhedsprofil<\/h2>\n<p>Beltmann Group blev startet af familien Battina i 1955 og er stadig familieejet og -drevet. Det er en af de st\u00f8rste og \u00e6ldste agenter for <a href=\"https:\/\/moverdb.com\/da\/north-american-van-lines\/\">North American Van Lines<\/a> og har sit hovedkvarter i <a href=\"https:\/\/moverdb.com\/da\/flytning-til-minneapolis\/\">Minneapolis<\/a>. <\/p>\n<p>Beltmann Group er den stolte ejer af en fl\u00e5de p\u00e5 over 700 flyttebiler af forskellig art og har 14 afdelinger.<\/p>\n<p>Beltmanns l\u00f8fte er \"V\u00e6r kunden\". Alle medarbejdere opfordres til at s\u00e6tte sig i kundens sted og behandle dem, som de selv ville \u00f8nske at blive behandlet. Virksomheden er en stolt tilh\u00e6nger af Habitat for Humanity.<\/p>\n<p>Beltmann Relocation har f\u00f8lgende tilknytninger og akkrediteringer:<\/p>\n<ul>\n<li> <a href=\"https:\/\/moverdb.com\/da\/faelge-promover\/\">Registreret international flyttemand<\/a> (<a href=\"https:\/\/moverdb.com\/da\/rim-promover\/\" data-internallinksmanager029f6b8e52c=\"76\" title=\"RIM International ProMover-certificering forklaret\">RIM<\/a>)<\/li>\n<li> <a href=\"https:\/\/moverdb.com\/da\/faelge-promover\/\">ProMover<\/a><\/li>\n<li> <a href=\"https:\/\/moverdb.com\/da\/amsa\/\">Amerikansk sammenslutning for flytning og opbevaring<\/a> (<a href=\"https:\/\/moverdb.com\/da\/amsa\/\" data-internallinksmanager029f6b8e52c=\"5\" title=\"American Moving &amp; Storage Association (AMSA) Forklaret\">AMSA<\/a>)<\/li>\n<li> Vinder af den nordamerikanske kvalitetspris<\/li>\n<li> Godkendt af Better Business Bureau (BBB)<\/li>\n<\/ul>\n<p><strong>Beltmann Relocation Anmeldelser<\/strong><\/p>\n<p><strong>Positiv:<\/strong><\/p>\n<ul>\n<li> <em>\"Alt gik godt med vores flytning. Chauff\u00f8ren og mandskabet p\u00e5 begge sider arbejdede godt.\"<\/em> - Craig via Beltmann testimonial side<\/li>\n<li> <em>\"Vi har flyttet flere gange i \u00e5renes l\u00f8b, og jeg m\u00e5 sige, at Beltman var langt den bedste. Den omhu, de lagde i pakning og lastning af vores ejendele til levering, var bem\u00e6rkelsesv\u00e6rdig.\"<\/em> - Abby via <a href=\"https:\/\/www.facebook.com\/pg\/BeltmannRelocation\/reviews\/\" target=\"_blank\" rel=\"noopener\">Facebook<\/a><\/li>\n<\/ul>\n<p><strong>Negativ:<\/strong><\/p>\n<ul>\n<li> <em>\"Vi er ikke engang 1\/3 af vejen igennem udpakningen, og vi har allerede en liste p\u00e5 mindst 15 ting, der er beskadiget eller \u00f8delagt. I nogle kasser er der ting, der bare er smidt i, uden at de er pakket ind eller sikret.\"<\/em> Amy via <a href=\"https:\/\/www.facebook.com\/pg\/BeltmannRelocation\/reviews\/\" target=\"_blank\" rel=\"noopener\">Facebook<\/a><\/li>\n<li> <em>\"G\u00f8r dig selv en tjeneste. Brug ikke dette firma. Slet deres nummer, blok\u00e9r dem fra at ringe til dig. Citat del af processen (du ved, hvor de fors\u00f8ger at vinde din virksomhed) var fantastisk. Afhentning af varer - tommelfinger op. levering af ting - stor tommelfinger ned.\"<\/em> - Kim via <a href=\"https:\/\/www.yelp.com\/biz\/beltmann-relocation-group-glendale-heights?hrid=tJAoAv--s6WetooAeYOQew&#038;utm_campaign=www_review_share_popup&#038;utm_medium=copy_link&#038;utm_source=(direct)\" target=\"_blank\" rel=\"noopener\">Yelp<\/a><\/li>\n<\/ul>\n<div itemprop=\"review\" itemscope itemtype=\"http:\/\/schema.org\/Review\">\n<span itemprop=\"author\" itemscope=\"\" itemtype=\"http:\/\/schema.org\/Organization\"><span itemprop=\"name\">MoverDB.com<\/span><\/span> Online website anmeldelse for <span itemprop=\"itemreviewed\" itemscope=\"\" itemtype=\"http:\/\/schema.org\/Brand\"><span itemprop=\"name\">Beltmann Relocation Group<\/span><\/span>:<\/p>\n<ol>\n<li> Tydelige kontaktoplysninger p\u00e5 webstedet (herunder telefonnummer): <strong>Ja<\/strong><\/li>\n<li> Let at f\u00e5 <a href=\"https:\/\/moverdb.com\/da\/citater\/\">citater for international flytning<\/a>? (Formular til anmodning om online overslag): <strong>Ja<\/strong><\/li>\n<li> Klare oplysninger p\u00e5 webstedet: <strong>Ja<\/strong>, Webstedet indeholder nyttige ressourcer til flytninger, herunder ofte stillede sp\u00f8rgsm\u00e5l og tips.<\/li>\n<li> Medlemskab af internationalt anerkendte flytteorganisationer: <strong>Ja<\/strong>, mange, se ovenfor<\/li>\n<li> Liste over kunder og\/eller tidligere kundeudtalelser: <strong>Ja,<\/strong> der er positive udtalelser p\u00e5 hjemmesiden, men anmeldelser fra hele nettet er lidt mere blandede.<\/li>\n<\/ol>\n<div itemprop=\"reviewRating\" itemscope itemtype=\"http:\/\/schema.org\/Rating\"><meta itemprop=\"worstRating\" content = \"0\" \/><meta itemprop=\"bestRating\" content=\"5\" \/><meta itemprop=\"ratingValue\" content=\"4.5\"><\/div>\n<p><strong>Samlet score: 4.5\/5<\/strong><br \/>\n<strong>Dato for gennemgang:<\/strong> <span itemprop=\"datePublished\" content=\"2016-11-05\">05\/11\/2016<\/span>\n<\/div>\n<p>L\u00e6s mere om <a href=\"https:\/\/moverdb.com\/da\/flyttefirmaer\/\">internationale flyttefirmaer<\/a>, <a href=\"https:\/\/moverdb.com\/da\/us-canada-movers\/\">Indenlandske flyttefirmaer i USA<\/a> og vores <a href=\"https:\/\/moverdb.com\/da\/anmeldelser\/\">gennemgangsproces<\/a>.<\/p>\n<p><strong>Hjemmeside:<\/strong> <a href=\"http:\/\/www.beltmann.com\/\" target=\"_blank\" rel=\"noopener\">http:\/\/www.beltmann.com\/<\/a><\/p>","protected":false},"excerpt":{"rendered":"<p>The Beltmann Relocation Group offers its customers a variety of moving services internationally and locally. These services are listed below together with a company profile and reviews. International Moves International corporate moves Individual moves United Nations Assistance and guidance with customs and immigration Assistance with pet relocation Door-to-door Move manager allocated Full service available Insurance [&hellip;]<\/p>\n","protected":false},"author":1,"featured_media":0,"parent":0,"menu_order":0,"comment_status":"closed","ping_status":"closed","template":"","meta":{"_genesis_hide_title":false,"_genesis_hide_breadcrumbs":false,"_genesis_hide_singular_image":false,"_genesis_hide_footer_widgets":false,"_genesis_custom_body_class":"","_genesis_custom_post_class":"","_genesis_layout":"","footnotes":""},"class_list":{"0":"post-1036","1":"page","2":"type-page","3":"status-publish","5":"entry"},"_links":{"self":[{"href":"https:\/\/moverdb.com\/da\/wp-json\/wp\/v2\/pages\/1036","targetHints":{"allow":["GET"]}}],"collection":[{"href":"https:\/\/moverdb.com\/da\/wp-json\/wp\/v2\/pages"}],"about":[{"href":"https:\/\/moverdb.com\/da\/wp-json\/wp\/v2\/types\/page"}],"author":[{"embeddable":true,"href":"https:\/\/moverdb.com\/da\/wp-json\/wp\/v2\/users\/1"}],"replies":[{"embeddable":true,"href":"https:\/\/moverdb.com\/da\/wp-json\/wp\/v2\/comments?post=1036"}],"version-history":[{"count":6,"href":"https:\/\/moverdb.com\/da\/wp-json\/wp\/v2\/pages\/1036\/revisions"}],"predecessor-version":[{"id":6182,"href":"https:\/\/moverdb.com\/da\/wp-json\/wp\/v2\/pages\/1036\/revisions\/6182"}],"wp:attachment":[{"href":"https:\/\/moverdb.com\/da\/wp-json\/wp\/v2\/media?parent=1036"}],"curies":[{"name":"wp","href":"https:\/\/api.w.org\/{rel}","templated":true}]}}