{"id":1034,"date":"2017-01-10T06:29:27","date_gmt":"2017-01-10T06:29:27","guid":{"rendered":"http:\/\/moverdb.com\/?page_id=1034"},"modified":"2026-05-15T14:59:54","modified_gmt":"2026-05-15T14:59:54","slug":"hilldrup-moving-storage","status":"publish","type":"page","link":"https:\/\/moverdb.com\/da\/hilldrup-moving-storage\/","title":{"rendered":"Hilldrup Moving &amp; Storage: International flytning Anmeldelser"},"content":{"rendered":"<p>Hilldrup Moving and Storage er baseret i Stafford VA. Virksomheden tilbyder sine kunder en r\u00e6kke forskellige tjenester, som er anf\u00f8rt nedenfor, sammen med en virksomhedsprofil og anmeldelser.<\/p>\n<p><strong>Internationale flytningstjenester<\/strong><\/p>\n<p>Hj\u00e6lp til flytning<\/p>\n<ul>\n<li> R\u00e5dgivning om menneskelige ressourcer og strategisk planl\u00e6gning<\/li>\n<li> Hj\u00e6lp til markedsf\u00f8ring<\/li>\n<li> Program for salg af boliger<\/li>\n<li> Administration af udgifter<\/li>\n<li> Midlertidig boligordning<\/li>\n<li> Internationale tjenester til udstationering<\/li>\n<li> Rejsem\u00e5l og indflytningstjenester<\/li>\n<li> Programmer til forvaltning af flytninger<\/li>\n<li> Overvejelser om kompensation, skat og l\u00f8nninger<\/li>\n<li> Tilpasset rapportering<\/li>\n<li> Administration af et fast bel\u00f8b<\/li>\n<\/ul>\n<p>Flytning af administration<\/p>\n<ul>\n<li> Dedikeret international flyttekonsulent<\/li>\n<li> Forvaltning af al transport til lands og til s\u00f8s\/luft<\/li>\n<li> Hj\u00e6lp med pas, visa og told<\/li>\n<\/ul>\n<p>Opbevaringsmuligheder<\/p>\n<ul>\n<li> Langtids- og korttidsopbevaring<\/li>\n<li> Ubegr\u00e6nset adgang til lagerhuse i hele verden<\/li>\n<li> 24\/7 sikkerhed<\/li>\n<li> Sprinklere og brandslukningsanl\u00e6g<\/li>\n<li> DOD-certificeret<\/li>\n<li> 200.000 kvadratmeter klimakontrolleret lagerplads til r\u00e5dighed<\/li>\n<li> Biler, b\u00e5de og autocampere<\/li>\n<li> Vedligeholdelse af k\u00f8ret\u00f8jer i langtidsopbevaring.<\/li>\n<\/ul>\n<p><strong>Firmaflytning - internationalt og lokalt<\/strong><\/p>\n<p>Afgangstjenester<\/p>\n<ul>\n<li> Hj\u00e6lp til markedsf\u00f8ring af hjemmet<\/li>\n<li> Ejendomsadministration<\/li>\n<li> Forsendelse af husholdningsgods<\/li>\n<li> Rejsebistand<\/li>\n<\/ul>\n<p>Destinationstjenester<\/p>\n<ul>\n<li> Orientering om destinationen<\/li>\n<li> Hj\u00e6lp til at finde hjem<\/li>\n<li> Bistand til realkreditl\u00e5n<\/li>\n<li> Midlertidige boliger<\/li>\n<li> St\u00f8tte til udlejning<\/li>\n<li> Hj\u00e6lp til familieovergang<\/li>\n<\/ul>\n<p>Global opgave<\/p>\n<ul>\n<li> Omr\u00e5deorientering<\/li>\n<li> Midlertidigt ophold<\/li>\n<li> Sprogundervisning<\/li>\n<li> Visum og indvandringstjenester<\/li>\n<li> Forvaltning af lejem\u00e5l<\/li>\n<li> Fremskrivninger af omkostninger<\/li>\n<li> Hjem Finding<\/li>\n<li> Indk\u00f8ring af tjenester<\/li>\n<li> Uddannelse p\u00e5 tv\u00e6rs af kulturer<\/li>\n<li> Hj\u00e6lp til s\u00f8gning efter skole og uddannelse<\/li>\n<li> St\u00f8tteprogrammer for \u00e6gtef\u00e6ller\/partnere<\/li>\n<\/ul>\n<p><strong>Regering og milit\u00e6r<\/strong><\/p>\n<ul>\n<li> CHAMP<\/li>\n<li> DOD flytning af husholdninger<\/li>\n<li> Fuldst\u00e6ndig flytning af f\u00f8derale forsyningsskemaer<\/li>\n<li> Kontorets flytning af f\u00f8derale forsyningsskemaer<\/li>\n<\/ul>\n<p><strong>Flyttetjenester til beboelse<\/strong><\/p>\n<ul>\n<li> D\u00f8r-til-d\u00f8r<\/li>\n<li> Fuld service til r\u00e5dighed<\/li>\n<li> Lang- og korttidsopbevaring tilg\u00e6ngelig<\/li>\n<li> Pakning og udpakning<\/li>\n<li> Forsikring arrangeret<\/li>\n<li> Automobiltransport<\/li>\n<\/ul>\n<p><strong>Kommercielle flytningstjenester<\/strong><\/p>\n<ul>\n<li> Styring af flytning p\u00e5 verdensplan<\/li>\n<li> Flytning af kontorer i hele landet<\/li>\n<li> Indstillinger p\u00e5 campus<\/li>\n<li> Budget\/omkostningsanalyse<\/li>\n<li> Installation<\/li>\n<li> Omkonfigurering<\/li>\n<li> Forvaltning af aktiver<\/li>\n<li> Oplagring<\/li>\n<li> IT-afbrydelse\/genopkobling<\/li>\n<li> Analyse af behovsanalyser for brugerdefineret design til IT<\/li>\n<li> Webbaseret afvikling<\/li>\n<\/ul>\n<h2>Hilldrup Moving &amp; Storage Virksomhedsprofil<\/h2>\n<p>R.G. Hilldrup startede det firma, der i dag hedder Hilldrup Moving and Storage Company, i 1903. I 1940'erne blev firmaet solgt til en af dets ansatte - C B McDaniel. I 1964 indgik Hilldrup et samarbejde med <a href=\"https:\/\/moverdb.com\/da\/united-van-lines\/\">United Van Lines<\/a> hvilket gjorde det muligt for virksomheden at udvide sine tjenester betydeligt. Virksomheden tilbyder nu lokale, nationale og internationale flytninger til privatpersoner og erhvervskunder samt omfattende lagerfaciliteter. <\/p>\n<p>Hilldrup drives nu af tredje generation af McDaniel's, og virksomheden tror st\u00e6rkt p\u00e5 familiens styrke. Det er denne etik, som de overf\u00f8rer til deres kunder. Hilldrup kan lide at give noget tilbage og st\u00f8tter mange velg\u00f8rende organisationer i deres lokalsamfund.<\/p>\n<p>Hilldrup Moving and Storage har f\u00f8lgende akkrediteringer og tilknytninger:<\/p>\n<ul>\n<li> <a href=\"https:\/\/moverdb.com\/da\/amsa\/\">Amerikansk sammenslutning for flytning og opbevaring<\/a> (<a href=\"https:\/\/moverdb.com\/da\/amsa\/\" data-internallinksmanager029f6b8e52c=\"5\" title=\"American Moving &amp; Storage Association (AMSA) Forklaret\">AMSA<\/a>)<\/li>\n<li> <a href=\"https:\/\/moverdb.com\/da\/faelge-promover\/\">AMSA's certificering som registreret international flyttemand (RIM)<\/a><\/li>\n<li> Den amerikanske lastbilforening (ATA)<\/li>\n<li> Better Business Bureau for alle filialer<\/li>\n<li> Center for International Assignment Management (CIAM)<\/li>\n<li> Program for centraliseret styring af trafikken med husholdningsvarer (CHAMP)<\/li>\n<li> Betegnelser som Certified Relocation Professional (CRP)<\/li>\n<li> CoreNet Global<\/li>\n<li> <a href=\"https:\/\/moverdb.com\/da\/medarbejderflytningsrad\/\">R\u00e5det for flytning af medarbejdere<\/a> (<a href=\"https:\/\/moverdb.com\/da\/employee-relocation-council\/\" data-internallinksmanager029f6b8e52c=\"83\" title=\"Forklaring af det verdensomsp\u00e6ndende Employee Relocation Council (ERC)\">ERC<\/a>)<\/li>\n<li> Federal Maritime Commission<\/li>\n<li> <a href=\"https:\/\/moverdb.com\/da\/fidi-faim\/\">F\u00e9d\u00e9ration Internationale des D\u00e9m\u00e9nageurs Internationaux \/ Federation of International Moving Companies<\/a> (<a href=\"https:\/\/moverdb.com\/da\/fidi-faim\/\" data-internallinksmanager029f6b8e52c=\"16\" title=\"FIDI &amp; FAIM (FIDI Accredited International Mover) forklaret\">FIDI<\/a>)<\/li>\n<li> FIDI FAIM\/ISO-certificering<\/li>\n<li> Global mobilitetsspecialist (GMS) Betegnelser<\/li>\n<li> <a href=\"https:\/\/moverdb.com\/da\/hgfaa\/\">Sammenslutningen af spedit\u00f8rer af husholdningsgods<\/a> (HHGFA)<\/li>\n<li> <a href=\"https:\/\/moverdb.com\/da\/iata\/\">Den internationale lufttransportforening<\/a> (<a href=\"https:\/\/moverdb.com\/da\/iata\/\" data-internallinksmanager029f6b8e52c=\"22\" title=\"International Air Transport Association (IATA) forklaret\">IATA<\/a>)<\/li>\n<li> <a href=\"https:\/\/moverdb.com\/da\/iam\/\">Den internationale sammenslutning af flyttefirmaer<\/a> (<a href=\"https:\/\/moverdb.com\/da\/iam\/\" data-internallinksmanager029f6b8e52c=\"23\" title=\"International Association of Movers (IAM) Forklaret\">IAM<\/a>)<\/li>\n<li> International Facilities Management Association (IFMA)<\/li>\n<li> ISO 9001:2000-certificering<\/li>\n<li> <a href=\"https:\/\/moverdb.com\/da\/lacma\/\">Foreningen af latinamerikanske og caribiske flyttem\u00e6nd<\/a> (<a href=\"https:\/\/moverdb.com\/da\/lacma\/\" data-internallinksmanager029f6b8e52c=\"28\" title=\"Sammenslutningen af latinamerikanske og caribiske internationale flyttefirmaer (LACMA)\">LACMA<\/a>)<\/li>\n<li> Professional Employee Relocation Council International (PERC International)<\/li>\n<li> <a href=\"https:\/\/moverdb.com\/da\/faelge-promover\/\">ProMover<\/a><\/li>\n<li> UniGroup Worldwide Certificeret international agent spedit\u00f8r<\/li>\n<li> UniGroup Worldwide UTS Agent Forwarder<\/li>\n<\/ul>\n<h2>Hilldrup Moving &amp; Storage Anmeldelser<\/h2>\n<p><strong>Positiv:<\/strong><\/p>\n<ul>\n<li> <em>\"De flyttede alt ind, og de gjorde et godt stykke arbejde.  Kontoret var ogs\u00e5 ret fantastisk til at svare p\u00e5 sp\u00f8rgsm\u00e5l og sikre, at vi vidste alt om flytningen.\"<\/em> - Michael S. via <a href=\"https:\/\/www.yelp.co.uk\/biz\/hilldrup-moving-and-storage-stafford?hrid=hESxKCc7GvTBdlp-kN4udw&#038;utm_campaign=www_review_share_popup&#038;utm_medium=copy_link&#038;utm_source=(direct)\" target=\"_blank\" rel=\"noopener\">Yelp<\/a>.<\/li>\n<li> <em>\"Vi kunne ikke have v\u00e6ret mere tilfredse med dette firma, lige fra tilbuddet til den endelige levering var de til tiden, professionelle, h\u00f8flige og meget venlige.\"<\/em> - The Yarbs via <a href=\"https:\/\/www.bbb.org\/richmond\/business-reviews\/movers\/hilldrup-moving-storage-in-stafford-va-37026248\/reviews-and-complaints\" target=\"_blank\" rel=\"noopener\">BBB<\/a><\/li>\n<\/ul>\n<p><strong>Negativ:<\/strong><\/p>\n<ul>\n<li> <em>\"Disse fyre er forf\u00e6rdelige. Jeg ved godt, at n\u00e5r man f\u00e5r professionelle flyttefolk, forventer man, at nogle ting g\u00e5r i stykker, det er bare en del af processen. Problemet er, at vi fandt ting, der var g\u00e5et i stykker p\u00e5 grund af virkelig dumme fejl.\"<\/em> - Nick T. via <a href=\"https:\/\/www.yelp.co.uk\/biz\/hilldrup-moving-and-storage-stafford?hrid=tgu5ZfofrNJ6h_HXaIX9PQ&#038;utm_campaign=www_review_share_popup&#038;utm_medium=copy_link&#038;utm_source=(direct)\" target=\"_blank\" rel=\"noopener\">Yelp<\/a><\/li>\n<li> <em>\"Chauff\u00f8ren, der kom fra Hilldrup, havde ingen erfaring med afl\u00e6sning og bringer tingene til h\u00f8jhuse. Det er meget d\u00e5rligt og s\u00e5 uprofessionelt.\"<\/em> - Sharad via <a href=\"https:\/\/www.mymovingreviews.com\/movers\/hilldrup-3657\" target=\"_blank\" rel=\"noopener\">MyMoingReviews.com<\/a><\/li>\n<\/ul>\n<div itemprop=\"review\" itemscope itemtype=\"http:\/\/schema.org\/Review\">\n<span itemprop=\"author\" itemscope=\"\" itemtype=\"http:\/\/schema.org\/Organization\"><span itemprop=\"name\">MoverDB.com<\/span><\/span> Online website anmeldelse for <span itemprop=\"itemreviewed\" itemscope=\"\" itemtype=\"http:\/\/schema.org\/Brand\"><span itemprop=\"name\">Hilldrup Flytning og opbevaring<\/span><\/span>:<\/p>\n<ol>\n<li> Tydelige kontaktoplysninger p\u00e5 webstedet (herunder telefonnummer): <strong>Ja<\/strong><\/li>\n<li> Let at f\u00e5 <a href=\"https:\/\/moverdb.com\/da\/citater\/\">citater for international flytning<\/a>? (Formular til anmodning om online overslag): <strong>Ja<\/strong><\/li>\n<li> Klare oplysninger p\u00e5 webstedet: <strong>Ja,<\/strong> Hjemmesiden er godt designet og beskriver tydeligt de produkter og tjenester, der tilbydes.<\/li>\n<li> Medlemskab af internationalt anerkendte flytteorganisationer: <strong>Ja<\/strong>, mange, se ovenfor<\/li>\n<li> Liste over kunder og\/eller tidligere kundeudtalelser. <strong>Ja,<\/strong> mens de opregner deres priser og medlemskaber p\u00e5 deres hjemmeside, kunne vi ikke finde en liste over kundeudtalelser. De har dog generelt postie anmeldelser fra hele nettet.<\/li>\n<\/ol>\n<div itemprop=\"reviewRating\" itemscope itemtype=\"http:\/\/schema.org\/Rating\"><meta itemprop=\"worstRating\" content = \"0\" \/><meta itemprop=\"bestRating\" content=\"5\" \/><meta itemprop=\"ratingValue\" content=\"4.5\"><\/div>\n<p><strong>Samlet score: 4.5\/5<\/strong><br \/>\n<strong>Dato for gennemgang:<\/strong> <span itemprop=\"datePublished\" content=\"2017-01-10\">10\/01\/2017<\/span>\n<\/div>\n<p>L\u00e6s mere om <a href=\"https:\/\/moverdb.com\/da\/flyttefirmaer\/\">internationale flyttefirmaer<\/a>, <a href=\"https:\/\/moverdb.com\/da\/us-canada-movers\/\">indenlandske flyttefirmaer<\/a> og vores <a href=\"https:\/\/moverdb.com\/da\/anmeldelser\/\">gennemgangsprocessen forklaret<\/a>.<\/p>\n<p><strong>Hjemmeside:<\/strong> <a href=\"https:\/\/www.hilldrup.com\/\" target=\"_blank\" rel=\"noopener\">https:\/\/www.hilldrup.com\/<\/a><\/p>","protected":false},"excerpt":{"rendered":"<p>Hilldrup Moving and Storage is based in Stafford VA. The company offers its client a variety of services which are listed below, together with a company profile and reviews. International Moving Services Relocation Assistance Human Resource Consulting and Strategic Planning Marketing Assistance Home Sales Program Expense Administration Temporary Living Arrangement International Assignment Services Destination and [&hellip;]<\/p>\n","protected":false},"author":1,"featured_media":0,"parent":0,"menu_order":0,"comment_status":"closed","ping_status":"closed","template":"","meta":{"_genesis_hide_title":false,"_genesis_hide_breadcrumbs":false,"_genesis_hide_singular_image":false,"_genesis_hide_footer_widgets":false,"_genesis_custom_body_class":"","_genesis_custom_post_class":"","_genesis_layout":"","footnotes":""},"class_list":{"0":"post-1034","1":"page","2":"type-page","3":"status-publish","5":"entry"},"_links":{"self":[{"href":"https:\/\/moverdb.com\/da\/wp-json\/wp\/v2\/pages\/1034","targetHints":{"allow":["GET"]}}],"collection":[{"href":"https:\/\/moverdb.com\/da\/wp-json\/wp\/v2\/pages"}],"about":[{"href":"https:\/\/moverdb.com\/da\/wp-json\/wp\/v2\/types\/page"}],"author":[{"embeddable":true,"href":"https:\/\/moverdb.com\/da\/wp-json\/wp\/v2\/users\/1"}],"replies":[{"embeddable":true,"href":"https:\/\/moverdb.com\/da\/wp-json\/wp\/v2\/comments?post=1034"}],"version-history":[{"count":3,"href":"https:\/\/moverdb.com\/da\/wp-json\/wp\/v2\/pages\/1034\/revisions"}],"predecessor-version":[{"id":6220,"href":"https:\/\/moverdb.com\/da\/wp-json\/wp\/v2\/pages\/1034\/revisions\/6220"}],"wp:attachment":[{"href":"https:\/\/moverdb.com\/da\/wp-json\/wp\/v2\/media?parent=1034"}],"curies":[{"name":"wp","href":"https:\/\/api.w.org\/{rel}","templated":true}]}}