{"id":1032,"date":"2016-11-24T06:36:56","date_gmt":"2016-11-24T06:36:56","guid":{"rendered":"http:\/\/moverdb.com\/?page_id=1032"},"modified":"2026-01-08T14:47:59","modified_gmt":"2026-01-08T14:47:59","slug":"coleman-worldwide-moving","status":"publish","type":"page","link":"https:\/\/moverdb.com\/da\/coleman-worldwide-moving\/","title":{"rendered":"Coleman Worldwide Moving: International flytning Anmeldelser"},"content":{"rendered":"<p>Coleman Worldwide Moving, ogs\u00e5 kendt som Coleman American Moving Services &amp; Coleman Allied, tilbyder mange internationale flyttetjenester. Disse er anf\u00f8rt nedenfor sammen med en virksomhedsprofil og anmeldelser.<\/p>\n<p><strong>Internationale flyttefirmaer<\/strong><\/p>\n<ul>\n<li> Fuld servicepakning<\/li>\n<li> Personlig flyttekoordinator<\/li>\n<li> Tilpasset kasse<\/li>\n<li> <a href=\"https:\/\/moverdb.com\/da\/biltransport-forsendelse\/\">Forsendelse af k\u00f8ret\u00f8jer<\/a><\/li>\n<li> Online sporing af forsendelser<\/li>\n<li> Lang- og kortsigtet opbevaring<\/li>\n<li> Udpakning<\/li>\n<li> Fjernelse af affald<\/li>\n<\/ul>\n<p><strong>Flytning af virksomheder<\/strong><\/p>\n<ul>\n<li> Fuld servicepakning<\/li>\n<li> Personlig flyttekoordinator<\/li>\n<li> Fra en enkelt medarbejder til hele personalet<\/li>\n<li> Udpakning<\/li>\n<li> <a href=\"https:\/\/moverdb.com\/da\/car-transport-shipping\/\" data-internallinksmanager029f6b8e52c=\"2\" title=\"2026 tilbud p\u00e5 international biltransport og forsendelse af k\u00f8ret\u00f8jer\">Forsendelse af k\u00f8ret\u00f8jer<\/a><\/li>\n<li> Udpakning og fjernelse af affald<\/li>\n<li> Online sporing af forsendelser<\/li>\n<\/ul>\n<p><strong>Kommercielle flyttefirmaer<\/strong><\/p>\n<ul>\n<li> Industriel flytning<\/li>\n<li> Regeringen p\u00e5 vej<\/li>\n<li> Flytning af kontorer<\/li>\n<li> Flytning af computere og elektronik<\/li>\n<li> Flytning af virksomheder<\/li>\n<\/ul>\n<p><strong>Statslige og milit\u00e6re flyttefirmaer<\/strong><\/p>\n<ul>\n<li> Personlig flyttekoordinator<\/li>\n<li> Fuld servicepakning<\/li>\n<li> F\u00f8lg strenge bev\u00e6gelsesprotokoller<\/li>\n<\/ul>\n<p><strong>Husholdningsflytninger<\/strong><\/p>\n<ul>\n<li> Personlig flyttekoordinator<\/li>\n<li> Enhver st\u00f8rrelse job<\/li>\n<li> Fuld service tilbydes<\/li>\n<li> Pakning og udpakning<\/li>\n<li> Opbevaring p\u00e5 kort og lang sigt<\/li>\n<\/ul>\n<h2>Coleman Worldwide Moving virksomhedsprofil<\/h2>\n<p>Coleman Worldwide Moving har eksisteret siden 1914 og er nu en del af Coleman World Group. Det begyndte med 8 heste og to vogne, og nu koncentrerer virksomheden sig om internationale, langdistance-, lokale og landsd\u00e6kkende flytninger for privatpersoner og virksomheder.<\/p>\n<p>Det er ogs\u00e5 kendt under navnet Coleman American Moving Services og er en del af <a href=\"https:\/\/moverdb.com\/da\/allied-van-lines\/\">Allied Moving<\/a> koncernens tilknyttede selskaber.<\/p>\n<p>Coleman har over 50 virksomhedsejede kontorer i <a href=\"https:\/\/moverdb.com\/da\/moving-to-the-united-states\/\" data-internallinksmanager029f6b8e52c=\"94\" title=\"Flytter du til USA? 2022 Leveomkostninger og flyttetips\">USA<\/a> og mere end 400 agenter i 175 lande rundt om i verden. Det er en familieejet virksomhed, som er fast besluttet p\u00e5 at yde den samme service som grundl\u00e6ggerne i 1914. <\/p>\n<p>Coleman Worldwide Moving har f\u00f8lgende akkrediteringer og tilknytninger:<\/p>\n<ul>\n<li> <a href=\"https:\/\/moverdb.com\/da\/faelge-promover\/\">ProMover<\/a><\/li>\n<li> <a href=\"https:\/\/moverdb.com\/da\/amsa\/\">AMSA<\/a><\/li>\n<li> BBB akkrediteret<\/li>\n<li> Vinder af Allied Quality Award<\/li>\n<li> Bev\u00e6g dig for sult<\/li>\n<\/ul>\n<p><strong>Coleman Worldwide Moving Anmeldelser<\/strong><\/p>\n<p><strong>Positiv:<\/strong><\/p>\n<ul>\n<li> <em>\"Fantastisk service...Nem...Stressfri flytning. Gav et pr\u00e6cist overslag over flytningen. Professionelt personale hele vejen rundt. Fra overslag til levering. Professionel og venlig afhentning, transport og levering. Mange tak.\"<\/em>  - Anthony via <a href=\"http:\/\/www.colemanallied.com\/moving-reviews\/\" target=\"_blank\" rel=\"noopener\">virksomhedens websted<\/a><\/li>\n<li> <em>\"Min 90-\u00e5rige far og jeg kunne ikke v\u00e6re mere tilfredse med Coleman Worldwide Moving.\"<\/em> - Tori via <a href=\"https:\/\/www.yelp.com\/biz\/coleman-american-moving-services-san-diego?hrid=Ofenf__KAOD4xnvo73xHNw&#038;utm_campaign=www_review_share_popup&#038;utm_medium=copy_link&#038;utm_source=(direct)\" target=\"_blank\" rel=\"noopener\">Yelp<\/a> (for Coleman American Moving Services)<\/li>\n<li> <em>\"Jeg har v\u00e6ret i flyttebranchen, men det var f\u00f8rste gang, jeg var kunde. De fyre, der blev sendt til at l\u00e6sse, var h\u00f8flige, velopdragne og h\u00e5rdtarbejdende. Pr\u00e6cis den type fyre, jeg selv ville have hyret, da jeg s\u00f8gte lokal hj\u00e6lp.\"<\/em> - Donna via <a href=\"https:\/\/www.facebook.com\/pg\/colemanallied\/reviews\/\" target=\"_blank\" rel=\"noopener\">Facebook-side<\/a><\/li>\n<li> <em>\"Jeg har altid haft gode oplevelser med Allied, men denne flytning overgik langt de andre! Det var virkelig en stressfri flytning for mig.\"<\/em> - Marlena via <a href=\"http:\/\/www.mymovingreviews.com\/movers\/coleman-worldwide-moving-3905#59102\" target=\"_blank\" rel=\"noopener\">MyMovingReviews<\/a><\/li>\n<\/ul>\n<p><strong>Negativ:<\/strong><\/p>\n<ul>\n<li> <em>\"Vores oplevelse med Coleman\/Allied Worldwide, der h\u00e5ndterede vores flytning p\u00e5 tv\u00e6rs af delstaterne (<a href=\"https:\/\/moverdb.com\/da\/moving-to-the-united-states\/moving-to-alabama\/\" data-internallinksmanager029f6b8e52c=\"448\" title=\"Flytter du til Alabama? 2024 Leveomkostninger og tips til flytning\">Alabama<\/a> til <a href=\"https:\/\/moverdb.com\/da\/moving-to-the-united-states\/moving-to-north-carolina\/\" data-internallinksmanager029f6b8e52c=\"411\" title=\"Flytning til North Carolina? 2026 Leveomkostninger og tips til flytning\">North Carolina<\/a>) var fyldt med problemer.\"<\/em> - Sarah via <a href=\"https:\/\/www.bbb.org\/csal\/business-reviews\/movers\/coleman-worldwide-moving-in-midland-city-al-4001673\/reviews-and-complaints\" target=\"_blank\" rel=\"noopener\">BBB<\/a><\/li>\n<li> <em>\"Jeg har ikke engang skrabet p\u00e5 overfladen med denne oplevelse. Der er s\u00e5 meget mere at fort\u00e6lle, men jeg ville i det mindste f\u00e5 det v\u00e6rste af det v\u00e6rste n\u00e6vnt.\"<\/em> - Kristin via <a href=\"https:\/\/www.consumeraffairs.com\/movers\/allied_van_lines.htm\" target=\"_blank\" rel=\"noopener\">ConsumerAffairs<\/a><\/li>\n<li> <em>\"Brug ikke dette <a href=\"https:\/\/moverdb.com\/da\/moving-companies\/\" data-internallinksmanager029f6b8e52c=\"79\" title=\"Top 25 internationale flyttefirmaer online\">FLYTTEFIRMA<\/a>.  De insisterede p\u00e5 at flytte os ind under en tropisk storm i St Pete efter en meget forsinket start i <a href=\"https:\/\/moverdb.com\/da\/flytning-til-atlanta\/\">Atlanta<\/a>.\"<\/em> - Becky via <a href=\"https:\/\/www.yelp.com\/biz\/coleman-worldwide-moving-fairburn\" target=\"_blank\" rel=\"noopener\">Yelp<\/a><\/li>\n<li> <em>\"Milit\u00e6ret er n\u00f8dt til at fjerne dette selskab som luftfartsselskab. Jeg har personligt oplevet problemer med dette firma lige fra pakning af mit hus til levering og kvitteringer.\"<\/em> - Shawni via <a href=\"https:\/\/www.facebook.com\/pg\/colemanallied\/reviews\/\" target=\"_blank\" rel=\"noopener\">Facebook-side<\/a><\/li>\n<\/ul>\n<div itemprop=\"review\" itemscope itemtype=\"http:\/\/schema.org\/Review\">\n<span itemprop=\"author\" itemscope=\"\" itemtype=\"http:\/\/schema.org\/Organization\"><span itemprop=\"name\">MoverDB.com<\/span><\/span> Online website anmeldelse for <span itemprop=\"itemreviewed\" itemscope=\"\" itemtype=\"http:\/\/schema.org\/Brand\"><span itemprop=\"name\">Coleman Worldwide Moving<\/span><\/span>:<\/p>\n<ol>\n<li> Tydelige kontaktoplysninger p\u00e5 webstedet (herunder telefonnummer): <strong>Ja<\/strong><\/li>\n<li> Let at f\u00e5 <a href=\"https:\/\/moverdb.com\/da\/citater\/\">citater for international flytning<\/a>? (Formular til anmodning om online overslag): <strong>Ja<\/strong><\/li>\n<li> Klare oplysninger p\u00e5 webstedet: <strong>Nogle<\/strong>, mens der er oplysninger om deres tjenester, men ikke meget mere end det.<\/li>\n<li> Medlemskab af internationalt anerkendte flytteorganisationer: <strong>Ja<\/strong>, om end ikke s\u00e5 mange som mange andre flyttefirmaer.<\/li>\n<li> Liste over kunder og\/eller tidligere kundeudtalelser: <strong>Ja<\/strong>, Der er mange positive kundeudtalelser p\u00e5 hjemmesiden, selvom anmeldelser fra resten af nettet er lidt mere blandede.<\/li>\n<\/ol>\n<div itemprop=\"reviewRating\" itemscope itemtype=\"http:\/\/schema.org\/Rating\"><meta itemprop=\"worstRating\" content = \"0\" \/><meta itemprop=\"bestRating\" content=\"5\" \/><meta itemprop=\"ratingValue\" content=\"4\"><\/div>\n<p><strong>Samlet score: 4\/5<\/strong><br \/>\n<strong>Dato for gennemgang:<\/strong> <span itemprop=\"datePublished\" content=\"2016-11-24\">24\/11\/2016<\/span>\n<\/div>\n<p>L\u00e6s mere om <a href=\"https:\/\/moverdb.com\/da\/flyttefirmaer\/\">de bedste internationale flyttefirmaer<\/a>, <a href=\"https:\/\/moverdb.com\/da\/us-canada-movers\/\">flyttefirmaer i USA<\/a> og vores <a href=\"https:\/\/moverdb.com\/da\/anmeldelser\/\">gennemgangsproces<\/a>.<\/p>\n<p><strong>Hjemmeside:<\/strong> <a href=\"http:\/\/www.colemanallied.com\/\" target=\"_blank\" rel=\"noopener\">http:\/\/www.colemanallied.com\/<\/a><\/p>","protected":false},"excerpt":{"rendered":"<p>Coleman Worldwide Moving also known as Coleman American Moving Services &#038; Coleman Allied offers many international moving services. These are listed below, together with a company profile and reviews. International Movers Full service packing Personal move coordinator Custom crating Vehicle shipping On line shipment tracking Long and short term storage Unpacking Debris removal Corporate Relocation [&hellip;]<\/p>\n","protected":false},"author":1,"featured_media":0,"parent":0,"menu_order":0,"comment_status":"closed","ping_status":"closed","template":"","meta":{"_genesis_hide_title":false,"_genesis_hide_breadcrumbs":false,"_genesis_hide_singular_image":false,"_genesis_hide_footer_widgets":false,"_genesis_custom_body_class":"","_genesis_custom_post_class":"","_genesis_layout":"","footnotes":""},"class_list":{"0":"post-1032","1":"page","2":"type-page","3":"status-publish","5":"entry"},"_links":{"self":[{"href":"https:\/\/moverdb.com\/da\/wp-json\/wp\/v2\/pages\/1032","targetHints":{"allow":["GET"]}}],"collection":[{"href":"https:\/\/moverdb.com\/da\/wp-json\/wp\/v2\/pages"}],"about":[{"href":"https:\/\/moverdb.com\/da\/wp-json\/wp\/v2\/types\/page"}],"author":[{"embeddable":true,"href":"https:\/\/moverdb.com\/da\/wp-json\/wp\/v2\/users\/1"}],"replies":[{"embeddable":true,"href":"https:\/\/moverdb.com\/da\/wp-json\/wp\/v2\/comments?post=1032"}],"version-history":[{"count":5,"href":"https:\/\/moverdb.com\/da\/wp-json\/wp\/v2\/pages\/1032\/revisions"}],"predecessor-version":[{"id":6193,"href":"https:\/\/moverdb.com\/da\/wp-json\/wp\/v2\/pages\/1032\/revisions\/6193"}],"wp:attachment":[{"href":"https:\/\/moverdb.com\/da\/wp-json\/wp\/v2\/media?parent=1032"}],"curies":[{"name":"wp","href":"https:\/\/api.w.org\/{rel}","templated":true}]}}