{"id":10263,"date":"2023-06-22T15:31:17","date_gmt":"2023-06-22T15:31:17","guid":{"rendered":"https:\/\/moverdb.com\/?page_id=10263"},"modified":"2026-01-08T15:24:56","modified_gmt":"2026-01-08T15:24:56","slug":"moving-companies-zimbabwe","status":"publish","type":"page","link":"https:\/\/moverdb.com\/da\/moving-companies\/moving-companies-zimbabwe\/","title":{"rendered":"De 4 bedste internationale flyttefirmaer i Zimbabwe"},"content":{"rendered":"<p>N\u00e5r du planl\u00e6gger en flytning, is\u00e6r mellem lande, kan det v\u00e6re overv\u00e6ldende med s\u00e5 meget, der skal g\u00f8res. At ans\u00e6tte en <a href=\"https:\/\/moverdb.com\/da\/moving-companies\/\" data-internallinksmanager029f6b8e52c=\"79\" title=\"Top 25 internationale flyttefirmaer online\">flyttefirma<\/a> kan lette denne byrde og g\u00f8re din flytning mere smidig. Nedenfor har vi samlet en liste over Zimbabwe-baserede <a href=\"https:\/\/moverdb.com\/da\/international-removals\/\" data-internallinksmanager029f6b8e52c=\"27\" title=\"De 36 bedste internationale flyttefirmaer i Storbritannien\">flyttefirmaer<\/a> der er medlemmer af den <a href=\"https:\/\/moverdb.com\/da\/iam\/\" data-internallinksmanager029f6b8e52c=\"23\" title=\"International Association of Movers (IAM) Forklaret\">Den internationale sammenslutning af flyttefirmaer<\/a> (IAM) og\/eller <a href=\"https:\/\/moverdb.com\/da\/fidi-faim\/\" data-internallinksmanager029f6b8e52c=\"16\" title=\"FIDI &amp; FAIM (FIDI Accredited International Mover) forklaret\">FIDI<\/a> akkrediteret international flyttevirksomhed (FAIM), som kan hj\u00e6lpe dig med din flytning.<\/p>\n<h2><strong>1. Biddulphs International<\/strong><img loading=\"lazy\" decoding=\"async\" class=\"alignnone size-full wp-image-10090\" style=\"font-size: 16px;\" src=\"https:\/\/moverdb.com\/wp-content\/uploads\/Biddulphs-International-Zimbabwe-moving-company.png\" alt=\"Biddulphs International Zimbabwe flyttefirma\" width=\"1440\" height=\"670\" data-wp-pid=\"10090\" srcset=\"https:\/\/moverdb.com\/wp-content\/uploads\/Biddulphs-International-Zimbabwe-moving-company.png 1440w, https:\/\/moverdb.com\/wp-content\/uploads\/Biddulphs-International-Zimbabwe-moving-company-300x140.png 300w, https:\/\/moverdb.com\/wp-content\/uploads\/Biddulphs-International-Zimbabwe-moving-company-1024x476.png 1024w, https:\/\/moverdb.com\/wp-content\/uploads\/Biddulphs-International-Zimbabwe-moving-company-18x8.png 18w, https:\/\/moverdb.com\/wp-content\/uploads\/Biddulphs-International-Zimbabwe-moving-company-600x279.png 600w\" sizes=\"auto, (max-width: 1440px) 100vw, 1440px\" \/><\/h2>\n<ul>\n<li>Lokale flytninger<\/li>\n<li>Internationale flytninger<\/li>\n<li>Flytning af husholdninger<\/li>\n<li>Flytning af virksomheder<\/li>\n<li>Emballage service<\/li>\n<li>Transport til lands, til vands og i luften<\/li>\n<li>Muligheder for beholdere<\/li>\n<li>Toldklarering<\/li>\n<li>Forsikring af forsendelser<\/li>\n<li>Opbevaringsfaciliteter<\/li>\n<\/ul>\n<p>Biddulphs International er et internationalt flyttefirma, der blev etableret i 1928 og har base i Harare. De har et verdensomsp\u00e6ndende netv\u00e6rk af flyttepartnere, der overholder internationale kvalitetsstandarder og hj\u00e6lper dem med internationale flytninger. De er medlem af IAM og har 87 \u00e5rs erfaring.<\/p>\n<p>Biddulphs Internationals flyttekonsulenter vil r\u00e5dgive dig om de mest \u00f8konomiske muligheder for din flytning. De stiller professionelle pakkere til r\u00e5dighed, som vil beskytte dine ting under transporten. De arrangerer transport og f\u00f8rer tilsyn med toldklarering samt s\u00f8rger for transitforsikring. De tilbyder et udvalg af fulde containerladninger, delvise containerladninger og stykgods.<\/p>\n<p>Hjemmeside: <a href=\"https:\/\/www.biddulphs.co.zw\/\" target=\"_blank\" rel=\"noopener\">https:\/\/www.biddulphs.co.zw\/<\/a><\/p>\n<h2><span class=\"ez-toc-section\" id=\"2_Chavilon_International_Movers_Logistics\"><\/span><strong>2. Chavilon Internationale Flyttefirmaer &amp; Logistik<\/strong><span class=\"ez-toc-section-end\"><\/span><\/h2>\n<p><img loading=\"lazy\" decoding=\"async\" class=\"alignnone size-full wp-image-10093\" src=\"https:\/\/moverdb.com\/wp-content\/uploads\/Chavilon-International-moving-company.png\" alt=\"Chavilon Internationalt flyttefirma\" width=\"1440\" height=\"679\" data-wp-pid=\"10093\" srcset=\"https:\/\/moverdb.com\/wp-content\/uploads\/Chavilon-International-moving-company.png 1440w, https:\/\/moverdb.com\/wp-content\/uploads\/Chavilon-International-moving-company-300x141.png 300w, https:\/\/moverdb.com\/wp-content\/uploads\/Chavilon-International-moving-company-1024x483.png 1024w, https:\/\/moverdb.com\/wp-content\/uploads\/Chavilon-International-moving-company-18x8.png 18w, https:\/\/moverdb.com\/wp-content\/uploads\/Chavilon-International-moving-company-600x283.png 600w\" sizes=\"auto, (max-width: 1440px) 100vw, 1440px\" \/><\/p>\n<ul>\n<li>Nationale flytninger<\/li>\n<li>Internationale flytninger<\/li>\n<li>Flytning af husstande<\/li>\n<li>Flytning af virksomheder og kontorer<\/li>\n<li>Emballage service<\/li>\n<li>Vej-, jernbane-, luft- og s\u00f8transport<\/li>\n<li>Toldklarering<\/li>\n<li>Flytning af kunst og antikviteter<\/li>\n<li>Flytning af bil<\/li>\n<li>Opbevaringsfaciliteter<\/li>\n<\/ul>\n<p>Chavilon International Movers &amp; Logistics er en flytte- og logistikvirksomhed med base i Harare og med moder- og s\u00f8sterselskaber i <a href=\"https:\/\/moverdb.com\/da\/moving-companies\/moving-companies-mozambique\/\" data-internallinksmanager029f6b8e52c=\"286\" title=\"4 bedste internationale flyttefirmaer i Mozambique\">Mozambique<\/a>, Angola, <a href=\"https:\/\/moverdb.com\/da\/moving-companies\/botswana-moving-companies\/\" data-internallinksmanager029f6b8e52c=\"167\" title=\"Bedste internationale flyttefirmaer i Botswana\">Botswana<\/a>, <a href=\"https:\/\/moverdb.com\/da\/moving-companies\/moving-companies-malawi\/\" data-internallinksmanager029f6b8e52c=\"295\" title=\"Bedste internationale flyttefirmaer i Malawi\">Malawi<\/a> og Zambia. De har ogs\u00e5 adgang til et internationalt netv\u00e6rk af flyttefirmaer, der kan levere tjenester over hele verden. De er medlem af IAM med syv \u00e5rs erfaring.<\/p>\n<p>Chavilon International Movers &amp; Logistics tilbyder personlig service i forbindelse med d\u00f8r-til-d\u00f8r-flytninger i, til og fra Zimbabwe. De tilbyder ogs\u00e5 d\u00f8r-til-d\u00f8r<a href=\"https:\/\/moverdb.com\/da\/top-49-container-ports\/\" data-internallinksmanager029f6b8e52c=\"80\" title=\"Top 49 st\u00f8rste og travleste containerhavne i 2025\">port<\/a> og port-to-port services, som giver dig mulighed for at g\u00f8re mere af flytningen selv, s\u00e5som pakning og udpakning. Deres pakkeservice bruger internationalt anerkendte materialer til at beskytte dine ting under transporten.<\/p>\n<p>Hjemmeside: <a href=\"http:\/\/www.chavilonmovers.com\/\" target=\"_blank\" rel=\"noopener\">http:\/\/www.chavilonmovers.com\/<\/a><\/p>\n<h2><span class=\"ez-toc-section\" id=\"3_Glens_Removal_Storage\"><\/span><strong>3. Glens Flytning &amp; Opbevaring<\/strong><span class=\"ez-toc-section-end\"><\/span><\/h2>\n<p><img loading=\"lazy\" decoding=\"async\" class=\"alignnone size-full wp-image-10128\" src=\"https:\/\/moverdb.com\/wp-content\/uploads\/Glens-Removals-Storage-international-moving-company.png\" alt=\"Glens Removals &amp; Storage internationalt flyttefirma\" width=\"1440\" height=\"680\" data-wp-pid=\"10128\" srcset=\"https:\/\/moverdb.com\/wp-content\/uploads\/Glens-Removals-Storage-international-moving-company.png 1440w, https:\/\/moverdb.com\/wp-content\/uploads\/Glens-Removals-Storage-international-moving-company-300x142.png 300w, https:\/\/moverdb.com\/wp-content\/uploads\/Glens-Removals-Storage-international-moving-company-1024x484.png 1024w, https:\/\/moverdb.com\/wp-content\/uploads\/Glens-Removals-Storage-international-moving-company-18x9.png 18w, https:\/\/moverdb.com\/wp-content\/uploads\/Glens-Removals-Storage-international-moving-company-600x283.png 600w\" sizes=\"auto, (max-width: 1440px) 100vw, 1440px\" \/><\/p>\n<ul>\n<li>Lokale og nationale flytninger<\/li>\n<li>Internationale flytninger<\/li>\n<li>Flytning af husholdninger<\/li>\n<li>Flytning af kontorer<\/li>\n<li>Flytning fra d\u00f8r til d\u00f8r<\/li>\n<li>Emballage service<\/li>\n<li>Forsendelse<\/li>\n<li>Toldklarering<\/li>\n<li>Forsikring<\/li>\n<li>Kort- og langtidsopbevaring<\/li>\n<\/ul>\n<p>Glens Removal &amp; Storage er et flyttefirma, der har eksisteret siden 1952 med kontorer og lagerbygninger i hele Zimbabwe samt afdelinger i <a href=\"https:\/\/moverdb.com\/da\/moving-to-south-africa\/\" data-internallinksmanager029f6b8e52c=\"347\" title=\"Flytter du til Sydafrika? 2026 Leveomkostninger og tips til flytning\">Sydafrika<\/a>, Zambia, Malawi og Mozambique. De samarbejder med internationale agenter og fragtfirmaer om at levere service over hele verden. De er medlem af IAM med 71 \u00e5rs erfaring og er akkrediteret af FIDI.<\/p>\n<p>Glens Removal &amp; Storage tilbyder d\u00f8r-til-d\u00f8r-service, der lever op til internationale standarder for flytning. De tilbyder professionel pakning, inklusiv kasser til sikker levering af dine ejendele til din destination. De vil arrangere transport af ejendele, og de tilbyder et udvalg af <a href=\"https:\/\/moverdb.com\/da\/shipping-container-sizes-and-dimensions\/\" data-internallinksmanager029f6b8e52c=\"247\" title=\"Den ultimative guide til st\u00f8rrelser og dimensioner af skibscontainere\">beholderst\u00f8rrelser<\/a> og konsolideringstjenester til din flytning.<\/p>\n<p>Hjemmeside: <a href=\"http:\/\/www.glensremovals.com\" target=\"_blank\" rel=\"noopener\">http:\/\/www.glensremovals.com<\/a><\/p>\n<h2><span class=\"ez-toc-section\" id=\"4_Stuttafords\"><\/span><strong>4. Stuttafords<\/strong><span class=\"ez-toc-section-end\"><\/span><\/h2>\n<p><img loading=\"lazy\" decoding=\"async\" class=\"alignnone size-full wp-image-10188\" src=\"https:\/\/moverdb.com\/wp-content\/uploads\/Stuttafords-Zimbabwe-international-moving-company.png\" alt=\"Stuttafords Zimbabwes internationale flyttefirma\" width=\"1440\" height=\"681\" data-wp-pid=\"10188\" srcset=\"https:\/\/moverdb.com\/wp-content\/uploads\/Stuttafords-Zimbabwe-international-moving-company.png 1440w, https:\/\/moverdb.com\/wp-content\/uploads\/Stuttafords-Zimbabwe-international-moving-company-300x142.png 300w, https:\/\/moverdb.com\/wp-content\/uploads\/Stuttafords-Zimbabwe-international-moving-company-1024x484.png 1024w, https:\/\/moverdb.com\/wp-content\/uploads\/Stuttafords-Zimbabwe-international-moving-company-18x9.png 18w, https:\/\/moverdb.com\/wp-content\/uploads\/Stuttafords-Zimbabwe-international-moving-company-600x284.png 600w\" sizes=\"auto, (max-width: 1440px) 100vw, 1440px\" \/><\/p>\n<ul>\n<li>Lokale og nationale flytninger<\/li>\n<li>Internationale flytninger<\/li>\n<li>Flytning af boliger<\/li>\n<li>Flytning af virksomheder<\/li>\n<li>Flytning fra d\u00f8r til d\u00f8r<\/li>\n<li>Emballage service<\/li>\n<li>Vej-, luft- og s\u00f8transport<\/li>\n<li>Forskellige beholderst\u00f8rrelser<\/li>\n<li>Toldklarering<\/li>\n<li>Opbevaringsfaciliteter<\/li>\n<\/ul>\n<p>Stuttafords er et logistik- og fragtfirma, der har afdelinger i Zimbabwe, Malawi og Zambia. Deres kontorer i Zimbabwe ligger i Harare og Bulawayo. De er medlem af IAM med 66 \u00e5rs erfaring og er akkrediteret af FIDI, hvilket betyder, at de leverer deres tjenester til internationale standarder og har et netv\u00e6rk af flyttefirmaer at tr\u00e6kke p\u00e5, der tilbyder de samme standarder.<\/p>\n<p>Stuttafords tilbyder d\u00f8r-til-d\u00f8r flytning og udstationering for private og virksomheder i, til og fra Zimbabwe. De tilbyder en professionel pakkeservice, der sikrer, at dine varer ikke bliver beskadiget under transporten. De arrangerer transport med toldklarering.<\/p>\n<p>Hjemmeside: <a href=\"http:\/\/www.stuttafordszim.com\" target=\"_blank\" rel=\"noopener\">http:\/\/www.stuttafordszim.com<\/a><\/p>","protected":false},"excerpt":{"rendered":"<p>When you are planning a move, especially between countries it can be overwhelming with so much to do. Employing a moving company can ease this burden and make your move smoother. Below we have compiled a list of Zimbabwe based removal companies that are members of the International Association of Movers (IAM) and\/or FIDI Accredited [&hellip;]<\/p>\n","protected":false},"author":4,"featured_media":10090,"parent":190,"menu_order":0,"comment_status":"closed","ping_status":"closed","template":"","meta":{"_genesis_hide_title":false,"_genesis_hide_breadcrumbs":false,"_genesis_hide_singular_image":false,"_genesis_hide_footer_widgets":false,"_genesis_custom_body_class":"","_genesis_custom_post_class":"","_genesis_layout":"","footnotes":""},"class_list":{"0":"post-10263","1":"page","2":"type-page","3":"status-publish","4":"has-post-thumbnail","6":"entry"},"_links":{"self":[{"href":"https:\/\/moverdb.com\/da\/wp-json\/wp\/v2\/pages\/10263","targetHints":{"allow":["GET"]}}],"collection":[{"href":"https:\/\/moverdb.com\/da\/wp-json\/wp\/v2\/pages"}],"about":[{"href":"https:\/\/moverdb.com\/da\/wp-json\/wp\/v2\/types\/page"}],"author":[{"embeddable":true,"href":"https:\/\/moverdb.com\/da\/wp-json\/wp\/v2\/users\/4"}],"replies":[{"embeddable":true,"href":"https:\/\/moverdb.com\/da\/wp-json\/wp\/v2\/comments?post=10263"}],"version-history":[{"count":2,"href":"https:\/\/moverdb.com\/da\/wp-json\/wp\/v2\/pages\/10263\/revisions"}],"predecessor-version":[{"id":10265,"href":"https:\/\/moverdb.com\/da\/wp-json\/wp\/v2\/pages\/10263\/revisions\/10265"}],"up":[{"embeddable":true,"href":"https:\/\/moverdb.com\/da\/wp-json\/wp\/v2\/pages\/190"}],"wp:featuredmedia":[{"embeddable":true,"href":"https:\/\/moverdb.com\/da\/wp-json\/wp\/v2\/media\/10090"}],"wp:attachment":[{"href":"https:\/\/moverdb.com\/da\/wp-json\/wp\/v2\/media?parent=10263"}],"curies":[{"name":"wp","href":"https:\/\/api.w.org\/{rel}","templated":true}]}}