{"id":10255,"date":"2023-11-22T15:17:48","date_gmt":"2023-11-22T15:17:48","guid":{"rendered":"https:\/\/moverdb.com\/?page_id=10255"},"modified":"2026-01-08T15:29:27","modified_gmt":"2026-01-08T15:29:27","slug":"moving-companies-venezuela","status":"publish","type":"page","link":"https:\/\/moverdb.com\/da\/moving-companies\/moving-companies-venezuela\/","title":{"rendered":"De 6 bedste internationale flyttefirmaer i Venezuela"},"content":{"rendered":"<p>Det kan v\u00e6re kompliceret at flytte, is\u00e6r hvis man flytter til et andet land. S\u00e5 hvis du planl\u00e6gger at flytte inden for, til eller fra Venezuela, s\u00e5 kan det v\u00e6re en god id\u00e9 at engagere en <a href=\"https:\/\/moverdb.com\/da\/moving-companies\/\" data-internallinksmanager029f6b8e52c=\"79\" title=\"Top 25 internationale flyttefirmaer online\">flyttefirma<\/a> til at hj\u00e6lpe dig med din flytning. Nedenfor har vi samlet en liste over Venezuela-baserede <a href=\"https:\/\/moverdb.com\/da\/international-removals\/\" data-internallinksmanager029f6b8e52c=\"27\" title=\"De 36 bedste internationale flyttefirmaer i Storbritannien\">flyttefirmaer<\/a> der er medlemmer af den <a href=\"https:\/\/moverdb.com\/da\/iam\/\" data-internallinksmanager029f6b8e52c=\"23\" title=\"International Association of Movers (IAM) Forklaret\">Den internationale sammenslutning af flyttefirmaer<\/a> (IAM) og\/eller <a href=\"https:\/\/moverdb.com\/da\/fidi-faim\/\" data-internallinksmanager029f6b8e52c=\"16\" title=\"FIDI &amp; FAIM (FIDI Accredited International Mover) forklaret\">FIDI<\/a> Accredited International Mover (FAIM), som kan hj\u00e6lpe dig med din flytning.<\/p>\n<div id=\"ez-toc-container\" class=\"ez-toc-v2_0_82_2 ez-toc-wrap-left counter-hierarchy ez-toc-counter ez-toc-transparent ez-toc-container-direction\">\n<div class=\"ez-toc-title-container\">\n<p class=\"ez-toc-title\" style=\"cursor:inherit\">Sektioner<\/p>\n<span class=\"ez-toc-title-toggle\"><a href=\"#\" class=\"ez-toc-pull-right ez-toc-btn ez-toc-btn-xs ez-toc-btn-default ez-toc-toggle\" aria-label=\"Toggle indholdsfortegnelse\"><span class=\"ez-toc-js-icon-con\"><span class=\"\"><span class=\"eztoc-hide\" style=\"display:none;\">Toggle<\/span><span class=\"ez-toc-icon-toggle-span\"><svg style=\"fill: #999;color:#999\" xmlns=\"http:\/\/www.w3.org\/2000\/svg\" class=\"list-377408\" width=\"20px\" height=\"20px\" viewbox=\"0 0 24 24\" fill=\"none\"><path d=\"M6 6H4v2h2V6zm14 0H8v2h12V6zM4 11h2v2H4v-2zm16 0H8v2h12v-2zM4 16h2v2H4v-2zm16 0H8v2h12v-2z\" fill=\"currentColor\"><\/path><\/svg><svg style=\"fill: #999;color:#999\" class=\"arrow-unsorted-368013\" xmlns=\"http:\/\/www.w3.org\/2000\/svg\" width=\"10px\" height=\"10px\" viewbox=\"0 0 24 24\" version=\"1.2\" baseprofile=\"tiny\"><path d=\"M18.2 9.3l-6.2-6.3-6.2 6.3c-.2.2-.3.4-.3.7s.1.5.3.7c.2.2.4.3.7.3h11c.3 0 .5-.1.7-.3.2-.2.3-.5.3-.7s-.1-.5-.3-.7zM5.8 14.7l6.2 6.3 6.2-6.3c.2-.2.3-.5.3-.7s-.1-.5-.3-.7c-.2-.2-.4-.3-.7-.3h-11c-.3 0-.5.1-.7.3-.2.2-.3.5-.3.7s.1.5.3.7z\"\/><\/svg><\/span><\/span><\/span><\/a><\/span><\/div>\n<nav><ul class='ez-toc-list ez-toc-list-level-1 eztoc-toggle-hide-by-default' ><li class='ez-toc-page-1 ez-toc-heading-level-2'><a class=\"ez-toc-link ez-toc-heading-1\" href=\"https:\/\/moverdb.com\/da\/moving-companies\/moving-companies-venezuela\/#1_AMP_Movers_International\" >1. AMP Movers International<\/a><\/li><li class='ez-toc-page-1 ez-toc-heading-level-2'><a class=\"ez-toc-link ez-toc-heading-2\" href=\"https:\/\/moverdb.com\/da\/moving-companies\/moving-companies-venezuela\/#2_Clover_International\" >2. Clover International<\/a><\/li><li class='ez-toc-page-1 ez-toc-heading-level-2'><a class=\"ez-toc-link ez-toc-heading-3\" href=\"https:\/\/moverdb.com\/da\/moving-companies\/moving-companies-venezuela\/#3_Equixpress\" >3. Equixpress<\/a><\/li><li class='ez-toc-page-1 ez-toc-heading-level-2'><a class=\"ez-toc-link ez-toc-heading-4\" href=\"https:\/\/moverdb.com\/da\/moving-companies\/moving-companies-venezuela\/#4_JJ_Mari_International_Movers\" >4. JJ Mari Internationale Flyttefirmaer<\/a><\/li><li class='ez-toc-page-1 ez-toc-heading-level-2'><a class=\"ez-toc-link ez-toc-heading-5\" href=\"https:\/\/moverdb.com\/da\/moving-companies\/moving-companies-venezuela\/#5_Moving_Life\" >5. Liv i bev\u00e6gelse<\/a><\/li><li class='ez-toc-page-1 ez-toc-heading-level-2'><a class=\"ez-toc-link ez-toc-heading-6\" href=\"https:\/\/moverdb.com\/da\/moving-companies\/moving-companies-venezuela\/#6_Mudanzas_Internacionales_Global\" >6. Mudanzas Internacionales Global<\/a><\/li><\/ul><\/nav><\/div>\n<h2><span class=\"ez-toc-section\" id=\"1_AMP_Movers_International\"><\/span><strong>1. AMP Movers International<\/strong><span class=\"ez-toc-section-end\"><\/span><\/h2>\n<p><img loading=\"lazy\" decoding=\"async\" class=\"alignnone size-full wp-image-10077\" src=\"https:\/\/moverdb.com\/wp-content\/uploads\/AMP-Movers-International-moving-company.png\" alt=\"AMP Movers internationalt flyttefirma\" width=\"1440\" height=\"680\" data-wp-pid=\"10077\" srcset=\"https:\/\/moverdb.com\/wp-content\/uploads\/AMP-Movers-International-moving-company.png 1440w, https:\/\/moverdb.com\/wp-content\/uploads\/AMP-Movers-International-moving-company-300x142.png 300w, https:\/\/moverdb.com\/wp-content\/uploads\/AMP-Movers-International-moving-company-1024x484.png 1024w, https:\/\/moverdb.com\/wp-content\/uploads\/AMP-Movers-International-moving-company-18x9.png 18w, https:\/\/moverdb.com\/wp-content\/uploads\/AMP-Movers-International-moving-company-600x283.png 600w\" sizes=\"auto, (max-width: 1440px) 100vw, 1440px\" \/><\/p>\n<ul>\n<li>Nationale flytninger<\/li>\n<li>Internationale flytninger<\/li>\n<li>Flytning af husholdninger<\/li>\n<li>Emballage service<\/li>\n<li>Tilrettel\u00e6ggelse af transport<\/li>\n<li>Toldprocedurer<\/li>\n<li>H\u00e5ndtering af kunstv\u00e6rker<\/li>\n<li>Transport af k\u00f8ret\u00f8jer<\/li>\n<li>Forsikring<\/li>\n<li>Opbevaringsfaciliteter<\/li>\n<\/ul>\n<p>AMP Movers International er et nationalt og internationalt flyttefirma, der har over 10 \u00e5rs erfaring og er baseret i Caracas. De har et netv\u00e6rk af flytteagenter over hele verden, som st\u00f8tter dem i at levere deres service internationalt. De er medlem af IAM.<\/p>\n<p>AMP Movers International tilbyder personlig flyttesupport, der starter med en unders\u00f8gelse og et tilbud f\u00f8r flytningen. De leverer en professionel pakkeservice, der bruger specielle emballagematerialer designet til indholdet, herunder ekstra beskyttelse til skr\u00f8belige genstande. Ved ankomsten hj\u00e6lper de med udpakning, placering af m\u00f8bler og fjernelse af materialer. De tilbyder ogs\u00e5 tjenester til h\u00e5ndtering af kunstv\u00e6rker og antikviteter, overf\u00f8rsel af k\u00f8ret\u00f8jer og opbevaring.<\/p>\n<p>Hjemmeside: <a href=\"http:\/\/www.ampmovers.com\" target=\"_blank\" rel=\"noopener\">http:\/\/www.ampmovers.com<\/a><\/p>\n<h2><span class=\"ez-toc-section\" id=\"2_Clover_International\"><\/span><strong>2. Clover International<\/strong><span class=\"ez-toc-section-end\"><\/span><\/h2>\n<p><img loading=\"lazy\" decoding=\"async\" class=\"alignnone size-full wp-image-10094\" src=\"https:\/\/moverdb.com\/wp-content\/uploads\/Clover-International-moving-company.png\" alt=\"Clover International flyttefirma\" width=\"1440\" height=\"684\" data-wp-pid=\"10094\" srcset=\"https:\/\/moverdb.com\/wp-content\/uploads\/Clover-International-moving-company.png 1440w, https:\/\/moverdb.com\/wp-content\/uploads\/Clover-International-moving-company-300x143.png 300w, https:\/\/moverdb.com\/wp-content\/uploads\/Clover-International-moving-company-1024x486.png 1024w, https:\/\/moverdb.com\/wp-content\/uploads\/Clover-International-moving-company-18x9.png 18w, https:\/\/moverdb.com\/wp-content\/uploads\/Clover-International-moving-company-600x285.png 600w\" sizes=\"auto, (max-width: 1440px) 100vw, 1440px\" \/><\/p>\n<ul>\n<li>Nationale flytninger<\/li>\n<li>Internationale flytninger<\/li>\n<li>Flytning af boliger<\/li>\n<li>Firma- og kontorflytninger<\/li>\n<li>Emballage service<\/li>\n<li>Toldforvaltning<\/li>\n<li>Transport af k\u00e6ledyr og k\u00f8ret\u00f8jer<\/li>\n<li>Reng\u00f8ringstjenester<\/li>\n<li>Forsikring<\/li>\n<li>Opbevaringsfaciliteter<\/li>\n<\/ul>\n<p>Clover International er et logistik- og flyttefirma, der har n\u00e6sten 60 \u00e5rs erfaring og er baseret i Caracas. De er medlem af IAM med 59 \u00e5rs erfaring og er akkrediteret af FIDI, hvilket betyder, at de arbejder efter h\u00f8je standarder og har et netv\u00e6rk af flytteagenter, der ogs\u00e5 arbejder p\u00e5 dette niveau, at arbejde sammen med.<\/p>\n<p>Clover International tilbyder specialiserede flytteservices til husholdnings- og forretningsgenstande samt k\u00e6ledyr og k\u00f8ret\u00f8jer i, til og fra Venezuela. De arrangerer transport og toldh\u00e5ndtering af dine genstande til din destination komplet med forsikring. De bruger materialer af h\u00f8j kvalitet og sikkerhedsstandarder til at beskytte dine ting.<\/p>\n<p>Hjemmeside: <a href=\"https:\/\/www.cloverve.com\/\" target=\"_blank\" rel=\"noopener\">https:\/\/www.cloverve.com\/<\/a><\/p>\n<h2><span class=\"ez-toc-section\" id=\"3_Equixpress\"><\/span><strong>3. Equixpress<\/strong><span class=\"ez-toc-section-end\"><\/span><\/h2>\n<p><img loading=\"lazy\" decoding=\"async\" class=\"alignnone size-full wp-image-10112\" src=\"https:\/\/moverdb.com\/wp-content\/uploads\/Equixpress-international-moving-company.png\" alt=\"Equixpress internationalt flyttefirma\" width=\"1440\" height=\"680\" data-wp-pid=\"10112\" srcset=\"https:\/\/moverdb.com\/wp-content\/uploads\/Equixpress-international-moving-company.png 1440w, https:\/\/moverdb.com\/wp-content\/uploads\/Equixpress-international-moving-company-300x142.png 300w, https:\/\/moverdb.com\/wp-content\/uploads\/Equixpress-international-moving-company-1024x484.png 1024w, https:\/\/moverdb.com\/wp-content\/uploads\/Equixpress-international-moving-company-18x9.png 18w, https:\/\/moverdb.com\/wp-content\/uploads\/Equixpress-international-moving-company-600x283.png 600w\" sizes=\"auto, (max-width: 1440px) 100vw, 1440px\" \/><\/p>\n<ul>\n<li>Nationale flytninger<\/li>\n<li>Internationale flytninger<\/li>\n<li>Flytning af husholdninger<\/li>\n<li>Kommerciel logistik<\/li>\n<li>Emballage service<\/li>\n<li>Luft-, s\u00f8- og landtransport<\/li>\n<li>Toldm\u00e6glervirksomhed<\/li>\n<li><a href=\"https:\/\/moverdb.com\/da\/car-transport-shipping\/\" data-internallinksmanager029f6b8e52c=\"2\" title=\"2026 tilbud p\u00e5 international biltransport og forsendelse af k\u00f8ret\u00f8jer\">Forsendelse af k\u00f8ret\u00f8jer<\/a><\/li>\n<li>All risk-forsikring<\/li>\n<li>Opbevaringsfaciliteter<\/li>\n<\/ul>\n<p>Equixpress er et internationalt flyttefirma, der blev etableret i 1963 og har base i Caracas. De er medlem af IAM og har 60 \u00e5rs erfaring, hvilket giver dem adgang til et internationalt netv\u00e6rk af flytteagenter, s\u00e5 de kan levere tjenester overalt i verden.<\/p>\n<p>Equixpress tilbyder en personlig flytteservice, der h\u00e5ndterer alle aspekter af flytteprocessen. De pakker dine ejendele sikkert og arrangerer transport med fly, skib eller bil til din destination med toldbehandling og all risk-forsikring inkluderet. De bruger pakkematerialer og kasser af h\u00f8jeste kvalitet og er s\u00e6rligt omhyggelige med skr\u00f8belige genstande, bl.a. laver de skr\u00e6ddersyede tr\u00e6kasser.<\/p>\n<p>Hjemmeside: <a href=\"http:\/\/www.equixpress.com\" target=\"_blank\" rel=\"noopener\">http:\/\/www.equixpress.com<\/a><\/p>\n<h2><span class=\"ez-toc-section\" id=\"4_JJ_Mari_International_Movers\"><\/span><strong>4. JJ Mari Internationale Flyttefirmaer<\/strong><span class=\"ez-toc-section-end\"><\/span><\/h2>\n<p><img loading=\"lazy\" decoding=\"async\" class=\"alignnone size-full wp-image-10142\" src=\"https:\/\/moverdb.com\/wp-content\/uploads\/JJ-Mari-International-Movers-moving-company.png\" alt=\"JJ Mari International Movers flyttefirma\" width=\"1440\" height=\"680\" data-wp-pid=\"10142\" srcset=\"https:\/\/moverdb.com\/wp-content\/uploads\/JJ-Mari-International-Movers-moving-company.png 1440w, https:\/\/moverdb.com\/wp-content\/uploads\/JJ-Mari-International-Movers-moving-company-300x142.png 300w, https:\/\/moverdb.com\/wp-content\/uploads\/JJ-Mari-International-Movers-moving-company-1024x484.png 1024w, https:\/\/moverdb.com\/wp-content\/uploads\/JJ-Mari-International-Movers-moving-company-18x9.png 18w, https:\/\/moverdb.com\/wp-content\/uploads\/JJ-Mari-International-Movers-moving-company-600x283.png 600w\" sizes=\"auto, (max-width: 1440px) 100vw, 1440px\" \/><\/p>\n<ul>\n<li>Lokale flytninger<\/li>\n<li>Internationale flytninger<\/li>\n<li>Flytning af husholdninger<\/li>\n<li>Flytning af virksomheder<\/li>\n<li>Emballage service<\/li>\n<li>Luft- og s\u00f8fragt<\/li>\n<li>Toldm\u00e6glervirksomhed<\/li>\n<li>H\u00e5ndtering af kunstv\u00e6rker<\/li>\n<li>Overf\u00f8rsel af k\u00f8ret\u00f8jer<\/li>\n<li>Opbevaringsfaciliteter<\/li>\n<\/ul>\n<p>JJ Mari International Movers er et internationalt logistik- og transportfirma med over 35 \u00e5rs erfaring og base i Caracas. De er medlem af IAM med 23 \u00e5rs erfaring og er akkrediteret af FIDI, som giver dem adgang til internationale netv\u00e6rk af flytteagenter, der arbejder efter h\u00f8je standarder.<\/p>\n<p>JJ Mari International Movers tilbyder d\u00f8r-til-d\u00f8r-flytteservice til private, virksomheder og diplomater. De har h\u00f8jtuddannet personale, som pakker dine ejendele ned og ud, og som er ekstra forsigtige med skr\u00f8belige genstande, herunder kunst og antikviteter. De arrangerer international transport med fly eller skib med toldklarering, som ogs\u00e5 kan omfatte overf\u00f8rsel af k\u00f8ret\u00f8jer.<\/p>\n<p>Hjemmeside: <a href=\"http:\/\/www.jjmarimovers.net\" target=\"_blank\" rel=\"noopener\">http:\/\/www.jjmarimovers.net<\/a><\/p>\n<h2><span class=\"ez-toc-section\" id=\"5_Moving_Life\"><\/span><strong>5. Liv i bev\u00e6gelse<\/strong><span class=\"ez-toc-section-end\"><\/span><\/h2>\n<p><img loading=\"lazy\" decoding=\"async\" class=\"alignnone size-full wp-image-10160\" src=\"https:\/\/moverdb.com\/wp-content\/uploads\/Moving-Life-international-moving-company.png\" alt=\"Moving Life internationalt flyttefirma\" width=\"1440\" height=\"679\" data-wp-pid=\"10160\" srcset=\"https:\/\/moverdb.com\/wp-content\/uploads\/Moving-Life-international-moving-company.png 1440w, https:\/\/moverdb.com\/wp-content\/uploads\/Moving-Life-international-moving-company-300x141.png 300w, https:\/\/moverdb.com\/wp-content\/uploads\/Moving-Life-international-moving-company-1024x483.png 1024w, https:\/\/moverdb.com\/wp-content\/uploads\/Moving-Life-international-moving-company-18x8.png 18w, https:\/\/moverdb.com\/wp-content\/uploads\/Moving-Life-international-moving-company-600x283.png 600w\" sizes=\"auto, (max-width: 1440px) 100vw, 1440px\" \/><\/p>\n<ul>\n<li>Lokale og nationale flytninger<\/li>\n<li>Internationale flytninger<\/li>\n<li>Flytning af husholdninger<\/li>\n<li>Flytning af kontorer<\/li>\n<li>D\u00f8r-til-d\u00f8r-service<\/li>\n<li>Emballage service<\/li>\n<li>Luft- og s\u00f8transport<\/li>\n<li>Toldprocedurer<\/li>\n<li>H\u00e5ndtering af kunst<\/li>\n<li>Overf\u00f8rsel af k\u00f8ret\u00f8jer<\/li>\n<\/ul>\n<p>Moving Life er et internationalt flyttefirma med over 19 \u00e5rs erfaring og base i Caracas. De underst\u00f8ttes af et netv\u00e6rk p\u00e5 over 2.000 medlemmer, der d\u00e6kker 170 lande og leverer tjenester over hele verden. De er medlem af IAM med otte \u00e5rs erfaring.<\/p>\n<p>Moving Life tilbyder d\u00f8r-til-d\u00f8r-flytteservice, der begynder med et bes\u00f8g f\u00f8r flytningen for at fastsl\u00e5 dine flyttebehov. De pakker dine ejendele ved hj\u00e6lp af professionelle teknikker, der er anerkendt af internationale standarder, og laver en opg\u00f8relse. De l\u00e6sser dine pakkede genstande i specialfremstillede tr\u00e6vogne til lufttransport eller metalcontainere til s\u00f8transport og gennemf\u00f8rer toldprocedurerne.<\/p>\n<p>Hjemmeside: <a href=\"http:\/\/www.movinglife.com.ve\" target=\"_blank\" rel=\"noopener\">http:\/\/www.movinglife.com.ve<\/a><\/p>\n<h2><span class=\"ez-toc-section\" id=\"6_Mudanzas_Internacionales_Global\"><\/span><strong>6. Mudanzas Internacionales Global<\/strong><span class=\"ez-toc-section-end\"><\/span><\/h2>\n<p><img loading=\"lazy\" decoding=\"async\" class=\"alignnone size-full wp-image-10162\" src=\"https:\/\/moverdb.com\/wp-content\/uploads\/Mudanzas-Internacionales-Global-moving-company.png\" alt=\"Mudanzas Internacionales Globalt flyttefirma\" width=\"1440\" height=\"682\" data-wp-pid=\"10162\" srcset=\"https:\/\/moverdb.com\/wp-content\/uploads\/Mudanzas-Internacionales-Global-moving-company.png 1440w, https:\/\/moverdb.com\/wp-content\/uploads\/Mudanzas-Internacionales-Global-moving-company-300x142.png 300w, https:\/\/moverdb.com\/wp-content\/uploads\/Mudanzas-Internacionales-Global-moving-company-1024x485.png 1024w, https:\/\/moverdb.com\/wp-content\/uploads\/Mudanzas-Internacionales-Global-moving-company-18x9.png 18w, https:\/\/moverdb.com\/wp-content\/uploads\/Mudanzas-Internacionales-Global-moving-company-600x284.png 600w\" sizes=\"auto, (max-width: 1440px) 100vw, 1440px\" \/><\/p>\n<ul>\n<li>Lokale og nationale flytninger<\/li>\n<li>Internationale flytninger<\/li>\n<li>Flytning af boliger<\/li>\n<li>Unders\u00f8gelse f\u00f8r flytning<\/li>\n<li>Emballage service<\/li>\n<li>Transportordninger<\/li>\n<li>Toldst\u00f8tte<\/li>\n<li>Sporing af flytning<\/li>\n<li>Opfylder internationale standarder<\/li>\n<li>Midlertidig opbevaring<\/li>\n<\/ul>\n<p>Mudanzas Internacionales Global er et flyttefirma, der blev grundlagt i 1988 og har base i Caracas. De er medlem af IAM med 35 \u00e5rs erfaring og er akkrediteret af FIDI. Disse medlemskaber g\u00f8r det muligt for dem at arbejde med et netv\u00e6rk af internationale flyttefirmaer, der kan hj\u00e6lpe dem med flytninger over hele verden.<\/p>\n<p>Mudanzas Internacionales Global tilbyder en personlig flytteservice, der lever op til internationale standarder. De tilbyder en indledende unders\u00f8gelse for at vurdere dine flyttebehov og komme med anbefalinger til de bedste flyttemuligheder. Deres erfarne pakkere vil bruge emballagematerialer af bedste kvalitet, der opfylder internationale regler for at beskytte dine ting.<\/p>\n<p>Hjemmeside: <a href=\"http:\/\/www.miglobal.com\" target=\"_blank\" rel=\"noopener\">http:\/\/www.miglobal.com<\/a><\/p>","protected":false},"excerpt":{"rendered":"<p>Moving can be complex especially if you are moving country. So, if you are planning on moving within, to or from Venezuela, then you may want to engage a moving company to assist you with your move. Below we have compiled a list of Venezuela based removal companies that are members of the International Association [&hellip;]<\/p>\n","protected":false},"author":4,"featured_media":10077,"parent":190,"menu_order":0,"comment_status":"closed","ping_status":"closed","template":"","meta":{"_genesis_hide_title":false,"_genesis_hide_breadcrumbs":false,"_genesis_hide_singular_image":false,"_genesis_hide_footer_widgets":false,"_genesis_custom_body_class":"","_genesis_custom_post_class":"","_genesis_layout":"","footnotes":""},"class_list":{"0":"post-10255","1":"page","2":"type-page","3":"status-publish","4":"has-post-thumbnail","6":"entry"},"_links":{"self":[{"href":"https:\/\/moverdb.com\/da\/wp-json\/wp\/v2\/pages\/10255","targetHints":{"allow":["GET"]}}],"collection":[{"href":"https:\/\/moverdb.com\/da\/wp-json\/wp\/v2\/pages"}],"about":[{"href":"https:\/\/moverdb.com\/da\/wp-json\/wp\/v2\/types\/page"}],"author":[{"embeddable":true,"href":"https:\/\/moverdb.com\/da\/wp-json\/wp\/v2\/users\/4"}],"replies":[{"embeddable":true,"href":"https:\/\/moverdb.com\/da\/wp-json\/wp\/v2\/comments?post=10255"}],"version-history":[{"count":1,"href":"https:\/\/moverdb.com\/da\/wp-json\/wp\/v2\/pages\/10255\/revisions"}],"predecessor-version":[{"id":10256,"href":"https:\/\/moverdb.com\/da\/wp-json\/wp\/v2\/pages\/10255\/revisions\/10256"}],"up":[{"embeddable":true,"href":"https:\/\/moverdb.com\/da\/wp-json\/wp\/v2\/pages\/190"}],"wp:featuredmedia":[{"embeddable":true,"href":"https:\/\/moverdb.com\/da\/wp-json\/wp\/v2\/media\/10077"}],"wp:attachment":[{"href":"https:\/\/moverdb.com\/da\/wp-json\/wp\/v2\/media?parent=10255"}],"curies":[{"name":"wp","href":"https:\/\/api.w.org\/{rel}","templated":true}]}}