{"id":10242,"date":"2023-06-22T15:43:24","date_gmt":"2023-06-22T15:43:24","guid":{"rendered":"https:\/\/moverdb.com\/?page_id=10242"},"modified":"2026-01-08T15:24:54","modified_gmt":"2026-01-08T15:24:54","slug":"moving-companies-uganda","status":"publish","type":"page","link":"https:\/\/moverdb.com\/da\/moving-companies\/moving-companies-uganda\/","title":{"rendered":"De 4 bedste internationale flyttefirmaer i Uganda"},"content":{"rendered":"<p>At flytte dit hjem eller din virksomhed i, til og fra Uganda kan v\u00e6re kompliceret, s\u00e5 hvis du f\u00e5r hj\u00e6lp af en <a href=\"https:\/\/moverdb.com\/da\/moving-companies\/\" data-internallinksmanager029f6b8e52c=\"79\" title=\"Top 25 internationale flyttefirmaer online\">flyttefirma<\/a> kan g\u00f8re en stor forskel. De kan hj\u00e6lpe med at pakke, arrangere transport og h\u00e5ndtere import\/eksport. Nedenfor har vi samlet en liste over Uganda-baserede <a href=\"https:\/\/moverdb.com\/da\/international-removals\/\" data-internallinksmanager029f6b8e52c=\"27\" title=\"De 36 bedste internationale flyttefirmaer i Storbritannien\">flyttefirmaer<\/a> der er medlemmer af den <a href=\"https:\/\/moverdb.com\/da\/iam\/\" data-internallinksmanager029f6b8e52c=\"23\" title=\"International Association of Movers (IAM) Forklaret\">Den internationale sammenslutning af flyttefirmaer<\/a> (IAM) og\/eller <a href=\"https:\/\/moverdb.com\/da\/fidi-faim\/\" data-internallinksmanager029f6b8e52c=\"16\" title=\"FIDI &amp; FAIM (FIDI Accredited International Mover) forklaret\">FIDI<\/a> Accredited International Mover (FAIM), som kan hj\u00e6lpe dig med din flytning.<\/p>\n<div id=\"ez-toc-container\" class=\"ez-toc-v2_0_83 ez-toc-wrap-left counter-hierarchy ez-toc-counter ez-toc-transparent ez-toc-container-direction\">\n<div class=\"ez-toc-title-container\">\n<p class=\"ez-toc-title\" style=\"cursor:inherit\">Sektioner<\/p>\n<span class=\"ez-toc-title-toggle\"><a href=\"#\" class=\"ez-toc-pull-right ez-toc-btn ez-toc-btn-xs ez-toc-btn-default ez-toc-toggle\" aria-label=\"Toggle indholdsfortegnelse\"><span class=\"ez-toc-js-icon-con\"><span class=\"\"><span class=\"eztoc-hide\" style=\"display:none;\">Toggle<\/span><span class=\"ez-toc-icon-toggle-span\"><svg style=\"fill: #999;color:#999\" xmlns=\"http:\/\/www.w3.org\/2000\/svg\" class=\"list-377408\" width=\"20px\" height=\"20px\" viewbox=\"0 0 24 24\" fill=\"none\"><path d=\"M6 6H4v2h2V6zm14 0H8v2h12V6zM4 11h2v2H4v-2zm16 0H8v2h12v-2zM4 16h2v2H4v-2zm16 0H8v2h12v-2z\" fill=\"currentColor\"><\/path><\/svg><svg style=\"fill: #999;color:#999\" class=\"arrow-unsorted-368013\" xmlns=\"http:\/\/www.w3.org\/2000\/svg\" width=\"10px\" height=\"10px\" viewbox=\"0 0 24 24\" version=\"1.2\" baseprofile=\"tiny\"><path d=\"M18.2 9.3l-6.2-6.3-6.2 6.3c-.2.2-.3.4-.3.7s.1.5.3.7c.2.2.4.3.7.3h11c.3 0 .5-.1.7-.3.2-.2.3-.5.3-.7s-.1-.5-.3-.7zM5.8 14.7l6.2 6.3 6.2-6.3c.2-.2.3-.5.3-.7s-.1-.5-.3-.7c-.2-.2-.4-.3-.7-.3h-11c-.3 0-.5.1-.7.3-.2.2-.3.5-.3.7s.1.5.3.7z\"\/><\/svg><\/span><\/span><\/span><\/a><\/span><\/div>\n<nav><ul class='ez-toc-list ez-toc-list-level-1 eztoc-toggle-hide-by-default' ><li class='ez-toc-page-1 ez-toc-heading-level-2'><a class=\"ez-toc-link ez-toc-heading-1\" href=\"https:\/\/moverdb.com\/da\/moving-companies\/moving-companies-uganda\/#1_JVK\" >1. JVK<\/a><\/li><li class='ez-toc-page-1 ez-toc-heading-level-2'><a class=\"ez-toc-link ez-toc-heading-2\" href=\"https:\/\/moverdb.com\/da\/moving-companies\/moving-companies-uganda\/#2_Nellions\" >2. Nellioner<\/a><\/li><li class='ez-toc-page-1 ez-toc-heading-level-2'><a class=\"ez-toc-link ez-toc-heading-3\" href=\"https:\/\/moverdb.com\/da\/moving-companies\/moving-companies-uganda\/#3_Uni_Movers\" >3. Uni Movers<\/a><\/li><li class='ez-toc-page-1 ez-toc-heading-level-2'><a class=\"ez-toc-link ez-toc-heading-4\" href=\"https:\/\/moverdb.com\/da\/moving-companies\/moving-companies-uganda\/#4_Worldwide_Movers_Africa\" >4. Verdensomsp\u00e6ndende flyttefirmaer Afrika<\/a><\/li><\/ul><\/nav><\/div>\n<h2><span class=\"ez-toc-section\" id=\"1_JVK\"><\/span><strong>1. JVK<\/strong><span class=\"ez-toc-section-end\"><\/span><\/h2>\n<p><img loading=\"lazy\" decoding=\"async\" class=\"alignnone size-full wp-image-10144\" src=\"https:\/\/moverdb.com\/wp-content\/uploads\/JVK-Uganda-international-moving-company.png\" alt=\"JVK Uganda internationalt flyttefirma\" width=\"1440\" height=\"680\" data-wp-pid=\"10144\" srcset=\"https:\/\/moverdb.com\/wp-content\/uploads\/JVK-Uganda-international-moving-company.png 1440w, https:\/\/moverdb.com\/wp-content\/uploads\/JVK-Uganda-international-moving-company-300x142.png 300w, https:\/\/moverdb.com\/wp-content\/uploads\/JVK-Uganda-international-moving-company-1024x484.png 1024w, https:\/\/moverdb.com\/wp-content\/uploads\/JVK-Uganda-international-moving-company-18x9.png 18w, https:\/\/moverdb.com\/wp-content\/uploads\/JVK-Uganda-international-moving-company-600x283.png 600w\" sizes=\"auto, (max-width: 1440px) 100vw, 1440px\" \/><\/p>\n<ul>\n<li>Nationale flytninger<\/li>\n<li>Internationale flytninger<\/li>\n<li>Flytning af husholdninger<\/li>\n<li>Flytning af kontorer<\/li>\n<li>Emballage service<\/li>\n<li>Vej-, s\u00f8- og lufttransport<\/li>\n<li>St\u00f8tte til dokumentation<\/li>\n<li><a href=\"https:\/\/moverdb.com\/da\/car-transport-shipping\/\" data-internallinksmanager029f6b8e52c=\"2\" title=\"2026 tilbud p\u00e5 international biltransport og forsendelse af k\u00f8ret\u00f8jer\">Forsendelse af k\u00f8ret\u00f8jer<\/a><\/li>\n<li>All-risk-forsikring<\/li>\n<li>Sikker opbevaring<\/li>\n<\/ul>\n<p>JVK er et internationalt flyttefirma grundlagt i 1979 i Bangkok med over 50 kontorer i Afrika, Asien og Stillehavsomr\u00e5det, herunder Kampala i Uganda. De har forbindelseskontorer og foretrukne flyttepartnere i omr\u00e5der, hvor de ikke selv opererer. De er medlem af IAM.<\/p>\n<p>JVK tilbyder en unders\u00f8gelse f\u00f8r flytningen for at vurdere dine pakkebehov og udarbejde et forslag til en d\u00f8r-til-d\u00f8r-flytning. De pakker og emballerer dine ejendele til sikker transit ved hj\u00e6lp af pakkematerialer af h\u00f8j kvalitet og s\u00e6rlige kasser til skr\u00f8belige genstande. De vil arrangere transport til lands, til vands eller i luften til din destination, og de vil v\u00e6re d\u00e6kket af en all-risk forsikring, og der vil blive ydet toldsupport.<\/p>\n<p>Hjemmeside: <a href=\"https:\/\/jvkafrica.com\/country\/uganda\/\" target=\"_blank\" rel=\"noopener\">https:\/\/jvkafrica.com\/country\/uganda\/<\/a><\/p>\n<h2><span class=\"ez-toc-section\" id=\"2_Nellions\"><\/span><strong>2. Nellioner<\/strong><span class=\"ez-toc-section-end\"><\/span><\/h2>\n<p><img loading=\"lazy\" decoding=\"async\" class=\"alignnone size-full wp-image-10164\" src=\"https:\/\/moverdb.com\/wp-content\/uploads\/Nellions-Uganda-international-moving-company.png\" alt=\"Nellions Uganda internationalt flyttefirma\" width=\"1440\" height=\"681\" data-wp-pid=\"10164\" srcset=\"https:\/\/moverdb.com\/wp-content\/uploads\/Nellions-Uganda-international-moving-company.png 1440w, https:\/\/moverdb.com\/wp-content\/uploads\/Nellions-Uganda-international-moving-company-300x142.png 300w, https:\/\/moverdb.com\/wp-content\/uploads\/Nellions-Uganda-international-moving-company-1024x484.png 1024w, https:\/\/moverdb.com\/wp-content\/uploads\/Nellions-Uganda-international-moving-company-18x9.png 18w, https:\/\/moverdb.com\/wp-content\/uploads\/Nellions-Uganda-international-moving-company-600x284.png 600w\" sizes=\"auto, (max-width: 1440px) 100vw, 1440px\" \/><\/p>\n<ul>\n<li>Lokale og nationale flytninger<\/li>\n<li>Internationale flytninger<\/li>\n<li>Flytning af husholdninger<\/li>\n<li>Flytning af kontorer<\/li>\n<li>Personlig service<\/li>\n<li>D\u00f8r-til-d\u00f8r-service<\/li>\n<li>Luft-, s\u00f8- og vejfragt<\/li>\n<li>Toldst\u00f8tte<\/li>\n<li>Flytning af k\u00f8ret\u00f8jer<\/li>\n<li>Opbevaringstjenester<\/li>\n<\/ul>\n<p>Nellions er et flytte- og udstationeringsfirma, der har kontorer i <a href=\"https:\/\/moverdb.com\/da\/moving-companies\/moving-companies-kenya\/\" data-internallinksmanager029f6b8e52c=\"305\" title=\"4 bedste internationale flyttefirmaer i Kenya\">Kenya<\/a> og Uganda. Ugandakontoret ligger i Kampala og blev grundlagt i 2015. De arbejder med trov\u00e6rdige partnere, der er blevet godkendt til at levere tjenester uden for Uganda. De er medlem af IAM med fire \u00e5rs anciennitet.<\/p>\n<p>Nellions tilbyder en personlig flytteservice med flyttekonsulenter, der st\u00f8tter dig under hele flytningen, startende med en vurdering f\u00f8r flytningen personligt eller virtuelt. De tilbyder d\u00f8r-til-d\u00f8r, d\u00f8r-til<a href=\"https:\/\/moverdb.com\/da\/top-49-container-ports\/\" data-internallinksmanager029f6b8e52c=\"80\" title=\"Top 49 st\u00f8rste og travleste containerhavne i 2025\">port<\/a> og port-to-door-muligheder med luft-, s\u00f8- og vejtransport med toldsupport. De tilbyder fulde og mindre end fulde containerladninger og muligheder for stykgodsforsendelse.<\/p>\n<p>Hjemmeside: <a href=\"https:\/\/nellions.co.ug\/\" target=\"_blank\" rel=\"noopener\">https:\/\/nellions.co.ug\/<\/a><\/p>\n<h2><span class=\"ez-toc-section\" id=\"3_Uni_Movers\"><\/span><strong>3. Uni Movers<\/strong><span class=\"ez-toc-section-end\"><\/span><\/h2>\n<p><img loading=\"lazy\" decoding=\"async\" class=\"alignnone size-full wp-image-10199\" src=\"https:\/\/moverdb.com\/wp-content\/uploads\/Uni-Movers-international-moving-company.png\" alt=\"Uni Movers internationalt flyttefirma\" width=\"1440\" height=\"670\" data-wp-pid=\"10199\" srcset=\"https:\/\/moverdb.com\/wp-content\/uploads\/Uni-Movers-international-moving-company.png 1440w, https:\/\/moverdb.com\/wp-content\/uploads\/Uni-Movers-international-moving-company-300x140.png 300w, https:\/\/moverdb.com\/wp-content\/uploads\/Uni-Movers-international-moving-company-1024x476.png 1024w, https:\/\/moverdb.com\/wp-content\/uploads\/Uni-Movers-international-moving-company-18x8.png 18w, https:\/\/moverdb.com\/wp-content\/uploads\/Uni-Movers-international-moving-company-600x279.png 600w\" sizes=\"auto, (max-width: 1440px) 100vw, 1440px\" \/><\/p>\n<ul>\n<li>Nationale flytninger<\/li>\n<li>Internationale flytninger<\/li>\n<li>Flytning af boliger<\/li>\n<li>Flytning af virksomheder<\/li>\n<li>Emballage service<\/li>\n<li>Transport ad vej, s\u00f8 og luft<\/li>\n<li>Toldklarering<\/li>\n<li>Flytning af k\u00f8ret\u00f8jer<\/li>\n<li>Forsikring<\/li>\n<li>Kort- og langtidsopbevaring<\/li>\n<\/ul>\n<p>Uni Movers er et pakke- og flyttefirma, der tilbyder nationale flytninger og internationale flytninger, og de er baseret i Kampala. De er medlem af IAM med 16 \u00e5rs erfaring, hvilket giver dem adgang til et internationalt netv\u00e6rk af flyttefirmaer.<\/p>\n<p>Uni Movers tilbyder flytteservice til hjem og virksomheder, hvilket kan omfatte at tage dine k\u00f8ret\u00f8jer med dig. De vil hj\u00e6lpe dig med alle aspekter af din flytning, herunder at pakke dine ting sikkert, arrangere transport og toldklarering. De tilbyder yderligere tjenester, som omfatter el- og VVS-tjenester, husunders\u00f8gelse, gasning, reng\u00f8ringstjenester, forsikring og opbevaring.<\/p>\n<p>Hjemmeside: <a href=\"https:\/\/www.unimoversug.com\/\" target=\"_blank\" rel=\"noopener\">https:\/\/www.unimoversug.com\/<\/a><\/p>\n<h2><span class=\"ez-toc-section\" id=\"4_Worldwide_Movers_Africa\"><\/span><strong>4. Verdensomsp\u00e6ndende flyttefirmaer Afrika<\/strong><span class=\"ez-toc-section-end\"><\/span><\/h2>\n<p><img loading=\"lazy\" decoding=\"async\" class=\"alignnone size-full wp-image-10208\" src=\"https:\/\/moverdb.com\/wp-content\/uploads\/Worldwide-Movers-Africa-Uganda-international-moving-company.png\" alt=\"Worldwide Movers Africa Uganda internationalt flyttefirma\" width=\"1440\" height=\"682\" data-wp-pid=\"10208\" srcset=\"https:\/\/moverdb.com\/wp-content\/uploads\/Worldwide-Movers-Africa-Uganda-international-moving-company.png 1440w, https:\/\/moverdb.com\/wp-content\/uploads\/Worldwide-Movers-Africa-Uganda-international-moving-company-300x142.png 300w, https:\/\/moverdb.com\/wp-content\/uploads\/Worldwide-Movers-Africa-Uganda-international-moving-company-1024x485.png 1024w, https:\/\/moverdb.com\/wp-content\/uploads\/Worldwide-Movers-Africa-Uganda-international-moving-company-18x9.png 18w, https:\/\/moverdb.com\/wp-content\/uploads\/Worldwide-Movers-Africa-Uganda-international-moving-company-600x284.png 600w\" sizes=\"auto, (max-width: 1440px) 100vw, 1440px\" \/><\/p>\n<ul>\n<li>Lokale og nationale flytninger<\/li>\n<li>Internationale flytninger<\/li>\n<li>Flytning af husholdninger<\/li>\n<li>Flytning af kontorer<\/li>\n<li>Emballage service<\/li>\n<li>Vej-, s\u00f8- og lufttransport<\/li>\n<li>Toldklarering<\/li>\n<li>Flytning af k\u00e6ledyr<\/li>\n<li>Forsikring<\/li>\n<li>Opbevaringsfaciliteter<\/li>\n<\/ul>\n<p>Worldwide Movers Africa er et internationalt flyttefirma, der blev etableret i Tanzania i 1993 med kontorer i 16 afrikanske lande, herunder Kampala i Uganda, der \u00e5bnede i 1997. De har agenturnetv\u00e6rkspartnere til at st\u00f8tte dem med internationale flytninger. De er medlem af IAM med 26 \u00e5rs service og er akkrediteret af FIDI.<\/p>\n<p>Worldwide Movers Africa tilbyder d\u00f8r-til-d\u00f8r-flytteservice med professionelt uddannede pakkere, der bruger pakkematerialer af h\u00f8j kvalitet til at beskytte dine ejendele. De arrangerer sikker transport af dine ejendele ad landevej, til s\u00f8s eller i luften med toldklarering og forsikring. De hj\u00e6lper ogs\u00e5 med at flytte dit k\u00e6ledyr, finde bolig og skoler samt orientering.<\/p>\n<p>Hjemmeside: <a href=\"https:\/\/www.worldwidemoversafrica.com\/\" target=\"_blank\" rel=\"noopener\">https:\/\/www.worldwidemoversafrica.com\/<\/a><\/p>","protected":false},"excerpt":{"rendered":"<p>Moving your home or company within, to and from Uganda can be complicated so enlisting the assistance of a moving company can make a big difference. They can assist with packing, transport arrangements and import\/export handling. Below we have compiled a list of Uganda based removal companies that are members of the International Association of [&hellip;]<\/p>\n","protected":false},"author":4,"featured_media":10144,"parent":190,"menu_order":0,"comment_status":"closed","ping_status":"closed","template":"","meta":{"_genesis_hide_title":false,"_genesis_hide_breadcrumbs":false,"_genesis_hide_singular_image":false,"_genesis_hide_footer_widgets":false,"_genesis_custom_body_class":"","_genesis_custom_post_class":"","_genesis_layout":"","footnotes":""},"class_list":{"0":"post-10242","1":"page","2":"type-page","3":"status-publish","4":"has-post-thumbnail","6":"entry"},"_links":{"self":[{"href":"https:\/\/moverdb.com\/da\/wp-json\/wp\/v2\/pages\/10242","targetHints":{"allow":["GET"]}}],"collection":[{"href":"https:\/\/moverdb.com\/da\/wp-json\/wp\/v2\/pages"}],"about":[{"href":"https:\/\/moverdb.com\/da\/wp-json\/wp\/v2\/types\/page"}],"author":[{"embeddable":true,"href":"https:\/\/moverdb.com\/da\/wp-json\/wp\/v2\/users\/4"}],"replies":[{"embeddable":true,"href":"https:\/\/moverdb.com\/da\/wp-json\/wp\/v2\/comments?post=10242"}],"version-history":[{"count":1,"href":"https:\/\/moverdb.com\/da\/wp-json\/wp\/v2\/pages\/10242\/revisions"}],"predecessor-version":[{"id":10243,"href":"https:\/\/moverdb.com\/da\/wp-json\/wp\/v2\/pages\/10242\/revisions\/10243"}],"up":[{"embeddable":true,"href":"https:\/\/moverdb.com\/da\/wp-json\/wp\/v2\/pages\/190"}],"wp:featuredmedia":[{"embeddable":true,"href":"https:\/\/moverdb.com\/da\/wp-json\/wp\/v2\/media\/10144"}],"wp:attachment":[{"href":"https:\/\/moverdb.com\/da\/wp-json\/wp\/v2\/media?parent=10242"}],"curies":[{"name":"wp","href":"https:\/\/api.w.org\/{rel}","templated":true}]}}