{"id":10219,"date":"2023-06-22T15:52:47","date_gmt":"2023-06-22T15:52:47","guid":{"rendered":"https:\/\/moverdb.com\/?page_id=10219"},"modified":"2026-01-08T15:29:38","modified_gmt":"2026-01-08T15:29:38","slug":"moving-companies-sweden","status":"publish","type":"page","link":"https:\/\/moverdb.com\/da\/moving-companies\/moving-companies-sweden\/","title":{"rendered":"De 8 bedste internationale flyttefirmaer i Sverige"},"content":{"rendered":"<p>Bev\u00e6ger du dig indeni, til eller fra <a href=\"https:\/\/moverdb.com\/da\/moving-to-sweden\/\" data-internallinksmanager029f6b8e52c=\"326\" title=\"Flytter du til Sverige? 2026 Leveomkostninger og flyttetips\">Sverige<\/a>? S\u00e5 kan det v\u00e6re en god id\u00e9 at f\u00e5 hj\u00e6lp af et flyttefirma, der kan hj\u00e6lpe dig med at planl\u00e6gge din flytning, herunder pakning, transport og h\u00e5ndtering af toldprocedurer ved internationale flytninger. Nedenfor har vi samlet en liste over svenske <a href=\"https:\/\/moverdb.com\/da\/moving-companies\/\" data-internallinksmanager029f6b8e52c=\"79\" title=\"Top 25 internationale flyttefirmaer online\">flyttefirmaer<\/a> der er medlemmer af den <a href=\"https:\/\/moverdb.com\/da\/iam\/\" data-internallinksmanager029f6b8e52c=\"23\" title=\"International Association of Movers (IAM) Forklaret\">Den internationale sammenslutning af flyttefirmaer<\/a> (IAM) og\/eller <a href=\"https:\/\/moverdb.com\/da\/fidi-faim\/\" data-internallinksmanager029f6b8e52c=\"16\" title=\"FIDI &amp; FAIM (FIDI Accredited International Mover) forklaret\">FIDI<\/a> akkrediteret international flyttevirksomhed (FAIM), som kan hj\u00e6lpe dig med din flytning.<\/p>\n<div id=\"ez-toc-container\" class=\"ez-toc-v2_0_82_2 ez-toc-wrap-left counter-hierarchy ez-toc-counter ez-toc-transparent ez-toc-container-direction\">\n<div class=\"ez-toc-title-container\">\n<p class=\"ez-toc-title\" style=\"cursor:inherit\">Sektioner<\/p>\n<span class=\"ez-toc-title-toggle\"><a href=\"#\" class=\"ez-toc-pull-right ez-toc-btn ez-toc-btn-xs ez-toc-btn-default ez-toc-toggle\" aria-label=\"Toggle indholdsfortegnelse\"><span class=\"ez-toc-js-icon-con\"><span class=\"\"><span class=\"eztoc-hide\" style=\"display:none;\">Toggle<\/span><span class=\"ez-toc-icon-toggle-span\"><svg style=\"fill: #999;color:#999\" xmlns=\"http:\/\/www.w3.org\/2000\/svg\" class=\"list-377408\" width=\"20px\" height=\"20px\" viewbox=\"0 0 24 24\" fill=\"none\"><path d=\"M6 6H4v2h2V6zm14 0H8v2h12V6zM4 11h2v2H4v-2zm16 0H8v2h12v-2zM4 16h2v2H4v-2zm16 0H8v2h12v-2z\" fill=\"currentColor\"><\/path><\/svg><svg style=\"fill: #999;color:#999\" class=\"arrow-unsorted-368013\" xmlns=\"http:\/\/www.w3.org\/2000\/svg\" width=\"10px\" height=\"10px\" viewbox=\"0 0 24 24\" version=\"1.2\" baseprofile=\"tiny\"><path d=\"M18.2 9.3l-6.2-6.3-6.2 6.3c-.2.2-.3.4-.3.7s.1.5.3.7c.2.2.4.3.7.3h11c.3 0 .5-.1.7-.3.2-.2.3-.5.3-.7s-.1-.5-.3-.7zM5.8 14.7l6.2 6.3 6.2-6.3c.2-.2.3-.5.3-.7s-.1-.5-.3-.7c-.2-.2-.4-.3-.7-.3h-11c-.3 0-.5.1-.7.3-.2.2-.3.5-.3.7s.1.5.3.7z\"\/><\/svg><\/span><\/span><\/span><\/a><\/span><\/div>\n<nav><ul class='ez-toc-list ez-toc-list-level-1 eztoc-toggle-hide-by-default' ><li class='ez-toc-page-1 ez-toc-heading-level-2'><a class=\"ez-toc-link ez-toc-heading-1\" href=\"https:\/\/moverdb.com\/da\/moving-companies\/moving-companies-sweden\/#1_Alfa_Moving\" >1. Alfa Moving<\/a><\/li><li class='ez-toc-page-1 ez-toc-heading-level-2'><a class=\"ez-toc-link ez-toc-heading-2\" href=\"https:\/\/moverdb.com\/da\/moving-companies\/moving-companies-sweden\/#2_Aspire_Mobility\" >2. Aspire mobilitet<\/a><\/li><li class='ez-toc-page-1 ez-toc-heading-level-2'><a class=\"ez-toc-link ez-toc-heading-3\" href=\"https:\/\/moverdb.com\/da\/moving-companies\/moving-companies-sweden\/#3_Freys_Express\" >3. Freys Express<\/a><\/li><li class='ez-toc-page-1 ez-toc-heading-level-2'><a class=\"ez-toc-link ez-toc-heading-4\" href=\"https:\/\/moverdb.com\/da\/moving-companies\/moving-companies-sweden\/#4_Future_Mobility\" >4. Fremtidig mobilitet<\/a><\/li><li class='ez-toc-page-1 ez-toc-heading-level-2'><a class=\"ez-toc-link ez-toc-heading-5\" href=\"https:\/\/moverdb.com\/da\/moving-companies\/moving-companies-sweden\/#5_GLC_Flytt\" >5. GLC Flytt<\/a><\/li><li class='ez-toc-page-1 ez-toc-heading-level-2'><a class=\"ez-toc-link ez-toc-heading-6\" href=\"https:\/\/moverdb.com\/da\/moving-companies\/moving-companies-sweden\/#6_Mirkka_International_Moving\" >6. Mirkka International Moving<\/a><\/li><li class='ez-toc-page-1 ez-toc-heading-level-2'><a class=\"ez-toc-link ez-toc-heading-7\" href=\"https:\/\/moverdb.com\/da\/moving-companies\/moving-companies-sweden\/#7_Stadsbudkontoret\" >7. Stadsbudkontoret<\/a><\/li><li class='ez-toc-page-1 ez-toc-heading-level-2'><a class=\"ez-toc-link ez-toc-heading-8\" href=\"https:\/\/moverdb.com\/da\/moving-companies\/moving-companies-sweden\/#8_TBA_Transporter\" >8. TBA-transport\u00f8r<\/a><\/li><li class='ez-toc-page-1 ez-toc-heading-level-2'><a class=\"ez-toc-link ez-toc-heading-9\" href=\"https:\/\/moverdb.com\/da\/moving-companies\/moving-companies-sweden\/#Other_Useful_Guides_to_Sweden\" >Andre nyttige guider til Sverige<\/a><\/li><\/ul><\/nav><\/div>\n<h2><span class=\"ez-toc-section\" id=\"1_Alfa_Moving\"><\/span><strong>1. Alfa Moving<\/strong><span class=\"ez-toc-section-end\"><\/span><\/h2>\n<p><img loading=\"lazy\" decoding=\"async\" class=\"alignnone size-full wp-image-10073\" src=\"https:\/\/moverdb.com\/wp-content\/uploads\/Alfa-Moving-international-moving-company.png\" alt=\"Alfa Moving internationalt flyttefirma\" width=\"1440\" height=\"681\" data-wp-pid=\"10073\" srcset=\"https:\/\/moverdb.com\/wp-content\/uploads\/Alfa-Moving-international-moving-company.png 1440w, https:\/\/moverdb.com\/wp-content\/uploads\/Alfa-Moving-international-moving-company-300x142.png 300w, https:\/\/moverdb.com\/wp-content\/uploads\/Alfa-Moving-international-moving-company-1024x484.png 1024w, https:\/\/moverdb.com\/wp-content\/uploads\/Alfa-Moving-international-moving-company-18x9.png 18w, https:\/\/moverdb.com\/wp-content\/uploads\/Alfa-Moving-international-moving-company-600x284.png 600w\" sizes=\"auto, (max-width: 1440px) 100vw, 1440px\" \/><\/p>\n<ul>\n<li>Nationale flytninger<\/li>\n<li>Internationale flytninger<\/li>\n<li>Flytning af boliger<\/li>\n<li>Flytning af virksomheder<\/li>\n<li>Flytningstjenester<\/li>\n<li>D\u00f8r-til-d\u00f8r-service<\/li>\n<li>Transportordninger<\/li>\n<li>Immigration og visum<\/li>\n<li>Forsikring<\/li>\n<li>Opbevaringsfaciliteter<\/li>\n<\/ul>\n<p>Alfa Moving er en skandinavisk leverand\u00f8r af mobilitets- og udstationeringstjenester, der blev etableret i 1995 og har 10 kontorer i Sverige, <a href=\"https:\/\/moverdb.com\/da\/moving-to-norway\/\" data-internallinksmanager029f6b8e52c=\"325\" title=\"Flytter du til Norge? 2026 Leveomkostninger og flyttetips\">Norge<\/a>, <a href=\"https:\/\/moverdb.com\/da\/moving-to-denmark\/\" data-internallinksmanager029f6b8e52c=\"335\" title=\"Flytter du til Danmark? 2026 Leveomkostninger og tips til flytning\">Danmark<\/a> og <a href=\"https:\/\/moverdb.com\/da\/moving-to-finland\/\" data-internallinksmanager029f6b8e52c=\"345\" title=\"Flytter du til Finland? 2026 Leveomkostninger og tips til flytning\">Finland<\/a>. De tilbyder flyttetjenester til 150 lande gennem deres internationale netv\u00e6rk. De er medlem af IAM med 28 \u00e5rs erfaring og er akkrediteret af FIDI.<\/p>\n<p>Alfa Moving tilbyder en d\u00f8r-til-d\u00f8r-service, der omfatter al planl\u00e6gning og administration af din flytning. De vil v\u00e6lge den bedste l\u00f8sning til din flytning baseret p\u00e5 st\u00f8rrelse, indhold og destination for din flytning. De tilbyder ogs\u00e5 udstationeringsservice, som omfatter bolig- og skoles\u00f8gning, midlertidig indkvartering, orientering, bos\u00e6tningsservice, kultur- og sprogtr\u00e6ning.<\/p>\n<p>Hjemmeside: <a href=\"http:\/\/www.alfamoving.com\" target=\"_blank\" rel=\"noopener\">http:\/\/www.alfamoving.com<\/a><\/p>\n<h2><span class=\"ez-toc-section\" id=\"2_Aspire_Mobility\"><\/span><strong>2. Aspire mobilitet<\/strong><span class=\"ez-toc-section-end\"><\/span><\/h2>\n<p><img loading=\"lazy\" decoding=\"async\" class=\"alignnone size-full wp-image-10081\" src=\"https:\/\/moverdb.com\/wp-content\/uploads\/Aspire-Mobility-international-moving-company.png\" alt=\"Aspire Mobility internationalt flyttefirma\" width=\"1440\" height=\"683\" data-wp-pid=\"10081\" srcset=\"https:\/\/moverdb.com\/wp-content\/uploads\/Aspire-Mobility-international-moving-company.png 1440w, https:\/\/moverdb.com\/wp-content\/uploads\/Aspire-Mobility-international-moving-company-300x142.png 300w, https:\/\/moverdb.com\/wp-content\/uploads\/Aspire-Mobility-international-moving-company-1024x486.png 1024w, https:\/\/moverdb.com\/wp-content\/uploads\/Aspire-Mobility-international-moving-company-18x9.png 18w, https:\/\/moverdb.com\/wp-content\/uploads\/Aspire-Mobility-international-moving-company-600x285.png 600w\" sizes=\"auto, (max-width: 1440px) 100vw, 1440px\" \/><\/p>\n<ul>\n<li>Internationale flytninger<\/li>\n<li>Flytning af husholdninger<\/li>\n<li>Flytningstjenester<\/li>\n<li>Flyt konsulent<\/li>\n<li>Emballage service<\/li>\n<li>Transport til vands og i luften<\/li>\n<li>St\u00f8tte til dokumentation<\/li>\n<li>Indvandring<\/li>\n<li>Forsikring<\/li>\n<li>Opbevaringsfaciliteter<\/li>\n<\/ul>\n<p>Aspire Mobility er en international flytte- og relocationafdeling af Mobeltransport Danmark, der blev grundlagt i 1879 med afdelinger i K\u00f8benhavn, Stockholm, Aarhus, Odense, Aalborg og Hiller\u00f8d. De har et netv\u00e6rk af verdensomsp\u00e6ndende partnere, der er udvalgt til at st\u00f8tte dem i over 100 lande. De er medlem af IAM med 12 \u00e5rs service.<\/p>\n<p>Aspire Mobility stiller en flyttekonsulent til r\u00e5dighed, som vil foretage en unders\u00f8gelse f\u00f8r flytningen for at bestemme st\u00f8rrelsen og kravene til pakning. De vil s\u00f8rge for pakning af dine ejendele, transport internationalt med skib eller fly, udpakning og ops\u00e6tning af m\u00f8bler. De tilbyder udstationeringstjenester, der omfatter bolig- og skoles\u00f8gning, visum og immigration, bos\u00e6tning og afrejse.<\/p>\n<p>Hjemmeside: <a href=\"http:\/\/www.aspiremobility.com\" target=\"_blank\" rel=\"noopener\">http:\/\/www.aspiremobility.com<\/a><\/p>\n<h2><span class=\"ez-toc-section\" id=\"3_Freys_Express\"><\/span><strong>3. Freys Express<\/strong><span class=\"ez-toc-section-end\"><\/span><\/h2>\n<p><img loading=\"lazy\" decoding=\"async\" class=\"alignnone size-full wp-image-10119\" src=\"https:\/\/moverdb.com\/wp-content\/uploads\/Freys-Express-international-moving-company.png\" alt=\"Freys Express internationalt flyttefirma\" width=\"1440\" height=\"674\" data-wp-pid=\"10119\" srcset=\"https:\/\/moverdb.com\/wp-content\/uploads\/Freys-Express-international-moving-company.png 1440w, https:\/\/moverdb.com\/wp-content\/uploads\/Freys-Express-international-moving-company-300x140.png 300w, https:\/\/moverdb.com\/wp-content\/uploads\/Freys-Express-international-moving-company-1024x479.png 1024w, https:\/\/moverdb.com\/wp-content\/uploads\/Freys-Express-international-moving-company-18x8.png 18w, https:\/\/moverdb.com\/wp-content\/uploads\/Freys-Express-international-moving-company-600x281.png 600w\" sizes=\"auto, (max-width: 1440px) 100vw, 1440px\" \/><\/p>\n<ul>\n<li>Nationale flytninger<\/li>\n<li>Internationale flytninger<\/li>\n<li>Flytning af husholdninger<\/li>\n<li>Flytning af virksomheder<\/li>\n<li>D\u00f8r-til-d\u00f8r-service<\/li>\n<li>Forvaltning af flytning<\/li>\n<li>Vej-, s\u00f8- og lufttransport<\/li>\n<li>Toldklarering<\/li>\n<li>Forsikring<\/li>\n<li>Kort- og langtidsopbevaring<\/li>\n<\/ul>\n<p>Freys Express er en logistisk flyttevirksomhed grundlagt i 1896 med syv kontorer i G\u00f6teborg, Karlstad, Link\u00f6ping, Malm\u00f8, Stockholm, Uppsala og Orebro. De har etableret kontakter med internationale partnere, som hj\u00e6lper dem med flytninger uden for Sverige. De er medlem af IAM med 20 \u00e5rs erfaring og er akkrediteret af FIDI.<\/p>\n<p>Freys Express tilbyder d\u00f8r-til-d\u00f8r-flytninger med en ubrudt k\u00e6de fra planl\u00e6gning af din flytning til udpakning p\u00e5 din destination. De laver en opg\u00f8relse over dine ejendele for at vurdere dine behov. De tilbyder en pakke-, m\u00e6rknings- og transportservice, der sikrer, at dine ejendele ankommer sikkert, komplet med toldklarering og udpakning.<\/p>\n<p>Hjemmeside: <a href=\"http:\/\/gmoving.se\" target=\"_blank\" rel=\"noopener\">http:\/\/gmoving.se<\/a><\/p>\n<h2><span class=\"ez-toc-section\" id=\"4_Future_Mobility\"><\/span><strong>4. Fremtidig mobilitet<\/strong><span class=\"ez-toc-section-end\"><\/span><\/h2>\n<p><img loading=\"lazy\" decoding=\"async\" class=\"alignnone size-full wp-image-10122\" src=\"https:\/\/moverdb.com\/wp-content\/uploads\/Future-Mobility-international-moving-company.png\" alt=\"Future Mobility internationalt flyttefirma\" width=\"1440\" height=\"683\" data-wp-pid=\"10122\" srcset=\"https:\/\/moverdb.com\/wp-content\/uploads\/Future-Mobility-international-moving-company.png 1440w, https:\/\/moverdb.com\/wp-content\/uploads\/Future-Mobility-international-moving-company-300x142.png 300w, https:\/\/moverdb.com\/wp-content\/uploads\/Future-Mobility-international-moving-company-1024x486.png 1024w, https:\/\/moverdb.com\/wp-content\/uploads\/Future-Mobility-international-moving-company-18x9.png 18w, https:\/\/moverdb.com\/wp-content\/uploads\/Future-Mobility-international-moving-company-600x285.png 600w\" sizes=\"auto, (max-width: 1440px) 100vw, 1440px\" \/><\/p>\n<ul>\n<li>Nationale flytninger<\/li>\n<li><a href=\"https:\/\/moverdb.com\/da\/international-removals\/\" data-internallinksmanager029f6b8e52c=\"27\" title=\"De 36 bedste internationale flyttefirmaer i Storbritannien\">Internationale flytninger<\/a><\/li>\n<li>Flytning af husholdninger<\/li>\n<li>Flytning af virksomheder<\/li>\n<li>Medarbejdernes mobilitet<\/li>\n<li>Ekspresforsendelse<\/li>\n<li>Gratis inspektion<\/li>\n<li>Emballage service<\/li>\n<li>Tilrettel\u00e6ggelse af transport<\/li>\n<li>Opbevaringsfaciliteter<\/li>\n<\/ul>\n<p>Future Mobility er et internationalt flyttefirma med base i Stockholm. De er medlem af IAM med fire \u00e5rs anciennitet, hvilket giver dem et internationalt netv\u00e6rk af flytteagenter, der kan st\u00f8tte deres flytteservice i udlandet.<\/p>\n<p>Future Mobility tilbyder flytninger til og fra Sverige, og de tilbyder en gratis inspektion for at skabe et skr\u00e6ddersyet tilbud baseret p\u00e5 dine m\u00e6ngder og behov. De tager sig af alle trin i din flytning for at lette den. De tilbyder pakke- og montagetjenester for at spare dig tid og beskytte dine ejendele under transporten. De tilbyder ogs\u00e5 assistance med medarbejdermobilitet og hj\u00e6lper arbejdsgivere med at administrere medarbejderflytninger.<\/p>\n<p>Hjemmeside: <a href=\"http:\/\/www.futuremobility.nu\" target=\"_blank\" rel=\"noopener\">http:\/\/www.futuremobility.nu<\/a><\/p>\n<h2><span class=\"ez-toc-section\" id=\"5_GLC_Flytt\"><\/span><strong>5. GLC Flytt<\/strong><span class=\"ez-toc-section-end\"><\/span><\/h2>\n<p><img loading=\"lazy\" decoding=\"async\" class=\"alignnone size-full wp-image-10127\" src=\"https:\/\/moverdb.com\/wp-content\/uploads\/GLC-Flytt-international-moving-company.png\" alt=\"GLC Flytt internationalt flyttefirma\" width=\"1440\" height=\"680\" data-wp-pid=\"10127\" srcset=\"https:\/\/moverdb.com\/wp-content\/uploads\/GLC-Flytt-international-moving-company.png 1440w, https:\/\/moverdb.com\/wp-content\/uploads\/GLC-Flytt-international-moving-company-300x142.png 300w, https:\/\/moverdb.com\/wp-content\/uploads\/GLC-Flytt-international-moving-company-1024x484.png 1024w, https:\/\/moverdb.com\/wp-content\/uploads\/GLC-Flytt-international-moving-company-18x9.png 18w, https:\/\/moverdb.com\/wp-content\/uploads\/GLC-Flytt-international-moving-company-600x283.png 600w\" sizes=\"auto, (max-width: 1440px) 100vw, 1440px\" \/><\/p>\n<ul>\n<li>Nationale flytninger<\/li>\n<li>Internationale flytninger<\/li>\n<li>Flytning af husholdninger<\/li>\n<li>Kontor- og industriflytninger<\/li>\n<li>L\u00f8sninger fra d\u00f8r til d\u00f8r<\/li>\n<li>Emballeringstjenester<\/li>\n<li>Transportordninger<\/li>\n<li>Toldklarering<\/li>\n<li>Forsikring<\/li>\n<li>Opbevaringsfaciliteter<\/li>\n<\/ul>\n<p>GLC Flytt er et flyttefirma, der tilbyder flytte- og lagertjenester til virksomheder og privatpersoner, og som er baseret i G\u00f6teborg med r\u00f8dder tilbage til begyndelsen af 1980'erne. De bruger et internationalt netv\u00e6rk af flytteagenter til at hj\u00e6lpe dem med flytninger over hele verden. De er medlem af IAM med 26 \u00e5rs erfaring.<\/p>\n<p>GLC Flytt tilbyder nationale og internationale d\u00f8r-til-d\u00f8r-flytninger for private og virksomheder. De tilbyder pakkemuligheder, som omfatter selvpakning eller komplet pakkeservice, der bruger kvalitetsemballagematerialer og s\u00e6rlig omhu for f\u00f8lsomme varer. De planl\u00e6gger transport og h\u00e5ndterer told samt tilbyder reng\u00f8ring og andre hj\u00e6lpeydelser.<\/p>\n<p>Hjemmeside: <a href=\"http:\/\/www.glcflytt.se\" target=\"_blank\" rel=\"noopener\">http:\/\/www.glcflytt.se<\/a><\/p>\n<h2><span class=\"ez-toc-section\" id=\"6_Mirkka_International_Moving\"><\/span><strong>6. Mirkka International Moving<\/strong><span class=\"ez-toc-section-end\"><\/span><\/h2>\n<p><img loading=\"lazy\" decoding=\"async\" class=\"alignnone size-full wp-image-10156\" src=\"https:\/\/moverdb.com\/wp-content\/uploads\/Mirkka-International-Moving-company.png\" alt=\"Mirkka International Flyttefirma\" width=\"1440\" height=\"680\" data-wp-pid=\"10156\" srcset=\"https:\/\/moverdb.com\/wp-content\/uploads\/Mirkka-International-Moving-company.png 1440w, https:\/\/moverdb.com\/wp-content\/uploads\/Mirkka-International-Moving-company-300x142.png 300w, https:\/\/moverdb.com\/wp-content\/uploads\/Mirkka-International-Moving-company-1024x484.png 1024w, https:\/\/moverdb.com\/wp-content\/uploads\/Mirkka-International-Moving-company-18x9.png 18w, https:\/\/moverdb.com\/wp-content\/uploads\/Mirkka-International-Moving-company-600x283.png 600w\" sizes=\"auto, (max-width: 1440px) 100vw, 1440px\" \/><\/p>\n<ul>\n<li>Lokale og nationale flytninger<\/li>\n<li>Internationale flytninger<\/li>\n<li>Flytning af husholdninger<\/li>\n<li>Flytning af kontorer<\/li>\n<li>Skr\u00e6ddersyede l\u00f8sninger<\/li>\n<li>Flytning af sm\u00e5 ting til hele huse<\/li>\n<li>Professionelt flyttehold<\/li>\n<li>Vej-, luft- og s\u00f8transport<\/li>\n<li>Reng\u00f8ring af hus<\/li>\n<li>Kort- og langtidsopbevaringsfaciliteter<\/li>\n<\/ul>\n<p>Mirkka International Moving er et nationalt og internationalt flyttefirma, der har over 40 \u00e5rs erfaring og er baseret i J\u00f6nk\u00f6ping. De er medlem af IAM med otte \u00e5rs service, hvilket giver dem adgang til et internationalt netv\u00e6rk af flytteagenter, der kan levere tjenester over hele verden.<\/p>\n<p>Mirkka International Moving tilbyder skr\u00e6ddersyede flytteservices til et lille antal genstande og flytninger af hele huse lokalt, nationalt og internationalt. De leverer flyttetjenester med et professionelt team, der vil organisere din flytning med vej-, luft- og s\u00f8fragt. De tilbyder ogs\u00e5 yderligere tjenester, som omfatter reng\u00f8ring af huset.<\/p>\n<p>Hjemmeside: <a href=\"http:\/\/www.mirkkainternationalmoving.se\" target=\"_blank\" rel=\"noopener\">http:\/\/www.mirkkainternationalmoving.se<\/a><\/p>\n<h2><span class=\"ez-toc-section\" id=\"7_Stadsbudkontoret\"><\/span><strong>7. Stadsbudkontoret<\/strong><span class=\"ez-toc-section-end\"><\/span><\/h2>\n<p><img loading=\"lazy\" decoding=\"async\" class=\"alignnone size-full wp-image-10187\" src=\"https:\/\/moverdb.com\/wp-content\/uploads\/Stadsbudkontoret-international-moving-company.png\" alt=\"Stadsbudkontoret internationalt flyttefirma\" width=\"1440\" height=\"677\" data-wp-pid=\"10187\" srcset=\"https:\/\/moverdb.com\/wp-content\/uploads\/Stadsbudkontoret-international-moving-company.png 1440w, https:\/\/moverdb.com\/wp-content\/uploads\/Stadsbudkontoret-international-moving-company-300x141.png 300w, https:\/\/moverdb.com\/wp-content\/uploads\/Stadsbudkontoret-international-moving-company-1024x481.png 1024w, https:\/\/moverdb.com\/wp-content\/uploads\/Stadsbudkontoret-international-moving-company-18x8.png 18w, https:\/\/moverdb.com\/wp-content\/uploads\/Stadsbudkontoret-international-moving-company-600x282.png 600w\" sizes=\"auto, (max-width: 1440px) 100vw, 1440px\" \/><\/p>\n<ul>\n<li>Nationale flytninger<\/li>\n<li>Internationale flytninger<\/li>\n<li>Flytning af husholdninger<\/li>\n<li>Flytning af virksomheder<\/li>\n<li>D\u00f8r-til-d\u00f8r-service<\/li>\n<li>Emballage service<\/li>\n<li>Luft-, s\u00f8- og lastbiltransport<\/li>\n<li>Flytning af dokumentation<\/li>\n<li>Forsikring<\/li>\n<li>Midlertidig opbevaring<\/li>\n<\/ul>\n<p>Stadsbudkontoret er en flytteservice, der hj\u00e6lper virksomheder og privatpersoner og blev grundlagt i 1888. De har kontorer i Stockholm, \u00d6rnsk\u00f6ldsvik, Malm\u00f8, G\u00f8teborg, Harnosand og Cannes. De har et stort netv\u00e6rk af professionelle flyttefirmaer til at levere deres tjenester uden for Sverige. De er medlem af IAM med 135 \u00e5rs service og er akkrediteret af FIDI.<\/p>\n<p>Stadsbudskontorets flyttekoordinator h\u00e5ndterer alle aspekter af din flytning i, til og fra Sverige og sikrer, at deres partnere leverer tjenesterne. Deres d\u00f8r-til-d\u00f8r-service omfatter at finde den mest omkostningseffektive og rettidige m\u00e5de at flytte p\u00e5 i forhold til dine behov. De h\u00e5ndterer al n\u00f8dvendig flyttedokumentation til import og eksport.<\/p>\n<p>Hjemmeside: <a href=\"http:\/\/www.sbkmoving.com\" target=\"_blank\" rel=\"noopener\">http:\/\/www.sbkmoving.com<\/a><\/p>\n<h2><span class=\"ez-toc-section\" id=\"8_TBA_Transporter\"><\/span><strong>8. TBA-transport\u00f8r<\/strong><span class=\"ez-toc-section-end\"><\/span><\/h2>\n<p><img loading=\"lazy\" decoding=\"async\" class=\"alignnone size-full wp-image-10192\" src=\"https:\/\/moverdb.com\/wp-content\/uploads\/TBA-Transporter-international-moving-company.png\" alt=\"TBA Transporter internationalt flyttefirma\" width=\"1440\" height=\"628\" data-wp-pid=\"10192\" srcset=\"https:\/\/moverdb.com\/wp-content\/uploads\/TBA-Transporter-international-moving-company.png 1440w, https:\/\/moverdb.com\/wp-content\/uploads\/TBA-Transporter-international-moving-company-300x131.png 300w, https:\/\/moverdb.com\/wp-content\/uploads\/TBA-Transporter-international-moving-company-1024x447.png 1024w, https:\/\/moverdb.com\/wp-content\/uploads\/TBA-Transporter-international-moving-company-18x8.png 18w, https:\/\/moverdb.com\/wp-content\/uploads\/TBA-Transporter-international-moving-company-600x262.png 600w\" sizes=\"auto, (max-width: 1440px) 100vw, 1440px\" \/><\/p>\n<ul>\n<li>Lokale og nationale flytninger<\/li>\n<li>Internationale flytninger<\/li>\n<li>Flytning af husholdninger<\/li>\n<li>Flytning af virksomheder<\/li>\n<li>Skr\u00e6ddersyet service<\/li>\n<li>Emballeringsmuligheder<\/li>\n<li>Vej-, s\u00f8- og lufttransport<\/li>\n<li>Muligheder for udpakning<\/li>\n<li>Forsikring<\/li>\n<li>Opbevaringsl\u00f8sninger<\/li>\n<\/ul>\n<p>TBA Transporter er et flyttefirma, der blev grundlagt i 1995 og har base i Stockholm. De er medlem af IAM med 28 \u00e5rs erfaring, hvilket giver dem adgang til et internationalt netv\u00e6rk af flytteagenter, der kan hj\u00e6lpe dem.<\/p>\n<p>TBA Transporter tilbyder en skr\u00e6ddersyet d\u00f8r-til-d\u00f8r-flytteservice til sm\u00e5 og store flytteprojekter. De tilbyder et udvalg af pakke- og udpakningsmuligheder, s\u00e5 du kan g\u00f8re s\u00e5 meget eller s\u00e5 lidt, som du vil. De tilbyder specialiseret eksportpakning til luft- og s\u00f8forsendelser og kan afmontere og samle m\u00f8bler, hvis det er n\u00f8dvendigt.<\/p>\n<p>Hjemmeside: <a href=\"http:\/\/www.tbatransporter.com\" target=\"_blank\" rel=\"noopener\">http:\/\/www.tbatransporter.com<\/a><\/p>\n<h2><span class=\"ez-toc-section\" id=\"Other_Useful_Guides_to_Sweden\"><\/span>Andre nyttige guider til Sverige<span class=\"ez-toc-section-end\"><\/span><\/h2>\n<ul>\n<li> <a href=\"https:\/\/moverdb.com\/da\/containerforsendelse\/sverige\/\">2024 S\u00f8transportpriser for containere til og fra Sverige<\/a><\/li>\n<li> <a href=\"https:\/\/moverdb.com\/da\/moving-to-sweden\/\">Flytter du til Sverige? 2026 Leveomkostninger og flyttetips<\/a><\/li>\n<li> <a href=\"https:\/\/moverdb.com\/da\/moving-to-sweden\/best-places-to-live-sweden\/\">De 13 bedste steder at bo i Sverige<\/a><\/li>\n<li> <a href=\"https:\/\/moverdb.com\/da\/moving-to-sweden\/living-in-sweden\/\">21 hemmeligheder om at bo i Sverige, som du b\u00f8r kende, f\u00f8r du flytter<\/a><\/li>\n<\/ul>","protected":false},"excerpt":{"rendered":"<p>Are you moving within, to or from Sweden? Then you may want to enlist the services of a moving company that can help you plan your move including packing, transportation and handling customs procedures for international moves. Below we have compiled a list of Swedish moving companies that are members of the International Association of [&hellip;]<\/p>\n","protected":false},"author":4,"featured_media":10073,"parent":190,"menu_order":0,"comment_status":"closed","ping_status":"closed","template":"","meta":{"_genesis_hide_title":false,"_genesis_hide_breadcrumbs":false,"_genesis_hide_singular_image":false,"_genesis_hide_footer_widgets":false,"_genesis_custom_body_class":"","_genesis_custom_post_class":"","_genesis_layout":"","footnotes":""},"class_list":{"0":"post-10219","1":"page","2":"type-page","3":"status-publish","4":"has-post-thumbnail","6":"entry"},"_links":{"self":[{"href":"https:\/\/moverdb.com\/da\/wp-json\/wp\/v2\/pages\/10219","targetHints":{"allow":["GET"]}}],"collection":[{"href":"https:\/\/moverdb.com\/da\/wp-json\/wp\/v2\/pages"}],"about":[{"href":"https:\/\/moverdb.com\/da\/wp-json\/wp\/v2\/types\/page"}],"author":[{"embeddable":true,"href":"https:\/\/moverdb.com\/da\/wp-json\/wp\/v2\/users\/4"}],"replies":[{"embeddable":true,"href":"https:\/\/moverdb.com\/da\/wp-json\/wp\/v2\/comments?post=10219"}],"version-history":[{"count":3,"href":"https:\/\/moverdb.com\/da\/wp-json\/wp\/v2\/pages\/10219\/revisions"}],"predecessor-version":[{"id":17110,"href":"https:\/\/moverdb.com\/da\/wp-json\/wp\/v2\/pages\/10219\/revisions\/17110"}],"up":[{"embeddable":true,"href":"https:\/\/moverdb.com\/da\/wp-json\/wp\/v2\/pages\/190"}],"wp:featuredmedia":[{"embeddable":true,"href":"https:\/\/moverdb.com\/da\/wp-json\/wp\/v2\/media\/10073"}],"wp:attachment":[{"href":"https:\/\/moverdb.com\/da\/wp-json\/wp\/v2\/media?parent=10219"}],"curies":[{"name":"wp","href":"https:\/\/api.w.org\/{rel}","templated":true}]}}