{"id":10215,"date":"2023-06-22T15:54:43","date_gmt":"2023-06-22T15:54:43","guid":{"rendered":"https:\/\/moverdb.com\/?page_id=10215"},"modified":"2026-01-08T15:29:29","modified_gmt":"2026-01-08T15:29:29","slug":"moving-companies-sri-lanka","status":"publish","type":"page","link":"https:\/\/moverdb.com\/da\/moving-companies\/moving-companies-sri-lanka\/","title":{"rendered":"De 7 bedste internationale flyttefirmaer i Sri Lanka"},"content":{"rendered":"<p>Har du planer om at flytte? S\u00e5 kan det v\u00e6re en god id\u00e9 at f\u00e5 hj\u00e6lp af en <a href=\"https:\/\/moverdb.com\/da\/moving-companies\/\" data-internallinksmanager029f6b8e52c=\"79\" title=\"Top 25 internationale flyttefirmaer online\">flyttefirma<\/a> da de kan hj\u00e6lpe dig med at pakke, transportere og h\u00e5ndtere told, n\u00e5r du flytter til udlandet. Nedenfor har vi samlet en liste over Sri Lanka-baserede <a href=\"https:\/\/moverdb.com\/da\/international-removals\/\" data-internallinksmanager029f6b8e52c=\"27\" title=\"De 36 bedste internationale flyttefirmaer i Storbritannien\">flyttefirmaer<\/a> der er medlemmer af den <a href=\"https:\/\/moverdb.com\/da\/iam\/\" data-internallinksmanager029f6b8e52c=\"23\" title=\"International Association of Movers (IAM) Forklaret\">Den internationale sammenslutning af flyttefirmaer<\/a> (IAM) og\/eller <a href=\"https:\/\/moverdb.com\/da\/fidi-faim\/\" data-internallinksmanager029f6b8e52c=\"16\" title=\"FIDI &amp; FAIM (FIDI Accredited International Mover) forklaret\">FIDI<\/a> Accredited International Mover (FAIM), som kan hj\u00e6lpe dig med din flytning.<\/p>\n<div id=\"ez-toc-container\" class=\"ez-toc-v2_0_82_2 ez-toc-wrap-left counter-hierarchy ez-toc-counter ez-toc-transparent ez-toc-container-direction\">\n<div class=\"ez-toc-title-container\">\n<p class=\"ez-toc-title\" style=\"cursor:inherit\">Sektioner<\/p>\n<span class=\"ez-toc-title-toggle\"><a href=\"#\" class=\"ez-toc-pull-right ez-toc-btn ez-toc-btn-xs ez-toc-btn-default ez-toc-toggle\" aria-label=\"Toggle indholdsfortegnelse\"><span class=\"ez-toc-js-icon-con\"><span class=\"\"><span class=\"eztoc-hide\" style=\"display:none;\">Toggle<\/span><span class=\"ez-toc-icon-toggle-span\"><svg style=\"fill: #999;color:#999\" xmlns=\"http:\/\/www.w3.org\/2000\/svg\" class=\"list-377408\" width=\"20px\" height=\"20px\" viewbox=\"0 0 24 24\" fill=\"none\"><path d=\"M6 6H4v2h2V6zm14 0H8v2h12V6zM4 11h2v2H4v-2zm16 0H8v2h12v-2zM4 16h2v2H4v-2zm16 0H8v2h12v-2z\" fill=\"currentColor\"><\/path><\/svg><svg style=\"fill: #999;color:#999\" class=\"arrow-unsorted-368013\" xmlns=\"http:\/\/www.w3.org\/2000\/svg\" width=\"10px\" height=\"10px\" viewbox=\"0 0 24 24\" version=\"1.2\" baseprofile=\"tiny\"><path d=\"M18.2 9.3l-6.2-6.3-6.2 6.3c-.2.2-.3.4-.3.7s.1.5.3.7c.2.2.4.3.7.3h11c.3 0 .5-.1.7-.3.2-.2.3-.5.3-.7s-.1-.5-.3-.7zM5.8 14.7l6.2 6.3 6.2-6.3c.2-.2.3-.5.3-.7s-.1-.5-.3-.7c-.2-.2-.4-.3-.7-.3h-11c-.3 0-.5.1-.7.3-.2.2-.3.5-.3.7s.1.5.3.7z\"\/><\/svg><\/span><\/span><\/span><\/a><\/span><\/div>\n<nav><ul class='ez-toc-list ez-toc-list-level-1 eztoc-toggle-hide-by-default' ><li class='ez-toc-page-1 ez-toc-heading-level-2'><a class=\"ez-toc-link ez-toc-heading-1\" href=\"https:\/\/moverdb.com\/da\/moving-companies\/moving-companies-sri-lanka\/#1_Aitken_Spence\" >1. Aitken Spence<\/a><\/li><li class='ez-toc-page-1 ez-toc-heading-level-2'><a class=\"ez-toc-link ez-toc-heading-2\" href=\"https:\/\/moverdb.com\/da\/moving-companies\/moving-companies-sri-lanka\/#2_Asian_Movers\" >2. Asiatiske flyttem\u00e6nd<\/a><\/li><li class='ez-toc-page-1 ez-toc-heading-level-2'><a class=\"ez-toc-link ez-toc-heading-3\" href=\"https:\/\/moverdb.com\/da\/moving-companies\/moving-companies-sri-lanka\/#3_Don_Carolis_Sons\" >3. Don Carolis &amp; Sons<\/a><\/li><li class='ez-toc-page-1 ez-toc-heading-level-2'><a class=\"ez-toc-link ez-toc-heading-4\" href=\"https:\/\/moverdb.com\/da\/moving-companies\/moving-companies-sri-lanka\/#4_Horizon_Relocations\" >4. Horisont-forflytninger<\/a><\/li><li class='ez-toc-page-1 ez-toc-heading-level-2'><a class=\"ez-toc-link ez-toc-heading-5\" href=\"https:\/\/moverdb.com\/da\/moving-companies\/moving-companies-sri-lanka\/#5_Trans_World_Movers\" >5. Trans World Movers<\/a><\/li><li class='ez-toc-page-1 ez-toc-heading-level-2'><a class=\"ez-toc-link ez-toc-heading-6\" href=\"https:\/\/moverdb.com\/da\/moving-companies\/moving-companies-sri-lanka\/#6_Trans-Global_Relocations\" >6. Trans-globale udflytninger<\/a><\/li><li class='ez-toc-page-1 ez-toc-heading-level-2'><a class=\"ez-toc-link ez-toc-heading-7\" href=\"https:\/\/moverdb.com\/da\/moving-companies\/moving-companies-sri-lanka\/#7_Worldwide_Movers\" >7. Flyttefirmaer i hele verden<\/a><\/li><\/ul><\/nav><\/div>\n<h2><span class=\"ez-toc-section\" id=\"1_Aitken_Spence\"><\/span><strong>1. Aitken Spence<\/strong><span class=\"ez-toc-section-end\"><\/span><\/h2>\n<p><img loading=\"lazy\" decoding=\"async\" class=\"alignnone size-full wp-image-10071\" src=\"https:\/\/moverdb.com\/wp-content\/uploads\/Aitken-Spence-international-moving-company.png\" alt=\"Aitken Spence internationalt flyttefirma\" width=\"1440\" height=\"676\" data-wp-pid=\"10071\" srcset=\"https:\/\/moverdb.com\/wp-content\/uploads\/Aitken-Spence-international-moving-company.png 1440w, https:\/\/moverdb.com\/wp-content\/uploads\/Aitken-Spence-international-moving-company-300x141.png 300w, https:\/\/moverdb.com\/wp-content\/uploads\/Aitken-Spence-international-moving-company-1024x481.png 1024w, https:\/\/moverdb.com\/wp-content\/uploads\/Aitken-Spence-international-moving-company-18x8.png 18w, https:\/\/moverdb.com\/wp-content\/uploads\/Aitken-Spence-international-moving-company-600x282.png 600w\" sizes=\"auto, (max-width: 1440px) 100vw, 1440px\" \/><\/p>\n<ul>\n<li>Nationale flytninger<\/li>\n<li>Internationale flytninger<\/li>\n<li>Flytning af husholdninger<\/li>\n<li>Virksomhedslogistik<\/li>\n<li>Udstillingstjenester<\/li>\n<li>End-to-end-l\u00f8sninger<\/li>\n<li>Luft-, s\u00f8- og landtransport<\/li>\n<li>Toldklarering<\/li>\n<li>Flytning af k\u00e6ledyr<\/li>\n<li>Opbevaringsfaciliteter<\/li>\n<\/ul>\n<p>Aitken Spence er en multisektorvirksomhed, der har v\u00e6ret i drift siden 1868 med tilstedev\u00e6relse i otte lande, herunder Colombo, Sri Lanka. Deres speditionsaktiviteter omfatter flytninger og relokaliseringer. De bruger deres egne filialer og et globalt netv\u00e6rk af handels- og logistikvirksomheder til at st\u00f8tte dem. De er medlem af IAM med 44 \u00e5rs service.<\/p>\n<p>Aitken Spence tilbyder integrerede end-to-end-l\u00f8sninger med deres globale tilstedev\u00e6relse. De leverer problemfri flytninger og udstationeringstjenester til husejere, der flytter hvor som helst i verden. De kan flytte dine ejendele og dine k\u00e6ledyr til dit nye hjem. De vil arrangere transport med toldklarering.<\/p>\n<p>Hjemmeside: <a href=\"http:\/\/www.acecargo.lk\" target=\"_blank\" rel=\"noopener\">http:\/\/www.acecargo.lk<\/a><\/p>\n<h2><span class=\"ez-toc-section\" id=\"2_Asian_Movers\"><\/span><strong>2. Asiatiske flyttem\u00e6nd<\/strong><span class=\"ez-toc-section-end\"><\/span><\/h2>\n<p><img loading=\"lazy\" decoding=\"async\" class=\"alignnone size-full wp-image-10079\" src=\"https:\/\/moverdb.com\/wp-content\/uploads\/Asian-Movers-international-moving-company.png\" alt=\"Asian Movers internationalt flyttefirma\" width=\"1440\" height=\"681\" data-wp-pid=\"10079\" srcset=\"https:\/\/moverdb.com\/wp-content\/uploads\/Asian-Movers-international-moving-company.png 1440w, https:\/\/moverdb.com\/wp-content\/uploads\/Asian-Movers-international-moving-company-300x142.png 300w, https:\/\/moverdb.com\/wp-content\/uploads\/Asian-Movers-international-moving-company-1024x484.png 1024w, https:\/\/moverdb.com\/wp-content\/uploads\/Asian-Movers-international-moving-company-18x9.png 18w, https:\/\/moverdb.com\/wp-content\/uploads\/Asian-Movers-international-moving-company-600x284.png 600w\" sizes=\"auto, (max-width: 1440px) 100vw, 1440px\" \/><\/p>\n<ul>\n<li>Lokale og nationale flytninger<\/li>\n<li>Internationale flytninger<\/li>\n<li>Flytning af husholdninger<\/li>\n<li>Firma- og kontorflytninger<\/li>\n<li>D\u00f8r-til-d\u00f8r-service<\/li>\n<li>Emballage service<\/li>\n<li>Vej-, s\u00f8- og lufttransport<\/li>\n<li>Toldklarering<\/li>\n<li>Forsikring<\/li>\n<li>Opbevaringsl\u00f8sninger<\/li>\n<\/ul>\n<p>Asian Movers er et firma, der tilbyder skr\u00e6ddersyede flyttel\u00f8sninger, grundlagt i Sri Lanka. <a href=\"https:\/\/moverdb.com\/da\/moving-to-the-maldives\/\" data-internallinksmanager029f6b8e52c=\"387\" title=\"Flytter du til Maldiverne? 2026 Leveomkostninger og tips til flytning\">Maldiverne<\/a> i 2013. De har en global r\u00e6kkevidde for deres tjenester gennem deres medlemskab af internationale flytteforeninger. De er medlem af IAM med 10 \u00e5rs service.<\/p>\n<p>Asian Movers tilbyder en skr\u00e6ddersyet flytteservice, uanset om du har brug for en komplet flytteservice eller bare en lastbil og flyttefolk. Deres d\u00f8r-til-d\u00f8r-service kan omfatte sikker pakning af alle dine ejendele og udarbejdelse af en opg\u00f8relse, l\u00e6sning, transport til din destination og afl\u00e6sning. De hj\u00e6lper med dokumentation for fragt og fortoldning samt forsikring.<\/p>\n<p>Hjemmeside: <a href=\"http:\/\/www.asianmovers.com\/\" target=\"_blank\" rel=\"noopener\">http:\/\/www.asianmovers.com\/<\/a><\/p>\n<h2><span class=\"ez-toc-section\" id=\"3_Don_Carolis_Sons\"><\/span><strong>3. Don Carolis &amp; Sons<\/strong><span class=\"ez-toc-section-end\"><\/span><\/h2>\n<p><em><img loading=\"lazy\" decoding=\"async\" class=\"alignnone size-full wp-image-10102\" src=\"https:\/\/moverdb.com\/wp-content\/uploads\/Don-Carolis-Sons-international-moving-company.png\" alt=\"Don Carolis &amp; Sons internationalt flyttefirma\" width=\"1440\" height=\"679\" data-wp-pid=\"10102\" srcset=\"https:\/\/moverdb.com\/wp-content\/uploads\/Don-Carolis-Sons-international-moving-company.png 1440w, https:\/\/moverdb.com\/wp-content\/uploads\/Don-Carolis-Sons-international-moving-company-300x141.png 300w, https:\/\/moverdb.com\/wp-content\/uploads\/Don-Carolis-Sons-international-moving-company-1024x483.png 1024w, https:\/\/moverdb.com\/wp-content\/uploads\/Don-Carolis-Sons-international-moving-company-18x8.png 18w, https:\/\/moverdb.com\/wp-content\/uploads\/Don-Carolis-Sons-international-moving-company-600x283.png 600w\" sizes=\"auto, (max-width: 1440px) 100vw, 1440px\" \/><\/em><\/p>\n<ul>\n<li>Nationale flytninger<\/li>\n<li>Internationale flytninger<\/li>\n<li>Flytning af husholdninger<\/li>\n<li>Organisatoriske bev\u00e6gelser<\/li>\n<li>Skr\u00e6ddersyet service<\/li>\n<li>Koordinator for flytning<\/li>\n<li>Emballage service<\/li>\n<li>Transportordninger<\/li>\n<li>Muligheder for udpakning<\/li>\n<li>Beskyttelse af fuld v\u00e6rdi<\/li>\n<\/ul>\n<p>Don Carolis &amp; Sons er en m\u00f8belproducent, -forhandler og -eksport\u00f8r, der har eksisteret i over 150 \u00e5r og har base i Colombo. De er medlem af IAM, som giver dem adgang til et internationalt netv\u00e6rk af flytteagenter, der kan hj\u00e6lpe dem med internationale flytninger.<\/p>\n<p>Don Carolis &amp; Sons tilbyder en skr\u00e6ddersyet pakkeservice, der opfylder dine behov med hensyn til tidslinje, budget og ejendele, samt en flyttekoordinator, der st\u00f8tter dig under hele din flytning. De vil tage sig af dine ejendele, herunder l\u00e6sning, transport og afl\u00e6sning p\u00e5 alle deres planer. Deres planer omfatter udpakning, delvis udpakning og m\u00f8belplacering samt fuldst\u00e6ndig udpakning.<\/p>\n<p>Hjemmeside: <a href=\"http:\/\/www.doncarolis.com\" target=\"_blank\" rel=\"noopener\">http:\/\/www.doncarolis.com<\/a><\/p>\n<h2><span class=\"ez-toc-section\" id=\"4_Horizon_Relocations\"><\/span><strong>4. Horisont-forflytninger<\/strong><span class=\"ez-toc-section-end\"><\/span><\/h2>\n<p><img loading=\"lazy\" decoding=\"async\" class=\"alignnone size-full wp-image-10136\" src=\"https:\/\/moverdb.com\/wp-content\/uploads\/Horizon-Relocations-international-moving-company.png\" alt=\"Horizon Relocations internationalt flyttefirma\" width=\"1440\" height=\"626\" data-wp-pid=\"10136\" srcset=\"https:\/\/moverdb.com\/wp-content\/uploads\/Horizon-Relocations-international-moving-company.png 1440w, https:\/\/moverdb.com\/wp-content\/uploads\/Horizon-Relocations-international-moving-company-300x130.png 300w, https:\/\/moverdb.com\/wp-content\/uploads\/Horizon-Relocations-international-moving-company-1024x445.png 1024w, https:\/\/moverdb.com\/wp-content\/uploads\/Horizon-Relocations-international-moving-company-18x8.png 18w, https:\/\/moverdb.com\/wp-content\/uploads\/Horizon-Relocations-international-moving-company-600x261.png 600w\" sizes=\"auto, (max-width: 1440px) 100vw, 1440px\" \/><\/p>\n<ul>\n<li>Lokale og nationale flytninger<\/li>\n<li>Internationale flytninger<\/li>\n<li>Flytning af husholdninger<\/li>\n<li>Levering af personlige ejendele<\/li>\n<li>D\u00f8r-til-d\u00f8r-service<\/li>\n<li>Emballage<\/li>\n<li>Fragtordninger<\/li>\n<li>Toldklarering<\/li>\n<li>Forsikring<\/li>\n<li>Opbevaringsfaciliteter<\/li>\n<\/ul>\n<p>Horizon Relocations er et nationalt og internationalt flytte- og relocationfirma med base i Colombo. De er medlem af IAM, som giver dem adgang til et internationalt netv\u00e6rk af flytteagenter, der kan hj\u00e6lpe dem med at levere internationale tjenester.<\/p>\n<p>Horizon Relocations tilbyder d\u00f8r-til-d\u00f8r-flytteservice til lokale, nationale og internationale flytninger af personlige ejendele og indbo. De tilbyder tjenester til sm\u00e5 og store m\u00e6ngder af genstande, som kan omfatte emballering og indpakning for at beskytte genstandene under transport, s\u00e5 de ankommer sikkert. De arrangerer transport af dine ejendele med fragtmand eller forsendelse til din destination med toldklarering.<\/p>\n<p>Hjemmeside: <a href=\"http:\/\/www.horizonrelocations.lk\" target=\"_blank\" rel=\"noopener\">http:\/\/www.horizonrelocations.lk<\/a><\/p>\n<h2><span class=\"ez-toc-section\" id=\"5_Trans_World_Movers\"><\/span><strong>5. Trans World Movers<\/strong><span class=\"ez-toc-section-end\"><\/span><\/h2>\n<p><img loading=\"lazy\" decoding=\"async\" class=\"alignnone size-full wp-image-10196\" src=\"https:\/\/moverdb.com\/wp-content\/uploads\/Trans-World-Movers-international-moving-company.png\" alt=\"Trans World Movers internationalt flyttefirma\" width=\"1440\" height=\"675\" data-wp-pid=\"10196\" srcset=\"https:\/\/moverdb.com\/wp-content\/uploads\/Trans-World-Movers-international-moving-company.png 1440w, https:\/\/moverdb.com\/wp-content\/uploads\/Trans-World-Movers-international-moving-company-300x141.png 300w, https:\/\/moverdb.com\/wp-content\/uploads\/Trans-World-Movers-international-moving-company-1024x480.png 1024w, https:\/\/moverdb.com\/wp-content\/uploads\/Trans-World-Movers-international-moving-company-18x8.png 18w, https:\/\/moverdb.com\/wp-content\/uploads\/Trans-World-Movers-international-moving-company-600x281.png 600w\" sizes=\"auto, (max-width: 1440px) 100vw, 1440px\" \/><\/p>\n<ul>\n<li>Lokale flytninger<\/li>\n<li>Internationale flytninger<\/li>\n<li>Flytning af husholdninger<\/li>\n<li>Flytning af virksomheder<\/li>\n<li>L\u00f8sninger fra d\u00f8r til d\u00f8r<\/li>\n<li>Emballage service<\/li>\n<li>Luft-, s\u00f8- og vejtransport<\/li>\n<li>Toldklarering<\/li>\n<li>Transport af k\u00f8ret\u00f8jer og k\u00e6ledyr<\/li>\n<li>Opbevaringsfaciliteter<\/li>\n<\/ul>\n<p>Trans World Movers er en flyttevirksomhed, der blev grundlagt i 1973 og har base i Colombo, og som leverer tjenester til enkeltpersoner, diplomater og virksomheder. De har et etableret netv\u00e6rk af repr\u00e6sentanter og agenter over hele verden, som hj\u00e6lper dem med internationale flytninger. De er medlem af IAM med 50 \u00e5rs erfaring.<\/p>\n<p>Trans World Movers tilbyder d\u00f8r-til-d\u00f8r-flytteservice lokalt og internationalt. De tilbyder en pakkeservice, der lever op til internationale standarder for beskyttelse af genstande under transport. De arrangerer transit af dine ejendele ad vej, luft og s\u00f8 med toldklarering. De tilbyder yderligere tjenester, som omfatter h\u00e5ndtering af k\u00e6ledyr, <a href=\"https:\/\/moverdb.com\/da\/car-transport-shipping\/\" data-internallinksmanager029f6b8e52c=\"2\" title=\"2026 tilbud p\u00e5 international biltransport og forsendelse af k\u00f8ret\u00f8jer\">transport af k\u00f8ret\u00f8jer<\/a> og opbevaringsl\u00f8sninger.<\/p>\n<p>Hjemmeside: <a href=\"http:\/\/www.transworldmovers.com\" target=\"_blank\" rel=\"noopener\">http:\/\/www.transworldmovers.com<\/a><\/p>\n<h2><span class=\"ez-toc-section\" id=\"6_Trans-Global_Relocations\"><\/span><strong>6. Trans-globale udflytninger<\/strong><span class=\"ez-toc-section-end\"><\/span><\/h2>\n<p><img loading=\"lazy\" decoding=\"async\" class=\"alignnone size-full wp-image-10197\" src=\"https:\/\/moverdb.com\/wp-content\/uploads\/Trans-Global-Relocations-international-moving-company.png\" alt=\"Trans-Global Relocations internationalt flyttefirma\" width=\"1440\" height=\"681\" data-wp-pid=\"10197\" srcset=\"https:\/\/moverdb.com\/wp-content\/uploads\/Trans-Global-Relocations-international-moving-company.png 1440w, https:\/\/moverdb.com\/wp-content\/uploads\/Trans-Global-Relocations-international-moving-company-300x142.png 300w, https:\/\/moverdb.com\/wp-content\/uploads\/Trans-Global-Relocations-international-moving-company-1024x484.png 1024w, https:\/\/moverdb.com\/wp-content\/uploads\/Trans-Global-Relocations-international-moving-company-18x9.png 18w, https:\/\/moverdb.com\/wp-content\/uploads\/Trans-Global-Relocations-international-moving-company-600x284.png 600w\" sizes=\"auto, (max-width: 1440px) 100vw, 1440px\" \/><\/p>\n<ul>\n<li>Lokale og nationale flytninger<\/li>\n<li>Internationale flytninger<\/li>\n<li>Flytning af husholdninger<\/li>\n<li>D\u00f8r-til-d\u00f8r-service<\/li>\n<li>Professionel pakning<\/li>\n<li>S\u00f8- og luftforsendelser<\/li>\n<li>Toldklarering<\/li>\n<li>Flytning af k\u00e6ledyr<\/li>\n<li>H\u00e5ndtering af biler<\/li>\n<li>Sikker opbevaring<\/li>\n<\/ul>\n<p>Trans-Global Relocations er et flytte- og relocationfirma med base i Colombo. De er medlem af IAM, som giver dem et internationalt netv\u00e6rk af flytteagenter til at arbejde med overs\u00f8iske flytninger.<\/p>\n<p>Trans-Global Relocations tilbyder en unders\u00f8gelse i hjemmet for at vurdere dine flyttebehov, og de vil udarbejde en flytteplan baseret p\u00e5 dine behov, som vil omfatte r\u00e5d om forberedelse og den mest omkostningseffektive metode til flytning. De tilbyder en d\u00f8r-til-d\u00f8r-service, der omfatter professionel pakning af dine ejendele, s\u00e5 de kan rejse sikkert internationalt med skib eller fly, komplet med toldklarering. De tilbyder ogs\u00e5 yderligere tjenester, som omfatter flytning af k\u00e6ledyr, bilh\u00e5ndtering og opbevaring.<\/p>\n<p>Hjemmeside: <a href=\"http:\/\/www.t-grelo.com\" target=\"_blank\" rel=\"noopener\">http:\/\/www.t-grelo.com<\/a><\/p>\n<h2><span class=\"ez-toc-section\" id=\"7_Worldwide_Movers\"><\/span><strong>7. Flyttefirmaer i hele verden<\/strong><span class=\"ez-toc-section-end\"><\/span><\/h2>\n<p><img loading=\"lazy\" decoding=\"async\" class=\"alignnone size-full wp-image-10209\" src=\"https:\/\/moverdb.com\/wp-content\/uploads\/Worldwide-Movers-international-moving-company.png\" alt=\"Worldwide Movers internationalt flyttefirma\" width=\"1440\" height=\"674\" data-wp-pid=\"10209\" srcset=\"https:\/\/moverdb.com\/wp-content\/uploads\/Worldwide-Movers-international-moving-company.png 1440w, https:\/\/moverdb.com\/wp-content\/uploads\/Worldwide-Movers-international-moving-company-300x140.png 300w, https:\/\/moverdb.com\/wp-content\/uploads\/Worldwide-Movers-international-moving-company-1024x479.png 1024w, https:\/\/moverdb.com\/wp-content\/uploads\/Worldwide-Movers-international-moving-company-18x8.png 18w, https:\/\/moverdb.com\/wp-content\/uploads\/Worldwide-Movers-international-moving-company-600x281.png 600w\" sizes=\"auto, (max-width: 1440px) 100vw, 1440px\" \/><\/p>\n<ul>\n<li>Nationale flytninger<\/li>\n<li>Internationale flytninger<\/li>\n<li>Flytning af husholdninger<\/li>\n<li>Flytningstjenester<\/li>\n<li>D\u00f8r-til-d\u00f8r eller d\u00f8r-til-d\u00f8r<a href=\"https:\/\/moverdb.com\/da\/top-49-container-ports\/\" data-internallinksmanager029f6b8e52c=\"80\" title=\"Top 49 st\u00f8rste og travleste containerhavne i 2025\">port<\/a> service<\/li>\n<li>Emballage service<\/li>\n<li>Transport til lands, i luften eller til s\u00f8s<\/li>\n<li>Toldm\u00e6glervirksomhed<\/li>\n<li>H\u00e5ndtering af k\u00e6ledyr<\/li>\n<li>Transport af k\u00f8ret\u00f8jer<\/li>\n<\/ul>\n<p>Worldwide Movers er et pakke- og flyttefirma, der blev etableret i 2009 og har base i Colombo. De er medlem af IAM med 15 \u00e5rs erfaring og er ogs\u00e5 medlem af Asian Relocation Association, og disse medlemskaber g\u00f8r dem i stand til at tilbyde flytteservice overalt i verden.<\/p>\n<p>Worldwide Movers tilbyder d\u00f8r-til-d\u00f8r eller d\u00f8r-til-havn flytninger nationalt og internationalt. De tilbyder en pakkeservice, der omfatter sikker pakning af dine ting, demontering og genmontering af m\u00f8bler og inventar. De kan ogs\u00e5 hj\u00e6lpe med at flytte dine k\u00f8ret\u00f8jer og k\u00e6ledyr med dig. De tilbyder flytteservice, som omfatter bolig- og skoles\u00f8gning, orientering, rundvisning i omr\u00e5det og reng\u00f8ring.<\/p>\n<p>Hjemmeside: <a href=\"https:\/\/w-movers.com\/\" target=\"_blank\" rel=\"noopener\">https:\/\/w-movers.com\/<\/a><\/p>","protected":false},"excerpt":{"rendered":"<p>Are you planning on moving? Then you may want to enlist the services of a moving company as they can assist you with packing, transportation and handling customs when moving abroad. Below we have compiled a list of Sri Lanka based removal companies that are members of the International Association of Movers (IAM) and\/or FIDI [&hellip;]<\/p>\n","protected":false},"author":4,"featured_media":10071,"parent":190,"menu_order":0,"comment_status":"closed","ping_status":"closed","template":"","meta":{"_genesis_hide_title":false,"_genesis_hide_breadcrumbs":false,"_genesis_hide_singular_image":false,"_genesis_hide_footer_widgets":false,"_genesis_custom_body_class":"","_genesis_custom_post_class":"","_genesis_layout":"","footnotes":""},"class_list":{"0":"post-10215","1":"page","2":"type-page","3":"status-publish","4":"has-post-thumbnail","6":"entry"},"_links":{"self":[{"href":"https:\/\/moverdb.com\/da\/wp-json\/wp\/v2\/pages\/10215","targetHints":{"allow":["GET"]}}],"collection":[{"href":"https:\/\/moverdb.com\/da\/wp-json\/wp\/v2\/pages"}],"about":[{"href":"https:\/\/moverdb.com\/da\/wp-json\/wp\/v2\/types\/page"}],"author":[{"embeddable":true,"href":"https:\/\/moverdb.com\/da\/wp-json\/wp\/v2\/users\/4"}],"replies":[{"embeddable":true,"href":"https:\/\/moverdb.com\/da\/wp-json\/wp\/v2\/comments?post=10215"}],"version-history":[{"count":1,"href":"https:\/\/moverdb.com\/da\/wp-json\/wp\/v2\/pages\/10215\/revisions"}],"predecessor-version":[{"id":10216,"href":"https:\/\/moverdb.com\/da\/wp-json\/wp\/v2\/pages\/10215\/revisions\/10216"}],"up":[{"embeddable":true,"href":"https:\/\/moverdb.com\/da\/wp-json\/wp\/v2\/pages\/190"}],"wp:featuredmedia":[{"embeddable":true,"href":"https:\/\/moverdb.com\/da\/wp-json\/wp\/v2\/media\/10071"}],"wp:attachment":[{"href":"https:\/\/moverdb.com\/da\/wp-json\/wp\/v2\/media?parent=10215"}],"curies":[{"name":"wp","href":"https:\/\/api.w.org\/{rel}","templated":true}]}}