{"id":988,"date":"2017-02-24T08:48:27","date_gmt":"2017-02-24T08:48:27","guid":{"rendered":"http:\/\/moverdb.com\/?page_id=988"},"modified":"2026-01-08T14:40:00","modified_gmt":"2026-01-08T14:40:00","slug":"island-movers","status":"publish","type":"page","link":"https:\/\/moverdb.com\/cs\/island-movers\/","title":{"rendered":"Island Movers - Mezin\u00e1rodn\u00ed st\u011bhov\u00e1n\u00ed Recenze"},"content":{"rendered":"<p>Spole\u010dnost Island Movers se s\u00eddlem v Honolulu nab\u00edz\u00ed sv\u00fdm z\u00e1kazn\u00edk\u016fm \u0159adu st\u011bhovac\u00edch slu\u017eeb, kter\u00e9 jsou uvedeny n\u00ed\u017ee, spolu s profilem spole\u010dnosti a recenzemi. <\/p>\n<p><strong>Mezin\u00e1rodn\u00ed st\u011bhov\u00e1n\u00ed - <a href=\"https:\/\/moverdb.com\/cs\/moving-to-the-united-states\/\" data-internallinksmanager029f6b8e52c=\"94\" title=\"St\u011bhujete se do Spojen\u00fdch st\u00e1t\u016f? 2022 \u017divotn\u00ed n\u00e1klady a tipy na st\u011bhov\u00e1n\u00ed\">US<\/a> a sv\u011bt<\/strong><\/p>\n<ul>\n<li> Koordin\u00e1tor osobn\u00edch p\u0159esun\u016f<\/li>\n<li> Slu\u017eba od dve\u0159\u00ed ke dve\u0159\u00edm<\/li>\n<li> Vlastn\u00ed balen\u00ed nebo kompletn\u00ed balic\u00ed slu\u017eby<\/li>\n<li> Dodan\u00e9 kartony<\/li>\n<li> Slu\u017eba vybalov\u00e1n\u00ed<\/li>\n<li> N\u00e1mo\u0159n\u00ed a leteck\u00e1 p\u0159eprava<\/li>\n<li> Pomoc s celn\u00edm \u0159\u00edzen\u00edm<\/li>\n<li> Sjednan\u00e9 poji\u0161t\u011bn\u00ed<\/li>\n<\/ul>\n<p><strong>Osobn\u00ed pohyby<\/strong><\/p>\n<ul>\n<li> V r\u00e1mci jednoho ostrova - n\u00e1klady podle \u010dasu<\/li>\n<li> Na jin\u00fd ostrov - cena podle hmotnosti<\/li>\n<li> Glob\u00e1ln\u011b<\/li>\n<li> Vlastn\u00ed balen\u00ed nebo kompletn\u00ed balic\u00ed slu\u017eby<\/li>\n<li> Dodan\u00e9 kartony<\/li>\n<li> Slu\u017eba vybalov\u00e1n\u00ed<\/li>\n<li> Dlouhodob\u00e9 a kr\u00e1tkodob\u00e9 skladov\u00e1n\u00ed<\/li>\n<li> K dispozici je p\u0159enosn\u00e9 \u00falo\u017ei\u0161t\u011b<\/li>\n<\/ul>\n<p><strong>Obchodn\u00ed pohyby<\/strong><\/p>\n<ul>\n<li> Mal\u00e9 nebo velk\u00e9 pohyby<\/li>\n<li> Doporu\u010den\u00e9 balen\u00ed vlastn\u00edch dokument\u016f<\/li>\n<li> Dlouhodob\u00e9 a kr\u00e1tkodob\u00e9 skladov\u00e1n\u00ed<\/li>\n<li> K dispozici je p\u0159enosn\u00e9 \u00falo\u017ei\u0161t\u011b<\/li>\n<li> Demont\u00e1\u017e a op\u011btovn\u00e1 mont\u00e1\u017e n\u00e1bytku<\/li>\n<\/ul>\n<p><strong>Ostatn\u00ed slu\u017eby<\/strong><\/p>\n<ul>\n<li> Skladovac\u00ed prostory a skladovac\u00ed jednotky<\/li>\n<li> N\u00e1kladn\u00ed doprava a p\u0159eprava<\/li>\n<li> Konsolidovan\u00e1 p\u0159eprava zbo\u017e\u00ed mezi ostrovy<\/li>\n<li> Skladovac\u00ed a distribu\u010dn\u00ed slu\u017eby<\/li>\n<li> Celn\u00ed a zem\u011bd\u011blsk\u00e1 spr\u00e1va USA - \u00dast\u0159edn\u00ed kontroln\u00ed stanice<\/li>\n<li> Renovace hotelu <\/li>\n<li> Smluvn\u00ed doru\u010dovac\u00ed slu\u017eby do domu<\/li>\n<li> Mezin\u00e1rodn\u00ed kongresov\u00e9 slu\u017eby<\/li>\n<li> Z\u00e1znamov\u00e9 syst\u00e9my Pro-File<\/li>\n<li> Kur\u00fdrn\u00ed a obrn\u011bn\u00e9 slu\u017eby<\/li>\n<li> Skladov\u00e1n\u00ed a prodej kontejner\u016f<\/li>\n<\/ul>\n<h2>Island Movers Profil spole\u010dnosti<\/h2>\n<p>Island Movers Inc je rodinn\u00fd podnik v <a href=\"https:\/\/moverdb.com\/cs\/moving-to-the-united-states\/moving-to-hawaii\/\" data-internallinksmanager029f6b8e52c=\"403\" title=\"St\u011bhujete se na Havaj? 2026 N\u00e1klady na bydlen\u00ed a tipy na st\u011bhov\u00e1n\u00ed\">Havaj<\/a> kter\u00e1 byla zalo\u017eena v roce 1958. V \u0161edes\u00e1t\u00fdch letech p\u0159evzal spole\u010dnost Donald Takaki a od t\u00e9 doby z\u016fstala v rodin\u011b. Je to spole\u010dnost, kter\u00e1 je hrd\u00e1 na Havaj a m\u00e1 siln\u00e9 vazby na pevninu i na mezin\u00e1rodn\u00ed \u00farovni. Spole\u010dnost Island Movers pat\u0159\u00ed mezi 250 nejlep\u0161\u00edch spole\u010dnost\u00ed ve st\u00e1t\u011b Havaj. Je nejv\u011bt\u0161\u00ed spole\u010dnost\u00ed poskytuj\u00edc\u00ed diverzifikovan\u00e9 p\u0159epravn\u00ed slu\u017eby v regionu. <\/p>\n<p>Spole\u010dnost Island Movers se specializuje na v\u0161eobecnou n\u00e1kladn\u00ed dopravu, st\u011bhov\u00e1n\u00ed (m\u00edstn\u00ed i mezin\u00e1rodn\u00ed) a dod\u00e1vky do dom\u00e1cnost\u00ed. Spole\u010dnost Island Movers je sou\u010d\u00e1st\u00ed skupiny Hawktree International Group a zam\u011bstn\u00e1v\u00e1 v\u00edce ne\u017e 250 lid\u00ed. V\u011bt\u0161ina obchod\u016f spole\u010dnosti Island Movers se t\u00fdk\u00e1 firem, v\u010detn\u011b mezin\u00e1rodn\u00edho st\u011bhov\u00e1n\u00ed zam\u011bstnanc\u016f. Mezin\u00e1rodn\u00ed st\u011bhov\u00e1n\u00ed je zaji\u0161\u0165ov\u00e1no prost\u0159ednictv\u00edm glob\u00e1ln\u00edch partnerstv\u00ed. <\/p>\n<p>Spole\u010dnost Island Movers Inc m\u00e1 n\u00e1sleduj\u00edc\u00ed akreditace a afilace:<\/p>\n<ul>\n<li> Panamerick\u00e1 asociace mezin\u00e1rodn\u00edch st\u011bhov\u00e1k\u016f (PAIMA)<\/li>\n<li> <a href=\"https:\/\/moverdb.com\/cs\/iam\/\">Asociace mezin\u00e1rodn\u00edch st\u011bhov\u00e1k\u016f<\/a> (<a href=\"https:\/\/moverdb.com\/cs\/iam\/\" data-internallinksmanager029f6b8e52c=\"23\" title=\"Vysv\u011btlen\u00ed Mezin\u00e1rodn\u00ed asociace st\u011bhov\u00e1k\u016f (IAM)\">IAM<\/a>)<\/li>\n<li> <a href=\"https:\/\/moverdb.com\/cs\/amsa\/\">Americk\u00e1 asociace st\u011bhov\u00e1n\u00ed a skladov\u00e1n\u00ed<\/a> (<a href=\"https:\/\/moverdb.com\/cs\/amsa\/\" data-internallinksmanager029f6b8e52c=\"5\" title=\"Vysv\u011btlen\u00ed Americk\u00e9 asociace pro st\u011bhov\u00e1n\u00ed a skladov\u00e1n\u00ed (AMSA)\">AMSA<\/a>)<\/li>\n<li> Better Business Bureau (BBB)<\/li>\n<\/ul>\n<h2>Ostrov St\u011bhov\u00e1ci Recenze<\/h2>\n<p><strong>Pozitivn\u00ed:<\/strong><\/p>\n<ul>\n<li> <em>\"N\u00e1\u0161 neuv\u011b\u0159iteln\u00fd stres a obavy z transpacifick\u00e9ho st\u011bhov\u00e1n\u00ed se zm\u00edrnily, jakmile se st\u011bhov\u00e1n\u00ed ujala spole\u010dnost Island Movers, kter\u00e1 n\u00e1m pomohla dohl\u00e9dnout na pevninu. <a href=\"https:\/\/moverdb.com\/cs\/moving-companies\/\" data-internallinksmanager029f6b8e52c=\"79\" title=\"Top 25 Mezin\u00e1rodn\u00ed st\u011bhovac\u00ed spole\u010dnosti Online\">st\u011bhovac\u00ed spole\u010dnost<\/a> a tak\u00e9 n\u00e1m poskytuje dobr\u00e9 rady, kompetence, v\u0159el\u00fd z\u00e1kaznick\u00fd servis a v\u010dasnost. P\u0159\u00edzniv\u011b na m\u011b zap\u016fsobila nejen profesionalita a d\u016fv\u011bryhodnost spole\u010dnosti Island Movers, ale tak\u00e9 v\u0159el\u00fd duch aloha v\u0161ech zam\u011bstnanc\u016f Island Movers, kte\u0159\u00ed n\u00e1m pom\u00e1hali se st\u011bhov\u00e1n\u00edm!\"<\/em> - Jackie <a href=\"http:\/\/www.islandmovers.com\/personal-moves\/customer-testimonials\/\" target=\"_blank\" rel=\"noopener\">reference z\u00e1kazn\u00edk\u016f<\/a><\/li>\n<li> <em>\"Skute\u010dn\u011b vynikaj\u00edc\u00ed slu\u017eby!  Jsem tak \u0161\u0165astn\u00fd, \u017ee jsem \u0161el s Havajsk\u00fdmi nejlep\u0161\u00edmi!\"<\/em> - Gifford prost\u0159ednictv\u00edm <a href=\"https:\/\/www.yelp.com\/biz\/island-movers-inc-honolulu-4?hrid=Ew3UirYLCqyK2kHDFhwl1A&#038;utm_campaign=www_review_share_popup&#038;utm_medium=copy_link&#038;utm_source=(direct)\" target=\"_blank\" rel=\"noopener\">Yelp<\/a><\/li>\n<\/ul>\n<p><strong>Negativn\u00ed:<\/strong><\/p>\n<ul>\n<li> <em>\"Nemysl\u00edm si, \u017ee bych je n\u011bkdy zavolal, aby m\u011b doru\u010dili nebo p\u0159esunuli, ale celkov\u011b byla zku\u0161enost v po\u0159\u00e1dku.\"<\/em> - Angela prost\u0159ednictv\u00edm <a href=\"https:\/\/www.yelp.com\/biz\/island-movers-inc-honolulu-4?hrid=TFkdEA1IDuuzBJ-Psl0q_w&#038;utm_campaign=www_review_share_popup&#038;utm_medium=copy_link&#038;utm_source=(direct)\" target=\"_blank\" rel=\"noopener\">Yelp<\/a><\/li>\n<\/ul>\n<div itemprop=\"review\" itemscope itemtype=\"http:\/\/schema.org\/Review\">\n<span itemprop=\"author\" itemscope=\"\" itemtype=\"http:\/\/schema.org\/Organization\"><span itemprop=\"name\">MoverDB.com<\/span><\/span> Online recenze webov\u00fdch str\u00e1nek pro <span itemprop=\"itemreviewed\" itemscope=\"\" itemtype=\"http:\/\/schema.org\/Brand\"><span itemprop=\"name\">Ostrovn\u00ed st\u011bhov\u00e1ci<\/span><\/span>:<\/p>\n<ol>\n<li> Jasn\u00e9 kontaktn\u00ed \u00fadaje na webov\u00fdch str\u00e1nk\u00e1ch (v\u010detn\u011b telefonn\u00edho \u010d\u00edsla): <strong>Ano<\/strong><\/li>\n<li> Snadn\u00e9 z\u00edsk\u00e1n\u00ed <a href=\"https:\/\/moverdb.com\/cs\/citaty\/\">st\u011bhov\u00e1n\u00ed citace<\/a>? (Online formul\u00e1\u0159 \u017e\u00e1dosti o odhad): <strong>Ano<\/strong><\/li>\n<li> Jasn\u00e9 informace na webov\u00fdch str\u00e1nk\u00e1ch: <strong>Ano,<\/strong> na webov\u00fdch str\u00e1nk\u00e1ch je uveden seznam slu\u017eeb, kter\u00e9 nab\u00edzej\u00ed, ale nejsou zde uvedeny \u017e\u00e1dn\u00e9 podrobnosti.<\/li>\n<li> \u010clenstv\u00ed v mezin\u00e1rodn\u00edch uzn\u00e1van\u00fdch organizac\u00edch pohybliv\u00fdch aktivit: <strong>Ano<\/strong>, (viz v\u00fd\u0161e)<\/li>\n<li> Seznam klient\u016f a\/nebo reference p\u0159edchoz\u00edch z\u00e1kazn\u00edk\u016f: <strong>Ano,<\/strong> a\u010dkoli na jejich vyhran\u00fdch webov\u00fdch str\u00e1nk\u00e1ch je jich jen n\u011bkolik. Recenze na webu jsou obecn\u011b pozitivn\u00ed.<\/li>\n<\/ol>\n<div itemprop=\"reviewRating\" itemscope itemtype=\"http:\/\/schema.org\/Rating\"><meta itemprop=\"worstRating\" content = \"0\" \/><meta itemprop=\"bestRating\" content=\"5\" \/><meta itemprop=\"ratingValue\" content=\"4.5\"><\/div>\n<p><strong>Celkov\u00e9 hodnocen\u00ed: 4,5\/5<\/strong><br \/>\n<strong>Datum recenze:<\/strong> <span itemprop=\"datePublished\" content=\"2017-02-24\">24\/02\/2017<\/span>\n<\/div>\n<p>P\u0159e\u010dt\u011bte si v\u00edce o <a href=\"https:\/\/moverdb.com\/cs\/stehovani-spolecnosti\/\">mezin\u00e1rodn\u00ed st\u011bhov\u00e1n\u00ed<\/a> a na\u0161e <a href=\"https:\/\/moverdb.com\/cs\/recenze\/\">proces p\u0159ezkoum\u00e1n\u00ed<\/a>.<\/p>\n<p><strong>Webov\u00e9 str\u00e1nky:<\/strong> <a href=\"http:\/\/www.islandmovers.com\/\" target=\"_blank\" rel=\"noopener\">http:\/\/www.islandmovers.com\/<\/a><\/p>","protected":false},"excerpt":{"rendered":"<p>Island Movers is based in Honolulu and offers its customers a range of moving services which are list below, together with a company profile and reviews. International Moves &#8211; US and the World Personal move coordinator Door to door service Self-packing or full packing service Cartons provided Unpacking service Sea freight and air freight Assistance [&hellip;]<\/p>\n","protected":false},"author":1,"featured_media":0,"parent":0,"menu_order":0,"comment_status":"closed","ping_status":"closed","template":"","meta":{"_genesis_hide_title":false,"_genesis_hide_breadcrumbs":false,"_genesis_hide_singular_image":false,"_genesis_hide_footer_widgets":false,"_genesis_custom_body_class":"","_genesis_custom_post_class":"","_genesis_layout":"","footnotes":""},"class_list":{"0":"post-988","1":"page","2":"type-page","3":"status-publish","5":"entry"},"_links":{"self":[{"href":"https:\/\/moverdb.com\/cs\/wp-json\/wp\/v2\/pages\/988","targetHints":{"allow":["GET"]}}],"collection":[{"href":"https:\/\/moverdb.com\/cs\/wp-json\/wp\/v2\/pages"}],"about":[{"href":"https:\/\/moverdb.com\/cs\/wp-json\/wp\/v2\/types\/page"}],"author":[{"embeddable":true,"href":"https:\/\/moverdb.com\/cs\/wp-json\/wp\/v2\/users\/1"}],"replies":[{"embeddable":true,"href":"https:\/\/moverdb.com\/cs\/wp-json\/wp\/v2\/comments?post=988"}],"version-history":[{"count":4,"href":"https:\/\/moverdb.com\/cs\/wp-json\/wp\/v2\/pages\/988\/revisions"}],"predecessor-version":[{"id":13166,"href":"https:\/\/moverdb.com\/cs\/wp-json\/wp\/v2\/pages\/988\/revisions\/13166"}],"wp:attachment":[{"href":"https:\/\/moverdb.com\/cs\/wp-json\/wp\/v2\/media?parent=988"}],"curies":[{"name":"wp","href":"https:\/\/api.w.org\/{rel}","templated":true}]}}