{"id":955,"date":"2016-07-24T19:52:53","date_gmt":"2016-07-24T19:52:53","guid":{"rendered":"http:\/\/moverdb.com\/?page_id=955"},"modified":"2026-01-08T15:21:02","modified_gmt":"2026-01-08T15:21:02","slug":"us-canada-movers","status":"publish","type":"page","link":"https:\/\/moverdb.com\/cs\/us-canada-movers\/","title":{"rendered":"Top 100 Dom\u00e1c\u00ed &amp; Mezin\u00e1rodn\u00ed Movers v USA &amp; Kanada"},"content":{"rendered":"<p>N\u00ed\u017ee naleznete seznam 100 nejv\u011bt\u0161\u00edch dom\u00e1c\u00edch a zahrani\u010dn\u00edch firem. <a href=\"https:\/\/moverdb.com\/cs\/stehovani-spolecnosti\/\">mezin\u00e1rodn\u00ed st\u011bhovac\u00ed spole\u010dnosti<\/a> the <a href=\"https:\/\/moverdb.com\/cs\/moving-to-the-united-states\/\" data-internallinksmanager029f6b8e52c=\"94\" title=\"St\u011bhujete se do Spojen\u00fdch st\u00e1t\u016f? 2022 \u017divotn\u00ed n\u00e1klady a tipy na st\u011bhov\u00e1n\u00ed\">Spojen\u00e9 st\u00e1ty americk\u00e9<\/a> a <a href=\"https:\/\/moverdb.com\/cs\/moving-to-canada\/\" data-internallinksmanager029f6b8e52c=\"265\" title=\"St\u011bhov\u00e1n\u00ed do Kanady? 2026 N\u00e1klady na bydlen\u00ed a tipy na p\u0159est\u011bhov\u00e1n\u00ed\">Kanada<\/a> na z\u00e1klad\u011b po\u010dtu registrovan\u00fdch n\u00e1kladn\u00edch vozidel v jejich vozov\u00e9m parku. <\/p>\n<p>Jedna z t\u011bchto spole\u010dnost\u00ed bude pravd\u011bpodobn\u011b ta prav\u00e1 pro va\u0161e mezin\u00e1rodn\u00ed, d\u00e1lkov\u00e9 a\/nebo mezist\u00e1tn\u00ed st\u011bhov\u00e1n\u00ed.<\/p>\n<p><img loading=\"lazy\" decoding=\"async\" width=\"720\" height=\"480\" src=\"https:\/\/moverdb.com\/wp-content\/uploads\/Moving-truck.jpeg\" alt=\"St\u011bhovac\u00ed v\u016fz\" class=\"aligncenter size-full wp-image-1083\" srcset=\"https:\/\/moverdb.com\/wp-content\/uploads\/Moving-truck.jpeg 720w, https:\/\/moverdb.com\/wp-content\/uploads\/Moving-truck-300x200.jpeg 300w, https:\/\/moverdb.com\/wp-content\/uploads\/Moving-truck-600x400.jpeg 600w\" sizes=\"auto, (max-width: 720px) 100vw, 720px\" \/><\/p>\n<p>\u00dadaje poch\u00e1zej\u00ed z <a href=\"http:\/\/www.movingcompanyreviews.com\/100-largest-moving-companies-of-the-us-and-canada\" target=\"_blank\" rel=\"noopener\">MovingCompanyReviews.com<\/a> kde je uvedena aktu\u00e1ln\u00ed velikost vozov\u00e9ho parku a tak\u00e9 s\u00eddlo ka\u017ed\u00e9 spole\u010dnosti.<\/p>\n<p>N\u00ed\u017ee si m\u016f\u017eete p\u0159e\u010d\u00edst profily jednotliv\u00fdch spole\u010dnost\u00ed: <\/p>\n<ol>\n<li> <a href=\"https:\/\/moverdb.com\/cs\/united-van-lines\/\"><strong>Spole\u010dnost United Van Lines<\/strong><\/a> - Nab\u00edz\u00ed vnitrost\u00e1tn\u00ed st\u011bhov\u00e1n\u00ed v r\u00e1mci Spojen\u00fdch st\u00e1t\u016f a Kanady a mezin\u00e1rodn\u00ed st\u011bhov\u00e1n\u00ed po cel\u00e9m sv\u011bt\u011b.<\/li>\n<li> <a href=\"https:\/\/moverdb.com\/cs\/u-pack-stehovani\/\"><strong>U-Pack st\u011bhov\u00e1n\u00ed<\/strong><\/a> - Spole\u010dnost ABF U-Pack Moving nab\u00edz\u00ed sv\u00fdm z\u00e1kazn\u00edk\u016fm \u0159adu slu\u017eeb v oblasti st\u011bhov\u00e1n\u00ed a vlastn\u00edho balen\u00ed a vybalov\u00e1n\u00ed v r\u00e1mci USA, Kanady a Portorika. <\/li>\n<li> <a href=\"https:\/\/moverdb.com\/cs\/atlas-van-lines-international\/\"><strong>Atlas Van Lines<\/strong><\/a> - Nab\u00edz\u00ed vnitrost\u00e1tn\u00ed st\u011bhov\u00e1n\u00ed pod zna\u010dkou Atlas Van Lines a mezin\u00e1rodn\u00ed st\u011bhov\u00e1n\u00ed pod zna\u010dkou Atlas Van Lines International. Ob\u011b spole\u010dnosti vlastn\u00ed Atlas World Group.<\/li>\n<li> <a href=\"https:\/\/moverdb.com\/cs\/mayflower-transit\/\"><strong>Mayflower Transit<\/strong><\/a> - Spole\u010dnost Mayflower Transit nab\u00edz\u00ed \u0161irokou \u0161k\u00e1lu slu\u017eeb od st\u011bhov\u00e1n\u00ed a skladov\u00e1n\u00ed \"na m\u00edru\" a\u017e po kompletn\u00ed mezin\u00e1rodn\u00ed slu\u017eby. <\/li>\n<li> <a href=\"https:\/\/moverdb.com\/cs\/allied-van-lines\/\"><strong>Allied Van Lines<\/strong><\/a> - Spole\u010dnost Allied Van Lines Inc se nach\u00e1z\u00ed ve Fort Wayne, IN, a sv\u00fdm z\u00e1kazn\u00edk\u016fm nab\u00edz\u00ed \u0159adu slu\u017eeb v\u010detn\u011b nep\u0159etr\u017eit\u00e9ho sledov\u00e1n\u00ed z\u00e1silek, pomoci p\u0159i celn\u00edm odbaven\u00ed, anglicky mluv\u00edc\u00edho person\u00e1lu na obou stran\u00e1ch st\u011bhov\u00e1n\u00ed a odvozu obalov\u00e9ho materi\u00e1lu.<\/li>\n<li> <a href=\"https:\/\/moverdb.com\/cs\/north-american-van-lines\/\"><strong>Spole\u010dnost North American Van Lines<\/strong><\/a> - Spole\u010dnost North American Van Lines nab\u00edz\u00ed sv\u00fdm z\u00e1kazn\u00edk\u016fm slu\u017eby pro mezin\u00e1rodn\u00ed, firemn\u00ed a vnitrost\u00e1tn\u00ed st\u011bhov\u00e1n\u00ed.<\/li>\n<li> <a href=\"https:\/\/moverdb.com\/cs\/wheaton\/\"><strong>Wheaton World Wide Moving<\/strong><\/a> - Spole\u010dnost Wheaton World Wide Moving (d\u0159\u00edve Wheaton Van Lines) nab\u00edz\u00ed sv\u00fdm klient\u016fm \u0161irokou \u0161k\u00e1lu slu\u017eeb od mezin\u00e1rodn\u00edho st\u011bhov\u00e1n\u00ed a\u017e po m\u00edstn\u00ed st\u011bhov\u00e1n\u00ed.<\/li>\n<li> <a href=\"https:\/\/moverdb.com\/cs\/bekins-van-lines\/\"><strong>Bekins Van Lines<\/strong><\/a> - Spole\u010dnost Bekins Van Lines s\u00eddl\u00ed ve m\u011bst\u011b Indianapolis IN. Sv\u00fdm z\u00e1kazn\u00edk\u016fm nab\u00edz\u00ed celou \u0159adu st\u011bhovac\u00edch slu\u017eeb v\u010detn\u011b mezin\u00e1rodn\u00edch st\u011bhov\u00e1n\u00ed a st\u011bhov\u00e1n\u00ed s vysokou hodnotou.<\/li>\n<li> <a href=\"https:\/\/moverdb.com\/cs\/graebel-van-lines\/\"><strong>Graebel Van Lines<\/strong><\/a> - Spole\u010dnost Graebel Van Lines s\u00eddl\u00ed v Auro\u0159e ve st\u00e1t\u011b CO a mezi jej\u00ed klienty pat\u0159\u00ed spole\u010dnosti z \u017eeb\u0159\u00ed\u010dku Fortune 500, DEA, FBI, IRS a CDC.<\/li>\n<li> <a href=\"https:\/\/moverdb.com\/cs\/arpin-van-lines\/\"><strong>Arpin Van Lines<\/strong><\/a> - Spole\u010dnost Arpin Van Lines s\u00eddl\u00ed ve West Warwicku ve st\u00e1t\u011b RI a prov\u00e1d\u00ed vojensk\u00e9 a dom\u00e1c\u00ed p\u0159esuny v tuzemsku i v zahrani\u010d\u00ed. Nab\u00edz\u00ed tak\u00e9 skladovac\u00ed slu\u017eby, nap\u0159\u00edklad klimatizovan\u00e9 skladov\u00e1n\u00ed a skladov\u00e1n\u00ed v kontejnerech.<\/li>\n<li> <a href=\"https:\/\/moverdb.com\/cs\/stevens-worldwide-van-lines\/\">Stevens Worldwide Van Lines<\/a> - Stevens Worldwide Van Lines se s\u00eddlem v Saginaw MI nab\u00edz\u00ed m\u00edstn\u00ed, mimo st\u00e1t, d\u00e1lkov\u00e9 a mezin\u00e1rodn\u00ed p\u0159esuny pro dom\u00e1cnosti, podniky, arm\u00e1du a duchovn\u00ed.<\/li>\n<li> <a href=\"https:\/\/moverdb.com\/cs\/amj-campbell-van-lines\/\">AMJ Campbell Van Lines<\/a> - Spole\u010dnost AMJ Campbell Van Lines s\u00eddl\u00ed ve <a href=\"https:\/\/moverdb.com\/cs\/stehovani-do-toronta\/\">Toronto<\/a>, Kanada a je jedn\u00edm z nejv\u011bt\u0161\u00edch kanadsk\u00fdch <a href=\"https:\/\/moverdb.com\/cs\/moving-companies\/\" data-internallinksmanager029f6b8e52c=\"79\" title=\"Top 25 Mezin\u00e1rodn\u00ed st\u011bhovac\u00ed spole\u010dnosti Online\">st\u011bhovac\u00ed spole\u010dnosti<\/a> pro vnitrost\u00e1tn\u00ed i mezin\u00e1rodn\u00ed st\u011bhov\u00e1n\u00ed.<\/li>\n<li> <a href=\"https:\/\/moverdb.com\/cs\/suddath\/\">Suddath<\/a> - Rodina spole\u010dnost\u00ed, kter\u00e9 nab\u00edzej\u00ed \u0159adu vnitrost\u00e1tn\u00edch a mezin\u00e1rodn\u00edch st\u011bhovac\u00edch slu\u017eeb v\u010detn\u011b st\u011bhov\u00e1n\u00ed dom\u00e1cnost\u00ed, firem a \u00fa\u0159ad\u016f.<\/li>\n<li> <a href=\"https:\/\/moverdb.com\/cs\/covan-world-wide\/\">Covan WorldWide Moving<\/a> - Spole\u010dnost Covan m\u00e1 v\u00edce ne\u017e 200 mezist\u00e1tn\u00edch a 600 m\u00edstn\u00edch p\u0159epravn\u00edch jednotek. Jej\u00edm posl\u00e1n\u00edm je b\u00fdt l\u00eddrem v oblasti mezin\u00e1rodn\u00edch p\u0159epravn\u00edch slu\u017eeb.<\/li>\n<li> <a href=\"https:\/\/moverdb.com\/cs\/armstrong-relocation\/\">St\u011bhov\u00e1n\u00ed Armstrong<\/a> - Spole\u010dnost Armstrong Relocation je dnes nejv\u011bt\u0161\u00edm zprost\u0159edkovatelem zbo\u017e\u00ed spole\u010dnosti United Van Lines a m\u00e1 22 pobo\u010dek v USA.<\/li>\n<li> <a href=\"https:\/\/moverdb.com\/cs\/williams-moving-storage\/\">Williams Moving &amp; Storage<\/a> - Williams Moving and Storage je kanadsk\u00e1 st\u011bhovac\u00ed spole\u010dnost, kter\u00e1 se zab\u00fdv\u00e1 m\u00edstn\u00edm i mezin\u00e1rodn\u00edm st\u011bhov\u00e1n\u00edm jednotlivc\u016f i firem.<\/li>\n<li> <a href=\"https:\/\/moverdb.com\/cs\/beltmann-relocation\/\">Beltmann Relocation Group<\/a> - Rodina Battina ji zalo\u017eila v roce 1955 a st\u00e1le ji vlastn\u00ed a vede. Je jedn\u00edm z nejv\u011bt\u0161\u00edch a nejstar\u0161\u00edch z\u00e1stupc\u016f spole\u010dnosti North American Van Lines.<\/li>\n<li> <a href=\"https:\/\/moverdb.com\/cs\/national-van-lines\/\">Spole\u010dnost National Van Lines<\/a> - Mottem spole\u010dnosti je \"St\u011bhov\u00e1n\u00ed va\u0161ich vzpom\u00ednek\", kter\u00e9 zam\u011bstnanc\u016fm i z\u00e1kazn\u00edk\u016fm p\u0159ipom\u00edn\u00e1, \u017ee osobn\u00ed v\u011bci jsou cenn\u00e9 a \u017ee s nimi bude v\u017edy zach\u00e1zeno opatrn\u011b.<\/li>\n<li> <a href=\"https:\/\/moverdb.com\/cs\/berger-allied\/\">Berger Allied (Transfer &amp; Storage)<\/a> - Spole\u010dnost Berger Transfer and Storage p\u016fsob\u00ed na trhu ji\u017e od roku 1910. Spolupracuje s jednotlivci, firmami a vl\u00e1dn\u00edmi agenturami. <\/li>\n<li> Lawrence Transportation Systems<\/li>\n<li> <a href=\"https:\/\/moverdb.com\/cs\/mccollisters-stehovani\/\">Skupina McCollister's Transportation Group<\/a> - McCollister's je soukrom\u00e1 spole\u010dnost a je z\u00e1stupcem spole\u010dnosti UniGroup Inc., do kter\u00e9 pat\u0159\u00ed United Van Lines a Mayflower Transit. (viz v\u00fd\u0161e)<\/li>\n<li> <a href=\"https:\/\/moverdb.com\/cs\/coleman-celosvetove-stehovani\/\">Coleman Worldwide Moving<\/a> - Spole\u010dnost Coleman Worldwide Moving, zn\u00e1m\u00e1 tak\u00e9 jako Coleman American Moving Services &amp; Coleman Allied, nab\u00edz\u00ed vnitrost\u00e1tn\u00ed i mezin\u00e1rodn\u00ed st\u011bhov\u00e1n\u00ed.<\/li>\n<li> <a href=\"https:\/\/moverdb.com\/cs\/hilldrup-moving-storage\/\">Hilldrup Moving &amp; Storage<\/a> - Nab\u00edz\u00ed slu\u017eby, jako je asistence p\u0159i st\u011bhov\u00e1n\u00ed, \u0159\u00edzen\u00ed st\u011bhov\u00e1n\u00ed, skladov\u00e1n\u00ed, v\u00fdjezdov\u00e9 slu\u017eby, c\u00edlov\u00e9 slu\u017eby a dal\u0161\u00ed.<\/li>\n<li> <a href=\"https:\/\/moverdb.com\/cs\/american-red-ball-transit\/\">Americk\u00e1 spole\u010dnost Red Ball Transit Company<\/a> - S\u00eddl\u00ed v Indianapolis a zam\u011b\u0159uje se na vnitrost\u00e1tn\u00ed slu\u017eby v USA.<\/li>\n<li> New World Van Lines<\/li>\n<li> Palmer Moving &amp; Storage<\/li>\n<li> Mergenthaler Transfer and Storage<\/li>\n<li> Scobey Moving and Storage LTD<\/li>\n<li> Corrigan Moving Systems<\/li>\n<li> Syst\u00e9m Tri Star Freight System<\/li>\n<li> Hladov\u011bj\u00edc\u00ed studenti<\/li>\n<li> A-1 Freeman St\u011bhovac\u00ed spole\u010dnosti<\/li>\n<li> Daryl Flood P\u0159em\u00edst\u011bn\u00ed a logistika<\/li>\n<li> JK Moving &amp; Storage<\/li>\n<li> Ace Relocation Systems<\/li>\n<li> Ford Storage &amp; Moving Company<\/li>\n<li> Spole\u010dnost Budd Van Lines<\/li>\n<li> Letadla St\u011bhov\u00e1n\u00ed a skladov\u00e1n\u00ed<\/li>\n<li> Gentle Giant Moving Company<\/li>\n<li> <a href=\"https:\/\/moverdb.com\/cs\/island-movers\/\">Ostrovn\u00ed st\u011bhov\u00e1ci<\/a> - Nab\u00edz\u00ed st\u011bhovac\u00ed slu\u017eby na Havajsk\u00e9 ostrovy a z Havajsk\u00fdch ostrov\u016f, a to jak ze Spojen\u00fdch st\u00e1t\u016f, tak z mezin\u00e1rodn\u00edho prost\u0159ed\u00ed.<\/li>\n<li> Mesa Moving &amp; Storage<\/li>\n<li> Ameri\u010dt\u00ed mezin\u00e1rodn\u00ed st\u011bhov\u00e1ci<\/li>\n<li> Ameri\u010dt\u00ed st\u011bhov\u00e1ci<\/li>\n<li> Arnoff Moving &amp; Storage,<\/li>\n<li> Fidelity Moving &amp; Storage Company<\/li>\n<li> Mezin\u00e1rodn\u00ed spole\u010dnosti Lile<\/li>\n<li> Carlyle Van Lines<\/li>\n<li> Spr\u00e1vn\u00fd st\u011bhov\u00e1k<\/li>\n<li> Andrews Van Lines<\/li>\n<li> Sherwood Van Lines<\/li>\n<li> Bisson Moving &amp; Storage<\/li>\n<li> Bohren's Moving &amp; Storage,<\/li>\n<li> Select Van &amp; Storage<\/li>\n<li> Broadway Express<\/li>\n<li> FlatRate Moving<\/li>\n<li> Smith Dray Line &amp; Storage<\/li>\n<li> Sourdough Express<\/li>\n<li> South Hills Movers<\/li>\n<li> Fisher North American<\/li>\n<li> Interstate Van Lines\/Interstate Worldwide<\/li>\n<li> Ward North American<\/li>\n<li> V\u00fdchodn\u00ed <a href=\"https:\/\/moverdb.com\/cs\/moving-to-the-united-states\/moving-to-tennessee\/\" data-internallinksmanager029f6b8e52c=\"406\" title=\"St\u011bhov\u00e1n\u00ed do Tennessee? 2026 N\u00e1klady na bydlen\u00ed a tipy na p\u0159est\u011bhov\u00e1n\u00ed\">Tennessee<\/a> St\u011bhov\u00e1n\u00ed\/Dva mu\u017ei a n\u00e1kla\u010f\u00e1k<\/li>\n<li> Imlach Group<\/li>\n<li> Air Van Moving<\/li>\n<li> D\u011bdictv\u00ed Dopravn\u00ed slu\u017eby<\/li>\n<li> Tippet-Richardson<\/li>\n<li> Atlantic Relocation Systems<\/li>\n<li> Carey Moving &amp; Storage<\/li>\n<li> P\u0159em\u00edst\u011bn\u00ed Arnolda na sv\u011btov\u00e9 \u00farovni<\/li>\n<li> William B. Meyer<\/li>\n<li> Horizon Moving Systems<\/li>\n<li> Parks Moving &amp; Storage<\/li>\n<li> Highland Moving &amp; Storage<\/li>\n<li> Delancey Street Moving &amp; Transportation<\/li>\n<li> St\u011bhov\u00e1n\u00ed Armstrong<\/li>\n<li> Feder\u00e1ln\u00ed spole\u010dnosti<\/li>\n<li> Hoyt's Moving &amp; Storage<\/li>\n<li> Johnson Storage and Moving<\/li>\n<li> Nor-Cal St\u011bhovac\u00ed slu\u017eby<\/li>\n<li> <a href=\"https:\/\/moverdb.com\/cs\/royal-hawaiian-movers\/\">Royal Hawaiian Movers<\/a> - Spole\u010dnost Royal Hawaiian Movers je sou\u010d\u00e1st\u00ed skupiny spole\u010dnost\u00ed DeWitt a nab\u00edz\u00ed sv\u00fdm z\u00e1kazn\u00edk\u016fm r\u016fzn\u00e9 m\u00edstn\u00ed, meziostrovn\u00ed, pevninsk\u00e9 a mezin\u00e1rodn\u00ed p\u0159esuny.<\/li>\n<li> Central Van &amp; Storage,<\/li>\n<li> <a href=\"https:\/\/moverdb.com\/cs\/stehovani-korun\/\">Crown Moving Co<\/a> - Nyn\u00ed zav\u0159eno, se s\u00eddlem v <a href=\"https:\/\/moverdb.com\/cs\/moving-to-seattle\/\" data-internallinksmanager029f6b8e52c=\"65\" title=\"St\u011bhujete se do Seattlu? 2022 N\u00e1klady na bydlen\u00ed a tipy na st\u011bhov\u00e1n\u00ed\">Seattle<\/a>.<\/li>\n<li> Fry-Wagner Moving and Storage Co<\/li>\n<li> B. Von <a href=\"https:\/\/moverdb.com\/cs\/moving-to-france\/moving-to-paris\/\" data-internallinksmanager029f6b8e52c=\"407\" title=\"St\u011bhujete se do Pa\u0159\u00ed\u017ee? 2026 N\u00e1klady na bydlen\u00ed a tipy na st\u011bhov\u00e1n\u00ed\">Paris<\/a> St\u011bhov\u00e1n\u00ed a skladov\u00e1n\u00ed<\/li>\n<li> O'Brien's Moving &amp; Storage<\/li>\n<li> Spole\u010dnost Piqua Transfer &amp; Storage<\/li>\n<li> Joyce Van Lines,<\/li>\n<li> Plycon Transportation Group<\/li>\n<li> AAA Moving &amp; Storage<\/li>\n<li> Aaction Moving &amp; Storage<\/li>\n<li> Alero St\u011bhov\u00e1n\u00ed a skladov\u00e1n\u00ed<\/li>\n<li> DMS Moving Systems<\/li>\n<li> George Moving &amp; Storage<\/li>\n<li> Glen Ellyn Storage Corporation<\/li>\n<li> Piepho Moving and Storage<\/li>\n<li> Eagle Van Lines<\/li>\n<li> Roadrunner St\u011bhov\u00e1n\u00ed a skladov\u00e1n\u00ed<\/li>\n<li> Lint Van Lines<\/li>\n<li> Pacific Transfer<\/li>\n<li> Paxton Van Lines<\/li>\n<\/ol>","protected":false},"excerpt":{"rendered":"<p>Below you will find a list of the top 100 largest domestic and international moving companies the United States and Canada based on the number of registered trucks in their fleet. One of these companies is likely to be the right one for your international, long distance and\/or interstate move. The data comes from MovingCompanyReviews.com [&hellip;]<\/p>\n","protected":false},"author":1,"featured_media":1083,"parent":0,"menu_order":0,"comment_status":"closed","ping_status":"closed","template":"","meta":{"_genesis_hide_title":false,"_genesis_hide_breadcrumbs":false,"_genesis_hide_singular_image":false,"_genesis_hide_footer_widgets":false,"_genesis_custom_body_class":"","_genesis_custom_post_class":"","_genesis_layout":"","footnotes":""},"class_list":{"0":"post-955","1":"page","2":"type-page","3":"status-publish","4":"has-post-thumbnail","6":"entry"},"_links":{"self":[{"href":"https:\/\/moverdb.com\/cs\/wp-json\/wp\/v2\/pages\/955","targetHints":{"allow":["GET"]}}],"collection":[{"href":"https:\/\/moverdb.com\/cs\/wp-json\/wp\/v2\/pages"}],"about":[{"href":"https:\/\/moverdb.com\/cs\/wp-json\/wp\/v2\/types\/page"}],"author":[{"embeddable":true,"href":"https:\/\/moverdb.com\/cs\/wp-json\/wp\/v2\/users\/1"}],"replies":[{"embeddable":true,"href":"https:\/\/moverdb.com\/cs\/wp-json\/wp\/v2\/comments?post=955"}],"version-history":[{"count":40,"href":"https:\/\/moverdb.com\/cs\/wp-json\/wp\/v2\/pages\/955\/revisions"}],"predecessor-version":[{"id":6247,"href":"https:\/\/moverdb.com\/cs\/wp-json\/wp\/v2\/pages\/955\/revisions\/6247"}],"wp:featuredmedia":[{"embeddable":true,"href":"https:\/\/moverdb.com\/cs\/wp-json\/wp\/v2\/media\/1083"}],"wp:attachment":[{"href":"https:\/\/moverdb.com\/cs\/wp-json\/wp\/v2\/media?parent=955"}],"curies":[{"name":"wp","href":"https:\/\/api.w.org\/{rel}","templated":true}]}}