{"id":9525,"date":"2023-06-08T12:37:11","date_gmt":"2023-06-08T12:37:11","guid":{"rendered":"https:\/\/moverdb.com\/?page_id=9525"},"modified":"2026-01-08T15:24:26","modified_gmt":"2026-01-08T15:24:26","slug":"moving-companies-slovenia","status":"publish","type":"page","link":"https:\/\/moverdb.com\/cs\/moving-companies\/moving-companies-slovenia\/","title":{"rendered":"3 nejlep\u0161\u00ed mezin\u00e1rodn\u00ed st\u011bhovac\u00ed spole\u010dnosti ve Slovinsku"},"content":{"rendered":"<p>St\u011bhov\u00e1n\u00ed m\u016f\u017ee b\u00fdt stresuj\u00edc\u00ed, proto\u017ee je t\u0159eba za\u0159\u00eddit spoustu v\u011bc\u00ed, zejm\u00e9na pokud se st\u011bhujete do zahrani\u010d\u00ed. Pokud pl\u00e1nujete st\u011bhov\u00e1n\u00ed v r\u00e1mci zem\u011b, do zem\u011b nebo z zem\u011b, kde se st\u011bhujete. <a href=\"https:\/\/moverdb.com\/cs\/moving-to-slovenia\/\" data-internallinksmanager029f6b8e52c=\"392\" title=\"St\u011bhov\u00e1n\u00ed do Slovinska? 2026 N\u00e1klady na bydlen\u00ed a tipy na st\u011bhov\u00e1n\u00ed\">Slovinsko<\/a> pak vyu\u017e\u00edt slu\u017eeb <a href=\"https:\/\/moverdb.com\/cs\/moving-companies\/\" data-internallinksmanager029f6b8e52c=\"79\" title=\"Top 25 Mezin\u00e1rodn\u00ed st\u011bhovac\u00ed spole\u010dnosti Online\">st\u011bhovac\u00ed spole\u010dnost<\/a> m\u016f\u017ee pomoci odleh\u010dit z\u00e1t\u011b\u017e. N\u00ed\u017ee jsme pro v\u00e1s p\u0159ipravili seznam slovinsk\u00fdch <a href=\"https:\/\/moverdb.com\/cs\/international-removals\/\" data-internallinksmanager029f6b8e52c=\"27\" title=\"36 nejlep\u0161\u00edch mezin\u00e1rodn\u00edch st\u011bhovac\u00edch spole\u010dnost\u00ed ve Velk\u00e9 Brit\u00e1nii\">st\u011bhovac\u00ed firmy<\/a> kter\u00e9 jsou \u010dleny <a href=\"https:\/\/moverdb.com\/cs\/iam\/\" data-internallinksmanager029f6b8e52c=\"23\" title=\"Vysv\u011btlen\u00ed Mezin\u00e1rodn\u00ed asociace st\u011bhov\u00e1k\u016f (IAM)\">Mezin\u00e1rodn\u00ed asociace st\u011bhov\u00e1k\u016f<\/a> (IAM) a\/nebo <a href=\"https:\/\/moverdb.com\/cs\/fidi-faim\/\" data-internallinksmanager029f6b8e52c=\"16\" title=\"Vysv\u011btlen\u00ed FIDI a FAIM (FIDI Accredited International Mover)\">FIDI<\/a> Akreditovan\u00e9 mezin\u00e1rodn\u00ed st\u011bhov\u00e1n\u00ed (FAIM), kter\u00e9 by v\u00e1m mohlo pomoci se st\u011bhov\u00e1n\u00edm.<\/p>\n<h2><strong>1. DB Schenker<\/strong><\/h2>\n<p><img loading=\"lazy\" decoding=\"async\" class=\"alignnone size-full wp-image-9351\" src=\"https:\/\/moverdb.com\/wp-content\/uploads\/DB-Schenker-Slovenvia-international-moving-company.png\" alt=\"DB Schenker Slovenvia mezin\u00e1rodn\u00ed st\u011bhovac\u00ed spole\u010dnost\" width=\"1440\" height=\"673\" data-wp-pid=\"9351\" srcset=\"https:\/\/moverdb.com\/wp-content\/uploads\/DB-Schenker-Slovenvia-international-moving-company.png 1440w, https:\/\/moverdb.com\/wp-content\/uploads\/DB-Schenker-Slovenvia-international-moving-company-300x140.png 300w, https:\/\/moverdb.com\/wp-content\/uploads\/DB-Schenker-Slovenvia-international-moving-company-1024x479.png 1024w, https:\/\/moverdb.com\/wp-content\/uploads\/DB-Schenker-Slovenvia-international-moving-company-18x8.png 18w, https:\/\/moverdb.com\/wp-content\/uploads\/DB-Schenker-Slovenvia-international-moving-company-600x280.png 600w\" sizes=\"auto, (max-width: 1440px) 100vw, 1440px\" \/><\/p>\n<ul>\n<li>St\u011bhov\u00e1n\u00ed na n\u00e1rodn\u00ed \u00farovni<\/li>\n<li>Mezin\u00e1rodn\u00ed p\u0159esuny<\/li>\n<li>St\u011bhov\u00e1n\u00ed dom\u00e1cnost\u00ed<\/li>\n<li>St\u011bhov\u00e1n\u00ed spole\u010dnosti<\/li>\n<li>Balen\u00ed na m\u00edru<\/li>\n<li>Pozemn\u00ed, \u017eelezni\u010dn\u00ed, leteck\u00e1 a n\u00e1mo\u0159n\u00ed n\u00e1kladn\u00ed doprava<\/li>\n<li>Celn\u00ed odbaven\u00ed<\/li>\n<li>Manipulace s um\u011bleck\u00fdmi d\u00edly<\/li>\n<li>Specializovan\u00fd vozov\u00fd park a vybaven\u00ed<\/li>\n<li>Skladovac\u00ed prostory<\/li>\n<\/ul>\n<p>DB Schenker je glob\u00e1ln\u00ed poskytovatel logistick\u00fdch slu\u017eeb, kter\u00fd m\u00e1 p\u0159ibli\u017en\u011b 1 850 pobo\u010dek po cel\u00e9m sv\u011bt\u011b a p\u016fsob\u00ed na trhu od roku 1872. <a href=\"https:\/\/moverdb.com\/cs\/moving-to-austria\/\" data-internallinksmanager029f6b8e52c=\"343\" title=\"St\u011bhov\u00e1n\u00ed do Rakouska? 2026 N\u00e1klady na bydlen\u00ed a tipy na st\u011bhov\u00e1n\u00ed\">Rakousko<\/a>. Ve Slovinsku maj\u00ed n\u011bkolik pobo\u010dek, v\u010detn\u011b Lublan\u011b, Mariboru, Koperu, Brniku a Skofja Loky. Jsou \u010dlenem IAM.<\/p>\n<p>DB Schenker nab\u00edz\u00ed st\u011bhovac\u00ed a reloka\u010dn\u00ed slu\u017eby v r\u00e1mci Slovinska, do Slovinska a ze Slovinska. Jej\u00ed slu\u017eby zahrnuj\u00ed profesion\u00e1ln\u00ed balic\u00ed slu\u017eby s obaly na m\u00edru, kter\u00e9 jsou \u0161etrn\u00e9 k \u017eivotn\u00edmu prost\u0159ed\u00ed. Disponuj\u00ed vlastn\u00edm vozov\u00fdm parkem st\u011bhovac\u00edch vozidel se vzduchov\u00fdm odpru\u017een\u00edm a zvedac\u00edmi plo\u0161inami pro st\u011bhov\u00e1n\u00ed va\u0161ich v\u011bc\u00ed. Zajist\u00ed p\u0159epravu po zemi, \u017eeleznici, letecky i po mo\u0159i s celn\u00edm odbaven\u00edm p\u0159i st\u011bhovac\u00edch pl\u00e1nech.<\/p>\n<p>Webov\u00e9 str\u00e1nky: <a href=\"https:\/\/www.dbschenker.com\/si-en\/products\/removals\" target=\"_blank\" rel=\"noopener\">https:\/\/www.dbschenker.com\/si-en\/products\/removals<\/a><\/p>\n<h2><strong>2. P\u0159est\u011bhov\u00e1n\u00ed s.r.o.<\/strong><\/h2>\n<p><img loading=\"lazy\" decoding=\"async\" class=\"alignnone size-full wp-image-9417\" src=\"https:\/\/moverdb.com\/wp-content\/uploads\/Relocations-Ltd-international-moving-company.png\" alt=\"P\u0159em\u00edst\u011bn\u00ed Ltd mezin\u00e1rodn\u00ed st\u011bhov\u00e1n\u00ed spole\u010dnost\" width=\"1440\" height=\"673\" data-wp-pid=\"9417\" srcset=\"https:\/\/moverdb.com\/wp-content\/uploads\/Relocations-Ltd-international-moving-company.png 1440w, https:\/\/moverdb.com\/wp-content\/uploads\/Relocations-Ltd-international-moving-company-300x140.png 300w, https:\/\/moverdb.com\/wp-content\/uploads\/Relocations-Ltd-international-moving-company-1024x479.png 1024w, https:\/\/moverdb.com\/wp-content\/uploads\/Relocations-Ltd-international-moving-company-18x8.png 18w, https:\/\/moverdb.com\/wp-content\/uploads\/Relocations-Ltd-international-moving-company-600x280.png 600w\" sizes=\"auto, (max-width: 1440px) 100vw, 1440px\" \/><\/p>\n<ul>\n<li>St\u011bhov\u00e1n\u00ed na n\u00e1rodn\u00ed \u00farovni<\/li>\n<li>Mezin\u00e1rodn\u00ed p\u0159esuny<\/li>\n<li>St\u011bhov\u00e1n\u00ed dom\u00e1cnost\u00ed<\/li>\n<li>St\u011bhov\u00e1n\u00ed firem<\/li>\n<li>Kvalitn\u00ed balen\u00ed<\/li>\n<li>Dopravn\u00ed opat\u0159en\u00ed<\/li>\n<li>Celn\u00ed odbaven\u00ed<\/li>\n<li>P\u0159eprava vozidel<\/li>\n<li>Imigra\u010dn\u00ed slu\u017eby<\/li>\n<li>Skladovac\u00ed prostory<\/li>\n<\/ul>\n<p>Relocations Ltd je spole\u010dnost zalo\u017een\u00e1 v roce 2006 se s\u00eddlem v Lublani. Disponuje t\u00fdmem profesion\u00e1l\u016f na st\u011bhov\u00e1n\u00ed ve Slovinsku a vyu\u017e\u00edv\u00e1 prov\u011b\u0159en\u00e9 partnery v zahrani\u010d\u00ed, kte\u0159\u00ed poskytuj\u00ed nez\u00e1visl\u00e9 slu\u017eby koordinace st\u011bhov\u00e1n\u00ed. Jsou \u010dlenem IAM.<\/p>\n<p>Spole\u010dnost Relocations Ltd nab\u00edz\u00ed mo\u017enost m\u00edstn\u00ed asistence nebo kompletn\u00ed st\u011bhovac\u00ed slu\u017eby pro st\u011bhov\u00e1n\u00ed v r\u00e1mci Slovinska, do Slovinska nebo ze Slovinska. Poskytuje slu\u017eby pro dom\u00e1cnosti i firmy, kter\u00e9 zahrnuj\u00ed p\u0159epravu vozidel a imigra\u010dn\u00ed slu\u017eby. Zajist\u00ed p\u0159epravu va\u0161ich v\u011bc\u00ed s celn\u00edm odbaven\u00edm. Nab\u00edzej\u00ed dal\u0161\u00ed slu\u017eby v\u010detn\u011b slu\u017eeb p\u0159i zabydlov\u00e1n\u00ed, slu\u017eeb p\u0159i odjezdu, vyhled\u00e1v\u00e1n\u00ed bydli\u0161t\u011b a \u0161koly, orientaci, kulturn\u00ed \u0161kolen\u00ed a slu\u017eby \u00fadr\u017eb\u00e1\u0159\u016f.<\/p>\n<p>Webov\u00e9 str\u00e1nky: <a href=\"http:\/\/www.relocations.si\" target=\"_blank\" rel=\"noopener\">http:\/\/www.relocations.si<\/a><\/p>\n<h2><strong>3. Vatovec<\/strong><\/h2>\n<p><img loading=\"lazy\" decoding=\"async\" class=\"alignnone size-full wp-image-9443\" src=\"https:\/\/moverdb.com\/wp-content\/uploads\/Vatovec-international-moving-company.png\" alt=\"Vatovec mezin\u00e1rodn\u00ed st\u011bhovac\u00ed spole\u010dnost\" width=\"1440\" height=\"680\" data-wp-pid=\"9443\" srcset=\"https:\/\/moverdb.com\/wp-content\/uploads\/Vatovec-international-moving-company.png 1440w, https:\/\/moverdb.com\/wp-content\/uploads\/Vatovec-international-moving-company-300x142.png 300w, https:\/\/moverdb.com\/wp-content\/uploads\/Vatovec-international-moving-company-1024x484.png 1024w, https:\/\/moverdb.com\/wp-content\/uploads\/Vatovec-international-moving-company-18x9.png 18w, https:\/\/moverdb.com\/wp-content\/uploads\/Vatovec-international-moving-company-600x283.png 600w\" sizes=\"auto, (max-width: 1440px) 100vw, 1440px\" \/><\/p>\n<ul>\n<li>St\u011bhov\u00e1n\u00ed na n\u00e1rodn\u00ed \u00farovni<\/li>\n<li>Mezin\u00e1rodn\u00ed st\u011bhov\u00e1n\u00ed<\/li>\n<li>St\u011bhov\u00e1n\u00ed dom\u00e1cnost\u00ed<\/li>\n<li>St\u011bhov\u00e1n\u00ed kancel\u00e1\u0159\u00ed<\/li>\n<li>Profesion\u00e1ln\u00ed balic\u00ed slu\u017eby<\/li>\n<li>Pozemn\u00ed, leteck\u00e1 a n\u00e1mo\u0159n\u00ed doprava<\/li>\n<li>Celn\u00ed formality<\/li>\n<li>Pohybliv\u00e9 um\u011bleck\u00e9 objekty<\/li>\n<li>P\u0159eprava mal\u00fdch zv\u00ed\u0159at<\/li>\n<li>Skladovac\u00ed prostory<\/li>\n<\/ul>\n<p>Vatovec je st\u011bhovac\u00ed spole\u010dnost zalo\u017een\u00e1 v roce 1998 se s\u00eddlem v Lublani. Disponuje s\u00edt\u00ed kvalitn\u00edch mezin\u00e1rodn\u00edch partner\u016f po cel\u00e9m sv\u011bt\u011b, kte\u0159\u00ed pom\u00e1haj\u00ed s mezin\u00e1rodn\u00edm st\u011bhov\u00e1n\u00edm. Jsou \u010dlenem IAM s 25letou tradic\u00ed a jsou akreditov\u00e1ni FIDI.<\/p>\n<p>Vatovec nab\u00edz\u00ed st\u011bhov\u00e1n\u00ed a st\u011bhovac\u00ed slu\u017eby v r\u00e1mci Slovinska, do Slovinska a ze Slovinska. Poskytuje profesion\u00e1ln\u00ed balic\u00ed slu\u017eby, kter\u00e9 zajist\u00ed bezpe\u010dn\u00e9 zabalen\u00ed va\u0161ich v\u011bc\u00ed a jejich p\u0159epravu na m\u00edsto ur\u010den\u00ed po zemi, letecky nebo po mo\u0159i s vy\u0159\u00edzen\u00edm celn\u00edch formalit. Jejich st\u011bhovac\u00ed slu\u017eby zahrnuj\u00ed povolen\u00ed k pobytu a pr\u00e1ci, vyhled\u00e1n\u00ed bydli\u0161t\u011b a \u0161koly, orientaci, vyhled\u00e1n\u00ed oprav\u00e1\u0159\u016f a \u0159emesln\u00edk\u016f.<\/p>\n<p>Webov\u00e9 str\u00e1nky: <a href=\"http:\/\/www.vatovec.si\" target=\"_blank\" rel=\"noopener\">http:\/\/www.vatovec.si<\/a><\/p>","protected":false},"excerpt":{"rendered":"<p>Moving can be a stressful time with a lot of things to arrange especially if you are moving overseas. If you are planning a move within, to or from Slovenia then employing the services of a moving company can help lighten the load. Below we have compiled a list of Slovenia based removal companies that [&hellip;]<\/p>\n","protected":false},"author":4,"featured_media":9351,"parent":190,"menu_order":0,"comment_status":"closed","ping_status":"closed","template":"","meta":{"_genesis_hide_title":false,"_genesis_hide_breadcrumbs":false,"_genesis_hide_singular_image":false,"_genesis_hide_footer_widgets":false,"_genesis_custom_body_class":"","_genesis_custom_post_class":"","_genesis_layout":"","footnotes":""},"class_list":{"0":"post-9525","1":"page","2":"type-page","3":"status-publish","4":"has-post-thumbnail","6":"entry"},"_links":{"self":[{"href":"https:\/\/moverdb.com\/cs\/wp-json\/wp\/v2\/pages\/9525","targetHints":{"allow":["GET"]}}],"collection":[{"href":"https:\/\/moverdb.com\/cs\/wp-json\/wp\/v2\/pages"}],"about":[{"href":"https:\/\/moverdb.com\/cs\/wp-json\/wp\/v2\/types\/page"}],"author":[{"embeddable":true,"href":"https:\/\/moverdb.com\/cs\/wp-json\/wp\/v2\/users\/4"}],"replies":[{"embeddable":true,"href":"https:\/\/moverdb.com\/cs\/wp-json\/wp\/v2\/comments?post=9525"}],"version-history":[{"count":1,"href":"https:\/\/moverdb.com\/cs\/wp-json\/wp\/v2\/pages\/9525\/revisions"}],"predecessor-version":[{"id":9526,"href":"https:\/\/moverdb.com\/cs\/wp-json\/wp\/v2\/pages\/9525\/revisions\/9526"}],"up":[{"embeddable":true,"href":"https:\/\/moverdb.com\/cs\/wp-json\/wp\/v2\/pages\/190"}],"wp:featuredmedia":[{"embeddable":true,"href":"https:\/\/moverdb.com\/cs\/wp-json\/wp\/v2\/media\/9351"}],"wp:attachment":[{"href":"https:\/\/moverdb.com\/cs\/wp-json\/wp\/v2\/media?parent=9525"}],"curies":[{"name":"wp","href":"https:\/\/api.w.org\/{rel}","templated":true}]}}