{"id":9518,"date":"2023-06-08T12:39:44","date_gmt":"2023-06-08T12:39:44","guid":{"rendered":"https:\/\/moverdb.com\/?page_id=9518"},"modified":"2026-01-08T15:24:25","modified_gmt":"2026-01-08T15:24:25","slug":"moving-companies-serbia","status":"publish","type":"page","link":"https:\/\/moverdb.com\/cs\/moving-companies\/moving-companies-serbia\/","title":{"rendered":"3 nejlep\u0161\u00ed mezin\u00e1rodn\u00ed st\u011bhovac\u00ed spole\u010dnosti v Srbsku"},"content":{"rendered":"<p>Pokud pl\u00e1nujete st\u011bhov\u00e1n\u00ed v r\u00e1mci Srbska, do Srbska nebo ze Srbska, mo\u017en\u00e1 zva\u017eujete vyu\u017eit\u00ed slu\u017eeb advok\u00e1tn\u00ed kancel\u00e1\u0159e. <a href=\"https:\/\/moverdb.com\/cs\/moving-companies\/\" data-internallinksmanager029f6b8e52c=\"79\" title=\"Top 25 Mezin\u00e1rodn\u00ed st\u011bhovac\u00ed spole\u010dnosti Online\">st\u011bhovac\u00ed spole\u010dnost<\/a> v\u00e1m pomohou s balen\u00edm, p\u0159epravou a dokumentac\u00ed. N\u00ed\u017ee jsme pro v\u00e1s p\u0159ipravili seznam srbsk\u00fdch <a href=\"https:\/\/moverdb.com\/cs\/international-removals\/\" data-internallinksmanager029f6b8e52c=\"27\" title=\"36 nejlep\u0161\u00edch mezin\u00e1rodn\u00edch st\u011bhovac\u00edch spole\u010dnost\u00ed ve Velk\u00e9 Brit\u00e1nii\">st\u011bhovac\u00ed firmy<\/a> kter\u00e9 jsou \u010dleny <a href=\"https:\/\/moverdb.com\/cs\/iam\/\" data-internallinksmanager029f6b8e52c=\"23\" title=\"Vysv\u011btlen\u00ed Mezin\u00e1rodn\u00ed asociace st\u011bhov\u00e1k\u016f (IAM)\">Mezin\u00e1rodn\u00ed asociace st\u011bhov\u00e1k\u016f<\/a> (IAM) a\/nebo <a href=\"https:\/\/moverdb.com\/cs\/fidi-faim\/\" data-internallinksmanager029f6b8e52c=\"16\" title=\"Vysv\u011btlen\u00ed FIDI a FAIM (FIDI Accredited International Mover)\">FIDI<\/a> Akreditovan\u00e9 mezin\u00e1rodn\u00ed st\u011bhov\u00e1n\u00ed (FAIM), kter\u00e9 by v\u00e1m mohlo pomoci se st\u011bhov\u00e1n\u00edm.<\/p>\n<h2><strong>1. Balk\u00e1nsk\u00e9 relokace<\/strong><\/h2>\n<p><img loading=\"lazy\" decoding=\"async\" class=\"alignnone size-full wp-image-9337\" src=\"https:\/\/moverdb.com\/wp-content\/uploads\/Balkan-Relocations-international-moving-company.png\" alt=\"Balkan Relocations mezin\u00e1rodn\u00ed st\u011bhov\u00e1n\u00ed spole\u010dnost\" width=\"1440\" height=\"677\" data-wp-pid=\"9337\" srcset=\"https:\/\/moverdb.com\/wp-content\/uploads\/Balkan-Relocations-international-moving-company.png 1440w, https:\/\/moverdb.com\/wp-content\/uploads\/Balkan-Relocations-international-moving-company-300x141.png 300w, https:\/\/moverdb.com\/wp-content\/uploads\/Balkan-Relocations-international-moving-company-1024x481.png 1024w, https:\/\/moverdb.com\/wp-content\/uploads\/Balkan-Relocations-international-moving-company-18x8.png 18w, https:\/\/moverdb.com\/wp-content\/uploads\/Balkan-Relocations-international-moving-company-600x282.png 600w\" sizes=\"auto, (max-width: 1440px) 100vw, 1440px\" \/><\/p>\n<ul>\n<li>M\u00edstn\u00ed p\u0159esuny<\/li>\n<li>Mezin\u00e1rodn\u00ed p\u0159esuny<\/li>\n<li>St\u011bhov\u00e1n\u00ed dom\u00e1cnost\u00ed<\/li>\n<li>St\u011bhov\u00e1n\u00ed firem<\/li>\n<li>Mo\u017enosti balen\u00ed<\/li>\n<li>Pozemn\u00ed, n\u00e1mo\u0159n\u00ed a leteck\u00e1 doprava<\/li>\n<li>Celn\u00ed slu\u017eby<\/li>\n<li>St\u011bhov\u00e1n\u00ed dom\u00e1c\u00edch mazl\u00ed\u010dk\u016f<\/li>\n<li>Poji\u0161t\u011bn\u00ed<\/li>\n<li>Skladovac\u00ed prostory<\/li>\n<\/ul>\n<p>Balkan Relocations je st\u011bhovac\u00ed, logistick\u00e1 a dopravn\u00ed slu\u017eba, kter\u00e1 p\u016fsob\u00ed v B\u011blehrad\u011b. Je sou\u010d\u00e1st\u00ed celosv\u011btov\u00e9 s\u00edt\u011b st\u011bhovac\u00edch agent\u016f a servisn\u00edch partner\u016f, kte\u0159\u00ed j\u00ed pom\u00e1haj\u00ed poskytovat slu\u017eby i mimo Srbsko. Jsou \u010dlenem IAM s \u0161estiletou p\u016fsobnost\u00ed.<\/p>\n<p>Spole\u010dnost Balkan Relocations nab\u00edz\u00ed st\u011bhov\u00e1n\u00ed od dve\u0159\u00ed ke dve\u0159\u00edm s mo\u017enost\u00ed v\u00fdb\u011bru z n\u011bkolika variant balen\u00ed, kter\u00e9 zahrnuj\u00ed pouze k\u0159ehk\u00e9 balen\u00ed, vlastn\u00ed balen\u00ed s dod\u00e1n\u00edm obalov\u00fdch materi\u00e1l\u016f a kompletn\u00ed balic\u00ed slu\u017eby. Zaji\u0161\u0165uj\u00ed pozemn\u00ed, n\u00e1mo\u0159n\u00ed nebo leteckou p\u0159epravu po cel\u00e9m sv\u011bt\u011b s celn\u00ed asistenc\u00ed a poji\u0161t\u011bn\u00edm. Nab\u00edzej\u00ed tak\u00e9 instala\u010dn\u00ed a mont\u00e1\u017en\u00ed slu\u017eby, st\u011bhov\u00e1n\u00ed dom\u00e1c\u00edch zv\u00ed\u0159at, st\u011bhovac\u00ed slu\u017eby a imigra\u010dn\u00ed asistenci.<\/p>\n<p>Webov\u00e9 str\u00e1nky: <a href=\"http:\/\/www.balkanrelocations.com\" target=\"_blank\" rel=\"noopener\">http:\/\/www.balkanrelocations.com<\/a><\/p>\n<h2><strong>2. Orphee Beinoglou<\/strong><\/h2>\n<p><img loading=\"lazy\" decoding=\"async\" class=\"alignnone size-full wp-image-9408\" src=\"https:\/\/moverdb.com\/wp-content\/uploads\/Orphee-Beinoglou-Serbia-international-moving-company.png\" alt=\"Orphee Beinoglou Srbsko mezin\u00e1rodn\u00ed st\u011bhov\u00e1n\u00ed spole\u010dnost\" width=\"1440\" height=\"680\" data-wp-pid=\"9408\" srcset=\"https:\/\/moverdb.com\/wp-content\/uploads\/Orphee-Beinoglou-Serbia-international-moving-company.png 1440w, https:\/\/moverdb.com\/wp-content\/uploads\/Orphee-Beinoglou-Serbia-international-moving-company-300x142.png 300w, https:\/\/moverdb.com\/wp-content\/uploads\/Orphee-Beinoglou-Serbia-international-moving-company-1024x484.png 1024w, https:\/\/moverdb.com\/wp-content\/uploads\/Orphee-Beinoglou-Serbia-international-moving-company-18x9.png 18w, https:\/\/moverdb.com\/wp-content\/uploads\/Orphee-Beinoglou-Serbia-international-moving-company-600x283.png 600w\" sizes=\"auto, (max-width: 1440px) 100vw, 1440px\" \/><\/p>\n<ul>\n<li>M\u00edstn\u00ed a vnitrost\u00e1tn\u00ed p\u0159esuny<\/li>\n<li>Mezin\u00e1rodn\u00ed p\u0159esuny<\/li>\n<li>St\u011bhov\u00e1n\u00ed dom\u00e1cnost\u00ed<\/li>\n<li>St\u011bhov\u00e1n\u00ed kancel\u00e1\u0159\u00ed<\/li>\n<li>Slu\u017eba od dve\u0159\u00ed ke dve\u0159\u00edm<\/li>\n<li>Balic\u00ed slu\u017eba<\/li>\n<li>N\u00e1mo\u0159n\u00ed, leteck\u00e1 a pozemn\u00ed doprava<\/li>\n<li>Celn\u00ed odbaven\u00ed<\/li>\n<li>Poji\u0161t\u011bn\u00ed<\/li>\n<li>Skladovac\u00ed slu\u017eby<\/li>\n<\/ul>\n<p>Orphee Beinoglou je poskytovatel n\u00e1kladn\u00ed dopravy a logistiky, kter\u00fd byl zalo\u017een v roce 1923 v <a href=\"https:\/\/moverdb.com\/cs\/moving-to-greece\/\" data-internallinksmanager029f6b8e52c=\"353\" title=\"St\u011bhov\u00e1n\u00ed do \u0158ecka? 2026 N\u00e1klady na bydlen\u00ed a tipy na st\u011bhov\u00e1n\u00ed\">\u0158ecko<\/a> s dce\u0159in\u00fdmi spole\u010dnostmi na Balk\u00e1n\u011b a ve v\u00fdchodn\u00edm St\u0159edomo\u0159\u00ed. Jej\u00ed pobo\u010dka v Srbsku se nach\u00e1z\u00ed v B\u011blehrad\u011b. P\u0159i poskytov\u00e1n\u00ed slu\u017eeb v dal\u0161\u00edch zem\u00edch vyu\u017e\u00edvaj\u00ed glob\u00e1ln\u00ed s\u00ed\u0165. Jsou \u010dlenem IAM se \u010dty\u0159let\u00fdm p\u016fsoben\u00edm.<\/p>\n<p>Orphee Beinglou nab\u00edz\u00ed osobn\u00ed st\u011bhovac\u00ed slu\u017eby od dve\u0159\u00ed ke dve\u0159\u00edm a p\u0159edst\u011bhovac\u00ed pr\u016fzkum, kter\u00fd v\u00e1m pom\u016f\u017ee napl\u00e1novat st\u011bhov\u00e1n\u00ed. Poskytuj\u00ed balic\u00ed slu\u017eby s pou\u017eit\u00edm specializovan\u00fdch obalov\u00fdch materi\u00e1l\u016f a vy\u0161kolen\u00fdch t\u00fdm\u016f. P\u0159eprav\u00ed va\u0161e v\u011bci po mo\u0159i, letecky nebo po zemi a pom\u016f\u017ee v\u00e1m s celn\u00edm odbaven\u00edm, ne\u017e v\u00e1m v\u011bci doru\u010d\u00ed a pom\u016f\u017ee je vybalit.<\/p>\n<p>Webov\u00e9 str\u00e1nky: <a href=\"https:\/\/orbit.rs\" target=\"_blank\" rel=\"noopener\">https:\/\/orbit.rs<\/a><\/p>\n<h2><strong>3. Vize 4 Logistika<\/strong><\/h2>\n<p><img loading=\"lazy\" decoding=\"async\" class=\"alignnone size-full wp-image-9444\" src=\"https:\/\/moverdb.com\/wp-content\/uploads\/Vision-4-Logistics-international-moving-company.png\" alt=\"Vision 4 Logistics mezin\u00e1rodn\u00ed st\u011bhov\u00e1n\u00ed spole\u010dnost\" width=\"1440\" height=\"678\" data-wp-pid=\"9444\" srcset=\"https:\/\/moverdb.com\/wp-content\/uploads\/Vision-4-Logistics-international-moving-company.png 1440w, https:\/\/moverdb.com\/wp-content\/uploads\/Vision-4-Logistics-international-moving-company-300x141.png 300w, https:\/\/moverdb.com\/wp-content\/uploads\/Vision-4-Logistics-international-moving-company-1024x482.png 1024w, https:\/\/moverdb.com\/wp-content\/uploads\/Vision-4-Logistics-international-moving-company-18x8.png 18w, https:\/\/moverdb.com\/wp-content\/uploads\/Vision-4-Logistics-international-moving-company-600x283.png 600w\" sizes=\"auto, (max-width: 1440px) 100vw, 1440px\" \/><\/p>\n<ul>\n<li>M\u00edstn\u00ed p\u0159esuny<\/li>\n<li>Mezin\u00e1rodn\u00ed p\u0159esuny<\/li>\n<li>St\u011bhov\u00e1n\u00ed dom\u00e1cnost\u00ed<\/li>\n<li>St\u011bhov\u00e1n\u00ed firem<\/li>\n<li>Slu\u017eba od dve\u0159\u00ed ke dve\u0159\u00edm<\/li>\n<li>N\u00e1mo\u0159n\u00ed, silni\u010dn\u00ed, \u017eelezni\u010dn\u00ed a leteck\u00e1 n\u00e1kladn\u00ed doprava<\/li>\n<li>V\u00fdb\u011br mo\u017enost\u00ed zat\u00ed\u017een\u00ed<\/li>\n<li>Celn\u00ed zprost\u0159edkov\u00e1n\u00ed<\/li>\n<li>Poji\u0161t\u011bn\u00ed v\u0161ech rizik<\/li>\n<li>Skladovac\u00ed prostory<\/li>\n<\/ul>\n<p>Vision 4 Logistics je spedi\u010dn\u00ed spole\u010dnost zalo\u017een\u00e1 v roce 2018 se s\u00eddlem v B\u011blehrad\u011b. Zaji\u0161\u0165uje mezin\u00e1rodn\u00ed p\u0159epravu prost\u0159ednictv\u00edm s\u00edt\u011b vybran\u00fdch agent\u016f po cel\u00e9m sv\u011bt\u011b. Jsou \u010dlenem IAM s p\u011btilet\u00fdm p\u016fsoben\u00edm.<\/p>\n<p>Spole\u010dnost Vision 4 Logistics poskytuje st\u011bhovac\u00ed slu\u017eby od dve\u0159\u00ed ke dve\u0159\u00edm pro m\u00edstn\u00ed i mezin\u00e1rodn\u00ed st\u011bhov\u00e1n\u00ed. Disponuj\u00ed profesion\u00e1ln\u00edm person\u00e1lem a vybaven\u00edm, kter\u00e9 jim pom\u00e1h\u00e1 p\u0159i st\u011bhov\u00e1n\u00ed dom\u00e1cnost\u00ed i firemn\u00edch klient\u016f. Nab\u00edzej\u00ed \u017eelezni\u010dn\u00ed, leteckou, silni\u010dn\u00ed a n\u00e1mo\u0159n\u00ed p\u0159epravu, kter\u00e1 zahrnuje p\u0159epravu cel\u00fdch kontejner\u016f, m\u00e9n\u011b ne\u017e kontejnerov\u00fdch n\u00e1klad\u016f, celokamionov\u00fdch n\u00e1klad\u016f a m\u00e9n\u011b ne\u017e kamionov\u00fdch n\u00e1klad\u016f. Preventivn\u011b poskytuj\u00ed poji\u0161t\u011bn\u00ed v\u0161ech rizik.<\/p>\n<p>Webov\u00e9 str\u00e1nky: <a href=\"http:\/\/www.v4l.rs\" target=\"_blank\" rel=\"noopener\">http:\/\/www.v4l.rs<\/a><\/p>","protected":false},"excerpt":{"rendered":"<p>If you are planning a move within, to or from Serbia, you may be considering employing the services of a moving company to assist you with packing, transportation and documentation. Below we have compiled a list of Serbian removal companies that are members of the International Association of Movers (IAM) and\/or FIDI Accredited International Mover [&hellip;]<\/p>\n","protected":false},"author":4,"featured_media":9337,"parent":190,"menu_order":0,"comment_status":"closed","ping_status":"closed","template":"","meta":{"_genesis_hide_title":false,"_genesis_hide_breadcrumbs":false,"_genesis_hide_singular_image":false,"_genesis_hide_footer_widgets":false,"_genesis_custom_body_class":"","_genesis_custom_post_class":"","_genesis_layout":"","footnotes":""},"class_list":{"0":"post-9518","1":"page","2":"type-page","3":"status-publish","4":"has-post-thumbnail","6":"entry"},"_links":{"self":[{"href":"https:\/\/moverdb.com\/cs\/wp-json\/wp\/v2\/pages\/9518","targetHints":{"allow":["GET"]}}],"collection":[{"href":"https:\/\/moverdb.com\/cs\/wp-json\/wp\/v2\/pages"}],"about":[{"href":"https:\/\/moverdb.com\/cs\/wp-json\/wp\/v2\/types\/page"}],"author":[{"embeddable":true,"href":"https:\/\/moverdb.com\/cs\/wp-json\/wp\/v2\/users\/4"}],"replies":[{"embeddable":true,"href":"https:\/\/moverdb.com\/cs\/wp-json\/wp\/v2\/comments?post=9518"}],"version-history":[{"count":1,"href":"https:\/\/moverdb.com\/cs\/wp-json\/wp\/v2\/pages\/9518\/revisions"}],"predecessor-version":[{"id":9519,"href":"https:\/\/moverdb.com\/cs\/wp-json\/wp\/v2\/pages\/9518\/revisions\/9519"}],"up":[{"embeddable":true,"href":"https:\/\/moverdb.com\/cs\/wp-json\/wp\/v2\/pages\/190"}],"wp:featuredmedia":[{"embeddable":true,"href":"https:\/\/moverdb.com\/cs\/wp-json\/wp\/v2\/media\/9337"}],"wp:attachment":[{"href":"https:\/\/moverdb.com\/cs\/wp-json\/wp\/v2\/media?parent=9518"}],"curies":[{"name":"wp","href":"https:\/\/api.w.org\/{rel}","templated":true}]}}