{"id":945,"date":"2016-09-03T20:39:51","date_gmt":"2016-09-03T20:39:51","guid":{"rendered":"http:\/\/moverdb.com\/?page_id=945"},"modified":"2026-01-08T14:48:12","modified_gmt":"2026-01-08T14:48:12","slug":"dt-pohyblive","status":"publish","type":"page","link":"https:\/\/moverdb.com\/cs\/dt-moving\/","title":{"rendered":"DT Moving: Mezin\u00e1rodn\u00ed st\u011bhov\u00e1n\u00ed Recenze"},"content":{"rendered":"<p>DT Moving je <a href=\"https:\/\/moverdb.com\/cs\/moving-to-the-uk\/\" data-internallinksmanager029f6b8e52c=\"93\" title=\"St\u011bhujete se do Spojen\u00e9ho kr\u00e1lovstv\u00ed? 2022 \u017divotn\u00ed n\u00e1klady a tipy na st\u011bhov\u00e1n\u00ed\">UK<\/a> na adrese <a href=\"https:\/\/moverdb.com\/cs\/moving-companies\/\" data-internallinksmanager029f6b8e52c=\"79\" title=\"Top 25 Mezin\u00e1rodn\u00ed st\u011bhovac\u00ed spole\u010dnosti Online\">mezin\u00e1rodn\u00ed st\u011bhovac\u00ed spole\u010dnost<\/a> kter\u00e1 nab\u00edz\u00ed sv\u00fdm klient\u016fm celou \u0159adu slu\u017eeb, kter\u00e9 jsou uvedeny n\u00ed\u017ee, spolu s profilem spole\u010dnosti a recenzemi.<\/p>\n<p><strong><a href=\"https:\/\/moverdb.com\/cs\/international-removals\/\" data-internallinksmanager029f6b8e52c=\"27\" title=\"36 nejlep\u0161\u00edch mezin\u00e1rodn\u00edch st\u011bhovac\u00edch spole\u010dnost\u00ed ve Velk\u00e9 Brit\u00e1nii\">Mezin\u00e1rodn\u00ed st\u011bhov\u00e1n\u00ed<\/a><\/strong><\/p>\n<ul>\n<li> P\u0159edst\u011bhovac\u00ed pr\u016fzkum, cenov\u00e1 nab\u00eddka a zdroje<\/li>\n<li> Balen\u00ed v m\u00edst\u011b bydli\u0161t\u011b<\/li>\n<li> Leteck\u00e1, n\u00e1mo\u0159n\u00ed nebo silni\u010dn\u00ed p\u0159eprava<\/li>\n<li> Sjednan\u00e9 poji\u0161t\u011bn\u00ed<\/li>\n<li> Pr\u016fb\u011b\u017en\u00fd servis v\u010detn\u011b spr\u00e1vce st\u011bhov\u00e1n\u00ed a slu\u017eby sledov\u00e1n\u00ed<\/li>\n<li> Dod\u00e1n\u00ed do m\u00edsta bydli\u0161t\u011b<\/li>\n<li> vylo\u017een\u00ed zbo\u017e\u00ed z kontejneru \/ n\u00e1kladn\u00edho auta \/ kufru a jeho um\u00edst\u011bn\u00ed do m\u00edstnosti podle va\u0161eho v\u00fdb\u011bru.<\/li>\n<li> V p\u0159\u00edpad\u011b pot\u0159eby um\u00edst\u011bte ochrann\u00e9 materi\u00e1ly pro p\u00e9\u010di o podlahy a st\u011bny.<\/li>\n<li> Zkontrolujte ka\u017edou dodanou polo\u017eku podle p\u016fvodn\u00edho soupisu balen\u00ed (abyste mohli za\u00fa\u010dtovat ka\u017ed\u00fd bal\u00ed\u010dek).<\/li>\n<li> Rozbalte v\u0161echny pap\u00edrov\u00e9, polstrovan\u00e9 a lepenkov\u00e9 obaly a odvezte je k recyklaci.<\/li>\n<li> Znovu za v\u00e1s sestav\u00ed v\u0161echny p\u0159edem indikovan\u00e9 polo\u017eky, tak\u017ee m\u00e1te o starost m\u00e9n\u011b. Pokud budete pot\u0159ebovat, m\u016f\u017eeme tak\u00e9 zajistit pomoc \u0161ikovn\u00e9ho mu\u017ee, kter\u00fd v\u00e1m pom\u016f\u017ee s dal\u0161\u00edmi pracemi.<\/li>\n<li> Umo\u017en\u00ed v\u00e1m zkontrolovat invent\u00e1\u0159, polo\u017eku po polo\u017ece, a podepsat, kdy\u017e jste s dod\u00e1vkou spokojeni.<\/li>\n<li> Celn\u00ed odbaven\u00ed<\/li>\n<\/ul>\n<p><strong>Destina\u010dn\u00ed slu\u017eby<\/strong><\/p>\n<ul>\n<li> Vyhled\u00e1v\u00e1n\u00ed pron\u00e1jmu dom\u016f<\/li>\n<li> Vyhled\u00e1v\u00e1n\u00ed ve \u0161kole<\/li>\n<li> Orienta\u010dn\u00ed prohl\u00eddka<\/li>\n<li> Usazen\u00ed<\/li>\n<li> Kulturn\u00ed \u0161kolen\u00ed<\/li>\n<li> V\u00fd\u017eivn\u00e9 pro man\u017eela\/man\u017eelku<\/li>\n<li> Pron\u00e1jem n\u00e1bytku<\/li>\n<li> Do\u010dasn\u00e9 ubytov\u00e1n\u00ed<\/li>\n<li> Odletov\u00e9 slu\u017eby<\/li>\n<li> Da\u0148ov\u00e9 a imigra\u010dn\u00ed poradenstv\u00ed<\/li>\n<\/ul>\n<p><strong>V\u00fdtvarn\u00e9 um\u011bn\u00ed a staro\u017eitnosti<\/strong><\/p>\n<ul>\n<li> Slu\u017eby \u0161it\u00e9 na m\u00edru ka\u017ed\u00e9mu klientovi<\/li>\n<li> Poradensk\u00e1 slu\u017eba<\/li>\n<li> Zaji\u0161t\u011bn\u00ed hotel\u016f apod. pro n\u00e1kup\/dod\u00e1n\u00ed z\u00e1jezdu<\/li>\n<li> Staro\u017eitn\u00e1 sb\u00edrka<\/li>\n<li> Balic\u00ed slu\u017eba<\/li>\n<li> P\u0159eprava<\/li>\n<li> Poji\u0161t\u011bn\u00ed<\/li>\n<\/ul>\n<p><strong>\u00dalo\u017ei\u0161t\u011b<\/strong><\/p>\n<ul>\n<li> Spojen\u00e9 kr\u00e1lovstv\u00ed a <a href=\"https:\/\/moverdb.com\/cs\/moving-to-france\/\" data-internallinksmanager029f6b8e52c=\"315\" title=\"St\u011bhov\u00e1n\u00ed do Francie? 2026 N\u00e1klady na bydlen\u00ed a tipy na st\u011bhov\u00e1n\u00ed\">Francie<\/a> - kr\u00e1tkodob\u00e9 a dlouhodob\u00e9 skladov\u00e1n\u00ed ve speci\u00e1ln\u011b postaven\u00fdch skladovac\u00edch kontejnerech.<\/li>\n<li> 24hodinov\u00e1 ostraha a k\u00f3dovan\u00fd p\u0159\u00edstup<\/li>\n<li> \u0158\u00edzen\u00e1 teplota<\/li>\n<li> Protipo\u017e\u00e1rn\u00ed prevence a ozbrojen\u00fd sprinklerov\u00fd syst\u00e9m<\/li>\n<li> Zbytek sv\u011bta - s\u00ed\u0165ov\u00ed partne\u0159i poskytnou bezpe\u010dn\u00e9 \u00falo\u017ei\u0161t\u011b<\/li>\n<\/ul>\n<p><strong>Pomocn\u00e9 slu\u017eby<\/strong><\/p>\n<ul>\n<li> \u00fadr\u017eb\u00e1\u0159i (demont\u00e1\u017e a mont\u00e1\u017e n\u00e1bytku, za\u0159\u00edzen\u00ed, reg\u00e1l\u016f a dal\u0161\u00edch p\u0159edm\u011bt\u016f)<\/li>\n<li> Zav\u011b\u0161en\u00ed obr\u00e1zku<\/li>\n<li> Speci\u00e1ln\u00ed balen\u00ed (pro k\u0159ehk\u00e9 p\u0159edm\u011bty nebo p\u0159edm\u011bty s vysokou hodnotou)<\/li>\n<li> \u00daklid domu<\/li>\n<li> \u00daklidov\u00e9 slu\u017eby (vybalov\u00e1n\u00ed, pran\u00ed, \u00faklid) <a href=\"https:\/\/moverdb.com\/cs\/moving-to-china\/\" data-internallinksmanager029f6b8e52c=\"357\" title=\"St\u011bhov\u00e1n\u00ed do \u010c\u00edny? 2026 N\u00e1klady na bydlen\u00ed a tipy na st\u011bhov\u00e1n\u00ed\">\u010c\u00edna<\/a>, sklo, od\u011bvy, r\u016fzn\u00e9 p\u0159edm\u011bty pro dom\u00e1cnost)<\/li>\n<li> Elektrik\u00e1\u0159 nebo instalat\u00e9r<\/li>\n<li> Deinstalace a instalace satelitn\u00ed TV ant\u00e9ny<\/li>\n<li> Specializovan\u00e9 \"bezpe\u010dn\u00e9\" st\u011bhov\u00e1n\u00ed<\/li>\n<li> Demont\u00e1\u017e a zp\u011btn\u00e1 mont\u00e1\u017e okenn\u00edch a dve\u0159n\u00edch r\u00e1m\u016f<\/li>\n<li> Venkovn\u00ed v\u00fdtah (specializovan\u00fd zved\u00e1k) pro p\u0159\u00edstup do rezidence p\u0159es okno v horn\u00edm pat\u0159e nebo balkon.<\/li>\n<li> Pron\u00e1jem n\u00e1bytku<\/li>\n<li> Restaurov\u00e1n\u00ed a opravy n\u00e1bytku<\/li>\n<li> \u00daschovna aut<\/li>\n<\/ul>\n<h2>Profil spole\u010dnosti DT Moving Company<\/h2>\n<p>Spole\u010dnost DT Moving byla d\u0159\u00edve zn\u00e1m\u00e1 jako David Turner Worldwide Movers a st\u011bhuje lidi po cel\u00e9m sv\u011bt\u011b ji\u017e od roku 1870. Rodina zakladatel\u016f je st\u00e1le zapojena do podnik\u00e1n\u00ed, kter\u00e9 st\u011bhuje vysoce postaven\u00e9 spole\u010dnosti a soukrom\u00e9 osoby po cel\u00e9m sv\u011bt\u011b. <\/p>\n<p>DT Moving m\u00e1 kancel\u00e1\u0159e v obou <a href=\"https:\/\/moverdb.com\/cs\/moving-to-london\/\">Lond\u00fdn<\/a> a <a href=\"https:\/\/moverdb.com\/cs\/moving-to-france\/moving-to-paris\/\" data-internallinksmanager029f6b8e52c=\"407\" title=\"St\u011bhujete se do Pa\u0159\u00ed\u017ee? 2026 N\u00e1klady na bydlen\u00ed a tipy na st\u011bhov\u00e1n\u00ed\">Paris<\/a>. Jsou hrd\u00ed na sv\u00e9 zku\u0161enosti a bez\u00fahonnost a uv\u00e1d\u011bj\u00ed, \u017ee pr\u016fm\u011brn\u00e1 d\u00e9lka praxe ka\u017ed\u00e9ho z jejich zam\u011bstnanc\u016f je p\u0159ibli\u017en\u011b 15 let. Mezi hodnoty spole\u010dnosti pat\u0159\u00ed kvalita slu\u017eeb, odpov\u011bdnost, dodr\u017eov\u00e1n\u00ed p\u0159edpis\u016f a neust\u00e1l\u00e9 zlep\u0161ov\u00e1n\u00ed.<\/p>\n<p>Spole\u010dnost DT Moving uv\u00e1d\u00ed, \u017ee m\u011bla <strong>97% spokojenost z\u00e1kazn\u00edk\u016f<\/strong> za rok 2015, co\u017e je n\u00e1r\u016fst oproti 95% v roce 2014.<\/p>\n<p>Spole\u010dnost DT Moving m\u00e1 n\u00e1sleduj\u00edc\u00ed akreditace a afiliace:<\/p>\n<ul>\n<li> Akreditace FAIMPLUS; nez\u00e1visl\u00fd audit proveden\u00fd spole\u010dnost\u00ed Ernst &amp; Young<\/li>\n<li> Akreditace ISO 9001-2008, v\u010detn\u011b normy BS EN 12522\/1 BS EN 12522\/2<\/li>\n<li> Zakl\u00e1daj\u00edc\u00ed \u010dlen OMNI (The Overseas Moving Network International)<\/li>\n<li> <a href=\"https:\/\/moverdb.com\/cs\/fidi-faim\/\">FIDI<\/a> p\u0159idru\u017een\u00e1 organizace od roku 1950 (F\u00e9d\u00e9ration Internationale des D\u00e9m\u00e9nageurs Internationaux)<\/li>\n<li> C-TPAT kontroluje <a href=\"https:\/\/moverdb.com\/cs\/moving-to-the-united-states\/\" data-internallinksmanager029f6b8e52c=\"94\" title=\"St\u011bhujete se do Spojen\u00fdch st\u00e1t\u016f? 2022 \u017divotn\u00ed n\u00e1klady a tipy na st\u011bhov\u00e1n\u00ed\">US<\/a> celn\u00ed spr\u00e1va<\/li>\n<li> Autorizovan\u00fd \u010dlen The <a href=\"https:\/\/moverdb.com\/cs\/britska-asociace-stehovaku\/\">Britsk\u00e1 asociace st\u011bhov\u00e1k\u016f<\/a>, DBA. <a href=\"https:\/\/moverdb.com\/cs\/mtc\/\">Movers Trading Club<\/a> (<a href=\"https:\/\/moverdb.com\/cs\/mtc\/\" data-internallinksmanager029f6b8e52c=\"30\" title=\"Vysv\u011btlen\u00ed Movers Trading Club (MTC)\">MTC<\/a>)<\/li>\n<li> \u010clen <a href=\"https:\/\/moverdb.com\/cs\/eura\/\">EuRA<\/a> (The <a href=\"https:\/\/moverdb.com\/cs\/eura\/\" data-internallinksmanager029f6b8e52c=\"13\" title=\"Vysv\u011btlen\u00ed Evropsk\u00e9 asociace pro p\u0159emis\u0165ov\u00e1n\u00ed (EuRA)\">Evropsk\u00e1 asociace pro p\u0159emis\u0165ov\u00e1n\u00ed<\/a>)<\/li>\n<li> \u010clen <a href=\"https:\/\/moverdb.com\/cs\/association-relocation-professionals\/\">ARP<\/a> (The <a href=\"https:\/\/moverdb.com\/cs\/association-relocation-professionals\/\" data-internallinksmanager029f6b8e52c=\"6\" title=\"Vysv\u011btlen\u00ed Asociace profesion\u00e1l\u016f v oblasti relokace (ARP)\">Asociace odborn\u00edk\u016f na p\u0159emis\u0165ov\u00e1n\u00ed<\/a>)<\/li>\n<li> \u010clen <a href=\"https:\/\/moverdb.com\/cs\/iam\/\">IAM<\/a> (<a href=\"https:\/\/moverdb.com\/cs\/iam\/\" data-internallinksmanager029f6b8e52c=\"23\" title=\"Vysv\u011btlen\u00ed Mezin\u00e1rodn\u00ed asociace st\u011bhov\u00e1k\u016f (IAM)\">Mezin\u00e1rodn\u00ed asociace st\u011bhov\u00e1k\u016f<\/a>)<\/li>\n<li> \u010clen <a href=\"https:\/\/moverdb.com\/cs\/lacma\/\">LACMA<\/a> (Asociace st\u011bhov\u00e1k\u016f Latinsk\u00e9 Ameriky a Karibiku)<\/li>\n<li> \u010clen <a href=\"https:\/\/moverdb.com\/cs\/rada-pro-premisteni-zamestnancu\/\">Celosv\u011btov\u00e1 ERC<\/a> (Sdru\u017een\u00ed pro mobilitu pracovn\u00ed s\u00edly)<\/li>\n<li> V\u016fbec prvn\u00ed <a href=\"https:\/\/moverdb.com\/cs\/fidi-faim\/\" data-internallinksmanager029f6b8e52c=\"16\" title=\"Vysv\u011btlen\u00ed FIDI a FAIM (FIDI Accredited International Mover)\">FAIM<\/a> Organizace akreditovan\u00e1 podle ISO (nyn\u00ed FAIMPLUS)<\/li>\n<\/ul>\n<h2>DT Moving Recenze<\/h2>\n<p><strong>Pozitivn\u00ed<\/strong><\/p>\n<ul>\n<li> <em>\"Byli \u00fa\u017easn\u011b profesion\u00e1ln\u00ed, zdvo\u0159il\u00ed, rychl\u00ed a efektivn\u00ed. V\u0161echno mi vysv\u011btlili a nedok\u00e1\u017eu si p\u0159edstavit, jak by mohli celou z\u00e1le\u017eitost je\u0161t\u011b v\u00edce usnadnit.\"<\/em> - Z. COHEN prost\u0159ednictv\u00edm DT Moving <a href=\"http:\/\/www.dtmoving.com\/about-us\/what-our-customers-say\" target=\"_blank\" rel=\"noopener\">Co \u0159\u00edkaj\u00ed na\u0161i z\u00e1kazn\u00edci<\/a>.<\/li>\n<li> \"<em>Pr\u00e1v\u011b jsem se p\u0159est\u011bhoval z Lond\u00fdna do <a href=\"https:\/\/moverdb.com\/cs\/stehovani-do-nc\/\">New York<\/a> a byl velmi ohromen st\u011bhov\u00e1n\u00ed slu\u017eby od za\u010d\u00e1tku do konce. To, co mohlo b\u00fdt velmi stresuj\u00edc\u00ed, bylo velmi snadn\u00e9.\"<\/em> - U\u017eivatel Qype, Dan prost\u0159ednictv\u00edm <a href=\"https:\/\/www.yelp.co.uk\/biz\/dt-moving-london?hrid=_lnG2UpJr3NSw73UR115Pw&#038;utm_campaign=www_review_share_popup&#038;utm_medium=copy_link&#038;utm_source=(direct)\" target=\"_blank\" rel=\"noopener\">Yelp<\/a><\/li>\n<li> \"Spole\u010dnost DT Moving byla vynikaj\u00edc\u00ed od za\u010d\u00e1tku a\u017e do konce.\" - MCalder prost\u0159ednictv\u00edm <a href=\"https:\/\/www.yell.com\/biz\/dt-moving-mitcham-3825953\/\" target=\"_blank\" rel=\"noopener\">Yell<\/a><\/li>\n<li> \"J\u00e1 a m\u016fj man\u017eel jsme se st\u011bhovali z pracovn\u00edch d\u016fvod\u016f ji\u017e pot\u0159et\u00ed a byla to zat\u00edm nejlep\u0161\u00ed slu\u017eba.\" - Chris prost\u0159ednictv\u00edm <a href=\"http:\/\/www.allinlondon.co.uk\/directory\/1318\/74781.php\" target=\"_blank\" rel=\"noopener\">V\u0161e v Lond\u00fdn\u011b<\/a>.<\/li>\n<\/ul>\n<p><strong>Negativn\u00ed<\/strong><\/p>\n<p><em>Nepoda\u0159ilo se n\u00e1m naj\u00edt \u017e\u00e1dn\u00e9 negativn\u00ed recenze online<\/em>.<\/p>\n<div itemprop=\"review\" itemscope itemtype=\"http:\/\/schema.org\/Review\">\n<span itemprop=\"author\" itemscope=\"\" itemtype=\"http:\/\/schema.org\/Organization\"><span itemprop=\"name\">MoverDB.com<\/span><\/span> Online recenze webov\u00fdch str\u00e1nek pro <span itemprop=\"itemreviewed\" itemscope=\"\" itemtype=\"http:\/\/schema.org\/Brand\"><span itemprop=\"name\">DT St\u011bhov\u00e1n\u00ed<\/span><\/span>:<\/p>\n<ol>\n<li> Jasn\u00e9 kontaktn\u00ed \u00fadaje na webov\u00fdch str\u00e1nk\u00e1ch (v\u010detn\u011b telefonn\u00edho \u010d\u00edsla): <strong>Ano<\/strong><\/li>\n<li> Snadn\u00e9 z\u00edsk\u00e1n\u00ed <a href=\"https:\/\/moverdb.com\/cs\/citaty\/\">mezin\u00e1rodn\u00ed st\u011bhov\u00e1n\u00ed<\/a>? (Online formul\u00e1\u0159 \u017e\u00e1dosti o odhad): <strong>Ano<\/strong><\/li>\n<li> Jasn\u00e9 informace na webov\u00fdch str\u00e1nk\u00e1ch: <strong>Ano,<\/strong> Webov\u00e9 str\u00e1nky jsou pom\u011brn\u011b obs\u00e1hl\u00e9 a poskytuj\u00ed potenci\u00e1ln\u00edm klient\u016fm dobrou p\u0159edstavu o tom, co m\u016f\u017ee spole\u010dnost nab\u00eddnout.<\/li>\n<li> \u010clenstv\u00ed v mezin\u00e1rodn\u00edch uzn\u00e1van\u00fdch organizac\u00edch pohybliv\u00fdch aktivit: <strong>Ano<\/strong>, viz v\u00fd\u0161e.<\/li>\n<li> Seznam klient\u016f a\/nebo reference p\u0159edchoz\u00edch z\u00e1kazn\u00edk\u016f: <strong>Ano,<\/strong>na webu je spousta referenc\u00ed klient\u016f a dal\u0161\u00ed recenze online jsou pozitivn\u00ed.<\/li>\n<\/ol>\n<div itemprop=\"reviewRating\" itemscope itemtype=\"http:\/\/schema.org\/Rating\"><meta itemprop=\"worstRating\" content = \"0\" \/><meta itemprop=\"bestRating\" content=\"5\" \/><meta itemprop=\"ratingValue\" content=\"5\"><\/div>\n<p><strong>Celkov\u00e9 hodnocen\u00ed: 5\/5<\/strong><br \/>\n<strong>Datum recenze:<\/strong> <span itemprop=\"datePublished\" content=\"2016-09-03\">03\/09\/2016<\/span>\n<\/div>\n<p>Zjist\u011bte v\u00edce o <a href=\"https:\/\/moverdb.com\/cs\/mezinarodni-stehovani\/\">mezin\u00e1rodn\u00ed st\u011bhov\u00e1n\u00ed<\/a> a na\u0161e <a href=\"https:\/\/moverdb.com\/cs\/recenze\/\">proces p\u0159ezkoum\u00e1n\u00ed<\/a>.<\/p>\n<p><strong>Webov\u00e9 str\u00e1nky:<\/strong> <a href=\"http:\/\/www.dtmoving.com\" target=\"_blank\" rel=\"noopener\">http:\/\/www.dtmoving.com<\/a><\/p>","protected":false},"excerpt":{"rendered":"<p>DT Moving is a UK based international moving company which offers its clients a full range of services which are listed below, together with a company profile and reviews. International Removals Pre-move survey, quotation and resources Packing at residence Transport by air, sea or road Insurance arranged Ongoing service including a move manager and a [&hellip;]<\/p>\n","protected":false},"author":1,"featured_media":0,"parent":0,"menu_order":0,"comment_status":"closed","ping_status":"closed","template":"","meta":{"_genesis_hide_title":false,"_genesis_hide_breadcrumbs":false,"_genesis_hide_singular_image":false,"_genesis_hide_footer_widgets":false,"_genesis_custom_body_class":"","_genesis_custom_post_class":"","_genesis_layout":"","footnotes":""},"class_list":{"0":"post-945","1":"page","2":"type-page","3":"status-publish","5":"entry"},"_links":{"self":[{"href":"https:\/\/moverdb.com\/cs\/wp-json\/wp\/v2\/pages\/945","targetHints":{"allow":["GET"]}}],"collection":[{"href":"https:\/\/moverdb.com\/cs\/wp-json\/wp\/v2\/pages"}],"about":[{"href":"https:\/\/moverdb.com\/cs\/wp-json\/wp\/v2\/types\/page"}],"author":[{"embeddable":true,"href":"https:\/\/moverdb.com\/cs\/wp-json\/wp\/v2\/users\/1"}],"replies":[{"embeddable":true,"href":"https:\/\/moverdb.com\/cs\/wp-json\/wp\/v2\/comments?post=945"}],"version-history":[{"count":8,"href":"https:\/\/moverdb.com\/cs\/wp-json\/wp\/v2\/pages\/945\/revisions"}],"predecessor-version":[{"id":6201,"href":"https:\/\/moverdb.com\/cs\/wp-json\/wp\/v2\/pages\/945\/revisions\/6201"}],"wp:attachment":[{"href":"https:\/\/moverdb.com\/cs\/wp-json\/wp\/v2\/media?parent=945"}],"curies":[{"name":"wp","href":"https:\/\/api.w.org\/{rel}","templated":true}]}}