{"id":944,"date":"2016-09-04T13:58:08","date_gmt":"2016-09-04T13:58:08","guid":{"rendered":"http:\/\/moverdb.com\/?page_id=944"},"modified":"2026-01-08T14:48:19","modified_gmt":"2026-01-08T14:48:19","slug":"excess-international-movers","status":"publish","type":"page","link":"https:\/\/moverdb.com\/cs\/excess-international-movers\/","title":{"rendered":"Nadm\u011brn\u00e9 mezin\u00e1rodn\u00ed st\u011bhov\u00e1n\u00ed: Mezin\u00e1rodn\u00ed st\u011bhov\u00e1n\u00ed Recenze"},"content":{"rendered":"<p>Spole\u010dnost Excess International Movers nab\u00edz\u00ed firemn\u00edm klient\u016fm, jednotlivc\u016fm i rodin\u00e1m \u0161irokou \u0161k\u00e1lu slu\u017eeb, kter\u00e9 jsou uvedeny n\u00ed\u017ee. N\u00e1sleduje tak\u00e9 profil spole\u010dnosti a recenze.<\/p>\n<p><strong><a href=\"https:\/\/moverdb.com\/cs\/international-removals\/\" data-internallinksmanager029f6b8e52c=\"27\" title=\"36 nejlep\u0161\u00edch mezin\u00e1rodn\u00edch st\u011bhovac\u00edch spole\u010dnost\u00ed ve Velk\u00e9 Brit\u00e1nii\">Mezin\u00e1rodn\u00ed st\u011bhov\u00e1n\u00ed<\/a><\/strong><\/p>\n<ul>\n<li> Letecky, po mo\u0159i nebo po silnici<\/li>\n<li> Slu\u017eba od dve\u0159\u00ed ke dve\u0159\u00edm<\/li>\n<li> Specializovan\u00e9 slu\u017eby pro mezin\u00e1rodn\u00ed st\u011bhov\u00e1n\u00ed<\/li>\n<li> Koordin\u00e1tor st\u011bhov\u00e1n\u00ed, kter\u00fd organizuje st\u011bhov\u00e1n\u00ed od za\u010d\u00e1tku do konce a zodpov\u00edd\u00e1 p\u0159\u00edpadn\u00e9 dotazy.<\/li>\n<li> Bal\u00edrny a st\u011bhov\u00e1ci, kte\u0159\u00ed zabal\u00ed majetek do nejlep\u0161\u00edch schv\u00e1len\u00fdch obalov\u00fdch materi\u00e1l\u016f - rovn\u011b\u017e poskytovan\u00fdch spole\u010dnost\u00ed Excess International Movers.<\/li>\n<li> St\u011bhov\u00e1n\u00ed nahran\u00e9 na <a href=\"https:\/\/moverdb.com\/cs\/kontejnerova-preprava\/\">p\u0159epravn\u00ed kontejner<\/a> nebo p\u0159evezeny k nalo\u017een\u00ed na letadla<\/li>\n<li> Zbo\u017e\u00ed je odbaveno, doru\u010deno a vylo\u017eeno ve va\u0161em nov\u00e9m domov\u011b, kancel\u00e1\u0159i, hotelu nebo na jin\u00e9m koncov\u00e9m m\u00edst\u011b - nebo je k dispozici k vyzvednut\u00ed na vybran\u00e9m leti\u0161ti.<\/li>\n<li> Poplatky za mezin\u00e1rodn\u00ed st\u011bhov\u00e1n\u00ed, celn\u00ed odbaven\u00ed a termin\u00e1lov\u00e9 poplatky<\/li>\n<\/ul>\n<p><strong>Evropsk\u00e9 st\u011bhov\u00e1n\u00ed<\/strong><\/p>\n<ul>\n<li> Slu\u017eba od dve\u0159\u00ed ke dve\u0159\u00edm<\/li>\n<li> Vyhrazen\u00e1 p\u0159\u00edm\u00e1 slu\u017eba. Va\u0161e v\u011bci jsou zabaleny u v\u00e1s doma a nalo\u017eeny a p\u0159epraveny p\u0159\u00edmo do va\u0161eho nov\u00e9ho domova v Evrop\u011b. Term\u00edn doru\u010den\u00ed si zvol\u00edte podle sv\u00fdch pot\u0159eb. <\/li>\n<li> Sd\u00edlen\u00e9 zat\u00ed\u017een\u00ed. Vhodn\u00e9, pokud chcete p\u0159epravovat zbo\u017e\u00ed v men\u0161\u00edch z\u00e1silk\u00e1ch, u kter\u00fdch nen\u00ed \u010dasov\u00fd harmonogram tak d\u016fle\u017eit\u00fd. I kdy\u017e z\u00e1kazn\u00edk\u016fm st\u00e1le nab\u00edz\u00edte pevn\u00e9 datum svozu, je v\u00e1m p\u0159ed svozem poskytnuto \u010dasov\u00e9 okno pro doru\u010den\u00ed a datum doru\u010den\u00ed je potvrzeno po dokon\u010den\u00ed harmonogramu sd\u00edlen\u00e9ho n\u00e1kladu.<\/li>\n<li> Specializovan\u00fd koordin\u00e1tor st\u011bhov\u00e1n\u00ed, kter\u00fd zodpov\u00ed dotazy a zorganizuje st\u011bhov\u00e1n\u00ed EU od za\u010d\u00e1tku a\u017e do konce.<\/li>\n<li> Evropsk\u00e9 st\u011bhov\u00e1n\u00ed v\u010detn\u011b profesion\u00e1ln\u00edch balic\u00edch slu\u017eeb s pou\u017eit\u00edm schv\u00e1len\u00fdch obalov\u00fdch materi\u00e1l\u016f, kter\u00e9 zajist\u00ed, \u017ee v\u00e1\u0161 majetek bude p\u0159i p\u0159eprav\u011b v bezpe\u010d\u00ed.<\/li>\n<li> St\u011bhov\u00e1n\u00ed, vyzvednut\u00ed, doru\u010den\u00ed a n\u00e1sledn\u00e9 vybalen\u00ed do va\u0161eho nov\u00e9ho domova s ve\u0161ker\u00fdm obsahem um\u00edst\u011bn\u00fdm podle pot\u0159eby.<\/li>\n<\/ul>\n<p><strong>Slu\u017eby skladov\u00e1n\u00ed<\/strong><\/p>\n<ul>\n<li> 24hodinov\u00e1 ostraha<\/li>\n<li> P\u0159\u00edstup ke zbo\u017e\u00ed vy\u017eaduje ozn\u00e1men\u00ed a m\u016f\u017ee b\u00fdt zpoplatn\u011bn.<\/li>\n<li> Slevy na skladov\u00e1n\u00ed pro studenty<\/li>\n<li> Kontejnerov\u00e9 skladov\u00e1n\u00ed<\/li>\n<\/ul>\n<p><strong>Slu\u017eby pro studenty<\/strong><\/p>\n<ul>\n<li> Speci\u00e1ln\u00ed zlevn\u011bn\u00e9 mini pohyby<\/li>\n<li> Speci\u00e1ln\u00ed mo\u017enost skladov\u00e1n\u00ed 5 box\u016f se slevou<\/li>\n<li> Student <a href=\"https:\/\/moverdb.com\/cs\/prepravni-spolecnosti\/\">mezin\u00e1rodn\u00ed p\u0159eprava<\/a><\/li>\n<\/ul>\n<p><strong>Dal\u0161\u00ed slu\u017eby<\/strong><\/p>\n<ul>\n<li> P\u0159eprava zavazadel<\/li>\n<li> Zavazadla bez doprovodu<\/li>\n<li> Nadm\u011brn\u00e1 zavazadla<\/li>\n<li> <a href=\"https:\/\/moverdb.com\/cs\/preprava-aut-a-lodni-doprava\/\">P\u0159eprava vozidel<\/a><\/li>\n<li> St\u011bhov\u00e1n\u00ed firem<\/li>\n<li> P\u0159eprava v\u00fdtvarn\u00e9ho um\u011bn\u00ed<\/li>\n<li> Dovoz<\/li>\n<\/ul>\n<h2>Nadm\u011brn\u00e9 mezin\u00e1rodn\u00ed st\u011bhov\u00e1n\u00ed Profil spole\u010dnosti<\/h2>\n<p>Spole\u010dnost Excess International Movers existuje ji\u017e v\u00edce ne\u017e 30 let a ro\u010dn\u011b vy\u0159\u00edd\u00ed p\u0159es 50 000 z\u00e1silek na mezin\u00e1rodn\u00ed i m\u00edstn\u00ed \u00farovni. Tvrd\u00ed, \u017ee zvl\u00e1dnou jakoukoli velikost st\u011bhov\u00e1n\u00ed a \u017ee to zvl\u00e1dnou v jak\u00e9mkoli rozumn\u00e9m \u010dasov\u00e9m r\u00e1mci. Spole\u010dnost Excess International Movers tvrd\u00ed, \u017ee p\u0159epravuje do v\u00edce ne\u017e 25 000 destinac\u00ed po cel\u00e9m sv\u011bt\u011b.<\/p>\n<p>Spole\u010dnost se zab\u00fdv\u00e1 v\u0161emi aspekty st\u011bhov\u00e1n\u00ed do zahrani\u010d\u00ed, od prvotn\u00ed nab\u00eddky a\u017e po slu\u017eby spojen\u00e9 s usazen\u00edm v c\u00edlov\u00e9 zemi. Poskytuje p\u0159epravn\u00ed \u0159e\u0161en\u00ed pro jednotlivce, rodiny i firmy, v\u010detn\u011b mnoha v\u00fdznamn\u00fdch spole\u010dnost\u00ed.<\/p>\n<p>Akreditace a afiliace spole\u010dnosti Excess International Movers:<\/p>\n<ul>\n<li> <a href=\"https:\/\/moverdb.com\/cs\/britska-asociace-stehovaku\/\">Britsk\u00e1 asociace st\u011bhov\u00e1k\u016f<\/a> (<a href=\"https:\/\/moverdb.com\/cs\/british-association-of-removers\/\" data-internallinksmanager029f6b8e52c=\"9\" title=\"Vysv\u011btlen\u00ed Britsk\u00e9 asociace st\u011bhov\u00e1k\u016f (BAR)\">BAR<\/a>)<\/li>\n<li> <a href=\"https:\/\/moverdb.com\/cs\/fidi-faim\/\">Federace mezin\u00e1rodn\u00edch st\u011bhov\u00e1k\u016f n\u00e1bytku<\/a> (<a href=\"https:\/\/moverdb.com\/cs\/fidi-faim\/\" data-internallinksmanager029f6b8e52c=\"16\" title=\"Vysv\u011btlen\u00ed FIDI a FAIM (FIDI Accredited International Mover)\">FIDI<\/a>)<\/li>\n<li> <a href=\"https:\/\/moverdb.com\/cs\/hgfaa\/\">Asociace americk\u00fdch spedit\u00e9r\u016f zbo\u017e\u00ed pro dom\u00e1cnost<\/a> (HHGFAA)<\/li>\n<li> <a href=\"https:\/\/moverdb.com\/cs\/fidi-faim\/\">FAIM Plus<\/a><\/li>\n<li> <a href=\"https:\/\/moverdb.com\/cs\/mtc\/\">Obchodn\u00ed klub Movers<\/a> (<a href=\"https:\/\/moverdb.com\/cs\/mtc\/\" data-internallinksmanager029f6b8e52c=\"30\" title=\"Vysv\u011btlen\u00ed Movers Trading Club (MTC)\">MTC<\/a>)<\/li>\n<li> The <a href=\"https:\/\/moverdb.com\/cs\/iam\/\">Mezin\u00e1rodn\u00ed asociace st\u011bhov\u00e1k\u016f<\/a> (<a href=\"https:\/\/moverdb.com\/cs\/iam\/\" data-internallinksmanager029f6b8e52c=\"23\" title=\"Vysv\u011btlen\u00ed Mezin\u00e1rodn\u00ed asociace st\u011bhov\u00e1k\u016f (IAM)\">IAM<\/a>)<\/li>\n<li> ISO 9001<\/li>\n<\/ul>\n<h2>P\u0159ebytek Mezin\u00e1rodn\u00ed Movers Recenze<\/h2>\n<p><strong>Pozitivn\u00ed<\/strong><\/p>\n<ul>\n<li> <em>\"Od za\u010d\u00e1tku bylo p\u0159\u00edjemn\u00e9 obchodovat s Excess Internationl Movers. Maj\u00ed velmi p\u0159\u00edzniv\u00e9 ceny a provedou v\u00e1s cel\u00fdm procesem. Vyzvednut\u00ed a doru\u010den\u00ed bylo bezprobl\u00e9mov\u00e9 a se slu\u017ebami jsem nemohl b\u00fdt spokojen\u011bj\u0161\u00ed. V\u0159ele doporu\u010duji.\"<\/em> - Pan\u00ed Sophie Hay prost\u0159ednictv\u00edm <a href=\"http:\/\/www.excess-international.com\/reviews\" target=\"_blank\" rel=\"noopener\">str\u00e1nka s recenz\u00ed spole\u010dnosti<\/a><\/li>\n<li> <em>\"Brilantn\u00ed slu\u017eby od nab\u00eddky a\u017e po lo\u010f. Tuto spole\u010dnost v\u0159ele doporu\u010dujeme.\"<\/em> - Lisa prost\u0159ednictv\u00edm <a href=\"https:\/\/uk.trustpilot.com\/reviews\/57bc88a00000ff00097f3cfc\" target=\"_blank\" rel=\"noopener\">Trustpilot<\/a>.<\/li>\n<li> <em>\"Ned\u00e1vno jsme se p\u0159est\u011bhovali z <a href=\"https:\/\/moverdb.com\/cs\/moving-to-the-uk\/\" data-internallinksmanager029f6b8e52c=\"93\" title=\"St\u011bhujete se do Spojen\u00e9ho kr\u00e1lovstv\u00ed? 2022 \u017divotn\u00ed n\u00e1klady a tipy na st\u011bhov\u00e1n\u00ed\">UK<\/a> na <a href=\"https:\/\/moverdb.com\/cs\/moving-to-canada\/\" data-internallinksmanager029f6b8e52c=\"265\" title=\"St\u011bhov\u00e1n\u00ed do Kanady? 2026 N\u00e1klady na bydlen\u00ed a tipy na p\u0159est\u011bhov\u00e1n\u00ed\">Kanada<\/a>, a spole\u010dnost Excess International cel\u00fd proces velmi usnadnila. Cenov\u00e1 nab\u00eddka byla docela p\u0159esn\u00e1 (kone\u010dn\u00e1 cena byla ve skute\u010dnosti o n\u011bco ni\u017e\u0161\u00ed ne\u017e p\u016fvodn\u00ed nab\u00eddka, co\u017e bylo dobr\u00e9 - \u017e\u00e1dn\u00e9 nep\u0159\u00edjemn\u00e9 p\u0159ekvapen\u00ed na posledn\u00ed chv\u00edli), bali\u010di odvedli skv\u011blou pr\u00e1ci a Attila ochotn\u011b odpov\u00eddal na v\u0161echny na\u0161e dotazy.\"<\/em> - prost\u0159ednictv\u00edm <a href=\"http:\/\/www.reviewcentre.com\/Removal-Companies\/Excess-International-Movers-www-excess-international-com-review_2391382\" target=\"_blank\" rel=\"noopener\">Recenzn\u00ed st\u0159edisko<\/a><\/li>\n<li> <em>\"Mu\u017ei, kte\u0159\u00ed p\u0159i\u0161li prov\u00e9st st\u011bhov\u00e1n\u00ed a balen\u00ed dom\u00e1cnosti, byli naprosto #1 - prvot\u0159\u00eddn\u00ed se v\u0161\u00edm v\u0161udy, ob\u011btav\u00ed d\u0159\u00ed\u010di a velmi zdvo\u0159il\u00ed.\"<\/em> - Anton prost\u0159ednictv\u00edm <a href=\"http:\/\/www.shipping-international.com\/companies\/excess-international-movers.html\" target=\"_blank\" rel=\"noopener\">Shipping-International.com<\/a><\/li>\n<\/ul>\n<p><strong>Negativn\u00ed<\/strong><\/p>\n<ul>\n<li> <em>\"Po obdr\u017een\u00ed n\u011bkolika nab\u00eddek jsme m\u011bli pocit, \u017ee jsme se rozhodli dob\u0159e, ale bohu\u017eel to nedopadlo podle o\u010dek\u00e1v\u00e1n\u00ed.\"<\/em> - Lee\/Pan\u00ed Alexandria prost\u0159ednictv\u00edm <a href=\"https:\/\/uk.trustpilot.com\/reviews\/57b38afd0000ff00097cab0e\" target=\"_blank\" rel=\"noopener\">Trustpilot<\/a><\/li>\n<li> <em>\"St\u00e1le m\u00e1me probl\u00e9m, kter\u00fd se datuje od za\u010d\u00e1tku roku (2015), kdy n\u00e1\u0161 kontejner dorazil na NZ ze Spojen\u00e9ho kr\u00e1lovstv\u00ed. Pracovn\u00edci spole\u010dnosti EIM ve Velk\u00e9 Brit\u00e1nii zalepili d\u00edru ve st\u0159e\u0161e kontejneru vlastn\u00ed balic\u00ed p\u00e1skou.\"<\/em> - Robert Snijders prost\u0159ednictv\u00edm <a href=\"http:\/\/www.removalreviews.co.uk\/movingreviews\/move-from-uk-to-nz-10229\" target=\"_blank\" rel=\"noopener\">Recenze st\u011bhov\u00e1n\u00ed<\/a><\/li>\n<li> <em>\"Uboh\u00e9 slu\u017eby a \u017e\u00e1dn\u00e1 spr\u00e1vn\u00e1 komunikace. V\u016fbec nedoporu\u010duji tyto lidi pou\u017e\u00edvat. Moje interakce byla velmi zklam\u00e1n\u00edm a frustruj\u00edc\u00ed.\"<\/em> - prost\u0159ednictv\u00edm <a href=\"http:\/\/www.reviewcentre.com\/Removal-Companies\/Excess-International-Movers-www-excess-international-com-review_3918175\" target=\"_blank\" rel=\"noopener\">Recenzn\u00ed st\u0159edisko<\/a><\/li>\n<li> <em>\"Naprosto p\u0159\u00ed\u0161ern\u00e1 spole\u010dnost, se kterou jsem m\u011bl co do \u010din\u011bn\u00ed, p\u0159ipadalo mi to, jako bych s nimi mluvil po telefonu s vymaha\u010dem dluh\u016f.\" -<br \/>\nWill B. prost\u0159ednictv\u00edm <a href=\"https:\/\/www.yelp.co.uk\/biz\/excess-international-movers-london-2?hrid=gh9RC6mlebc__fP5wR0Q8g&#038;utm_campaign=www_review_share_popup&#038;utm_medium=copy_link&#038;utm_source=(direct)\" target=\"_blank\" rel=\"noopener\">Yelp<\/a><\/em><\/li>\n<\/ul>\n<div itemprop=\"review\" itemscope itemtype=\"http:\/\/schema.org\/Review\">\n<span itemprop=\"author\" itemscope=\"\" itemtype=\"http:\/\/schema.org\/Organization\"><span itemprop=\"name\">MoverDB.com<\/span><\/span> Online recenze webov\u00fdch str\u00e1nek pro <span itemprop=\"itemreviewed\" itemscope=\"\" itemtype=\"http:\/\/schema.org\/Brand\"><span itemprop=\"name\">Nadm\u011brn\u00e9 mezin\u00e1rodn\u00ed st\u011bhov\u00e1n\u00ed<\/span><\/span>:<\/p>\n<ol>\n<li> Jasn\u00e9 kontaktn\u00ed \u00fadaje na webov\u00fdch str\u00e1nk\u00e1ch (v\u010detn\u011b telefonn\u00edho \u010d\u00edsla): <strong>Ano<\/strong><\/li>\n<li> Snadn\u00e9 z\u00edsk\u00e1n\u00ed <a href=\"https:\/\/moverdb.com\/cs\/citaty\/\">mezin\u00e1rodn\u00ed st\u011bhov\u00e1n\u00ed<\/a>? (Online formul\u00e1\u0159 \u017e\u00e1dosti o odhad): <strong>Ano<\/strong><\/li>\n<li> Jasn\u00e9 informace na webov\u00fdch str\u00e1nk\u00e1ch: <strong>Ano,<\/strong> Informace na webov\u00fdch str\u00e1nk\u00e1ch jsou pom\u011brn\u011b podrobn\u00e9 a d\u00e1vaj\u00ed potenci\u00e1ln\u00edm klient\u016fm dobrou p\u0159edstavu o nab\u00eddce.<\/li>\n<li> \u010clenstv\u00ed v mezin\u00e1rodn\u00edch uzn\u00e1van\u00fdch organizac\u00edch pohybliv\u00fdch aktivit: <strong>Ano<\/strong>, viz v\u00fd\u0161e.<\/li>\n<li> Seznam klient\u016f a\/nebo reference p\u0159edchoz\u00edch z\u00e1kazn\u00edk\u016f: <strong>Ano,<\/strong> Na jejich webov\u00fdch str\u00e1nk\u00e1ch je mnoho pozitivn\u00edch referenc\u00ed z\u00e1kazn\u00edk\u016f, a\u010dkoli recenze jinde jsou pon\u011bkud sm\u00ed\u0161en\u00e9.<\/li>\n<\/ol>\n<div itemprop=\"reviewRating\" itemscope itemtype=\"http:\/\/schema.org\/Rating\"><meta itemprop=\"worstRating\" content = \"0\" \/><meta itemprop=\"bestRating\" content=\"5\" \/><meta itemprop=\"ratingValue\" content=\"4\"><\/div>\n<p><strong>Celkov\u00e9 hodnocen\u00ed: 4\/5<\/strong><br \/>\n<strong>Datum recenze:<\/strong> <span itemprop=\"datePublished\" content=\"2016-09-04\">04\/09\/2016<\/span>\n<\/div>\n<p>Zjist\u011bte v\u00edce o <a href=\"https:\/\/moverdb.com\/cs\/mezinarodni-stehovani\/\">mezin\u00e1rodn\u00ed st\u011bhov\u00e1n\u00ed<\/a> a na\u0161e <a href=\"https:\/\/moverdb.com\/cs\/recenze\/\">proces p\u0159ezkoum\u00e1n\u00ed<\/a>.<\/p>\n<p><strong>Webov\u00e9 str\u00e1nky:<\/strong> <a href=\"http:\/\/www.excess-international.com\/\" target=\"_blank\" rel=\"noopener\">http:\/\/www.excess-international.com<\/a><\/p>","protected":false},"excerpt":{"rendered":"<p>Excess International Movers offer corporate clients, individuals and families a wide range of services which are listed below. There also follows a company profile and reviews. International Removals Air, sea or road Door to door service Dedicated service for international relocations A move co-ordinator to organise removals from start to finish and answer any queries [&hellip;]<\/p>\n","protected":false},"author":1,"featured_media":0,"parent":0,"menu_order":0,"comment_status":"closed","ping_status":"closed","template":"","meta":{"_genesis_hide_title":false,"_genesis_hide_breadcrumbs":false,"_genesis_hide_singular_image":false,"_genesis_hide_footer_widgets":false,"_genesis_custom_body_class":"","_genesis_custom_post_class":"","_genesis_layout":"","footnotes":""},"class_list":{"0":"post-944","1":"page","2":"type-page","3":"status-publish","5":"entry"},"_links":{"self":[{"href":"https:\/\/moverdb.com\/cs\/wp-json\/wp\/v2\/pages\/944","targetHints":{"allow":["GET"]}}],"collection":[{"href":"https:\/\/moverdb.com\/cs\/wp-json\/wp\/v2\/pages"}],"about":[{"href":"https:\/\/moverdb.com\/cs\/wp-json\/wp\/v2\/types\/page"}],"author":[{"embeddable":true,"href":"https:\/\/moverdb.com\/cs\/wp-json\/wp\/v2\/users\/1"}],"replies":[{"embeddable":true,"href":"https:\/\/moverdb.com\/cs\/wp-json\/wp\/v2\/comments?post=944"}],"version-history":[{"count":8,"href":"https:\/\/moverdb.com\/cs\/wp-json\/wp\/v2\/pages\/944\/revisions"}],"predecessor-version":[{"id":6207,"href":"https:\/\/moverdb.com\/cs\/wp-json\/wp\/v2\/pages\/944\/revisions\/6207"}],"wp:attachment":[{"href":"https:\/\/moverdb.com\/cs\/wp-json\/wp\/v2\/media?parent=944"}],"curies":[{"name":"wp","href":"https:\/\/api.w.org\/{rel}","templated":true}]}}