{"id":942,"date":"2016-09-04T17:22:17","date_gmt":"2016-09-04T17:22:17","guid":{"rendered":"http:\/\/moverdb.com\/?page_id=942"},"modified":"2026-01-08T14:47:57","modified_gmt":"2026-01-08T14:47:57","slug":"city-moving-storage","status":"publish","type":"page","link":"https:\/\/moverdb.com\/cs\/city-moving-storage\/","title":{"rendered":"St\u011bhov\u00e1n\u00ed a skladov\u00e1n\u00ed ve m\u011bst\u011b: Mezin\u00e1rodn\u00ed st\u011bhov\u00e1n\u00ed Recenze"},"content":{"rendered":"<p>Spole\u010dnost City Moving and Storage nab\u00edz\u00ed zahrani\u010dn\u00ed i m\u00edstn\u00ed st\u011bhov\u00e1n\u00ed pro firemn\u00ed i soukrom\u00e9 klienty. N\u00e1sleduje seznam t\u011bchto slu\u017eeb spolu s profilem spole\u010dnosti a recenzemi.<\/p>\n<p><strong>Pozn\u00e1mka:<\/strong> City Moving and Storage by nem\u011bla b\u00fdt zam\u011b\u0148ov\u00e1na s City Removals, co\u017e je samostatn\u00e1 spole\u010dnost, kter\u00e1 tak\u00e9 matouc\u00edm zp\u016fsobem nab\u00edz\u00ed. <a href=\"https:\/\/moverdb.com\/cs\/mezinarodni-stehovani\/\">mezin\u00e1rodn\u00ed st\u011bhov\u00e1n\u00ed<\/a>.<\/p>\n<p><strong>St\u011bhovac\u00ed slu\u017eby<\/strong><\/p>\n<ul>\n<li> Vybalov\u00e1n\u00ed a odvoz suti Kompletn\u00ed balic\u00ed slu\u017eby<\/li>\n<li> Zabalov\u00e1n\u00ed staro\u017eitnost\u00ed a v\u00fdtvarn\u00e9ho um\u011bn\u00ed<\/li>\n<li> Slu\u017eby n\u00e1mo\u0159n\u00ed p\u0159epravy LCL (m\u00e9n\u011b ne\u017e kontejnerov\u00fd n\u00e1klad) nebo FCL (pln\u00fd kontejnerov\u00fd n\u00e1klad) <a href=\"https:\/\/moverdb.com\/cs\/kontejnerova-preprava\/\">kontejnerov\u00e1 p\u0159eprava<\/a>.<\/li>\n<li> T\u00fddenn\u00ed st\u011bhov\u00e1n\u00ed do Evropy<\/li>\n<li> Celn\u00ed odbaven\u00ed a formality<\/li>\n<li> Vybalov\u00e1n\u00ed a odstra\u0148ov\u00e1n\u00ed suti<\/li>\n<\/ul>\n<p><strong>Slu\u017eby skladov\u00e1n\u00ed<\/strong><\/p>\n<ul>\n<li> Nakl\u00e1d\u00e1n\u00ed kontejner\u016f<\/li>\n<li> Balic\u00ed kontejnery<\/li>\n<li> T\u011bsn\u011bn\u00ed kontejner\u016f<\/li>\n<li> Ulo\u017een\u00ed kontejner\u016f<\/li>\n<\/ul>\n<h2>Profil spole\u010dnosti City Moving and Storage<\/h2>\n<p>City Moving and Storage je soukrom\u00e1 spole\u010dnost s ru\u010den\u00edm omezen\u00fdm, kter\u00e1 zah\u00e1jila svou \u010dinnost v roce 1986. Jej\u00ed s\u00eddlo se nach\u00e1z\u00ed ve <a href=\"https:\/\/moverdb.com\/cs\/moving-to-london\/\">Lond\u00fdn<\/a> s glob\u00e1ln\u00edmi obchodn\u00edmi partnery po cel\u00e9m sv\u011bt\u011b. Spole\u010dnost zas\u00edl\u00e1 osobn\u00ed a obchodn\u00ed z\u00e1silky po cel\u00e9m sv\u011bt\u011b a je hrd\u00e1 na to, \u017ee m\u00e1 profesion\u00e1ln\u00ed a dob\u0159e vy\u0161kolen\u00fd person\u00e1l, kter\u00fd sleduje proces od dve\u0159\u00ed ke dve\u0159\u00edm.<\/p>\n<p>Spole\u010dnost se specializuje na p\u0159epravu staro\u017eitnost\u00ed, um\u011bleck\u00fdch d\u011bl, klav\u00edr\u016f a automobil\u016f po cel\u00e9m sv\u011bt\u011b. M\u00e1 specializovan\u00e9 odd\u011blen\u00ed pro Skandin\u00e1vii s t\u00fddenn\u00edmi odlety z Lond\u00fdna. Klienti jsou o sv\u00fdch z\u00e1silk\u00e1ch pln\u011b informov\u00e1ni, a to v ka\u017ed\u00e9 f\u00e1zi cesty. <\/p>\n<p>Spole\u010dnost City Moving and Storage m\u00e1 akreditaci od:<\/p>\n<ul>\n<li> <a href=\"https:\/\/moverdb.com\/cs\/britska-asociace-stehovaku\/\">Britsk\u00e1 asociace st\u011bhov\u00e1k\u016f<\/a> (<a href=\"https:\/\/moverdb.com\/cs\/british-association-of-removers\/\" data-internallinksmanager029f6b8e52c=\"9\" title=\"Vysv\u011btlen\u00ed Britsk\u00e9 asociace st\u011bhov\u00e1k\u016f (BAR)\">BAR<\/a>)<\/li>\n<li> <a href=\"https:\/\/moverdb.com\/cs\/fidi-faim\/\">Federace mezin\u00e1rodn\u00edch st\u011bhovac\u00edch spole\u010dnost\u00ed<\/a> (<a href=\"https:\/\/moverdb.com\/cs\/fidi-faim\/\" data-internallinksmanager029f6b8e52c=\"16\" title=\"Vysv\u011btlen\u00ed FIDI a FAIM (FIDI Accredited International Mover)\">FIDI<\/a>)<\/li>\n<li> Norma pro slu\u017eby se z\u00e1rukou kvality - BS EN 12522<\/li>\n<\/ul>\n<p><strong>City Moving and Storage Recenze<\/strong><\/p>\n<p>Na internetu se n\u00e1m nepoda\u0159ilo naj\u00edt \u017e\u00e1dn\u00e9 pozitivn\u00ed ani negativn\u00ed recenze pro City Moving and Storage.<\/p>\n<div itemprop=\"review\" itemscope itemtype=\"http:\/\/schema.org\/Review\">\n<span itemprop=\"author\" itemscope=\"\" itemtype=\"http:\/\/schema.org\/Organization\"><span itemprop=\"name\">MoverDB.com<\/span><\/span> Online recenze webov\u00fdch str\u00e1nek pro <span itemprop=\"itemreviewed\" itemscope=\"\" itemtype=\"http:\/\/schema.org\/Brand\"><span itemprop=\"name\">St\u011bhov\u00e1n\u00ed a skladov\u00e1n\u00ed City<\/span><\/span>:<\/p>\n<ol>\n<li> Jasn\u00e9 kontaktn\u00ed \u00fadaje na webov\u00fdch str\u00e1nk\u00e1ch (v\u010detn\u011b telefonn\u00edho \u010d\u00edsla): <strong>Ano<\/strong><\/li>\n<li> Snadn\u00e9 z\u00edsk\u00e1n\u00ed <a href=\"https:\/\/moverdb.com\/cs\/citaty\/\">mezin\u00e1rodn\u00ed st\u011bhov\u00e1n\u00ed citace<\/a>? (Online formul\u00e1\u0159 \u017e\u00e1dosti o odhad): <strong>Z\u00e1kladn\u00ed<\/strong>, na sv\u00e9 domovsk\u00e9 str\u00e1nce maj\u00ed kontaktn\u00ed formul\u00e1\u0159, ale neuv\u00e1d\u011bj\u00ed, zda nab\u00edzej\u00ed cenov\u00e9 nab\u00eddky.<\/li>\n<li> Jasn\u00e9 informace na webov\u00fdch str\u00e1nk\u00e1ch: <strong>Ne,<\/strong> Webov\u00e9 str\u00e1nky byly vytvo\u0159eny v roce 2008 a o spole\u010dnosti a jej\u00edch pohybech se dozv\u00edte jen velmi m\u00e1lo.<\/li>\n<li> \u010clenstv\u00ed v mezin\u00e1rodn\u00edch uzn\u00e1van\u00fdch organizac\u00edch pohybliv\u00fdch aktivit: <strong>Ano<\/strong>, viz v\u00fd\u0161e.<\/li>\n<li> Seznam klient\u016f a\/nebo reference p\u0159edchoz\u00edch z\u00e1kazn\u00edk\u016f: <strong>Ne,<\/strong> Obsah webov\u00fdch str\u00e1nek je op\u011bt minim\u00e1ln\u00ed a neobsahuje \u017e\u00e1dn\u00e9 reference z\u00e1kazn\u00edk\u016f ani seznamy klient\u016f, nav\u00edc se zd\u00e1, \u017ee na internetu neexistuj\u00ed \u017e\u00e1dn\u00e9 recenze.<\/li>\n<\/ol>\n<div itemprop=\"reviewRating\" itemscope itemtype=\"http:\/\/schema.org\/Rating\"><meta itemprop=\"worstRating\" content = \"0\" \/><meta itemprop=\"bestRating\" content=\"5\" \/><meta itemprop=\"ratingValue\" content=\"2.5\"><\/div>\n<p><strong>Celkov\u00e9 hodnocen\u00ed: 2,5\/5<\/strong><br \/>\n<strong>Datum recenze:<\/strong> <span itemprop=\"datePublished\" content=\"2016-09-04\">04\/09\/2016<\/span>\n<\/div>\n<p>V\u00edce o <a href=\"https:\/\/moverdb.com\/cs\/stehovani-spolecnosti\/\">mezin\u00e1rodn\u00ed st\u011bhovac\u00ed spole\u010dnosti<\/a> a na\u0161e <a href=\"https:\/\/moverdb.com\/cs\/recenze\/\">proces p\u0159ezkoum\u00e1n\u00ed<\/a>.<\/p>\n<p><strong>Webov\u00e9 str\u00e1nky:<\/strong> <a href=\"http:\/\/www.citymoving.co.uk\" target=\"_blank\" rel=\"noopener\">http:\/\/www.citymoving.co.uk<\/a><\/p>","protected":false},"excerpt":{"rendered":"<p>City Moving and Storage offer both overseas and local moves to both business and private clients. There follows a list of these services, together with a company profile and reviews. Note: City Moving and Storage, should not be confused with City Removals, which is a separate company that also confusingly offers international removals. Moving Services [&hellip;]<\/p>\n","protected":false},"author":1,"featured_media":0,"parent":0,"menu_order":0,"comment_status":"closed","ping_status":"closed","template":"","meta":{"_genesis_hide_title":false,"_genesis_hide_breadcrumbs":false,"_genesis_hide_singular_image":false,"_genesis_hide_footer_widgets":false,"_genesis_custom_body_class":"","_genesis_custom_post_class":"","_genesis_layout":"","footnotes":""},"class_list":{"0":"post-942","1":"page","2":"type-page","3":"status-publish","5":"entry"},"_links":{"self":[{"href":"https:\/\/moverdb.com\/cs\/wp-json\/wp\/v2\/pages\/942","targetHints":{"allow":["GET"]}}],"collection":[{"href":"https:\/\/moverdb.com\/cs\/wp-json\/wp\/v2\/pages"}],"about":[{"href":"https:\/\/moverdb.com\/cs\/wp-json\/wp\/v2\/types\/page"}],"author":[{"embeddable":true,"href":"https:\/\/moverdb.com\/cs\/wp-json\/wp\/v2\/users\/1"}],"replies":[{"embeddable":true,"href":"https:\/\/moverdb.com\/cs\/wp-json\/wp\/v2\/comments?post=942"}],"version-history":[{"count":5,"href":"https:\/\/moverdb.com\/cs\/wp-json\/wp\/v2\/pages\/942\/revisions"}],"predecessor-version":[{"id":6191,"href":"https:\/\/moverdb.com\/cs\/wp-json\/wp\/v2\/pages\/942\/revisions\/6191"}],"wp:attachment":[{"href":"https:\/\/moverdb.com\/cs\/wp-json\/wp\/v2\/media?parent=942"}],"curies":[{"name":"wp","href":"https:\/\/api.w.org\/{rel}","templated":true}]}}