{"id":941,"date":"2016-07-25T11:02:02","date_gmt":"2016-07-25T11:02:02","guid":{"rendered":"http:\/\/moverdb.com\/?page_id=941"},"modified":"2026-01-08T15:30:36","modified_gmt":"2026-01-08T15:30:36","slug":"united-van-lines","status":"publish","type":"page","link":"https:\/\/moverdb.com\/cs\/united-van-lines\/","title":{"rendered":"Spole\u010dnost United Van Lines: Mezin\u00e1rodn\u00ed st\u011bhovac\u00ed slu\u017eby a recenze"},"content":{"rendered":"<p>Spole\u010dnost United Van Lines nab\u00edz\u00ed sv\u00fdm klient\u016fm mnoho slu\u017eeb v oblasti st\u011bhov\u00e1n\u00ed, a to jak v mezin\u00e1rodn\u00edm m\u011b\u0159\u00edtku, tak v r\u00e1mci \u010cesk\u00e9 republiky. <a href=\"https:\/\/moverdb.com\/cs\/moving-to-the-united-states\/\" data-internallinksmanager029f6b8e52c=\"94\" title=\"St\u011bhujete se do Spojen\u00fdch st\u00e1t\u016f? 2022 \u017divotn\u00ed n\u00e1klady a tipy na st\u011bhov\u00e1n\u00ed\">US<\/a>. N\u00ed\u017ee je uveden seznam t\u011bchto slu\u017eeb, profil spole\u010dnosti a recenze.<\/p>\n<p><strong>Mezin\u00e1rodn\u00ed p\u0159esuny<\/strong><\/p>\n<ul>\n<li> Pl\u00e1nov\u00e1n\u00ed a p\u0159\u00edprava st\u011bhov\u00e1n\u00ed<\/li>\n<li> Posouzen\u00ed a odhad pot\u0159eb<\/li>\n<li> N\u00e1hled destinace<\/li>\n<li> Jazykov\u00e1 p\u0159\u00edprava a kulturn\u00ed orientace<\/li>\n<li> \u0158\u00edzen\u00ed p\u0159esun\u016f<\/li>\n<li> Pl\u00e1novac\u00ed slu\u017eby<\/li>\n<li> Mezin\u00e1rodn\u00ed tranzit<\/li>\n<li> Sledov\u00e1n\u00ed a doru\u010dov\u00e1n\u00ed<\/li>\n<li> Slu\u017eby p\u0159i zabydlov\u00e1n\u00ed - banky, l\u00e9ka\u0159i atd.<\/li>\n<li> V\u00edzov\u00e9 a imigra\u010dn\u00ed slu\u017eby<\/li>\n<li> Podnikov\u00e9 imigra\u010dn\u00ed procesy<\/li>\n<li> Jednotliv\u00e9 imigra\u010dn\u00ed procesy<\/li>\n<li> Pomoc s bydlen\u00edm - do\u010dasn\u00e1 nebo trval\u00e1<\/li>\n<li> Slu\u017eby vyhled\u00e1v\u00e1n\u00ed dom\u016f<\/li>\n<li> Do\u010dasn\u00e9 ubytov\u00e1n\u00ed<\/li>\n<li> Spr\u00e1va nemovitost\u00ed a n\u00e1jm\u016f<\/li>\n<li> Pomoc p\u0159i p\u0159est\u011bhov\u00e1n\u00ed rodiny<\/li>\n<li> V\u00edzov\u00fd a pasov\u00fd proces<\/li>\n<li> Podpora partnera\/man\u017eela<\/li>\n<li> Pomoc \u0161kol\u00e1m<\/li>\n<li> Kulturn\u00ed a jazykov\u00e9 vzd\u011bl\u00e1v\u00e1n\u00ed<\/li>\n<li> P\u0159em\u00edst\u011bn\u00ed dom\u00e1c\u00edho mazl\u00ed\u010dka<\/li>\n<li> Poji\u0161t\u011bn\u00ed<\/li>\n<\/ul>\n<p><strong>St\u011bhov\u00e1n\u00ed s United<\/strong><\/p>\n<ul>\n<li> M\u00edstn\u00ed p\u0159esuny<\/li>\n<li> Mezin\u00e1rodn\u00ed p\u0159esuny<\/li>\n<li> St\u011bhov\u00e1n\u00ed na dlouh\u00e9 vzd\u00e1lenosti<\/li>\n<li> St\u011bhov\u00e1n\u00ed firem<\/li>\n<li> Vojensk\u00e9 a vl\u00e1dn\u00ed kroky<\/li>\n<li> Automobilov\u00e9 pohyby<\/li>\n<\/ul>\n<p><strong>Balen\u00ed a skladov\u00e1n\u00ed<\/strong><\/p>\n<ul>\n<li> Vlastn\u00ed balen\u00ed<\/li>\n<li> Balen\u00ed na m\u00edru<\/li>\n<li> Kompletn\u00ed balic\u00ed slu\u017eby<\/li>\n<li> Vybalte se<\/li>\n<li> Rozbalov\u00e1n\u00ed na m\u00edru<\/li>\n<li> Kompletn\u00ed vybalen\u00ed<\/li>\n<li> 90denn\u00ed tranzitn\u00ed skladov\u00e1n\u00ed<\/li>\n<li> Trezorov\u00e9 \u00falo\u017ei\u0161t\u011b<\/li>\n<li> Kr\u00e1tkodob\u00e9 a dlouhodob\u00e9 skladov\u00e1n\u00ed a uskladn\u011bn\u00ed<\/li>\n<\/ul>\n<h2>Profil spole\u010dnosti United Van Lines<\/h2>\n<p>Spole\u010dnost United Van Lines byla otev\u0159ena v roce 1928 jako Return Loads Service v Clevelandu, <a href=\"https:\/\/moverdb.com\/cs\/moving-to-the-united-states\/moving-to-ohio\/\" data-internallinksmanager029f6b8e52c=\"409\" title=\"St\u011bhujete se do Ohia? 2026 N\u00e1klady na bydlen\u00ed a tipy na st\u011bhov\u00e1n\u00ed\">Ohio<\/a>. Spole\u010dnost postupn\u011b posiluje a roz\u0161i\u0159uje se na mezin\u00e1rodn\u00ed trh. V roce 1995 dos\u00e1hla prvn\u00edch miliardov\u00fdch tr\u017eeb. <\/p>\n<p>United Van Lines je #1 v pod\u00edlu na trhu st\u011bhovac\u00edch spole\u010dnost\u00ed v zemi.<\/p>\n<p>Spole\u010dnost United m\u00e1 po cel\u00e9 zemi 340 m\u00edstn\u00edch agent\u016f, kte\u0159\u00ed zaji\u0161\u0165uj\u00ed st\u011bhov\u00e1n\u00ed a skladov\u00e1n\u00ed. Pro mezin\u00e1rodn\u00ed st\u011bhov\u00e1n\u00ed vyu\u017e\u00edv\u00e1 v\u00edce ne\u017e 1000 profesion\u00e1ln\u00edch agent\u016f ve 128 zem\u00edch.<\/p>\n<p>Spole\u010dnost United Van Lines m\u00e1 n\u00e1sleduj\u00edc\u00ed akreditace a afilace:<\/p>\n<ul>\n<li> <a href=\"https:\/\/moverdb.com\/cs\/amsa\/\">Americk\u00e1 asociace pro st\u011bhov\u00e1n\u00ed a skladov\u00e1n\u00ed<\/a> (<a href=\"https:\/\/moverdb.com\/cs\/amsa\/\" data-internallinksmanager029f6b8e52c=\"5\" title=\"Vysv\u011btlen\u00ed Americk\u00e9 asociace pro st\u011bhov\u00e1n\u00ed a skladov\u00e1n\u00ed (AMSA)\">AMSA<\/a>)<\/li>\n<li> <a href=\"https:\/\/moverdb.com\/cs\/rafkovy-obrubnik\/\">ProMover<\/a> (AMSA)<\/li>\n<li> National Quality Assurance USA ISO 9001 2008<\/li>\n<li> <a href=\"https:\/\/moverdb.com\/cs\/kanadska-asociace-stehovaku\/\">Kanadsk\u00e1 asociace st\u011bhov\u00e1k\u016f<\/a> (<a href=\"https:\/\/moverdb.com\/cs\/canadian-association-of-movers\/\" data-internallinksmanager029f6b8e52c=\"11\" title=\"Vysv\u011btlen\u00ed kanadsk\u00e9 asociace st\u011bhov\u00e1k\u016f (CAM)\">CAM<\/a>)<\/li>\n<\/ul>\n<h2>Recenze spole\u010dnosti United Van Lines<\/h2>\n<p><strong>Pozitivn\u00ed:<\/strong><\/p>\n<ul>\n<li> \"<em>Spole\u010dnost United Van Lines a jej\u00ed m\u00edstn\u00ed partne\u0159i byli skv\u011bl\u00ed.\"<\/em> - Julia prost\u0159ednictv\u00edm <a href=\"http:\/\/www.yelp.com\/user_details?userid=nPUhNLstAOJEWjHLAb1rpA\" target=\"_blank\" rel=\"noopener\">Yelp<\/a><\/li>\n<li> \"<em>Pokud se st\u011bhujete do Omahy, mus\u00edte vyu\u017e\u00edt slu\u017eeb t\u00e9to spole\u010dnosti.\"<\/em> - Dean S prost\u0159ednictv\u00edm <a href=\"http:\/\/www.movingcompanyreviews.com\/MO\/Fenton\/united-van-lines-llc-61144\" target=\"_blank\" rel=\"noopener\">MovingCompanyReviews.com<\/a><\/li>\n<\/ul>\n<p><strong>Negativn\u00ed:<\/strong><\/p>\n<ul>\n<li> \"<em>P\u0159\u00ed\u0161ern\u00fd z\u00e1kaznick\u00fd servis.\"<\/em> - Ally prost\u0159ednictv\u00edm <a href=\"http:\/\/www.yelp.com\/user_details?userid=ab4N7Z9Che1cq3g-QrONUw\" target=\"_blank\" rel=\"noopener\">Yelp<\/a> <\/li>\n<li> \"<em>No\u010dn\u00ed m\u016fra. Spolupracovali jsme s Johnem Silvernailem ze spole\u010dnosti Corrigan United, abychom p\u0159est\u011bhovali na\u0161i rodinu z New Yorku. <a href=\"https:\/\/moverdb.com\/cs\/moving-to-the-united-states\/moving-to-colorado\/\" data-internallinksmanager029f6b8e52c=\"399\" title=\"St\u011bhujete se do Colorada? 2026 N\u00e1klady na bydlen\u00ed a tipy na st\u011bhov\u00e1n\u00ed\">Colorado<\/a> na <a href=\"https:\/\/moverdb.com\/cs\/moving-to-the-united-states\/moving-to-california\/\" data-internallinksmanager029f6b8e52c=\"330\" title=\"St\u011bhov\u00e1n\u00ed do Kalifornie? 2026 N\u00e1klady na bydlen\u00ed a tipy na p\u0159est\u011bhov\u00e1n\u00ed\">Kalifornie<\/a> v \u010dervnu 2014.\"<\/em> - Gaea M prost\u0159ednictv\u00edm <a href=\"http:\/\/www.movingcompanyreviews.com\/MO\/Fenton\/united-van-lines-llc-61144\" target=\"_blank\" rel=\"noopener\">MovingCompanyReviews.com<\/a><\/li>\n<\/ul>\n<div itemprop=\"review\" itemscope itemtype=\"http:\/\/schema.org\/Review\">\n<span itemprop=\"author\" itemscope=\"\" itemtype=\"http:\/\/schema.org\/Organization\"><span itemprop=\"name\">MoverDB.com<\/span><\/span> Online recenze webov\u00fdch str\u00e1nek pro <span itemprop=\"itemreviewed\" itemscope=\"\" itemtype=\"http:\/\/schema.org\/Brand\"><span itemprop=\"name\">Spole\u010dnost United Van Lines<\/span><\/span>:<\/p>\n<ol>\n<li> Jasn\u00e9 kontaktn\u00ed \u00fadaje na webov\u00fdch str\u00e1nk\u00e1ch (v\u010detn\u011b telefonn\u00edho \u010d\u00edsla): <strong>Ano<\/strong><\/li>\n<li> Snadn\u00e9 z\u00edsk\u00e1n\u00ed <a href=\"https:\/\/moverdb.com\/cs\/citaty\/\">mezin\u00e1rodn\u00ed st\u011bhov\u00e1n\u00ed citace<\/a>? (Online formul\u00e1\u0159 \u017e\u00e1dosti o odhad): <strong>Ano<\/strong><\/li>\n<li> Jasn\u00e9 informace na webov\u00fdch str\u00e1nk\u00e1ch: <strong>Ano.<\/strong> Na webov\u00fdch str\u00e1nk\u00e1ch jsou p\u0159ehledn\u011b uvedeny v\u0161echny slu\u017eby, kter\u00e9 spole\u010dnost nab\u00edz\u00ed.<\/li>\n<li> \u010clenstv\u00ed v mezin\u00e1rodn\u00edch uzn\u00e1van\u00fdch organizac\u00edch pohybliv\u00fdch aktivit: <strong>Ano<\/strong>, (viz v\u00fd\u0161e)<\/li>\n<li> Seznam klient\u016f a\/nebo reference p\u0159edchoz\u00edch z\u00e1kazn\u00edk\u016f. <strong>Ano,<\/strong> Spole\u010dnost Burke Inc. provedla nez\u00e1visl\u00fd audit tabulek spokojenosti z\u00e1kazn\u00edk\u016f spole\u010dnosti a na jejich z\u00e1klad\u011b z\u00edskala spole\u010dnost hodnocen\u00ed spokojenosti z\u00e1kazn\u00edk\u016f 4,22 z 5.<\/li>\n<\/ol>\n<div itemprop=\"reviewRating\" itemscope itemtype=\"http:\/\/schema.org\/Rating\"><meta itemprop=\"worstRating\" content = \"0\" \/><meta itemprop=\"bestRating\" content=\"5\" \/><meta itemprop=\"ratingValue\" content=\"5\"><\/div>\n<p><strong>Celkov\u00e9 hodnocen\u00ed: 5\/5<\/strong><br \/>\n<strong>Datum recenze:<\/strong> <span itemprop=\"datePublished\" content=\"2016-07-25\">25\/07\/2016<\/span>\n<\/div>\n<p>P\u0159e\u010dt\u011bte si v\u00edce o <a href=\"https:\/\/moverdb.com\/cs\/stehovani-spolecnosti\/\">mezin\u00e1rodn\u00ed st\u011bhovac\u00ed spole\u010dnosti<\/a>, <a href=\"https:\/\/moverdb.com\/cs\/us-canada-movers\/\">dom\u00e1c\u00ed st\u011bhovac\u00ed spole\u010dnosti<\/a> a na\u0161e <a href=\"https:\/\/moverdb.com\/cs\/recenze\/\">vysv\u011btlen\u00ed procesu p\u0159ezkoum\u00e1n\u00ed<\/a>.<\/p>\n<p><strong>Webov\u00e9 str\u00e1nky:<\/strong> USA: <a href=\"http:\/\/www.unitedvanlines.com\/\" target=\"_blank\" rel=\"noopener\">http:\/\/www.unitedvanlines.com\/<\/a>; <a href=\"https:\/\/moverdb.com\/cs\/moving-to-canada\/\" data-internallinksmanager029f6b8e52c=\"265\" title=\"St\u011bhov\u00e1n\u00ed do Kanady? 2026 N\u00e1klady na bydlen\u00ed a tipy na p\u0159est\u011bhov\u00e1n\u00ed\">Kanada<\/a>: <a href=\"http:\/\/www.uvl.ca\/\" target=\"_blank\" rel=\"noopener\">http:\/\/www.uvl.ca\/<\/a> <\/p>","protected":false},"excerpt":{"rendered":"<p>United Van Lines offers its clients many moving services both international and within the US. Below is a list of these services, plus a company profile and reviews. International Moves Move planning and preparation Needs assessment and estimate Destination preview trip Language training and cultural orientation Move management Planning services International transit Tracking and delivery [&hellip;]<\/p>\n","protected":false},"author":1,"featured_media":0,"parent":0,"menu_order":0,"comment_status":"closed","ping_status":"closed","template":"","meta":{"_genesis_hide_title":false,"_genesis_hide_breadcrumbs":false,"_genesis_hide_singular_image":false,"_genesis_hide_footer_widgets":false,"_genesis_custom_body_class":"","_genesis_custom_post_class":"","_genesis_layout":"","footnotes":""},"class_list":{"0":"post-941","1":"page","2":"type-page","3":"status-publish","5":"entry"},"_links":{"self":[{"href":"https:\/\/moverdb.com\/cs\/wp-json\/wp\/v2\/pages\/941","targetHints":{"allow":["GET"]}}],"collection":[{"href":"https:\/\/moverdb.com\/cs\/wp-json\/wp\/v2\/pages"}],"about":[{"href":"https:\/\/moverdb.com\/cs\/wp-json\/wp\/v2\/types\/page"}],"author":[{"embeddable":true,"href":"https:\/\/moverdb.com\/cs\/wp-json\/wp\/v2\/users\/1"}],"replies":[{"embeddable":true,"href":"https:\/\/moverdb.com\/cs\/wp-json\/wp\/v2\/comments?post=941"}],"version-history":[{"count":10,"href":"https:\/\/moverdb.com\/cs\/wp-json\/wp\/v2\/pages\/941\/revisions"}],"predecessor-version":[{"id":6249,"href":"https:\/\/moverdb.com\/cs\/wp-json\/wp\/v2\/pages\/941\/revisions\/6249"}],"wp:attachment":[{"href":"https:\/\/moverdb.com\/cs\/wp-json\/wp\/v2\/media?parent=941"}],"curies":[{"name":"wp","href":"https:\/\/api.w.org\/{rel}","templated":true}]}}