{"id":939,"date":"2016-09-23T06:49:42","date_gmt":"2016-09-23T06:49:42","guid":{"rendered":"http:\/\/moverdb.com\/?page_id=939"},"modified":"2026-01-08T13:18:21","modified_gmt":"2026-01-08T13:18:21","slug":"gerson-relocation","status":"publish","type":"page","link":"https:\/\/moverdb.com\/cs\/gerson-relocation\/","title":{"rendered":"P\u0159em\u00edst\u011bn\u00ed spole\u010dnosti Gerson: Recenze: Mezin\u00e1rodn\u00ed st\u011bhov\u00e1n\u00ed a st\u011bhov\u00e1n\u00ed"},"content":{"rendered":"<p>Spole\u010dnost Gerson Relocation nab\u00edz\u00ed sv\u00fdm klient\u016fm \u0159adu slu\u017eeb, a\u0165 u\u017e se st\u011bhuj\u00ed do zahrani\u010d\u00ed, nebo na m\u00edstn\u00ed \u00farovni. Po seznamu nab\u00edzen\u00fdch slu\u017eeb n\u00e1sleduje profil spole\u010dnosti a recenze.<\/p>\n<p><strong>Podnikov\u00e9 slu\u017eby\/podpora<\/strong><\/p>\n<ul>\n<li> Vyhrazen\u00fd mana\u017eer pro koordinaci st\u011bhov\u00e1n\u00ed<\/li>\n<li> Odborn\u00fd pr\u016fzkum<\/li>\n<li> Balen\u00ed<\/li>\n<li> <a href=\"https:\/\/moverdb.com\/cs\/kontejnerova-preprava\/\">P\u0159eprava po mo\u0159i, letecky nebo po silnici<\/a><\/li>\n<li> V p\u0159\u00edpad\u011b pot\u0159eby vybalen\u00ed<\/li>\n<li> Odstran\u011bn\u00ed obalov\u00e9ho materi\u00e1lu k recyklaci<\/li>\n<li> V p\u0159\u00edpad\u011b pot\u0159eby skladov\u00e1n\u00ed<\/li>\n<li> Poji\u0161t\u011bn\u00ed<\/li>\n<\/ul>\n<p><strong>\u0158e\u0161en\u00ed pro p\u0159em\u00edst\u011bn\u00ed na m\u00edru<\/strong><\/p>\n<ul>\n<li> Informa\u010dn\u00ed bal\u00ed\u010dky<\/li>\n<li> Kulturn\u00ed \u0161kolen\u00ed<\/li>\n<li> Orienta\u010dn\u00ed n\u00e1v\u0161t\u011bvy\/pod\u00edvejte se<\/li>\n<li> Poradenstv\u00ed v oblasti vzd\u011bl\u00e1v\u00e1n\u00ed<\/li>\n<li> Do\u010dasn\u00e9 ubytov\u00e1n\u00ed<\/li>\n<li> Vyhled\u00e1v\u00e1n\u00ed na domovsk\u00e9 str\u00e1nce<\/li>\n<li> Vyjedn\u00e1v\u00e1n\u00ed o pron\u00e1jmu<\/li>\n<li> P\u0159ihl\u00e1\u0161en\u00ed \/ odhl\u00e1\u0161en\u00ed z ubytov\u00e1n\u00ed<\/li>\n<li> Pron\u00e1jem n\u00e1bytku<\/li>\n<li> Usazen\u00ed<\/li>\n<li> Pomoc partner\u016f<\/li>\n<li> Jazykov\u00e1 p\u0159\u00edprava<\/li>\n<\/ul>\n<p><strong>Soukrom\u00e9 st\u011bhov\u00e1n\u00ed<\/strong><\/p>\n<ul>\n<li> Vyhrazen\u00fd mana\u017eer st\u011bhov\u00e1n\u00ed<\/li>\n<li> Pr\u016fzkum<\/li>\n<li> Profesion\u00e1ln\u00ed balen\u00ed<\/li>\n<li> P\u0159eprava v\u011bc\u00ed po mo\u0159i, letecky nebo po silnici<\/li>\n<li> Celn\u00ed odbaven\u00ed<\/li>\n<li> Vybalov\u00e1n\u00ed v\u011bc\u00ed<\/li>\n<li> Recyklace obalov\u00fdch materi\u00e1l\u016f<\/li>\n<li> P\u0159\u00edpadn\u00e9 skladov\u00e1n\u00ed<\/li>\n<li> Sjednan\u00e9 poji\u0161t\u011bn\u00ed<\/li>\n<\/ul>\n<p><strong>Slu\u017eby skladov\u00e1n\u00ed<\/strong><\/p>\n<ul>\n<li> Kompletn\u00ed skladovac\u00ed slu\u017eby<\/li>\n<li> Vlastn\u00ed skladov\u00e1n\u00ed<\/li>\n<li> \u00dalo\u017ei\u0161t\u011b pro studenty<\/li>\n<li> Komer\u010dn\u00ed skladov\u00e1n\u00ed<\/li>\n<li> Kr\u00e1tkodob\u00e9 nebo dlouhodob\u00e9<\/li>\n<li> 24hodinov\u00fd kamerov\u00fd syst\u00e9m<\/li>\n<\/ul>\n<h2>Profil spole\u010dnosti Gerson Relocation<\/h2>\n<p>Spole\u010dnost Gerson Relocation byla zalo\u017eena v roce 1961 a jej\u00edm c\u00edlem je poskytovat sv\u00fdm klient\u016fm vysoce individu\u00e1ln\u00ed slu\u017eby, kter\u00e9 u jin\u00fdch organizac\u00ed nenajdete. Toho spole\u010dnost dosahuje d\u00edky p\u0159\u00edsn\u00e9 kontrole kvality a profesion\u00e1ln\u00edm, dob\u0159e vy\u0161kolen\u00fdm zam\u011bstnanc\u016fm, z nich\u017e n\u011bkte\u0159\u00ed pracuj\u00ed ve spole\u010dnosti ji\u017e des\u00edtky let.<\/p>\n<p>Spole\u010dnost Gerson Relocation si tak\u00e9 zakl\u00e1d\u00e1 na tom, aby jej\u00ed podnik\u00e1n\u00ed bylo \u010dist\u00e9 a \u0161etrn\u00e9 k \u017eivotn\u00edmu prost\u0159ed\u00ed. Podporuje t\u0159i charitativn\u00ed organizace a sv\u00fdm zam\u011bstnanc\u016fm poskytuje dva dny placen\u00e9ho volna, aby mohli p\u0159isp\u011bt i na tyto \u00fa\u010dely.<\/p>\n<p>Dnes je spole\u010dnost Gerson Relocation dce\u0159inou spole\u010dnost\u00ed spole\u010dnosti <a href=\"https:\/\/moverdb.com\/cs\/abels-removals\/\">St\u011bhovac\u00ed slu\u017eby Abels<\/a> Ltd., co\u017e je velmi \u00fasp\u011b\u0161n\u00fd rodinn\u00fd podnik, kter\u00fd v roce 1988 z\u00edskal kr\u00e1lovsk\u00e9 povolen\u00ed J.V. kr\u00e1lovny. Na z\u00e1klad\u011b dotazn\u00edk\u016f rozeslan\u00fdch z\u00e1kazn\u00edk\u016fm dos\u00e1hla spole\u010dnost v letech 2015 a 2016 hodnocen\u00ed spokojenosti z\u00e1kazn\u00edk\u016f 98%.<\/p>\n<p>Akreditace a afiliace spole\u010dnosti Gerson Relocation: <\/p>\n<ul>\n<li> <a href=\"https:\/\/moverdb.com\/cs\/britska-asociace-stehovaku\/\">Britsk\u00e1 asociace st\u011bhov\u00e1k\u016f<\/a> (<a href=\"https:\/\/moverdb.com\/cs\/british-association-of-removers\/\" data-internallinksmanager029f6b8e52c=\"9\" title=\"Vysv\u011btlen\u00ed Britsk\u00e9 asociace st\u011bhov\u00e1k\u016f (BAR)\">BAR<\/a>)<\/li>\n<li> <a href=\"https:\/\/moverdb.com\/cs\/harmony-relocation-network\/\">Harmony Relocation Network<\/a> (<a href=\"https:\/\/moverdb.com\/cs\/harmony-relocation-network\/\" data-internallinksmanager029f6b8e52c=\"20\" title=\"Vysv\u011btlen\u00ed s\u00edt\u011b Harmony Relocation Network (HRN)\">HRN<\/a>)<\/li>\n<li> <a href=\"https:\/\/moverdb.com\/cs\/eura\/\">Evropsk\u00e1 asociace pro p\u0159emis\u0165ov\u00e1n\u00ed<\/a> (<a href=\"https:\/\/moverdb.com\/cs\/eura\/\" data-internallinksmanager029f6b8e52c=\"13\" title=\"Vysv\u011btlen\u00ed Evropsk\u00e9 asociace pro p\u0159emis\u0165ov\u00e1n\u00ed (EuRA)\">EuRA<\/a>)<\/li>\n<li> <a href=\"https:\/\/moverdb.com\/cs\/fidi-faim\/\">FIDI<\/a><\/li>\n<li> <a href=\"https:\/\/moverdb.com\/cs\/fidi-faim\/\" data-internallinksmanager029f6b8e52c=\"16\" title=\"Vysv\u011btlen\u00ed FIDI a FAIM (FIDI Accredited International Mover)\">FAIM<\/a><\/li>\n<li> <a href=\"https:\/\/moverdb.com\/cs\/mtc\/\">Obchodn\u00ed klub Movers<\/a> (<a href=\"https:\/\/moverdb.com\/cs\/mtc\/\" data-internallinksmanager029f6b8e52c=\"30\" title=\"Vysv\u011btlen\u00ed Movers Trading Club (MTC)\">MTC<\/a>)<\/li>\n<\/ul>\n<h2>Recenze spole\u010dnosti Gerson Relocation<\/h2>\n<p><strong>Pozitivn\u00ed<\/strong><\/p>\n<ul>\n<li>  \"<em>Lep\u0161\u00ed slu\u017eby jsme si od na\u0161eho st\u011bhovac\u00edho t\u00fdmu nemohli p\u0159\u00e1t.\"<\/em> - Pan\u00ed K. L. prost\u0159ednictv\u00edm <a href=\"http:\/\/www.gersonrelocation.com\/voice-of-the-customer\/\" target=\"_blank\" rel=\"noopener\">Str\u00e1nka Spokojen\u00ed z\u00e1kazn\u00edci<\/a> <\/li>\n<\/ul>\n<p><strong>Negativn\u00ed<\/strong><\/p>\n<p>Na internetu se n\u00e1m nepoda\u0159ilo naj\u00edt \u017e\u00e1dn\u00e9 negativn\u00ed recenze produktu Gerson Relocation.<\/p>\n<div itemprop=\"review\" itemscope itemtype=\"http:\/\/schema.org\/Review\">\n<span itemprop=\"author\" itemscope=\"\" itemtype=\"http:\/\/schema.org\/Organization\"><span itemprop=\"name\">MoverDB.com<\/span><\/span> Online recenze webov\u00fdch str\u00e1nek pro <span itemprop=\"itemreviewed\" itemscope=\"\" itemtype=\"http:\/\/schema.org\/Brand\"><span itemprop=\"name\">P\u0159em\u00edst\u011bn\u00ed spole\u010dnosti Gerson<\/span><\/span>:<\/p>\n<ol>\n<li> Jasn\u00e9 kontaktn\u00ed \u00fadaje na webov\u00fdch str\u00e1nk\u00e1ch (v\u010detn\u011b telefonn\u00edho \u010d\u00edsla): <strong>Ano<\/strong><\/li>\n<li> Snadn\u00e9 z\u00edsk\u00e1n\u00ed <a href=\"https:\/\/moverdb.com\/cs\/citaty\/\">mezin\u00e1rodn\u00ed st\u011bhov\u00e1n\u00ed<\/a>? (Online formul\u00e1\u0159 \u017e\u00e1dosti o odhad): <strong>Ano<\/strong><\/li>\n<li> Jasn\u00e9 informace na webov\u00fdch str\u00e1nk\u00e1ch: <strong>Ano,<\/strong> Webov\u00e9 str\u00e1nky jsou pom\u011brn\u011b podrobn\u00e9 a potenci\u00e1ln\u00edm klient\u016fm poskytuj\u00ed dobrou p\u0159edstavu o tom, jak\u00e9 slu\u017eby mohou o\u010dek\u00e1vat.<\/li>\n<li> \u010dlenstv\u00ed v mezin\u00e1rodn\u00edch uzn\u00e1van\u00fdch organizac\u00edch pohybliv\u00fdch aktivit: <strong>Ano<\/strong><\/li>\n<li> Seznam klient\u016f a\/nebo reference p\u0159edchoz\u00edch z\u00e1kazn\u00edk\u016f: <strong>Ano<\/strong>, Na webov\u00fdch str\u00e1nk\u00e1ch je mnoho pozitivn\u00edch referenc\u00ed z\u00e1kazn\u00edk\u016f.<\/li>\n<\/ol>\n<div itemprop=\"reviewRating\" itemscope itemtype=\"http:\/\/schema.org\/Rating\"><meta itemprop=\"worstRating\" content = \"0\" \/><meta itemprop=\"bestRating\" content=\"5\" \/><meta itemprop=\"ratingValue\" content=\"5\"><\/div>\n<p><strong>Celkov\u00e9 hodnocen\u00ed: 5\/5<\/strong><br \/>\n<strong>Datum recenze:<\/strong> <span itemprop=\"datePublished\" content=\"2016-09-23\">23\/09\/16<\/span>\n<\/div>\n<p>V\u00edce o <a href=\"https:\/\/moverdb.com\/cs\/mezinarodni-stehovani\/\">mezin\u00e1rodn\u00ed st\u011bhov\u00e1n\u00ed<\/a> a na\u0161e <a href=\"https:\/\/moverdb.com\/cs\/recenze\/\">vysv\u011btlen\u00ed procesu p\u0159ezkoum\u00e1n\u00ed<\/a>.<\/p>\n<p><strong>Webov\u00e9 str\u00e1nky:<\/strong> <a href=\"http:\/\/www.gersonrelocation.com\" target=\"_blank\" rel=\"noopener\">http:\/\/www.gersonrelocation.com<\/a><\/p>","protected":false},"excerpt":{"rendered":"<p>Gerson Relocation offer their clients a variety of services, whether they are relocating abroad or locally. A company profile and reviews follow the list of services on offer. Corporate Services\/Support Dedicated move manager to coordinate the move Professional survey Packing Shipping by sea, air or road Unpacking if required Clear away packing material for recycling [&hellip;]<\/p>\n","protected":false},"author":1,"featured_media":0,"parent":0,"menu_order":0,"comment_status":"closed","ping_status":"closed","template":"","meta":{"_genesis_hide_title":false,"_genesis_hide_breadcrumbs":false,"_genesis_hide_singular_image":false,"_genesis_hide_footer_widgets":false,"_genesis_custom_body_class":"","_genesis_custom_post_class":"","_genesis_layout":"","footnotes":""},"class_list":{"0":"post-939","1":"page","2":"type-page","3":"status-publish","5":"entry"},"_links":{"self":[{"href":"https:\/\/moverdb.com\/cs\/wp-json\/wp\/v2\/pages\/939","targetHints":{"allow":["GET"]}}],"collection":[{"href":"https:\/\/moverdb.com\/cs\/wp-json\/wp\/v2\/pages"}],"about":[{"href":"https:\/\/moverdb.com\/cs\/wp-json\/wp\/v2\/types\/page"}],"author":[{"embeddable":true,"href":"https:\/\/moverdb.com\/cs\/wp-json\/wp\/v2\/users\/1"}],"replies":[{"embeddable":true,"href":"https:\/\/moverdb.com\/cs\/wp-json\/wp\/v2\/comments?post=939"}],"version-history":[{"count":3,"href":"https:\/\/moverdb.com\/cs\/wp-json\/wp\/v2\/pages\/939\/revisions"}],"predecessor-version":[{"id":6214,"href":"https:\/\/moverdb.com\/cs\/wp-json\/wp\/v2\/pages\/939\/revisions\/6214"}],"wp:attachment":[{"href":"https:\/\/moverdb.com\/cs\/wp-json\/wp\/v2\/media?parent=939"}],"curies":[{"name":"wp","href":"https:\/\/api.w.org\/{rel}","templated":true}]}}