{"id":938,"date":"2016-09-23T07:14:51","date_gmt":"2016-09-23T07:14:51","guid":{"rendered":"http:\/\/moverdb.com\/?page_id=938"},"modified":"2026-01-08T14:40:14","modified_gmt":"2026-01-08T14:40:14","slug":"momentalni-premisteni","status":"publish","type":"page","link":"https:\/\/moverdb.com\/cs\/momentous-relocation\/","title":{"rendered":"V\u00fdznamn\u00e9 st\u011bhov\u00e1n\u00ed: Recenze: Mezin\u00e1rodn\u00ed st\u011bhov\u00e1n\u00ed a st\u011bhov\u00e1n\u00ed"},"content":{"rendered":"<p>Momentous Relocation je spole\u010dnost specializuj\u00edc\u00ed se na mezin\u00e1rodn\u00ed st\u011bhov\u00e1n\u00ed a relokaci se s\u00eddlem v... <a href=\"https:\/\/moverdb.com\/cs\/moving-to-london\/\">Lond\u00fdn<\/a>. Nab\u00edz\u00ed sv\u00fdm klient\u016fm mnoho slu\u017eeb, kter\u00e9 jsou uvedeny n\u00ed\u017ee, spolu s profilem spole\u010dnosti a recenzemi.<\/p>\n<p><strong>St\u011bhovac\u00ed slu\u017eby<\/strong><\/p>\n<ul>\n<li> Pr\u016fzkum p\u0159ed st\u011bhov\u00e1n\u00edm<\/li>\n<li> <a href=\"https:\/\/moverdb.com\/cs\/kontejnerova-preprava\/\">P\u0159eprava a leteck\u00e1 p\u0159eprava<\/a><\/li>\n<li> Destina\u010dn\u00ed slu\u017eby<\/li>\n<li> Poji\u0161\u0165ovac\u00ed slu\u017eby<\/li>\n<li> Dom\u00e1c\u00ed st\u011bhov\u00e1n\u00ed<\/li>\n<li> P\u0159eprava v\u00fdtvarn\u00e9ho um\u011bn\u00ed<\/li>\n<li> St\u011bhov\u00e1n\u00ed dom\u00e1c\u00edch mazl\u00ed\u010dk\u016f<\/li>\n<li> Pr\u016fvodci st\u011bhov\u00e1n\u00edm dom\u016f<\/li>\n<\/ul>\n<p><strong>St\u011bhovac\u00ed slu\u017eby<\/strong><\/p>\n<ul>\n<li> Glob\u00e1ln\u00ed st\u011bhov\u00e1n\u00ed a skladov\u00e1n\u00ed<\/li>\n<li> V\u00edza a p\u0159ist\u011bhovalectv\u00ed<\/li>\n<li> Jazykov\u00e1 a kulturn\u00ed podpora<\/li>\n<li> <a href=\"https:\/\/moverdb.com\/cs\/naklady-na-stehovani\/\">\u017divotn\u00ed n\u00e1klady<\/a> anal\u00fdza<\/li>\n<li> Podpora partner\u016f p\u0159i st\u011bhov\u00e1n\u00ed<\/li>\n<li> Orientace v oblasti<\/li>\n<li> Vyhled\u00e1v\u00e1n\u00ed ve \u0161kole<\/li>\n<li> Do\u010dasn\u00e9 bydlen\u00ed<\/li>\n<li> Linka pomoci<\/li>\n<li> N\u00e1lez na domovsk\u00e9 str\u00e1nce<\/li>\n<li> Pomoc p\u0159i usazov\u00e1n\u00ed<\/li>\n<li> Spr\u00e1va p\u0159em\u00edst\u011bn\u00ed<\/li>\n<li> Odletov\u00e9 slu\u017eby<\/li>\n<\/ul>\n<p><strong>Slu\u017eby skladov\u00e1n\u00ed<\/strong><\/p>\n<ul>\n<li> Kr\u00e1tkodob\u00e9 a dlouhodob\u00e9 skladov\u00e1n\u00ed<\/li>\n<li> Mezin\u00e1rodn\u00ed skladov\u00e1n\u00ed<\/li>\n<li> Skladov\u00e1n\u00ed v <a href=\"https:\/\/moverdb.com\/cs\/moving-to-the-uk\/\" data-internallinksmanager029f6b8e52c=\"93\" title=\"St\u011bhujete se do Spojen\u00e9ho kr\u00e1lovstv\u00ed? 2022 \u017divotn\u00ed n\u00e1klady a tipy na st\u011bhov\u00e1n\u00ed\">UK<\/a><\/li>\n<li> Obchodn\u00ed skladov\u00e1n\u00ed<\/li>\n<li> 24hodinov\u00fd kamerov\u00fd syst\u00e9m<\/li>\n<\/ul>\n<p><strong>St\u011bhov\u00e1n\u00ed a p\u0159emis\u0165ov\u00e1n\u00ed kancel\u00e1\u0159\u00ed<\/strong><\/p>\n<ul>\n<li> \u0158\u00edzen\u00ed projektu<\/li>\n<li> Pron\u00e1jem beden<\/li>\n<li> Porterage<\/li>\n<li> Pl\u00e1nov\u00e1n\u00ed a logistika<\/li>\n<li> Bal\u00ed\u010dky poji\u0161t\u011bn\u00ed na m\u00edru<\/li>\n<li> Skladov\u00e1n\u00ed kancel\u00e1\u0159sk\u00e9ho n\u00e1bytku<\/li>\n<li> Ukl\u00e1d\u00e1n\u00ed dokument\u016f<\/li>\n<li> Archivn\u00ed \u00falo\u017ei\u0161t\u011b<\/li>\n<li> Specializovan\u00e9 skladov\u00e1n\u00ed<\/li>\n<li> Spole\u010densk\u00e1 odpov\u011bdnost firem<\/li>\n<li> Likvida\u010dn\u00ed slu\u017eby<\/li>\n<li> Bezpe\u010dn\u00e1 skartace<\/li>\n<li> \u00daklidov\u00e9 slu\u017eby<\/li>\n<li> Kancel\u00e1\u0159sk\u00e9 prov\u011brky<\/li>\n<\/ul>\n<p><strong>Balen\u00ed a p\u0159eprava um\u011bleck\u00fdch d\u011bl<\/strong><\/p>\n<ul>\n<li> V\u00fdroba a balen\u00ed obal\u016f<\/li>\n<li> Silni\u010dn\u00ed, leteck\u00e1 nebo n\u00e1mo\u0159n\u00ed p\u0159eprava<\/li>\n<li> \u00dalo\u017ei\u0161t\u011b<\/li>\n<li> Balen\u00ed v b\u00edl\u00fdch rukavic\u00edch<\/li>\n<li> V\u00fdstavn\u00ed slu\u017eby<\/li>\n<\/ul>\n<p><strong>Speci\u00e1ln\u00ed projekty<\/strong><\/p>\n<ul>\n<li> P\u0159eprava serveru<\/li>\n<li> Mezin\u00e1rodn\u00ed st\u011bhov\u00e1n\u00ed kancel\u00e1\u0159\u00ed<\/li>\n<li> Specializovan\u00e9 pohyby<\/li>\n<li> Poji\u0161t\u011bn\u00ed na m\u00edru<\/li>\n<\/ul>\n<h2>Profil spole\u010dnosti Momentous Relocation<\/h2>\n<p>Spole\u010dnost Momentous Relocation zah\u00e1jila svou mezin\u00e1rodn\u00ed \u010dinnost v roce 1978. Jej\u00ed s\u00eddlo se nach\u00e1z\u00ed na Baker Street v Lond\u00fdn\u011b a m\u00e1 dv\u011b skladovac\u00ed a kancel\u00e1\u0159sk\u00e1 za\u0159\u00edzen\u00ed v severoz\u00e1padn\u00edm Lond\u00fdn\u011b (centr\u00e1la) a v Aylesbury. <\/p>\n<p>Spole\u010dnost a jej\u00ed zam\u011bstnanci tvrd\u00ed, \u017ee jejich klienti jsou v\u017edy na prvn\u00edm m\u00edst\u011b a sna\u017e\u00ed se, aby ka\u017ed\u00e9 st\u011bhov\u00e1n\u00ed prob\u011bhlo rychle a bezbolestn\u011b.<\/p>\n<p>Spole\u010dnost Momentous Relocation m\u00e1 rozs\u00e1hl\u00fd program spole\u010densk\u00e9 odpov\u011bdnosti, kter\u00fd zahrnuje jej\u00ed zam\u011bstnance, klienty, \u017eivotn\u00ed prost\u0159ed\u00ed a komunitu.<\/p>\n<p>P\u0159\u00edslu\u0161nost a akreditace spole\u010dnosti Momentous Relocation:<\/p>\n<ul>\n<li> <a href=\"https:\/\/moverdb.com\/cs\/fidi-faim\/\">FIDI<\/a><\/li>\n<li> <a href=\"https:\/\/moverdb.com\/cs\/fidi-faim\/\">FAIM Plus<\/a><\/li>\n<li> <a href=\"https:\/\/moverdb.com\/cs\/britska-asociace-stehovaku\/\">Britsk\u00e1 asociace st\u011bhov\u00e1k\u016f<\/a> (<a href=\"https:\/\/moverdb.com\/cs\/british-association-of-removers\/\" data-internallinksmanager029f6b8e52c=\"9\" title=\"Vysv\u011btlen\u00ed Britsk\u00e9 asociace st\u011bhov\u00e1k\u016f (BAR)\">BAR<\/a>)<\/li>\n<li> <a href=\"https:\/\/moverdb.com\/cs\/bar-overseas\/\">Skupina britsk\u00e9 asociace st\u011bhov\u00e1k\u016f v z\u00e1mo\u0159\u00ed<\/a><\/li>\n<li> <a href=\"https:\/\/moverdb.com\/cs\/mtc\/\">Obchodn\u00ed klub Movers<\/a> (<a href=\"https:\/\/moverdb.com\/cs\/mtc\/\" data-internallinksmanager029f6b8e52c=\"30\" title=\"Vysv\u011btlen\u00ed Movers Trading Club (MTC)\">MTC<\/a>)<\/li>\n<li> <a href=\"https:\/\/moverdb.com\/cs\/eura\/\">EuRA<\/a><\/li>\n<li> Akreditace ISO<\/li>\n<\/ul>\n<h2>Momentous Relocation Recenze<\/h2>\n<p><strong>Pozitivn\u00ed:<\/strong><\/p>\n<ul>\n<li> \"<em>Vynikaj\u00edc\u00ed pohyb v ka\u017ed\u00e9m ohledu, nemohl mluvit dost dob\u0159e o slu\u017eb\u011b. Doporu\u010duji ka\u017ed\u00e9mu, kdo se v budoucnu zept\u00e1. Cikis a Scott byli skv\u011bl\u00ed!\"<\/em> p\u0159es <a href=\"http:\/\/www.momentousrelocation.com\/about-us\/what-our-customers-say-momentous-relocation-reviews\/\" target=\"_blank\" rel=\"noopener\">Co \u0159\u00edkaj\u00ed na\u0161i z\u00e1kazn\u00edci<\/a><\/li>\n<li> <em>\"Podruh\u00e9 m\u011b Momentous p\u0159est\u011bhovali, nem\u016f\u017eu je dostate\u010dn\u011b doporu\u010dit.\"<\/em> - prost\u0159ednictv\u00edm <a href=\"http:\/\/moveaide.com\/movers\/momentous-relocation-london-uk-mover-review\" target=\"_blank\" rel=\"noopener\">MoveAid.com<\/a><\/li>\n<li> <em>\"P\u0159est\u011bhoval jsem se z Velk\u00e9 Brit\u00e1nie do <a href=\"https:\/\/moverdb.com\/cs\/moving-to-germany\/\" data-internallinksmanager029f6b8e52c=\"321\" title=\"St\u011bhov\u00e1n\u00ed do N\u011bmecka? 2026 N\u00e1klady na bydlen\u00ed a tipy na st\u011bhov\u00e1n\u00ed\">N\u011bmecko<\/a>. Slu\u017eby byly velmi profesion\u00e1ln\u00ed, organiza\u010dn\u00ed t\u00fdm ve Velk\u00e9 Brit\u00e1nii byl vst\u0159\u00edcn\u00fd a flexibiln\u00ed.\"<\/em> - Ursula prost\u0159ednictv\u00edm <a href=\"https:\/\/www.facebook.com\/pg\/momentousltd\/reviews\/\" target=\"_blank\" rel=\"noopener\">Facebook<\/a><\/li>\n<li> <em>\"Fantastick\u00e9 slu\u017eby! Scott a Darren byli zdvo\u0159il\u00ed a velmi profesion\u00e1ln\u00ed, v\u0161echno efektivn\u011b zabalili, dokonce pou\u017eili chr\u00e1ni\u010de na podlahy, tak\u017ee m\u00e9 koberce byly pln\u011b chr\u00e1n\u011bny.\"<\/em> - Evelynn prost\u0159ednictv\u00edm <a href=\"http:\/\/www.removalreviews.co.uk\/movers\/momentous-relocation-215#8293\" target=\"_blank\" rel=\"noopener\">RemovalReviews.com<\/a><\/li>\n<\/ul>\n<p><strong>Negativn\u00ed<\/strong><\/p>\n<ul>\n<li> <em>\"M\u011bl jsem hroznou zku\u0161enost s t\u00edmto podnikem, kter\u00fd mi vzal pen\u00edze a pak poskytl hroznou slu\u017ebu (z nich\u017e n\u011bkter\u00e9 byly vinou jejich partner\u016f), ale odm\u00edtli p\u0159evz\u00edt jakoukoli odpov\u011bdnost nebo vlastnictv\u00ed nebo ud\u00e1losti, kter\u00e9 zahrnovaly v\u00e1\u017enou nehodu, ke kter\u00e9 do\u0161lo u \u010dlena rodiny z nespr\u00e1vn\u011b instalovan\u00e9ho n\u00e1bytku.\"<\/em> - James prost\u0159ednictv\u00edm <a href=\"http:\/\/moveaide.com\/movers\/momentous-relocation-london-uk-mover-review\" target=\"_blank\" rel=\"noopener\">MoveAid.com<\/a><\/li>\n<li> <em>Nejhor\u0161\u00ed jsou chvilkov\u00e1 st\u011bhov\u00e1n\u00ed <a href=\"https:\/\/moverdb.com\/cs\/international-removals\/\" data-internallinksmanager029f6b8e52c=\"27\" title=\"36 nejlep\u0161\u00edch mezin\u00e1rodn\u00edch st\u011bhovac\u00edch spole\u010dnost\u00ed ve Velk\u00e9 Brit\u00e1nii\">st\u011bhovac\u00ed spole\u010dnost<\/a> v t\u00e9to zemi. B\u011bhem necel\u00fdch osmi let jsem se \u0161estkr\u00e1t st\u011bhoval, tak\u017ee si mysl\u00edm, \u017ee u\u017e jsem v tom zku\u0161en\u00fd.<\/em> p\u0159es <a href=\"http:\/\/www.removalreviews.co.uk\/movers\/momentous-relocation-215#714\" target=\"_blank\" rel=\"noopener\">RemovalReviews.com<\/a><\/li>\n<\/ul>\n<div itemprop=\"review\" itemscope itemtype=\"http:\/\/schema.org\/Review\">\n<span itemprop=\"author\" itemscope=\"\" itemtype=\"http:\/\/schema.org\/Organization\"><span itemprop=\"name\">MoverDB.com<\/span><\/span> Online recenze webov\u00fdch str\u00e1nek pro <span itemprop=\"itemreviewed\" itemscope=\"\" itemtype=\"http:\/\/schema.org\/Brand\"><span itemprop=\"name\">V\u00fdznamn\u00e9 p\u0159em\u00edst\u011bn\u00ed<\/span><\/span>:<\/p>\n<ol>\n<li> Jasn\u00e9 kontaktn\u00ed \u00fadaje na webov\u00fdch str\u00e1nk\u00e1ch (v\u010detn\u011b telefonn\u00edho \u010d\u00edsla): <strong>Ano<\/strong><\/li>\n<li> Snadn\u00e9 z\u00edsk\u00e1n\u00ed <a href=\"https:\/\/moverdb.com\/cs\/citaty\/\">mezin\u00e1rodn\u00ed st\u011bhov\u00e1n\u00ed<\/a>? (Online formul\u00e1\u0159 \u017e\u00e1dosti o odhad): <strong>Ano<\/strong><\/li>\n<li> Jasn\u00e9 informace na webov\u00fdch str\u00e1nk\u00e1ch: <strong>Ano<\/strong>, Webov\u00e9 str\u00e1nky popisuj\u00ed nab\u00edzen\u00e9 slu\u017eby, ale neposkytuj\u00ed mnoho podrobn\u00fdch informac\u00ed.<\/li>\n<li> \u010dlenstv\u00ed v mezin\u00e1rodn\u00edch uzn\u00e1van\u00fdch organizac\u00edch pohybliv\u00fdch aktivit: <strong>Ano<\/strong><\/li>\n<li> Seznam klient\u016f a\/nebo reference p\u0159edchoz\u00edch z\u00e1kazn\u00edk\u016f: <strong>Ano,<\/strong> Existuje n\u011bkolik pozitivn\u00edch referenc\u00ed od klient\u016f, ale \u017e\u00e1dn\u00fd seznam klient\u016f. Spole\u010dnost tak\u00e9 obecn\u011b z\u00edsk\u00e1v\u00e1 p\u0159ev\u00e1\u017en\u011b pozitivn\u00ed recenze na internetu.<\/li>\n<\/ol>\n<div itemprop=\"reviewRating\" itemscope itemtype=\"http:\/\/schema.org\/Rating\"><meta itemprop=\"worstRating\" content = \"0\" \/><meta itemprop=\"bestRating\" content=\"5\" \/><meta itemprop=\"ratingValue\" content=\"4.5\"><\/div>\n<p><strong>Celkov\u00e9 hodnocen\u00ed: 4,5\/5<\/strong><br \/>\n<strong>Datum recenze:<\/strong> <span itemprop=\"datePublished\" content=\"2016-09-23\">23\/09\/16<\/span>\n<\/div>\n<p>V\u00edce o <a href=\"https:\/\/moverdb.com\/cs\/mezinarodni-stehovani\/\">st\u011bhovac\u00ed firmy<\/a> a na\u0161e <a href=\"https:\/\/moverdb.com\/cs\/recenze\/\">proces p\u0159ezkoum\u00e1n\u00ed<\/a>.<\/p>\n<p><strong>Webov\u00e9 str\u00e1nky:<\/strong> <a href=\"http:\/\/www.momentousrelocation.com\/\" target=\"_blank\" rel=\"noopener\">http:\/\/www.momentousrelocation.com<\/a><\/p>","protected":false},"excerpt":{"rendered":"<p>Momentous Relocation is an international removal and relocation specialist company based in London. It offers its clients many services which are listed below, together with a company profile and reviews. Moving Services Pre move survey Shipping and airfreight Destination services Insurance services Domestic moving Fine art shipping Pet moving service Moving home country guides Relocation [&hellip;]<\/p>\n","protected":false},"author":1,"featured_media":0,"parent":0,"menu_order":0,"comment_status":"closed","ping_status":"closed","template":"","meta":{"_genesis_hide_title":false,"_genesis_hide_breadcrumbs":false,"_genesis_hide_singular_image":false,"_genesis_hide_footer_widgets":false,"_genesis_custom_body_class":"","_genesis_custom_post_class":"","_genesis_layout":"","footnotes":""},"class_list":{"0":"post-938","1":"page","2":"type-page","3":"status-publish","5":"entry"},"_links":{"self":[{"href":"https:\/\/moverdb.com\/cs\/wp-json\/wp\/v2\/pages\/938","targetHints":{"allow":["GET"]}}],"collection":[{"href":"https:\/\/moverdb.com\/cs\/wp-json\/wp\/v2\/pages"}],"about":[{"href":"https:\/\/moverdb.com\/cs\/wp-json\/wp\/v2\/types\/page"}],"author":[{"embeddable":true,"href":"https:\/\/moverdb.com\/cs\/wp-json\/wp\/v2\/users\/1"}],"replies":[{"embeddable":true,"href":"https:\/\/moverdb.com\/cs\/wp-json\/wp\/v2\/comments?post=938"}],"version-history":[{"count":6,"href":"https:\/\/moverdb.com\/cs\/wp-json\/wp\/v2\/pages\/938\/revisions"}],"predecessor-version":[{"id":13178,"href":"https:\/\/moverdb.com\/cs\/wp-json\/wp\/v2\/pages\/938\/revisions\/13178"}],"wp:attachment":[{"href":"https:\/\/moverdb.com\/cs\/wp-json\/wp\/v2\/media?parent=938"}],"curies":[{"name":"wp","href":"https:\/\/api.w.org\/{rel}","templated":true}]}}